{"id":3209,"date":"2019-02-03T22:04:01","date_gmt":"2019-02-03T21:04:01","guid":{"rendered":"https:\/\/www.premiumline-cabling.com\/product\/wall-mount-cabinet\/"},"modified":"2019-08-29T16:34:24","modified_gmt":"2019-08-29T13:34:24","slug":"wall-mount-cabinet","status":"publish","type":"product","link":"https:\/\/premiumline-cabling.com\/de\/product\/wall-mount-cabinet\/","title":{"rendered":"Wandschrank"},"content":{"rendered":"<p><noscript><img decoding=\"async\" class=\"wp-image-662 size-full\" src=\"https:\/\/premiumline-cabling.com\/wp-content\/uploads\/2019\/02\/IMG_pl_SIMGLE_SECTION.jpg\" alt width=\"350\" height=\"240\" srcset=\"https:\/\/premiumline-cabling.com\/wp-content\/uploads\/2019\/02\/IMG_pl_SIMGLE_SECTION.jpg 350w, https:\/\/premiumline-cabling.com\/wp-content\/uploads\/2019\/02\/IMG_pl_SIMGLE_SECTION-300x206.jpg 300w\" sizes=\"(max-width: 350px) 100vw, 350px\"><\/noscript><img decoding=\"async\" class=\"wp-image-662 size-full lazyload\" src=\"data:image\/svg+xml,%3Csvg%20xmlns%3D%22http%3A%2F%2Fwww.w3.org%2F2000%2Fsvg%22%20viewBox%3D%220%200%20350%20240%22%3E%3C%2Fsvg%3E\" alt width=\"350\" height=\"240\" srcset=\"data:image\/svg+xml,%3Csvg%20xmlns%3D%22http%3A%2F%2Fwww.w3.org%2F2000%2Fsvg%22%20viewBox%3D%220%200%20350%20240%22%3E%3C%2Fsvg%3E 350w\" sizes=\"(max-width: 350px) 100vw, 350px\" data-srcset=\"https:\/\/premiumline-cabling.com\/wp-content\/uploads\/2019\/02\/IMG_pl_SIMGLE_SECTION.jpg 350w, https:\/\/premiumline-cabling.com\/wp-content\/uploads\/2019\/02\/IMG_pl_SIMGLE_SECTION-300x206.jpg 300w\" data-src=\"https:\/\/premiumline-cabling.com\/wp-content\/uploads\/2019\/02\/IMG_pl_SIMGLE_SECTION.jpg\"><\/p>\n<h2>Sichtglas-Frontt\u00fcre<\/h2>\n<h4>EIGENSCHAFTEN:<\/h4>\n<ul>\n<li>Wandschr\u00e4nke bieten eine \u00f6konomische und kosteneffektive L\u00f6sung<\/li>\n<li>Konform mit ANSI\/EIA RS-310-D, IEC297-2, DIN41491 (Teil1 und 7), DIN4144 Standards<\/li>\n<li>Einfach zu installierende Frontt\u00fcre<\/li>\n<li>Kabeleinf\u00fchrung von oben oder unten<\/li>\n<li>Traglast von max. 60kg<\/li>\n<li>Get\u00f6nte Glasfrontt\u00fcre mit 180\u00b0 \u00d6ffnungswinkel<\/li>\n<li>24 Sets K\u00e4figmuttern (unter 12U: 12 Sets)<\/li>\n<\/ul>\n<h4>BESTELLINFORMATION:<\/h4>\n<table>\n<tbody>\n<tr>\n<td rowspan=\"2\" width=\"110\">Art.Nr.<\/td>\n<td rowspan=\"2\" width=\"79\">\n<p>Gr\u00f6\u00dfe<\/p>\n<p>(U)<\/p><\/td>\n<td width=\"76\">\n<p>Breite<\/p>\n<p>(mm)<\/p><\/td>\n<td width=\"67\">\n<p>Tiefe<\/p>\n<p>(mm)<\/p><\/td>\n<td width=\"66\">\n<p>H\u00f6he<\/p>\n<p>(mm)<\/p><\/td>\n<td rowspan=\"2\" width=\"152\">\n<p>Packma\u00df<\/p>\n<p>B*T*H (mm)<\/p><\/td>\n<\/tr>\n<tr>\n<td colspan=\"3\" width=\"208\">(Au\u00dfenabmessungen)<\/td>\n<\/tr>\n<tr>\n<td width=\"110\">61126406z<\/td>\n<td width=\"79\">6<\/td>\n<td width=\"76\">600<\/td>\n<td width=\"67\">450<\/td>\n<td width=\"66\">370<\/td>\n<td width=\"152\">615*460*385<\/td>\n<\/tr>\n<tr>\n<td width=\"110\">61126409z<\/td>\n<td width=\"79\">9<\/td>\n<td width=\"76\">600<\/td>\n<td width=\"67\">450<\/td>\n<td width=\"66\">500<\/td>\n<td width=\"152\">615*460*515<\/td>\n<\/tr>\n<tr>\n<td width=\"110\">61126412z<\/td>\n<td width=\"79\">12<\/td>\n<td width=\"76\">600<\/td>\n<td width=\"67\">450<\/td>\n<td width=\"66\">635<\/td>\n<td width=\"152\">615*460*650<\/td>\n<\/tr>\n<tr>\n<td width=\"110\">61126415z<\/td>\n<td width=\"79\">15<\/td>\n<td width=\"76\">600<\/td>\n<td width=\"67\">450<\/td>\n<td width=\"66\">770<\/td>\n<td width=\"152\">615*460*785<\/td>\n<\/tr>\n<tr>\n<td width=\"110\">61126418z<\/td>\n<td width=\"79\">18<\/td>\n<td width=\"76\">600<\/td>\n<td width=\"67\">450<\/td>\n<td width=\"66\">905<\/td>\n<td width=\"152\">615*460*920<\/td>\n<\/tr>\n<tr>\n<td width=\"110\">61126422z<\/td>\n<td width=\"79\">22<\/td>\n<td width=\"76\">600<\/td>\n<td width=\"67\">450<\/td>\n<td width=\"66\">1040<\/td>\n<td width=\"152\">615*460*1055<\/td>\n<\/tr>\n<tr>\n<td width=\"110\">61126606z<\/td>\n<td width=\"79\">6<\/td>\n<td width=\"76\">600<\/td>\n<td width=\"67\">600<\/td>\n<td width=\"66\">370<\/td>\n<td width=\"152\">615*615*385<\/td>\n<\/tr>\n<tr>\n<td width=\"110\">61126609z<\/td>\n<td width=\"79\">9<\/td>\n<td width=\"76\">600<\/td>\n<td width=\"67\">600<\/td>\n<td width=\"66\">500<\/td>\n<td width=\"152\">615*615*515<\/td>\n<\/tr>\n<tr>\n<td width=\"110\">61126612z<\/td>\n<td width=\"79\">12<\/td>\n<td width=\"76\">600<\/td>\n<td width=\"67\">600<\/td>\n<td width=\"66\">635<\/td>\n<td width=\"152\">615*615*650<\/td>\n<\/tr>\n<tr>\n<td width=\"110\">61126615z<\/td>\n<td width=\"79\">15<\/td>\n<td width=\"76\">600<\/td>\n<td width=\"67\">600<\/td>\n<td width=\"66\">770<\/td>\n<td width=\"152\">615*615*785<\/td>\n<\/tr>\n<tr>\n<td width=\"110\">61126618z<\/td>\n<td width=\"79\">18<\/td>\n<td width=\"76\">600<\/td>\n<td width=\"67\">600<\/td>\n<td width=\"66\">905<\/td>\n<td width=\"152\">615*615*920<\/td>\n<\/tr>\n<tr>\n<td width=\"110\">61126622z<\/td>\n<td width=\"79\">22<\/td>\n<td width=\"76\">600<\/td>\n<td width=\"67\">600<\/td>\n<td width=\"66\">1040<\/td>\n<td width=\"152\">615*615*1055<\/td>\n<\/tr>\n<\/tbody>\n<\/table>\n<p>z&nbsp; Farbe&nbsp;&nbsp;&nbsp;&nbsp;&nbsp;&nbsp; 2: schwarz (RAL9005)&nbsp;&nbsp; 5: grau (RAL7035)<\/p>\n<p>Die Wandschr\u00e4nke werden vollmontiert geliefert (Flat-Pack auf Anfrage)<\/p>\n<p><noscript><img decoding=\"async\" class=\"wp-image-663 size-full\" src=\"https:\/\/premiumline-cabling.com\/wp-content\/uploads\/2019\/02\/img_PL_Dual-Section.jpg\" alt width=\"350\" height=\"306\" srcset=\"https:\/\/premiumline-cabling.com\/wp-content\/uploads\/2019\/02\/img_PL_Dual-Section.jpg 350w, https:\/\/premiumline-cabling.com\/wp-content\/uploads\/2019\/02\/img_PL_Dual-Section-300x262.jpg 300w\" sizes=\"(max-width: 350px) 100vw, 350px\"><\/noscript><img decoding=\"async\" class=\"wp-image-663 size-full lazyload\" src=\"data:image\/svg+xml,%3Csvg%20xmlns%3D%22http%3A%2F%2Fwww.w3.org%2F2000%2Fsvg%22%20viewBox%3D%220%200%20350%20306%22%3E%3C%2Fsvg%3E\" alt width=\"350\" height=\"306\" srcset=\"data:image\/svg+xml,%3Csvg%20xmlns%3D%22http%3A%2F%2Fwww.w3.org%2F2000%2Fsvg%22%20viewBox%3D%220%200%20350%20306%22%3E%3C%2Fsvg%3E 350w\" sizes=\"(max-width: 350px) 100vw, 350px\" data-srcset=\"https:\/\/premiumline-cabling.com\/wp-content\/uploads\/2019\/02\/img_PL_Dual-Section.jpg 350w, https:\/\/premiumline-cabling.com\/wp-content\/uploads\/2019\/02\/img_PL_Dual-Section-300x262.jpg 300w\" data-src=\"https:\/\/premiumline-cabling.com\/wp-content\/uploads\/2019\/02\/img_PL_Dual-Section.jpg\"><\/p>\n<h2>Zweiteilig Sichtglas-Frontt\u00fcre<\/h2>\n<h4>EIGENSCHAFTEN:<\/h4>\n<ul>\n<li>Wandschr\u00e4nke bieten eine \u00f6konomische und kosteneffektive L\u00f6sung<\/li>\n<li>Konform mit ANSI\/EIA RS-310-D, IEC297-2, DIN41491 (Teil1 und 7), DIN4144 Standards<\/li>\n<li>Kabeleinf\u00fchrung von oben oder unten<\/li>\n<li>Traglast von max. 60kg<\/li>\n<li>Get\u00f6nte Glasfrontt\u00fcre mit 180\u00b0 \u00d6ffnungswinkel<\/li>\n<li>Abnehmbare Seitendeckel f\u00fcr einfachere Installationen<\/li>\n<li>Fixe 100mm Abstand zum hinteren Schwenkrahmen<\/li>\n<li>24 Sets K\u00e4figmuttern (unter 12U: 12 Sets)<\/li>\n<li>Mehr Platz und zus\u00e4tzliche Kabelf\u00fchrungen f\u00fcr besseres Management<\/li>\n<\/ul>\n<h4>BESTELLINFORMATION:<\/h4>\n<table>\n<tbody>\n<tr>\n<td rowspan=\"2\" width=\"110\">Art.Nr.<\/td>\n<td rowspan=\"2\" width=\"79\">\n<p>Gr\u00f6\u00dfe<\/p>\n<p>(U)<\/p><\/td>\n<td width=\"76\">\n<p>Breite<\/p>\n<p>(mm)<\/p><\/td>\n<td width=\"76\">\n<p>Tiefe<\/p>\n<p>(mm)<\/p><\/td>\n<td width=\"66\">\n<p>H\u00f6he<\/p>\n<p>(mm)<\/p><\/td>\n<td rowspan=\"2\" width=\"152\">\n<p>Packma\u00df<\/p>\n<p>B*T*H (mm)<\/p><\/td>\n<\/tr>\n<tr>\n<td colspan=\"3\" width=\"217\">(Au\u00dfenabmessungen)<\/td>\n<\/tr>\n<tr>\n<td width=\"110\">61426406z<\/td>\n<td width=\"79\">6<\/td>\n<td width=\"76\">600<\/td>\n<td width=\"76\">450+100<\/td>\n<td width=\"66\">370<\/td>\n<td width=\"152\">615*565*385<\/td>\n<\/tr>\n<tr>\n<td width=\"110\">61426409z<\/td>\n<td width=\"79\">9<\/td>\n<td width=\"76\">600<\/td>\n<td width=\"76\">450+100<\/td>\n<td width=\"66\">500<\/td>\n<td width=\"152\">615*565*515<\/td>\n<\/tr>\n<tr>\n<td width=\"110\">61426412z<\/td>\n<td width=\"79\">12<\/td>\n<td width=\"76\">600<\/td>\n<td width=\"76\">450+100<\/td>\n<td width=\"66\">635<\/td>\n<td width=\"152\">615*565*650<\/td>\n<\/tr>\n<tr>\n<td width=\"110\">61426415z<\/td>\n<td width=\"79\">15<\/td>\n<td width=\"76\">600<\/td>\n<td width=\"76\">450+100<\/td>\n<td width=\"66\">770<\/td>\n<td width=\"152\">615*565*785<\/td>\n<\/tr>\n<tr>\n<td width=\"110\">61426418z<\/td>\n<td width=\"79\">18<\/td>\n<td width=\"76\">600<\/td>\n<td width=\"76\">450+100<\/td>\n<td width=\"66\">900<\/td>\n<td width=\"152\">615*565*915<\/td>\n<\/tr>\n<tr>\n<td width=\"110\">61426422z<\/td>\n<td width=\"79\">22<\/td>\n<td width=\"76\">600<\/td>\n<td width=\"76\">450+100<\/td>\n<td width=\"66\">1080<\/td>\n<td width=\"152\">615*565*1095<\/td>\n<\/tr>\n<tr>\n<td width=\"110\">61426506z<\/td>\n<td width=\"79\">6<\/td>\n<td width=\"76\">600<\/td>\n<td width=\"76\">500+100<\/td>\n<td width=\"66\">370<\/td>\n<td width=\"152\">615*615*385<\/td>\n<\/tr>\n<tr>\n<td width=\"110\">61426509z<\/td>\n<td width=\"79\">9<\/td>\n<td width=\"76\">600<\/td>\n<td width=\"76\">500+100<\/td>\n<td width=\"66\">500<\/td>\n<td width=\"152\">615*615*515<\/td>\n<\/tr>\n<tr>\n<td width=\"110\">61426512z<\/td>\n<td width=\"79\">12<\/td>\n<td width=\"76\">600<\/td>\n<td width=\"76\">500+100<\/td>\n<td width=\"66\">635<\/td>\n<td width=\"152\">615*615*650<\/td>\n<\/tr>\n<tr>\n<td width=\"110\">61426515z<\/td>\n<td width=\"79\">15<\/td>\n<td width=\"76\">600<\/td>\n<td width=\"76\">500+100<\/td>\n<td width=\"66\">770<\/td>\n<td width=\"152\">615*615*785<\/td>\n<\/tr>\n<tr>\n<td width=\"110\">61426518z<\/td>\n<td width=\"79\">18<\/td>\n<td width=\"76\">600<\/td>\n<td width=\"76\">500+100<\/td>\n<td width=\"66\">900<\/td>\n<td width=\"152\">615*615*915<\/td>\n<\/tr>\n<tr>\n<td width=\"110\">61426522z<\/td>\n<td width=\"79\">22<\/td>\n<td width=\"76\">600<\/td>\n<td width=\"76\">500+100<\/td>\n<td width=\"66\">1080<\/td>\n<td width=\"152\">615*615*1095<\/td>\n<\/tr>\n<\/tbody>\n<\/table>\n<p>&nbsp;<\/p>\n<p><strong>Farbzusatz bei der Bestellnummer:<\/strong><\/p>\n<p>y&nbsp; Farbe&nbsp;&nbsp;&nbsp;&nbsp;&nbsp;&nbsp; 2: schwarz (RAL9005)&nbsp;&nbsp; 5: grau (RAL7035)<\/p>\n<p>Die Wandschr\u00e4nke werden vollmontiert geliefert (Flat-Pack auf Anfrage)<\/p>\n","protected":false},"featured_media":663,"template":"","product_category":[162],"class_list":["post-3209","product","type-product","status-publish","has-post-thumbnail","hentry","product_category-cabinets-de"],"yoast_head":"<!-- This site is optimized with the Yoast SEO plugin v27.4 - https:\/\/yoast.com\/product\/yoast-seo-wordpress\/ -->\n<title>Premium-Line Wall Mount Cabinet<\/title>\n<meta name=\"description\" content=\"Features: cable entry from top and bottom; nop cover ready for cooling fan installation; 60 kg static loading capacity. Read more!\" \/>\n<meta name=\"robots\" content=\"index, follow, max-snippet:-1, max-image-preview:large, max-video-preview:-1\" \/>\n<link rel=\"canonical\" href=\"https:\/\/premiumline-cabling.com\/de\/product\/wall-mount-cabinet\/\" \/>\n<meta property=\"og:locale\" content=\"de_DE\" \/>\n<meta property=\"og:type\" content=\"article\" \/>\n<meta property=\"og:title\" content=\"Premium-Line Wall Mount Cabinet\" \/>\n<meta property=\"og:description\" content=\"Features: cable entry from top and bottom; nop cover ready for cooling fan installation; 60 kg static loading capacity. Read more!\" \/>\n<meta property=\"og:url\" content=\"https:\/\/premiumline-cabling.com\/de\/product\/wall-mount-cabinet\/\" \/>\n<meta property=\"og:site_name\" content=\"Premium-Line\" \/>\n<meta property=\"article:modified_time\" content=\"2019-08-29T13:34:24+00:00\" \/>\n<meta property=\"og:image\" content=\"https:\/\/premiumline-cabling.com\/wp-content\/uploads\/2019\/02\/img_PL_Dual-Section.jpg\" \/>\n\t<meta property=\"og:image:width\" content=\"350\" \/>\n\t<meta property=\"og:image:height\" content=\"306\" \/>\n\t<meta property=\"og:image:type\" content=\"image\/jpeg\" \/>\n<meta name=\"twitter:card\" content=\"summary_large_image\" \/>\n<meta name=\"twitter:label1\" content=\"Gesch\u00e4tzte Lesezeit\" \/>\n\t<meta name=\"twitter:data1\" content=\"1\u00a0Minute\" \/>\n<script type=\"application\/ld+json\" class=\"yoast-schema-graph\">{\"@context\":\"https:\\\/\\\/schema.org\",\"@graph\":[{\"@type\":\"WebPage\",\"@id\":\"https:\\\/\\\/premiumline-cabling.com\\\/de\\\/product\\\/wall-mount-cabinet\\\/\",\"url\":\"https:\\\/\\\/premiumline-cabling.com\\\/de\\\/product\\\/wall-mount-cabinet\\\/\",\"name\":\"Premium-Line Wall Mount Cabinet\",\"isPartOf\":{\"@id\":\"https:\\\/\\\/premiumline-cabling.com\\\/#website\"},\"primaryImageOfPage\":{\"@id\":\"https:\\\/\\\/premiumline-cabling.com\\\/de\\\/product\\\/wall-mount-cabinet\\\/#primaryimage\"},\"image\":{\"@id\":\"https:\\\/\\\/premiumline-cabling.com\\\/de\\\/product\\\/wall-mount-cabinet\\\/#primaryimage\"},\"thumbnailUrl\":\"https:\\\/\\\/premiumline-cabling.com\\\/wp-content\\\/uploads\\\/2019\\\/02\\\/img_PL_Dual-Section.jpg\",\"datePublished\":\"2019-02-03T21:04:01+00:00\",\"dateModified\":\"2019-08-29T13:34:24+00:00\",\"description\":\"Features: cable entry from top and bottom; nop cover ready for cooling fan installation; 60 kg static loading capacity. Read more!\",\"breadcrumb\":{\"@id\":\"https:\\\/\\\/premiumline-cabling.com\\\/de\\\/product\\\/wall-mount-cabinet\\\/#breadcrumb\"},\"inLanguage\":\"de\",\"potentialAction\":[{\"@type\":\"ReadAction\",\"target\":[\"https:\\\/\\\/premiumline-cabling.com\\\/de\\\/product\\\/wall-mount-cabinet\\\/\"]}]},{\"@type\":\"ImageObject\",\"inLanguage\":\"de\",\"@id\":\"https:\\\/\\\/premiumline-cabling.com\\\/de\\\/product\\\/wall-mount-cabinet\\\/#primaryimage\",\"url\":\"https:\\\/\\\/premiumline-cabling.com\\\/wp-content\\\/uploads\\\/2019\\\/02\\\/img_PL_Dual-Section.jpg\",\"contentUrl\":\"https:\\\/\\\/premiumline-cabling.com\\\/wp-content\\\/uploads\\\/2019\\\/02\\\/img_PL_Dual-Section.jpg\",\"width\":350,\"height\":306},{\"@type\":\"BreadcrumbList\",\"@id\":\"https:\\\/\\\/premiumline-cabling.com\\\/de\\\/product\\\/wall-mount-cabinet\\\/#breadcrumb\",\"itemListElement\":[{\"@type\":\"ListItem\",\"position\":1,\"name\":\"\u0413\u043b\u0430\u0432\u043d\u0430\u044f \u0441\u0442\u0440\u0430\u043d\u0438\u0446\u0430\",\"item\":\"https:\\\/\\\/premiumline-cabling.com\\\/de\\\/\"},{\"@type\":\"ListItem\",\"position\":2,\"name\":\"Wandschrank\"}]},{\"@type\":\"WebSite\",\"@id\":\"https:\\\/\\\/premiumline-cabling.com\\\/#website\",\"url\":\"https:\\\/\\\/premiumline-cabling.com\\\/\",\"name\":\"Premium-Line\",\"description\":\"Structured Cabling System\",\"publisher\":{\"@id\":\"https:\\\/\\\/premiumline-cabling.com\\\/#organization\"},\"potentialAction\":[{\"@type\":\"SearchAction\",\"target\":{\"@type\":\"EntryPoint\",\"urlTemplate\":\"https:\\\/\\\/premiumline-cabling.com\\\/?s={search_term_string}\"},\"query-input\":{\"@type\":\"PropertyValueSpecification\",\"valueRequired\":true,\"valueName\":\"search_term_string\"}}],\"inLanguage\":\"de\"},{\"@type\":\"Organization\",\"@id\":\"https:\\\/\\\/premiumline-cabling.com\\\/#organization\",\"name\":\"Premium-Line\",\"url\":\"https:\\\/\\\/premiumline-cabling.com\\\/\",\"logo\":{\"@type\":\"ImageObject\",\"inLanguage\":\"de\",\"@id\":\"https:\\\/\\\/premiumline-cabling.com\\\/#\\\/schema\\\/logo\\\/image\\\/\",\"url\":\"https:\\\/\\\/premiumline-cabling.com\\\/wp-content\\\/uploads\\\/2019\\\/04\\\/cropped-img_logo_site_Premium-Line.png\",\"contentUrl\":\"https:\\\/\\\/premiumline-cabling.com\\\/wp-content\\\/uploads\\\/2019\\\/04\\\/cropped-img_logo_site_Premium-Line.png\",\"width\":190,\"height\":62,\"caption\":\"Premium-Line\"},\"image\":{\"@id\":\"https:\\\/\\\/premiumline-cabling.com\\\/#\\\/schema\\\/logo\\\/image\\\/\"}}]}<\/script>\n<!-- \/ Yoast SEO plugin. -->","yoast_head_json":{"title":"Premium-Line Wall Mount Cabinet","description":"Features: cable entry from top and bottom; nop cover ready for cooling fan installation; 60 kg static loading capacity. Read more!","robots":{"index":"index","follow":"follow","max-snippet":"max-snippet:-1","max-image-preview":"max-image-preview:large","max-video-preview":"max-video-preview:-1"},"canonical":"https:\/\/premiumline-cabling.com\/de\/product\/wall-mount-cabinet\/","og_locale":"de_DE","og_type":"article","og_title":"Premium-Line Wall Mount Cabinet","og_description":"Features: cable entry from top and bottom; nop cover ready for cooling fan installation; 60 kg static loading capacity. Read more!","og_url":"https:\/\/premiumline-cabling.com\/de\/product\/wall-mount-cabinet\/","og_site_name":"Premium-Line","article_modified_time":"2019-08-29T13:34:24+00:00","og_image":[{"width":350,"height":306,"url":"https:\/\/premiumline-cabling.com\/wp-content\/uploads\/2019\/02\/img_PL_Dual-Section.jpg","type":"image\/jpeg"}],"twitter_card":"summary_large_image","twitter_misc":{"Gesch\u00e4tzte Lesezeit":"1\u00a0Minute"},"schema":{"@context":"https:\/\/schema.org","@graph":[{"@type":"WebPage","@id":"https:\/\/premiumline-cabling.com\/de\/product\/wall-mount-cabinet\/","url":"https:\/\/premiumline-cabling.com\/de\/product\/wall-mount-cabinet\/","name":"Premium-Line Wall Mount Cabinet","isPartOf":{"@id":"https:\/\/premiumline-cabling.com\/#website"},"primaryImageOfPage":{"@id":"https:\/\/premiumline-cabling.com\/de\/product\/wall-mount-cabinet\/#primaryimage"},"image":{"@id":"https:\/\/premiumline-cabling.com\/de\/product\/wall-mount-cabinet\/#primaryimage"},"thumbnailUrl":"https:\/\/premiumline-cabling.com\/wp-content\/uploads\/2019\/02\/img_PL_Dual-Section.jpg","datePublished":"2019-02-03T21:04:01+00:00","dateModified":"2019-08-29T13:34:24+00:00","description":"Features: cable entry from top and bottom; nop cover ready for cooling fan installation; 60 kg static loading capacity. Read more!","breadcrumb":{"@id":"https:\/\/premiumline-cabling.com\/de\/product\/wall-mount-cabinet\/#breadcrumb"},"inLanguage":"de","potentialAction":[{"@type":"ReadAction","target":["https:\/\/premiumline-cabling.com\/de\/product\/wall-mount-cabinet\/"]}]},{"@type":"ImageObject","inLanguage":"de","@id":"https:\/\/premiumline-cabling.com\/de\/product\/wall-mount-cabinet\/#primaryimage","url":"https:\/\/premiumline-cabling.com\/wp-content\/uploads\/2019\/02\/img_PL_Dual-Section.jpg","contentUrl":"https:\/\/premiumline-cabling.com\/wp-content\/uploads\/2019\/02\/img_PL_Dual-Section.jpg","width":350,"height":306},{"@type":"BreadcrumbList","@id":"https:\/\/premiumline-cabling.com\/de\/product\/wall-mount-cabinet\/#breadcrumb","itemListElement":[{"@type":"ListItem","position":1,"name":"\u0413\u043b\u0430\u0432\u043d\u0430\u044f \u0441\u0442\u0440\u0430\u043d\u0438\u0446\u0430","item":"https:\/\/premiumline-cabling.com\/de\/"},{"@type":"ListItem","position":2,"name":"Wandschrank"}]},{"@type":"WebSite","@id":"https:\/\/premiumline-cabling.com\/#website","url":"https:\/\/premiumline-cabling.com\/","name":"Premium-Line","description":"Structured Cabling System","publisher":{"@id":"https:\/\/premiumline-cabling.com\/#organization"},"potentialAction":[{"@type":"SearchAction","target":{"@type":"EntryPoint","urlTemplate":"https:\/\/premiumline-cabling.com\/?s={search_term_string}"},"query-input":{"@type":"PropertyValueSpecification","valueRequired":true,"valueName":"search_term_string"}}],"inLanguage":"de"},{"@type":"Organization","@id":"https:\/\/premiumline-cabling.com\/#organization","name":"Premium-Line","url":"https:\/\/premiumline-cabling.com\/","logo":{"@type":"ImageObject","inLanguage":"de","@id":"https:\/\/premiumline-cabling.com\/#\/schema\/logo\/image\/","url":"https:\/\/premiumline-cabling.com\/wp-content\/uploads\/2019\/04\/cropped-img_logo_site_Premium-Line.png","contentUrl":"https:\/\/premiumline-cabling.com\/wp-content\/uploads\/2019\/04\/cropped-img_logo_site_Premium-Line.png","width":190,"height":62,"caption":"Premium-Line"},"image":{"@id":"https:\/\/premiumline-cabling.com\/#\/schema\/logo\/image\/"}}]}},"_links":{"self":[{"href":"https:\/\/premiumline-cabling.com\/de\/wp-json\/wp\/v2\/product\/3209","targetHints":{"allow":["GET"]}}],"collection":[{"href":"https:\/\/premiumline-cabling.com\/de\/wp-json\/wp\/v2\/product"}],"about":[{"href":"https:\/\/premiumline-cabling.com\/de\/wp-json\/wp\/v2\/types\/product"}],"wp:featuredmedia":[{"embeddable":true,"href":"https:\/\/premiumline-cabling.com\/de\/wp-json\/wp\/v2\/media\/663"}],"wp:attachment":[{"href":"https:\/\/premiumline-cabling.com\/de\/wp-json\/wp\/v2\/media?parent=3209"}],"wp:term":[{"taxonomy":"product_category","embeddable":true,"href":"https:\/\/premiumline-cabling.com\/de\/wp-json\/wp\/v2\/product_category?post=3209"}],"curies":[{"name":"wp","href":"https:\/\/api.w.org\/{rel}","templated":true}]}}