{"id":3194,"date":"2019-02-03T21:46:19","date_gmt":"2019-02-03T20:46:19","guid":{"rendered":"https:\/\/www.premiumline-cabling.com\/product\/aisle-containmenet-system\/"},"modified":"2019-08-29T14:07:59","modified_gmt":"2019-08-29T11:07:59","slug":"aisle-containmenet-system","status":"publish","type":"product","link":"https:\/\/premiumline-cabling.com\/de\/product\/aisle-containmenet-system\/","title":{"rendered":"Gangeinhausung"},"content":{"rendered":"<h4>EIGENSCHAFTEN:<\/h4>\n<ul>\n<li>Das Gangeinhausungssystem ist eine modulare, reihenbasierende W\u00e4rmeschutzl\u00f6sung die in Datenzentren die kalte und warme Luft von und zu den Ger\u00e4ten reguliert. Sie regelt den Luftstrom und erh\u00f6ht die K\u00fchlungseffizienz. Das senkt die laufenden Kosten.<\/li>\n<li>Die meisten Teile des Gangeinhausungssystemes sind modular. Sie sind schnell aufgebaut und stehen auch k\u00fcnftigen \u00c4nderungen der Serverlandschaft nicht im Wege. \u00c4ndert sich ihre Ger\u00e4tschaft, \u00e4ndern sie das Einhausungssystem mit.<\/li>\n<li>Das Gangeinhausungssystem ist ausgelegt f\u00fcr die <a href=\"https:\/\/premiumline-cabling.com\/de\/product\/enhanced-network-server-cabinet\/\">Premium Line Professionelle Netzwerk Serverschr\u00e4nke<\/a> (Art.Nr. 61586xyy2 oder 61588xyy2).<\/li>\n<li>H\u00e4ndische Dual-T\u00fcren oder Schiebet\u00fcren stehen als Option zur Verf\u00fcgung.<\/li>\n<li>Designed und gebaut um hohe Sicherheitsstandards in Computerr\u00e4umen und Co-Location-Datenzentren zu gew\u00e4hrleisten.<\/li>\n<\/ul>\n<p><noscript><img decoding=\"async\" class=\"alignnone size-full wp-image-657\" src=\"https:\/\/premiumline-cabling.com\/wp-content\/uploads\/2019\/02\/PL_img_Aisle-Containmenet-System.jpg\" alt width=\"245\" height=\"234\"><\/noscript><img decoding=\"async\" class=\"alignnone size-full wp-image-657 lazyload\" src=\"data:image\/svg+xml,%3Csvg%20xmlns%3D%22http%3A%2F%2Fwww.w3.org%2F2000%2Fsvg%22%20viewBox%3D%220%200%20245%20234%22%3E%3C%2Fsvg%3E\" alt width=\"245\" height=\"234\" data-src=\"https:\/\/premiumline-cabling.com\/wp-content\/uploads\/2019\/02\/PL_img_Aisle-Containmenet-System.jpg\"> <a href=\"https:\/\/premiumline-cabling.com\/wp-content\/uploads\/2019\/02\/PL_img_Aisle-Containmenet-System-2.jpg\"><noscript><img decoding=\"async\" class=\"alignnone wp-image-658 size-medium\" src=\"https:\/\/premiumline-cabling.com\/wp-content\/uploads\/2019\/02\/PL_img_Aisle-Containmenet-System-2-300x222.jpg\" alt width=\"300\" height=\"222\" srcset=\"https:\/\/premiumline-cabling.com\/wp-content\/uploads\/2019\/02\/PL_img_Aisle-Containmenet-System-2-300x222.jpg 300w, https:\/\/premiumline-cabling.com\/wp-content\/uploads\/2019\/02\/PL_img_Aisle-Containmenet-System-2.jpg 325w\" sizes=\"(max-width: 300px) 100vw, 300px\"><\/noscript><img decoding=\"async\" class=\"alignnone wp-image-658 size-medium lazyload\" src=\"data:image\/svg+xml,%3Csvg%20xmlns%3D%22http%3A%2F%2Fwww.w3.org%2F2000%2Fsvg%22%20viewBox%3D%220%200%20300%20222%22%3E%3C%2Fsvg%3E\" alt width=\"300\" height=\"222\" srcset=\"data:image\/svg+xml,%3Csvg%20xmlns%3D%22http%3A%2F%2Fwww.w3.org%2F2000%2Fsvg%22%20viewBox%3D%220%200%20300%20222%22%3E%3C%2Fsvg%3E 300w\" sizes=\"(max-width: 300px) 100vw, 300px\" data-srcset=\"https:\/\/premiumline-cabling.com\/wp-content\/uploads\/2019\/02\/PL_img_Aisle-Containmenet-System-2-300x222.jpg 300w, https:\/\/premiumline-cabling.com\/wp-content\/uploads\/2019\/02\/PL_img_Aisle-Containmenet-System-2.jpg 325w\" data-src=\"https:\/\/premiumline-cabling.com\/wp-content\/uploads\/2019\/02\/PL_img_Aisle-Containmenet-System-2-300x222.jpg\"><\/a><\/p>\n<h4>GANGT\u00dcREN:<\/h4>\n<table>\n<tbody>\n<tr>\n<td width=\"136\"><strong>Art.Nr.<\/strong><\/td>\n<td width=\"473\"><strong>Beschreibung<\/strong><\/td>\n<\/tr>\n<tr>\n<td width=\"136\">619291002<\/td>\n<td width=\"473\">\n<p>Breite x H\u00f6he: 47.2\u201c (1200mm) x 86.6\u201c (2200mm)&nbsp; mechanische Dual-T\u00fcre<\/p>\n<p>Material: 4mm Sicherheitsglas<\/p><\/td>\n<\/tr>\n<tr>\n<td width=\"136\">619191002<\/td>\n<td width=\"473\">\n<p>Breite x H\u00f6he: 47.2\u201c (1200mm) x 86.6\u201c (2200mm)&nbsp; Dual-Schiebet\u00fcre<\/p>\n<p>Material: 4mm Sicherheitsglas<\/p><\/td>\n<\/tr>\n<\/tbody>\n<\/table>\n<p><strong><em>Hinweis:<\/em><\/strong><em> andere Abmessungen sind verf\u00fcgbar je nach Gangbreite<\/em><\/p>\n<p>&nbsp;<\/p>\n<h4>OBERE GANGABDECKUNG:<\/h4>\n<p><noscript><img decoding=\"async\" class=\"alignnone size-medium wp-image-659\" src=\"https:\/\/premiumline-cabling.com\/wp-content\/uploads\/2019\/02\/PL_img_Aisle-Containmenet-System_draft-300x273.jpg\" alt width=\"300\" height=\"273\" srcset=\"https:\/\/premiumline-cabling.com\/wp-content\/uploads\/2019\/02\/PL_img_Aisle-Containmenet-System_draft-300x273.jpg 300w, https:\/\/premiumline-cabling.com\/wp-content\/uploads\/2019\/02\/PL_img_Aisle-Containmenet-System_draft.jpg 324w\" sizes=\"(max-width: 300px) 100vw, 300px\"><\/noscript><img decoding=\"async\" class=\"alignnone size-medium wp-image-659 lazyload\" src=\"data:image\/svg+xml,%3Csvg%20xmlns%3D%22http%3A%2F%2Fwww.w3.org%2F2000%2Fsvg%22%20viewBox%3D%220%200%20300%20273%22%3E%3C%2Fsvg%3E\" alt width=\"300\" height=\"273\" srcset=\"data:image\/svg+xml,%3Csvg%20xmlns%3D%22http%3A%2F%2Fwww.w3.org%2F2000%2Fsvg%22%20viewBox%3D%220%200%20300%20273%22%3E%3C%2Fsvg%3E 300w\" sizes=\"(max-width: 300px) 100vw, 300px\" data-srcset=\"https:\/\/premiumline-cabling.com\/wp-content\/uploads\/2019\/02\/PL_img_Aisle-Containmenet-System_draft-300x273.jpg 300w, https:\/\/premiumline-cabling.com\/wp-content\/uploads\/2019\/02\/PL_img_Aisle-Containmenet-System_draft.jpg 324w\" data-src=\"https:\/\/premiumline-cabling.com\/wp-content\/uploads\/2019\/02\/PL_img_Aisle-Containmenet-System_draft-300x273.jpg\"><\/p>\n<table>\n<tbody>\n<tr>\n<td width=\"136\"><strong>Art.Nr.<\/strong><\/td>\n<td width=\"473\"><strong>Beschreibung<\/strong><\/td>\n<\/tr>\n<tr>\n<td width=\"136\">619360002<\/td>\n<td width=\"473\">Breite: 600mm fixes Dach&nbsp;&nbsp;&nbsp;&nbsp;&nbsp; Material: 4mm Sicherheitsglas<\/td>\n<\/tr>\n<tr>\n<td width=\"136\">619380002<\/td>\n<td width=\"473\">Breite: 800mm fixes Dach&nbsp;&nbsp;&nbsp;&nbsp;&nbsp; Material: 4mm Sicherheitsglas<\/td>\n<\/tr>\n<\/tbody>\n<\/table>\n<p>&nbsp;<\/p>\n","protected":false},"featured_media":8235,"template":"","product_category":[162],"class_list":["post-3194","product","type-product","status-publish","has-post-thumbnail","hentry","product_category-cabinets-de"],"yoast_head":"<!-- This site is optimized with the Yoast SEO plugin v27.2 - https:\/\/yoast.com\/product\/yoast-seo-wordpress\/ -->\n<title>Premium-Line Aisle Containmenet System<\/title>\n<meta name=\"description\" content=\"The Aisle Containment System is a modular row-based thermal containment solution, which separates cold and hot datacenter air streams to and from equipment.\" \/>\n<meta name=\"robots\" content=\"index, follow, max-snippet:-1, max-image-preview:large, max-video-preview:-1\" \/>\n<link rel=\"canonical\" href=\"https:\/\/premiumline-cabling.com\/de\/product\/aisle-containmenet-system\/\" \/>\n<meta property=\"og:locale\" content=\"de_DE\" \/>\n<meta property=\"og:type\" content=\"article\" \/>\n<meta property=\"og:title\" content=\"Premium-Line Aisle Containmenet System\" \/>\n<meta property=\"og:description\" content=\"The Aisle Containment System is a modular row-based thermal containment solution, which separates cold and hot datacenter air streams to and from equipment.\" \/>\n<meta property=\"og:url\" content=\"https:\/\/premiumline-cabling.com\/de\/product\/aisle-containmenet-system\/\" \/>\n<meta property=\"og:site_name\" content=\"Premium-Line\" \/>\n<meta property=\"article:modified_time\" content=\"2019-08-29T11:07:59+00:00\" \/>\n<meta property=\"og:image\" content=\"https:\/\/premiumline-cabling.com\/wp-content\/uploads\/2019\/02\/PL_img_Aisle-Containmenet-System.jpg\" \/>\n<meta name=\"twitter:card\" content=\"summary_large_image\" \/>\n<meta name=\"twitter:label1\" content=\"Gesch\u00e4tzte Lesezeit\" \/>\n\t<meta name=\"twitter:data1\" content=\"1\u00a0Minute\" \/>\n<script type=\"application\/ld+json\" class=\"yoast-schema-graph\">{\"@context\":\"https:\/\/schema.org\",\"@graph\":[{\"@type\":\"WebPage\",\"@id\":\"https:\/\/premiumline-cabling.com\/de\/product\/aisle-containmenet-system\/\",\"url\":\"https:\/\/premiumline-cabling.com\/de\/product\/aisle-containmenet-system\/\",\"name\":\"Premium-Line Aisle Containmenet System\",\"isPartOf\":{\"@id\":\"https:\/\/premiumline-cabling.com\/#website\"},\"primaryImageOfPage\":{\"@id\":\"https:\/\/premiumline-cabling.com\/de\/product\/aisle-containmenet-system\/#primaryimage\"},\"image\":{\"@id\":\"https:\/\/premiumline-cabling.com\/de\/product\/aisle-containmenet-system\/#primaryimage\"},\"thumbnailUrl\":\"https:\/\/premiumline-cabling.com\/wp-content\/uploads\/2019\/02\/PL_img_Aisle-Containmenet-System1.jpg\",\"datePublished\":\"2019-02-03T20:46:19+00:00\",\"dateModified\":\"2019-08-29T11:07:59+00:00\",\"description\":\"The Aisle Containment System is a modular row-based thermal containment solution, which separates cold and hot datacenter air streams to and from equipment.\",\"breadcrumb\":{\"@id\":\"https:\/\/premiumline-cabling.com\/de\/product\/aisle-containmenet-system\/#breadcrumb\"},\"inLanguage\":\"de\",\"potentialAction\":[{\"@type\":\"ReadAction\",\"target\":[\"https:\/\/premiumline-cabling.com\/de\/product\/aisle-containmenet-system\/\"]}]},{\"@type\":\"ImageObject\",\"inLanguage\":\"de\",\"@id\":\"https:\/\/premiumline-cabling.com\/de\/product\/aisle-containmenet-system\/#primaryimage\",\"url\":\"https:\/\/premiumline-cabling.com\/wp-content\/uploads\/2019\/02\/PL_img_Aisle-Containmenet-System1.jpg\",\"contentUrl\":\"https:\/\/premiumline-cabling.com\/wp-content\/uploads\/2019\/02\/PL_img_Aisle-Containmenet-System1.jpg\",\"width\":283,\"height\":220},{\"@type\":\"BreadcrumbList\",\"@id\":\"https:\/\/premiumline-cabling.com\/de\/product\/aisle-containmenet-system\/#breadcrumb\",\"itemListElement\":[{\"@type\":\"ListItem\",\"position\":1,\"name\":\"\u0413\u043b\u0430\u0432\u043d\u0430\u044f \u0441\u0442\u0440\u0430\u043d\u0438\u0446\u0430\",\"item\":\"https:\/\/premiumline-cabling.com\/de\/\"},{\"@type\":\"ListItem\",\"position\":2,\"name\":\"Gangeinhausung\"}]},{\"@type\":\"WebSite\",\"@id\":\"https:\/\/premiumline-cabling.com\/#website\",\"url\":\"https:\/\/premiumline-cabling.com\/\",\"name\":\"Premium-Line\",\"description\":\"Structured Cabling System\",\"publisher\":{\"@id\":\"https:\/\/premiumline-cabling.com\/#organization\"},\"potentialAction\":[{\"@type\":\"SearchAction\",\"target\":{\"@type\":\"EntryPoint\",\"urlTemplate\":\"https:\/\/premiumline-cabling.com\/?s={search_term_string}\"},\"query-input\":{\"@type\":\"PropertyValueSpecification\",\"valueRequired\":true,\"valueName\":\"search_term_string\"}}],\"inLanguage\":\"de\"},{\"@type\":\"Organization\",\"@id\":\"https:\/\/premiumline-cabling.com\/#organization\",\"name\":\"Premium-Line\",\"url\":\"https:\/\/premiumline-cabling.com\/\",\"logo\":{\"@type\":\"ImageObject\",\"inLanguage\":\"de\",\"@id\":\"https:\/\/premiumline-cabling.com\/#\/schema\/logo\/image\/\",\"url\":\"https:\/\/premiumline-cabling.com\/wp-content\/uploads\/2019\/04\/cropped-img_logo_site_Premium-Line.png\",\"contentUrl\":\"https:\/\/premiumline-cabling.com\/wp-content\/uploads\/2019\/04\/cropped-img_logo_site_Premium-Line.png\",\"width\":190,\"height\":62,\"caption\":\"Premium-Line\"},\"image\":{\"@id\":\"https:\/\/premiumline-cabling.com\/#\/schema\/logo\/image\/\"}}]}<\/script>\n<!-- \/ Yoast SEO plugin. -->","yoast_head_json":{"title":"Premium-Line Aisle Containmenet System","description":"The Aisle Containment System is a modular row-based thermal containment solution, which separates cold and hot datacenter air streams to and from equipment.","robots":{"index":"index","follow":"follow","max-snippet":"max-snippet:-1","max-image-preview":"max-image-preview:large","max-video-preview":"max-video-preview:-1"},"canonical":"https:\/\/premiumline-cabling.com\/de\/product\/aisle-containmenet-system\/","og_locale":"de_DE","og_type":"article","og_title":"Premium-Line Aisle Containmenet System","og_description":"The Aisle Containment System is a modular row-based thermal containment solution, which separates cold and hot datacenter air streams to and from equipment.","og_url":"https:\/\/premiumline-cabling.com\/de\/product\/aisle-containmenet-system\/","og_site_name":"Premium-Line","article_modified_time":"2019-08-29T11:07:59+00:00","og_image":[{"url":"https:\/\/premiumline-cabling.com\/wp-content\/uploads\/2019\/02\/PL_img_Aisle-Containmenet-System.jpg","type":"","width":"","height":""}],"twitter_card":"summary_large_image","twitter_misc":{"Gesch\u00e4tzte Lesezeit":"1\u00a0Minute"},"schema":{"@context":"https:\/\/schema.org","@graph":[{"@type":"WebPage","@id":"https:\/\/premiumline-cabling.com\/de\/product\/aisle-containmenet-system\/","url":"https:\/\/premiumline-cabling.com\/de\/product\/aisle-containmenet-system\/","name":"Premium-Line Aisle Containmenet System","isPartOf":{"@id":"https:\/\/premiumline-cabling.com\/#website"},"primaryImageOfPage":{"@id":"https:\/\/premiumline-cabling.com\/de\/product\/aisle-containmenet-system\/#primaryimage"},"image":{"@id":"https:\/\/premiumline-cabling.com\/de\/product\/aisle-containmenet-system\/#primaryimage"},"thumbnailUrl":"https:\/\/premiumline-cabling.com\/wp-content\/uploads\/2019\/02\/PL_img_Aisle-Containmenet-System1.jpg","datePublished":"2019-02-03T20:46:19+00:00","dateModified":"2019-08-29T11:07:59+00:00","description":"The Aisle Containment System is a modular row-based thermal containment solution, which separates cold and hot datacenter air streams to and from equipment.","breadcrumb":{"@id":"https:\/\/premiumline-cabling.com\/de\/product\/aisle-containmenet-system\/#breadcrumb"},"inLanguage":"de","potentialAction":[{"@type":"ReadAction","target":["https:\/\/premiumline-cabling.com\/de\/product\/aisle-containmenet-system\/"]}]},{"@type":"ImageObject","inLanguage":"de","@id":"https:\/\/premiumline-cabling.com\/de\/product\/aisle-containmenet-system\/#primaryimage","url":"https:\/\/premiumline-cabling.com\/wp-content\/uploads\/2019\/02\/PL_img_Aisle-Containmenet-System1.jpg","contentUrl":"https:\/\/premiumline-cabling.com\/wp-content\/uploads\/2019\/02\/PL_img_Aisle-Containmenet-System1.jpg","width":283,"height":220},{"@type":"BreadcrumbList","@id":"https:\/\/premiumline-cabling.com\/de\/product\/aisle-containmenet-system\/#breadcrumb","itemListElement":[{"@type":"ListItem","position":1,"name":"\u0413\u043b\u0430\u0432\u043d\u0430\u044f \u0441\u0442\u0440\u0430\u043d\u0438\u0446\u0430","item":"https:\/\/premiumline-cabling.com\/de\/"},{"@type":"ListItem","position":2,"name":"Gangeinhausung"}]},{"@type":"WebSite","@id":"https:\/\/premiumline-cabling.com\/#website","url":"https:\/\/premiumline-cabling.com\/","name":"Premium-Line","description":"Structured Cabling System","publisher":{"@id":"https:\/\/premiumline-cabling.com\/#organization"},"potentialAction":[{"@type":"SearchAction","target":{"@type":"EntryPoint","urlTemplate":"https:\/\/premiumline-cabling.com\/?s={search_term_string}"},"query-input":{"@type":"PropertyValueSpecification","valueRequired":true,"valueName":"search_term_string"}}],"inLanguage":"de"},{"@type":"Organization","@id":"https:\/\/premiumline-cabling.com\/#organization","name":"Premium-Line","url":"https:\/\/premiumline-cabling.com\/","logo":{"@type":"ImageObject","inLanguage":"de","@id":"https:\/\/premiumline-cabling.com\/#\/schema\/logo\/image\/","url":"https:\/\/premiumline-cabling.com\/wp-content\/uploads\/2019\/04\/cropped-img_logo_site_Premium-Line.png","contentUrl":"https:\/\/premiumline-cabling.com\/wp-content\/uploads\/2019\/04\/cropped-img_logo_site_Premium-Line.png","width":190,"height":62,"caption":"Premium-Line"},"image":{"@id":"https:\/\/premiumline-cabling.com\/#\/schema\/logo\/image\/"}}]}},"_links":{"self":[{"href":"https:\/\/premiumline-cabling.com\/de\/wp-json\/wp\/v2\/product\/3194","targetHints":{"allow":["GET"]}}],"collection":[{"href":"https:\/\/premiumline-cabling.com\/de\/wp-json\/wp\/v2\/product"}],"about":[{"href":"https:\/\/premiumline-cabling.com\/de\/wp-json\/wp\/v2\/types\/product"}],"wp:featuredmedia":[{"embeddable":true,"href":"https:\/\/premiumline-cabling.com\/de\/wp-json\/wp\/v2\/media\/8235"}],"wp:attachment":[{"href":"https:\/\/premiumline-cabling.com\/de\/wp-json\/wp\/v2\/media?parent=3194"}],"wp:term":[{"taxonomy":"product_category","embeddable":true,"href":"https:\/\/premiumline-cabling.com\/de\/wp-json\/wp\/v2\/product_category?post=3194"}],"curies":[{"name":"wp","href":"https:\/\/api.w.org\/{rel}","templated":true}]}}