{"id":3189,"date":"2019-02-03T21:31:39","date_gmt":"2019-02-03T20:31:39","guid":{"rendered":"https:\/\/www.premiumline-cabling.com\/product\/network-server-cabinet\/"},"modified":"2019-08-29T13:43:41","modified_gmt":"2019-08-29T10:43:41","slug":"network-server-cabinet","status":"publish","type":"product","link":"https:\/\/premiumline-cabling.com\/de\/product\/network-server-cabinet\/","title":{"rendered":"Netzwerk Serverschr\u00e4nke"},"content":{"rendered":"<p><a href=\"https:\/\/premiumline-cabling.com\/wp-content\/uploads\/2019\/02\/PL_img_network-server-cabinet-1_08_cbb6a681ac.jpg\"><noscript><img decoding=\"async\" class=\"wp-image-652 size-medium\" src=\"https:\/\/premiumline-cabling.com\/wp-content\/uploads\/2019\/02\/PL_img_network-server-cabinet-1_08_cbb6a681ac-119x300.jpg\" alt width=\"119\" height=\"300\" srcset=\"https:\/\/premiumline-cabling.com\/wp-content\/uploads\/2019\/02\/PL_img_network-server-cabinet-1_08_cbb6a681ac-119x300.jpg 119w, https:\/\/premiumline-cabling.com\/wp-content\/uploads\/2019\/02\/PL_img_network-server-cabinet-1_08_cbb6a681ac.jpg 198w\" sizes=\"(max-width: 119px) 100vw, 119px\"><\/noscript><img decoding=\"async\" class=\"wp-image-652 size-medium lazyload\" src=\"data:image\/svg+xml,%3Csvg%20xmlns%3D%22http%3A%2F%2Fwww.w3.org%2F2000%2Fsvg%22%20viewBox%3D%220%200%20119%20300%22%3E%3C%2Fsvg%3E\" alt width=\"119\" height=\"300\" srcset=\"data:image\/svg+xml,%3Csvg%20xmlns%3D%22http%3A%2F%2Fwww.w3.org%2F2000%2Fsvg%22%20viewBox%3D%220%200%20119%20300%22%3E%3C%2Fsvg%3E 119w\" sizes=\"(max-width: 119px) 100vw, 119px\" data-srcset=\"https:\/\/premiumline-cabling.com\/wp-content\/uploads\/2019\/02\/PL_img_network-server-cabinet-1_08_cbb6a681ac-119x300.jpg 119w, https:\/\/premiumline-cabling.com\/wp-content\/uploads\/2019\/02\/PL_img_network-server-cabinet-1_08_cbb6a681ac.jpg 198w\" data-src=\"https:\/\/premiumline-cabling.com\/wp-content\/uploads\/2019\/02\/PL_img_network-server-cabinet-1_08_cbb6a681ac-119x300.jpg\"><\/a><\/p>\n<h4>EIGENSCHAFTEN:<\/h4>\n<ul>\n<li>Entspricht den Standards ANSI\/EIA RS-310-D, IEC297-2, DIN41491 Part 1+7 und DIN4144<\/li>\n<li>Verst\u00e4rkt durch vier Eckschienen zur besseren Stabilit\u00e4t<\/li>\n<li>Kabeleinf\u00fchrung von oben oder unten<\/li>\n<li>Abnehmbare Seitenw\u00e4nde zur einfacheren Wartung oder Installation<\/li>\n<li>Beinhaltet 4 St\u00fcck verstellbare M12-F\u00fc\u00dfe und 4 St\u00fcck 2\u201c-Schwerlastrollen<\/li>\n<li>Inklusive 40 Sets K\u00e4figmuttern (M6) (\u2264 32U: 20 Sets)<\/li>\n<li>3-Punkt Schwenkhebelverschlu\u00df inkl. Profil-Halbzylinder<\/li>\n<li>Ein Paar vertikales Kabelmanagement ist bei 800mm tiefen Schr\u00e4nken inkludiert<\/li>\n<li>Belastbarkeit bis max. 800kg<\/li>\n<li>Geh\u00e4rtetes Glas oder perforierte Frontt\u00fcre ist auf Anfrage erh\u00e4ltlich<\/li>\n<li>Optionale L\u00fcfter ab 800mm tiefe Schr\u00e4nke k\u00f6nnen bereits vormontiert werden (4 L\u00fcfter mit 2m Stromkabel)<\/li>\n<li>Standard S-Typ vertikale Verst\u00e4rkungsschienen<\/li>\n<\/ul>\n<h4>MATERIAL:<\/h4>\n<ul>\n<li>Rahmen: SPCC kalt gewalzter Stahl<\/li>\n<li>Andere Bauteile: SPCC kalt gewalzter Stahl<\/li>\n<li>Dicke:\n<ul>\n<li>Rahmen und vertikale St\u00fctzschienen: 2.0mm<\/li>\n<li>Horizontale Winkel: 1.5mm, Seitenw\u00e4nde: 1.2mm<\/li>\n<li>Andere Bauteile: 1.2mm<\/li>\n<\/ul>\n<\/li>\n<li>Farbe:\n<ul>\n<li>RAL9005<\/li>\n<li>RAL7035<\/li>\n<\/ul>\n<\/li>\n<\/ul>\n<h4>AUFBAU:<\/h4>\n<p><noscript><img decoding=\"async\" class=\"wp-image-3192 size-medium alignleft\" src=\"https:\/\/premiumline-cabling.com\/wp-content\/uploads\/2019\/02\/AUFBAU-220x300.jpg\" alt width=\"220\" height=\"300\" srcset=\"https:\/\/premiumline-cabling.com\/wp-content\/uploads\/2019\/02\/AUFBAU-220x300.jpg 220w, https:\/\/premiumline-cabling.com\/wp-content\/uploads\/2019\/02\/AUFBAU.jpg 548w\" sizes=\"(max-width: 220px) 100vw, 220px\"><\/noscript><img decoding=\"async\" class=\"wp-image-3192 size-medium alignleft lazyload\" src=\"data:image\/svg+xml,%3Csvg%20xmlns%3D%22http%3A%2F%2Fwww.w3.org%2F2000%2Fsvg%22%20viewBox%3D%220%200%20220%20300%22%3E%3C%2Fsvg%3E\" alt width=\"220\" height=\"300\" srcset=\"data:image\/svg+xml,%3Csvg%20xmlns%3D%22http%3A%2F%2Fwww.w3.org%2F2000%2Fsvg%22%20viewBox%3D%220%200%20220%20300%22%3E%3C%2Fsvg%3E 220w\" sizes=\"(max-width: 220px) 100vw, 220px\" data-srcset=\"https:\/\/premiumline-cabling.com\/wp-content\/uploads\/2019\/02\/AUFBAU-220x300.jpg 220w, https:\/\/premiumline-cabling.com\/wp-content\/uploads\/2019\/02\/AUFBAU.jpg 548w\" data-src=\"https:\/\/premiumline-cabling.com\/wp-content\/uploads\/2019\/02\/AUFBAU-220x300.jpg\"><\/p>\n<table>\n<tbody>\n<tr>\n<td width=\"39\">Nr.<\/td>\n<td width=\"197\">Beschreibung<\/td>\n<td width=\"57\">St\u00fcck<\/td>\n<\/tr>\n<tr>\n<td width=\"39\">1<\/td>\n<td width=\"197\">Deckel<\/td>\n<td width=\"57\">1<\/td>\n<\/tr>\n<tr>\n<td width=\"39\">2<\/td>\n<td width=\"197\">Bodenplatte<\/td>\n<td width=\"57\">1<\/td>\n<\/tr>\n<tr>\n<td width=\"39\">3<\/td>\n<td width=\"197\">T\u00fcrrahmen<\/td>\n<td width=\"57\">2<\/td>\n<\/tr>\n<tr>\n<td width=\"39\">4<\/td>\n<td width=\"197\">Vordere T\u00fcre<\/td>\n<td width=\"57\">1<\/td>\n<\/tr>\n<tr>\n<td width=\"39\">5<\/td>\n<td width=\"197\">Hintere T\u00fcre<\/td>\n<td width=\"57\">1<\/td>\n<\/tr>\n<tr>\n<td width=\"39\">6<\/td>\n<td width=\"197\">Seitenteile<\/td>\n<td width=\"57\">2<\/td>\n<\/tr>\n<tr>\n<td width=\"39\">7<\/td>\n<td width=\"197\">Horizontale Verst\u00e4rkung*<\/td>\n<td width=\"57\">6<\/td>\n<\/tr>\n<tr>\n<td width=\"39\">8<\/td>\n<td width=\"197\">Vertikale 19\u201c-Schiene<\/td>\n<td width=\"57\">4<\/td>\n<\/tr>\n<tr>\n<td width=\"39\">11<\/td>\n<td width=\"197\">Rollen (2x mit Bremse)<\/td>\n<td width=\"57\">4<\/td>\n<\/tr>\n<tr>\n<td width=\"39\">12<\/td>\n<td width=\"197\">H\u00f6henverstellbare F\u00fc\u00dfe<\/td>\n<td width=\"57\">4<\/td>\n<\/tr>\n<\/tbody>\n<\/table>\n<p><noscript><img decoding=\"async\" class=\"size-full wp-image-3191 aligncenter\" src=\"https:\/\/premiumline-cabling.com\/wp-content\/uploads\/2019\/02\/OPTIONALE-T-REN.jpg\" alt width=\"595\" height=\"329\" srcset=\"https:\/\/premiumline-cabling.com\/wp-content\/uploads\/2019\/02\/OPTIONALE-T-REN.jpg 595w, https:\/\/premiumline-cabling.com\/wp-content\/uploads\/2019\/02\/OPTIONALE-T-REN-300x166.jpg 300w\" sizes=\"(max-width: 595px) 100vw, 595px\"><\/noscript><img decoding=\"async\" class=\"size-full wp-image-3191 aligncenter lazyload\" src=\"data:image\/svg+xml,%3Csvg%20xmlns%3D%22http%3A%2F%2Fwww.w3.org%2F2000%2Fsvg%22%20viewBox%3D%220%200%20595%20329%22%3E%3C%2Fsvg%3E\" alt width=\"595\" height=\"329\" srcset=\"data:image\/svg+xml,%3Csvg%20xmlns%3D%22http%3A%2F%2Fwww.w3.org%2F2000%2Fsvg%22%20viewBox%3D%220%200%20595%20329%22%3E%3C%2Fsvg%3E 595w\" sizes=\"(max-width: 595px) 100vw, 595px\" data-srcset=\"https:\/\/premiumline-cabling.com\/wp-content\/uploads\/2019\/02\/OPTIONALE-T-REN.jpg 595w, https:\/\/premiumline-cabling.com\/wp-content\/uploads\/2019\/02\/OPTIONALE-T-REN-300x166.jpg 300w\" data-src=\"https:\/\/premiumline-cabling.com\/wp-content\/uploads\/2019\/02\/OPTIONALE-T-REN.jpg\"><\/p>\n<h4>BESTELLINFORMATION:<\/h4>\n<h3><span style=\"color: #a13737;\"><u>Open more information (click on the &#8220;+&#8221; sign below)<\/u><\/span><\/h3>\n","protected":false},"featured_media":8207,"template":"","product_category":[162],"class_list":["post-3189","product","type-product","status-publish","has-post-thumbnail","hentry","product_category-cabinets-de"],"yoast_head":"<!-- This site is optimized with the Yoast SEO plugin v27.2 - https:\/\/yoast.com\/product\/yoast-seo-wordpress\/ -->\n<title>Premium-Line Network Server Cabinet<\/title>\n<meta name=\"description\" content=\"Features: connected by four corner to ensure the stability; cable entry from the top cover and bottom panel; emovable side doors for easy installation and maintenance. Read more!\" \/>\n<meta name=\"robots\" content=\"index, follow, max-snippet:-1, max-image-preview:large, max-video-preview:-1\" \/>\n<link rel=\"canonical\" href=\"https:\/\/premiumline-cabling.com\/de\/product\/network-server-cabinet\/\" \/>\n<meta property=\"og:locale\" content=\"de_DE\" \/>\n<meta property=\"og:type\" content=\"article\" \/>\n<meta property=\"og:title\" content=\"Premium-Line Network Server Cabinet\" \/>\n<meta property=\"og:description\" content=\"Features: connected by four corner to ensure the stability; cable entry from the top cover and bottom panel; emovable side doors for easy installation and maintenance. Read more!\" \/>\n<meta property=\"og:url\" content=\"https:\/\/premiumline-cabling.com\/de\/product\/network-server-cabinet\/\" \/>\n<meta property=\"og:site_name\" content=\"Premium-Line\" \/>\n<meta property=\"article:modified_time\" content=\"2019-08-29T10:43:41+00:00\" \/>\n<meta property=\"og:image\" content=\"https:\/\/premiumline-cabling.com\/wp-content\/uploads\/2019\/02\/PL_img_Network-Server-Cabinet.jpg\" \/>\n\t<meta property=\"og:image:width\" content=\"283\" \/>\n\t<meta property=\"og:image:height\" content=\"220\" \/>\n\t<meta property=\"og:image:type\" content=\"image\/jpeg\" \/>\n<meta name=\"twitter:card\" content=\"summary_large_image\" \/>\n<meta name=\"twitter:label1\" content=\"Gesch\u00e4tzte Lesezeit\" \/>\n\t<meta name=\"twitter:data1\" content=\"1\u00a0Minute\" \/>\n<script type=\"application\/ld+json\" class=\"yoast-schema-graph\">{\"@context\":\"https:\/\/schema.org\",\"@graph\":[{\"@type\":\"WebPage\",\"@id\":\"https:\/\/premiumline-cabling.com\/de\/product\/network-server-cabinet\/\",\"url\":\"https:\/\/premiumline-cabling.com\/de\/product\/network-server-cabinet\/\",\"name\":\"Premium-Line Network Server Cabinet\",\"isPartOf\":{\"@id\":\"https:\/\/premiumline-cabling.com\/#website\"},\"primaryImageOfPage\":{\"@id\":\"https:\/\/premiumline-cabling.com\/de\/product\/network-server-cabinet\/#primaryimage\"},\"image\":{\"@id\":\"https:\/\/premiumline-cabling.com\/de\/product\/network-server-cabinet\/#primaryimage\"},\"thumbnailUrl\":\"https:\/\/premiumline-cabling.com\/wp-content\/uploads\/2019\/02\/PL_img_Network-Server-Cabinet.jpg\",\"datePublished\":\"2019-02-03T20:31:39+00:00\",\"dateModified\":\"2019-08-29T10:43:41+00:00\",\"description\":\"Features: connected by four corner to ensure the stability; cable entry from the top cover and bottom panel; emovable side doors for easy installation and maintenance. Read more!\",\"breadcrumb\":{\"@id\":\"https:\/\/premiumline-cabling.com\/de\/product\/network-server-cabinet\/#breadcrumb\"},\"inLanguage\":\"de\",\"potentialAction\":[{\"@type\":\"ReadAction\",\"target\":[\"https:\/\/premiumline-cabling.com\/de\/product\/network-server-cabinet\/\"]}]},{\"@type\":\"ImageObject\",\"inLanguage\":\"de\",\"@id\":\"https:\/\/premiumline-cabling.com\/de\/product\/network-server-cabinet\/#primaryimage\",\"url\":\"https:\/\/premiumline-cabling.com\/wp-content\/uploads\/2019\/02\/PL_img_Network-Server-Cabinet.jpg\",\"contentUrl\":\"https:\/\/premiumline-cabling.com\/wp-content\/uploads\/2019\/02\/PL_img_Network-Server-Cabinet.jpg\",\"width\":283,\"height\":220},{\"@type\":\"BreadcrumbList\",\"@id\":\"https:\/\/premiumline-cabling.com\/de\/product\/network-server-cabinet\/#breadcrumb\",\"itemListElement\":[{\"@type\":\"ListItem\",\"position\":1,\"name\":\"\u0413\u043b\u0430\u0432\u043d\u0430\u044f \u0441\u0442\u0440\u0430\u043d\u0438\u0446\u0430\",\"item\":\"https:\/\/premiumline-cabling.com\/de\/\"},{\"@type\":\"ListItem\",\"position\":2,\"name\":\"Netzwerk Serverschr\u00e4nke\"}]},{\"@type\":\"WebSite\",\"@id\":\"https:\/\/premiumline-cabling.com\/#website\",\"url\":\"https:\/\/premiumline-cabling.com\/\",\"name\":\"Premium-Line\",\"description\":\"Structured Cabling System\",\"publisher\":{\"@id\":\"https:\/\/premiumline-cabling.com\/#organization\"},\"potentialAction\":[{\"@type\":\"SearchAction\",\"target\":{\"@type\":\"EntryPoint\",\"urlTemplate\":\"https:\/\/premiumline-cabling.com\/?s={search_term_string}\"},\"query-input\":{\"@type\":\"PropertyValueSpecification\",\"valueRequired\":true,\"valueName\":\"search_term_string\"}}],\"inLanguage\":\"de\"},{\"@type\":\"Organization\",\"@id\":\"https:\/\/premiumline-cabling.com\/#organization\",\"name\":\"Premium-Line\",\"url\":\"https:\/\/premiumline-cabling.com\/\",\"logo\":{\"@type\":\"ImageObject\",\"inLanguage\":\"de\",\"@id\":\"https:\/\/premiumline-cabling.com\/#\/schema\/logo\/image\/\",\"url\":\"https:\/\/premiumline-cabling.com\/wp-content\/uploads\/2019\/04\/cropped-img_logo_site_Premium-Line.png\",\"contentUrl\":\"https:\/\/premiumline-cabling.com\/wp-content\/uploads\/2019\/04\/cropped-img_logo_site_Premium-Line.png\",\"width\":190,\"height\":62,\"caption\":\"Premium-Line\"},\"image\":{\"@id\":\"https:\/\/premiumline-cabling.com\/#\/schema\/logo\/image\/\"}}]}<\/script>\n<!-- \/ Yoast SEO plugin. -->","yoast_head_json":{"title":"Premium-Line Network Server Cabinet","description":"Features: connected by four corner to ensure the stability; cable entry from the top cover and bottom panel; emovable side doors for easy installation and maintenance. Read more!","robots":{"index":"index","follow":"follow","max-snippet":"max-snippet:-1","max-image-preview":"max-image-preview:large","max-video-preview":"max-video-preview:-1"},"canonical":"https:\/\/premiumline-cabling.com\/de\/product\/network-server-cabinet\/","og_locale":"de_DE","og_type":"article","og_title":"Premium-Line Network Server Cabinet","og_description":"Features: connected by four corner to ensure the stability; cable entry from the top cover and bottom panel; emovable side doors for easy installation and maintenance. Read more!","og_url":"https:\/\/premiumline-cabling.com\/de\/product\/network-server-cabinet\/","og_site_name":"Premium-Line","article_modified_time":"2019-08-29T10:43:41+00:00","og_image":[{"width":283,"height":220,"url":"https:\/\/premiumline-cabling.com\/wp-content\/uploads\/2019\/02\/PL_img_Network-Server-Cabinet.jpg","type":"image\/jpeg"}],"twitter_card":"summary_large_image","twitter_misc":{"Gesch\u00e4tzte Lesezeit":"1\u00a0Minute"},"schema":{"@context":"https:\/\/schema.org","@graph":[{"@type":"WebPage","@id":"https:\/\/premiumline-cabling.com\/de\/product\/network-server-cabinet\/","url":"https:\/\/premiumline-cabling.com\/de\/product\/network-server-cabinet\/","name":"Premium-Line Network Server Cabinet","isPartOf":{"@id":"https:\/\/premiumline-cabling.com\/#website"},"primaryImageOfPage":{"@id":"https:\/\/premiumline-cabling.com\/de\/product\/network-server-cabinet\/#primaryimage"},"image":{"@id":"https:\/\/premiumline-cabling.com\/de\/product\/network-server-cabinet\/#primaryimage"},"thumbnailUrl":"https:\/\/premiumline-cabling.com\/wp-content\/uploads\/2019\/02\/PL_img_Network-Server-Cabinet.jpg","datePublished":"2019-02-03T20:31:39+00:00","dateModified":"2019-08-29T10:43:41+00:00","description":"Features: connected by four corner to ensure the stability; cable entry from the top cover and bottom panel; emovable side doors for easy installation and maintenance. Read more!","breadcrumb":{"@id":"https:\/\/premiumline-cabling.com\/de\/product\/network-server-cabinet\/#breadcrumb"},"inLanguage":"de","potentialAction":[{"@type":"ReadAction","target":["https:\/\/premiumline-cabling.com\/de\/product\/network-server-cabinet\/"]}]},{"@type":"ImageObject","inLanguage":"de","@id":"https:\/\/premiumline-cabling.com\/de\/product\/network-server-cabinet\/#primaryimage","url":"https:\/\/premiumline-cabling.com\/wp-content\/uploads\/2019\/02\/PL_img_Network-Server-Cabinet.jpg","contentUrl":"https:\/\/premiumline-cabling.com\/wp-content\/uploads\/2019\/02\/PL_img_Network-Server-Cabinet.jpg","width":283,"height":220},{"@type":"BreadcrumbList","@id":"https:\/\/premiumline-cabling.com\/de\/product\/network-server-cabinet\/#breadcrumb","itemListElement":[{"@type":"ListItem","position":1,"name":"\u0413\u043b\u0430\u0432\u043d\u0430\u044f \u0441\u0442\u0440\u0430\u043d\u0438\u0446\u0430","item":"https:\/\/premiumline-cabling.com\/de\/"},{"@type":"ListItem","position":2,"name":"Netzwerk Serverschr\u00e4nke"}]},{"@type":"WebSite","@id":"https:\/\/premiumline-cabling.com\/#website","url":"https:\/\/premiumline-cabling.com\/","name":"Premium-Line","description":"Structured Cabling System","publisher":{"@id":"https:\/\/premiumline-cabling.com\/#organization"},"potentialAction":[{"@type":"SearchAction","target":{"@type":"EntryPoint","urlTemplate":"https:\/\/premiumline-cabling.com\/?s={search_term_string}"},"query-input":{"@type":"PropertyValueSpecification","valueRequired":true,"valueName":"search_term_string"}}],"inLanguage":"de"},{"@type":"Organization","@id":"https:\/\/premiumline-cabling.com\/#organization","name":"Premium-Line","url":"https:\/\/premiumline-cabling.com\/","logo":{"@type":"ImageObject","inLanguage":"de","@id":"https:\/\/premiumline-cabling.com\/#\/schema\/logo\/image\/","url":"https:\/\/premiumline-cabling.com\/wp-content\/uploads\/2019\/04\/cropped-img_logo_site_Premium-Line.png","contentUrl":"https:\/\/premiumline-cabling.com\/wp-content\/uploads\/2019\/04\/cropped-img_logo_site_Premium-Line.png","width":190,"height":62,"caption":"Premium-Line"},"image":{"@id":"https:\/\/premiumline-cabling.com\/#\/schema\/logo\/image\/"}}]}},"_links":{"self":[{"href":"https:\/\/premiumline-cabling.com\/de\/wp-json\/wp\/v2\/product\/3189","targetHints":{"allow":["GET"]}}],"collection":[{"href":"https:\/\/premiumline-cabling.com\/de\/wp-json\/wp\/v2\/product"}],"about":[{"href":"https:\/\/premiumline-cabling.com\/de\/wp-json\/wp\/v2\/types\/product"}],"wp:featuredmedia":[{"embeddable":true,"href":"https:\/\/premiumline-cabling.com\/de\/wp-json\/wp\/v2\/media\/8207"}],"wp:attachment":[{"href":"https:\/\/premiumline-cabling.com\/de\/wp-json\/wp\/v2\/media?parent=3189"}],"wp:term":[{"taxonomy":"product_category","embeddable":true,"href":"https:\/\/premiumline-cabling.com\/de\/wp-json\/wp\/v2\/product_category?post=3189"}],"curies":[{"name":"wp","href":"https:\/\/api.w.org\/{rel}","templated":true}]}}