{"id":3186,"date":"2019-05-07T16:52:27","date_gmt":"2019-05-07T15:52:27","guid":{"rendered":"https:\/\/www.premiumline-cabling.com\/product\/enhanced-network-server-cabinet\/"},"modified":"2019-08-29T12:44:25","modified_gmt":"2019-08-29T09:44:25","slug":"enhanced-network-server-cabinet","status":"publish","type":"product","link":"https:\/\/premiumline-cabling.com\/de\/product\/enhanced-network-server-cabinet\/","title":{"rendered":"Professionelle Netzwerkserverschr\u00e4nke"},"content":{"rendered":"<h4>EIGENSCHAFTEN:<\/h4>\n<ul>\n<li>Entspricht den Standards ANSI\/EIA RS-310-D, IEC297-2, DIN41491 Part 1+7 und DIN4144<\/li>\n<li>Verst\u00e4rkt durch vier Eckschienen zur besseren Stabilit\u00e4t<\/li>\n<li>Gebogene, perforierte Frontt\u00fcre und perforierte Dual-Hintert\u00fcre erm\u00f6glichen eine Zirkulationsrate von 78%<\/li>\n<li>Jede Seitenwand besteht aus zwei abnehmbarenTeilen zur einfacheren Wartung oder Installation<\/li>\n<li>Belastbarkeit bis max. 1500kg<\/li>\n<li>U-f\u00f6rmige Profilschienen zur besseren Stabilit\u00e4t<\/li>\n<li>Beinhaltet 4 St\u00fcck verstellbare M12-F\u00fc\u00dfe und 4 St\u00fcck Schwerlastrollen<\/li>\n<li>Inklusive 40 Sets K\u00e4figmuttern (M6)<\/li>\n<li>Optionale L\u00fcfter ab 800mm tiefe Schr\u00e4nke k\u00f6nnen bereits vormontiert werden (6 L\u00fcfter mit 2m Stromkabel)<\/li>\n<\/ul>\n<p><noscript><img decoding=\"async\" class=\"size-full wp-image-2133 aligncenter\" src=\"https:\/\/premiumline-cabling.com\/wp-content\/uploads\/2019\/05\/Enhanced-rack-1.jpg\" alt width=\"620\" height=\"436\" srcset=\"https:\/\/premiumline-cabling.com\/wp-content\/uploads\/2019\/05\/Enhanced-rack-1.jpg 620w, https:\/\/premiumline-cabling.com\/wp-content\/uploads\/2019\/05\/Enhanced-rack-1-300x211.jpg 300w\" sizes=\"(max-width: 620px) 100vw, 620px\"><\/noscript><img decoding=\"async\" class=\"size-full wp-image-2133 aligncenter lazyload\" src=\"data:image\/svg+xml,%3Csvg%20xmlns%3D%22http%3A%2F%2Fwww.w3.org%2F2000%2Fsvg%22%20viewBox%3D%220%200%20620%20436%22%3E%3C%2Fsvg%3E\" alt width=\"620\" height=\"436\" srcset=\"data:image\/svg+xml,%3Csvg%20xmlns%3D%22http%3A%2F%2Fwww.w3.org%2F2000%2Fsvg%22%20viewBox%3D%220%200%20620%20436%22%3E%3C%2Fsvg%3E 620w\" sizes=\"(max-width: 620px) 100vw, 620px\" data-srcset=\"https:\/\/premiumline-cabling.com\/wp-content\/uploads\/2019\/05\/Enhanced-rack-1.jpg 620w, https:\/\/premiumline-cabling.com\/wp-content\/uploads\/2019\/05\/Enhanced-rack-1-300x211.jpg 300w\" data-src=\"https:\/\/premiumline-cabling.com\/wp-content\/uploads\/2019\/05\/Enhanced-rack-1.jpg\"><\/p>\n<h4><strong>MATERIAL:<\/strong><\/h4>\n<ul>\n<li>Rahmen: SPCC kalt gewalzter Stahl<\/li>\n<li>Andere Bauteile: SPCC kalt gewalzter Stahl<\/li>\n<li>Dicke:\n<ul>\n<li>Rahmen und vertikale St\u00fctzschienen: 2.0mm<\/li>\n<li>Horizontale Winkel: 2mm, Seitenw\u00e4nde: 1.2mm<\/li>\n<li>Andere Bauteile: 1.5mm<\/li>\n<\/ul>\n<\/li>\n<\/ul>\n<h4>AUFBAU:<\/h4>\n<p><noscript><img decoding=\"async\" class=\"size-full wp-image-2134 alignleft\" src=\"https:\/\/premiumline-cabling.com\/wp-content\/uploads\/2019\/05\/Enhanced-rack-2.jpg\" alt width=\"490\" height=\"575\" srcset=\"https:\/\/premiumline-cabling.com\/wp-content\/uploads\/2019\/05\/Enhanced-rack-2.jpg 490w, https:\/\/premiumline-cabling.com\/wp-content\/uploads\/2019\/05\/Enhanced-rack-2-256x300.jpg 256w\" sizes=\"(max-width: 490px) 100vw, 490px\"><\/noscript><img decoding=\"async\" class=\"size-full wp-image-2134 alignleft lazyload\" src=\"data:image\/svg+xml,%3Csvg%20xmlns%3D%22http%3A%2F%2Fwww.w3.org%2F2000%2Fsvg%22%20viewBox%3D%220%200%20490%20575%22%3E%3C%2Fsvg%3E\" alt width=\"490\" height=\"575\" srcset=\"data:image\/svg+xml,%3Csvg%20xmlns%3D%22http%3A%2F%2Fwww.w3.org%2F2000%2Fsvg%22%20viewBox%3D%220%200%20490%20575%22%3E%3C%2Fsvg%3E 490w\" sizes=\"(max-width: 490px) 100vw, 490px\" data-srcset=\"https:\/\/premiumline-cabling.com\/wp-content\/uploads\/2019\/05\/Enhanced-rack-2.jpg 490w, https:\/\/premiumline-cabling.com\/wp-content\/uploads\/2019\/05\/Enhanced-rack-2-256x300.jpg 256w\" data-src=\"https:\/\/premiumline-cabling.com\/wp-content\/uploads\/2019\/05\/Enhanced-rack-2.jpg\"><\/p>\n<table style=\"height: 336px;\">\n<tbody>\n<tr style=\"height: 24px;\">\n<td style=\"height: 24px; width: 43px;\" width=\"39\">Nr.<\/td>\n<td style=\"height: 24px; width: 207px;\" width=\"197\">Beschreibung<\/td>\n<td style=\"height: 24px; width: 55px;\" width=\"57\">St\u00fcck<\/td>\n<\/tr>\n<tr style=\"height: 24px;\">\n<td style=\"height: 24px; width: 43px;\" width=\"39\">1<\/td>\n<td style=\"height: 24px; width: 207px;\" width=\"197\">Vordert\u00fcre<\/td>\n<td style=\"height: 24px; width: 55px;\" width=\"57\">1<\/td>\n<\/tr>\n<tr style=\"height: 24px;\">\n<td style=\"height: 24px; width: 43px;\" width=\"39\">2<\/td>\n<td style=\"height: 24px; width: 207px;\" width=\"197\">Hintert\u00fcre<\/td>\n<td style=\"height: 24px; width: 55px;\" width=\"57\">2<\/td>\n<\/tr>\n<tr style=\"height: 24px;\">\n<td style=\"height: 24px; width: 43px;\" width=\"39\">3<\/td>\n<td style=\"height: 24px; width: 207px;\" width=\"197\">Deckel<\/td>\n<td style=\"height: 24px; width: 55px;\" width=\"57\">1<\/td>\n<\/tr>\n<tr style=\"height: 24px;\">\n<td style=\"height: 24px; width: 43px;\" width=\"39\">4<\/td>\n<td style=\"height: 24px; width: 207px;\" width=\"197\">Seitenpanel<\/td>\n<td style=\"height: 24px; width: 55px;\" width=\"57\">4<\/td>\n<\/tr>\n<tr style=\"height: 24px;\">\n<td style=\"height: 24px; width: 43px;\" width=\"39\">5<\/td>\n<td style=\"height: 24px; width: 207px;\" width=\"197\">Vertikale 19\u201c-Schiene<\/td>\n<td style=\"height: 24px; width: 55px;\" width=\"57\">4<\/td>\n<\/tr>\n<tr style=\"height: 24px;\">\n<td style=\"height: 24px; width: 43px;\" width=\"39\">6<\/td>\n<td style=\"height: 24px; width: 207px;\" width=\"197\">Horizontale Verst\u00e4rkung<\/td>\n<td style=\"height: 24px; width: 55px;\" width=\"57\">6<\/td>\n<\/tr>\n<tr style=\"height: 24px;\">\n<td style=\"height: 24px; width: 43px;\" width=\"39\">7<\/td>\n<td style=\"height: 24px; width: 207px;\" width=\"197\">Kabelf\u00fchrungsschiene<\/td>\n<td style=\"height: 24px; width: 55px;\" width=\"57\">2<\/td>\n<\/tr>\n<tr style=\"height: 24px;\">\n<td style=\"height: 24px; width: 43px;\" width=\"39\">8<\/td>\n<td style=\"height: 24px; width: 207px;\" width=\"197\">T\u00fcrrahmen<\/td>\n<td style=\"height: 24px; width: 55px;\" width=\"57\">2<\/td>\n<\/tr>\n<tr style=\"height: 24px;\">\n<td style=\"height: 24px; width: 43px;\" width=\"39\">9<\/td>\n<td style=\"height: 24px; width: 207px;\" width=\"197\">Einstellf\u00fc\u00dfe<\/td>\n<td style=\"height: 24px; width: 55px;\" width=\"57\">4<\/td>\n<\/tr>\n<tr style=\"height: 96px;\">\n<td style=\"height: 63px; width: 43px;\" width=\"39\">10<\/td>\n<td style=\"height: 63px; width: 207px;\" width=\"197\">\n<p>2\u201c Schwerlastrollen<\/p>\n<p>(mit Bremse)<\/p><\/td>\n<td style=\"height: 63px; width: 55px;\" width=\"57\">4<\/td>\n<\/tr>\n<\/tbody>\n<\/table>\n<h4>BESTELLINFORMATION:<\/h4>\n<p>&nbsp;<\/p>\n<table width=\"501\">\n<tbody>\n<tr>\n<td rowspan=\"2\" width=\"110\">Art.Nr.<\/td>\n<td rowspan=\"2\" width=\"61\">\n<p>Gr\u00f6\u00dfe<\/p>\n<p>(U)<\/p><\/td>\n<td width=\"76\">\n<p>Breite<\/p>\n<p>(mm)<\/p><\/td>\n<td width=\"67\">\n<p>Tiefe<\/p>\n<p>(mm)<\/p><\/td>\n<td width=\"66\">\n<p>H\u00f6he<\/p>\n<p>(mm)<\/p><\/td>\n<td rowspan=\"2\" width=\"123\">\n<p>Packma\u00df<\/p>\n<p>B*T*H (mm)<\/p><\/td>\n<\/tr>\n<tr>\n<td colspan=\"3\" width=\"208\">(Au\u00dfenabmessungen)<\/td>\n<\/tr>\n<tr>\n<td width=\"110\">615868242<\/td>\n<td width=\"61\">24<\/td>\n<td width=\"76\">600<\/td>\n<td width=\"67\">870<\/td>\n<td width=\"66\">1192<\/td>\n<td width=\"123\">650x950x1250<\/td>\n<\/tr>\n<tr>\n<td width=\"110\">615861242<\/td>\n<td width=\"61\">24<\/td>\n<td width=\"76\">600<\/td>\n<td width=\"67\">1070<\/td>\n<td width=\"66\">1192<\/td>\n<td width=\"123\">650x1150x1250<\/td>\n<\/tr>\n<tr>\n<td width=\"110\">615863242<\/td>\n<td width=\"61\">24<\/td>\n<td width=\"76\">600<\/td>\n<td width=\"67\">1200<\/td>\n<td width=\"66\">1192<\/td>\n<td width=\"123\">650x1350x1250<\/td>\n<\/tr>\n<tr>\n<td width=\"110\">615868422<\/td>\n<td width=\"61\">42<\/td>\n<td width=\"76\">600<\/td>\n<td width=\"67\">870<\/td>\n<td width=\"66\">1992<\/td>\n<td width=\"123\">650x950x2150<\/td>\n<\/tr>\n<tr>\n<td width=\"110\">615861422<\/td>\n<td width=\"61\">42<\/td>\n<td width=\"76\">600<\/td>\n<td width=\"67\">1070<\/td>\n<td width=\"66\">1992<\/td>\n<td width=\"123\">650x1150x2150<\/td>\n<\/tr>\n<tr>\n<td width=\"110\">615863422<\/td>\n<td width=\"61\">42<\/td>\n<td width=\"76\">600<\/td>\n<td width=\"67\">1200<\/td>\n<td width=\"66\">1992<\/td>\n<td width=\"123\">650x1350x2150<\/td>\n<\/tr>\n<tr>\n<td width=\"110\">615868482<\/td>\n<td width=\"61\">48<\/td>\n<td width=\"76\">600<\/td>\n<td width=\"67\">870<\/td>\n<td width=\"66\">2259<\/td>\n<td width=\"123\">650x950x2350<\/td>\n<\/tr>\n<tr>\n<td width=\"110\">615861482<\/td>\n<td width=\"61\">48<\/td>\n<td width=\"76\">600<\/td>\n<td width=\"67\">1070<\/td>\n<td width=\"66\">2259<\/td>\n<td width=\"123\">650x1150x2350<\/td>\n<\/tr>\n<tr>\n<td width=\"110\">615863482<\/td>\n<td width=\"61\">48<\/td>\n<td width=\"76\">600<\/td>\n<td width=\"67\">1200<\/td>\n<td width=\"66\">2259<\/td>\n<td width=\"123\">650x1350x2350<\/td>\n<\/tr>\n<\/tbody>\n<\/table>\n<p>&nbsp;<\/p>\n<table width=\"501\">\n<tbody>\n<tr>\n<td rowspan=\"2\" width=\"110\">Art.Nr.<\/td>\n<td rowspan=\"2\" width=\"61\">\n<p>Gr\u00f6\u00dfe<\/p>\n<p>(U)<\/p><\/td>\n<td width=\"76\">\n<p>Breite<\/p>\n<p>(mm)<\/p><\/td>\n<td width=\"67\">\n<p>Tiefe<\/p>\n<p>(mm)<\/p><\/td>\n<td width=\"66\">\n<p>H\u00f6he<\/p>\n<p>(mm)<\/p><\/td>\n<td rowspan=\"2\" width=\"123\">\n<p>Packma\u00df<\/p>\n<p>B*T*H (mm)<\/p><\/td>\n<\/tr>\n<tr>\n<td colspan=\"3\" width=\"208\">(Au\u00dfenabmessungen)<\/td>\n<\/tr>\n<tr>\n<td width=\"110\">615888422<\/td>\n<td width=\"61\">42<\/td>\n<td width=\"76\">800<\/td>\n<td width=\"67\">870<\/td>\n<td width=\"66\">1992<\/td>\n<td width=\"123\">850x950x2150<\/td>\n<\/tr>\n<tr>\n<td width=\"110\">615881422<\/td>\n<td width=\"61\">42<\/td>\n<td width=\"76\">800<\/td>\n<td width=\"67\">1070<\/td>\n<td width=\"66\">1992<\/td>\n<td width=\"123\">850x1150x2150<\/td>\n<\/tr>\n<tr>\n<td width=\"110\">615883422<\/td>\n<td width=\"61\">42<\/td>\n<td width=\"76\">800<\/td>\n<td width=\"67\">1200<\/td>\n<td width=\"66\">1992<\/td>\n<td width=\"123\">850x1350x2150<\/td>\n<\/tr>\n<tr>\n<td width=\"110\">615888482<\/td>\n<td width=\"61\">48<\/td>\n<td width=\"76\">800<\/td>\n<td width=\"67\">870<\/td>\n<td width=\"66\">2259<\/td>\n<td width=\"123\">850x950x2350<\/td>\n<\/tr>\n<tr>\n<td width=\"110\">615881482<\/td>\n<td width=\"61\">48<\/td>\n<td width=\"76\">800<\/td>\n<td width=\"67\">1070<\/td>\n<td width=\"66\">2259<\/td>\n<td width=\"123\">850x1150x2350<\/td>\n<\/tr>\n<tr>\n<td width=\"110\">615883482<\/td>\n<td width=\"61\">48<\/td>\n<td width=\"76\">800<\/td>\n<td width=\"67\">1200<\/td>\n<td width=\"66\">2259<\/td>\n<td width=\"123\">850x1350x2350<\/td>\n<\/tr>\n<\/tbody>\n<\/table>\n<h4><strong>L\u00fcftereinheit: (optionale, separat zum Schrank bestellbar)<\/strong><\/h4>\n<p><noscript><img decoding=\"async\" class=\"size-full wp-image-2135 aligncenter\" src=\"https:\/\/premiumline-cabling.com\/wp-content\/uploads\/2019\/05\/Enhanced-rack-fan.jpg\" alt width=\"183\" height=\"89\"><\/noscript><img decoding=\"async\" class=\"size-full wp-image-2135 aligncenter lazyload\" src=\"data:image\/svg+xml,%3Csvg%20xmlns%3D%22http%3A%2F%2Fwww.w3.org%2F2000%2Fsvg%22%20viewBox%3D%220%200%20183%2089%22%3E%3C%2Fsvg%3E\" alt width=\"183\" height=\"89\" data-src=\"https:\/\/premiumline-cabling.com\/wp-content\/uploads\/2019\/05\/Enhanced-rack-fan.jpg\"><\/p>\n<table width=\"636\">\n<tbody>\n<tr>\n<td width=\"85\">Art.Nr.<\/td>\n<td width=\"551\">Beschreibung<\/td>\n<\/tr>\n<tr>\n<td width=\"85\">62001&#215;602<\/td>\n<td width=\"551\">\n<p>6-fach L\u00fcftereinheit, Schuko-Stecker, (Spannung: 220V-240V, Kabell\u00e4nge: 2m)<\/p>\n<p>x:&nbsp; 8: f\u00fcr 800mm Tiefe&nbsp; 1: f\u00fcr 1070mm Tiefe&nbsp;&nbsp; 3: f\u00fcr 1200mm Tiefe<\/p><\/td>\n<\/tr>\n<tr>\n<td width=\"85\">62002&#215;602<\/td>\n<td width=\"551\">\n<p>6-fach L\u00fcftereinheit, UK-Stecker, (Spannung: 220V-240V, Kabell\u00e4nge: 2m)<\/p>\n<p>x:&nbsp; 8: f\u00fcr 800mm Tiefe&nbsp; 1: f\u00fcr 1070mm Tiefe&nbsp;&nbsp; 3: f\u00fcr 1200mm Tiefe<\/p><\/td>\n<\/tr>\n<tr>\n<td width=\"85\">6200xy602<\/td>\n<td width=\"551\">\n<p>6-fach L\u00fcftereinheit, US NEMA5-15P-Stecker, Kabell\u00e4nge: 2m<\/p>\n<p>x:&nbsp; 3: 110V-120V&nbsp;&nbsp; 4: 220V-240V<\/p>\n<p>y:&nbsp; 8: f\u00fcr 870mm Tiefe &nbsp;&nbsp;1: f\u00fcr 1070mm Tiefe&nbsp;&nbsp; 3: f\u00fcr 1200mm Tiefe<\/p><\/td>\n<\/tr>\n<\/tbody>\n<\/table>\n<p>&nbsp;<\/p>\n","protected":false},"featured_media":2133,"template":"","product_category":[162],"class_list":["post-3186","product","type-product","status-publish","has-post-thumbnail","hentry","product_category-cabinets-de"],"yoast_head":"<!-- This site is optimized with the Yoast SEO plugin v27.2 - https:\/\/yoast.com\/product\/yoast-seo-wordpress\/ -->\n<title>Premium-Line Enhanced Network Server Cabinet<\/title>\n<meta name=\"description\" content=\"FEATURES: compliant with ANSI\/EIA RS-310-D, IEC297-2, DIN41491.Part1, part7, DIN 4144 standards. Read more!\" \/>\n<meta name=\"robots\" content=\"index, follow, max-snippet:-1, max-image-preview:large, max-video-preview:-1\" \/>\n<link rel=\"canonical\" href=\"https:\/\/premiumline-cabling.com\/de\/product\/enhanced-network-server-cabinet\/\" \/>\n<meta property=\"og:locale\" content=\"de_DE\" \/>\n<meta property=\"og:type\" content=\"article\" \/>\n<meta property=\"og:title\" content=\"Premium-Line Enhanced Network Server Cabinet\" \/>\n<meta property=\"og:description\" content=\"FEATURES: compliant with ANSI\/EIA RS-310-D, IEC297-2, DIN41491.Part1, part7, DIN 4144 standards. Read more!\" \/>\n<meta property=\"og:url\" content=\"https:\/\/premiumline-cabling.com\/de\/product\/enhanced-network-server-cabinet\/\" \/>\n<meta property=\"og:site_name\" content=\"Premium-Line\" \/>\n<meta property=\"article:modified_time\" content=\"2019-08-29T09:44:25+00:00\" \/>\n<meta property=\"og:image\" content=\"https:\/\/premiumline-cabling.com\/wp-content\/uploads\/2019\/05\/Enhanced-rack-1.jpg\" \/>\n\t<meta property=\"og:image:width\" content=\"620\" \/>\n\t<meta property=\"og:image:height\" content=\"436\" \/>\n\t<meta property=\"og:image:type\" content=\"image\/jpeg\" \/>\n<meta name=\"twitter:card\" content=\"summary_large_image\" \/>\n<meta name=\"twitter:label1\" content=\"Gesch\u00e4tzte Lesezeit\" \/>\n\t<meta name=\"twitter:data1\" content=\"2\u00a0Minuten\" \/>\n<script type=\"application\/ld+json\" class=\"yoast-schema-graph\">{\"@context\":\"https:\/\/schema.org\",\"@graph\":[{\"@type\":\"WebPage\",\"@id\":\"https:\/\/premiumline-cabling.com\/de\/product\/enhanced-network-server-cabinet\/\",\"url\":\"https:\/\/premiumline-cabling.com\/de\/product\/enhanced-network-server-cabinet\/\",\"name\":\"Premium-Line Enhanced Network Server Cabinet\",\"isPartOf\":{\"@id\":\"https:\/\/premiumline-cabling.com\/#website\"},\"primaryImageOfPage\":{\"@id\":\"https:\/\/premiumline-cabling.com\/de\/product\/enhanced-network-server-cabinet\/#primaryimage\"},\"image\":{\"@id\":\"https:\/\/premiumline-cabling.com\/de\/product\/enhanced-network-server-cabinet\/#primaryimage\"},\"thumbnailUrl\":\"https:\/\/premiumline-cabling.com\/wp-content\/uploads\/2019\/05\/Enhanced-rack-1.jpg\",\"datePublished\":\"2019-05-07T15:52:27+00:00\",\"dateModified\":\"2019-08-29T09:44:25+00:00\",\"description\":\"FEATURES: compliant with ANSI\/EIA RS-310-D, IEC297-2, DIN41491.Part1, part7, DIN 4144 standards. Read more!\",\"breadcrumb\":{\"@id\":\"https:\/\/premiumline-cabling.com\/de\/product\/enhanced-network-server-cabinet\/#breadcrumb\"},\"inLanguage\":\"de\",\"potentialAction\":[{\"@type\":\"ReadAction\",\"target\":[\"https:\/\/premiumline-cabling.com\/de\/product\/enhanced-network-server-cabinet\/\"]}]},{\"@type\":\"ImageObject\",\"inLanguage\":\"de\",\"@id\":\"https:\/\/premiumline-cabling.com\/de\/product\/enhanced-network-server-cabinet\/#primaryimage\",\"url\":\"https:\/\/premiumline-cabling.com\/wp-content\/uploads\/2019\/05\/Enhanced-rack-1.jpg\",\"contentUrl\":\"https:\/\/premiumline-cabling.com\/wp-content\/uploads\/2019\/05\/Enhanced-rack-1.jpg\",\"width\":620,\"height\":436},{\"@type\":\"BreadcrumbList\",\"@id\":\"https:\/\/premiumline-cabling.com\/de\/product\/enhanced-network-server-cabinet\/#breadcrumb\",\"itemListElement\":[{\"@type\":\"ListItem\",\"position\":1,\"name\":\"\u0413\u043b\u0430\u0432\u043d\u0430\u044f \u0441\u0442\u0440\u0430\u043d\u0438\u0446\u0430\",\"item\":\"https:\/\/premiumline-cabling.com\/de\/\"},{\"@type\":\"ListItem\",\"position\":2,\"name\":\"Professionelle Netzwerkserverschr\u00e4nke\"}]},{\"@type\":\"WebSite\",\"@id\":\"https:\/\/premiumline-cabling.com\/#website\",\"url\":\"https:\/\/premiumline-cabling.com\/\",\"name\":\"Premium-Line\",\"description\":\"Structured Cabling System\",\"publisher\":{\"@id\":\"https:\/\/premiumline-cabling.com\/#organization\"},\"potentialAction\":[{\"@type\":\"SearchAction\",\"target\":{\"@type\":\"EntryPoint\",\"urlTemplate\":\"https:\/\/premiumline-cabling.com\/?s={search_term_string}\"},\"query-input\":{\"@type\":\"PropertyValueSpecification\",\"valueRequired\":true,\"valueName\":\"search_term_string\"}}],\"inLanguage\":\"de\"},{\"@type\":\"Organization\",\"@id\":\"https:\/\/premiumline-cabling.com\/#organization\",\"name\":\"Premium-Line\",\"url\":\"https:\/\/premiumline-cabling.com\/\",\"logo\":{\"@type\":\"ImageObject\",\"inLanguage\":\"de\",\"@id\":\"https:\/\/premiumline-cabling.com\/#\/schema\/logo\/image\/\",\"url\":\"https:\/\/premiumline-cabling.com\/wp-content\/uploads\/2019\/04\/cropped-img_logo_site_Premium-Line.png\",\"contentUrl\":\"https:\/\/premiumline-cabling.com\/wp-content\/uploads\/2019\/04\/cropped-img_logo_site_Premium-Line.png\",\"width\":190,\"height\":62,\"caption\":\"Premium-Line\"},\"image\":{\"@id\":\"https:\/\/premiumline-cabling.com\/#\/schema\/logo\/image\/\"}}]}<\/script>\n<!-- \/ Yoast SEO plugin. -->","yoast_head_json":{"title":"Premium-Line Enhanced Network Server Cabinet","description":"FEATURES: compliant with ANSI\/EIA RS-310-D, IEC297-2, DIN41491.Part1, part7, DIN 4144 standards. Read more!","robots":{"index":"index","follow":"follow","max-snippet":"max-snippet:-1","max-image-preview":"max-image-preview:large","max-video-preview":"max-video-preview:-1"},"canonical":"https:\/\/premiumline-cabling.com\/de\/product\/enhanced-network-server-cabinet\/","og_locale":"de_DE","og_type":"article","og_title":"Premium-Line Enhanced Network Server Cabinet","og_description":"FEATURES: compliant with ANSI\/EIA RS-310-D, IEC297-2, DIN41491.Part1, part7, DIN 4144 standards. Read more!","og_url":"https:\/\/premiumline-cabling.com\/de\/product\/enhanced-network-server-cabinet\/","og_site_name":"Premium-Line","article_modified_time":"2019-08-29T09:44:25+00:00","og_image":[{"width":620,"height":436,"url":"https:\/\/premiumline-cabling.com\/wp-content\/uploads\/2019\/05\/Enhanced-rack-1.jpg","type":"image\/jpeg"}],"twitter_card":"summary_large_image","twitter_misc":{"Gesch\u00e4tzte Lesezeit":"2\u00a0Minuten"},"schema":{"@context":"https:\/\/schema.org","@graph":[{"@type":"WebPage","@id":"https:\/\/premiumline-cabling.com\/de\/product\/enhanced-network-server-cabinet\/","url":"https:\/\/premiumline-cabling.com\/de\/product\/enhanced-network-server-cabinet\/","name":"Premium-Line Enhanced Network Server Cabinet","isPartOf":{"@id":"https:\/\/premiumline-cabling.com\/#website"},"primaryImageOfPage":{"@id":"https:\/\/premiumline-cabling.com\/de\/product\/enhanced-network-server-cabinet\/#primaryimage"},"image":{"@id":"https:\/\/premiumline-cabling.com\/de\/product\/enhanced-network-server-cabinet\/#primaryimage"},"thumbnailUrl":"https:\/\/premiumline-cabling.com\/wp-content\/uploads\/2019\/05\/Enhanced-rack-1.jpg","datePublished":"2019-05-07T15:52:27+00:00","dateModified":"2019-08-29T09:44:25+00:00","description":"FEATURES: compliant with ANSI\/EIA RS-310-D, IEC297-2, DIN41491.Part1, part7, DIN 4144 standards. Read more!","breadcrumb":{"@id":"https:\/\/premiumline-cabling.com\/de\/product\/enhanced-network-server-cabinet\/#breadcrumb"},"inLanguage":"de","potentialAction":[{"@type":"ReadAction","target":["https:\/\/premiumline-cabling.com\/de\/product\/enhanced-network-server-cabinet\/"]}]},{"@type":"ImageObject","inLanguage":"de","@id":"https:\/\/premiumline-cabling.com\/de\/product\/enhanced-network-server-cabinet\/#primaryimage","url":"https:\/\/premiumline-cabling.com\/wp-content\/uploads\/2019\/05\/Enhanced-rack-1.jpg","contentUrl":"https:\/\/premiumline-cabling.com\/wp-content\/uploads\/2019\/05\/Enhanced-rack-1.jpg","width":620,"height":436},{"@type":"BreadcrumbList","@id":"https:\/\/premiumline-cabling.com\/de\/product\/enhanced-network-server-cabinet\/#breadcrumb","itemListElement":[{"@type":"ListItem","position":1,"name":"\u0413\u043b\u0430\u0432\u043d\u0430\u044f \u0441\u0442\u0440\u0430\u043d\u0438\u0446\u0430","item":"https:\/\/premiumline-cabling.com\/de\/"},{"@type":"ListItem","position":2,"name":"Professionelle Netzwerkserverschr\u00e4nke"}]},{"@type":"WebSite","@id":"https:\/\/premiumline-cabling.com\/#website","url":"https:\/\/premiumline-cabling.com\/","name":"Premium-Line","description":"Structured Cabling System","publisher":{"@id":"https:\/\/premiumline-cabling.com\/#organization"},"potentialAction":[{"@type":"SearchAction","target":{"@type":"EntryPoint","urlTemplate":"https:\/\/premiumline-cabling.com\/?s={search_term_string}"},"query-input":{"@type":"PropertyValueSpecification","valueRequired":true,"valueName":"search_term_string"}}],"inLanguage":"de"},{"@type":"Organization","@id":"https:\/\/premiumline-cabling.com\/#organization","name":"Premium-Line","url":"https:\/\/premiumline-cabling.com\/","logo":{"@type":"ImageObject","inLanguage":"de","@id":"https:\/\/premiumline-cabling.com\/#\/schema\/logo\/image\/","url":"https:\/\/premiumline-cabling.com\/wp-content\/uploads\/2019\/04\/cropped-img_logo_site_Premium-Line.png","contentUrl":"https:\/\/premiumline-cabling.com\/wp-content\/uploads\/2019\/04\/cropped-img_logo_site_Premium-Line.png","width":190,"height":62,"caption":"Premium-Line"},"image":{"@id":"https:\/\/premiumline-cabling.com\/#\/schema\/logo\/image\/"}}]}},"_links":{"self":[{"href":"https:\/\/premiumline-cabling.com\/de\/wp-json\/wp\/v2\/product\/3186","targetHints":{"allow":["GET"]}}],"collection":[{"href":"https:\/\/premiumline-cabling.com\/de\/wp-json\/wp\/v2\/product"}],"about":[{"href":"https:\/\/premiumline-cabling.com\/de\/wp-json\/wp\/v2\/types\/product"}],"wp:featuredmedia":[{"embeddable":true,"href":"https:\/\/premiumline-cabling.com\/de\/wp-json\/wp\/v2\/media\/2133"}],"wp:attachment":[{"href":"https:\/\/premiumline-cabling.com\/de\/wp-json\/wp\/v2\/media?parent=3186"}],"wp:term":[{"taxonomy":"product_category","embeddable":true,"href":"https:\/\/premiumline-cabling.com\/de\/wp-json\/wp\/v2\/product_category?post=3186"}],"curies":[{"name":"wp","href":"https:\/\/api.w.org\/{rel}","templated":true}]}}