{"id":3150,"date":"2019-08-08T16:44:11","date_gmt":"2019-08-08T15:44:11","guid":{"rendered":"https:\/\/www.premiumline-cabling.com\/product\/cat-6a-unshielded-toolless-rj45-plug\/"},"modified":"2019-08-26T15:16:13","modified_gmt":"2019-08-26T12:16:13","slug":"cat-6a-unshielded-toolless-rj45-plug","status":"publish","type":"product","link":"https:\/\/premiumline-cabling.com\/de\/product\/cat-6a-unshielded-toolless-rj45-plug\/","title":{"rendered":"Cat.6A RJ45-Stecker ungeschirmt"},"content":{"rendered":"<h3 class=\"csc-firstHeader\"><noscript><img decoding=\"async\" class=\"alignright wp-image-2892 size-medium\" src=\"https:\/\/premiumline-cabling.com\/wp-content\/uploads\/2019\/08\/CAT.6A_u_plug-300x95.jpg\" alt width=\"300\" height=\"95\" srcset=\"https:\/\/premiumline-cabling.com\/wp-content\/uploads\/2019\/08\/CAT.6A_u_plug-300x95.jpg 300w, https:\/\/premiumline-cabling.com\/wp-content\/uploads\/2019\/08\/CAT.6A_u_plug-768x242.jpg 768w, https:\/\/premiumline-cabling.com\/wp-content\/uploads\/2019\/08\/CAT.6A_u_plug-1024x323.jpg 1024w, https:\/\/premiumline-cabling.com\/wp-content\/uploads\/2019\/08\/CAT.6A_u_plug.jpg 1474w\" sizes=\"(max-width: 300px) 100vw, 300px\"><\/noscript><img decoding=\"async\" class=\"alignright wp-image-2892 size-medium lazyload\" src=\"data:image\/svg+xml,%3Csvg%20xmlns%3D%22http%3A%2F%2Fwww.w3.org%2F2000%2Fsvg%22%20viewBox%3D%220%200%20300%2095%22%3E%3C%2Fsvg%3E\" alt width=\"300\" height=\"95\" srcset=\"data:image\/svg+xml,%3Csvg%20xmlns%3D%22http%3A%2F%2Fwww.w3.org%2F2000%2Fsvg%22%20viewBox%3D%220%200%20300%2095%22%3E%3C%2Fsvg%3E 300w\" sizes=\"(max-width: 300px) 100vw, 300px\" data-srcset=\"https:\/\/premiumline-cabling.com\/wp-content\/uploads\/2019\/08\/CAT.6A_u_plug-300x95.jpg 300w, https:\/\/premiumline-cabling.com\/wp-content\/uploads\/2019\/08\/CAT.6A_u_plug-768x242.jpg 768w, https:\/\/premiumline-cabling.com\/wp-content\/uploads\/2019\/08\/CAT.6A_u_plug-1024x323.jpg 1024w, https:\/\/premiumline-cabling.com\/wp-content\/uploads\/2019\/08\/CAT.6A_u_plug.jpg 1474w\" data-src=\"https:\/\/premiumline-cabling.com\/wp-content\/uploads\/2019\/08\/CAT.6A_u_plug-300x95.jpg\"><\/h3>\n<p>EIGENSCHAFTEN:<\/p>\n<ul>\n<li>entspricht TIA\/EIA-568.2-D, ISO 11801 und EN 50173-1 Spezifikationen<\/li>\n<li>erf\u00fcllt die Anforderungen eines Patchkabel-Tests nach Category 6A<\/li>\n<li>zul\u00e4ssige Anschlu\u00dfleiter: 22-26AWG Litzen- und Steifleiterkabel<\/li>\n<li>unterst\u00fctzt T568 A&amp;B Verdrahtung, einfache Installation<\/li>\n<li>Der Zusammenbau erfolgt ohne spezielles Werkzeug<\/li>\n<li>Ideal f\u00fcr industrielle Anwendungen<\/li>\n<li>kann wieder ge\u00f6ffnet werden um Verdrahtungsfehler zu beheben<\/li>\n<li>Einsatztemperaturbereich: -10\u00b0 bis +60\u00b0<\/li>\n<li>RoHS konform<\/li>\n<\/ul>\n<h4>KENNWERTE:<\/h4>\n<p><strong><em>IDC-Verbinder<\/em><\/strong><\/p>\n<table>\n<tbody>\n<tr>\n<td width=\"170\">Kontaktmaterial<\/td>\n<td width=\"404\">Phosphor\/Bronze<\/td>\n<\/tr>\n<tr>\n<td width=\"170\">Beschichtung<\/td>\n<td width=\"404\">100u Zoll vernickelt<\/td>\n<\/tr>\n<tr>\n<td width=\"170\">Bodymaterial<\/td>\n<td width=\"404\">PC, UL94 V-0<\/td>\n<\/tr>\n<tr>\n<td width=\"170\">Lebensdauer<\/td>\n<td width=\"404\">mind. 250 Terminierungen<\/td>\n<\/tr>\n<\/tbody>\n<\/table>\n<p><strong><em>&nbsp;<\/em><\/strong><strong><em>RJ45-Stecker<\/em><\/strong><\/p>\n<table>\n<tbody>\n<tr>\n<td width=\"170\">Beschichtung<\/td>\n<td width=\"404\">50u Zoll vergoldet \u00fcber Phosphor\/Bronze<\/td>\n<\/tr>\n<tr>\n<td width=\"170\">Steckermaterial<\/td>\n<td width=\"404\">PC, UL94 V-0<\/td>\n<\/tr>\n<tr>\n<td width=\"170\">Lebensdauer<\/td>\n<td width=\"404\">mind. 1500 Steckzyklen<\/td>\n<\/tr>\n<\/tbody>\n<\/table>\n<p><strong><em>&nbsp;<\/em><\/strong><strong><em>PCB<\/em><\/strong><\/p>\n<table>\n<tbody>\n<tr>\n<td width=\"170\">Material<\/td>\n<td width=\"404\">FR-4, UL94 V-0<\/td>\n<\/tr>\n<tr>\n<td width=\"170\">Dicke<\/td>\n<td width=\"404\">1.6mm<\/td>\n<\/tr>\n<\/tbody>\n<\/table>\n<h4>ANWENDUNGEN:<\/h4>\n<ul>\n<li>10G BASE-T, 1000BASE-T\/TX, 100BASE-TX, 10BASE-T<\/li>\n<li>Sprache, Video und andere Anwendungen<\/li>\n<\/ul>\n<h4>BESTELLINFORMATION:<\/h4>\n<table width=\"100%\">\n<thead>\n<tr>\n<td><strong>Art.Nr.<\/strong><\/td>\n<td><strong>Beschreibung<\/strong><\/td>\n<\/tr>\n<\/thead>\n<tbody>\n<tr>\n<td>159100002<\/td>\n<td>Category 6A RJ45-Stecker, ungeschirmt, werkzeuglos<\/td>\n<\/tr>\n<\/tbody>\n<\/table>\n<h3><\/h3>\n","protected":false},"featured_media":2914,"template":"","product_category":[160],"class_list":["post-3150","product","type-product","status-publish","has-post-thumbnail","hentry","product_category-toolless-rj45-plug-cat-5e-6-6a-de"],"yoast_head":"<!-- This site is optimized with the Yoast SEO plugin v27.4 - https:\/\/yoast.com\/product\/yoast-seo-wordpress\/ -->\n<title>Cat.6A RJ45-Stecker ungeschirmt - Premium-Line<\/title>\n<meta name=\"description\" content=\"Premium-Line unterst\u00fctzt diese Funktionen und liefert die Cat. 6A ungeschirmten, werkzeuglosen RJ45-Stecker, speziell zum Anschlie\u00dfen solcher Ger\u00e4te an ein ungeschirmtes Netzwerkkabel der Kategorie 6A.\" \/>\n<meta name=\"robots\" content=\"index, follow, max-snippet:-1, max-image-preview:large, max-video-preview:-1\" \/>\n<link rel=\"canonical\" href=\"https:\/\/premiumline-cabling.com\/de\/product\/cat-6a-unshielded-toolless-rj45-plug\/\" \/>\n<meta property=\"og:locale\" content=\"de_DE\" \/>\n<meta property=\"og:type\" content=\"article\" \/>\n<meta property=\"og:title\" content=\"Cat.6A RJ45-Stecker ungeschirmt - Premium-Line\" \/>\n<meta property=\"og:description\" content=\"Premium-Line unterst\u00fctzt diese Funktionen und liefert die Cat. 6A ungeschirmten, werkzeuglosen RJ45-Stecker, speziell zum Anschlie\u00dfen solcher Ger\u00e4te an ein ungeschirmtes Netzwerkkabel der Kategorie 6A.\" \/>\n<meta property=\"og:url\" content=\"https:\/\/premiumline-cabling.com\/de\/product\/cat-6a-unshielded-toolless-rj45-plug\/\" \/>\n<meta property=\"og:site_name\" content=\"Premium-Line\" \/>\n<meta property=\"article:modified_time\" content=\"2019-08-26T12:16:13+00:00\" \/>\n<meta property=\"og:image\" content=\"https:\/\/premiumline-cabling.com\/wp-content\/uploads\/2019\/08\/Cat.6a_u_plug.jpg\" \/>\n\t<meta property=\"og:image:width\" content=\"697\" \/>\n\t<meta property=\"og:image:height\" content=\"588\" \/>\n\t<meta property=\"og:image:type\" content=\"image\/jpeg\" \/>\n<meta name=\"twitter:card\" content=\"summary_large_image\" \/>\n<meta name=\"twitter:label1\" content=\"Gesch\u00e4tzte Lesezeit\" \/>\n\t<meta name=\"twitter:data1\" content=\"1\u00a0Minute\" \/>\n<script type=\"application\/ld+json\" class=\"yoast-schema-graph\">{\"@context\":\"https:\\\/\\\/schema.org\",\"@graph\":[{\"@type\":\"WebPage\",\"@id\":\"https:\\\/\\\/premiumline-cabling.com\\\/de\\\/product\\\/cat-6a-unshielded-toolless-rj45-plug\\\/\",\"url\":\"https:\\\/\\\/premiumline-cabling.com\\\/de\\\/product\\\/cat-6a-unshielded-toolless-rj45-plug\\\/\",\"name\":\"Cat.6A RJ45-Stecker ungeschirmt - Premium-Line\",\"isPartOf\":{\"@id\":\"https:\\\/\\\/premiumline-cabling.com\\\/#website\"},\"primaryImageOfPage\":{\"@id\":\"https:\\\/\\\/premiumline-cabling.com\\\/de\\\/product\\\/cat-6a-unshielded-toolless-rj45-plug\\\/#primaryimage\"},\"image\":{\"@id\":\"https:\\\/\\\/premiumline-cabling.com\\\/de\\\/product\\\/cat-6a-unshielded-toolless-rj45-plug\\\/#primaryimage\"},\"thumbnailUrl\":\"https:\\\/\\\/premiumline-cabling.com\\\/wp-content\\\/uploads\\\/2019\\\/08\\\/Cat.6a_u_plug.jpg\",\"datePublished\":\"2019-08-08T15:44:11+00:00\",\"dateModified\":\"2019-08-26T12:16:13+00:00\",\"description\":\"Premium-Line unterst\u00fctzt diese Funktionen und liefert die Cat. 6A ungeschirmten, werkzeuglosen RJ45-Stecker, speziell zum Anschlie\u00dfen solcher Ger\u00e4te an ein ungeschirmtes Netzwerkkabel der Kategorie 6A.\",\"breadcrumb\":{\"@id\":\"https:\\\/\\\/premiumline-cabling.com\\\/de\\\/product\\\/cat-6a-unshielded-toolless-rj45-plug\\\/#breadcrumb\"},\"inLanguage\":\"de\",\"potentialAction\":[{\"@type\":\"ReadAction\",\"target\":[\"https:\\\/\\\/premiumline-cabling.com\\\/de\\\/product\\\/cat-6a-unshielded-toolless-rj45-plug\\\/\"]}]},{\"@type\":\"ImageObject\",\"inLanguage\":\"de\",\"@id\":\"https:\\\/\\\/premiumline-cabling.com\\\/de\\\/product\\\/cat-6a-unshielded-toolless-rj45-plug\\\/#primaryimage\",\"url\":\"https:\\\/\\\/premiumline-cabling.com\\\/wp-content\\\/uploads\\\/2019\\\/08\\\/Cat.6a_u_plug.jpg\",\"contentUrl\":\"https:\\\/\\\/premiumline-cabling.com\\\/wp-content\\\/uploads\\\/2019\\\/08\\\/Cat.6a_u_plug.jpg\",\"width\":697,\"height\":588,\"caption\":\"Cat.6A Unshielded Toolless RJ45 Plug\"},{\"@type\":\"BreadcrumbList\",\"@id\":\"https:\\\/\\\/premiumline-cabling.com\\\/de\\\/product\\\/cat-6a-unshielded-toolless-rj45-plug\\\/#breadcrumb\",\"itemListElement\":[{\"@type\":\"ListItem\",\"position\":1,\"name\":\"\u0413\u043b\u0430\u0432\u043d\u0430\u044f \u0441\u0442\u0440\u0430\u043d\u0438\u0446\u0430\",\"item\":\"https:\\\/\\\/premiumline-cabling.com\\\/de\\\/\"},{\"@type\":\"ListItem\",\"position\":2,\"name\":\"Cat.6A RJ45-Stecker ungeschirmt\"}]},{\"@type\":\"WebSite\",\"@id\":\"https:\\\/\\\/premiumline-cabling.com\\\/#website\",\"url\":\"https:\\\/\\\/premiumline-cabling.com\\\/\",\"name\":\"Premium-Line\",\"description\":\"Structured Cabling System\",\"publisher\":{\"@id\":\"https:\\\/\\\/premiumline-cabling.com\\\/#organization\"},\"potentialAction\":[{\"@type\":\"SearchAction\",\"target\":{\"@type\":\"EntryPoint\",\"urlTemplate\":\"https:\\\/\\\/premiumline-cabling.com\\\/?s={search_term_string}\"},\"query-input\":{\"@type\":\"PropertyValueSpecification\",\"valueRequired\":true,\"valueName\":\"search_term_string\"}}],\"inLanguage\":\"de\"},{\"@type\":\"Organization\",\"@id\":\"https:\\\/\\\/premiumline-cabling.com\\\/#organization\",\"name\":\"Premium-Line\",\"url\":\"https:\\\/\\\/premiumline-cabling.com\\\/\",\"logo\":{\"@type\":\"ImageObject\",\"inLanguage\":\"de\",\"@id\":\"https:\\\/\\\/premiumline-cabling.com\\\/#\\\/schema\\\/logo\\\/image\\\/\",\"url\":\"https:\\\/\\\/premiumline-cabling.com\\\/wp-content\\\/uploads\\\/2019\\\/04\\\/cropped-img_logo_site_Premium-Line.png\",\"contentUrl\":\"https:\\\/\\\/premiumline-cabling.com\\\/wp-content\\\/uploads\\\/2019\\\/04\\\/cropped-img_logo_site_Premium-Line.png\",\"width\":190,\"height\":62,\"caption\":\"Premium-Line\"},\"image\":{\"@id\":\"https:\\\/\\\/premiumline-cabling.com\\\/#\\\/schema\\\/logo\\\/image\\\/\"}}]}<\/script>\n<!-- \/ Yoast SEO plugin. -->","yoast_head_json":{"title":"Cat.6A RJ45-Stecker ungeschirmt - Premium-Line","description":"Premium-Line unterst\u00fctzt diese Funktionen und liefert die Cat. 6A ungeschirmten, werkzeuglosen RJ45-Stecker, speziell zum Anschlie\u00dfen solcher Ger\u00e4te an ein ungeschirmtes Netzwerkkabel der Kategorie 6A.","robots":{"index":"index","follow":"follow","max-snippet":"max-snippet:-1","max-image-preview":"max-image-preview:large","max-video-preview":"max-video-preview:-1"},"canonical":"https:\/\/premiumline-cabling.com\/de\/product\/cat-6a-unshielded-toolless-rj45-plug\/","og_locale":"de_DE","og_type":"article","og_title":"Cat.6A RJ45-Stecker ungeschirmt - Premium-Line","og_description":"Premium-Line unterst\u00fctzt diese Funktionen und liefert die Cat. 6A ungeschirmten, werkzeuglosen RJ45-Stecker, speziell zum Anschlie\u00dfen solcher Ger\u00e4te an ein ungeschirmtes Netzwerkkabel der Kategorie 6A.","og_url":"https:\/\/premiumline-cabling.com\/de\/product\/cat-6a-unshielded-toolless-rj45-plug\/","og_site_name":"Premium-Line","article_modified_time":"2019-08-26T12:16:13+00:00","og_image":[{"width":697,"height":588,"url":"https:\/\/premiumline-cabling.com\/wp-content\/uploads\/2019\/08\/Cat.6a_u_plug.jpg","type":"image\/jpeg"}],"twitter_card":"summary_large_image","twitter_misc":{"Gesch\u00e4tzte Lesezeit":"1\u00a0Minute"},"schema":{"@context":"https:\/\/schema.org","@graph":[{"@type":"WebPage","@id":"https:\/\/premiumline-cabling.com\/de\/product\/cat-6a-unshielded-toolless-rj45-plug\/","url":"https:\/\/premiumline-cabling.com\/de\/product\/cat-6a-unshielded-toolless-rj45-plug\/","name":"Cat.6A RJ45-Stecker ungeschirmt - Premium-Line","isPartOf":{"@id":"https:\/\/premiumline-cabling.com\/#website"},"primaryImageOfPage":{"@id":"https:\/\/premiumline-cabling.com\/de\/product\/cat-6a-unshielded-toolless-rj45-plug\/#primaryimage"},"image":{"@id":"https:\/\/premiumline-cabling.com\/de\/product\/cat-6a-unshielded-toolless-rj45-plug\/#primaryimage"},"thumbnailUrl":"https:\/\/premiumline-cabling.com\/wp-content\/uploads\/2019\/08\/Cat.6a_u_plug.jpg","datePublished":"2019-08-08T15:44:11+00:00","dateModified":"2019-08-26T12:16:13+00:00","description":"Premium-Line unterst\u00fctzt diese Funktionen und liefert die Cat. 6A ungeschirmten, werkzeuglosen RJ45-Stecker, speziell zum Anschlie\u00dfen solcher Ger\u00e4te an ein ungeschirmtes Netzwerkkabel der Kategorie 6A.","breadcrumb":{"@id":"https:\/\/premiumline-cabling.com\/de\/product\/cat-6a-unshielded-toolless-rj45-plug\/#breadcrumb"},"inLanguage":"de","potentialAction":[{"@type":"ReadAction","target":["https:\/\/premiumline-cabling.com\/de\/product\/cat-6a-unshielded-toolless-rj45-plug\/"]}]},{"@type":"ImageObject","inLanguage":"de","@id":"https:\/\/premiumline-cabling.com\/de\/product\/cat-6a-unshielded-toolless-rj45-plug\/#primaryimage","url":"https:\/\/premiumline-cabling.com\/wp-content\/uploads\/2019\/08\/Cat.6a_u_plug.jpg","contentUrl":"https:\/\/premiumline-cabling.com\/wp-content\/uploads\/2019\/08\/Cat.6a_u_plug.jpg","width":697,"height":588,"caption":"Cat.6A Unshielded Toolless RJ45 Plug"},{"@type":"BreadcrumbList","@id":"https:\/\/premiumline-cabling.com\/de\/product\/cat-6a-unshielded-toolless-rj45-plug\/#breadcrumb","itemListElement":[{"@type":"ListItem","position":1,"name":"\u0413\u043b\u0430\u0432\u043d\u0430\u044f \u0441\u0442\u0440\u0430\u043d\u0438\u0446\u0430","item":"https:\/\/premiumline-cabling.com\/de\/"},{"@type":"ListItem","position":2,"name":"Cat.6A RJ45-Stecker ungeschirmt"}]},{"@type":"WebSite","@id":"https:\/\/premiumline-cabling.com\/#website","url":"https:\/\/premiumline-cabling.com\/","name":"Premium-Line","description":"Structured Cabling System","publisher":{"@id":"https:\/\/premiumline-cabling.com\/#organization"},"potentialAction":[{"@type":"SearchAction","target":{"@type":"EntryPoint","urlTemplate":"https:\/\/premiumline-cabling.com\/?s={search_term_string}"},"query-input":{"@type":"PropertyValueSpecification","valueRequired":true,"valueName":"search_term_string"}}],"inLanguage":"de"},{"@type":"Organization","@id":"https:\/\/premiumline-cabling.com\/#organization","name":"Premium-Line","url":"https:\/\/premiumline-cabling.com\/","logo":{"@type":"ImageObject","inLanguage":"de","@id":"https:\/\/premiumline-cabling.com\/#\/schema\/logo\/image\/","url":"https:\/\/premiumline-cabling.com\/wp-content\/uploads\/2019\/04\/cropped-img_logo_site_Premium-Line.png","contentUrl":"https:\/\/premiumline-cabling.com\/wp-content\/uploads\/2019\/04\/cropped-img_logo_site_Premium-Line.png","width":190,"height":62,"caption":"Premium-Line"},"image":{"@id":"https:\/\/premiumline-cabling.com\/#\/schema\/logo\/image\/"}}]}},"_links":{"self":[{"href":"https:\/\/premiumline-cabling.com\/de\/wp-json\/wp\/v2\/product\/3150","targetHints":{"allow":["GET"]}}],"collection":[{"href":"https:\/\/premiumline-cabling.com\/de\/wp-json\/wp\/v2\/product"}],"about":[{"href":"https:\/\/premiumline-cabling.com\/de\/wp-json\/wp\/v2\/types\/product"}],"wp:featuredmedia":[{"embeddable":true,"href":"https:\/\/premiumline-cabling.com\/de\/wp-json\/wp\/v2\/media\/2914"}],"wp:attachment":[{"href":"https:\/\/premiumline-cabling.com\/de\/wp-json\/wp\/v2\/media?parent=3150"}],"wp:term":[{"taxonomy":"product_category","embeddable":true,"href":"https:\/\/premiumline-cabling.com\/de\/wp-json\/wp\/v2\/product_category?post=3150"}],"curies":[{"name":"wp","href":"https:\/\/api.w.org\/{rel}","templated":true}]}}