{"id":23727,"date":"2025-08-14T09:23:21","date_gmt":"2025-08-14T08:23:21","guid":{"rendered":"https:\/\/premiumline-cabling.com\/?post_type=product&#038;p=23727"},"modified":"2025-09-10T15:35:54","modified_gmt":"2025-09-10T14:35:54","slug":"fo-hds144-patchpanel-1-4he","status":"publish","type":"product","link":"https:\/\/premiumline-cabling.com\/de\/product\/fo-hds144-patchpanel-1-4he\/","title":{"rendered":"FO HDS144 Patchpanel"},"content":{"rendered":"<h3><strong>EIGENSCHAFTEN:<\/strong><\/h3>\n<ul>\n<li style=\"list-style-type: none;\">\n<ul>\n<li>Geeignet f\u00fcr 1U\/144F LC, 2U\/288F LC, 4U\/576F LC<\/li>\n<li>Standard 19&#8243; Patchpanel<\/li>\n<li>Geeignet f\u00fcr <a href=\"https:\/\/premiumline-cabling.com\/de\/product\/kassette-fuer-hds144\/\">MPO\/MTP auf LC oder MPO\/MTP Kassette (P\/N 68auvwxyz)<\/a><\/li>\n<li>Unabh\u00e4ngige Steckkassette, \u00fcber Schienen herausziehbar<\/li>\n<li>Auf jedem Boden k\u00f6nnen 2\/3\/5\/4\/6 Kassetten installiert werden<\/li>\n<li>Kabelmanagementfunktionen an der Vorder- und R\u00fcckseite<\/li>\n<li>Unterst\u00fctzt MTP\/MPO-MTP\/MPO-Konvertierung<\/li>\n<li>Optionaler MTP\/MPO\/LC-Anschluss<\/li>\n<li>Unterst\u00fctzung des Pigtail-Splei\u00dfens<\/li>\n<li>RoHS-konform<\/li>\n<\/ul>\n<\/li>\n<\/ul>\n<p>&nbsp;<\/p>\n<h3><strong><noscript><img decoding=\"async\" class=\"aligncenter wp-image-23731 size-large\" src=\"https:\/\/premiumline-cabling.com\/wp-content\/uploads\/2025\/08\/HDS144-1U-1024x409.jpg\" alt width=\"1024\" height=\"409\" srcset=\"https:\/\/premiumline-cabling.com\/wp-content\/uploads\/2025\/08\/HDS144-1U-1024x409.jpg 1024w, https:\/\/premiumline-cabling.com\/wp-content\/uploads\/2025\/08\/HDS144-1U-300x120.jpg 300w, https:\/\/premiumline-cabling.com\/wp-content\/uploads\/2025\/08\/HDS144-1U-768x307.jpg 768w, https:\/\/premiumline-cabling.com\/wp-content\/uploads\/2025\/08\/HDS144-1U.jpg 1428w\" sizes=\"(max-width: 1024px) 100vw, 1024px\"><\/noscript><img decoding=\"async\" class=\"aligncenter wp-image-23731 size-large lazyload\" src=\"data:image\/svg+xml,%3Csvg%20xmlns%3D%22http%3A%2F%2Fwww.w3.org%2F2000%2Fsvg%22%20viewBox%3D%220%200%201024%20409%22%3E%3C%2Fsvg%3E\" alt width=\"1024\" height=\"409\" srcset=\"data:image\/svg+xml,%3Csvg%20xmlns%3D%22http%3A%2F%2Fwww.w3.org%2F2000%2Fsvg%22%20viewBox%3D%220%200%201024%20409%22%3E%3C%2Fsvg%3E 1024w\" sizes=\"(max-width: 1024px) 100vw, 1024px\" data-srcset=\"https:\/\/premiumline-cabling.com\/wp-content\/uploads\/2025\/08\/HDS144-1U-1024x409.jpg 1024w, https:\/\/premiumline-cabling.com\/wp-content\/uploads\/2025\/08\/HDS144-1U-300x120.jpg 300w, https:\/\/premiumline-cabling.com\/wp-content\/uploads\/2025\/08\/HDS144-1U-768x307.jpg 768w, https:\/\/premiumline-cabling.com\/wp-content\/uploads\/2025\/08\/HDS144-1U.jpg 1428w\" data-src=\"https:\/\/premiumline-cabling.com\/wp-content\/uploads\/2025\/08\/HDS144-1U-1024x409.jpg\">ANWENDUNGEN:<\/strong><\/h3>\n<ul>\n<li>Rechenzentrum, Datenkommunikationsnetz<\/li>\n<li>Telekommunikation, CATV<\/li>\n<li>Local Area Network, FTTx-Bereitstellungen<\/li>\n<li>Bereitstellen von Terminierung, Schutz, Anschluss und Verwaltung von Glasfaserkabeln<\/li>\n<\/ul>\n<p><noscript><img decoding=\"async\" class=\"aligncenter wp-image-23745 size-large\" src=\"https:\/\/premiumline-cabling.com\/wp-content\/uploads\/2025\/08\/HDS144-1-4U_s-1024x237.jpg\" alt width=\"1024\" height=\"237\" srcset=\"https:\/\/premiumline-cabling.com\/wp-content\/uploads\/2025\/08\/HDS144-1-4U_s-1024x237.jpg 1024w, https:\/\/premiumline-cabling.com\/wp-content\/uploads\/2025\/08\/HDS144-1-4U_s-300x69.jpg 300w, https:\/\/premiumline-cabling.com\/wp-content\/uploads\/2025\/08\/HDS144-1-4U_s-768x178.jpg 768w, https:\/\/premiumline-cabling.com\/wp-content\/uploads\/2025\/08\/HDS144-1-4U_s.jpg 1060w\" sizes=\"(max-width: 1024px) 100vw, 1024px\"><\/noscript><img decoding=\"async\" class=\"aligncenter wp-image-23745 size-large lazyload\" src=\"data:image\/svg+xml,%3Csvg%20xmlns%3D%22http%3A%2F%2Fwww.w3.org%2F2000%2Fsvg%22%20viewBox%3D%220%200%201024%20237%22%3E%3C%2Fsvg%3E\" alt width=\"1024\" height=\"237\" srcset=\"data:image\/svg+xml,%3Csvg%20xmlns%3D%22http%3A%2F%2Fwww.w3.org%2F2000%2Fsvg%22%20viewBox%3D%220%200%201024%20237%22%3E%3C%2Fsvg%3E 1024w\" sizes=\"(max-width: 1024px) 100vw, 1024px\" data-srcset=\"https:\/\/premiumline-cabling.com\/wp-content\/uploads\/2025\/08\/HDS144-1-4U_s-1024x237.jpg 1024w, https:\/\/premiumline-cabling.com\/wp-content\/uploads\/2025\/08\/HDS144-1-4U_s-300x69.jpg 300w, https:\/\/premiumline-cabling.com\/wp-content\/uploads\/2025\/08\/HDS144-1-4U_s-768x178.jpg 768w, https:\/\/premiumline-cabling.com\/wp-content\/uploads\/2025\/08\/HDS144-1-4U_s.jpg 1060w\" data-src=\"https:\/\/premiumline-cabling.com\/wp-content\/uploads\/2025\/08\/HDS144-1-4U_s-1024x237.jpg\"><\/p>\n<h3><strong>SPEZIFIKATION:<\/strong><\/h3>\n<p>Material<\/p>\n<table>\n<tbody>\n<tr>\n<td width=\"189\">des Geh\u00e4uses<\/td>\n<td width=\"397\">Kaltgewalzte Stahlplatte<\/td>\n<\/tr>\n<tr>\n<td width=\"189\">Relative Luftfeuchtigkeit<\/td>\n<td width=\"397\">\u226485%(+30\u00b0C)<\/td>\n<\/tr>\n<tr>\n<td width=\"189\">Luftdruck<\/td>\n<td width=\"397\">70 kPa ~ 106 kPa<\/td>\n<\/tr>\n<tr>\n<td width=\"189\">Abmessungen (BxTxH)<\/td>\n<td width=\"397\">482,8 mm\u00d7350 mm\u00d71\/2\/4 HE (mit Heckklappe: 497 mm)<\/td>\n<\/tr>\n<tr>\n<td width=\"189\">Betriebstemperatur<\/td>\n<td width=\"397\">-40\u00b0C ~ +75\u00b0C<\/td>\n<\/tr>\n<tr>\n<td width=\"189\">Lagertemperatur<\/td>\n<td width=\"397\">-40\u00b0C ~ +75\u00b0C<\/td>\n<\/tr>\n<tr>\n<td colspan=\"2\" width=\"586\">Hinweis:\n<p>1. Best\u00fcckung: wahlweise 6 St\u00fcck mit 8F-Kassetten, 4 St\u00fcck mit 12F Kassetten, 3 St\u00fcck mit 16F Kassetten oder 2 St\u00fcck mit 24F Kassetten<\/p>\n<p>2. Ladungskapazit\u00e4t: 1U: 3 Lagen, 2U: 6 Lagen, 4U: 12 Lagen<\/p><\/td>\n<\/tr>\n<\/tbody>\n<\/table>\n<div class=\"mceTemp\"><\/div>\n<h3>KASSETTEN-TYPEN<\/h3>\n<p><noscript><img decoding=\"async\" class=\"aligncenter wp-image-23863 size-large\" src=\"https:\/\/premiumline-cabling.com\/wp-content\/uploads\/2025\/08\/HDS144-1-4U_cassettes_3-1024x721.jpg\" alt width=\"1024\" height=\"721\" srcset=\"https:\/\/premiumline-cabling.com\/wp-content\/uploads\/2025\/08\/HDS144-1-4U_cassettes_3-1024x721.jpg 1024w, https:\/\/premiumline-cabling.com\/wp-content\/uploads\/2025\/08\/HDS144-1-4U_cassettes_3-300x211.jpg 300w, https:\/\/premiumline-cabling.com\/wp-content\/uploads\/2025\/08\/HDS144-1-4U_cassettes_3-768x541.jpg 768w, https:\/\/premiumline-cabling.com\/wp-content\/uploads\/2025\/08\/HDS144-1-4U_cassettes_3.jpg 1052w\" sizes=\"(max-width: 1024px) 100vw, 1024px\"><\/noscript><img decoding=\"async\" class=\"aligncenter wp-image-23863 size-large lazyload\" src=\"data:image\/svg+xml,%3Csvg%20xmlns%3D%22http%3A%2F%2Fwww.w3.org%2F2000%2Fsvg%22%20viewBox%3D%220%200%201024%20721%22%3E%3C%2Fsvg%3E\" alt width=\"1024\" height=\"721\" srcset=\"data:image\/svg+xml,%3Csvg%20xmlns%3D%22http%3A%2F%2Fwww.w3.org%2F2000%2Fsvg%22%20viewBox%3D%220%200%201024%20721%22%3E%3C%2Fsvg%3E 1024w\" sizes=\"(max-width: 1024px) 100vw, 1024px\" data-srcset=\"https:\/\/premiumline-cabling.com\/wp-content\/uploads\/2025\/08\/HDS144-1-4U_cassettes_3-1024x721.jpg 1024w, https:\/\/premiumline-cabling.com\/wp-content\/uploads\/2025\/08\/HDS144-1-4U_cassettes_3-300x211.jpg 300w, https:\/\/premiumline-cabling.com\/wp-content\/uploads\/2025\/08\/HDS144-1-4U_cassettes_3-768x541.jpg 768w, https:\/\/premiumline-cabling.com\/wp-content\/uploads\/2025\/08\/HDS144-1-4U_cassettes_3.jpg 1052w\" data-src=\"https:\/\/premiumline-cabling.com\/wp-content\/uploads\/2025\/08\/HDS144-1-4U_cassettes_3-1024x721.jpg\"><\/p>\n<p>&nbsp;<\/p>\n<h3><\/h3>\n<p><strong>BESTELLINFORMATIONEN<\/strong><strong>:<\/strong><\/p>\n<table width=\"0\">\n<tbody>\n<tr>\n<td width=\"143\">Artikel-Nr.<\/td>\n<td width=\"558\">681A00002<\/td>\n<\/tr>\n<tr>\n<td width=\"143\">Beschreibung<\/td>\n<td width=\"558\">Premium-Line Beschreibung 19&#8243; HDS144 FO High Density Patchpanel, Hauptgeh\u00e4use, ohne Kassetten<\/td>\n<\/tr>\n<tr>\n<td width=\"143\">A, Gr\u00f6\u00dfe<\/td>\n<td width=\"558\">1: 1HE 2: 2HE 4:4HE<\/td>\n<\/tr>\n<\/tbody>\n<\/table>\n<p><iframe title=\"New Product Release: 19\u201d HDS144 Fiber Optic High Density Patch Panel\" width=\"500\" height=\"281\" src=\"https:\/\/www.youtube.com\/embed\/zFcwDcInB4A?feature=oembed\" frameborder=\"0\" allow=\"accelerometer; autoplay; clipboard-write; encrypted-media; gyroscope; picture-in-picture; web-share\" referrerpolicy=\"strict-origin-when-cross-origin\" allowfullscreen><\/iframe><\/p>\n","protected":false},"featured_media":23734,"template":"","product_category":[163],"class_list":["post-23727","product","type-product","status-publish","has-post-thumbnail","hentry","product_category-datenzentren"],"yoast_head":"<!-- This site is optimized with the Yoast SEO plugin v27.2 - https:\/\/yoast.com\/product\/yoast-seo-wordpress\/ -->\n<title>Premium-Line 19&quot; HDS144 LWL Patchpanel mit hoher Dichte<\/title>\n<meta name=\"description\" content=\"Modularer Aufbau und mechanische Push-Pull-Struktur vorne und hinten bieten deutliche Vorteile gegen\u00fcber Konkurrenzprodukten.\" \/>\n<meta name=\"robots\" content=\"index, follow, max-snippet:-1, max-image-preview:large, max-video-preview:-1\" \/>\n<link rel=\"canonical\" href=\"https:\/\/premiumline-cabling.com\/de\/product\/fo-hds144-patchpanel-1-4he\/\" \/>\n<meta property=\"og:locale\" content=\"de_DE\" \/>\n<meta property=\"og:type\" content=\"article\" \/>\n<meta property=\"og:title\" content=\"Premium-Line 19&quot; HDS144 LWL Patchpanel mit hoher Dichte\" \/>\n<meta property=\"og:description\" content=\"Modularer Aufbau und mechanische Push-Pull-Struktur vorne und hinten bieten deutliche Vorteile gegen\u00fcber Konkurrenzprodukten.\" \/>\n<meta property=\"og:url\" content=\"https:\/\/premiumline-cabling.com\/de\/product\/fo-hds144-patchpanel-1-4he\/\" \/>\n<meta property=\"og:site_name\" content=\"Premium-Line\" \/>\n<meta property=\"article:modified_time\" content=\"2025-09-10T14:35:54+00:00\" \/>\n<meta property=\"og:image\" content=\"https:\/\/premiumline-cabling.com\/wp-content\/uploads\/2025\/08\/New-Product-Release-19-HDS144-Fiber-Optic-High-Density-Patch-Panel_YT.jpg\" \/>\n\t<meta property=\"og:image:width\" content=\"1920\" \/>\n\t<meta property=\"og:image:height\" content=\"1080\" \/>\n\t<meta property=\"og:image:type\" content=\"image\/jpeg\" \/>\n<meta name=\"twitter:card\" content=\"summary_large_image\" \/>\n<meta name=\"twitter:label1\" content=\"Gesch\u00e4tzte Lesezeit\" \/>\n\t<meta name=\"twitter:data1\" content=\"2\u00a0Minuten\" \/>\n<script type=\"application\/ld+json\" class=\"yoast-schema-graph\">{\"@context\":\"https:\/\/schema.org\",\"@graph\":[{\"@type\":\"WebPage\",\"@id\":\"https:\/\/premiumline-cabling.com\/de\/product\/fo-hds144-patchpanel-1-4he\/\",\"url\":\"https:\/\/premiumline-cabling.com\/de\/product\/fo-hds144-patchpanel-1-4he\/\",\"name\":\"Premium-Line 19\\\" HDS144 LWL Patchpanel mit hoher Dichte\",\"isPartOf\":{\"@id\":\"https:\/\/premiumline-cabling.com\/#website\"},\"primaryImageOfPage\":{\"@id\":\"https:\/\/premiumline-cabling.com\/de\/product\/fo-hds144-patchpanel-1-4he\/#primaryimage\"},\"image\":{\"@id\":\"https:\/\/premiumline-cabling.com\/de\/product\/fo-hds144-patchpanel-1-4he\/#primaryimage\"},\"thumbnailUrl\":\"https:\/\/premiumline-cabling.com\/wp-content\/uploads\/2025\/08\/HDS144-1U.jpg\",\"datePublished\":\"2025-08-14T08:23:21+00:00\",\"dateModified\":\"2025-09-10T14:35:54+00:00\",\"description\":\"Modularer Aufbau und mechanische Push-Pull-Struktur vorne und hinten bieten deutliche Vorteile gegen\u00fcber Konkurrenzprodukten.\",\"breadcrumb\":{\"@id\":\"https:\/\/premiumline-cabling.com\/de\/product\/fo-hds144-patchpanel-1-4he\/#breadcrumb\"},\"inLanguage\":\"de\",\"potentialAction\":[{\"@type\":\"ReadAction\",\"target\":[\"https:\/\/premiumline-cabling.com\/de\/product\/fo-hds144-patchpanel-1-4he\/\"]}]},{\"@type\":\"ImageObject\",\"inLanguage\":\"de\",\"@id\":\"https:\/\/premiumline-cabling.com\/de\/product\/fo-hds144-patchpanel-1-4he\/#primaryimage\",\"url\":\"https:\/\/premiumline-cabling.com\/wp-content\/uploads\/2025\/08\/HDS144-1U.jpg\",\"contentUrl\":\"https:\/\/premiumline-cabling.com\/wp-content\/uploads\/2025\/08\/HDS144-1U.jpg\",\"width\":1428,\"height\":570},{\"@type\":\"BreadcrumbList\",\"@id\":\"https:\/\/premiumline-cabling.com\/de\/product\/fo-hds144-patchpanel-1-4he\/#breadcrumb\",\"itemListElement\":[{\"@type\":\"ListItem\",\"position\":1,\"name\":\"\u0413\u043b\u0430\u0432\u043d\u0430\u044f \u0441\u0442\u0440\u0430\u043d\u0438\u0446\u0430\",\"item\":\"https:\/\/premiumline-cabling.com\/de\/\"},{\"@type\":\"ListItem\",\"position\":2,\"name\":\"FO HDS144 Patchpanel\"}]},{\"@type\":\"WebSite\",\"@id\":\"https:\/\/premiumline-cabling.com\/#website\",\"url\":\"https:\/\/premiumline-cabling.com\/\",\"name\":\"Premium-Line\",\"description\":\"Structured Cabling System\",\"publisher\":{\"@id\":\"https:\/\/premiumline-cabling.com\/#organization\"},\"potentialAction\":[{\"@type\":\"SearchAction\",\"target\":{\"@type\":\"EntryPoint\",\"urlTemplate\":\"https:\/\/premiumline-cabling.com\/?s={search_term_string}\"},\"query-input\":{\"@type\":\"PropertyValueSpecification\",\"valueRequired\":true,\"valueName\":\"search_term_string\"}}],\"inLanguage\":\"de\"},{\"@type\":\"Organization\",\"@id\":\"https:\/\/premiumline-cabling.com\/#organization\",\"name\":\"Premium-Line\",\"url\":\"https:\/\/premiumline-cabling.com\/\",\"logo\":{\"@type\":\"ImageObject\",\"inLanguage\":\"de\",\"@id\":\"https:\/\/premiumline-cabling.com\/#\/schema\/logo\/image\/\",\"url\":\"https:\/\/premiumline-cabling.com\/wp-content\/uploads\/2019\/04\/cropped-img_logo_site_Premium-Line.png\",\"contentUrl\":\"https:\/\/premiumline-cabling.com\/wp-content\/uploads\/2019\/04\/cropped-img_logo_site_Premium-Line.png\",\"width\":190,\"height\":62,\"caption\":\"Premium-Line\"},\"image\":{\"@id\":\"https:\/\/premiumline-cabling.com\/#\/schema\/logo\/image\/\"}}]}<\/script>\n<!-- \/ Yoast SEO plugin. -->","yoast_head_json":{"title":"Premium-Line 19\" HDS144 LWL Patchpanel mit hoher Dichte","description":"Modularer Aufbau und mechanische Push-Pull-Struktur vorne und hinten bieten deutliche Vorteile gegen\u00fcber Konkurrenzprodukten.","robots":{"index":"index","follow":"follow","max-snippet":"max-snippet:-1","max-image-preview":"max-image-preview:large","max-video-preview":"max-video-preview:-1"},"canonical":"https:\/\/premiumline-cabling.com\/de\/product\/fo-hds144-patchpanel-1-4he\/","og_locale":"de_DE","og_type":"article","og_title":"Premium-Line 19\" HDS144 LWL Patchpanel mit hoher Dichte","og_description":"Modularer Aufbau und mechanische Push-Pull-Struktur vorne und hinten bieten deutliche Vorteile gegen\u00fcber Konkurrenzprodukten.","og_url":"https:\/\/premiumline-cabling.com\/de\/product\/fo-hds144-patchpanel-1-4he\/","og_site_name":"Premium-Line","article_modified_time":"2025-09-10T14:35:54+00:00","og_image":[{"width":1920,"height":1080,"url":"https:\/\/premiumline-cabling.com\/wp-content\/uploads\/2025\/08\/New-Product-Release-19-HDS144-Fiber-Optic-High-Density-Patch-Panel_YT.jpg","type":"image\/jpeg"}],"twitter_card":"summary_large_image","twitter_misc":{"Gesch\u00e4tzte Lesezeit":"2\u00a0Minuten"},"schema":{"@context":"https:\/\/schema.org","@graph":[{"@type":"WebPage","@id":"https:\/\/premiumline-cabling.com\/de\/product\/fo-hds144-patchpanel-1-4he\/","url":"https:\/\/premiumline-cabling.com\/de\/product\/fo-hds144-patchpanel-1-4he\/","name":"Premium-Line 19\" HDS144 LWL Patchpanel mit hoher Dichte","isPartOf":{"@id":"https:\/\/premiumline-cabling.com\/#website"},"primaryImageOfPage":{"@id":"https:\/\/premiumline-cabling.com\/de\/product\/fo-hds144-patchpanel-1-4he\/#primaryimage"},"image":{"@id":"https:\/\/premiumline-cabling.com\/de\/product\/fo-hds144-patchpanel-1-4he\/#primaryimage"},"thumbnailUrl":"https:\/\/premiumline-cabling.com\/wp-content\/uploads\/2025\/08\/HDS144-1U.jpg","datePublished":"2025-08-14T08:23:21+00:00","dateModified":"2025-09-10T14:35:54+00:00","description":"Modularer Aufbau und mechanische Push-Pull-Struktur vorne und hinten bieten deutliche Vorteile gegen\u00fcber Konkurrenzprodukten.","breadcrumb":{"@id":"https:\/\/premiumline-cabling.com\/de\/product\/fo-hds144-patchpanel-1-4he\/#breadcrumb"},"inLanguage":"de","potentialAction":[{"@type":"ReadAction","target":["https:\/\/premiumline-cabling.com\/de\/product\/fo-hds144-patchpanel-1-4he\/"]}]},{"@type":"ImageObject","inLanguage":"de","@id":"https:\/\/premiumline-cabling.com\/de\/product\/fo-hds144-patchpanel-1-4he\/#primaryimage","url":"https:\/\/premiumline-cabling.com\/wp-content\/uploads\/2025\/08\/HDS144-1U.jpg","contentUrl":"https:\/\/premiumline-cabling.com\/wp-content\/uploads\/2025\/08\/HDS144-1U.jpg","width":1428,"height":570},{"@type":"BreadcrumbList","@id":"https:\/\/premiumline-cabling.com\/de\/product\/fo-hds144-patchpanel-1-4he\/#breadcrumb","itemListElement":[{"@type":"ListItem","position":1,"name":"\u0413\u043b\u0430\u0432\u043d\u0430\u044f \u0441\u0442\u0440\u0430\u043d\u0438\u0446\u0430","item":"https:\/\/premiumline-cabling.com\/de\/"},{"@type":"ListItem","position":2,"name":"FO HDS144 Patchpanel"}]},{"@type":"WebSite","@id":"https:\/\/premiumline-cabling.com\/#website","url":"https:\/\/premiumline-cabling.com\/","name":"Premium-Line","description":"Structured Cabling System","publisher":{"@id":"https:\/\/premiumline-cabling.com\/#organization"},"potentialAction":[{"@type":"SearchAction","target":{"@type":"EntryPoint","urlTemplate":"https:\/\/premiumline-cabling.com\/?s={search_term_string}"},"query-input":{"@type":"PropertyValueSpecification","valueRequired":true,"valueName":"search_term_string"}}],"inLanguage":"de"},{"@type":"Organization","@id":"https:\/\/premiumline-cabling.com\/#organization","name":"Premium-Line","url":"https:\/\/premiumline-cabling.com\/","logo":{"@type":"ImageObject","inLanguage":"de","@id":"https:\/\/premiumline-cabling.com\/#\/schema\/logo\/image\/","url":"https:\/\/premiumline-cabling.com\/wp-content\/uploads\/2019\/04\/cropped-img_logo_site_Premium-Line.png","contentUrl":"https:\/\/premiumline-cabling.com\/wp-content\/uploads\/2019\/04\/cropped-img_logo_site_Premium-Line.png","width":190,"height":62,"caption":"Premium-Line"},"image":{"@id":"https:\/\/premiumline-cabling.com\/#\/schema\/logo\/image\/"}}]}},"_links":{"self":[{"href":"https:\/\/premiumline-cabling.com\/de\/wp-json\/wp\/v2\/product\/23727","targetHints":{"allow":["GET"]}}],"collection":[{"href":"https:\/\/premiumline-cabling.com\/de\/wp-json\/wp\/v2\/product"}],"about":[{"href":"https:\/\/premiumline-cabling.com\/de\/wp-json\/wp\/v2\/types\/product"}],"wp:featuredmedia":[{"embeddable":true,"href":"https:\/\/premiumline-cabling.com\/de\/wp-json\/wp\/v2\/media\/23734"}],"wp:attachment":[{"href":"https:\/\/premiumline-cabling.com\/de\/wp-json\/wp\/v2\/media?parent=23727"}],"wp:term":[{"taxonomy":"product_category","embeddable":true,"href":"https:\/\/premiumline-cabling.com\/de\/wp-json\/wp\/v2\/product_category?post=23727"}],"curies":[{"name":"wp","href":"https:\/\/api.w.org\/{rel}","templated":true}]}}