{"id":21190,"date":"2024-02-05T16:38:19","date_gmt":"2024-02-05T15:38:19","guid":{"rendered":"https:\/\/premiumline-cabling.com\/?post_type=product&#038;p=21190"},"modified":"2024-02-12T20:01:09","modified_gmt":"2024-02-12T19:01:09","slug":"access-control-system","status":"publish","type":"product","link":"https:\/\/premiumline-cabling.com\/de\/product\/access-control-system\/","title":{"rendered":"Access Control System"},"content":{"rendered":"<h2>Access Control System Zutrittskontrollsystem f\u00fcr Stra\u00dfenschr\u00e4nke und Geh\u00e4use<\/h2>\n<h3>Merkmale:<br>\n<noscript><img decoding=\"async\" class=\"size-medium wp-image-21194 alignright\" style=\"font-size: 16px; font-weight: 400;\" src=\"https:\/\/premiumline-cabling.com\/wp-content\/uploads\/2024\/02\/ACS_1-170x300.png\" alt width=\"170\" height=\"300\" srcset=\"https:\/\/premiumline-cabling.com\/wp-content\/uploads\/2024\/02\/ACS_1-170x300.png 170w, https:\/\/premiumline-cabling.com\/wp-content\/uploads\/2024\/02\/ACS_1.png 406w\" sizes=\"(max-width: 170px) 100vw, 170px\"><\/noscript><img decoding=\"async\" class=\"size-medium wp-image-21194 alignright lazyload\" style=\"font-size: 16px; font-weight: 400;\" src=\"data:image\/svg+xml,%3Csvg%20xmlns%3D%22http%3A%2F%2Fwww.w3.org%2F2000%2Fsvg%22%20viewBox%3D%220%200%20170%20300%22%3E%3C%2Fsvg%3E\" alt width=\"170\" height=\"300\" srcset=\"data:image\/svg+xml,%3Csvg%20xmlns%3D%22http%3A%2F%2Fwww.w3.org%2F2000%2Fsvg%22%20viewBox%3D%220%200%20170%20300%22%3E%3C%2Fsvg%3E 170w\" sizes=\"(max-width: 170px) 100vw, 170px\" data-srcset=\"https:\/\/premiumline-cabling.com\/wp-content\/uploads\/2024\/02\/ACS_1-170x300.png 170w, https:\/\/premiumline-cabling.com\/wp-content\/uploads\/2024\/02\/ACS_1.png 406w\" data-src=\"https:\/\/premiumline-cabling.com\/wp-content\/uploads\/2024\/02\/ACS_1-170x300.png\"><\/h3>\n<ul>\n<li>Geschwei\u00dfter Monoblock-K\u00f6rper<\/li>\n<li>Aufklappbare, abnehmbare Dichtung und 3-Punkt-Verriegelung der Vordert\u00fcr<\/li>\n<li>Elektronisches Zugangskontrollsystem f\u00fcr Stra\u00dfenschr\u00e4nke und Geh\u00e4use<\/li>\n<li>Geeignet f\u00fcr passive (keine interne Stromquelle) und aktive (dauerbetriebene) Installationen<\/li>\n<li>Zugangsberechtigung \u00fcber eine Smartphone-App<\/li>\n<li>Offline-System (ohne Cloud) und Online-System (private Cloud).<\/li>\n<li>Kommunikation basierend auf der Bluetooth\u00ae Low Energy(BLE)-Technologie<\/li>\n<\/ul>\n<h3><\/h3>\n<h3>Passive Schr\u00e4nke ohne interne Stromquelle:<\/h3>\n<ul>\n<li>Anwendungsbeispiel: Fiber-to-the-Home-Eins\u00e4tze, die nur passive Glasfaserkomponenten im Schrank enthalten.<\/li>\n<li>Die externe Stromquelle muss w\u00e4hrend des Installationsvorgangs vor\u00fcbergehend angeschlossen werden, um Zugang zu erhalten.<\/li>\n<\/ul>\n<h3>Aktive Schr\u00e4nke mit permanenter Stromversorgung<\/h3>\n<ul>\n<li>Die modulare Zugangseinheit unterst\u00fctzt Gleichstrom- oder Wechselstromquellen (mit Adapter).<\/li>\n<\/ul>\n<h3><\/h3>\n<h3>Access Control System:<br>\n<noscript><img decoding=\"async\" class=\"size-medium wp-image-21201 alignright\" src=\"https:\/\/premiumline-cabling.com\/wp-content\/uploads\/2024\/02\/ACS_2-232x300.jpg\" alt width=\"232\" height=\"300\" srcset=\"https:\/\/premiumline-cabling.com\/wp-content\/uploads\/2024\/02\/ACS_2-232x300.jpg 232w, https:\/\/premiumline-cabling.com\/wp-content\/uploads\/2024\/02\/ACS_2.jpg 320w\" sizes=\"(max-width: 232px) 100vw, 232px\"><\/noscript><img decoding=\"async\" class=\"size-medium wp-image-21201 alignright lazyload\" src=\"data:image\/svg+xml,%3Csvg%20xmlns%3D%22http%3A%2F%2Fwww.w3.org%2F2000%2Fsvg%22%20viewBox%3D%220%200%20232%20300%22%3E%3C%2Fsvg%3E\" alt width=\"232\" height=\"300\" srcset=\"data:image\/svg+xml,%3Csvg%20xmlns%3D%22http%3A%2F%2Fwww.w3.org%2F2000%2Fsvg%22%20viewBox%3D%220%200%20232%20300%22%3E%3C%2Fsvg%3E 232w\" sizes=\"(max-width: 232px) 100vw, 232px\" data-srcset=\"https:\/\/premiumline-cabling.com\/wp-content\/uploads\/2024\/02\/ACS_2-232x300.jpg 232w, https:\/\/premiumline-cabling.com\/wp-content\/uploads\/2024\/02\/ACS_2.jpg 320w\" data-src=\"https:\/\/premiumline-cabling.com\/wp-content\/uploads\/2024\/02\/ACS_2-232x300.jpg\"><\/h3>\n<ul>\n<li>Inneneinheit im Geh\u00e4use montiert<\/li>\n<li>Unterst\u00fctzt mehrere Schl\u00f6sser pro Schrank, jedes kann einzeln autorisiert werden<\/li>\n<li>In aktiven Installationen dauerhaft mit Strom versorgt (weiter Eingangsspannungsbereich: DC 12V \u2013DC 76V*)<\/li>\n<li>Bei passiven Eins\u00e4tzen erh\u00e4lt das Ger\u00e4t vor\u00fcbergehend Strom vom Netzteil<\/li>\n<li>Mehrere Kommunikationsm\u00f6glichkeiten: BLE, RFID*, LoRA*, Ethernet<\/li>\n<\/ul>\n<p>* &#8211; noch nicht vollst\u00e4ndig implementiert<\/p>\n<h3>Technische Voraussetzung:<\/h3>\n<ul>\n<li style=\"list-style-type: none;\">\n<ul>\n<li>L\u00e4uft als lokale Anwendung auf Windows 10-Installationen<\/li>\n<li>Mindestanforderungen: o NET Framework 4.6 o Windows 10 x64 Build17134 (Version April 2018)<\/li>\n<li>\n<h3><strong><noscript><img decoding=\"async\" class=\"size-medium wp-image-21208 alignright\" src=\"https:\/\/premiumline-cabling.com\/wp-content\/uploads\/2024\/02\/ACS_3-118x300.jpg\" alt width=\"118\" height=\"300\" srcset=\"https:\/\/premiumline-cabling.com\/wp-content\/uploads\/2024\/02\/ACS_3-118x300.jpg 118w, https:\/\/premiumline-cabling.com\/wp-content\/uploads\/2024\/02\/ACS_3.jpg 188w\" sizes=\"(max-width: 118px) 100vw, 118px\"><\/noscript><img decoding=\"async\" class=\"size-medium wp-image-21208 alignright lazyload\" src=\"data:image\/svg+xml,%3Csvg%20xmlns%3D%22http%3A%2F%2Fwww.w3.org%2F2000%2Fsvg%22%20viewBox%3D%220%200%20118%20300%22%3E%3C%2Fsvg%3E\" alt width=\"118\" height=\"300\" srcset=\"data:image\/svg+xml,%3Csvg%20xmlns%3D%22http%3A%2F%2Fwww.w3.org%2F2000%2Fsvg%22%20viewBox%3D%220%200%20118%20300%22%3E%3C%2Fsvg%3E 118w\" sizes=\"(max-width: 118px) 100vw, 118px\" data-srcset=\"https:\/\/premiumline-cabling.com\/wp-content\/uploads\/2024\/02\/ACS_3-118x300.jpg 118w, https:\/\/premiumline-cabling.com\/wp-content\/uploads\/2024\/02\/ACS_3.jpg 188w\" data-src=\"https:\/\/premiumline-cabling.com\/wp-content\/uploads\/2024\/02\/ACS_3-118x300.jpg\"><\/strong><\/h3>\n<p><strong>Hauptfunktionen:<\/strong><\/p><\/li>\n<\/ul>\n<\/li>\n<\/ul>\n<ul>\n<li>Benutzerverwaltung<\/li>\n<li>Initialisierung sperren<\/li>\n<li>Asset-(Standort-)Management<\/li>\n<li>Zugriffsrechteverwaltung<\/li>\n<\/ul>\n<h3><\/h3>\n<h3>Mobile Applikation:<\/h3>\n<ul>\n<li>Kostenlos f\u00fcr beide Hauptplattformen iOS und Android verf\u00fcgbar<\/li>\n<li>Smartphones mit Bluetooth\u00ae Low Energy (BLE 4.0)-Unterst\u00fctzung erforderlich<\/li>\n<li>Jede Installation ist gesch\u00fctzt! Es ist keine Schl\u00fcssel\u00fcbertragung zwischen Ger\u00e4ten (auch nicht f\u00fcr denselben Benutzer) m\u00f6glich!<\/li>\n<li>Zeigt den Standort aller registrierten Anlagen auf der Karte an (OSM-basiert)<\/li>\n<li>Zeigt den Zugriffsstatus an und erm\u00f6glicht den Zugriff auf den Schrank<\/li>\n<\/ul>\n<p><strong>Weitere Details in diesem Video:<\/strong><\/p>\n<p><iframe title=\"Premium-Line Access Control System\" width=\"500\" height=\"281\" src=\"https:\/\/www.youtube.com\/embed\/D1gwIa1uAgc?feature=oembed\" frameborder=\"0\" allow=\"accelerometer; autoplay; clipboard-write; encrypted-media; gyroscope; picture-in-picture; web-share\" referrerpolicy=\"strict-origin-when-cross-origin\" allowfullscreen><\/iframe><\/p>\n<p>F\u00fcr weitere Informationen f\u00fcllen Sie bitte das untenstehende Formular aus und wir werden uns in K\u00fcrze mit Ihnen in Verbindung setzen.<\/p>\n\n<div class=\"wpcf7 no-js\" id=\"wpcf7-f21231-o1\" lang=\"ru-RU\" dir=\"ltr\" data-wpcf7-id=\"21231\">\n<div class=\"screen-reader-response\"><p role=\"status\" aria-live=\"polite\" aria-atomic=\"true\"><\/p> <ul><\/ul><\/div>\n<form action=\"\/de\/wp-json\/wp\/v2\/product\/21190#wpcf7-f21231-o1\" method=\"post\" class=\"wpcf7-form init\" aria-label=\"\u041a\u043e\u043d\u0442\u0430\u043a\u0442\u043d\u0430\u044f \u0444\u043e\u0440\u043c\u0430\" novalidate=\"novalidate\" data-status=\"init\">\n<fieldset class=\"hidden-fields-container\"><input type=\"hidden\" name=\"_wpcf7\" value=\"21231\"><input type=\"hidden\" name=\"_wpcf7_version\" value=\"6.1.5\"><input type=\"hidden\" name=\"_wpcf7_locale\" value=\"ru_RU\"><input type=\"hidden\" name=\"_wpcf7_unit_tag\" value=\"wpcf7-f21231-o1\"><input type=\"hidden\" name=\"_wpcf7_container_post\" value=\"0\"><input type=\"hidden\" name=\"_wpcf7_posted_data_hash\" value><input type=\"hidden\" name=\"_wpcf7_recaptcha_response\" value>\n<\/fieldset>\n<div class=\"wrap-input\">\n\t<p><label><span class=\"title\">Company: <\/span><span class=\"wpcf7-form-control-wrap\" data-name=\"text-72\"><input size=\"40\" maxlength=\"400\" class=\"wpcf7-form-control wpcf7-text\" aria-invalid=\"false\" value type=\"text\" name=\"text-72\"><\/span><\/label><br>\n<label><span class=\"title\">Phone number: <\/span><span class=\"wpcf7-form-control-wrap\" data-name=\"tel-186\"><input size=\"40\" maxlength=\"400\" class=\"wpcf7-form-control wpcf7-tel wpcf7-text wpcf7-validates-as-tel\" aria-invalid=\"false\" value type=\"tel\" name=\"tel-186\"><\/span><\/label>\n\t<\/p>\n<\/div>\n<div class=\"wrap-input\">\n\t<p><label><span class=\"title\">Full name*: <\/span><span class=\"wpcf7-form-control-wrap\" data-name=\"text-73\"><input size=\"40\" maxlength=\"400\" class=\"wpcf7-form-control wpcf7-text wpcf7-validates-as-required\" aria-required=\"true\" aria-invalid=\"false\" value type=\"text\" name=\"text-73\"><\/span><\/label><br>\n<label><span class=\"title\">City: <\/span><span class=\"wpcf7-form-control-wrap\" data-name=\"text-74\"><input size=\"40\" maxlength=\"400\" class=\"wpcf7-form-control wpcf7-text\" aria-invalid=\"false\" value type=\"text\" name=\"text-74\"><\/span><\/label>\n\t<\/p>\n<\/div>\n<div class=\"wrap-input\">\n\t<p><label><span class=\"title\">Email address*: <\/span><span class=\"wpcf7-form-control-wrap\" data-name=\"your-email\"><input size=\"40\" maxlength=\"400\" class=\"wpcf7-form-control wpcf7-email wpcf7-validates-as-required wpcf7-text wpcf7-validates-as-email\" aria-required=\"true\" aria-invalid=\"false\" value type=\"email\" name=\"your-email\"><\/span><\/label><br>\n<label><span class=\"title\">Country*: <\/span><span class=\"wpcf7-form-control-wrap\" data-name=\"text-75\"><input size=\"40\" maxlength=\"400\" class=\"wpcf7-form-control wpcf7-text wpcf7-validates-as-required\" aria-required=\"true\" aria-invalid=\"false\" value type=\"text\" name=\"text-75\"><\/span><\/label>\n\t<\/p>\n<\/div>\n<div class=\"wrap-input submit\">\n\t<p><input class=\"wpcf7-form-control wpcf7-submit has-spinner submit\" type=\"submit\" value=\"SUBMIT\">\n\t<\/p>\n<\/div><div class=\"wpcf7-response-output\" aria-hidden=\"true\"><\/div>\n<\/form>\n<\/div>\n\n","protected":false},"featured_media":21218,"template":"","product_category":[458],"class_list":["post-21190","product","type-product","status-publish","has-post-thumbnail","hentry","product_category-outdoor-cabinets-de"],"yoast_head":"<!-- This site is optimized with the Yoast SEO plugin v27.2 - https:\/\/yoast.com\/product\/yoast-seo-wordpress\/ -->\n<title>Premium-Line Outdoor Line Cabinet<\/title>\n<meta name=\"description\" content=\"Access Control System Zutrittskontrollsystem f\u00fcr Stra\u00dfenschr\u00e4nke und Geh\u00e4use.\" \/>\n<meta name=\"robots\" content=\"index, follow, max-snippet:-1, max-image-preview:large, max-video-preview:-1\" \/>\n<link rel=\"canonical\" href=\"https:\/\/premiumline-cabling.com\/de\/product\/access-control-system\/\" \/>\n<meta property=\"og:locale\" content=\"de_DE\" \/>\n<meta property=\"og:type\" content=\"article\" \/>\n<meta property=\"og:title\" content=\"Premium-Line Outdoor Line Cabinet\" \/>\n<meta property=\"og:description\" content=\"Access Control System Zutrittskontrollsystem f\u00fcr Stra\u00dfenschr\u00e4nke und Geh\u00e4use.\" \/>\n<meta property=\"og:url\" content=\"https:\/\/premiumline-cabling.com\/de\/product\/access-control-system\/\" \/>\n<meta property=\"og:site_name\" content=\"Premium-Line\" \/>\n<meta property=\"article:modified_time\" content=\"2024-02-12T19:01:09+00:00\" \/>\n<meta property=\"og:image\" content=\"https:\/\/premiumline-cabling.com\/wp-content\/uploads\/2024\/02\/PL_img_img_PL_-Access-Control-System_FB-1.jpg\" \/>\n\t<meta property=\"og:image:width\" content=\"1200\" \/>\n\t<meta property=\"og:image:height\" content=\"627\" \/>\n\t<meta property=\"og:image:type\" content=\"image\/jpeg\" \/>\n<meta name=\"twitter:card\" content=\"summary_large_image\" \/>\n<meta name=\"twitter:label1\" content=\"Gesch\u00e4tzte Lesezeit\" \/>\n\t<meta name=\"twitter:data1\" content=\"2\u00a0Minuten\" \/>\n<script type=\"application\/ld+json\" class=\"yoast-schema-graph\">{\"@context\":\"https:\/\/schema.org\",\"@graph\":[{\"@type\":\"WebPage\",\"@id\":\"https:\/\/premiumline-cabling.com\/de\/product\/access-control-system\/\",\"url\":\"https:\/\/premiumline-cabling.com\/de\/product\/access-control-system\/\",\"name\":\"Premium-Line Outdoor Line Cabinet\",\"isPartOf\":{\"@id\":\"https:\/\/premiumline-cabling.com\/#website\"},\"primaryImageOfPage\":{\"@id\":\"https:\/\/premiumline-cabling.com\/de\/product\/access-control-system\/#primaryimage\"},\"image\":{\"@id\":\"https:\/\/premiumline-cabling.com\/de\/product\/access-control-system\/#primaryimage\"},\"thumbnailUrl\":\"https:\/\/premiumline-cabling.com\/wp-content\/uploads\/2024\/02\/ACS_1_s.jpg\",\"datePublished\":\"2024-02-05T15:38:19+00:00\",\"dateModified\":\"2024-02-12T19:01:09+00:00\",\"description\":\"Access Control System Zutrittskontrollsystem f\u00fcr Stra\u00dfenschr\u00e4nke und Geh\u00e4use.\",\"breadcrumb\":{\"@id\":\"https:\/\/premiumline-cabling.com\/de\/product\/access-control-system\/#breadcrumb\"},\"inLanguage\":\"de\",\"potentialAction\":[{\"@type\":\"ReadAction\",\"target\":[\"https:\/\/premiumline-cabling.com\/de\/product\/access-control-system\/\"]}]},{\"@type\":\"ImageObject\",\"inLanguage\":\"de\",\"@id\":\"https:\/\/premiumline-cabling.com\/de\/product\/access-control-system\/#primaryimage\",\"url\":\"https:\/\/premiumline-cabling.com\/wp-content\/uploads\/2024\/02\/ACS_1_s.jpg\",\"contentUrl\":\"https:\/\/premiumline-cabling.com\/wp-content\/uploads\/2024\/02\/ACS_1_s.jpg\",\"width\":715,\"height\":716},{\"@type\":\"BreadcrumbList\",\"@id\":\"https:\/\/premiumline-cabling.com\/de\/product\/access-control-system\/#breadcrumb\",\"itemListElement\":[{\"@type\":\"ListItem\",\"position\":1,\"name\":\"\u0413\u043b\u0430\u0432\u043d\u0430\u044f \u0441\u0442\u0440\u0430\u043d\u0438\u0446\u0430\",\"item\":\"https:\/\/premiumline-cabling.com\/de\/\"},{\"@type\":\"ListItem\",\"position\":2,\"name\":\"Access Control System\"}]},{\"@type\":\"WebSite\",\"@id\":\"https:\/\/premiumline-cabling.com\/#website\",\"url\":\"https:\/\/premiumline-cabling.com\/\",\"name\":\"Premium-Line\",\"description\":\"Structured Cabling System\",\"publisher\":{\"@id\":\"https:\/\/premiumline-cabling.com\/#organization\"},\"potentialAction\":[{\"@type\":\"SearchAction\",\"target\":{\"@type\":\"EntryPoint\",\"urlTemplate\":\"https:\/\/premiumline-cabling.com\/?s={search_term_string}\"},\"query-input\":{\"@type\":\"PropertyValueSpecification\",\"valueRequired\":true,\"valueName\":\"search_term_string\"}}],\"inLanguage\":\"de\"},{\"@type\":\"Organization\",\"@id\":\"https:\/\/premiumline-cabling.com\/#organization\",\"name\":\"Premium-Line\",\"url\":\"https:\/\/premiumline-cabling.com\/\",\"logo\":{\"@type\":\"ImageObject\",\"inLanguage\":\"de\",\"@id\":\"https:\/\/premiumline-cabling.com\/#\/schema\/logo\/image\/\",\"url\":\"https:\/\/premiumline-cabling.com\/wp-content\/uploads\/2019\/04\/cropped-img_logo_site_Premium-Line.png\",\"contentUrl\":\"https:\/\/premiumline-cabling.com\/wp-content\/uploads\/2019\/04\/cropped-img_logo_site_Premium-Line.png\",\"width\":190,\"height\":62,\"caption\":\"Premium-Line\"},\"image\":{\"@id\":\"https:\/\/premiumline-cabling.com\/#\/schema\/logo\/image\/\"}}]}<\/script>\n<!-- \/ Yoast SEO plugin. -->","yoast_head_json":{"title":"Premium-Line Outdoor Line Cabinet","description":"Access Control System Zutrittskontrollsystem f\u00fcr Stra\u00dfenschr\u00e4nke und Geh\u00e4use.","robots":{"index":"index","follow":"follow","max-snippet":"max-snippet:-1","max-image-preview":"max-image-preview:large","max-video-preview":"max-video-preview:-1"},"canonical":"https:\/\/premiumline-cabling.com\/de\/product\/access-control-system\/","og_locale":"de_DE","og_type":"article","og_title":"Premium-Line Outdoor Line Cabinet","og_description":"Access Control System Zutrittskontrollsystem f\u00fcr Stra\u00dfenschr\u00e4nke und Geh\u00e4use.","og_url":"https:\/\/premiumline-cabling.com\/de\/product\/access-control-system\/","og_site_name":"Premium-Line","article_modified_time":"2024-02-12T19:01:09+00:00","og_image":[{"width":1200,"height":627,"url":"https:\/\/premiumline-cabling.com\/wp-content\/uploads\/2024\/02\/PL_img_img_PL_-Access-Control-System_FB-1.jpg","type":"image\/jpeg"}],"twitter_card":"summary_large_image","twitter_misc":{"Gesch\u00e4tzte Lesezeit":"2\u00a0Minuten"},"schema":{"@context":"https:\/\/schema.org","@graph":[{"@type":"WebPage","@id":"https:\/\/premiumline-cabling.com\/de\/product\/access-control-system\/","url":"https:\/\/premiumline-cabling.com\/de\/product\/access-control-system\/","name":"Premium-Line Outdoor Line Cabinet","isPartOf":{"@id":"https:\/\/premiumline-cabling.com\/#website"},"primaryImageOfPage":{"@id":"https:\/\/premiumline-cabling.com\/de\/product\/access-control-system\/#primaryimage"},"image":{"@id":"https:\/\/premiumline-cabling.com\/de\/product\/access-control-system\/#primaryimage"},"thumbnailUrl":"https:\/\/premiumline-cabling.com\/wp-content\/uploads\/2024\/02\/ACS_1_s.jpg","datePublished":"2024-02-05T15:38:19+00:00","dateModified":"2024-02-12T19:01:09+00:00","description":"Access Control System Zutrittskontrollsystem f\u00fcr Stra\u00dfenschr\u00e4nke und Geh\u00e4use.","breadcrumb":{"@id":"https:\/\/premiumline-cabling.com\/de\/product\/access-control-system\/#breadcrumb"},"inLanguage":"de","potentialAction":[{"@type":"ReadAction","target":["https:\/\/premiumline-cabling.com\/de\/product\/access-control-system\/"]}]},{"@type":"ImageObject","inLanguage":"de","@id":"https:\/\/premiumline-cabling.com\/de\/product\/access-control-system\/#primaryimage","url":"https:\/\/premiumline-cabling.com\/wp-content\/uploads\/2024\/02\/ACS_1_s.jpg","contentUrl":"https:\/\/premiumline-cabling.com\/wp-content\/uploads\/2024\/02\/ACS_1_s.jpg","width":715,"height":716},{"@type":"BreadcrumbList","@id":"https:\/\/premiumline-cabling.com\/de\/product\/access-control-system\/#breadcrumb","itemListElement":[{"@type":"ListItem","position":1,"name":"\u0413\u043b\u0430\u0432\u043d\u0430\u044f \u0441\u0442\u0440\u0430\u043d\u0438\u0446\u0430","item":"https:\/\/premiumline-cabling.com\/de\/"},{"@type":"ListItem","position":2,"name":"Access Control System"}]},{"@type":"WebSite","@id":"https:\/\/premiumline-cabling.com\/#website","url":"https:\/\/premiumline-cabling.com\/","name":"Premium-Line","description":"Structured Cabling System","publisher":{"@id":"https:\/\/premiumline-cabling.com\/#organization"},"potentialAction":[{"@type":"SearchAction","target":{"@type":"EntryPoint","urlTemplate":"https:\/\/premiumline-cabling.com\/?s={search_term_string}"},"query-input":{"@type":"PropertyValueSpecification","valueRequired":true,"valueName":"search_term_string"}}],"inLanguage":"de"},{"@type":"Organization","@id":"https:\/\/premiumline-cabling.com\/#organization","name":"Premium-Line","url":"https:\/\/premiumline-cabling.com\/","logo":{"@type":"ImageObject","inLanguage":"de","@id":"https:\/\/premiumline-cabling.com\/#\/schema\/logo\/image\/","url":"https:\/\/premiumline-cabling.com\/wp-content\/uploads\/2019\/04\/cropped-img_logo_site_Premium-Line.png","contentUrl":"https:\/\/premiumline-cabling.com\/wp-content\/uploads\/2019\/04\/cropped-img_logo_site_Premium-Line.png","width":190,"height":62,"caption":"Premium-Line"},"image":{"@id":"https:\/\/premiumline-cabling.com\/#\/schema\/logo\/image\/"}}]}},"_links":{"self":[{"href":"https:\/\/premiumline-cabling.com\/de\/wp-json\/wp\/v2\/product\/21190","targetHints":{"allow":["GET"]}}],"collection":[{"href":"https:\/\/premiumline-cabling.com\/de\/wp-json\/wp\/v2\/product"}],"about":[{"href":"https:\/\/premiumline-cabling.com\/de\/wp-json\/wp\/v2\/types\/product"}],"wp:featuredmedia":[{"embeddable":true,"href":"https:\/\/premiumline-cabling.com\/de\/wp-json\/wp\/v2\/media\/21218"}],"wp:attachment":[{"href":"https:\/\/premiumline-cabling.com\/de\/wp-json\/wp\/v2\/media?parent=21190"}],"wp:term":[{"taxonomy":"product_category","embeddable":true,"href":"https:\/\/premiumline-cabling.com\/de\/wp-json\/wp\/v2\/product_category?post=21190"}],"curies":[{"name":"wp","href":"https:\/\/api.w.org\/{rel}","templated":true}]}}