{"id":18797,"date":"2023-09-26T17:00:11","date_gmt":"2023-09-26T16:00:11","guid":{"rendered":"https:\/\/premiumline-cabling.com\/?post_type=product&#038;p=18797"},"modified":"2024-01-18T12:55:49","modified_gmt":"2024-01-18T11:55:49","slug":"floor-socket-outlet-3-port","status":"publish","type":"product","link":"https:\/\/premiumline-cabling.com\/de\/product\/floor-socket-outlet-3-port\/","title":{"rendered":"Bodendose, 3 Anschl\u00fcsse"},"content":{"rendered":"<h2 id=\"ui-id-1\" class=\"t3ddy-accordion-header ui-accordion-header ui-state-default ui-accordion-icons ui-state-focus ui-corner-all\" tabindex=\"0\" role=\"tab\" aria-controls=\"c1425\" aria-selected=\"false\" aria-expanded=\"false\">Bodendose mit Federmechanismus, 3 Anschl\u00fcsse<\/h2>\n<h3><strong>Merkmale:<\/strong><\/h3>\n<ul>\n<li>Pop-up-Design, einfache Bedienung und wirksamer Schutz des Innenaufbaus der Steckdose<\/li>\n<li>Kosteng\u00fcnstiges und einfach zu installierendes In-Boden-Liefersystem f\u00fcr gro\u00dfe, offene R\u00e4ume<\/li>\n<li>Wasser- und staubdichte Konstruktion<\/li>\n<li>Bietet Platz f\u00fcr 3 Keystone-Buchsen oder Keystone-Inline-Koppler<\/li>\n<li>Silber- und Goldfarben sind erh\u00e4ltlich<\/li>\n<li>Die untere Box ist im Lieferumfang enthalten<\/li>\n<\/ul>\n<h3><strong><noscript><img decoding=\"async\" class=\"alignnone size-medium wp-image-18824\" src=\"https:\/\/premiumline-cabling.com\/wp-content\/uploads\/2023\/09\/Floor-Socket-Outlet-3-Port_d3-300x300.jpg\" alt width=\"300\" height=\"300\" srcset=\"https:\/\/premiumline-cabling.com\/wp-content\/uploads\/2023\/09\/Floor-Socket-Outlet-3-Port_d3-300x300.jpg 300w, https:\/\/premiumline-cabling.com\/wp-content\/uploads\/2023\/09\/Floor-Socket-Outlet-3-Port_d3-150x150.jpg 150w, https:\/\/premiumline-cabling.com\/wp-content\/uploads\/2023\/09\/Floor-Socket-Outlet-3-Port_d3.jpg 595w\" sizes=\"(max-width: 300px) 100vw, 300px\"><\/noscript><img decoding=\"async\" class=\"alignnone size-medium wp-image-18824 lazyload\" src=\"data:image\/svg+xml,%3Csvg%20xmlns%3D%22http%3A%2F%2Fwww.w3.org%2F2000%2Fsvg%22%20viewBox%3D%220%200%20300%20300%22%3E%3C%2Fsvg%3E\" alt width=\"300\" height=\"300\" srcset=\"data:image\/svg+xml,%3Csvg%20xmlns%3D%22http%3A%2F%2Fwww.w3.org%2F2000%2Fsvg%22%20viewBox%3D%220%200%20300%20300%22%3E%3C%2Fsvg%3E 300w\" sizes=\"(max-width: 300px) 100vw, 300px\" data-srcset=\"https:\/\/premiumline-cabling.com\/wp-content\/uploads\/2023\/09\/Floor-Socket-Outlet-3-Port_d3-300x300.jpg 300w, https:\/\/premiumline-cabling.com\/wp-content\/uploads\/2023\/09\/Floor-Socket-Outlet-3-Port_d3-150x150.jpg 150w, https:\/\/premiumline-cabling.com\/wp-content\/uploads\/2023\/09\/Floor-Socket-Outlet-3-Port_d3.jpg 595w\" data-src=\"https:\/\/premiumline-cabling.com\/wp-content\/uploads\/2023\/09\/Floor-Socket-Outlet-3-Port_d3-300x300.jpg\"><noscript><img decoding=\"async\" class=\"alignnone size-medium wp-image-18805\" src=\"https:\/\/premiumline-cabling.com\/wp-content\/uploads\/2023\/09\/Floor-Socket-Outlet-3-Port_d2-300x283.jpg\" alt width=\"300\" height=\"283\" srcset=\"https:\/\/premiumline-cabling.com\/wp-content\/uploads\/2023\/09\/Floor-Socket-Outlet-3-Port_d2-300x283.jpg 300w, https:\/\/premiumline-cabling.com\/wp-content\/uploads\/2023\/09\/Floor-Socket-Outlet-3-Port_d2.jpg 483w\" sizes=\"(max-width: 300px) 100vw, 300px\"><\/noscript><img decoding=\"async\" class=\"alignnone size-medium wp-image-18805 lazyload\" src=\"data:image\/svg+xml,%3Csvg%20xmlns%3D%22http%3A%2F%2Fwww.w3.org%2F2000%2Fsvg%22%20viewBox%3D%220%200%20300%20283%22%3E%3C%2Fsvg%3E\" alt width=\"300\" height=\"283\" srcset=\"data:image\/svg+xml,%3Csvg%20xmlns%3D%22http%3A%2F%2Fwww.w3.org%2F2000%2Fsvg%22%20viewBox%3D%220%200%20300%20283%22%3E%3C%2Fsvg%3E 300w\" sizes=\"(max-width: 300px) 100vw, 300px\" data-srcset=\"https:\/\/premiumline-cabling.com\/wp-content\/uploads\/2023\/09\/Floor-Socket-Outlet-3-Port_d2-300x283.jpg 300w, https:\/\/premiumline-cabling.com\/wp-content\/uploads\/2023\/09\/Floor-Socket-Outlet-3-Port_d2.jpg 483w\" data-src=\"https:\/\/premiumline-cabling.com\/wp-content\/uploads\/2023\/09\/Floor-Socket-Outlet-3-Port_d2-300x283.jpg\"><\/strong><\/h3>\n<p><iframe title=\"Brief overview of Floor Socket Outlet 3-Port\" width=\"500\" height=\"281\" src=\"https:\/\/www.youtube.com\/embed\/Ti4zByP2ymc?feature=oembed\" frameborder=\"0\" allow=\"accelerometer; autoplay; clipboard-write; encrypted-media; gyroscope; picture-in-picture; web-share\" referrerpolicy=\"strict-origin-when-cross-origin\" allowfullscreen><\/iframe><\/p>\n<h3>Merkmale:<\/h3>\n<table>\n<tbody>\n<tr>\n<td colspan=\"2\" width=\"296\">Produkt<\/td>\n<td width=\"146\">Gold-Chassis<\/td>\n<td width=\"146\">Silber-Chassis<\/td>\n<\/tr>\n<tr>\n<td rowspan=\"2\" width=\"147\">Frontplatte<\/td>\n<td width=\"147\">Material<\/td>\n<td width=\"146\">Kupfer-Alu-Legierung<\/td>\n<td width=\"146\">Edelstahl<\/td>\n<\/tr>\n<tr>\n<td width=\"147\">Ma\u00dfe<\/td>\n<td colspan=\"2\" width=\"294\">120*120mm<\/td>\n<\/tr>\n<tr>\n<td rowspan=\"2\" width=\"147\">Bodendose<\/td>\n<td width=\"147\">Material<\/td>\n<td colspan=\"2\" width=\"294\">SECC<\/td>\n<\/tr>\n<tr>\n<td width=\"147\">Ma\u00dfe<\/td>\n<td colspan=\"2\" width=\"294\">100*100*54mm<\/td>\n<\/tr>\n<\/tbody>\n<\/table>\n<h3>Zeichung<span style=\"font-size: 16px;\">:<\/span><\/h3>\n<p><noscript><img decoding=\"async\" class=\"aligncenter wp-image-18811 size-full\" src=\"https:\/\/premiumline-cabling.com\/wp-content\/uploads\/2023\/09\/Floor-Socket-Outlet-3-Port_dr1.jpg\" alt width=\"735\" height=\"442\" srcset=\"https:\/\/premiumline-cabling.com\/wp-content\/uploads\/2023\/09\/Floor-Socket-Outlet-3-Port_dr1.jpg 735w, https:\/\/premiumline-cabling.com\/wp-content\/uploads\/2023\/09\/Floor-Socket-Outlet-3-Port_dr1-300x180.jpg 300w\" sizes=\"(max-width: 735px) 100vw, 735px\"><\/noscript><img decoding=\"async\" class=\"aligncenter wp-image-18811 size-full lazyload\" src=\"data:image\/svg+xml,%3Csvg%20xmlns%3D%22http%3A%2F%2Fwww.w3.org%2F2000%2Fsvg%22%20viewBox%3D%220%200%20735%20442%22%3E%3C%2Fsvg%3E\" alt width=\"735\" height=\"442\" srcset=\"data:image\/svg+xml,%3Csvg%20xmlns%3D%22http%3A%2F%2Fwww.w3.org%2F2000%2Fsvg%22%20viewBox%3D%220%200%20735%20442%22%3E%3C%2Fsvg%3E 735w\" sizes=\"(max-width: 735px) 100vw, 735px\" data-srcset=\"https:\/\/premiumline-cabling.com\/wp-content\/uploads\/2023\/09\/Floor-Socket-Outlet-3-Port_dr1.jpg 735w, https:\/\/premiumline-cabling.com\/wp-content\/uploads\/2023\/09\/Floor-Socket-Outlet-3-Port_dr1-300x180.jpg 300w\" data-src=\"https:\/\/premiumline-cabling.com\/wp-content\/uploads\/2023\/09\/Floor-Socket-Outlet-3-Port_dr1.jpg\"><\/p>\n<p><noscript><img decoding=\"async\" class=\"aligncenter wp-image-18817 size-full\" src=\"https:\/\/premiumline-cabling.com\/wp-content\/uploads\/2023\/09\/Floor-Socket-Outlet-3-Port_dr2.jpg\" alt width=\"661\" height=\"357\" srcset=\"https:\/\/premiumline-cabling.com\/wp-content\/uploads\/2023\/09\/Floor-Socket-Outlet-3-Port_dr2.jpg 661w, https:\/\/premiumline-cabling.com\/wp-content\/uploads\/2023\/09\/Floor-Socket-Outlet-3-Port_dr2-300x162.jpg 300w\" sizes=\"(max-width: 661px) 100vw, 661px\"><\/noscript><img decoding=\"async\" class=\"aligncenter wp-image-18817 size-full lazyload\" src=\"data:image\/svg+xml,%3Csvg%20xmlns%3D%22http%3A%2F%2Fwww.w3.org%2F2000%2Fsvg%22%20viewBox%3D%220%200%20661%20357%22%3E%3C%2Fsvg%3E\" alt width=\"661\" height=\"357\" srcset=\"data:image\/svg+xml,%3Csvg%20xmlns%3D%22http%3A%2F%2Fwww.w3.org%2F2000%2Fsvg%22%20viewBox%3D%220%200%20661%20357%22%3E%3C%2Fsvg%3E 661w\" sizes=\"(max-width: 661px) 100vw, 661px\" data-srcset=\"https:\/\/premiumline-cabling.com\/wp-content\/uploads\/2023\/09\/Floor-Socket-Outlet-3-Port_dr2.jpg 661w, https:\/\/premiumline-cabling.com\/wp-content\/uploads\/2023\/09\/Floor-Socket-Outlet-3-Port_dr2-300x162.jpg 300w\" data-src=\"https:\/\/premiumline-cabling.com\/wp-content\/uploads\/2023\/09\/Floor-Socket-Outlet-3-Port_dr2.jpg\"><\/p>\n<h3><strong>Bestellinformationen<\/strong>:<\/h3>\n<table>\n<tbody>\n<tr>\n<td width=\"132\">Artikelnummer<\/td>\n<td width=\"491\">1130073&#215;0<\/td>\n<\/tr>\n<tr>\n<td width=\"132\">Beschreibung<\/td>\n<td width=\"491\">Bodensteckdose mit Federmechanismus, 3 Anschl\u00fcsse<\/td>\n<\/tr>\n<tr>\n<td width=\"132\">x: Color<\/td>\n<td width=\"491\">5: Gold-Chassis 6: Silber-Chassis<\/td>\n<\/tr>\n<tr>\n<td width=\"132\">Verpackung<\/td>\n<td width=\"491\">1 Stck\/Box, 20 Stck\/Karton, Kartonma\u00dfe: 42*27*27cm<\/td>\n<\/tr>\n<\/tbody>\n<\/table>\n","protected":false},"featured_media":18826,"template":"","product_category":[188],"class_list":["post-18797","product","type-product","status-publish","has-post-thumbnail","hentry","product_category-frontplatte"],"yoast_head":"<!-- This site is optimized with the Yoast SEO plugin v27.2 - https:\/\/yoast.com\/product\/yoast-seo-wordpress\/ -->\n<title>Premium-Line Bodendose mit Federmechanismus, 3 Anschl\u00fcsse<\/title>\n<meta name=\"description\" content=\"Pop-up-Design, einfache Bedienung und wirksamer Schutz des Innenaufbaus der Steckdose. Wasser- und staubdichte Konstruktion.\" \/>\n<meta name=\"robots\" content=\"index, follow, max-snippet:-1, max-image-preview:large, max-video-preview:-1\" \/>\n<link rel=\"canonical\" href=\"https:\/\/premiumline-cabling.com\/de\/product\/floor-socket-outlet-3-port\/\" \/>\n<meta property=\"og:locale\" content=\"de_DE\" \/>\n<meta property=\"og:type\" content=\"article\" \/>\n<meta property=\"og:title\" content=\"Premium-Line Bodendose mit Federmechanismus, 3 Anschl\u00fcsse\" \/>\n<meta property=\"og:description\" content=\"Pop-up-Design, einfache Bedienung und wirksamer Schutz des Innenaufbaus der Steckdose. Wasser- und staubdichte Konstruktion.\" \/>\n<meta property=\"og:url\" content=\"https:\/\/premiumline-cabling.com\/de\/product\/floor-socket-outlet-3-port\/\" \/>\n<meta property=\"og:site_name\" content=\"Premium-Line\" \/>\n<meta property=\"article:modified_time\" content=\"2024-01-18T11:55:49+00:00\" \/>\n<meta property=\"og:image\" content=\"https:\/\/premiumline-cabling.com\/wp-content\/uploads\/2023\/09\/Floor-Socket-Outlet-3-Port_d3.jpg\" \/>\n\t<meta property=\"og:image:width\" content=\"595\" \/>\n\t<meta property=\"og:image:height\" content=\"594\" \/>\n\t<meta property=\"og:image:type\" content=\"image\/jpeg\" \/>\n<meta name=\"twitter:card\" content=\"summary_large_image\" \/>\n<meta name=\"twitter:label1\" content=\"Gesch\u00e4tzte Lesezeit\" \/>\n\t<meta name=\"twitter:data1\" content=\"2\u00a0Minuten\" \/>\n<script type=\"application\/ld+json\" class=\"yoast-schema-graph\">{\"@context\":\"https:\/\/schema.org\",\"@graph\":[{\"@type\":\"WebPage\",\"@id\":\"https:\/\/premiumline-cabling.com\/de\/product\/floor-socket-outlet-3-port\/\",\"url\":\"https:\/\/premiumline-cabling.com\/de\/product\/floor-socket-outlet-3-port\/\",\"name\":\"Premium-Line Bodendose mit Federmechanismus, 3 Anschl\u00fcsse\",\"isPartOf\":{\"@id\":\"https:\/\/premiumline-cabling.com\/#website\"},\"primaryImageOfPage\":{\"@id\":\"https:\/\/premiumline-cabling.com\/de\/product\/floor-socket-outlet-3-port\/#primaryimage\"},\"image\":{\"@id\":\"https:\/\/premiumline-cabling.com\/de\/product\/floor-socket-outlet-3-port\/#primaryimage\"},\"thumbnailUrl\":\"https:\/\/premiumline-cabling.com\/wp-content\/uploads\/2023\/09\/Floor-Socket-Outlet-3-Port_d3.jpg\",\"datePublished\":\"2023-09-26T16:00:11+00:00\",\"dateModified\":\"2024-01-18T11:55:49+00:00\",\"description\":\"Pop-up-Design, einfache Bedienung und wirksamer Schutz des Innenaufbaus der Steckdose. Wasser- und staubdichte Konstruktion.\",\"breadcrumb\":{\"@id\":\"https:\/\/premiumline-cabling.com\/de\/product\/floor-socket-outlet-3-port\/#breadcrumb\"},\"inLanguage\":\"de\",\"potentialAction\":[{\"@type\":\"ReadAction\",\"target\":[\"https:\/\/premiumline-cabling.com\/de\/product\/floor-socket-outlet-3-port\/\"]}]},{\"@type\":\"ImageObject\",\"inLanguage\":\"de\",\"@id\":\"https:\/\/premiumline-cabling.com\/de\/product\/floor-socket-outlet-3-port\/#primaryimage\",\"url\":\"https:\/\/premiumline-cabling.com\/wp-content\/uploads\/2023\/09\/Floor-Socket-Outlet-3-Port_d3.jpg\",\"contentUrl\":\"https:\/\/premiumline-cabling.com\/wp-content\/uploads\/2023\/09\/Floor-Socket-Outlet-3-Port_d3.jpg\",\"width\":595,\"height\":594},{\"@type\":\"BreadcrumbList\",\"@id\":\"https:\/\/premiumline-cabling.com\/de\/product\/floor-socket-outlet-3-port\/#breadcrumb\",\"itemListElement\":[{\"@type\":\"ListItem\",\"position\":1,\"name\":\"\u0413\u043b\u0430\u0432\u043d\u0430\u044f \u0441\u0442\u0440\u0430\u043d\u0438\u0446\u0430\",\"item\":\"https:\/\/premiumline-cabling.com\/de\/\"},{\"@type\":\"ListItem\",\"position\":2,\"name\":\"Bodendose, 3 Anschl\u00fcsse\"}]},{\"@type\":\"WebSite\",\"@id\":\"https:\/\/premiumline-cabling.com\/#website\",\"url\":\"https:\/\/premiumline-cabling.com\/\",\"name\":\"Premium-Line\",\"description\":\"Structured Cabling System\",\"publisher\":{\"@id\":\"https:\/\/premiumline-cabling.com\/#organization\"},\"potentialAction\":[{\"@type\":\"SearchAction\",\"target\":{\"@type\":\"EntryPoint\",\"urlTemplate\":\"https:\/\/premiumline-cabling.com\/?s={search_term_string}\"},\"query-input\":{\"@type\":\"PropertyValueSpecification\",\"valueRequired\":true,\"valueName\":\"search_term_string\"}}],\"inLanguage\":\"de\"},{\"@type\":\"Organization\",\"@id\":\"https:\/\/premiumline-cabling.com\/#organization\",\"name\":\"Premium-Line\",\"url\":\"https:\/\/premiumline-cabling.com\/\",\"logo\":{\"@type\":\"ImageObject\",\"inLanguage\":\"de\",\"@id\":\"https:\/\/premiumline-cabling.com\/#\/schema\/logo\/image\/\",\"url\":\"https:\/\/premiumline-cabling.com\/wp-content\/uploads\/2019\/04\/cropped-img_logo_site_Premium-Line.png\",\"contentUrl\":\"https:\/\/premiumline-cabling.com\/wp-content\/uploads\/2019\/04\/cropped-img_logo_site_Premium-Line.png\",\"width\":190,\"height\":62,\"caption\":\"Premium-Line\"},\"image\":{\"@id\":\"https:\/\/premiumline-cabling.com\/#\/schema\/logo\/image\/\"}}]}<\/script>\n<!-- \/ Yoast SEO plugin. -->","yoast_head_json":{"title":"Premium-Line Bodendose mit Federmechanismus, 3 Anschl\u00fcsse","description":"Pop-up-Design, einfache Bedienung und wirksamer Schutz des Innenaufbaus der Steckdose. Wasser- und staubdichte Konstruktion.","robots":{"index":"index","follow":"follow","max-snippet":"max-snippet:-1","max-image-preview":"max-image-preview:large","max-video-preview":"max-video-preview:-1"},"canonical":"https:\/\/premiumline-cabling.com\/de\/product\/floor-socket-outlet-3-port\/","og_locale":"de_DE","og_type":"article","og_title":"Premium-Line Bodendose mit Federmechanismus, 3 Anschl\u00fcsse","og_description":"Pop-up-Design, einfache Bedienung und wirksamer Schutz des Innenaufbaus der Steckdose. Wasser- und staubdichte Konstruktion.","og_url":"https:\/\/premiumline-cabling.com\/de\/product\/floor-socket-outlet-3-port\/","og_site_name":"Premium-Line","article_modified_time":"2024-01-18T11:55:49+00:00","og_image":[{"width":595,"height":594,"url":"https:\/\/premiumline-cabling.com\/wp-content\/uploads\/2023\/09\/Floor-Socket-Outlet-3-Port_d3.jpg","type":"image\/jpeg"}],"twitter_card":"summary_large_image","twitter_misc":{"Gesch\u00e4tzte Lesezeit":"2\u00a0Minuten"},"schema":{"@context":"https:\/\/schema.org","@graph":[{"@type":"WebPage","@id":"https:\/\/premiumline-cabling.com\/de\/product\/floor-socket-outlet-3-port\/","url":"https:\/\/premiumline-cabling.com\/de\/product\/floor-socket-outlet-3-port\/","name":"Premium-Line Bodendose mit Federmechanismus, 3 Anschl\u00fcsse","isPartOf":{"@id":"https:\/\/premiumline-cabling.com\/#website"},"primaryImageOfPage":{"@id":"https:\/\/premiumline-cabling.com\/de\/product\/floor-socket-outlet-3-port\/#primaryimage"},"image":{"@id":"https:\/\/premiumline-cabling.com\/de\/product\/floor-socket-outlet-3-port\/#primaryimage"},"thumbnailUrl":"https:\/\/premiumline-cabling.com\/wp-content\/uploads\/2023\/09\/Floor-Socket-Outlet-3-Port_d3.jpg","datePublished":"2023-09-26T16:00:11+00:00","dateModified":"2024-01-18T11:55:49+00:00","description":"Pop-up-Design, einfache Bedienung und wirksamer Schutz des Innenaufbaus der Steckdose. Wasser- und staubdichte Konstruktion.","breadcrumb":{"@id":"https:\/\/premiumline-cabling.com\/de\/product\/floor-socket-outlet-3-port\/#breadcrumb"},"inLanguage":"de","potentialAction":[{"@type":"ReadAction","target":["https:\/\/premiumline-cabling.com\/de\/product\/floor-socket-outlet-3-port\/"]}]},{"@type":"ImageObject","inLanguage":"de","@id":"https:\/\/premiumline-cabling.com\/de\/product\/floor-socket-outlet-3-port\/#primaryimage","url":"https:\/\/premiumline-cabling.com\/wp-content\/uploads\/2023\/09\/Floor-Socket-Outlet-3-Port_d3.jpg","contentUrl":"https:\/\/premiumline-cabling.com\/wp-content\/uploads\/2023\/09\/Floor-Socket-Outlet-3-Port_d3.jpg","width":595,"height":594},{"@type":"BreadcrumbList","@id":"https:\/\/premiumline-cabling.com\/de\/product\/floor-socket-outlet-3-port\/#breadcrumb","itemListElement":[{"@type":"ListItem","position":1,"name":"\u0413\u043b\u0430\u0432\u043d\u0430\u044f \u0441\u0442\u0440\u0430\u043d\u0438\u0446\u0430","item":"https:\/\/premiumline-cabling.com\/de\/"},{"@type":"ListItem","position":2,"name":"Bodendose, 3 Anschl\u00fcsse"}]},{"@type":"WebSite","@id":"https:\/\/premiumline-cabling.com\/#website","url":"https:\/\/premiumline-cabling.com\/","name":"Premium-Line","description":"Structured Cabling System","publisher":{"@id":"https:\/\/premiumline-cabling.com\/#organization"},"potentialAction":[{"@type":"SearchAction","target":{"@type":"EntryPoint","urlTemplate":"https:\/\/premiumline-cabling.com\/?s={search_term_string}"},"query-input":{"@type":"PropertyValueSpecification","valueRequired":true,"valueName":"search_term_string"}}],"inLanguage":"de"},{"@type":"Organization","@id":"https:\/\/premiumline-cabling.com\/#organization","name":"Premium-Line","url":"https:\/\/premiumline-cabling.com\/","logo":{"@type":"ImageObject","inLanguage":"de","@id":"https:\/\/premiumline-cabling.com\/#\/schema\/logo\/image\/","url":"https:\/\/premiumline-cabling.com\/wp-content\/uploads\/2019\/04\/cropped-img_logo_site_Premium-Line.png","contentUrl":"https:\/\/premiumline-cabling.com\/wp-content\/uploads\/2019\/04\/cropped-img_logo_site_Premium-Line.png","width":190,"height":62,"caption":"Premium-Line"},"image":{"@id":"https:\/\/premiumline-cabling.com\/#\/schema\/logo\/image\/"}}]}},"_links":{"self":[{"href":"https:\/\/premiumline-cabling.com\/de\/wp-json\/wp\/v2\/product\/18797","targetHints":{"allow":["GET"]}}],"collection":[{"href":"https:\/\/premiumline-cabling.com\/de\/wp-json\/wp\/v2\/product"}],"about":[{"href":"https:\/\/premiumline-cabling.com\/de\/wp-json\/wp\/v2\/types\/product"}],"wp:featuredmedia":[{"embeddable":true,"href":"https:\/\/premiumline-cabling.com\/de\/wp-json\/wp\/v2\/media\/18826"}],"wp:attachment":[{"href":"https:\/\/premiumline-cabling.com\/de\/wp-json\/wp\/v2\/media?parent=18797"}],"wp:term":[{"taxonomy":"product_category","embeddable":true,"href":"https:\/\/premiumline-cabling.com\/de\/wp-json\/wp\/v2\/product_category?post=18797"}],"curies":[{"name":"wp","href":"https:\/\/api.w.org\/{rel}","templated":true}]}}