{"id":1744,"date":"2019-02-13T19:00:25","date_gmt":"2019-02-13T18:00:25","guid":{"rendered":"https:\/\/www.premiumline-cabling.com\/product\/compact-outlet-cat-6\/"},"modified":"2019-12-26T12:37:13","modified_gmt":"2019-12-26T09:37:13","slug":"compact-outlet-cat-6","status":"publish","type":"product","link":"https:\/\/premiumline-cabling.com\/de\/product\/compact-outlet-cat-6\/","title":{"rendered":"Cat. 6 Datendose geschirmt"},"content":{"rendered":"<h2>Category 6 geschirmte Datendose 2-fach, 80*80mm<\/h2>\n<p>Die Premium-Line-Kompaktsteckdose (80x80mm) wurde speziell f\u00fcr den europ\u00e4ischen Markt entwickelt.<br>\nHochwertige Materialien und hohe elektrische Leistungen garantieren lange Haltbarkeit. Die Installation ist zuverl\u00e4ssig und einfach.<\/p>\n<div id=\"attachment_1002\" style=\"width: 710px\" class=\"wp-caption alignnone\"><noscript><img decoding=\"async\" aria-describedby=\"caption-attachment-1002\" class=\"size-full wp-image-1002\" src=\"https:\/\/premiumline-cabling.com\/wp-content\/uploads\/2019\/02\/PL_img_compact-outlet-6-111621290.jpg\" alt width=\"700\" height=\"253\" srcset=\"https:\/\/premiumline-cabling.com\/wp-content\/uploads\/2019\/02\/PL_img_compact-outlet-6-111621290.jpg 700w, https:\/\/premiumline-cabling.com\/wp-content\/uploads\/2019\/02\/PL_img_compact-outlet-6-111621290-300x108.jpg 300w\" sizes=\"(max-width: 700px) 100vw, 700px\"><\/noscript><img decoding=\"async\" aria-describedby=\"caption-attachment-1002\" class=\"size-full wp-image-1002 lazyload\" src=\"data:image\/svg+xml,%3Csvg%20xmlns%3D%22http%3A%2F%2Fwww.w3.org%2F2000%2Fsvg%22%20viewBox%3D%220%200%20700%20253%22%3E%3C%2Fsvg%3E\" alt width=\"700\" height=\"253\" srcset=\"data:image\/svg+xml,%3Csvg%20xmlns%3D%22http%3A%2F%2Fwww.w3.org%2F2000%2Fsvg%22%20viewBox%3D%220%200%20700%20253%22%3E%3C%2Fsvg%3E 700w\" sizes=\"(max-width: 700px) 100vw, 700px\" data-srcset=\"https:\/\/premiumline-cabling.com\/wp-content\/uploads\/2019\/02\/PL_img_compact-outlet-6-111621290.jpg 700w, https:\/\/premiumline-cabling.com\/wp-content\/uploads\/2019\/02\/PL_img_compact-outlet-6-111621290-300x108.jpg 300w\" data-src=\"https:\/\/premiumline-cabling.com\/wp-content\/uploads\/2019\/02\/PL_img_compact-outlet-6-111621290.jpg\"><p id=\"caption-attachment-1002\" class=\"wp-caption-text\">111621290<\/p><\/div>\n<h3>EIGENSCHAFTEN:<\/h3>\n<ul>\n<li>konform mit TIA\/EIA-568-C.2, ISO\/IEC 11801 und EN 50173-1 Cat. 6 Spezifikationen<\/li>\n<li>unterst\u00fctzt T568 A&amp;B Verdrahtung, einfache Installation<\/li>\n<li>Dual Type IDC Anschl\u00fcsse f\u00fcr 22-26 AWG Litzen- und Steifleiterkabel<\/li>\n<li>Standardgr\u00f6\u00dfe, 80*80mm<\/li>\n<li>Farben: RAL 1013 oder RAL 9010<\/li>\n<li>Terminierung durch 110 oder Krone Anlegewerkzeuge<\/li>\n<li>Geschirmte Version f\u00fcr EMI\/RFI Schutz<\/li>\n<li>RoHS konform<\/li>\n<\/ul>\n<h3>KENNWERTE:<\/h3>\n<table width=\"681\">\n<tbody>\n<tr>\n<td width=\"263\">\n<p>Durchschlagsfestigkeit<\/p>\n<p>Stromst\u00e4rke<\/p>\n<p>Isolationswiderstand<\/p>\n<p>Kontaktwiderstand<\/p>\n<p>Temperaturbereich<\/p>\n<p>Feuchtigkeit<\/p>\n<p>Brandklasse<\/p>\n<p>Geh\u00e4use\/Rahmen<\/p>\n<p>Geh\u00e4use Ober- und Unterseite<\/p>\n<p>RJ45 Jack<\/p>\n<p>&nbsp;<\/p>\n<p>&nbsp;<\/p>\n<p>IDC-Kontakte<\/p>\n<p>&nbsp;<\/p>\n<p>&nbsp;<\/p>\n<p>&nbsp;<\/p>\n<p>Abmessungen (L*B*T)<\/p><\/td>\n<td width=\"386\">\n<p>1000V RMS f\u00fcr 1 Minute<\/p>\n<p>max. 1.5Amp<\/p>\n<p>min. 10M\u03a9<\/p>\n<p>2m\u03a9 pro Kontakt<\/p>\n<p>-10\u00b0 bis +60\u00b0 C<\/p>\n<p>10%~90%; nicht kondensierend<\/p>\n<p>UL94 V-0<\/p>\n<p>ABS, Farbe RAL 9010 oder RAL 1013<\/p>\n<p>Zink Druckgusslegierung<\/p>\n<p>45\u00b0 gewinkelt, 8P8C RJ45 Jack<\/p>\n<p>Abschirmung: vernickelt Bronze<\/p>\n<p>Jack-Geh\u00e4use: Thermoplastik<\/p>\n<p>Dual 8pin IDC<\/p>\n<p>K\u00f6rper: PC<\/p>\n<p>IDC Kontakte:100\u03bc Zoll vernickelt \u00fcber Phosphor\/Bronze<\/p>\n<p>Lebensdauer: mindestens 250 Steckzyklen<\/p>\n<p>80.0*80.0*40.7mm<\/p><\/td>\n<\/tr>\n<\/tbody>\n<\/table>\n<h3>ANWENDUNGEN:<\/h3>\n<ul>\n<li>10Base-T, 100Base-TX, 100Base-T4, 1000Base-TX<\/li>\n<li>ATM-25\/ATM-51\/ATM-155\/100VG-AnyLan<\/li>\n<li>TR-4\/TR-16 Aktiv\/TR16 Passiv<\/li>\n<\/ul>\n<h3>BESTELLINFORMATION:<\/h3>\n<table>\n<tbody>\n<tr>\n<td width=\"121\">Art.Nr.<\/td>\n<td width=\"564\">1116212&#215;0<\/td>\n<\/tr>\n<tr>\n<td width=\"121\">Beschreibung<\/td>\n<td width=\"564\">Premium Line Cat.6 geschirmte Datendose 2-fach, 80*80mm<\/td>\n<\/tr>\n<tr>\n<td width=\"121\">z &nbsp;Farbe<\/td>\n<td width=\"564\">8: RAL1013 (Austernwei\u00df) 9: RAL9010 (reinwei\u00df)<\/td>\n<\/tr>\n<\/tbody>\n<\/table>\n<p>&nbsp;<\/p>\n","protected":false},"featured_media":1006,"template":"","product_category":[104],"class_list":["post-1744","product","type-product","status-publish","has-post-thumbnail","hentry","product_category-compact-outlet-de"],"yoast_head":"<!-- This site is optimized with the Yoast SEO plugin v27.2 - https:\/\/yoast.com\/product\/yoast-seo-wordpress\/ -->\n<title>Premium-Line Category 6 geschirmte Datendose 2-fach, 80*80mm<\/title>\n<meta name=\"description\" content=\"Die Premium-Line-Kompaktsteckdose (80x80mm) wurde speziell f\u00fcr den europ\u00e4ischen Markt entwickelt. Die Installation ist zuverl\u00e4ssig und einfach.\" \/>\n<meta name=\"robots\" content=\"index, follow, max-snippet:-1, max-image-preview:large, max-video-preview:-1\" \/>\n<link rel=\"canonical\" href=\"https:\/\/premiumline-cabling.com\/de\/product\/compact-outlet-cat-6\/\" \/>\n<meta property=\"og:locale\" content=\"de_DE\" \/>\n<meta property=\"og:type\" content=\"article\" \/>\n<meta property=\"og:title\" content=\"Premium-Line Category 6 geschirmte Datendose 2-fach, 80*80mm\" \/>\n<meta property=\"og:description\" content=\"Die Premium-Line-Kompaktsteckdose (80x80mm) wurde speziell f\u00fcr den europ\u00e4ischen Markt entwickelt. Die Installation ist zuverl\u00e4ssig und einfach.\" \/>\n<meta property=\"og:url\" content=\"https:\/\/premiumline-cabling.com\/de\/product\/compact-outlet-cat-6\/\" \/>\n<meta property=\"og:site_name\" content=\"Premium-Line\" \/>\n<meta property=\"article:modified_time\" content=\"2019-12-26T09:37:13+00:00\" \/>\n<meta property=\"og:image\" content=\"https:\/\/premiumline-cabling.com\/wp-content\/uploads\/2019\/02\/PL_img_compact-outlet-111521280-1.jpg\" \/>\n\t<meta property=\"og:image:width\" content=\"300\" \/>\n\t<meta property=\"og:image:height\" content=\"282\" \/>\n\t<meta property=\"og:image:type\" content=\"image\/jpeg\" \/>\n<meta name=\"twitter:card\" content=\"summary_large_image\" \/>\n<meta name=\"twitter:label1\" content=\"Gesch\u00e4tzte Lesezeit\" \/>\n\t<meta name=\"twitter:data1\" content=\"1\u00a0Minute\" \/>\n<script type=\"application\/ld+json\" class=\"yoast-schema-graph\">{\"@context\":\"https:\/\/schema.org\",\"@graph\":[{\"@type\":\"WebPage\",\"@id\":\"https:\/\/premiumline-cabling.com\/de\/product\/compact-outlet-cat-6\/\",\"url\":\"https:\/\/premiumline-cabling.com\/de\/product\/compact-outlet-cat-6\/\",\"name\":\"Premium-Line Category 6 geschirmte Datendose 2-fach, 80*80mm\",\"isPartOf\":{\"@id\":\"https:\/\/premiumline-cabling.com\/#website\"},\"primaryImageOfPage\":{\"@id\":\"https:\/\/premiumline-cabling.com\/de\/product\/compact-outlet-cat-6\/#primaryimage\"},\"image\":{\"@id\":\"https:\/\/premiumline-cabling.com\/de\/product\/compact-outlet-cat-6\/#primaryimage\"},\"thumbnailUrl\":\"https:\/\/premiumline-cabling.com\/wp-content\/uploads\/2019\/02\/PL_img_compact-outlet-111521280-1.jpg\",\"datePublished\":\"2019-02-13T18:00:25+00:00\",\"dateModified\":\"2019-12-26T09:37:13+00:00\",\"description\":\"Die Premium-Line-Kompaktsteckdose (80x80mm) wurde speziell f\u00fcr den europ\u00e4ischen Markt entwickelt. Die Installation ist zuverl\u00e4ssig und einfach.\",\"breadcrumb\":{\"@id\":\"https:\/\/premiumline-cabling.com\/de\/product\/compact-outlet-cat-6\/#breadcrumb\"},\"inLanguage\":\"de\",\"potentialAction\":[{\"@type\":\"ReadAction\",\"target\":[\"https:\/\/premiumline-cabling.com\/de\/product\/compact-outlet-cat-6\/\"]}]},{\"@type\":\"ImageObject\",\"inLanguage\":\"de\",\"@id\":\"https:\/\/premiumline-cabling.com\/de\/product\/compact-outlet-cat-6\/#primaryimage\",\"url\":\"https:\/\/premiumline-cabling.com\/wp-content\/uploads\/2019\/02\/PL_img_compact-outlet-111521280-1.jpg\",\"contentUrl\":\"https:\/\/premiumline-cabling.com\/wp-content\/uploads\/2019\/02\/PL_img_compact-outlet-111521280-1.jpg\",\"width\":300,\"height\":282},{\"@type\":\"BreadcrumbList\",\"@id\":\"https:\/\/premiumline-cabling.com\/de\/product\/compact-outlet-cat-6\/#breadcrumb\",\"itemListElement\":[{\"@type\":\"ListItem\",\"position\":1,\"name\":\"\u0413\u043b\u0430\u0432\u043d\u0430\u044f \u0441\u0442\u0440\u0430\u043d\u0438\u0446\u0430\",\"item\":\"https:\/\/premiumline-cabling.com\/de\/\"},{\"@type\":\"ListItem\",\"position\":2,\"name\":\"Cat. 6 Datendose geschirmt\"}]},{\"@type\":\"WebSite\",\"@id\":\"https:\/\/premiumline-cabling.com\/#website\",\"url\":\"https:\/\/premiumline-cabling.com\/\",\"name\":\"Premium-Line\",\"description\":\"Structured Cabling System\",\"publisher\":{\"@id\":\"https:\/\/premiumline-cabling.com\/#organization\"},\"potentialAction\":[{\"@type\":\"SearchAction\",\"target\":{\"@type\":\"EntryPoint\",\"urlTemplate\":\"https:\/\/premiumline-cabling.com\/?s={search_term_string}\"},\"query-input\":{\"@type\":\"PropertyValueSpecification\",\"valueRequired\":true,\"valueName\":\"search_term_string\"}}],\"inLanguage\":\"de\"},{\"@type\":\"Organization\",\"@id\":\"https:\/\/premiumline-cabling.com\/#organization\",\"name\":\"Premium-Line\",\"url\":\"https:\/\/premiumline-cabling.com\/\",\"logo\":{\"@type\":\"ImageObject\",\"inLanguage\":\"de\",\"@id\":\"https:\/\/premiumline-cabling.com\/#\/schema\/logo\/image\/\",\"url\":\"https:\/\/premiumline-cabling.com\/wp-content\/uploads\/2019\/04\/cropped-img_logo_site_Premium-Line.png\",\"contentUrl\":\"https:\/\/premiumline-cabling.com\/wp-content\/uploads\/2019\/04\/cropped-img_logo_site_Premium-Line.png\",\"width\":190,\"height\":62,\"caption\":\"Premium-Line\"},\"image\":{\"@id\":\"https:\/\/premiumline-cabling.com\/#\/schema\/logo\/image\/\"}}]}<\/script>\n<!-- \/ Yoast SEO plugin. -->","yoast_head_json":{"title":"Premium-Line Category 6 geschirmte Datendose 2-fach, 80*80mm","description":"Die Premium-Line-Kompaktsteckdose (80x80mm) wurde speziell f\u00fcr den europ\u00e4ischen Markt entwickelt. Die Installation ist zuverl\u00e4ssig und einfach.","robots":{"index":"index","follow":"follow","max-snippet":"max-snippet:-1","max-image-preview":"max-image-preview:large","max-video-preview":"max-video-preview:-1"},"canonical":"https:\/\/premiumline-cabling.com\/de\/product\/compact-outlet-cat-6\/","og_locale":"de_DE","og_type":"article","og_title":"Premium-Line Category 6 geschirmte Datendose 2-fach, 80*80mm","og_description":"Die Premium-Line-Kompaktsteckdose (80x80mm) wurde speziell f\u00fcr den europ\u00e4ischen Markt entwickelt. Die Installation ist zuverl\u00e4ssig und einfach.","og_url":"https:\/\/premiumline-cabling.com\/de\/product\/compact-outlet-cat-6\/","og_site_name":"Premium-Line","article_modified_time":"2019-12-26T09:37:13+00:00","og_image":[{"width":300,"height":282,"url":"https:\/\/premiumline-cabling.com\/wp-content\/uploads\/2019\/02\/PL_img_compact-outlet-111521280-1.jpg","type":"image\/jpeg"}],"twitter_card":"summary_large_image","twitter_misc":{"Gesch\u00e4tzte Lesezeit":"1\u00a0Minute"},"schema":{"@context":"https:\/\/schema.org","@graph":[{"@type":"WebPage","@id":"https:\/\/premiumline-cabling.com\/de\/product\/compact-outlet-cat-6\/","url":"https:\/\/premiumline-cabling.com\/de\/product\/compact-outlet-cat-6\/","name":"Premium-Line Category 6 geschirmte Datendose 2-fach, 80*80mm","isPartOf":{"@id":"https:\/\/premiumline-cabling.com\/#website"},"primaryImageOfPage":{"@id":"https:\/\/premiumline-cabling.com\/de\/product\/compact-outlet-cat-6\/#primaryimage"},"image":{"@id":"https:\/\/premiumline-cabling.com\/de\/product\/compact-outlet-cat-6\/#primaryimage"},"thumbnailUrl":"https:\/\/premiumline-cabling.com\/wp-content\/uploads\/2019\/02\/PL_img_compact-outlet-111521280-1.jpg","datePublished":"2019-02-13T18:00:25+00:00","dateModified":"2019-12-26T09:37:13+00:00","description":"Die Premium-Line-Kompaktsteckdose (80x80mm) wurde speziell f\u00fcr den europ\u00e4ischen Markt entwickelt. Die Installation ist zuverl\u00e4ssig und einfach.","breadcrumb":{"@id":"https:\/\/premiumline-cabling.com\/de\/product\/compact-outlet-cat-6\/#breadcrumb"},"inLanguage":"de","potentialAction":[{"@type":"ReadAction","target":["https:\/\/premiumline-cabling.com\/de\/product\/compact-outlet-cat-6\/"]}]},{"@type":"ImageObject","inLanguage":"de","@id":"https:\/\/premiumline-cabling.com\/de\/product\/compact-outlet-cat-6\/#primaryimage","url":"https:\/\/premiumline-cabling.com\/wp-content\/uploads\/2019\/02\/PL_img_compact-outlet-111521280-1.jpg","contentUrl":"https:\/\/premiumline-cabling.com\/wp-content\/uploads\/2019\/02\/PL_img_compact-outlet-111521280-1.jpg","width":300,"height":282},{"@type":"BreadcrumbList","@id":"https:\/\/premiumline-cabling.com\/de\/product\/compact-outlet-cat-6\/#breadcrumb","itemListElement":[{"@type":"ListItem","position":1,"name":"\u0413\u043b\u0430\u0432\u043d\u0430\u044f \u0441\u0442\u0440\u0430\u043d\u0438\u0446\u0430","item":"https:\/\/premiumline-cabling.com\/de\/"},{"@type":"ListItem","position":2,"name":"Cat. 6 Datendose geschirmt"}]},{"@type":"WebSite","@id":"https:\/\/premiumline-cabling.com\/#website","url":"https:\/\/premiumline-cabling.com\/","name":"Premium-Line","description":"Structured Cabling System","publisher":{"@id":"https:\/\/premiumline-cabling.com\/#organization"},"potentialAction":[{"@type":"SearchAction","target":{"@type":"EntryPoint","urlTemplate":"https:\/\/premiumline-cabling.com\/?s={search_term_string}"},"query-input":{"@type":"PropertyValueSpecification","valueRequired":true,"valueName":"search_term_string"}}],"inLanguage":"de"},{"@type":"Organization","@id":"https:\/\/premiumline-cabling.com\/#organization","name":"Premium-Line","url":"https:\/\/premiumline-cabling.com\/","logo":{"@type":"ImageObject","inLanguage":"de","@id":"https:\/\/premiumline-cabling.com\/#\/schema\/logo\/image\/","url":"https:\/\/premiumline-cabling.com\/wp-content\/uploads\/2019\/04\/cropped-img_logo_site_Premium-Line.png","contentUrl":"https:\/\/premiumline-cabling.com\/wp-content\/uploads\/2019\/04\/cropped-img_logo_site_Premium-Line.png","width":190,"height":62,"caption":"Premium-Line"},"image":{"@id":"https:\/\/premiumline-cabling.com\/#\/schema\/logo\/image\/"}}]}},"_links":{"self":[{"href":"https:\/\/premiumline-cabling.com\/de\/wp-json\/wp\/v2\/product\/1744","targetHints":{"allow":["GET"]}}],"collection":[{"href":"https:\/\/premiumline-cabling.com\/de\/wp-json\/wp\/v2\/product"}],"about":[{"href":"https:\/\/premiumline-cabling.com\/de\/wp-json\/wp\/v2\/types\/product"}],"wp:featuredmedia":[{"embeddable":true,"href":"https:\/\/premiumline-cabling.com\/de\/wp-json\/wp\/v2\/media\/1006"}],"wp:attachment":[{"href":"https:\/\/premiumline-cabling.com\/de\/wp-json\/wp\/v2\/media?parent=1744"}],"wp:term":[{"taxonomy":"product_category","embeddable":true,"href":"https:\/\/premiumline-cabling.com\/de\/wp-json\/wp\/v2\/product_category?post=1744"}],"curies":[{"name":"wp","href":"https:\/\/api.w.org\/{rel}","templated":true}]}}