{"id":1627,"date":"2019-02-19T14:36:07","date_gmt":"2019-02-19T13:36:07","guid":{"rendered":"https:\/\/www.premiumline-cabling.com\/product\/din-rail-adapter-for-rg45-keystone-jack\/"},"modified":"2019-08-23T15:52:57","modified_gmt":"2019-08-23T12:52:57","slug":"din-rail-adapter-for-rg45-keystone-jack","status":"publish","type":"product","link":"https:\/\/premiumline-cabling.com\/de\/product\/din-rail-adapter-for-rg45-keystone-jack\/","title":{"rendered":"DIN-Hutschienenadapter"},"content":{"rendered":"<ul>\n<li>Passend f\u00fcr Premium-Line 180\u00b0 Keystone Jacks (ausgenommen 106524010, 105524010)<\/li>\n<li>Nur passend f\u00fcr Keystone-Jacks der SLIM-Serie (keine hohe Ausf\u00fchrung am Keystone-Ende)<\/li>\n<li>Passend f\u00fcr LC\/Duplex oder SC\/Simplex-Adapter mit Adaptionsmodul p\/n 127120000<\/li>\n<li>35mm-DIN-Schienen tauglich<\/li>\n<li>Einfache Beschriftung durch wechselbares Beschriftungsfeld<\/li>\n<li>Montage ohne Spezialwerkzeug<\/li>\n<li>Farbe: RAL 9003<\/li>\n<li>Material: ABS<\/li>\n<li>RoHS konform<\/li>\n<\/ul>\n<p><a href=\"https:\/\/premiumline-cabling.com\/wp-content\/uploads\/2019\/02\/img_PL_DIN-Adapter_with-KJ.jpg\"><noscript><img decoding=\"async\" class=\"alignleft wp-image-1053 size-medium\" src=\"https:\/\/premiumline-cabling.com\/wp-content\/uploads\/2019\/02\/img_PL_DIN-Adapter_with-KJ-300x260.jpg\" alt width=\"300\" height=\"260\" srcset=\"https:\/\/premiumline-cabling.com\/wp-content\/uploads\/2019\/02\/img_PL_DIN-Adapter_with-KJ-300x260.jpg 300w, https:\/\/premiumline-cabling.com\/wp-content\/uploads\/2019\/02\/img_PL_DIN-Adapter_with-KJ.jpg 644w\" sizes=\"(max-width: 300px) 100vw, 300px\"><\/noscript><img decoding=\"async\" class=\"alignleft wp-image-1053 size-medium lazyload\" src=\"data:image\/svg+xml,%3Csvg%20xmlns%3D%22http%3A%2F%2Fwww.w3.org%2F2000%2Fsvg%22%20viewBox%3D%220%200%20300%20260%22%3E%3C%2Fsvg%3E\" alt width=\"300\" height=\"260\" srcset=\"data:image\/svg+xml,%3Csvg%20xmlns%3D%22http%3A%2F%2Fwww.w3.org%2F2000%2Fsvg%22%20viewBox%3D%220%200%20300%20260%22%3E%3C%2Fsvg%3E 300w\" sizes=\"(max-width: 300px) 100vw, 300px\" data-srcset=\"https:\/\/premiumline-cabling.com\/wp-content\/uploads\/2019\/02\/img_PL_DIN-Adapter_with-KJ-300x260.jpg 300w, https:\/\/premiumline-cabling.com\/wp-content\/uploads\/2019\/02\/img_PL_DIN-Adapter_with-KJ.jpg 644w\" data-src=\"https:\/\/premiumline-cabling.com\/wp-content\/uploads\/2019\/02\/img_PL_DIN-Adapter_with-KJ-300x260.jpg\"><\/a><\/p>\n<p>&nbsp;<\/p>\n<p>&nbsp;<\/p>\n<p>&nbsp;<\/p>\n<p>&nbsp;<\/p>\n<p>&nbsp;<\/p>\n<p>&nbsp;<\/p>\n<p>&nbsp;<\/p>\n<table width=\"662\">\n<tbody>\n<tr>\n<td colspan=\"2\" width=\"662\"><strong><em>BESTELLINFORMATION:<\/em><\/strong><\/td>\n<\/tr>\n<tr>\n<td width=\"662\">\n<p>Art.Nr.&nbsp;&nbsp;&nbsp;&nbsp;&nbsp;&nbsp;&nbsp;&nbsp;&nbsp;&nbsp;&nbsp;&nbsp;&nbsp;&nbsp;&nbsp;&nbsp;&nbsp;&nbsp;&nbsp;&nbsp;&nbsp;&nbsp;&nbsp;&nbsp; 190000081<\/p>\n<p>Beschreibung&nbsp; &nbsp; &nbsp; &nbsp; &nbsp; &nbsp; &nbsp;Premium Line 35mm-DIN-Schienen Adapter, ohne Keystone Jack<\/p>\n<p>Verpackung&nbsp; &nbsp; &nbsp; &nbsp; &nbsp; &nbsp; &nbsp; &nbsp; 1 Stk\/PE Sack, 20 Stk\/Box, 200 Stk\/Karton, Abmessung: 57*35*22cm<\/p>\n<p>Kartonabmessung: 34.5*29.5*39cm<\/p>\n<p>&nbsp;<\/p>\n<p>&nbsp;<\/p>\n<p>&nbsp;<\/p>\n<p>&nbsp;<\/p>\n<p>&nbsp;<\/p><\/td>\n<td width=\"0\">&nbsp;<\/td>\n<\/tr>\n<\/tbody>\n<\/table>\n<p><\/p>\n","protected":false},"featured_media":9023,"template":"","product_category":[159],"class_list":["post-1627","product","type-product","status-publish","has-post-thumbnail","hentry","product_category-industrial-solution-de"],"yoast_head":"<!-- This site is optimized with the Yoast SEO plugin v27.3 - https:\/\/yoast.com\/product\/yoast-seo-wordpress\/ -->\n<title>DIN-Hutschienenadapter - Premium-Line<\/title>\n<meta name=\"robots\" content=\"index, follow, max-snippet:-1, max-image-preview:large, max-video-preview:-1\" \/>\n<link rel=\"canonical\" href=\"https:\/\/premiumline-cabling.com\/de\/product\/din-rail-adapter-for-rg45-keystone-jack\/\" \/>\n<meta property=\"og:locale\" content=\"de_DE\" \/>\n<meta property=\"og:type\" content=\"article\" \/>\n<meta property=\"og:title\" content=\"DIN-Hutschienenadapter - Premium-Line\" \/>\n<meta property=\"og:description\" content=\"Passend f\u00fcr Premium-Line 180\u00b0 Keystone Jacks (ausgenommen 106524010, 105524010) Nur passend f\u00fcr Keystone-Jacks der SLIM-Serie (keine hohe Ausf\u00fchrung am Keystone-Ende) Passend f\u00fcr LC\/Duplex oder SC\/Simplex-Adapter mit Adaptionsmodul p\/n 127120000 35mm-DIN-Schienen...\" \/>\n<meta property=\"og:url\" content=\"https:\/\/premiumline-cabling.com\/de\/product\/din-rail-adapter-for-rg45-keystone-jack\/\" \/>\n<meta property=\"og:site_name\" content=\"Premium-Line\" \/>\n<meta property=\"article:modified_time\" content=\"2019-08-23T12:52:57+00:00\" \/>\n<meta property=\"og:image\" content=\"https:\/\/premiumline-cabling.com\/wp-content\/uploads\/2019\/02\/img_PL_DIN-Adapter_with-KJ.jpg\" \/>\n\t<meta property=\"og:image:width\" content=\"644\" \/>\n\t<meta property=\"og:image:height\" content=\"559\" \/>\n\t<meta property=\"og:image:type\" content=\"image\/jpeg\" \/>\n<meta name=\"twitter:card\" content=\"summary_large_image\" \/>\n<script type=\"application\/ld+json\" class=\"yoast-schema-graph\">{\"@context\":\"https:\\\/\\\/schema.org\",\"@graph\":[{\"@type\":\"WebPage\",\"@id\":\"https:\\\/\\\/premiumline-cabling.com\\\/de\\\/product\\\/din-rail-adapter-for-rg45-keystone-jack\\\/\",\"url\":\"https:\\\/\\\/premiumline-cabling.com\\\/de\\\/product\\\/din-rail-adapter-for-rg45-keystone-jack\\\/\",\"name\":\"DIN-Hutschienenadapter - Premium-Line\",\"isPartOf\":{\"@id\":\"https:\\\/\\\/premiumline-cabling.com\\\/#website\"},\"primaryImageOfPage\":{\"@id\":\"https:\\\/\\\/premiumline-cabling.com\\\/de\\\/product\\\/din-rail-adapter-for-rg45-keystone-jack\\\/#primaryimage\"},\"image\":{\"@id\":\"https:\\\/\\\/premiumline-cabling.com\\\/de\\\/product\\\/din-rail-adapter-for-rg45-keystone-jack\\\/#primaryimage\"},\"thumbnailUrl\":\"https:\\\/\\\/premiumline-cabling.com\\\/wp-content\\\/uploads\\\/2019\\\/02\\\/img_PL_DIN-Adapter_with-KJ.jpg\",\"datePublished\":\"2019-02-19T13:36:07+00:00\",\"dateModified\":\"2019-08-23T12:52:57+00:00\",\"breadcrumb\":{\"@id\":\"https:\\\/\\\/premiumline-cabling.com\\\/de\\\/product\\\/din-rail-adapter-for-rg45-keystone-jack\\\/#breadcrumb\"},\"inLanguage\":\"de\",\"potentialAction\":[{\"@type\":\"ReadAction\",\"target\":[\"https:\\\/\\\/premiumline-cabling.com\\\/de\\\/product\\\/din-rail-adapter-for-rg45-keystone-jack\\\/\"]}]},{\"@type\":\"ImageObject\",\"inLanguage\":\"de\",\"@id\":\"https:\\\/\\\/premiumline-cabling.com\\\/de\\\/product\\\/din-rail-adapter-for-rg45-keystone-jack\\\/#primaryimage\",\"url\":\"https:\\\/\\\/premiumline-cabling.com\\\/wp-content\\\/uploads\\\/2019\\\/02\\\/img_PL_DIN-Adapter_with-KJ.jpg\",\"contentUrl\":\"https:\\\/\\\/premiumline-cabling.com\\\/wp-content\\\/uploads\\\/2019\\\/02\\\/img_PL_DIN-Adapter_with-KJ.jpg\",\"width\":644,\"height\":559},{\"@type\":\"BreadcrumbList\",\"@id\":\"https:\\\/\\\/premiumline-cabling.com\\\/de\\\/product\\\/din-rail-adapter-for-rg45-keystone-jack\\\/#breadcrumb\",\"itemListElement\":[{\"@type\":\"ListItem\",\"position\":1,\"name\":\"\u0413\u043b\u0430\u0432\u043d\u0430\u044f \u0441\u0442\u0440\u0430\u043d\u0438\u0446\u0430\",\"item\":\"https:\\\/\\\/premiumline-cabling.com\\\/de\\\/\"},{\"@type\":\"ListItem\",\"position\":2,\"name\":\"DIN-Hutschienenadapter\"}]},{\"@type\":\"WebSite\",\"@id\":\"https:\\\/\\\/premiumline-cabling.com\\\/#website\",\"url\":\"https:\\\/\\\/premiumline-cabling.com\\\/\",\"name\":\"Premium-Line\",\"description\":\"Structured Cabling System\",\"publisher\":{\"@id\":\"https:\\\/\\\/premiumline-cabling.com\\\/#organization\"},\"potentialAction\":[{\"@type\":\"SearchAction\",\"target\":{\"@type\":\"EntryPoint\",\"urlTemplate\":\"https:\\\/\\\/premiumline-cabling.com\\\/?s={search_term_string}\"},\"query-input\":{\"@type\":\"PropertyValueSpecification\",\"valueRequired\":true,\"valueName\":\"search_term_string\"}}],\"inLanguage\":\"de\"},{\"@type\":\"Organization\",\"@id\":\"https:\\\/\\\/premiumline-cabling.com\\\/#organization\",\"name\":\"Premium-Line\",\"url\":\"https:\\\/\\\/premiumline-cabling.com\\\/\",\"logo\":{\"@type\":\"ImageObject\",\"inLanguage\":\"de\",\"@id\":\"https:\\\/\\\/premiumline-cabling.com\\\/#\\\/schema\\\/logo\\\/image\\\/\",\"url\":\"https:\\\/\\\/premiumline-cabling.com\\\/wp-content\\\/uploads\\\/2019\\\/04\\\/cropped-img_logo_site_Premium-Line.png\",\"contentUrl\":\"https:\\\/\\\/premiumline-cabling.com\\\/wp-content\\\/uploads\\\/2019\\\/04\\\/cropped-img_logo_site_Premium-Line.png\",\"width\":190,\"height\":62,\"caption\":\"Premium-Line\"},\"image\":{\"@id\":\"https:\\\/\\\/premiumline-cabling.com\\\/#\\\/schema\\\/logo\\\/image\\\/\"}}]}<\/script>\n<!-- \/ Yoast SEO plugin. -->","yoast_head_json":{"title":"DIN-Hutschienenadapter - Premium-Line","robots":{"index":"index","follow":"follow","max-snippet":"max-snippet:-1","max-image-preview":"max-image-preview:large","max-video-preview":"max-video-preview:-1"},"canonical":"https:\/\/premiumline-cabling.com\/de\/product\/din-rail-adapter-for-rg45-keystone-jack\/","og_locale":"de_DE","og_type":"article","og_title":"DIN-Hutschienenadapter - Premium-Line","og_description":"Passend f\u00fcr Premium-Line 180\u00b0 Keystone Jacks (ausgenommen 106524010, 105524010) Nur passend f\u00fcr Keystone-Jacks der SLIM-Serie (keine hohe Ausf\u00fchrung am Keystone-Ende) Passend f\u00fcr LC\/Duplex oder SC\/Simplex-Adapter mit Adaptionsmodul p\/n 127120000 35mm-DIN-Schienen...","og_url":"https:\/\/premiumline-cabling.com\/de\/product\/din-rail-adapter-for-rg45-keystone-jack\/","og_site_name":"Premium-Line","article_modified_time":"2019-08-23T12:52:57+00:00","og_image":[{"width":644,"height":559,"url":"https:\/\/premiumline-cabling.com\/wp-content\/uploads\/2019\/02\/img_PL_DIN-Adapter_with-KJ.jpg","type":"image\/jpeg"}],"twitter_card":"summary_large_image","schema":{"@context":"https:\/\/schema.org","@graph":[{"@type":"WebPage","@id":"https:\/\/premiumline-cabling.com\/de\/product\/din-rail-adapter-for-rg45-keystone-jack\/","url":"https:\/\/premiumline-cabling.com\/de\/product\/din-rail-adapter-for-rg45-keystone-jack\/","name":"DIN-Hutschienenadapter - Premium-Line","isPartOf":{"@id":"https:\/\/premiumline-cabling.com\/#website"},"primaryImageOfPage":{"@id":"https:\/\/premiumline-cabling.com\/de\/product\/din-rail-adapter-for-rg45-keystone-jack\/#primaryimage"},"image":{"@id":"https:\/\/premiumline-cabling.com\/de\/product\/din-rail-adapter-for-rg45-keystone-jack\/#primaryimage"},"thumbnailUrl":"https:\/\/premiumline-cabling.com\/wp-content\/uploads\/2019\/02\/img_PL_DIN-Adapter_with-KJ.jpg","datePublished":"2019-02-19T13:36:07+00:00","dateModified":"2019-08-23T12:52:57+00:00","breadcrumb":{"@id":"https:\/\/premiumline-cabling.com\/de\/product\/din-rail-adapter-for-rg45-keystone-jack\/#breadcrumb"},"inLanguage":"de","potentialAction":[{"@type":"ReadAction","target":["https:\/\/premiumline-cabling.com\/de\/product\/din-rail-adapter-for-rg45-keystone-jack\/"]}]},{"@type":"ImageObject","inLanguage":"de","@id":"https:\/\/premiumline-cabling.com\/de\/product\/din-rail-adapter-for-rg45-keystone-jack\/#primaryimage","url":"https:\/\/premiumline-cabling.com\/wp-content\/uploads\/2019\/02\/img_PL_DIN-Adapter_with-KJ.jpg","contentUrl":"https:\/\/premiumline-cabling.com\/wp-content\/uploads\/2019\/02\/img_PL_DIN-Adapter_with-KJ.jpg","width":644,"height":559},{"@type":"BreadcrumbList","@id":"https:\/\/premiumline-cabling.com\/de\/product\/din-rail-adapter-for-rg45-keystone-jack\/#breadcrumb","itemListElement":[{"@type":"ListItem","position":1,"name":"\u0413\u043b\u0430\u0432\u043d\u0430\u044f \u0441\u0442\u0440\u0430\u043d\u0438\u0446\u0430","item":"https:\/\/premiumline-cabling.com\/de\/"},{"@type":"ListItem","position":2,"name":"DIN-Hutschienenadapter"}]},{"@type":"WebSite","@id":"https:\/\/premiumline-cabling.com\/#website","url":"https:\/\/premiumline-cabling.com\/","name":"Premium-Line","description":"Structured Cabling System","publisher":{"@id":"https:\/\/premiumline-cabling.com\/#organization"},"potentialAction":[{"@type":"SearchAction","target":{"@type":"EntryPoint","urlTemplate":"https:\/\/premiumline-cabling.com\/?s={search_term_string}"},"query-input":{"@type":"PropertyValueSpecification","valueRequired":true,"valueName":"search_term_string"}}],"inLanguage":"de"},{"@type":"Organization","@id":"https:\/\/premiumline-cabling.com\/#organization","name":"Premium-Line","url":"https:\/\/premiumline-cabling.com\/","logo":{"@type":"ImageObject","inLanguage":"de","@id":"https:\/\/premiumline-cabling.com\/#\/schema\/logo\/image\/","url":"https:\/\/premiumline-cabling.com\/wp-content\/uploads\/2019\/04\/cropped-img_logo_site_Premium-Line.png","contentUrl":"https:\/\/premiumline-cabling.com\/wp-content\/uploads\/2019\/04\/cropped-img_logo_site_Premium-Line.png","width":190,"height":62,"caption":"Premium-Line"},"image":{"@id":"https:\/\/premiumline-cabling.com\/#\/schema\/logo\/image\/"}}]}},"_links":{"self":[{"href":"https:\/\/premiumline-cabling.com\/de\/wp-json\/wp\/v2\/product\/1627","targetHints":{"allow":["GET"]}}],"collection":[{"href":"https:\/\/premiumline-cabling.com\/de\/wp-json\/wp\/v2\/product"}],"about":[{"href":"https:\/\/premiumline-cabling.com\/de\/wp-json\/wp\/v2\/types\/product"}],"wp:featuredmedia":[{"embeddable":true,"href":"https:\/\/premiumline-cabling.com\/de\/wp-json\/wp\/v2\/media\/9023"}],"wp:attachment":[{"href":"https:\/\/premiumline-cabling.com\/de\/wp-json\/wp\/v2\/media?parent=1627"}],"wp:term":[{"taxonomy":"product_category","embeddable":true,"href":"https:\/\/premiumline-cabling.com\/de\/wp-json\/wp\/v2\/product_category?post=1627"}],"curies":[{"name":"wp","href":"https:\/\/api.w.org\/{rel}","templated":true}]}}