{"id":1600,"date":"2019-02-10T22:06:57","date_gmt":"2019-02-10T19:06:57","guid":{"rendered":"https:\/\/www.premiumline-cabling.com\/product\/cat-6-unshielded-keystone-jack\/"},"modified":"2019-11-13T19:18:17","modified_gmt":"2019-11-13T16:18:17","slug":"cat-6-unshielded-keystone-jack","status":"publish","type":"product","link":"https:\/\/premiumline-cabling.com\/de\/product\/cat-6-unshielded-keystone-jack\/","title":{"rendered":"Cat. 6 90\u00b0 Ungeschirmt"},"content":{"rendered":"<h2>Premium-Line Cat. 6 90\u00b0 Ungeschirmt Keystone Jack<\/h2>\n<div id=\"attachment_882\" style=\"width: 230px\" class=\"wp-caption alignright\"><noscript><img decoding=\"async\" aria-describedby=\"caption-attachment-882\" class=\"wp-image-882 size-full\" src=\"https:\/\/premiumline-cabling.com\/wp-content\/uploads\/2019\/02\/img_PL_keystone-jack-6-106111010.jpg\" alt width=\"220\" height=\"730\" srcset=\"https:\/\/premiumline-cabling.com\/wp-content\/uploads\/2019\/02\/img_PL_keystone-jack-6-106111010.jpg 220w, https:\/\/premiumline-cabling.com\/wp-content\/uploads\/2019\/02\/img_PL_keystone-jack-6-106111010-90x300.jpg 90w\" sizes=\"(max-width: 220px) 100vw, 220px\"><\/noscript><img decoding=\"async\" aria-describedby=\"caption-attachment-882\" class=\"wp-image-882 size-full lazyload\" src=\"data:image\/svg+xml,%3Csvg%20xmlns%3D%22http%3A%2F%2Fwww.w3.org%2F2000%2Fsvg%22%20viewBox%3D%220%200%20220%20730%22%3E%3C%2Fsvg%3E\" alt width=\"220\" height=\"730\" srcset=\"data:image\/svg+xml,%3Csvg%20xmlns%3D%22http%3A%2F%2Fwww.w3.org%2F2000%2Fsvg%22%20viewBox%3D%220%200%20220%20730%22%3E%3C%2Fsvg%3E 220w\" sizes=\"(max-width: 220px) 100vw, 220px\" data-srcset=\"https:\/\/premiumline-cabling.com\/wp-content\/uploads\/2019\/02\/img_PL_keystone-jack-6-106111010.jpg 220w, https:\/\/premiumline-cabling.com\/wp-content\/uploads\/2019\/02\/img_PL_keystone-jack-6-106111010-90x300.jpg 90w\" data-src=\"https:\/\/premiumline-cabling.com\/wp-content\/uploads\/2019\/02\/img_PL_keystone-jack-6-106111010.jpg\"><p id=\"caption-attachment-882\" class=\"wp-caption-text\">106111010<\/p><\/div>\n<h4>EIGENSCHAFTEN:<\/h4>\n<ul>\n<li>entspricht den TIA\/EIA-568-C.2, ISO 11801 und den EN 50173-1 Cat.6 Spezifikationen<\/li>\n<li>Unterst\u00fctzt T568 A&amp;B Verdrahtung, einfache Installation<\/li>\n<li>Dual IDC Anschl\u00fcsse k\u00f6nnen f\u00fcr 22-26 AWG Steifleiterkabel verwendet werden<\/li>\n<li>Terminierung erfolgt durch 110 oder Krone Anlegewerkzeuge<\/li>\n<li>Farben: wei\u00df, schwarz, rot, blau, gr\u00fcn, gelb<\/li>\n<li>ETL verifiziert<\/li>\n<li>RoHS konform<\/li>\n<\/ul>\n<h4>ANWENDUNG:<\/h4>\n<ul>\n<li>1000BASE-TX Gigabit Ethernet<\/li>\n<li>1000BASE-T Gigabit Ethernet<\/li>\n<li>100BASE-TX Fast Ethernet<\/li>\n<li>10BASE-T Ethernet<\/li>\n<li>Sprache, Video und andere Anwendungen<\/li>\n<\/ul>\n<h4>KENNWERTE:<\/h4>\n<table style=\"width: 495px;\" width=\"685\">\n<tbody>\n<tr>\n<td style=\"width: 228px;\" width=\"216\">\n<p>Durchschlagsfestigkeit<\/p>\n<p>Stromst\u00e4rke<\/p>\n<p>Isolationswiderstand<\/p>\n<p>Kontaktwiderstand<\/p>\n<p>Temperaturbereich<\/p>\n<p>Feuchtigkeit<\/p>\n<p>Brandklasse<\/p>\n<p>Anschlussleitung<\/p>\n<p>Steckerkontakte<\/p>\n<p>&nbsp;<\/p>\n<p>IDC Kontakte<\/p>\n<p>&nbsp;<\/p>\n<p>&nbsp;<\/p><\/td>\n<td style=\"width: 267px;\" width=\"436\">\n<p>1000V RMS f\u00fcr 1 Minute<\/p>\n<p>max. 1.5Amp<\/p>\n<p>min. 10M\u03a9<\/p>\n<p>2m\u03a9 pro Kontakt<\/p>\n<p>-10\u2103 bis +60\u2103<\/p>\n<p>10%~90%; nicht kondensierend<\/p>\n<p>UL94 V-0<\/p>\n<p>22AWG ~ 26AWG Isolierdraht<\/p>\n<p>Phosphor-Bronze, 50\u03bc vergoldet \u00fcber Nickelkontakt im Steckbereich<\/p>\n<p>Lebensdauer: mindestens 750 Steckzyklen<\/p>\n<p>100\u03bc vernickelt \u00fcber Phosphor\/Bronze-Legierung<\/p>\n<p>Lebensdauer: mindestens 250 Terminierungen<\/p><\/td>\n<\/tr>\n<\/tbody>\n<\/table>\n<p>&nbsp;<\/p>\n<h4>BESTELLINFORMATION:<\/h4>\n<p>Art.Nr.&nbsp; &nbsp; &nbsp; &nbsp; &nbsp; &nbsp; &nbsp; &nbsp; &nbsp; 1061110&#215;0<\/p>\n<p>Beschreibung&nbsp; &nbsp;&nbsp;&nbsp; Premium Line Cat.6 &nbsp;90\u00b0 ungeschirmt, Keystone Jack, dual type IDC<\/p>\n<p>x &nbsp;Farbe&nbsp; &nbsp; &nbsp; &nbsp; &nbsp; &nbsp; &nbsp; &nbsp; 1: wei\u00df&nbsp; 2: schwarz&nbsp; 3: rot&nbsp; 4: blau&nbsp; 6: gr\u00fcn&nbsp; 8: gelb<\/p>\n<p>Verpackung&nbsp; &nbsp; &nbsp; &nbsp; &nbsp;1Stk.\/PE-Sack, 50 Stk.\/Box, 500 Stk.\/Karton<\/p>\n","protected":false},"featured_media":3719,"template":"","product_category":[172],"class_list":["post-1600","product","type-product","status-publish","has-post-thumbnail","hentry","product_category-unshielded-keystone-jack-de"],"yoast_head":"<!-- This site is optimized with the Yoast SEO plugin v27.4 - https:\/\/yoast.com\/product\/yoast-seo-wordpress\/ -->\n<title>Premium-Line Cat. 6 90\u00b0 Ungeschirmt Keystone Jack<\/title>\n<meta name=\"description\" content=\"Entspricht den TIA\/EIA-568-C.2, ISO 11801 und den EN 50173-1 Cat.6 Spezifikationen\uf06c Unterst\u00fctzt T568 A&amp;B Verdrahtung, einfache Installation\" \/>\n<meta name=\"robots\" content=\"index, follow, max-snippet:-1, max-image-preview:large, max-video-preview:-1\" \/>\n<link rel=\"canonical\" href=\"https:\/\/premiumline-cabling.com\/de\/product\/cat-6-unshielded-keystone-jack\/\" \/>\n<meta property=\"og:locale\" content=\"de_DE\" \/>\n<meta property=\"og:type\" content=\"article\" \/>\n<meta property=\"og:title\" content=\"Premium-Line Cat. 6 90\u00b0 Ungeschirmt Keystone Jack\" \/>\n<meta property=\"og:description\" content=\"Entspricht den TIA\/EIA-568-C.2, ISO 11801 und den EN 50173-1 Cat.6 Spezifikationen\uf06c Unterst\u00fctzt T568 A&amp;B Verdrahtung, einfache Installation\" \/>\n<meta property=\"og:url\" content=\"https:\/\/premiumline-cabling.com\/de\/product\/cat-6-unshielded-keystone-jack\/\" \/>\n<meta property=\"og:site_name\" content=\"Premium-Line\" \/>\n<meta property=\"article:modified_time\" content=\"2019-11-13T16:18:17+00:00\" \/>\n<meta property=\"og:image\" content=\"https:\/\/premiumline-cabling.com\/wp-content\/uploads\/2019\/02\/KJ-6_u_180_1.jpg\" \/>\n\t<meta property=\"og:image:width\" content=\"461\" \/>\n\t<meta property=\"og:image:height\" content=\"415\" \/>\n\t<meta property=\"og:image:type\" content=\"image\/jpeg\" \/>\n<meta name=\"twitter:card\" content=\"summary_large_image\" \/>\n<meta name=\"twitter:label1\" content=\"Gesch\u00e4tzte Lesezeit\" \/>\n\t<meta name=\"twitter:data1\" content=\"1\u00a0Minute\" \/>\n<script type=\"application\/ld+json\" class=\"yoast-schema-graph\">{\"@context\":\"https:\\\/\\\/schema.org\",\"@graph\":[{\"@type\":\"WebPage\",\"@id\":\"https:\\\/\\\/premiumline-cabling.com\\\/de\\\/product\\\/cat-6-unshielded-keystone-jack\\\/\",\"url\":\"https:\\\/\\\/premiumline-cabling.com\\\/de\\\/product\\\/cat-6-unshielded-keystone-jack\\\/\",\"name\":\"Premium-Line Cat. 6 90\u00b0 Ungeschirmt Keystone Jack\",\"isPartOf\":{\"@id\":\"https:\\\/\\\/premiumline-cabling.com\\\/#website\"},\"primaryImageOfPage\":{\"@id\":\"https:\\\/\\\/premiumline-cabling.com\\\/de\\\/product\\\/cat-6-unshielded-keystone-jack\\\/#primaryimage\"},\"image\":{\"@id\":\"https:\\\/\\\/premiumline-cabling.com\\\/de\\\/product\\\/cat-6-unshielded-keystone-jack\\\/#primaryimage\"},\"thumbnailUrl\":\"https:\\\/\\\/premiumline-cabling.com\\\/wp-content\\\/uploads\\\/2019\\\/02\\\/KJ-6_u_180_1.jpg\",\"datePublished\":\"2019-02-10T19:06:57+00:00\",\"dateModified\":\"2019-11-13T16:18:17+00:00\",\"description\":\"Entspricht den TIA\\\/EIA-568-C.2, ISO 11801 und den EN 50173-1 Cat.6 Spezifikationen\uf06c Unterst\u00fctzt T568 A&B Verdrahtung, einfache Installation\",\"breadcrumb\":{\"@id\":\"https:\\\/\\\/premiumline-cabling.com\\\/de\\\/product\\\/cat-6-unshielded-keystone-jack\\\/#breadcrumb\"},\"inLanguage\":\"de\",\"potentialAction\":[{\"@type\":\"ReadAction\",\"target\":[\"https:\\\/\\\/premiumline-cabling.com\\\/de\\\/product\\\/cat-6-unshielded-keystone-jack\\\/\"]}]},{\"@type\":\"ImageObject\",\"inLanguage\":\"de\",\"@id\":\"https:\\\/\\\/premiumline-cabling.com\\\/de\\\/product\\\/cat-6-unshielded-keystone-jack\\\/#primaryimage\",\"url\":\"https:\\\/\\\/premiumline-cabling.com\\\/wp-content\\\/uploads\\\/2019\\\/02\\\/KJ-6_u_180_1.jpg\",\"contentUrl\":\"https:\\\/\\\/premiumline-cabling.com\\\/wp-content\\\/uploads\\\/2019\\\/02\\\/KJ-6_u_180_1.jpg\",\"width\":461,\"height\":415},{\"@type\":\"BreadcrumbList\",\"@id\":\"https:\\\/\\\/premiumline-cabling.com\\\/de\\\/product\\\/cat-6-unshielded-keystone-jack\\\/#breadcrumb\",\"itemListElement\":[{\"@type\":\"ListItem\",\"position\":1,\"name\":\"\u0413\u043b\u0430\u0432\u043d\u0430\u044f \u0441\u0442\u0440\u0430\u043d\u0438\u0446\u0430\",\"item\":\"https:\\\/\\\/premiumline-cabling.com\\\/de\\\/\"},{\"@type\":\"ListItem\",\"position\":2,\"name\":\"Cat. 6 90\u00b0 Ungeschirmt\"}]},{\"@type\":\"WebSite\",\"@id\":\"https:\\\/\\\/premiumline-cabling.com\\\/#website\",\"url\":\"https:\\\/\\\/premiumline-cabling.com\\\/\",\"name\":\"Premium-Line\",\"description\":\"Structured Cabling System\",\"publisher\":{\"@id\":\"https:\\\/\\\/premiumline-cabling.com\\\/#organization\"},\"potentialAction\":[{\"@type\":\"SearchAction\",\"target\":{\"@type\":\"EntryPoint\",\"urlTemplate\":\"https:\\\/\\\/premiumline-cabling.com\\\/?s={search_term_string}\"},\"query-input\":{\"@type\":\"PropertyValueSpecification\",\"valueRequired\":true,\"valueName\":\"search_term_string\"}}],\"inLanguage\":\"de\"},{\"@type\":\"Organization\",\"@id\":\"https:\\\/\\\/premiumline-cabling.com\\\/#organization\",\"name\":\"Premium-Line\",\"url\":\"https:\\\/\\\/premiumline-cabling.com\\\/\",\"logo\":{\"@type\":\"ImageObject\",\"inLanguage\":\"de\",\"@id\":\"https:\\\/\\\/premiumline-cabling.com\\\/#\\\/schema\\\/logo\\\/image\\\/\",\"url\":\"https:\\\/\\\/premiumline-cabling.com\\\/wp-content\\\/uploads\\\/2019\\\/04\\\/cropped-img_logo_site_Premium-Line.png\",\"contentUrl\":\"https:\\\/\\\/premiumline-cabling.com\\\/wp-content\\\/uploads\\\/2019\\\/04\\\/cropped-img_logo_site_Premium-Line.png\",\"width\":190,\"height\":62,\"caption\":\"Premium-Line\"},\"image\":{\"@id\":\"https:\\\/\\\/premiumline-cabling.com\\\/#\\\/schema\\\/logo\\\/image\\\/\"}}]}<\/script>\n<!-- \/ Yoast SEO plugin. -->","yoast_head_json":{"title":"Premium-Line Cat. 6 90\u00b0 Ungeschirmt Keystone Jack","description":"Entspricht den TIA\/EIA-568-C.2, ISO 11801 und den EN 50173-1 Cat.6 Spezifikationen\uf06c Unterst\u00fctzt T568 A&B Verdrahtung, einfache Installation","robots":{"index":"index","follow":"follow","max-snippet":"max-snippet:-1","max-image-preview":"max-image-preview:large","max-video-preview":"max-video-preview:-1"},"canonical":"https:\/\/premiumline-cabling.com\/de\/product\/cat-6-unshielded-keystone-jack\/","og_locale":"de_DE","og_type":"article","og_title":"Premium-Line Cat. 6 90\u00b0 Ungeschirmt Keystone Jack","og_description":"Entspricht den TIA\/EIA-568-C.2, ISO 11801 und den EN 50173-1 Cat.6 Spezifikationen\uf06c Unterst\u00fctzt T568 A&B Verdrahtung, einfache Installation","og_url":"https:\/\/premiumline-cabling.com\/de\/product\/cat-6-unshielded-keystone-jack\/","og_site_name":"Premium-Line","article_modified_time":"2019-11-13T16:18:17+00:00","og_image":[{"width":461,"height":415,"url":"https:\/\/premiumline-cabling.com\/wp-content\/uploads\/2019\/02\/KJ-6_u_180_1.jpg","type":"image\/jpeg"}],"twitter_card":"summary_large_image","twitter_misc":{"Gesch\u00e4tzte Lesezeit":"1\u00a0Minute"},"schema":{"@context":"https:\/\/schema.org","@graph":[{"@type":"WebPage","@id":"https:\/\/premiumline-cabling.com\/de\/product\/cat-6-unshielded-keystone-jack\/","url":"https:\/\/premiumline-cabling.com\/de\/product\/cat-6-unshielded-keystone-jack\/","name":"Premium-Line Cat. 6 90\u00b0 Ungeschirmt Keystone Jack","isPartOf":{"@id":"https:\/\/premiumline-cabling.com\/#website"},"primaryImageOfPage":{"@id":"https:\/\/premiumline-cabling.com\/de\/product\/cat-6-unshielded-keystone-jack\/#primaryimage"},"image":{"@id":"https:\/\/premiumline-cabling.com\/de\/product\/cat-6-unshielded-keystone-jack\/#primaryimage"},"thumbnailUrl":"https:\/\/premiumline-cabling.com\/wp-content\/uploads\/2019\/02\/KJ-6_u_180_1.jpg","datePublished":"2019-02-10T19:06:57+00:00","dateModified":"2019-11-13T16:18:17+00:00","description":"Entspricht den TIA\/EIA-568-C.2, ISO 11801 und den EN 50173-1 Cat.6 Spezifikationen\uf06c Unterst\u00fctzt T568 A&B Verdrahtung, einfache Installation","breadcrumb":{"@id":"https:\/\/premiumline-cabling.com\/de\/product\/cat-6-unshielded-keystone-jack\/#breadcrumb"},"inLanguage":"de","potentialAction":[{"@type":"ReadAction","target":["https:\/\/premiumline-cabling.com\/de\/product\/cat-6-unshielded-keystone-jack\/"]}]},{"@type":"ImageObject","inLanguage":"de","@id":"https:\/\/premiumline-cabling.com\/de\/product\/cat-6-unshielded-keystone-jack\/#primaryimage","url":"https:\/\/premiumline-cabling.com\/wp-content\/uploads\/2019\/02\/KJ-6_u_180_1.jpg","contentUrl":"https:\/\/premiumline-cabling.com\/wp-content\/uploads\/2019\/02\/KJ-6_u_180_1.jpg","width":461,"height":415},{"@type":"BreadcrumbList","@id":"https:\/\/premiumline-cabling.com\/de\/product\/cat-6-unshielded-keystone-jack\/#breadcrumb","itemListElement":[{"@type":"ListItem","position":1,"name":"\u0413\u043b\u0430\u0432\u043d\u0430\u044f \u0441\u0442\u0440\u0430\u043d\u0438\u0446\u0430","item":"https:\/\/premiumline-cabling.com\/de\/"},{"@type":"ListItem","position":2,"name":"Cat. 6 90\u00b0 Ungeschirmt"}]},{"@type":"WebSite","@id":"https:\/\/premiumline-cabling.com\/#website","url":"https:\/\/premiumline-cabling.com\/","name":"Premium-Line","description":"Structured Cabling System","publisher":{"@id":"https:\/\/premiumline-cabling.com\/#organization"},"potentialAction":[{"@type":"SearchAction","target":{"@type":"EntryPoint","urlTemplate":"https:\/\/premiumline-cabling.com\/?s={search_term_string}"},"query-input":{"@type":"PropertyValueSpecification","valueRequired":true,"valueName":"search_term_string"}}],"inLanguage":"de"},{"@type":"Organization","@id":"https:\/\/premiumline-cabling.com\/#organization","name":"Premium-Line","url":"https:\/\/premiumline-cabling.com\/","logo":{"@type":"ImageObject","inLanguage":"de","@id":"https:\/\/premiumline-cabling.com\/#\/schema\/logo\/image\/","url":"https:\/\/premiumline-cabling.com\/wp-content\/uploads\/2019\/04\/cropped-img_logo_site_Premium-Line.png","contentUrl":"https:\/\/premiumline-cabling.com\/wp-content\/uploads\/2019\/04\/cropped-img_logo_site_Premium-Line.png","width":190,"height":62,"caption":"Premium-Line"},"image":{"@id":"https:\/\/premiumline-cabling.com\/#\/schema\/logo\/image\/"}}]}},"_links":{"self":[{"href":"https:\/\/premiumline-cabling.com\/de\/wp-json\/wp\/v2\/product\/1600","targetHints":{"allow":["GET"]}}],"collection":[{"href":"https:\/\/premiumline-cabling.com\/de\/wp-json\/wp\/v2\/product"}],"about":[{"href":"https:\/\/premiumline-cabling.com\/de\/wp-json\/wp\/v2\/types\/product"}],"wp:featuredmedia":[{"embeddable":true,"href":"https:\/\/premiumline-cabling.com\/de\/wp-json\/wp\/v2\/media\/3719"}],"wp:attachment":[{"href":"https:\/\/premiumline-cabling.com\/de\/wp-json\/wp\/v2\/media?parent=1600"}],"wp:term":[{"taxonomy":"product_category","embeddable":true,"href":"https:\/\/premiumline-cabling.com\/de\/wp-json\/wp\/v2\/product_category?post=1600"}],"curies":[{"name":"wp","href":"https:\/\/api.w.org\/{rel}","templated":true}]}}