{"id":15482,"date":"2019-05-07T17:25:08","date_gmt":"2019-05-07T16:25:08","guid":{"rendered":"https:\/\/www.premiumline-cabling.com\/product\/digital-temperature-unit-1u-19\/"},"modified":"2022-06-13T16:04:13","modified_gmt":"2022-06-13T15:04:13","slug":"digital-temperature-unit-1u-19","status":"publish","type":"product","link":"https:\/\/premiumline-cabling.com\/de\/product\/digital-temperature-unit-1u-19\/","title":{"rendered":"Digitale Temperatureinheit"},"content":{"rendered":"<p>Dieses Ger\u00e4t wird haupts\u00e4chlich zur Temperaturregelung und zum Alarm f\u00fcr die h\u00f6chste Temperaturgrenze in den Schr\u00e4nken verwendet und zeichnet sich durch hohe Zuverl\u00e4ssigkeit, einfache Bedienung und einfache Bedienung aus. Es zeigt auch die aktuelle Spannung, Ampere, Temperatur und Luftfeuchtigkeit an. Die Betriebsumgebung betr\u00e4gt -5\u2103~60\u2103 (nicht kondensierend), die relative Luftfeuchtigkeit betr\u00e4gt 20%~85%.<\/p>\n<p><noscript><img decoding=\"async\" class=\"size-full wp-image-2140 aligncenter\" src=\"https:\/\/premiumline-cabling.com\/wp-content\/uploads\/2019\/05\/temperature-unit_1.jpg\" alt width=\"511\" height=\"522\" srcset=\"https:\/\/premiumline-cabling.com\/wp-content\/uploads\/2019\/05\/temperature-unit_1.jpg 511w, https:\/\/premiumline-cabling.com\/wp-content\/uploads\/2019\/05\/temperature-unit_1-294x300.jpg 294w\" sizes=\"(max-width: 511px) 100vw, 511px\"><\/noscript><img decoding=\"async\" class=\"size-full wp-image-2140 aligncenter lazyload\" src=\"data:image\/svg+xml,%3Csvg%20xmlns%3D%22http%3A%2F%2Fwww.w3.org%2F2000%2Fsvg%22%20viewBox%3D%220%200%20511%20522%22%3E%3C%2Fsvg%3E\" alt width=\"511\" height=\"522\" srcset=\"data:image\/svg+xml,%3Csvg%20xmlns%3D%22http%3A%2F%2Fwww.w3.org%2F2000%2Fsvg%22%20viewBox%3D%220%200%20511%20522%22%3E%3C%2Fsvg%3E 511w\" sizes=\"(max-width: 511px) 100vw, 511px\" data-srcset=\"https:\/\/premiumline-cabling.com\/wp-content\/uploads\/2019\/05\/temperature-unit_1.jpg 511w, https:\/\/premiumline-cabling.com\/wp-content\/uploads\/2019\/05\/temperature-unit_1-294x300.jpg 294w\" data-src=\"https:\/\/premiumline-cabling.com\/wp-content\/uploads\/2019\/05\/temperature-unit_1.jpg\"><\/p>\n<h3>TECHNISCHE PARAMETER:<\/h3>\n<ul>\n<li>Spannung: 220V oder 110V<\/li>\n<li>Messbereich: 0\u2103~50\u2103<\/li>\n<li>Kontrollbereich: 0\u2103~50\u2103<\/li>\n<li>Mess- und Kontrollgenauigkeit: \u00b11\u2103<\/li>\n<\/ul>\n<p>&nbsp;<\/p>\n<h3>BESTELLINFORMATION:<\/h3>\n<table>\n<tbody>\n<tr>\n<td width=\"128\">Art. Nr.<\/td>\n<td width=\"477\">6270x0y02<\/td>\n<\/tr>\n<tr>\n<td width=\"128\">Beschreibung<\/td>\n<td width=\"477\">Premium Line 1HE 19\u201c digitales Temperaturger\u00e4t f\u00fcr Schaltschrank, schwarz<\/td>\n<\/tr>\n<tr>\n<td width=\"128\">x, Stecker<\/td>\n<td width=\"477\">1: Europ\u00e4ischer Typ (Deutschland) 2: UK-Typ 3: US-Typ<\/td>\n<\/tr>\n<tr>\n<td width=\"128\">y, L\u00fcfternummer<\/td>\n<td width=\"477\">0: ohne L\u00fcfter 2: mit 2 L\u00fcftern 4: mit 4 L\u00fcftern<\/td>\n<\/tr>\n<tr>\n<td width=\"128\">Verpackung<\/td>\n<td width=\"477\">1 St\u00fcck \/ Karton, 5 St\u00fcck \/ Karton Kartongr\u00f6\u00dfe: 55 * 35 * 29,5 cm<\/td>\n<\/tr>\n<tr>\n<td width=\"128\">Gewicht:<\/td>\n<td width=\"477\">ohne L\u00fcfter: N.W. 11 KG GW 13,5 KG<\/td>\n<\/tr>\n<tr>\n<td width=\"128\"><\/td>\n<td width=\"477\">mit 2 Ventilatoren:&nbsp;&nbsp; N.W. 13 KG&nbsp; &nbsp;G.W. 15.5 KG<\/td>\n<\/tr>\n<tr>\n<td width=\"128\"><\/td>\n<td width=\"477\">mit 4 Ventilatoren:&nbsp;&nbsp; N.W. 22 KG&nbsp; &nbsp;G.W. 24.5 KG<\/td>\n<\/tr>\n<\/tbody>\n<\/table>\n<p>&nbsp;<\/p>\n","protected":false},"featured_media":9718,"template":"","product_category":[162],"class_list":["post-15482","product","type-product","status-publish","has-post-thumbnail","hentry","product_category-cabinets-de"],"yoast_head":"<!-- This site is optimized with the Yoast SEO plugin v27.4 - https:\/\/yoast.com\/product\/yoast-seo-wordpress\/ -->\n<title>Premium-Line Digitale Temperatureinheit 1HE 19\u201d<\/title>\n<meta name=\"description\" content=\"Dieses Ger\u00e4t wird haupts\u00e4chlich zur Temperaturregelung und zum Alarm f\u00fcr die h\u00f6chste Temperaturgrenze in den Schr\u00e4nken verwendet und zeichnet sich durch hohe Zuverl\u00e4ssigkeit, einfache Bedienung und einfache Bedienung aus.\" \/>\n<meta name=\"robots\" content=\"index, follow, max-snippet:-1, max-image-preview:large, max-video-preview:-1\" \/>\n<link rel=\"canonical\" href=\"https:\/\/premiumline-cabling.com\/de\/product\/digital-temperature-unit-1u-19\/\" \/>\n<meta property=\"og:locale\" content=\"de_DE\" \/>\n<meta property=\"og:type\" content=\"article\" \/>\n<meta property=\"og:title\" content=\"Premium-Line Digitale Temperatureinheit 1HE 19\u201d\" \/>\n<meta property=\"og:description\" content=\"Dieses Ger\u00e4t wird haupts\u00e4chlich zur Temperaturregelung und zum Alarm f\u00fcr die h\u00f6chste Temperaturgrenze in den Schr\u00e4nken verwendet und zeichnet sich durch hohe Zuverl\u00e4ssigkeit, einfache Bedienung und einfache Bedienung aus.\" \/>\n<meta property=\"og:url\" content=\"https:\/\/premiumline-cabling.com\/de\/product\/digital-temperature-unit-1u-19\/\" \/>\n<meta property=\"og:site_name\" content=\"Premium-Line\" \/>\n<meta property=\"article:modified_time\" content=\"2022-06-13T15:04:13+00:00\" \/>\n<meta property=\"og:image\" content=\"https:\/\/premiumline-cabling.com\/wp-content\/uploads\/2019\/05\/temperature-unit_2.jpg\" \/>\n\t<meta property=\"og:image:width\" content=\"659\" \/>\n\t<meta property=\"og:image:height\" content=\"254\" \/>\n\t<meta property=\"og:image:type\" content=\"image\/jpeg\" \/>\n<meta name=\"twitter:card\" content=\"summary_large_image\" \/>\n<meta name=\"twitter:label1\" content=\"Gesch\u00e4tzte Lesezeit\" \/>\n\t<meta name=\"twitter:data1\" content=\"1\u00a0Minute\" \/>\n<script type=\"application\/ld+json\" class=\"yoast-schema-graph\">{\"@context\":\"https:\\\/\\\/schema.org\",\"@graph\":[{\"@type\":\"WebPage\",\"@id\":\"https:\\\/\\\/premiumline-cabling.com\\\/de\\\/product\\\/digital-temperature-unit-1u-19\\\/\",\"url\":\"https:\\\/\\\/premiumline-cabling.com\\\/de\\\/product\\\/digital-temperature-unit-1u-19\\\/\",\"name\":\"Premium-Line Digitale Temperatureinheit 1HE 19\u201d\",\"isPartOf\":{\"@id\":\"https:\\\/\\\/premiumline-cabling.com\\\/#website\"},\"primaryImageOfPage\":{\"@id\":\"https:\\\/\\\/premiumline-cabling.com\\\/de\\\/product\\\/digital-temperature-unit-1u-19\\\/#primaryimage\"},\"image\":{\"@id\":\"https:\\\/\\\/premiumline-cabling.com\\\/de\\\/product\\\/digital-temperature-unit-1u-19\\\/#primaryimage\"},\"thumbnailUrl\":\"https:\\\/\\\/premiumline-cabling.com\\\/wp-content\\\/uploads\\\/2019\\\/05\\\/temperature-unit_2.jpg\",\"datePublished\":\"2019-05-07T16:25:08+00:00\",\"dateModified\":\"2022-06-13T15:04:13+00:00\",\"description\":\"Dieses Ger\u00e4t wird haupts\u00e4chlich zur Temperaturregelung und zum Alarm f\u00fcr die h\u00f6chste Temperaturgrenze in den Schr\u00e4nken verwendet und zeichnet sich durch hohe Zuverl\u00e4ssigkeit, einfache Bedienung und einfache Bedienung aus.\",\"breadcrumb\":{\"@id\":\"https:\\\/\\\/premiumline-cabling.com\\\/de\\\/product\\\/digital-temperature-unit-1u-19\\\/#breadcrumb\"},\"inLanguage\":\"de\",\"potentialAction\":[{\"@type\":\"ReadAction\",\"target\":[\"https:\\\/\\\/premiumline-cabling.com\\\/de\\\/product\\\/digital-temperature-unit-1u-19\\\/\"]}]},{\"@type\":\"ImageObject\",\"inLanguage\":\"de\",\"@id\":\"https:\\\/\\\/premiumline-cabling.com\\\/de\\\/product\\\/digital-temperature-unit-1u-19\\\/#primaryimage\",\"url\":\"https:\\\/\\\/premiumline-cabling.com\\\/wp-content\\\/uploads\\\/2019\\\/05\\\/temperature-unit_2.jpg\",\"contentUrl\":\"https:\\\/\\\/premiumline-cabling.com\\\/wp-content\\\/uploads\\\/2019\\\/05\\\/temperature-unit_2.jpg\",\"width\":659,\"height\":254},{\"@type\":\"BreadcrumbList\",\"@id\":\"https:\\\/\\\/premiumline-cabling.com\\\/de\\\/product\\\/digital-temperature-unit-1u-19\\\/#breadcrumb\",\"itemListElement\":[{\"@type\":\"ListItem\",\"position\":1,\"name\":\"\u0413\u043b\u0430\u0432\u043d\u0430\u044f \u0441\u0442\u0440\u0430\u043d\u0438\u0446\u0430\",\"item\":\"https:\\\/\\\/premiumline-cabling.com\\\/de\\\/\"},{\"@type\":\"ListItem\",\"position\":2,\"name\":\"Digitale Temperatureinheit\"}]},{\"@type\":\"WebSite\",\"@id\":\"https:\\\/\\\/premiumline-cabling.com\\\/#website\",\"url\":\"https:\\\/\\\/premiumline-cabling.com\\\/\",\"name\":\"Premium-Line\",\"description\":\"Structured Cabling System\",\"publisher\":{\"@id\":\"https:\\\/\\\/premiumline-cabling.com\\\/#organization\"},\"potentialAction\":[{\"@type\":\"SearchAction\",\"target\":{\"@type\":\"EntryPoint\",\"urlTemplate\":\"https:\\\/\\\/premiumline-cabling.com\\\/?s={search_term_string}\"},\"query-input\":{\"@type\":\"PropertyValueSpecification\",\"valueRequired\":true,\"valueName\":\"search_term_string\"}}],\"inLanguage\":\"de\"},{\"@type\":\"Organization\",\"@id\":\"https:\\\/\\\/premiumline-cabling.com\\\/#organization\",\"name\":\"Premium-Line\",\"url\":\"https:\\\/\\\/premiumline-cabling.com\\\/\",\"logo\":{\"@type\":\"ImageObject\",\"inLanguage\":\"de\",\"@id\":\"https:\\\/\\\/premiumline-cabling.com\\\/#\\\/schema\\\/logo\\\/image\\\/\",\"url\":\"https:\\\/\\\/premiumline-cabling.com\\\/wp-content\\\/uploads\\\/2019\\\/04\\\/cropped-img_logo_site_Premium-Line.png\",\"contentUrl\":\"https:\\\/\\\/premiumline-cabling.com\\\/wp-content\\\/uploads\\\/2019\\\/04\\\/cropped-img_logo_site_Premium-Line.png\",\"width\":190,\"height\":62,\"caption\":\"Premium-Line\"},\"image\":{\"@id\":\"https:\\\/\\\/premiumline-cabling.com\\\/#\\\/schema\\\/logo\\\/image\\\/\"}}]}<\/script>\n<!-- \/ Yoast SEO plugin. -->","yoast_head_json":{"title":"Premium-Line Digitale Temperatureinheit 1HE 19\u201d","description":"Dieses Ger\u00e4t wird haupts\u00e4chlich zur Temperaturregelung und zum Alarm f\u00fcr die h\u00f6chste Temperaturgrenze in den Schr\u00e4nken verwendet und zeichnet sich durch hohe Zuverl\u00e4ssigkeit, einfache Bedienung und einfache Bedienung aus.","robots":{"index":"index","follow":"follow","max-snippet":"max-snippet:-1","max-image-preview":"max-image-preview:large","max-video-preview":"max-video-preview:-1"},"canonical":"https:\/\/premiumline-cabling.com\/de\/product\/digital-temperature-unit-1u-19\/","og_locale":"de_DE","og_type":"article","og_title":"Premium-Line Digitale Temperatureinheit 1HE 19\u201d","og_description":"Dieses Ger\u00e4t wird haupts\u00e4chlich zur Temperaturregelung und zum Alarm f\u00fcr die h\u00f6chste Temperaturgrenze in den Schr\u00e4nken verwendet und zeichnet sich durch hohe Zuverl\u00e4ssigkeit, einfache Bedienung und einfache Bedienung aus.","og_url":"https:\/\/premiumline-cabling.com\/de\/product\/digital-temperature-unit-1u-19\/","og_site_name":"Premium-Line","article_modified_time":"2022-06-13T15:04:13+00:00","og_image":[{"width":659,"height":254,"url":"https:\/\/premiumline-cabling.com\/wp-content\/uploads\/2019\/05\/temperature-unit_2.jpg","type":"image\/jpeg"}],"twitter_card":"summary_large_image","twitter_misc":{"Gesch\u00e4tzte Lesezeit":"1\u00a0Minute"},"schema":{"@context":"https:\/\/schema.org","@graph":[{"@type":"WebPage","@id":"https:\/\/premiumline-cabling.com\/de\/product\/digital-temperature-unit-1u-19\/","url":"https:\/\/premiumline-cabling.com\/de\/product\/digital-temperature-unit-1u-19\/","name":"Premium-Line Digitale Temperatureinheit 1HE 19\u201d","isPartOf":{"@id":"https:\/\/premiumline-cabling.com\/#website"},"primaryImageOfPage":{"@id":"https:\/\/premiumline-cabling.com\/de\/product\/digital-temperature-unit-1u-19\/#primaryimage"},"image":{"@id":"https:\/\/premiumline-cabling.com\/de\/product\/digital-temperature-unit-1u-19\/#primaryimage"},"thumbnailUrl":"https:\/\/premiumline-cabling.com\/wp-content\/uploads\/2019\/05\/temperature-unit_2.jpg","datePublished":"2019-05-07T16:25:08+00:00","dateModified":"2022-06-13T15:04:13+00:00","description":"Dieses Ger\u00e4t wird haupts\u00e4chlich zur Temperaturregelung und zum Alarm f\u00fcr die h\u00f6chste Temperaturgrenze in den Schr\u00e4nken verwendet und zeichnet sich durch hohe Zuverl\u00e4ssigkeit, einfache Bedienung und einfache Bedienung aus.","breadcrumb":{"@id":"https:\/\/premiumline-cabling.com\/de\/product\/digital-temperature-unit-1u-19\/#breadcrumb"},"inLanguage":"de","potentialAction":[{"@type":"ReadAction","target":["https:\/\/premiumline-cabling.com\/de\/product\/digital-temperature-unit-1u-19\/"]}]},{"@type":"ImageObject","inLanguage":"de","@id":"https:\/\/premiumline-cabling.com\/de\/product\/digital-temperature-unit-1u-19\/#primaryimage","url":"https:\/\/premiumline-cabling.com\/wp-content\/uploads\/2019\/05\/temperature-unit_2.jpg","contentUrl":"https:\/\/premiumline-cabling.com\/wp-content\/uploads\/2019\/05\/temperature-unit_2.jpg","width":659,"height":254},{"@type":"BreadcrumbList","@id":"https:\/\/premiumline-cabling.com\/de\/product\/digital-temperature-unit-1u-19\/#breadcrumb","itemListElement":[{"@type":"ListItem","position":1,"name":"\u0413\u043b\u0430\u0432\u043d\u0430\u044f \u0441\u0442\u0440\u0430\u043d\u0438\u0446\u0430","item":"https:\/\/premiumline-cabling.com\/de\/"},{"@type":"ListItem","position":2,"name":"Digitale Temperatureinheit"}]},{"@type":"WebSite","@id":"https:\/\/premiumline-cabling.com\/#website","url":"https:\/\/premiumline-cabling.com\/","name":"Premium-Line","description":"Structured Cabling System","publisher":{"@id":"https:\/\/premiumline-cabling.com\/#organization"},"potentialAction":[{"@type":"SearchAction","target":{"@type":"EntryPoint","urlTemplate":"https:\/\/premiumline-cabling.com\/?s={search_term_string}"},"query-input":{"@type":"PropertyValueSpecification","valueRequired":true,"valueName":"search_term_string"}}],"inLanguage":"de"},{"@type":"Organization","@id":"https:\/\/premiumline-cabling.com\/#organization","name":"Premium-Line","url":"https:\/\/premiumline-cabling.com\/","logo":{"@type":"ImageObject","inLanguage":"de","@id":"https:\/\/premiumline-cabling.com\/#\/schema\/logo\/image\/","url":"https:\/\/premiumline-cabling.com\/wp-content\/uploads\/2019\/04\/cropped-img_logo_site_Premium-Line.png","contentUrl":"https:\/\/premiumline-cabling.com\/wp-content\/uploads\/2019\/04\/cropped-img_logo_site_Premium-Line.png","width":190,"height":62,"caption":"Premium-Line"},"image":{"@id":"https:\/\/premiumline-cabling.com\/#\/schema\/logo\/image\/"}}]}},"_links":{"self":[{"href":"https:\/\/premiumline-cabling.com\/de\/wp-json\/wp\/v2\/product\/15482","targetHints":{"allow":["GET"]}}],"collection":[{"href":"https:\/\/premiumline-cabling.com\/de\/wp-json\/wp\/v2\/product"}],"about":[{"href":"https:\/\/premiumline-cabling.com\/de\/wp-json\/wp\/v2\/types\/product"}],"wp:featuredmedia":[{"embeddable":true,"href":"https:\/\/premiumline-cabling.com\/de\/wp-json\/wp\/v2\/media\/9718"}],"wp:attachment":[{"href":"https:\/\/premiumline-cabling.com\/de\/wp-json\/wp\/v2\/media?parent=15482"}],"wp:term":[{"taxonomy":"product_category","embeddable":true,"href":"https:\/\/premiumline-cabling.com\/de\/wp-json\/wp\/v2\/product_category?post=15482"}],"curies":[{"name":"wp","href":"https:\/\/api.w.org\/{rel}","templated":true}]}}