{"id":15467,"date":"2019-02-10T23:31:01","date_gmt":"2019-02-10T22:31:01","guid":{"rendered":"https:\/\/www.premiumline-cabling.com\/product\/voice-data-patch-panel\/"},"modified":"2022-06-13T15:51:48","modified_gmt":"2022-06-13T14:51:48","slug":"voice-data-patch-panel","status":"publish","type":"product","link":"https:\/\/premiumline-cabling.com\/de\/product\/voice-data-patch-panel\/","title":{"rendered":"ISDN (Cat.3) Patchpanel"},"content":{"rendered":"<h2>ISDN (Cat.3) 90 \u00b0 ungeschirmtes Patchpanel Dual Type IDC<\/h2>\n<p>Ungeschirmtes Patchpanel der Premium-Line-Kategorie 3 entspricht den Spezifikationen ANSI\/TIA\/EIA 568A, ISO\/IEC 11801, EN 50173.<\/p>\n<p>Das komplette Modul entspricht der EU-RoHS-Richtlinie.<\/p>\n<p>Die Konstruktion hat die Standardgr\u00f6\u00dfe 1U 19 Zoll und ist f\u00fcr alle 19-Zoll-Rack-Installationen geeignet. 4P4C-Klemmenblock f\u00fcr 25-Ports und 8P8C f\u00fcr 50-Ports-Typ. Das fertige Produkt ist in den Farben Schwarz oder Hellgrau RAL7035 erh\u00e4ltlich<\/p>\n<h3>EIGENSCHAFTEN:<\/h3>\n<h3><noscript><img decoding=\"async\" class=\"size-medium wp-image-15469 alignright\" src=\"https:\/\/premiumline-cabling.com\/wp-content\/uploads\/2019\/02\/Cat3_PP-300x116.jpg\" alt width=\"300\" height=\"116\" srcset=\"https:\/\/premiumline-cabling.com\/wp-content\/uploads\/2019\/02\/Cat3_PP-300x116.jpg 300w, https:\/\/premiumline-cabling.com\/wp-content\/uploads\/2019\/02\/Cat3_PP.jpg 500w\" sizes=\"(max-width: 300px) 100vw, 300px\"><\/noscript><img decoding=\"async\" class=\"size-medium wp-image-15469 alignright lazyload\" src=\"data:image\/svg+xml,%3Csvg%20xmlns%3D%22http%3A%2F%2Fwww.w3.org%2F2000%2Fsvg%22%20viewBox%3D%220%200%20300%20116%22%3E%3C%2Fsvg%3E\" alt width=\"300\" height=\"116\" srcset=\"data:image\/svg+xml,%3Csvg%20xmlns%3D%22http%3A%2F%2Fwww.w3.org%2F2000%2Fsvg%22%20viewBox%3D%220%200%20300%20116%22%3E%3C%2Fsvg%3E 300w\" sizes=\"(max-width: 300px) 100vw, 300px\" data-srcset=\"https:\/\/premiumline-cabling.com\/wp-content\/uploads\/2019\/02\/Cat3_PP-300x116.jpg 300w, https:\/\/premiumline-cabling.com\/wp-content\/uploads\/2019\/02\/Cat3_PP.jpg 500w\" data-src=\"https:\/\/premiumline-cabling.com\/wp-content\/uploads\/2019\/02\/Cat3_PP-300x116.jpg\"><\/h3>\n<ul>\n<li>ISDN Category 3 High-Density Patchpanel mit 25 oder 50 nummerierten RJ45 Ports<\/li>\n<li>Integriertes Kabelmanagement<\/li>\n<li>Farben: hellgrau (RAL 7035) oder schwarz<\/li>\n<li>Material: SECC 1.6mm Dicke<\/li>\n<li>Passend f\u00fcr alle 19\u201d EIA Racks, 1U\/25 Ports oder 1U\/50 Ports auf Anfrage<\/li>\n<li>IDC Anschl\u00fcsse, Tr\u00e4germaterial: ABS<\/li>\n<li>IDC Anschl\u00fcsse Kontakte: Phosphor Bronze\/Zinn Legierung \u00fcber Nickelkontakte<\/li>\n<li>PCB Anschl\u00fcsse Tr\u00e4germaterial: glasfaserverst\u00e4rktes Polyester UL94-0<\/li>\n<li>PCB Anschl\u00fcsse Kontakte: Phosphor Bronze\/3\u03bc Zoll vergoldete Nickelkontakte<\/li>\n<li>Zul\u00e4ssige Leitungen: 23-26AWG Litzen- und Steifleiterkabel<\/li>\n<li>inklusive Erdungskabel, Kabelbinder und 4x M6-Schrauben<\/li>\n<li>RoHS konform<\/li>\n<\/ul>\n<h3>ANWENDUNGEN:<\/h3>\n<ul>\n<li>10BASE-T Ethernet<\/li>\n<li>Unterst\u00fctzt alle Sprachsysteme<\/li>\n<\/ul>\n<h3>ZEICHNUNG:<\/h3>\n<div id=\"attachment_15088\" style=\"width: 1034px\" class=\"wp-caption aligncenter\"><noscript><img decoding=\"async\" aria-describedby=\"caption-attachment-15088\" class=\"wp-image-15088 size-large\" src=\"https:\/\/premiumline-cabling.com\/wp-content\/uploads\/2019\/02\/ISDN_Cat.3_panel_25p_d-1024x418.jpg\" alt=\"25-port\" width=\"1024\" height=\"418\" srcset=\"https:\/\/premiumline-cabling.com\/wp-content\/uploads\/2019\/02\/ISDN_Cat.3_panel_25p_d-1024x418.jpg 1024w, https:\/\/premiumline-cabling.com\/wp-content\/uploads\/2019\/02\/ISDN_Cat.3_panel_25p_d-300x123.jpg 300w, https:\/\/premiumline-cabling.com\/wp-content\/uploads\/2019\/02\/ISDN_Cat.3_panel_25p_d-768x314.jpg 768w, https:\/\/premiumline-cabling.com\/wp-content\/uploads\/2019\/02\/ISDN_Cat.3_panel_25p_d.jpg 1109w\" sizes=\"(max-width: 1024px) 100vw, 1024px\"><\/noscript><img decoding=\"async\" aria-describedby=\"caption-attachment-15088\" class=\"wp-image-15088 size-large lazyload\" src=\"data:image\/svg+xml,%3Csvg%20xmlns%3D%22http%3A%2F%2Fwww.w3.org%2F2000%2Fsvg%22%20viewBox%3D%220%200%201024%20418%22%3E%3C%2Fsvg%3E\" alt=\"25-port\" width=\"1024\" height=\"418\" srcset=\"data:image\/svg+xml,%3Csvg%20xmlns%3D%22http%3A%2F%2Fwww.w3.org%2F2000%2Fsvg%22%20viewBox%3D%220%200%201024%20418%22%3E%3C%2Fsvg%3E 1024w\" sizes=\"(max-width: 1024px) 100vw, 1024px\" data-srcset=\"https:\/\/premiumline-cabling.com\/wp-content\/uploads\/2019\/02\/ISDN_Cat.3_panel_25p_d-1024x418.jpg 1024w, https:\/\/premiumline-cabling.com\/wp-content\/uploads\/2019\/02\/ISDN_Cat.3_panel_25p_d-300x123.jpg 300w, https:\/\/premiumline-cabling.com\/wp-content\/uploads\/2019\/02\/ISDN_Cat.3_panel_25p_d-768x314.jpg 768w, https:\/\/premiumline-cabling.com\/wp-content\/uploads\/2019\/02\/ISDN_Cat.3_panel_25p_d.jpg 1109w\" data-src=\"https:\/\/premiumline-cabling.com\/wp-content\/uploads\/2019\/02\/ISDN_Cat.3_panel_25p_d-1024x418.jpg\"><p id=\"caption-attachment-15088\" class=\"wp-caption-text\">25-port<\/p><\/div>\n<div id=\"attachment_15094\" style=\"width: 790px\" class=\"wp-caption aligncenter\"><noscript><img decoding=\"async\" aria-describedby=\"caption-attachment-15094\" class=\"wp-image-15094 size-full\" src=\"https:\/\/premiumline-cabling.com\/wp-content\/uploads\/2019\/02\/ISDN_Cat.3_panel_50p_d.jpg\" alt=\"50-port\" width=\"780\" height=\"299\" srcset=\"https:\/\/premiumline-cabling.com\/wp-content\/uploads\/2019\/02\/ISDN_Cat.3_panel_50p_d.jpg 780w, https:\/\/premiumline-cabling.com\/wp-content\/uploads\/2019\/02\/ISDN_Cat.3_panel_50p_d-300x115.jpg 300w, https:\/\/premiumline-cabling.com\/wp-content\/uploads\/2019\/02\/ISDN_Cat.3_panel_50p_d-768x294.jpg 768w\" sizes=\"(max-width: 780px) 100vw, 780px\"><\/noscript><img decoding=\"async\" aria-describedby=\"caption-attachment-15094\" class=\"wp-image-15094 size-full lazyload\" src=\"data:image\/svg+xml,%3Csvg%20xmlns%3D%22http%3A%2F%2Fwww.w3.org%2F2000%2Fsvg%22%20viewBox%3D%220%200%20780%20299%22%3E%3C%2Fsvg%3E\" alt=\"50-port\" width=\"780\" height=\"299\" srcset=\"data:image\/svg+xml,%3Csvg%20xmlns%3D%22http%3A%2F%2Fwww.w3.org%2F2000%2Fsvg%22%20viewBox%3D%220%200%20780%20299%22%3E%3C%2Fsvg%3E 780w\" sizes=\"(max-width: 780px) 100vw, 780px\" data-srcset=\"https:\/\/premiumline-cabling.com\/wp-content\/uploads\/2019\/02\/ISDN_Cat.3_panel_50p_d.jpg 780w, https:\/\/premiumline-cabling.com\/wp-content\/uploads\/2019\/02\/ISDN_Cat.3_panel_50p_d-300x115.jpg 300w, https:\/\/premiumline-cabling.com\/wp-content\/uploads\/2019\/02\/ISDN_Cat.3_panel_50p_d-768x294.jpg 768w\" data-src=\"https:\/\/premiumline-cabling.com\/wp-content\/uploads\/2019\/02\/ISDN_Cat.3_panel_50p_d.jpg\"><p id=\"caption-attachment-15094\" class=\"wp-caption-text\">50-port<\/p><\/div>\n<h3>BESTELLINFORMATION:<\/h3>\n<table width=\"701\">\n<tbody>\n<tr>\n<td width=\"149\">Art.Nr.<\/td>\n<td width=\"552\">17311xx1y<\/td>\n<\/tr>\n<tr>\n<td width=\"149\">Beschreibung<\/td>\n<td width=\"552\">Premium Line ISDN (Cat.3) 90 \u00b0 ungeschirmt, Patchpanel, dual type IDC<\/td>\n<\/tr>\n<tr>\n<td width=\"149\">xx, Portanzahl.<\/td>\n<td width=\"552\">25: 25-port&nbsp;&nbsp; 50: 50-port<\/td>\n<\/tr>\n<tr>\n<td width=\"149\">y, Farbe<\/td>\n<td width=\"552\">2: Schwarz &nbsp; &nbsp; &nbsp;9: RAL7035<\/td>\n<\/tr>\n<tr>\n<td width=\"149\">Verpackung<\/td>\n<td width=\"552\">1 Stk\/Box, 10 Stk\/Karton&nbsp;&nbsp;&nbsp;&nbsp;&nbsp;&nbsp; Abmessungen Karton: 50.5*27.9*27 cm<\/td>\n<\/tr>\n<\/tbody>\n<\/table>\n","protected":false},"featured_media":8739,"template":"","product_category":[187],"class_list":["post-15467","product","type-product","status-publish","has-post-thumbnail","hentry","product_category-voice-data-product-series"],"yoast_head":"<!-- This site is optimized with the Yoast SEO plugin v27.2 - https:\/\/yoast.com\/product\/yoast-seo-wordpress\/ -->\n<title>Premium-Line ISDN (Cat.3) 90 \u00b0 Unshielded Patch Panel<\/title>\n<meta name=\"description\" content=\"Premium-Line Category 3 unshielded patch panel complies with ANSI\/TIA\/EIA 568A, ISO\/IEC 11801, EN 50173 specifications. Read more!\" \/>\n<meta name=\"robots\" content=\"index, follow, max-snippet:-1, max-image-preview:large, max-video-preview:-1\" \/>\n<link rel=\"canonical\" href=\"https:\/\/premiumline-cabling.com\/de\/product\/voice-data-patch-panel\/\" \/>\n<meta property=\"og:locale\" content=\"de_DE\" \/>\n<meta property=\"og:type\" content=\"article\" \/>\n<meta property=\"og:title\" content=\"Premium-Line ISDN (Cat.3) 90 \u00b0 Unshielded Patch Panel\" \/>\n<meta property=\"og:description\" content=\"Premium-Line Category 3 unshielded patch panel complies with ANSI\/TIA\/EIA 568A, ISO\/IEC 11801, EN 50173 specifications. Read more!\" \/>\n<meta property=\"og:url\" content=\"https:\/\/premiumline-cabling.com\/de\/product\/voice-data-patch-panel\/\" \/>\n<meta property=\"og:site_name\" content=\"Premium-Line\" \/>\n<meta property=\"article:modified_time\" content=\"2022-06-13T14:51:48+00:00\" \/>\n<meta property=\"og:image\" content=\"https:\/\/premiumline-cabling.com\/wp-content\/uploads\/2019\/02\/PL_img_patch-panel-3-173112519_1.jpg\" \/>\n\t<meta property=\"og:image:width\" content=\"283\" \/>\n\t<meta property=\"og:image:height\" content=\"220\" \/>\n\t<meta property=\"og:image:type\" content=\"image\/jpeg\" \/>\n<meta name=\"twitter:card\" content=\"summary_large_image\" \/>\n<meta name=\"twitter:label1\" content=\"Gesch\u00e4tzte Lesezeit\" \/>\n\t<meta name=\"twitter:data1\" content=\"2\u00a0Minuten\" \/>\n<script type=\"application\/ld+json\" class=\"yoast-schema-graph\">{\"@context\":\"https:\/\/schema.org\",\"@graph\":[{\"@type\":\"WebPage\",\"@id\":\"https:\/\/premiumline-cabling.com\/de\/product\/voice-data-patch-panel\/\",\"url\":\"https:\/\/premiumline-cabling.com\/de\/product\/voice-data-patch-panel\/\",\"name\":\"Premium-Line ISDN (Cat.3) 90 \u00b0 Unshielded Patch Panel\",\"isPartOf\":{\"@id\":\"https:\/\/premiumline-cabling.com\/#website\"},\"primaryImageOfPage\":{\"@id\":\"https:\/\/premiumline-cabling.com\/de\/product\/voice-data-patch-panel\/#primaryimage\"},\"image\":{\"@id\":\"https:\/\/premiumline-cabling.com\/de\/product\/voice-data-patch-panel\/#primaryimage\"},\"thumbnailUrl\":\"https:\/\/premiumline-cabling.com\/wp-content\/uploads\/2019\/02\/PL_img_patch-panel-3-173112519_1.jpg\",\"datePublished\":\"2019-02-10T22:31:01+00:00\",\"dateModified\":\"2022-06-13T14:51:48+00:00\",\"description\":\"Premium-Line Category 3 unshielded patch panel complies with ANSI\/TIA\/EIA 568A, ISO\/IEC 11801, EN 50173 specifications. Read more!\",\"breadcrumb\":{\"@id\":\"https:\/\/premiumline-cabling.com\/de\/product\/voice-data-patch-panel\/#breadcrumb\"},\"inLanguage\":\"de\",\"potentialAction\":[{\"@type\":\"ReadAction\",\"target\":[\"https:\/\/premiumline-cabling.com\/de\/product\/voice-data-patch-panel\/\"]}]},{\"@type\":\"ImageObject\",\"inLanguage\":\"de\",\"@id\":\"https:\/\/premiumline-cabling.com\/de\/product\/voice-data-patch-panel\/#primaryimage\",\"url\":\"https:\/\/premiumline-cabling.com\/wp-content\/uploads\/2019\/02\/PL_img_patch-panel-3-173112519_1.jpg\",\"contentUrl\":\"https:\/\/premiumline-cabling.com\/wp-content\/uploads\/2019\/02\/PL_img_patch-panel-3-173112519_1.jpg\",\"width\":283,\"height\":220},{\"@type\":\"BreadcrumbList\",\"@id\":\"https:\/\/premiumline-cabling.com\/de\/product\/voice-data-patch-panel\/#breadcrumb\",\"itemListElement\":[{\"@type\":\"ListItem\",\"position\":1,\"name\":\"\u0413\u043b\u0430\u0432\u043d\u0430\u044f \u0441\u0442\u0440\u0430\u043d\u0438\u0446\u0430\",\"item\":\"https:\/\/premiumline-cabling.com\/de\/\"},{\"@type\":\"ListItem\",\"position\":2,\"name\":\"ISDN (Cat.3) Patchpanel\"}]},{\"@type\":\"WebSite\",\"@id\":\"https:\/\/premiumline-cabling.com\/#website\",\"url\":\"https:\/\/premiumline-cabling.com\/\",\"name\":\"Premium-Line\",\"description\":\"Structured Cabling System\",\"publisher\":{\"@id\":\"https:\/\/premiumline-cabling.com\/#organization\"},\"potentialAction\":[{\"@type\":\"SearchAction\",\"target\":{\"@type\":\"EntryPoint\",\"urlTemplate\":\"https:\/\/premiumline-cabling.com\/?s={search_term_string}\"},\"query-input\":{\"@type\":\"PropertyValueSpecification\",\"valueRequired\":true,\"valueName\":\"search_term_string\"}}],\"inLanguage\":\"de\"},{\"@type\":\"Organization\",\"@id\":\"https:\/\/premiumline-cabling.com\/#organization\",\"name\":\"Premium-Line\",\"url\":\"https:\/\/premiumline-cabling.com\/\",\"logo\":{\"@type\":\"ImageObject\",\"inLanguage\":\"de\",\"@id\":\"https:\/\/premiumline-cabling.com\/#\/schema\/logo\/image\/\",\"url\":\"https:\/\/premiumline-cabling.com\/wp-content\/uploads\/2019\/04\/cropped-img_logo_site_Premium-Line.png\",\"contentUrl\":\"https:\/\/premiumline-cabling.com\/wp-content\/uploads\/2019\/04\/cropped-img_logo_site_Premium-Line.png\",\"width\":190,\"height\":62,\"caption\":\"Premium-Line\"},\"image\":{\"@id\":\"https:\/\/premiumline-cabling.com\/#\/schema\/logo\/image\/\"}}]}<\/script>\n<!-- \/ Yoast SEO plugin. -->","yoast_head_json":{"title":"Premium-Line ISDN (Cat.3) 90 \u00b0 Unshielded Patch Panel","description":"Premium-Line Category 3 unshielded patch panel complies with ANSI\/TIA\/EIA 568A, ISO\/IEC 11801, EN 50173 specifications. Read more!","robots":{"index":"index","follow":"follow","max-snippet":"max-snippet:-1","max-image-preview":"max-image-preview:large","max-video-preview":"max-video-preview:-1"},"canonical":"https:\/\/premiumline-cabling.com\/de\/product\/voice-data-patch-panel\/","og_locale":"de_DE","og_type":"article","og_title":"Premium-Line ISDN (Cat.3) 90 \u00b0 Unshielded Patch Panel","og_description":"Premium-Line Category 3 unshielded patch panel complies with ANSI\/TIA\/EIA 568A, ISO\/IEC 11801, EN 50173 specifications. Read more!","og_url":"https:\/\/premiumline-cabling.com\/de\/product\/voice-data-patch-panel\/","og_site_name":"Premium-Line","article_modified_time":"2022-06-13T14:51:48+00:00","og_image":[{"width":283,"height":220,"url":"https:\/\/premiumline-cabling.com\/wp-content\/uploads\/2019\/02\/PL_img_patch-panel-3-173112519_1.jpg","type":"image\/jpeg"}],"twitter_card":"summary_large_image","twitter_misc":{"Gesch\u00e4tzte Lesezeit":"2\u00a0Minuten"},"schema":{"@context":"https:\/\/schema.org","@graph":[{"@type":"WebPage","@id":"https:\/\/premiumline-cabling.com\/de\/product\/voice-data-patch-panel\/","url":"https:\/\/premiumline-cabling.com\/de\/product\/voice-data-patch-panel\/","name":"Premium-Line ISDN (Cat.3) 90 \u00b0 Unshielded Patch Panel","isPartOf":{"@id":"https:\/\/premiumline-cabling.com\/#website"},"primaryImageOfPage":{"@id":"https:\/\/premiumline-cabling.com\/de\/product\/voice-data-patch-panel\/#primaryimage"},"image":{"@id":"https:\/\/premiumline-cabling.com\/de\/product\/voice-data-patch-panel\/#primaryimage"},"thumbnailUrl":"https:\/\/premiumline-cabling.com\/wp-content\/uploads\/2019\/02\/PL_img_patch-panel-3-173112519_1.jpg","datePublished":"2019-02-10T22:31:01+00:00","dateModified":"2022-06-13T14:51:48+00:00","description":"Premium-Line Category 3 unshielded patch panel complies with ANSI\/TIA\/EIA 568A, ISO\/IEC 11801, EN 50173 specifications. Read more!","breadcrumb":{"@id":"https:\/\/premiumline-cabling.com\/de\/product\/voice-data-patch-panel\/#breadcrumb"},"inLanguage":"de","potentialAction":[{"@type":"ReadAction","target":["https:\/\/premiumline-cabling.com\/de\/product\/voice-data-patch-panel\/"]}]},{"@type":"ImageObject","inLanguage":"de","@id":"https:\/\/premiumline-cabling.com\/de\/product\/voice-data-patch-panel\/#primaryimage","url":"https:\/\/premiumline-cabling.com\/wp-content\/uploads\/2019\/02\/PL_img_patch-panel-3-173112519_1.jpg","contentUrl":"https:\/\/premiumline-cabling.com\/wp-content\/uploads\/2019\/02\/PL_img_patch-panel-3-173112519_1.jpg","width":283,"height":220},{"@type":"BreadcrumbList","@id":"https:\/\/premiumline-cabling.com\/de\/product\/voice-data-patch-panel\/#breadcrumb","itemListElement":[{"@type":"ListItem","position":1,"name":"\u0413\u043b\u0430\u0432\u043d\u0430\u044f \u0441\u0442\u0440\u0430\u043d\u0438\u0446\u0430","item":"https:\/\/premiumline-cabling.com\/de\/"},{"@type":"ListItem","position":2,"name":"ISDN (Cat.3) Patchpanel"}]},{"@type":"WebSite","@id":"https:\/\/premiumline-cabling.com\/#website","url":"https:\/\/premiumline-cabling.com\/","name":"Premium-Line","description":"Structured Cabling System","publisher":{"@id":"https:\/\/premiumline-cabling.com\/#organization"},"potentialAction":[{"@type":"SearchAction","target":{"@type":"EntryPoint","urlTemplate":"https:\/\/premiumline-cabling.com\/?s={search_term_string}"},"query-input":{"@type":"PropertyValueSpecification","valueRequired":true,"valueName":"search_term_string"}}],"inLanguage":"de"},{"@type":"Organization","@id":"https:\/\/premiumline-cabling.com\/#organization","name":"Premium-Line","url":"https:\/\/premiumline-cabling.com\/","logo":{"@type":"ImageObject","inLanguage":"de","@id":"https:\/\/premiumline-cabling.com\/#\/schema\/logo\/image\/","url":"https:\/\/premiumline-cabling.com\/wp-content\/uploads\/2019\/04\/cropped-img_logo_site_Premium-Line.png","contentUrl":"https:\/\/premiumline-cabling.com\/wp-content\/uploads\/2019\/04\/cropped-img_logo_site_Premium-Line.png","width":190,"height":62,"caption":"Premium-Line"},"image":{"@id":"https:\/\/premiumline-cabling.com\/#\/schema\/logo\/image\/"}}]}},"_links":{"self":[{"href":"https:\/\/premiumline-cabling.com\/de\/wp-json\/wp\/v2\/product\/15467","targetHints":{"allow":["GET"]}}],"collection":[{"href":"https:\/\/premiumline-cabling.com\/de\/wp-json\/wp\/v2\/product"}],"about":[{"href":"https:\/\/premiumline-cabling.com\/de\/wp-json\/wp\/v2\/types\/product"}],"wp:featuredmedia":[{"embeddable":true,"href":"https:\/\/premiumline-cabling.com\/de\/wp-json\/wp\/v2\/media\/8739"}],"wp:attachment":[{"href":"https:\/\/premiumline-cabling.com\/de\/wp-json\/wp\/v2\/media?parent=15467"}],"wp:term":[{"taxonomy":"product_category","embeddable":true,"href":"https:\/\/premiumline-cabling.com\/de\/wp-json\/wp\/v2\/product_category?post=15467"}],"curies":[{"name":"wp","href":"https:\/\/api.w.org\/{rel}","templated":true}]}}