{"id":15461,"date":"2022-06-10T14:20:05","date_gmt":"2022-06-10T13:20:05","guid":{"rendered":"https:\/\/www.premiumline-cabling.com\/product\/fan-unit-with-nema\/"},"modified":"2022-06-13T15:26:53","modified_gmt":"2022-06-13T14:26:53","slug":"fan-unit","status":"publish","type":"product","link":"https:\/\/premiumline-cabling.com\/de\/product\/fan-unit\/","title":{"rendered":"L\u00fcftereinheiten"},"content":{"rendered":"<h2>220-V-L\u00fcftereinheiten::<\/h2>\n<ul>\n<li>Das Netzkabel ist f\u00fcr die Verwendung mit 220 V-240 V oder 110 V-120 V mit US-, UK- oder EU-Stecker ausgelegt. Die L\u00e4nge des Netzkabels betr\u00e4gt 2 m.<\/li>\n<\/ul>\n<h3><noscript><img decoding=\"async\" class=\"size-medium wp-image-15451 alignright\" src=\"https:\/\/premiumline-cabling.com\/wp-content\/uploads\/2022\/06\/FAN-UNIT-FOR-WALL-MOUNT-300x138.jpg\" alt width=\"300\" height=\"138\" srcset=\"https:\/\/premiumline-cabling.com\/wp-content\/uploads\/2022\/06\/FAN-UNIT-FOR-WALL-MOUNT-300x138.jpg 300w, https:\/\/premiumline-cabling.com\/wp-content\/uploads\/2022\/06\/FAN-UNIT-FOR-WALL-MOUNT-1024x473.jpg 1024w, https:\/\/premiumline-cabling.com\/wp-content\/uploads\/2022\/06\/FAN-UNIT-FOR-WALL-MOUNT-768x355.jpg 768w, https:\/\/premiumline-cabling.com\/wp-content\/uploads\/2022\/06\/FAN-UNIT-FOR-WALL-MOUNT-1536x709.jpg 1536w, https:\/\/premiumline-cabling.com\/wp-content\/uploads\/2022\/06\/FAN-UNIT-FOR-WALL-MOUNT-2048x945.jpg 2048w\" sizes=\"(max-width: 300px) 100vw, 300px\"><\/noscript><img decoding=\"async\" class=\"size-medium wp-image-15451 alignright lazyload\" src=\"data:image\/svg+xml,%3Csvg%20xmlns%3D%22http%3A%2F%2Fwww.w3.org%2F2000%2Fsvg%22%20viewBox%3D%220%200%20300%20138%22%3E%3C%2Fsvg%3E\" alt width=\"300\" height=\"138\" srcset=\"data:image\/svg+xml,%3Csvg%20xmlns%3D%22http%3A%2F%2Fwww.w3.org%2F2000%2Fsvg%22%20viewBox%3D%220%200%20300%20138%22%3E%3C%2Fsvg%3E 300w\" sizes=\"(max-width: 300px) 100vw, 300px\" data-srcset=\"https:\/\/premiumline-cabling.com\/wp-content\/uploads\/2022\/06\/FAN-UNIT-FOR-WALL-MOUNT-300x138.jpg 300w, https:\/\/premiumline-cabling.com\/wp-content\/uploads\/2022\/06\/FAN-UNIT-FOR-WALL-MOUNT-1024x473.jpg 1024w, https:\/\/premiumline-cabling.com\/wp-content\/uploads\/2022\/06\/FAN-UNIT-FOR-WALL-MOUNT-768x355.jpg 768w, https:\/\/premiumline-cabling.com\/wp-content\/uploads\/2022\/06\/FAN-UNIT-FOR-WALL-MOUNT-1536x709.jpg 1536w, https:\/\/premiumline-cabling.com\/wp-content\/uploads\/2022\/06\/FAN-UNIT-FOR-WALL-MOUNT-2048x945.jpg 2048w\" data-src=\"https:\/\/premiumline-cabling.com\/wp-content\/uploads\/2022\/06\/FAN-UNIT-FOR-WALL-MOUNT-300x138.jpg\"><\/h3>\n<h3>L\u00dcFTEREINHEIT F\u00dcR WANDMONTAGESCHRANK:<\/h3>\n<table width=\"627\">\n<tbody>\n<tr>\n<td width=\"85\">Art.Nr.<\/td>\n<td width=\"542\">Beschreibung<\/td>\n<\/tr>\n<tr>\n<td width=\"85\">621010202<\/td>\n<td width=\"542\">L\u00fcftereinheit mit Schuko-Stecker, 2 L\u00fcfter mit einem gemeinsamen Stromkabel\n<p>220V-240V, Kabell\u00e4nge: 2m<\/p><\/td>\n<\/tr>\n<tr>\n<td width=\"85\">621020202<\/td>\n<td width=\"542\">L\u00fcftereinheit mit UK-Stecker, 2 L\u00fcfter mit einem gemeinsamen Stromkabel\n<p>220V-240V, Kabell\u00e4nge: 2m<\/p><\/td>\n<\/tr>\n<tr>\n<td width=\"85\">621030202<\/td>\n<td width=\"542\">L\u00fcftereinheit mit US-Stecker (NEMA5-15P), 2 L\u00fcfter mit einem gemeinsamen Stromkabel\n<p>110V-120V, Kabell\u00e4nge: 2m<\/p><\/td>\n<\/tr>\n<\/tbody>\n<\/table>\n<p>*Hinweis: Design f\u00fcr die Verwendung mit Wandmontageschr\u00e4nken mit einem Abschnitt (<a href=\"https:\/\/premiumline-cabling.com\/de\/product\/wall-mount-cabinet\/\">61126xyyz<\/a>) und zwei Abschnitten (<a href=\"https:\/\/premiumline-cabling.com\/de\/product\/wall-mount-cabinet\/\">61426xyyz<\/a>)<\/p>\n<h3>L\u00dcFTEREINHEIT F\u00dcR NETZWERK-SERVERSCHRANK:<\/h3>\n<table width=\"617\">\n<tbody>\n<tr>\n<td width=\"97\">Art.Nr.<\/td>\n<td width=\"520\">Beschreibung<\/td>\n<\/tr>\n<tr>\n<td width=\"97\">62001620y<\/td>\n<td width=\"520\">2-fach L\u00fcfter, Schuko-Stecker (Spannung: 220V-240V, Kabell\u00e4nge: 2m)\n<p>y:&nbsp; 2: RAL 9005,&nbsp; 5: RAL7035<\/p><\/td>\n<\/tr>\n<tr>\n<td width=\"97\">62002620y<\/td>\n<td width=\"520\">2-fach L\u00fcfter, UK-Stecker (Spannung: 220V-240V, Kabell\u00e4nge: 2m)\n<p>y:&nbsp; 2: RAL 9005,&nbsp; 5: RAL7035<\/p><\/td>\n<\/tr>\n<tr>\n<td width=\"97\">6200x620y<\/td>\n<td width=\"520\">2-fach L\u00fcfter, US NEMA5-15P-Stecker, Kabell\u00e4nge: 2m\n<p>X: &nbsp;3: 110V-120V&nbsp;&nbsp; 4: 220V-240V<\/p>\n<p>y:&nbsp; 2: RAL 9005,&nbsp; &nbsp;&nbsp;5: RAL7035<\/p><\/td>\n<\/tr>\n<\/tbody>\n<\/table>\n<p>*Hinweis: Design f\u00fcr die Verwendung in einem 600 mm tiefen Netzwerk-Serverschrank (<a href=\"https:\/\/premiumline-cabling.com\/de\/product\/network-server-cabinet\/\">612x66yyz<\/a>)<\/p>\n<h3><noscript><img decoding=\"async\" class=\"size-medium wp-image-15439 alignleft\" src=\"https:\/\/premiumline-cabling.com\/wp-content\/uploads\/2022\/06\/FAN-UNIT-FOR-Server-300x160.jpg\" alt width=\"300\" height=\"160\" srcset=\"https:\/\/premiumline-cabling.com\/wp-content\/uploads\/2022\/06\/FAN-UNIT-FOR-Server-300x160.jpg 300w, https:\/\/premiumline-cabling.com\/wp-content\/uploads\/2022\/06\/FAN-UNIT-FOR-Server.jpg 373w\" sizes=\"(max-width: 300px) 100vw, 300px\"><\/noscript><img decoding=\"async\" class=\"size-medium wp-image-15439 alignleft lazyload\" src=\"data:image\/svg+xml,%3Csvg%20xmlns%3D%22http%3A%2F%2Fwww.w3.org%2F2000%2Fsvg%22%20viewBox%3D%220%200%20300%20160%22%3E%3C%2Fsvg%3E\" alt width=\"300\" height=\"160\" srcset=\"data:image\/svg+xml,%3Csvg%20xmlns%3D%22http%3A%2F%2Fwww.w3.org%2F2000%2Fsvg%22%20viewBox%3D%220%200%20300%20160%22%3E%3C%2Fsvg%3E 300w\" sizes=\"(max-width: 300px) 100vw, 300px\" data-srcset=\"https:\/\/premiumline-cabling.com\/wp-content\/uploads\/2022\/06\/FAN-UNIT-FOR-Server-300x160.jpg 300w, https:\/\/premiumline-cabling.com\/wp-content\/uploads\/2022\/06\/FAN-UNIT-FOR-Server.jpg 373w\" data-src=\"https:\/\/premiumline-cabling.com\/wp-content\/uploads\/2022\/06\/FAN-UNIT-FOR-Server-300x160.jpg\"><\/h3>\n<p>&nbsp;<\/p>\n<p><noscript><img decoding=\"async\" class=\"size-medium wp-image-15445 alignnone\" src=\"https:\/\/premiumline-cabling.com\/wp-content\/uploads\/2022\/06\/FAN-UNIT-FOR-Server_4-300x143.jpg\" alt width=\"300\" height=\"143\" srcset=\"https:\/\/premiumline-cabling.com\/wp-content\/uploads\/2022\/06\/FAN-UNIT-FOR-Server_4-300x143.jpg 300w, https:\/\/premiumline-cabling.com\/wp-content\/uploads\/2022\/06\/FAN-UNIT-FOR-Server_4.jpg 362w\" sizes=\"(max-width: 300px) 100vw, 300px\"><\/noscript><img decoding=\"async\" class=\"size-medium wp-image-15445 alignnone lazyload\" src=\"data:image\/svg+xml,%3Csvg%20xmlns%3D%22http%3A%2F%2Fwww.w3.org%2F2000%2Fsvg%22%20viewBox%3D%220%200%20300%20143%22%3E%3C%2Fsvg%3E\" alt width=\"300\" height=\"143\" srcset=\"data:image\/svg+xml,%3Csvg%20xmlns%3D%22http%3A%2F%2Fwww.w3.org%2F2000%2Fsvg%22%20viewBox%3D%220%200%20300%20143%22%3E%3C%2Fsvg%3E 300w\" sizes=\"(max-width: 300px) 100vw, 300px\" data-srcset=\"https:\/\/premiumline-cabling.com\/wp-content\/uploads\/2022\/06\/FAN-UNIT-FOR-Server_4-300x143.jpg 300w, https:\/\/premiumline-cabling.com\/wp-content\/uploads\/2022\/06\/FAN-UNIT-FOR-Server_4.jpg 362w\" data-src=\"https:\/\/premiumline-cabling.com\/wp-content\/uploads\/2022\/06\/FAN-UNIT-FOR-Server_4-300x143.jpg\"><\/p>\n<table width=\"617\">\n<tbody>\n<tr>\n<td width=\"97\">Art.Nr.<\/td>\n<td width=\"520\">Beschreibung<\/td>\n<\/tr>\n<tr>\n<td width=\"97\">62001x40y<\/td>\n<td width=\"520\">L\u00fcftereinheit mit 4 L\u00fcftern, Schuko-Stecker, Stromkabell\u00e4nge (2m)\n<p>x:&nbsp; 8: f\u00fcr 800mm Tiefe&nbsp; 1: f\u00fcr 1000mm Tiefe<\/p>\n<p>y: &nbsp;2: RAL schwarz,&nbsp; 5: RAL7035<\/p><\/td>\n<\/tr>\n<tr>\n<td width=\"97\">62002x40y<\/td>\n<td width=\"520\">L\u00fcftereinheit mit 4 L\u00fcftern, UK-Stecker, Stromkabell\u00e4nge (2m)\n<p>x:&nbsp; 8: f\u00fcr 800mm Tiefe&nbsp; 1: f\u00fcr 1000mm Tiefe<\/p>\n<p>y: &nbsp;2: RAL schwarz,&nbsp; 5: RAL7035<\/p><\/td>\n<\/tr>\n<tr>\n<td width=\"97\">62003x40y<\/td>\n<td width=\"520\">L\u00fcftereinheit mit 4 L\u00fcftern, UL-Stecker, Stromkabell\u00e4nge (2m)\n<p>x:&nbsp; 8: f\u00fcr 800mm Tiefe&nbsp; 1: f\u00fcr 1000mm Tiefe<\/p>\n<p>y: &nbsp;2: RAL schwarz,&nbsp; 5: RAL7035<\/p><\/td>\n<\/tr>\n<\/tbody>\n<\/table>\n<p>*Hinweis: Design f\u00fcr die Verwendung in Netzwerk-Serverschr\u00e4nken mit einer Tiefe von 800\u20131000 mm (<a href=\"https:\/\/premiumline-cabling.com\/de\/product\/network-server-cabinet\/\">612xyyvvz<\/a>)<\/p>\n<p><noscript><img decoding=\"async\" class=\"size-full wp-image-15433 alignright\" src=\"https:\/\/premiumline-cabling.com\/wp-content\/uploads\/2022\/06\/FAN-UNIT-FOR-E_Server_6.jpg\" alt width=\"170\" height=\"82\"><\/noscript><img decoding=\"async\" class=\"size-full wp-image-15433 alignright lazyload\" src=\"data:image\/svg+xml,%3Csvg%20xmlns%3D%22http%3A%2F%2Fwww.w3.org%2F2000%2Fsvg%22%20viewBox%3D%220%200%20170%2082%22%3E%3C%2Fsvg%3E\" alt width=\"170\" height=\"82\" data-src=\"https:\/\/premiumline-cabling.com\/wp-content\/uploads\/2022\/06\/FAN-UNIT-FOR-E_Server_6.jpg\"><\/p>\n<h3>L\u00dcFTEREINSATZ F\u00dcR ERWEITERTEN NETZWERK-SERVERSCHRANK:<\/h3>\n<p>&nbsp;<\/p>\n<table width=\"617\">\n<tbody>\n<tr>\n<td width=\"85\">Art.Nr.<\/td>\n<td width=\"532\">Beschreibung<\/td>\n<\/tr>\n<tr>\n<td width=\"85\">62001&#215;602<\/td>\n<td width=\"532\">6-fach L\u00fcftereinheit, Schuko-Stecker, (Spannung: 220V-240V, Kabell\u00e4nge: 2m)\n<p>x:&nbsp; 8: f\u00fcr 800mm Tiefe&nbsp; 1: f\u00fcr 1070mm Tiefe&nbsp;&nbsp; 3: f\u00fcr 1200mm Tiefe<\/p><\/td>\n<\/tr>\n<tr>\n<td width=\"85\">62002&#215;602<\/td>\n<td width=\"532\">6-fach L\u00fcftereinheit, UK-Stecker, (Spannung: 220V-240V, Kabell\u00e4nge: 2m)\n<p>x:&nbsp; 8: f\u00fcr 800mm Tiefe&nbsp; 1: f\u00fcr 1070mm Tiefe&nbsp;&nbsp; 3: f\u00fcr 1200mm Tiefe<\/p><\/td>\n<\/tr>\n<tr>\n<td width=\"85\">6200xy602<\/td>\n<td width=\"532\">6-fach L\u00fcftereinheit, US NEMA5-15P-Stecker, Kabell\u00e4nge: 2m)\n<p>x:&nbsp; 3: 110V-120V&nbsp;&nbsp;&nbsp; 4: 220V-240V<\/p>\n<p>y:&nbsp; 8: f\u00fcr 870mm Tiefe&nbsp; 1: f\u00fcr 1070mm Tiefe&nbsp;&nbsp; 3: f\u00fcr 1200mm Tiefe<\/p><\/td>\n<\/tr>\n<\/tbody>\n<\/table>\n<p>*Hinweis: Design f\u00fcr die Verwendung in Enhanced Network Server-Schr\u00e4nken mit einer Tiefe von 800\u20131200 mm (<a href=\"https:\/\/premiumline-cabling.com\/de\/product\/enhanced-network-server-cabinet\/\">61586xyy2 &amp; 61588xyy2<\/a>)<\/p>\n","protected":false},"featured_media":15453,"template":"","product_category":[162],"class_list":["post-15461","product","type-product","status-publish","has-post-thumbnail","hentry","product_category-cabinets-de"],"yoast_head":"<!-- This site is optimized with the Yoast SEO plugin v27.3 - https:\/\/yoast.com\/product\/yoast-seo-wordpress\/ -->\n<title>Premium-Line 220V L\u00fcftereinheiten<\/title>\n<meta name=\"description\" content=\"Das Netzkabel ist f\u00fcr die Verwendung mit 220 V-240 V oder 110 V-120 V mit US-, UK- oder EU-Stecker ausgelegt. Die L\u00e4nge des Netzkabels betr\u00e4gt 2 m.\" \/>\n<meta name=\"robots\" content=\"index, follow, max-snippet:-1, max-image-preview:large, max-video-preview:-1\" \/>\n<link rel=\"canonical\" href=\"https:\/\/premiumline-cabling.com\/de\/product\/fan-unit\/\" \/>\n<meta property=\"og:locale\" content=\"de_DE\" \/>\n<meta property=\"og:type\" content=\"article\" \/>\n<meta property=\"og:title\" content=\"Premium-Line 220V L\u00fcftereinheiten\" \/>\n<meta property=\"og:description\" content=\"Das Netzkabel ist f\u00fcr die Verwendung mit 220 V-240 V oder 110 V-120 V mit US-, UK- oder EU-Stecker ausgelegt. Die L\u00e4nge des Netzkabels betr\u00e4gt 2 m.\" \/>\n<meta property=\"og:url\" content=\"https:\/\/premiumline-cabling.com\/de\/product\/fan-unit\/\" \/>\n<meta property=\"og:site_name\" content=\"Premium-Line\" \/>\n<meta property=\"article:modified_time\" content=\"2022-06-13T14:26:53+00:00\" \/>\n<meta property=\"og:image\" content=\"https:\/\/premiumline-cabling.com\/wp-content\/uploads\/2022\/06\/FAN-UNIT-FOR-WALL-MOUNT.jpg\" \/>\n\t<meta property=\"og:image:width\" content=\"2177\" \/>\n\t<meta property=\"og:image:height\" content=\"1005\" \/>\n\t<meta property=\"og:image:type\" content=\"image\/jpeg\" \/>\n<meta name=\"twitter:card\" content=\"summary_large_image\" \/>\n<meta name=\"twitter:label1\" content=\"Gesch\u00e4tzte Lesezeit\" \/>\n\t<meta name=\"twitter:data1\" content=\"3\u00a0Minuten\" \/>\n<script type=\"application\/ld+json\" class=\"yoast-schema-graph\">{\"@context\":\"https:\\\/\\\/schema.org\",\"@graph\":[{\"@type\":\"WebPage\",\"@id\":\"https:\\\/\\\/premiumline-cabling.com\\\/de\\\/product\\\/fan-unit\\\/\",\"url\":\"https:\\\/\\\/premiumline-cabling.com\\\/de\\\/product\\\/fan-unit\\\/\",\"name\":\"Premium-Line 220V L\u00fcftereinheiten\",\"isPartOf\":{\"@id\":\"https:\\\/\\\/premiumline-cabling.com\\\/#website\"},\"primaryImageOfPage\":{\"@id\":\"https:\\\/\\\/premiumline-cabling.com\\\/de\\\/product\\\/fan-unit\\\/#primaryimage\"},\"image\":{\"@id\":\"https:\\\/\\\/premiumline-cabling.com\\\/de\\\/product\\\/fan-unit\\\/#primaryimage\"},\"thumbnailUrl\":\"https:\\\/\\\/premiumline-cabling.com\\\/wp-content\\\/uploads\\\/2022\\\/06\\\/FAN-UNIT-FOR-WALL-MOUNT.jpg\",\"datePublished\":\"2022-06-10T13:20:05+00:00\",\"dateModified\":\"2022-06-13T14:26:53+00:00\",\"description\":\"Das Netzkabel ist f\u00fcr die Verwendung mit 220 V-240 V oder 110 V-120 V mit US-, UK- oder EU-Stecker ausgelegt. Die L\u00e4nge des Netzkabels betr\u00e4gt 2 m.\",\"breadcrumb\":{\"@id\":\"https:\\\/\\\/premiumline-cabling.com\\\/de\\\/product\\\/fan-unit\\\/#breadcrumb\"},\"inLanguage\":\"de\",\"potentialAction\":[{\"@type\":\"ReadAction\",\"target\":[\"https:\\\/\\\/premiumline-cabling.com\\\/de\\\/product\\\/fan-unit\\\/\"]}]},{\"@type\":\"ImageObject\",\"inLanguage\":\"de\",\"@id\":\"https:\\\/\\\/premiumline-cabling.com\\\/de\\\/product\\\/fan-unit\\\/#primaryimage\",\"url\":\"https:\\\/\\\/premiumline-cabling.com\\\/wp-content\\\/uploads\\\/2022\\\/06\\\/FAN-UNIT-FOR-WALL-MOUNT.jpg\",\"contentUrl\":\"https:\\\/\\\/premiumline-cabling.com\\\/wp-content\\\/uploads\\\/2022\\\/06\\\/FAN-UNIT-FOR-WALL-MOUNT.jpg\",\"width\":2177,\"height\":1005},{\"@type\":\"BreadcrumbList\",\"@id\":\"https:\\\/\\\/premiumline-cabling.com\\\/de\\\/product\\\/fan-unit\\\/#breadcrumb\",\"itemListElement\":[{\"@type\":\"ListItem\",\"position\":1,\"name\":\"\u0413\u043b\u0430\u0432\u043d\u0430\u044f \u0441\u0442\u0440\u0430\u043d\u0438\u0446\u0430\",\"item\":\"https:\\\/\\\/premiumline-cabling.com\\\/de\\\/\"},{\"@type\":\"ListItem\",\"position\":2,\"name\":\"L\u00fcftereinheiten\"}]},{\"@type\":\"WebSite\",\"@id\":\"https:\\\/\\\/premiumline-cabling.com\\\/#website\",\"url\":\"https:\\\/\\\/premiumline-cabling.com\\\/\",\"name\":\"Premium-Line\",\"description\":\"Structured Cabling System\",\"publisher\":{\"@id\":\"https:\\\/\\\/premiumline-cabling.com\\\/#organization\"},\"potentialAction\":[{\"@type\":\"SearchAction\",\"target\":{\"@type\":\"EntryPoint\",\"urlTemplate\":\"https:\\\/\\\/premiumline-cabling.com\\\/?s={search_term_string}\"},\"query-input\":{\"@type\":\"PropertyValueSpecification\",\"valueRequired\":true,\"valueName\":\"search_term_string\"}}],\"inLanguage\":\"de\"},{\"@type\":\"Organization\",\"@id\":\"https:\\\/\\\/premiumline-cabling.com\\\/#organization\",\"name\":\"Premium-Line\",\"url\":\"https:\\\/\\\/premiumline-cabling.com\\\/\",\"logo\":{\"@type\":\"ImageObject\",\"inLanguage\":\"de\",\"@id\":\"https:\\\/\\\/premiumline-cabling.com\\\/#\\\/schema\\\/logo\\\/image\\\/\",\"url\":\"https:\\\/\\\/premiumline-cabling.com\\\/wp-content\\\/uploads\\\/2019\\\/04\\\/cropped-img_logo_site_Premium-Line.png\",\"contentUrl\":\"https:\\\/\\\/premiumline-cabling.com\\\/wp-content\\\/uploads\\\/2019\\\/04\\\/cropped-img_logo_site_Premium-Line.png\",\"width\":190,\"height\":62,\"caption\":\"Premium-Line\"},\"image\":{\"@id\":\"https:\\\/\\\/premiumline-cabling.com\\\/#\\\/schema\\\/logo\\\/image\\\/\"}}]}<\/script>\n<!-- \/ Yoast SEO plugin. -->","yoast_head_json":{"title":"Premium-Line 220V L\u00fcftereinheiten","description":"Das Netzkabel ist f\u00fcr die Verwendung mit 220 V-240 V oder 110 V-120 V mit US-, UK- oder EU-Stecker ausgelegt. Die L\u00e4nge des Netzkabels betr\u00e4gt 2 m.","robots":{"index":"index","follow":"follow","max-snippet":"max-snippet:-1","max-image-preview":"max-image-preview:large","max-video-preview":"max-video-preview:-1"},"canonical":"https:\/\/premiumline-cabling.com\/de\/product\/fan-unit\/","og_locale":"de_DE","og_type":"article","og_title":"Premium-Line 220V L\u00fcftereinheiten","og_description":"Das Netzkabel ist f\u00fcr die Verwendung mit 220 V-240 V oder 110 V-120 V mit US-, UK- oder EU-Stecker ausgelegt. Die L\u00e4nge des Netzkabels betr\u00e4gt 2 m.","og_url":"https:\/\/premiumline-cabling.com\/de\/product\/fan-unit\/","og_site_name":"Premium-Line","article_modified_time":"2022-06-13T14:26:53+00:00","og_image":[{"width":2177,"height":1005,"url":"https:\/\/premiumline-cabling.com\/wp-content\/uploads\/2022\/06\/FAN-UNIT-FOR-WALL-MOUNT.jpg","type":"image\/jpeg"}],"twitter_card":"summary_large_image","twitter_misc":{"Gesch\u00e4tzte Lesezeit":"3\u00a0Minuten"},"schema":{"@context":"https:\/\/schema.org","@graph":[{"@type":"WebPage","@id":"https:\/\/premiumline-cabling.com\/de\/product\/fan-unit\/","url":"https:\/\/premiumline-cabling.com\/de\/product\/fan-unit\/","name":"Premium-Line 220V L\u00fcftereinheiten","isPartOf":{"@id":"https:\/\/premiumline-cabling.com\/#website"},"primaryImageOfPage":{"@id":"https:\/\/premiumline-cabling.com\/de\/product\/fan-unit\/#primaryimage"},"image":{"@id":"https:\/\/premiumline-cabling.com\/de\/product\/fan-unit\/#primaryimage"},"thumbnailUrl":"https:\/\/premiumline-cabling.com\/wp-content\/uploads\/2022\/06\/FAN-UNIT-FOR-WALL-MOUNT.jpg","datePublished":"2022-06-10T13:20:05+00:00","dateModified":"2022-06-13T14:26:53+00:00","description":"Das Netzkabel ist f\u00fcr die Verwendung mit 220 V-240 V oder 110 V-120 V mit US-, UK- oder EU-Stecker ausgelegt. Die L\u00e4nge des Netzkabels betr\u00e4gt 2 m.","breadcrumb":{"@id":"https:\/\/premiumline-cabling.com\/de\/product\/fan-unit\/#breadcrumb"},"inLanguage":"de","potentialAction":[{"@type":"ReadAction","target":["https:\/\/premiumline-cabling.com\/de\/product\/fan-unit\/"]}]},{"@type":"ImageObject","inLanguage":"de","@id":"https:\/\/premiumline-cabling.com\/de\/product\/fan-unit\/#primaryimage","url":"https:\/\/premiumline-cabling.com\/wp-content\/uploads\/2022\/06\/FAN-UNIT-FOR-WALL-MOUNT.jpg","contentUrl":"https:\/\/premiumline-cabling.com\/wp-content\/uploads\/2022\/06\/FAN-UNIT-FOR-WALL-MOUNT.jpg","width":2177,"height":1005},{"@type":"BreadcrumbList","@id":"https:\/\/premiumline-cabling.com\/de\/product\/fan-unit\/#breadcrumb","itemListElement":[{"@type":"ListItem","position":1,"name":"\u0413\u043b\u0430\u0432\u043d\u0430\u044f \u0441\u0442\u0440\u0430\u043d\u0438\u0446\u0430","item":"https:\/\/premiumline-cabling.com\/de\/"},{"@type":"ListItem","position":2,"name":"L\u00fcftereinheiten"}]},{"@type":"WebSite","@id":"https:\/\/premiumline-cabling.com\/#website","url":"https:\/\/premiumline-cabling.com\/","name":"Premium-Line","description":"Structured Cabling System","publisher":{"@id":"https:\/\/premiumline-cabling.com\/#organization"},"potentialAction":[{"@type":"SearchAction","target":{"@type":"EntryPoint","urlTemplate":"https:\/\/premiumline-cabling.com\/?s={search_term_string}"},"query-input":{"@type":"PropertyValueSpecification","valueRequired":true,"valueName":"search_term_string"}}],"inLanguage":"de"},{"@type":"Organization","@id":"https:\/\/premiumline-cabling.com\/#organization","name":"Premium-Line","url":"https:\/\/premiumline-cabling.com\/","logo":{"@type":"ImageObject","inLanguage":"de","@id":"https:\/\/premiumline-cabling.com\/#\/schema\/logo\/image\/","url":"https:\/\/premiumline-cabling.com\/wp-content\/uploads\/2019\/04\/cropped-img_logo_site_Premium-Line.png","contentUrl":"https:\/\/premiumline-cabling.com\/wp-content\/uploads\/2019\/04\/cropped-img_logo_site_Premium-Line.png","width":190,"height":62,"caption":"Premium-Line"},"image":{"@id":"https:\/\/premiumline-cabling.com\/#\/schema\/logo\/image\/"}}]}},"_links":{"self":[{"href":"https:\/\/premiumline-cabling.com\/de\/wp-json\/wp\/v2\/product\/15461","targetHints":{"allow":["GET"]}}],"collection":[{"href":"https:\/\/premiumline-cabling.com\/de\/wp-json\/wp\/v2\/product"}],"about":[{"href":"https:\/\/premiumline-cabling.com\/de\/wp-json\/wp\/v2\/types\/product"}],"wp:featuredmedia":[{"embeddable":true,"href":"https:\/\/premiumline-cabling.com\/de\/wp-json\/wp\/v2\/media\/15453"}],"wp:attachment":[{"href":"https:\/\/premiumline-cabling.com\/de\/wp-json\/wp\/v2\/media?parent=15461"}],"wp:term":[{"taxonomy":"product_category","embeddable":true,"href":"https:\/\/premiumline-cabling.com\/de\/wp-json\/wp\/v2\/product_category?post=15461"}],"curies":[{"name":"wp","href":"https:\/\/api.w.org\/{rel}","templated":true}]}}