{"id":15400,"date":"2019-08-08T13:10:13","date_gmt":"2019-08-08T12:10:13","guid":{"rendered":"https:\/\/www.premiumline-cabling.com\/product\/cat-5e-unshielded-toolless-rj45-plug-2\/"},"modified":"2022-06-10T12:47:44","modified_gmt":"2022-06-10T11:47:44","slug":"cat-5e-unshielded-toolless-rj45-plug-2","status":"publish","type":"product","link":"https:\/\/premiumline-cabling.com\/de\/product\/cat-5e-unshielded-toolless-rj45-plug-2\/","title":{"rendered":"Cat.5e RJ45-Stecker ungeschirmt"},"content":{"rendered":"<p><noscript><img decoding=\"async\" class=\"alignright wp-image-981 size-full\" src=\"https:\/\/premiumline-cabling.com\/wp-content\/uploads\/2019\/02\/PL_img_toolless-rj45-plug.jpg\" alt width=\"300\" height=\"164\"><\/noscript><img decoding=\"async\" class=\"alignright wp-image-981 size-full lazyload\" src=\"data:image\/svg+xml,%3Csvg%20xmlns%3D%22http%3A%2F%2Fwww.w3.org%2F2000%2Fsvg%22%20viewBox%3D%220%200%20300%20164%22%3E%3C%2Fsvg%3E\" alt width=\"300\" height=\"164\" data-src=\"https:\/\/premiumline-cabling.com\/wp-content\/uploads\/2019\/02\/PL_img_toolless-rj45-plug.jpg\"><\/p>\n<h3>EIGENSCHAFTEN:<\/h3>\n<ul>\n<li>entspricht den TIA\/EIA-568-B.2, ISO 11801 und EN 50173-1 Spezifikationen<\/li>\n<li>konform mit den Patchkabel Test-Anforderungen nach Category 5e<\/li>\n<li>zul\u00e4ssige Anschlu\u00dfleiter: 22-26AWG UTP Litzen- und Steifleiterkabel<\/li>\n<li>unterst\u00fctzt T568 A&amp;B Verdrahtung, einfache Installation<\/li>\n<li>Der Zusammenbau erfolgt ohne spezielles Werkzeug<\/li>\n<li>Ideal f\u00fcr industrielle Anwendungen<\/li>\n<li>kann wieder ge\u00f6ffnet werden um Verdrahtungsfehler zu beheben<\/li>\n<li>RoHS konform<\/li>\n<\/ul>\n<h3>KENNWERTE:<\/h3>\n<p><strong><em>IDC-Verbinder<\/em><\/strong><\/p>\n<table>\n<tbody>\n<tr>\n<td width=\"170\">Kontaktmaterial<\/td>\n<td width=\"404\">0.5mm Legierung<\/td>\n<\/tr>\n<tr>\n<td width=\"170\">Beschichtung<\/td>\n<td width=\"404\">Verzinnt \u00fcber Nickel<\/td>\n<\/tr>\n<tr>\n<td width=\"170\">Bodymaterial<\/td>\n<td width=\"404\">PC, UL94 V-0<\/td>\n<\/tr>\n<tr>\n<td width=\"170\">Lebensdauer<\/td>\n<td width=\"404\">mind. 200 Terminierungen<\/td>\n<\/tr>\n<\/tbody>\n<\/table>\n<p><strong><em>&nbsp;<\/em><\/strong><\/p>\n<p><strong><em>RJ45-Stecker<\/em><\/strong><\/p>\n<table>\n<tbody>\n<tr>\n<td width=\"170\">Beschichtung<\/td>\n<td width=\"404\">50u Zoll vergoldet \u00fcber Phosphor\/Bronze<\/td>\n<\/tr>\n<tr>\n<td width=\"170\">Steckermaterial<\/td>\n<td width=\"404\">PC, UL94 V-0<\/td>\n<\/tr>\n<tr>\n<td width=\"170\">Lebensdauer<\/td>\n<td width=\"404\">mind. 200 Steckzyklen<\/td>\n<\/tr>\n<\/tbody>\n<\/table>\n<p><strong><em>&nbsp;<\/em><\/strong><\/p>\n<p><strong><em>PCB<\/em><\/strong><\/p>\n<table>\n<tbody>\n<tr>\n<td width=\"170\">Material<\/td>\n<td width=\"404\">FR-4, UL94 V-0<\/td>\n<\/tr>\n<tr>\n<td width=\"170\">Dicke<\/td>\n<td width=\"404\">1.6mm<\/td>\n<\/tr>\n<\/tbody>\n<\/table>\n<p><strong><em>&nbsp;<\/em><\/strong><\/p>\n<p><strong><em>Elektrische Eigenschaften<\/em><\/strong><\/p>\n<table>\n<tbody>\n<tr>\n<td width=\"170\">Isolationswiderstand<\/td>\n<td width=\"404\">100M\u2126<\/td>\n<\/tr>\n<tr>\n<td width=\"170\">Terminierungswiderstand<\/td>\n<td width=\"404\">20m\u2126<\/td>\n<\/tr>\n<tr>\n<td width=\"170\">Spannungsfestigkeit<\/td>\n<td width=\"404\">500V AC<\/td>\n<\/tr>\n<tr>\n<td width=\"170\">Zugfestigkeit<\/td>\n<td width=\"404\">min. 20kg<\/td>\n<\/tr>\n<\/tbody>\n<\/table>\n<h3>ANWENDUNGEN:<\/h3>\n<ul>\n<li>1000BASE-T, 100BASE-TX\/100Base-T4, 10BASE-T<\/li>\n<li>ATM-25 \/ ATM-51 \/ ATM-155<\/li>\n<li>TR-4 \/ TR-16 Aktiv\/Passiv<\/li>\n<li>Sprache, Video und andere Anwendungen<\/li>\n<\/ul>\n<h3>BESTELLINFORMATION:<\/h3>\n<table width=\"746\">\n<thead>\n<tr>\n<td><strong>Art.Nr.<\/strong><\/td>\n<td><strong>Beschreibung<\/strong><\/td>\n<\/tr>\n<\/thead>\n<tbody>\n<tr>\n<td>155100002<\/td>\n<td>Premium Line RJ45-Stecker, Cat.5e, ungeschirmt, werkzeuglos , schwarz<\/td>\n<\/tr>\n<\/tbody>\n<\/table>\n<p>Weitere Informationen finden Sie in dieser Videopr\u00e4sentation.<\/p>\n<p><iframe title=\"Unshielded Toolless RJ45 Plug Cat.6\/5e\" width=\"500\" height=\"281\" src=\"https:\/\/www.youtube.com\/embed\/BSywE9sm8QA?feature=oembed\" frameborder=\"0\" allow=\"accelerometer; autoplay; clipboard-write; encrypted-media; gyroscope; picture-in-picture; web-share\" referrerpolicy=\"strict-origin-when-cross-origin\" allowfullscreen><\/iframe><\/p>\n","protected":false},"featured_media":10118,"template":"","product_category":[160],"class_list":["post-15400","product","type-product","status-publish","has-post-thumbnail","hentry","product_category-toolless-rj45-plug-cat-5e-6-6a-de"],"yoast_head":"<!-- This site is optimized with the Yoast SEO plugin v27.4 - https:\/\/yoast.com\/product\/yoast-seo-wordpress\/ -->\n<title>Cat.5e RJ45-Stecker ungeschirmt - Premium-Line<\/title>\n<meta name=\"robots\" content=\"index, follow, max-snippet:-1, max-image-preview:large, max-video-preview:-1\" \/>\n<link rel=\"canonical\" href=\"https:\/\/premiumline-cabling.com\/de\/product\/cat-5e-unshielded-toolless-rj45-plug-2\/\" \/>\n<meta property=\"og:locale\" content=\"de_DE\" \/>\n<meta property=\"og:type\" content=\"article\" \/>\n<meta property=\"og:title\" content=\"Cat.5e RJ45-Stecker ungeschirmt - Premium-Line\" \/>\n<meta property=\"og:description\" content=\"EIGENSCHAFTEN: entspricht den TIA\/EIA-568-B.2, ISO 11801 und EN 50173-1 Spezifikationen konform mit den Patchkabel Test-Anforderungen nach Category 5e zul\u00e4ssige Anschlu\u00dfleiter: 22-26AWG UTP Litzen- und Steifleiterkabel unterst\u00fctzt T568 A&amp;B Verdrahtung, einfache...\" \/>\n<meta property=\"og:url\" content=\"https:\/\/premiumline-cabling.com\/de\/product\/cat-5e-unshielded-toolless-rj45-plug-2\/\" \/>\n<meta property=\"og:site_name\" content=\"Premium-Line\" \/>\n<meta property=\"article:modified_time\" content=\"2022-06-10T11:47:44+00:00\" \/>\n<meta property=\"og:image\" content=\"https:\/\/premiumline-cabling.com\/wp-content\/uploads\/2019\/08\/str126_156100002.png\" \/>\n\t<meta property=\"og:image:width\" content=\"749\" \/>\n\t<meta property=\"og:image:height\" content=\"367\" \/>\n\t<meta property=\"og:image:type\" content=\"image\/png\" \/>\n<meta name=\"twitter:card\" content=\"summary_large_image\" \/>\n<meta name=\"twitter:label1\" content=\"Gesch\u00e4tzte Lesezeit\" \/>\n\t<meta name=\"twitter:data1\" content=\"1\u00a0Minute\" \/>\n<script type=\"application\/ld+json\" class=\"yoast-schema-graph\">{\"@context\":\"https:\\\/\\\/schema.org\",\"@graph\":[{\"@type\":\"WebPage\",\"@id\":\"https:\\\/\\\/premiumline-cabling.com\\\/de\\\/product\\\/cat-5e-unshielded-toolless-rj45-plug-2\\\/\",\"url\":\"https:\\\/\\\/premiumline-cabling.com\\\/de\\\/product\\\/cat-5e-unshielded-toolless-rj45-plug-2\\\/\",\"name\":\"Cat.5e RJ45-Stecker ungeschirmt - Premium-Line\",\"isPartOf\":{\"@id\":\"https:\\\/\\\/premiumline-cabling.com\\\/#website\"},\"primaryImageOfPage\":{\"@id\":\"https:\\\/\\\/premiumline-cabling.com\\\/de\\\/product\\\/cat-5e-unshielded-toolless-rj45-plug-2\\\/#primaryimage\"},\"image\":{\"@id\":\"https:\\\/\\\/premiumline-cabling.com\\\/de\\\/product\\\/cat-5e-unshielded-toolless-rj45-plug-2\\\/#primaryimage\"},\"thumbnailUrl\":\"https:\\\/\\\/premiumline-cabling.com\\\/wp-content\\\/uploads\\\/2019\\\/08\\\/str126_156100002.png\",\"datePublished\":\"2019-08-08T12:10:13+00:00\",\"dateModified\":\"2022-06-10T11:47:44+00:00\",\"breadcrumb\":{\"@id\":\"https:\\\/\\\/premiumline-cabling.com\\\/de\\\/product\\\/cat-5e-unshielded-toolless-rj45-plug-2\\\/#breadcrumb\"},\"inLanguage\":\"de\",\"potentialAction\":[{\"@type\":\"ReadAction\",\"target\":[\"https:\\\/\\\/premiumline-cabling.com\\\/de\\\/product\\\/cat-5e-unshielded-toolless-rj45-plug-2\\\/\"]}]},{\"@type\":\"ImageObject\",\"inLanguage\":\"de\",\"@id\":\"https:\\\/\\\/premiumline-cabling.com\\\/de\\\/product\\\/cat-5e-unshielded-toolless-rj45-plug-2\\\/#primaryimage\",\"url\":\"https:\\\/\\\/premiumline-cabling.com\\\/wp-content\\\/uploads\\\/2019\\\/08\\\/str126_156100002.png\",\"contentUrl\":\"https:\\\/\\\/premiumline-cabling.com\\\/wp-content\\\/uploads\\\/2019\\\/08\\\/str126_156100002.png\",\"width\":749,\"height\":367},{\"@type\":\"BreadcrumbList\",\"@id\":\"https:\\\/\\\/premiumline-cabling.com\\\/de\\\/product\\\/cat-5e-unshielded-toolless-rj45-plug-2\\\/#breadcrumb\",\"itemListElement\":[{\"@type\":\"ListItem\",\"position\":1,\"name\":\"\u0413\u043b\u0430\u0432\u043d\u0430\u044f \u0441\u0442\u0440\u0430\u043d\u0438\u0446\u0430\",\"item\":\"https:\\\/\\\/premiumline-cabling.com\\\/de\\\/\"},{\"@type\":\"ListItem\",\"position\":2,\"name\":\"Cat.5e RJ45-Stecker ungeschirmt\"}]},{\"@type\":\"WebSite\",\"@id\":\"https:\\\/\\\/premiumline-cabling.com\\\/#website\",\"url\":\"https:\\\/\\\/premiumline-cabling.com\\\/\",\"name\":\"Premium-Line\",\"description\":\"Structured Cabling System\",\"publisher\":{\"@id\":\"https:\\\/\\\/premiumline-cabling.com\\\/#organization\"},\"potentialAction\":[{\"@type\":\"SearchAction\",\"target\":{\"@type\":\"EntryPoint\",\"urlTemplate\":\"https:\\\/\\\/premiumline-cabling.com\\\/?s={search_term_string}\"},\"query-input\":{\"@type\":\"PropertyValueSpecification\",\"valueRequired\":true,\"valueName\":\"search_term_string\"}}],\"inLanguage\":\"de\"},{\"@type\":\"Organization\",\"@id\":\"https:\\\/\\\/premiumline-cabling.com\\\/#organization\",\"name\":\"Premium-Line\",\"url\":\"https:\\\/\\\/premiumline-cabling.com\\\/\",\"logo\":{\"@type\":\"ImageObject\",\"inLanguage\":\"de\",\"@id\":\"https:\\\/\\\/premiumline-cabling.com\\\/#\\\/schema\\\/logo\\\/image\\\/\",\"url\":\"https:\\\/\\\/premiumline-cabling.com\\\/wp-content\\\/uploads\\\/2019\\\/04\\\/cropped-img_logo_site_Premium-Line.png\",\"contentUrl\":\"https:\\\/\\\/premiumline-cabling.com\\\/wp-content\\\/uploads\\\/2019\\\/04\\\/cropped-img_logo_site_Premium-Line.png\",\"width\":190,\"height\":62,\"caption\":\"Premium-Line\"},\"image\":{\"@id\":\"https:\\\/\\\/premiumline-cabling.com\\\/#\\\/schema\\\/logo\\\/image\\\/\"}}]}<\/script>\n<!-- \/ Yoast SEO plugin. -->","yoast_head_json":{"title":"Cat.5e RJ45-Stecker ungeschirmt - Premium-Line","robots":{"index":"index","follow":"follow","max-snippet":"max-snippet:-1","max-image-preview":"max-image-preview:large","max-video-preview":"max-video-preview:-1"},"canonical":"https:\/\/premiumline-cabling.com\/de\/product\/cat-5e-unshielded-toolless-rj45-plug-2\/","og_locale":"de_DE","og_type":"article","og_title":"Cat.5e RJ45-Stecker ungeschirmt - Premium-Line","og_description":"EIGENSCHAFTEN: entspricht den TIA\/EIA-568-B.2, ISO 11801 und EN 50173-1 Spezifikationen konform mit den Patchkabel Test-Anforderungen nach Category 5e zul\u00e4ssige Anschlu\u00dfleiter: 22-26AWG UTP Litzen- und Steifleiterkabel unterst\u00fctzt T568 A&amp;B Verdrahtung, einfache...","og_url":"https:\/\/premiumline-cabling.com\/de\/product\/cat-5e-unshielded-toolless-rj45-plug-2\/","og_site_name":"Premium-Line","article_modified_time":"2022-06-10T11:47:44+00:00","og_image":[{"width":749,"height":367,"url":"https:\/\/premiumline-cabling.com\/wp-content\/uploads\/2019\/08\/str126_156100002.png","type":"image\/png"}],"twitter_card":"summary_large_image","twitter_misc":{"Gesch\u00e4tzte Lesezeit":"1\u00a0Minute"},"schema":{"@context":"https:\/\/schema.org","@graph":[{"@type":"WebPage","@id":"https:\/\/premiumline-cabling.com\/de\/product\/cat-5e-unshielded-toolless-rj45-plug-2\/","url":"https:\/\/premiumline-cabling.com\/de\/product\/cat-5e-unshielded-toolless-rj45-plug-2\/","name":"Cat.5e RJ45-Stecker ungeschirmt - Premium-Line","isPartOf":{"@id":"https:\/\/premiumline-cabling.com\/#website"},"primaryImageOfPage":{"@id":"https:\/\/premiumline-cabling.com\/de\/product\/cat-5e-unshielded-toolless-rj45-plug-2\/#primaryimage"},"image":{"@id":"https:\/\/premiumline-cabling.com\/de\/product\/cat-5e-unshielded-toolless-rj45-plug-2\/#primaryimage"},"thumbnailUrl":"https:\/\/premiumline-cabling.com\/wp-content\/uploads\/2019\/08\/str126_156100002.png","datePublished":"2019-08-08T12:10:13+00:00","dateModified":"2022-06-10T11:47:44+00:00","breadcrumb":{"@id":"https:\/\/premiumline-cabling.com\/de\/product\/cat-5e-unshielded-toolless-rj45-plug-2\/#breadcrumb"},"inLanguage":"de","potentialAction":[{"@type":"ReadAction","target":["https:\/\/premiumline-cabling.com\/de\/product\/cat-5e-unshielded-toolless-rj45-plug-2\/"]}]},{"@type":"ImageObject","inLanguage":"de","@id":"https:\/\/premiumline-cabling.com\/de\/product\/cat-5e-unshielded-toolless-rj45-plug-2\/#primaryimage","url":"https:\/\/premiumline-cabling.com\/wp-content\/uploads\/2019\/08\/str126_156100002.png","contentUrl":"https:\/\/premiumline-cabling.com\/wp-content\/uploads\/2019\/08\/str126_156100002.png","width":749,"height":367},{"@type":"BreadcrumbList","@id":"https:\/\/premiumline-cabling.com\/de\/product\/cat-5e-unshielded-toolless-rj45-plug-2\/#breadcrumb","itemListElement":[{"@type":"ListItem","position":1,"name":"\u0413\u043b\u0430\u0432\u043d\u0430\u044f \u0441\u0442\u0440\u0430\u043d\u0438\u0446\u0430","item":"https:\/\/premiumline-cabling.com\/de\/"},{"@type":"ListItem","position":2,"name":"Cat.5e RJ45-Stecker ungeschirmt"}]},{"@type":"WebSite","@id":"https:\/\/premiumline-cabling.com\/#website","url":"https:\/\/premiumline-cabling.com\/","name":"Premium-Line","description":"Structured Cabling System","publisher":{"@id":"https:\/\/premiumline-cabling.com\/#organization"},"potentialAction":[{"@type":"SearchAction","target":{"@type":"EntryPoint","urlTemplate":"https:\/\/premiumline-cabling.com\/?s={search_term_string}"},"query-input":{"@type":"PropertyValueSpecification","valueRequired":true,"valueName":"search_term_string"}}],"inLanguage":"de"},{"@type":"Organization","@id":"https:\/\/premiumline-cabling.com\/#organization","name":"Premium-Line","url":"https:\/\/premiumline-cabling.com\/","logo":{"@type":"ImageObject","inLanguage":"de","@id":"https:\/\/premiumline-cabling.com\/#\/schema\/logo\/image\/","url":"https:\/\/premiumline-cabling.com\/wp-content\/uploads\/2019\/04\/cropped-img_logo_site_Premium-Line.png","contentUrl":"https:\/\/premiumline-cabling.com\/wp-content\/uploads\/2019\/04\/cropped-img_logo_site_Premium-Line.png","width":190,"height":62,"caption":"Premium-Line"},"image":{"@id":"https:\/\/premiumline-cabling.com\/#\/schema\/logo\/image\/"}}]}},"_links":{"self":[{"href":"https:\/\/premiumline-cabling.com\/de\/wp-json\/wp\/v2\/product\/15400","targetHints":{"allow":["GET"]}}],"collection":[{"href":"https:\/\/premiumline-cabling.com\/de\/wp-json\/wp\/v2\/product"}],"about":[{"href":"https:\/\/premiumline-cabling.com\/de\/wp-json\/wp\/v2\/types\/product"}],"wp:featuredmedia":[{"embeddable":true,"href":"https:\/\/premiumline-cabling.com\/de\/wp-json\/wp\/v2\/media\/10118"}],"wp:attachment":[{"href":"https:\/\/premiumline-cabling.com\/de\/wp-json\/wp\/v2\/media?parent=15400"}],"wp:term":[{"taxonomy":"product_category","embeddable":true,"href":"https:\/\/premiumline-cabling.com\/de\/wp-json\/wp\/v2\/product_category?post=15400"}],"curies":[{"name":"wp","href":"https:\/\/api.w.org\/{rel}","templated":true}]}}