{"id":15391,"date":"2020-07-15T06:59:30","date_gmt":"2020-07-15T05:59:30","guid":{"rendered":"https:\/\/www.premiumline-cabling.com\/product\/fo-patch-cord-lc-uniboot\/"},"modified":"2022-06-10T08:29:43","modified_gmt":"2022-06-10T07:29:43","slug":"fo-patch-cord-lc-uniboot","status":"publish","type":"product","link":"https:\/\/premiumline-cabling.com\/de\/product\/fo-patch-cord-lc-uniboot\/","title":{"rendered":"FO Patch Cord LC Uniboot"},"content":{"rendered":"<h2>FO Patch Cord LC Uniboot Duplex Push-pull<\/h2>\n<p><noscript><img decoding=\"async\" class=\"alignright wp-image-5917 size-medium\" src=\"https:\/\/premiumline-cabling.com\/wp-content\/uploads\/2020\/07\/LC_Uniboot_1-300x187.jpg\" alt width=\"300\" height=\"187\" srcset=\"https:\/\/premiumline-cabling.com\/wp-content\/uploads\/2020\/07\/LC_Uniboot_1-300x187.jpg 300w, https:\/\/premiumline-cabling.com\/wp-content\/uploads\/2020\/07\/LC_Uniboot_1-400x250.jpg 400w, https:\/\/premiumline-cabling.com\/wp-content\/uploads\/2020\/07\/LC_Uniboot_1.jpg 619w\" sizes=\"(max-width: 300px) 100vw, 300px\"><\/noscript><img decoding=\"async\" class=\"alignright wp-image-5917 size-medium lazyload\" src=\"data:image\/svg+xml,%3Csvg%20xmlns%3D%22http%3A%2F%2Fwww.w3.org%2F2000%2Fsvg%22%20viewBox%3D%220%200%20300%20187%22%3E%3C%2Fsvg%3E\" alt width=\"300\" height=\"187\" srcset=\"data:image\/svg+xml,%3Csvg%20xmlns%3D%22http%3A%2F%2Fwww.w3.org%2F2000%2Fsvg%22%20viewBox%3D%220%200%20300%20187%22%3E%3C%2Fsvg%3E 300w\" sizes=\"(max-width: 300px) 100vw, 300px\" data-srcset=\"https:\/\/premiumline-cabling.com\/wp-content\/uploads\/2020\/07\/LC_Uniboot_1-300x187.jpg 300w, https:\/\/premiumline-cabling.com\/wp-content\/uploads\/2020\/07\/LC_Uniboot_1-400x250.jpg 400w, https:\/\/premiumline-cabling.com\/wp-content\/uploads\/2020\/07\/LC_Uniboot_1.jpg 619w\" data-src=\"https:\/\/premiumline-cabling.com\/wp-content\/uploads\/2020\/07\/LC_Uniboot_1-300x187.jpg\"><\/p>\n<p>Ein Uniboot-Anschluss mit Push-Pull-Lasche kann in einer Umgebung mit hoher Dichte verwendet werden. Im Vergleich zum herk\u00f6mmlichen Duplex-Steckverbinder ist das Design kompakter und es wird nur ein Kabel verwendet, was dazu beitr\u00e4gt, den Hei\u00dfluftstrom in einer hochdichten und beengten Umgebung zu verbessern. Das von Premium-Line entwickelte Design erreicht die h\u00f6chst m\u00f6gliche Dichte.<\/p>\n<h3>EIGENSCHAFTEN:<\/h3>\n<h3><noscript><img decoding=\"async\" class=\"alignright wp-image-5920 size-medium\" src=\"https:\/\/premiumline-cabling.com\/wp-content\/uploads\/2020\/07\/LC_Uniboot_3-154x300.jpg\" alt width=\"154\" height=\"300\" srcset=\"https:\/\/premiumline-cabling.com\/wp-content\/uploads\/2020\/07\/LC_Uniboot_3-154x300.jpg 154w, https:\/\/premiumline-cabling.com\/wp-content\/uploads\/2020\/07\/LC_Uniboot_3.jpg 185w\" sizes=\"(max-width: 154px) 100vw, 154px\"><\/noscript><img decoding=\"async\" class=\"alignright wp-image-5920 size-medium lazyload\" src=\"data:image\/svg+xml,%3Csvg%20xmlns%3D%22http%3A%2F%2Fwww.w3.org%2F2000%2Fsvg%22%20viewBox%3D%220%200%20154%20300%22%3E%3C%2Fsvg%3E\" alt width=\"154\" height=\"300\" srcset=\"data:image\/svg+xml,%3Csvg%20xmlns%3D%22http%3A%2F%2Fwww.w3.org%2F2000%2Fsvg%22%20viewBox%3D%220%200%20154%20300%22%3E%3C%2Fsvg%3E 154w\" sizes=\"(max-width: 154px) 100vw, 154px\" data-srcset=\"https:\/\/premiumline-cabling.com\/wp-content\/uploads\/2020\/07\/LC_Uniboot_3-154x300.jpg 154w, https:\/\/premiumline-cabling.com\/wp-content\/uploads\/2020\/07\/LC_Uniboot_3.jpg 185w\" data-src=\"https:\/\/premiumline-cabling.com\/wp-content\/uploads\/2020\/07\/LC_Uniboot_3-154x300.jpg\"><\/h3>\n<ul>\n<li>Das Push-Pull-Design sorgt f\u00fcr eine einfachere Freigabe aus der HD-Umgebung<\/li>\n<li>Vermeiden Sie Kabelsalat<\/li>\n<li>Einfache Polarit\u00e4t revidierbar<\/li>\n<li>Kabeldurchmesser: 2,0 mm<\/li>\n<li>IEC61754-20 und GR-326-Core-conform<\/li>\n<li>RoHS\/REACH- und UL94-V0-Entflammbarkeitsconform<\/li>\n<\/ul>\n<h3>ANWENDUNGEN:<\/h3>\n<ul>\n<li>Telekommunikationsnetz<\/li>\n<li>Ethernet-Netzwerk<\/li>\n<li>Optische Kommunikationsausr\u00fcstung<\/li>\n<\/ul>\n<h3>ZEICHNUNG:<\/h3>\n<p><noscript><img decoding=\"async\" class=\"size-full wp-image-5913 aligncenter\" src=\"https:\/\/premiumline-cabling.com\/wp-content\/uploads\/2020\/07\/LC_Uniboot_Drawing.jpg\" alt width=\"1006\" height=\"351\" srcset=\"https:\/\/premiumline-cabling.com\/wp-content\/uploads\/2020\/07\/LC_Uniboot_Drawing.jpg 1006w, https:\/\/premiumline-cabling.com\/wp-content\/uploads\/2020\/07\/LC_Uniboot_Drawing-300x105.jpg 300w, https:\/\/premiumline-cabling.com\/wp-content\/uploads\/2020\/07\/LC_Uniboot_Drawing-768x268.jpg 768w\" sizes=\"(max-width: 1006px) 100vw, 1006px\"><\/noscript><img decoding=\"async\" class=\"size-full wp-image-5913 aligncenter lazyload\" src=\"data:image\/svg+xml,%3Csvg%20xmlns%3D%22http%3A%2F%2Fwww.w3.org%2F2000%2Fsvg%22%20viewBox%3D%220%200%201006%20351%22%3E%3C%2Fsvg%3E\" alt width=\"1006\" height=\"351\" srcset=\"data:image\/svg+xml,%3Csvg%20xmlns%3D%22http%3A%2F%2Fwww.w3.org%2F2000%2Fsvg%22%20viewBox%3D%220%200%201006%20351%22%3E%3C%2Fsvg%3E 1006w\" sizes=\"(max-width: 1006px) 100vw, 1006px\" data-srcset=\"https:\/\/premiumline-cabling.com\/wp-content\/uploads\/2020\/07\/LC_Uniboot_Drawing.jpg 1006w, https:\/\/premiumline-cabling.com\/wp-content\/uploads\/2020\/07\/LC_Uniboot_Drawing-300x105.jpg 300w, https:\/\/premiumline-cabling.com\/wp-content\/uploads\/2020\/07\/LC_Uniboot_Drawing-768x268.jpg 768w\" data-src=\"https:\/\/premiumline-cabling.com\/wp-content\/uploads\/2020\/07\/LC_Uniboot_Drawing.jpg\"><\/p>\n<h3>Einfache Polarit\u00e4t revidierbar<br>\n<noscript><img decoding=\"async\" class=\"alignright wp-image-5918 size-medium\" src=\"https:\/\/premiumline-cabling.com\/wp-content\/uploads\/2020\/07\/LC_Uniboot_5-300x148.jpg\" alt width=\"300\" height=\"148\" srcset=\"https:\/\/premiumline-cabling.com\/wp-content\/uploads\/2020\/07\/LC_Uniboot_5-300x148.jpg 300w, https:\/\/premiumline-cabling.com\/wp-content\/uploads\/2020\/07\/LC_Uniboot_5.jpg 633w\" sizes=\"(max-width: 300px) 100vw, 300px\"><\/noscript><img decoding=\"async\" class=\"alignright wp-image-5918 size-medium lazyload\" src=\"data:image\/svg+xml,%3Csvg%20xmlns%3D%22http%3A%2F%2Fwww.w3.org%2F2000%2Fsvg%22%20viewBox%3D%220%200%20300%20148%22%3E%3C%2Fsvg%3E\" alt width=\"300\" height=\"148\" srcset=\"data:image\/svg+xml,%3Csvg%20xmlns%3D%22http%3A%2F%2Fwww.w3.org%2F2000%2Fsvg%22%20viewBox%3D%220%200%20300%20148%22%3E%3C%2Fsvg%3E 300w\" sizes=\"(max-width: 300px) 100vw, 300px\" data-srcset=\"https:\/\/premiumline-cabling.com\/wp-content\/uploads\/2020\/07\/LC_Uniboot_5-300x148.jpg 300w, https:\/\/premiumline-cabling.com\/wp-content\/uploads\/2020\/07\/LC_Uniboot_5.jpg 633w\" data-src=\"https:\/\/premiumline-cabling.com\/wp-content\/uploads\/2020\/07\/LC_Uniboot_5-300x148.jpg\"><\/h3>\n<p>Erm\u00f6glicht das Wechseln der Faserpolarit\u00e4t ohne Spezialwerkzeug.<\/p>\n<p><noscript><img decoding=\"async\" class=\"aligncenter wp-image-5919 size-large\" src=\"https:\/\/premiumline-cabling.com\/wp-content\/uploads\/2020\/07\/LC_Uniboot_4-1024x292.jpg\" alt width=\"1024\" height=\"292\" srcset=\"https:\/\/premiumline-cabling.com\/wp-content\/uploads\/2020\/07\/LC_Uniboot_4-1024x292.jpg 1024w, https:\/\/premiumline-cabling.com\/wp-content\/uploads\/2020\/07\/LC_Uniboot_4-300x85.jpg 300w, https:\/\/premiumline-cabling.com\/wp-content\/uploads\/2020\/07\/LC_Uniboot_4-768x219.jpg 768w, https:\/\/premiumline-cabling.com\/wp-content\/uploads\/2020\/07\/LC_Uniboot_4.jpg 1158w\" sizes=\"(max-width: 1024px) 100vw, 1024px\"><\/noscript><img decoding=\"async\" class=\"aligncenter wp-image-5919 size-large lazyload\" src=\"data:image\/svg+xml,%3Csvg%20xmlns%3D%22http%3A%2F%2Fwww.w3.org%2F2000%2Fsvg%22%20viewBox%3D%220%200%201024%20292%22%3E%3C%2Fsvg%3E\" alt width=\"1024\" height=\"292\" srcset=\"data:image\/svg+xml,%3Csvg%20xmlns%3D%22http%3A%2F%2Fwww.w3.org%2F2000%2Fsvg%22%20viewBox%3D%220%200%201024%20292%22%3E%3C%2Fsvg%3E 1024w\" sizes=\"(max-width: 1024px) 100vw, 1024px\" data-srcset=\"https:\/\/premiumline-cabling.com\/wp-content\/uploads\/2020\/07\/LC_Uniboot_4-1024x292.jpg 1024w, https:\/\/premiumline-cabling.com\/wp-content\/uploads\/2020\/07\/LC_Uniboot_4-300x85.jpg 300w, https:\/\/premiumline-cabling.com\/wp-content\/uploads\/2020\/07\/LC_Uniboot_4-768x219.jpg 768w, https:\/\/premiumline-cabling.com\/wp-content\/uploads\/2020\/07\/LC_Uniboot_4.jpg 1158w\" data-src=\"https:\/\/premiumline-cabling.com\/wp-content\/uploads\/2020\/07\/LC_Uniboot_4-1024x292.jpg\"><\/p>\n<h3>BESTELLINFORMATION:<\/h3>\n<table>\n<tbody>\n<tr>\n<td width=\"174\">Art. Nr.<\/td>\n<td width=\"497\">21knxyzzz5<\/td>\n<\/tr>\n<tr>\n<td width=\"174\">Beschreibung<\/td>\n<td width=\"497\">Fiber optic patch cord LC uniboot, push-pull type<\/td>\n<\/tr>\n<tr>\n<td width=\"174\">k, Fasermodus:<\/td>\n<td width=\"497\">1: 62.5\/125um&nbsp;&nbsp; &nbsp;&nbsp;2: 50\/125um&nbsp;&nbsp; &nbsp;&nbsp;&nbsp;&nbsp;&nbsp;3: SM 9\/125um<\/td>\n<\/tr>\n<tr>\n<td width=\"174\"><em>&nbsp;<\/em><\/td>\n<td width=\"497\">4: OM3 50\/125um &nbsp;9: OM4 50\/125um&nbsp;&nbsp; 8: OM5 50\/125um<\/td>\n<\/tr>\n<tr>\n<td width=\"174\">n, \u00e4u\u00dfere H\u00fclle<\/td>\n<td width=\"497\">7: PVC, 2.0mm&nbsp;&nbsp; &nbsp;&nbsp;8: LSOH, 2.0mm<\/td>\n<\/tr>\n<tr>\n<td width=\"174\">x, Steckertyp(A)<\/td>\n<td width=\"497\">4: LC\/APC&nbsp;&nbsp;&nbsp;&nbsp; &nbsp;&nbsp;9: LC\/UPC<\/td>\n<\/tr>\n<tr>\n<td width=\"174\">y, Steckertyp(B)<\/td>\n<td width=\"497\">4: LC\/APC&nbsp;&nbsp;&nbsp;&nbsp; &nbsp;&nbsp;9: LC\/UPC<\/td>\n<\/tr>\n<tr>\n<td width=\"174\">zzz, length:<\/td>\n<td width=\"497\">010: 1m,&nbsp; 020: 2m,&nbsp; 030: 3m,&nbsp; 050: 5m,&nbsp; 070: 7m,\n<p>100: 10m,&nbsp; 150: 15m,&nbsp; 200: 20m,&nbsp; 900: 90m<\/p><\/td>\n<\/tr>\n<\/tbody>\n<\/table>\n<p><strong>Weitere Informationen finden Sie in dieser Videopr\u00e4sentation.<\/strong><\/p>\n<p><iframe title=\"Fiber Optic Patch Cord LC Push Pull Uniboot Connector\" width=\"500\" height=\"281\" src=\"https:\/\/www.youtube.com\/embed\/6Z-KASO4UsU?feature=oembed\" frameborder=\"0\" allow=\"accelerometer; autoplay; clipboard-write; encrypted-media; gyroscope; picture-in-picture; web-share\" referrerpolicy=\"strict-origin-when-cross-origin\" allowfullscreen><\/iframe><\/p>\n<h3><span style=\"color: #a13737;\"><strong><u>F\u00fcr mehr Informationen klicken Sie auf das \u201e+\u201c<\/u><\/strong><\/span><\/h3>\n","protected":false},"featured_media":12200,"template":"","product_category":[311],"class_list":["post-15391","product","type-product","status-publish","has-post-thumbnail","hentry","product_category-connectivity"],"yoast_head":"<!-- This site is optimized with the Yoast SEO plugin v27.2 - https:\/\/yoast.com\/product\/yoast-seo-wordpress\/ -->\n<title>Premium-Line Fiber Optic Patch Cord LC Uniboot Duplex Push-pull<\/title>\n<meta name=\"description\" content=\"Ein Uniboot-Anschluss mit Push-Pull-Lasche kann in einer Umgebung mit hoher Dichte verwendet werden. Das von Premium-Line entwickelte Design erreicht die h\u00f6chst m\u00f6gliche Dichte.\" \/>\n<meta name=\"robots\" content=\"index, follow, max-snippet:-1, max-image-preview:large, max-video-preview:-1\" \/>\n<link rel=\"canonical\" href=\"https:\/\/premiumline-cabling.com\/de\/product\/fo-patch-cord-lc-uniboot\/\" \/>\n<meta property=\"og:locale\" content=\"de_DE\" \/>\n<meta property=\"og:type\" content=\"article\" \/>\n<meta property=\"og:title\" content=\"Premium-Line Fiber Optic Patch Cord LC Uniboot Duplex Push-pull\" \/>\n<meta property=\"og:description\" content=\"Ein Uniboot-Anschluss mit Push-Pull-Lasche kann in einer Umgebung mit hoher Dichte verwendet werden. Das von Premium-Line entwickelte Design erreicht die h\u00f6chst m\u00f6gliche Dichte.\" \/>\n<meta property=\"og:url\" content=\"https:\/\/premiumline-cabling.com\/de\/product\/fo-patch-cord-lc-uniboot\/\" \/>\n<meta property=\"og:site_name\" content=\"Premium-Line\" \/>\n<meta property=\"article:modified_time\" content=\"2022-06-10T07:29:43+00:00\" \/>\n<meta property=\"og:image\" content=\"https:\/\/premiumline-cabling.com\/wp-content\/uploads\/2020\/07\/LC_Uniboot_1.jpg\" \/>\n\t<meta property=\"og:image:width\" content=\"619\" \/>\n\t<meta property=\"og:image:height\" content=\"386\" \/>\n\t<meta property=\"og:image:type\" content=\"image\/jpeg\" \/>\n<meta name=\"twitter:card\" content=\"summary_large_image\" \/>\n<meta name=\"twitter:label1\" content=\"Gesch\u00e4tzte Lesezeit\" \/>\n\t<meta name=\"twitter:data1\" content=\"1\u00a0Minute\" \/>\n<script type=\"application\/ld+json\" class=\"yoast-schema-graph\">{\"@context\":\"https:\/\/schema.org\",\"@graph\":[{\"@type\":\"WebPage\",\"@id\":\"https:\/\/premiumline-cabling.com\/de\/product\/fo-patch-cord-lc-uniboot\/\",\"url\":\"https:\/\/premiumline-cabling.com\/de\/product\/fo-patch-cord-lc-uniboot\/\",\"name\":\"Premium-Line Fiber Optic Patch Cord LC Uniboot Duplex Push-pull\",\"isPartOf\":{\"@id\":\"https:\/\/premiumline-cabling.com\/#website\"},\"primaryImageOfPage\":{\"@id\":\"https:\/\/premiumline-cabling.com\/de\/product\/fo-patch-cord-lc-uniboot\/#primaryimage\"},\"image\":{\"@id\":\"https:\/\/premiumline-cabling.com\/de\/product\/fo-patch-cord-lc-uniboot\/#primaryimage\"},\"thumbnailUrl\":\"https:\/\/premiumline-cabling.com\/wp-content\/uploads\/2020\/07\/LC_Uniboot_1.jpg\",\"datePublished\":\"2020-07-15T05:59:30+00:00\",\"dateModified\":\"2022-06-10T07:29:43+00:00\",\"description\":\"Ein Uniboot-Anschluss mit Push-Pull-Lasche kann in einer Umgebung mit hoher Dichte verwendet werden. Das von Premium-Line entwickelte Design erreicht die h\u00f6chst m\u00f6gliche Dichte.\",\"breadcrumb\":{\"@id\":\"https:\/\/premiumline-cabling.com\/de\/product\/fo-patch-cord-lc-uniboot\/#breadcrumb\"},\"inLanguage\":\"de\",\"potentialAction\":[{\"@type\":\"ReadAction\",\"target\":[\"https:\/\/premiumline-cabling.com\/de\/product\/fo-patch-cord-lc-uniboot\/\"]}]},{\"@type\":\"ImageObject\",\"inLanguage\":\"de\",\"@id\":\"https:\/\/premiumline-cabling.com\/de\/product\/fo-patch-cord-lc-uniboot\/#primaryimage\",\"url\":\"https:\/\/premiumline-cabling.com\/wp-content\/uploads\/2020\/07\/LC_Uniboot_1.jpg\",\"contentUrl\":\"https:\/\/premiumline-cabling.com\/wp-content\/uploads\/2020\/07\/LC_Uniboot_1.jpg\",\"width\":619,\"height\":386},{\"@type\":\"BreadcrumbList\",\"@id\":\"https:\/\/premiumline-cabling.com\/de\/product\/fo-patch-cord-lc-uniboot\/#breadcrumb\",\"itemListElement\":[{\"@type\":\"ListItem\",\"position\":1,\"name\":\"\u0413\u043b\u0430\u0432\u043d\u0430\u044f \u0441\u0442\u0440\u0430\u043d\u0438\u0446\u0430\",\"item\":\"https:\/\/premiumline-cabling.com\/de\/\"},{\"@type\":\"ListItem\",\"position\":2,\"name\":\"FO Patch Cord LC Uniboot\"}]},{\"@type\":\"WebSite\",\"@id\":\"https:\/\/premiumline-cabling.com\/#website\",\"url\":\"https:\/\/premiumline-cabling.com\/\",\"name\":\"Premium-Line\",\"description\":\"Structured Cabling System\",\"publisher\":{\"@id\":\"https:\/\/premiumline-cabling.com\/#organization\"},\"potentialAction\":[{\"@type\":\"SearchAction\",\"target\":{\"@type\":\"EntryPoint\",\"urlTemplate\":\"https:\/\/premiumline-cabling.com\/?s={search_term_string}\"},\"query-input\":{\"@type\":\"PropertyValueSpecification\",\"valueRequired\":true,\"valueName\":\"search_term_string\"}}],\"inLanguage\":\"de\"},{\"@type\":\"Organization\",\"@id\":\"https:\/\/premiumline-cabling.com\/#organization\",\"name\":\"Premium-Line\",\"url\":\"https:\/\/premiumline-cabling.com\/\",\"logo\":{\"@type\":\"ImageObject\",\"inLanguage\":\"de\",\"@id\":\"https:\/\/premiumline-cabling.com\/#\/schema\/logo\/image\/\",\"url\":\"https:\/\/premiumline-cabling.com\/wp-content\/uploads\/2019\/04\/cropped-img_logo_site_Premium-Line.png\",\"contentUrl\":\"https:\/\/premiumline-cabling.com\/wp-content\/uploads\/2019\/04\/cropped-img_logo_site_Premium-Line.png\",\"width\":190,\"height\":62,\"caption\":\"Premium-Line\"},\"image\":{\"@id\":\"https:\/\/premiumline-cabling.com\/#\/schema\/logo\/image\/\"}}]}<\/script>\n<!-- \/ Yoast SEO plugin. -->","yoast_head_json":{"title":"Premium-Line Fiber Optic Patch Cord LC Uniboot Duplex Push-pull","description":"Ein Uniboot-Anschluss mit Push-Pull-Lasche kann in einer Umgebung mit hoher Dichte verwendet werden. Das von Premium-Line entwickelte Design erreicht die h\u00f6chst m\u00f6gliche Dichte.","robots":{"index":"index","follow":"follow","max-snippet":"max-snippet:-1","max-image-preview":"max-image-preview:large","max-video-preview":"max-video-preview:-1"},"canonical":"https:\/\/premiumline-cabling.com\/de\/product\/fo-patch-cord-lc-uniboot\/","og_locale":"de_DE","og_type":"article","og_title":"Premium-Line Fiber Optic Patch Cord LC Uniboot Duplex Push-pull","og_description":"Ein Uniboot-Anschluss mit Push-Pull-Lasche kann in einer Umgebung mit hoher Dichte verwendet werden. Das von Premium-Line entwickelte Design erreicht die h\u00f6chst m\u00f6gliche Dichte.","og_url":"https:\/\/premiumline-cabling.com\/de\/product\/fo-patch-cord-lc-uniboot\/","og_site_name":"Premium-Line","article_modified_time":"2022-06-10T07:29:43+00:00","og_image":[{"width":619,"height":386,"url":"https:\/\/premiumline-cabling.com\/wp-content\/uploads\/2020\/07\/LC_Uniboot_1.jpg","type":"image\/jpeg"}],"twitter_card":"summary_large_image","twitter_misc":{"Gesch\u00e4tzte Lesezeit":"1\u00a0Minute"},"schema":{"@context":"https:\/\/schema.org","@graph":[{"@type":"WebPage","@id":"https:\/\/premiumline-cabling.com\/de\/product\/fo-patch-cord-lc-uniboot\/","url":"https:\/\/premiumline-cabling.com\/de\/product\/fo-patch-cord-lc-uniboot\/","name":"Premium-Line Fiber Optic Patch Cord LC Uniboot Duplex Push-pull","isPartOf":{"@id":"https:\/\/premiumline-cabling.com\/#website"},"primaryImageOfPage":{"@id":"https:\/\/premiumline-cabling.com\/de\/product\/fo-patch-cord-lc-uniboot\/#primaryimage"},"image":{"@id":"https:\/\/premiumline-cabling.com\/de\/product\/fo-patch-cord-lc-uniboot\/#primaryimage"},"thumbnailUrl":"https:\/\/premiumline-cabling.com\/wp-content\/uploads\/2020\/07\/LC_Uniboot_1.jpg","datePublished":"2020-07-15T05:59:30+00:00","dateModified":"2022-06-10T07:29:43+00:00","description":"Ein Uniboot-Anschluss mit Push-Pull-Lasche kann in einer Umgebung mit hoher Dichte verwendet werden. Das von Premium-Line entwickelte Design erreicht die h\u00f6chst m\u00f6gliche Dichte.","breadcrumb":{"@id":"https:\/\/premiumline-cabling.com\/de\/product\/fo-patch-cord-lc-uniboot\/#breadcrumb"},"inLanguage":"de","potentialAction":[{"@type":"ReadAction","target":["https:\/\/premiumline-cabling.com\/de\/product\/fo-patch-cord-lc-uniboot\/"]}]},{"@type":"ImageObject","inLanguage":"de","@id":"https:\/\/premiumline-cabling.com\/de\/product\/fo-patch-cord-lc-uniboot\/#primaryimage","url":"https:\/\/premiumline-cabling.com\/wp-content\/uploads\/2020\/07\/LC_Uniboot_1.jpg","contentUrl":"https:\/\/premiumline-cabling.com\/wp-content\/uploads\/2020\/07\/LC_Uniboot_1.jpg","width":619,"height":386},{"@type":"BreadcrumbList","@id":"https:\/\/premiumline-cabling.com\/de\/product\/fo-patch-cord-lc-uniboot\/#breadcrumb","itemListElement":[{"@type":"ListItem","position":1,"name":"\u0413\u043b\u0430\u0432\u043d\u0430\u044f \u0441\u0442\u0440\u0430\u043d\u0438\u0446\u0430","item":"https:\/\/premiumline-cabling.com\/de\/"},{"@type":"ListItem","position":2,"name":"FO Patch Cord LC Uniboot"}]},{"@type":"WebSite","@id":"https:\/\/premiumline-cabling.com\/#website","url":"https:\/\/premiumline-cabling.com\/","name":"Premium-Line","description":"Structured Cabling System","publisher":{"@id":"https:\/\/premiumline-cabling.com\/#organization"},"potentialAction":[{"@type":"SearchAction","target":{"@type":"EntryPoint","urlTemplate":"https:\/\/premiumline-cabling.com\/?s={search_term_string}"},"query-input":{"@type":"PropertyValueSpecification","valueRequired":true,"valueName":"search_term_string"}}],"inLanguage":"de"},{"@type":"Organization","@id":"https:\/\/premiumline-cabling.com\/#organization","name":"Premium-Line","url":"https:\/\/premiumline-cabling.com\/","logo":{"@type":"ImageObject","inLanguage":"de","@id":"https:\/\/premiumline-cabling.com\/#\/schema\/logo\/image\/","url":"https:\/\/premiumline-cabling.com\/wp-content\/uploads\/2019\/04\/cropped-img_logo_site_Premium-Line.png","contentUrl":"https:\/\/premiumline-cabling.com\/wp-content\/uploads\/2019\/04\/cropped-img_logo_site_Premium-Line.png","width":190,"height":62,"caption":"Premium-Line"},"image":{"@id":"https:\/\/premiumline-cabling.com\/#\/schema\/logo\/image\/"}}]}},"_links":{"self":[{"href":"https:\/\/premiumline-cabling.com\/de\/wp-json\/wp\/v2\/product\/15391","targetHints":{"allow":["GET"]}}],"collection":[{"href":"https:\/\/premiumline-cabling.com\/de\/wp-json\/wp\/v2\/product"}],"about":[{"href":"https:\/\/premiumline-cabling.com\/de\/wp-json\/wp\/v2\/types\/product"}],"wp:featuredmedia":[{"embeddable":true,"href":"https:\/\/premiumline-cabling.com\/de\/wp-json\/wp\/v2\/media\/12200"}],"wp:attachment":[{"href":"https:\/\/premiumline-cabling.com\/de\/wp-json\/wp\/v2\/media?parent=15391"}],"wp:term":[{"taxonomy":"product_category","embeddable":true,"href":"https:\/\/premiumline-cabling.com\/de\/wp-json\/wp\/v2\/product_category?post=15391"}],"curies":[{"name":"wp","href":"https:\/\/api.w.org\/{rel}","templated":true}]}}