{"id":15382,"date":"2019-02-03T14:13:30","date_gmt":"2019-02-03T13:13:30","guid":{"rendered":"https:\/\/www.premiumline-cabling.com\/product\/fully-loaded-adapter-plate\/"},"modified":"2022-06-10T07:48:14","modified_gmt":"2022-06-10T06:48:14","slug":"fully-loaded-adapter-plate","status":"publish","type":"product","link":"https:\/\/premiumline-cabling.com\/de\/product\/fully-loaded-adapter-plate\/","title":{"rendered":"Adapterplatte"},"content":{"rendered":"<h2><a href=\"https:\/\/premiumline-cabling.com\/wp-content\/uploads\/2019\/02\/img_PL_csm_local-area-network-242311082_e2e930ae43.jpg\"><noscript><img decoding=\"async\" class=\"wp-image-603 size-medium alignright\" src=\"https:\/\/premiumline-cabling.com\/wp-content\/uploads\/2019\/02\/img_PL_csm_local-area-network-242311082_e2e930ae43-300x131.jpg\" alt width=\"300\" height=\"131\" srcset=\"https:\/\/premiumline-cabling.com\/wp-content\/uploads\/2019\/02\/img_PL_csm_local-area-network-242311082_e2e930ae43-300x131.jpg 300w, https:\/\/premiumline-cabling.com\/wp-content\/uploads\/2019\/02\/img_PL_csm_local-area-network-242311082_e2e930ae43-768x336.jpg 768w, https:\/\/premiumline-cabling.com\/wp-content\/uploads\/2019\/02\/img_PL_csm_local-area-network-242311082_e2e930ae43.jpg 800w\" sizes=\"(max-width: 300px) 100vw, 300px\"><\/noscript><img decoding=\"async\" class=\"wp-image-603 size-medium alignright lazyload\" src=\"data:image\/svg+xml,%3Csvg%20xmlns%3D%22http%3A%2F%2Fwww.w3.org%2F2000%2Fsvg%22%20viewBox%3D%220%200%20300%20131%22%3E%3C%2Fsvg%3E\" alt width=\"300\" height=\"131\" srcset=\"data:image\/svg+xml,%3Csvg%20xmlns%3D%22http%3A%2F%2Fwww.w3.org%2F2000%2Fsvg%22%20viewBox%3D%220%200%20300%20131%22%3E%3C%2Fsvg%3E 300w\" sizes=\"(max-width: 300px) 100vw, 300px\" data-srcset=\"https:\/\/premiumline-cabling.com\/wp-content\/uploads\/2019\/02\/img_PL_csm_local-area-network-242311082_e2e930ae43-300x131.jpg 300w, https:\/\/premiumline-cabling.com\/wp-content\/uploads\/2019\/02\/img_PL_csm_local-area-network-242311082_e2e930ae43-768x336.jpg 768w, https:\/\/premiumline-cabling.com\/wp-content\/uploads\/2019\/02\/img_PL_csm_local-area-network-242311082_e2e930ae43.jpg 800w\" data-src=\"https:\/\/premiumline-cabling.com\/wp-content\/uploads\/2019\/02\/img_PL_csm_local-area-network-242311082_e2e930ae43-300x131.jpg\"><\/a>Vollst\u00e4ndig beladene Adapterplatte<\/h2>\n<p>Premium-Line bietet Ihnen ein voll ausgestattetes Adapterpanel f\u00fcr das LWL-Patchpanel mit einer ganzen Reihe von Glasfaseradaptertypen. Das Design der austauschbaren Adapterplatte sorgt f\u00fcr einen einfachen und schnellen Wechsel. So sparen Sie Zeit und Geld.<\/p>\n<p>&nbsp;<\/p>\n<h3>BESTELLINFORMATION:<\/h3>\n<table width=\"626\">\n<tbody>\n<tr>\n<td width=\"124\"><strong>Art.Nr.<\/strong><\/td>\n<td width=\"502\"><strong>Beschreibung<\/strong><\/td>\n<\/tr>\n<tr>\n<td width=\"124\">&nbsp;\n<p>243000005<\/p><\/td>\n<td width=\"502\">Splei\u00dfkassette f\u00fcr 12-Port, grau\n<p>(inklusive 1 Stk. Splei\u00dfbox, 12x Splei\u00dfh\u00fclsen und 2 Stk. Kabelf\u00fchrung<\/p>\n<p>&nbsp;<\/p>\n<p>and 12 pcs of heat shrinking tube)<\/p><\/td>\n<\/tr>\n<tr>\n<td width=\"124\">&nbsp;\n<p>2423&#215;1042<\/p><\/td>\n<td width=\"502\">4-Port SC Adapterpanel, Simplex, schwarz\n<p>x=0: unbest\u00fcckt;&nbsp; x=1: MM Adapter vollbest\u00fcckt;&nbsp; x=2: SM Adapter vollbest\u00fcckt<\/p><\/td>\n<\/tr>\n<tr>\n<td width=\"124\">&nbsp;\n<p>2424&#215;1042<\/p><\/td>\n<td width=\"502\">4-Port SC Adapterpanel, Duplex, schwarz\n<p>x=0: unbest\u00fcckt;&nbsp; x=1: MM Adapter vollbest\u00fcckt;&nbsp; x=2: SM Adapter vollbest\u00fcckt<\/p><\/td>\n<\/tr>\n<tr>\n<td width=\"124\">&nbsp;\n<p>2423&#215;1062<\/p><\/td>\n<td width=\"502\">6-Port SC Adapterpanel, Simplex, schwarz\n<p>x=0: unbest\u00fcckt;&nbsp; x=1: MM Adapter vollbest\u00fcckt;&nbsp; x=2: SM Adapter vollbest\u00fcckt<\/p><\/td>\n<\/tr>\n<tr>\n<td width=\"124\">&nbsp;\n<p>2423&#215;1082<\/p><\/td>\n<td width=\"502\">8-Port SC , Adapterpanel, Simplex, schwarz\n<p>x=0: unbest\u00fcckt;&nbsp; x=1: MM Adapter vollbest\u00fcckt;&nbsp; x=2: SM Adapter vollbest\u00fcckt<\/p><\/td>\n<\/tr>\n<tr>\n<td width=\"124\">&nbsp;\n<p>2423&#215;2042<\/p><\/td>\n<td width=\"502\">4-Port ST, Adapterpanel, Simplex, schwarz\n<p>x=0: unbest\u00fcckt;&nbsp; x=1: MM Adapter vollbest\u00fcckt;&nbsp; x=2: SM Adapter vollbest\u00fcckt<\/p><\/td>\n<\/tr>\n<tr>\n<td width=\"124\">&nbsp;\n<p>2423&#215;2062<\/p><\/td>\n<td width=\"502\">6-Port ST Adapterpanel, Simplex, schwarz\n<p>x=0: unbest\u00fcckt;&nbsp; x=1: MM Adapter vollbest\u00fcckt;&nbsp; x=2: SM Adapter vollbest\u00fcckt<\/p><\/td>\n<\/tr>\n<tr>\n<td width=\"124\">&nbsp;\n<p>2423&#215;2082<\/p><\/td>\n<td width=\"502\">8-Port ST Adapterpanel, Simplex, schwarz\n<p>x=0: unbest\u00fcckt;&nbsp; x=1: MM Adapter vollbest\u00fcckt;&nbsp; x=2: SM Adapter vollbest\u00fcckt<\/p><\/td>\n<\/tr>\n<tr>\n<td width=\"124\">&nbsp;\n<p>2424&#215;4042<\/p><\/td>\n<td width=\"502\">4-Port LC Adapterpanel, Duplex, schwarz\n<p>x=0: unbest\u00fcckt;&nbsp; x=1: MM Adapter vollbest\u00fcckt;&nbsp; x=2: SM Adapter vollbest\u00fcckt<\/p><\/td>\n<\/tr>\n<tr>\n<td width=\"124\">&nbsp;\n<p>2424&#215;4062<\/p><\/td>\n<td width=\"502\">6-Port LC Adapterpanel, Duplex, schwarz\n<p>x=0: unbest\u00fcckt;&nbsp; x=1: MM Adapter vollbest\u00fcckt;&nbsp; x=2: SM Adapter vollbest\u00fcckt<\/p><\/td>\n<\/tr>\n<tr>\n<td width=\"124\">&nbsp;\n<p>2424&#215;4082<\/p><\/td>\n<td width=\"502\">8-Port LC Adapterpanel, Duplex, schwarz\n<p>x=0: unbest\u00fcckt;&nbsp; x=1: MM Adapter vollbest\u00fcckt;&nbsp; x=2: SM Adapter vollbest\u00fcckt<\/p><\/td>\n<\/tr>\n<tr>\n<td width=\"124\">&nbsp;\n<p>2423&#215;3042<\/p><\/td>\n<td width=\"502\">4-Port FC (D Flanschtype) Adapterpanel, Simplex, schwarz\n<p>x=0: unbest\u00fcckt;&nbsp; x=1: MM Adapter vollbest\u00fcckt;&nbsp; x=2: SM Adapter vollbest\u00fcckt<\/p><\/td>\n<\/tr>\n<tr>\n<td width=\"124\">&nbsp;\n<p>2423&#215;3062<\/p><\/td>\n<td width=\"502\">6-Port FC (D Flanschtype) Adapterpanel, Simplex, schwarz\n<p>x=0: unbest\u00fcckt;&nbsp; x=1: MM Adapter vollbest\u00fcckt;&nbsp; x=2: SM Adapter vollbest\u00fcckt<\/p><\/td>\n<\/tr>\n<tr>\n<td width=\"124\">2423&#215;3082<\/td>\n<td width=\"502\">8-Port FC (D Flanschtype) Adapterpanel, Simplex, schwarz\n<p>x=0: unbest\u00fcckt;&nbsp; x=1: MM Adapter vollbest\u00fcckt;&nbsp; x=2: SM Adapter vollbest\u00fcckt<\/p><\/td>\n<\/tr>\n<tr>\n<td width=\"124\">242500002<\/td>\n<td width=\"502\">Slot-Abdeckplatte, schwarz<\/td>\n<\/tr>\n<\/tbody>\n<\/table>\n<p><a href=\"https:\/\/premiumline-cabling.com\/service_category\/fiber-optic-patch-panel-calculator\/\">Um schnell eine Kostenanfrage zu erstellen, nutzen Sie unseren Online-Kalkulator!<\/a><\/p>\n<h3><span style=\"color: #a13737;\"><strong><u>F\u00fcr mehr Informationen klicken Sie auf das \u201e+\u201c<\/u><\/strong><\/span><\/h3>\n<p><a href=\"https:\/\/premiumline-cabling.com\/de\/service_category\/visio-stencils\/\"><noscript><img decoding=\"async\" class=\"alignleft wp-image-14788\" src=\"https:\/\/premiumline-cabling.com\/wp-content\/uploads\/2019\/02\/visio_FO_panel-1024x210.jpg\" alt width=\"512\" height=\"105\" srcset=\"https:\/\/premiumline-cabling.com\/wp-content\/uploads\/2019\/02\/visio_FO_panel-1024x210.jpg 1024w, https:\/\/premiumline-cabling.com\/wp-content\/uploads\/2019\/02\/visio_FO_panel-300x62.jpg 300w, https:\/\/premiumline-cabling.com\/wp-content\/uploads\/2019\/02\/visio_FO_panel-768x158.jpg 768w, https:\/\/premiumline-cabling.com\/wp-content\/uploads\/2019\/02\/visio_FO_panel-1536x315.jpg 1536w, https:\/\/premiumline-cabling.com\/wp-content\/uploads\/2019\/02\/visio_FO_panel-2048x421.jpg 2048w\" sizes=\"(max-width: 512px) 100vw, 512px\"><\/noscript><img decoding=\"async\" class=\"alignleft wp-image-14788 lazyload\" src=\"data:image\/svg+xml,%3Csvg%20xmlns%3D%22http%3A%2F%2Fwww.w3.org%2F2000%2Fsvg%22%20viewBox%3D%220%200%20512%20105%22%3E%3C%2Fsvg%3E\" alt width=\"512\" height=\"105\" srcset=\"data:image\/svg+xml,%3Csvg%20xmlns%3D%22http%3A%2F%2Fwww.w3.org%2F2000%2Fsvg%22%20viewBox%3D%220%200%20512%20105%22%3E%3C%2Fsvg%3E 512w\" sizes=\"(max-width: 512px) 100vw, 512px\" data-srcset=\"https:\/\/premiumline-cabling.com\/wp-content\/uploads\/2019\/02\/visio_FO_panel-1024x210.jpg 1024w, https:\/\/premiumline-cabling.com\/wp-content\/uploads\/2019\/02\/visio_FO_panel-300x62.jpg 300w, https:\/\/premiumline-cabling.com\/wp-content\/uploads\/2019\/02\/visio_FO_panel-768x158.jpg 768w, https:\/\/premiumline-cabling.com\/wp-content\/uploads\/2019\/02\/visio_FO_panel-1536x315.jpg 1536w, https:\/\/premiumline-cabling.com\/wp-content\/uploads\/2019\/02\/visio_FO_panel-2048x421.jpg 2048w\" data-src=\"https:\/\/premiumline-cabling.com\/wp-content\/uploads\/2019\/02\/visio_FO_panel-1024x210.jpg\"><\/a><\/p>\n<p><a href=\"https:\/\/premiumline-cabling.com\/de\/service_category\/visio-stencils\/\"><noscript><img decoding=\"async\" class=\"alignright wp-image-15305 size-medium\" src=\"https:\/\/premiumline-cabling.com\/wp-content\/uploads\/2019\/02\/img_Premium-Line_Visio_Sapes_de-300x157.jpg\" alt width=\"300\" height=\"157\" srcset=\"https:\/\/premiumline-cabling.com\/wp-content\/uploads\/2019\/02\/img_Premium-Line_Visio_Sapes_de-300x157.jpg 300w, https:\/\/premiumline-cabling.com\/wp-content\/uploads\/2019\/02\/img_Premium-Line_Visio_Sapes_de-768x401.jpg 768w, https:\/\/premiumline-cabling.com\/wp-content\/uploads\/2019\/02\/img_Premium-Line_Visio_Sapes_de.jpg 860w\" sizes=\"(max-width: 300px) 100vw, 300px\"><\/noscript><img decoding=\"async\" class=\"alignright wp-image-15305 size-medium lazyload\" src=\"data:image\/svg+xml,%3Csvg%20xmlns%3D%22http%3A%2F%2Fwww.w3.org%2F2000%2Fsvg%22%20viewBox%3D%220%200%20300%20157%22%3E%3C%2Fsvg%3E\" alt width=\"300\" height=\"157\" srcset=\"data:image\/svg+xml,%3Csvg%20xmlns%3D%22http%3A%2F%2Fwww.w3.org%2F2000%2Fsvg%22%20viewBox%3D%220%200%20300%20157%22%3E%3C%2Fsvg%3E 300w\" sizes=\"(max-width: 300px) 100vw, 300px\" data-srcset=\"https:\/\/premiumline-cabling.com\/wp-content\/uploads\/2019\/02\/img_Premium-Line_Visio_Sapes_de-300x157.jpg 300w, https:\/\/premiumline-cabling.com\/wp-content\/uploads\/2019\/02\/img_Premium-Line_Visio_Sapes_de-768x401.jpg 768w, https:\/\/premiumline-cabling.com\/wp-content\/uploads\/2019\/02\/img_Premium-Line_Visio_Sapes_de.jpg 860w\" data-src=\"https:\/\/premiumline-cabling.com\/wp-content\/uploads\/2019\/02\/img_Premium-Line_Visio_Sapes_de-300x157.jpg\"><\/a><\/p>\n","protected":false},"featured_media":8111,"template":"","product_category":[],"class_list":["post-15382","product","type-product","status-publish","has-post-thumbnail","hentry"],"yoast_head":"<!-- This site is optimized with the Yoast SEO plugin v27.4 - https:\/\/yoast.com\/product\/yoast-seo-wordpress\/ -->\n<title>Premium-Line Vollst\u00e4ndig beladene Adapterplatte<\/title>\n<meta name=\"description\" content=\"Premium-Line bietet Ihnen ein voll ausgestattetes Adapterpanel f\u00fcr das LWL-Patchpanel mit einer ganzen Reihe von Glasfaseradaptertypen.\" \/>\n<meta name=\"robots\" content=\"index, follow, max-snippet:-1, max-image-preview:large, max-video-preview:-1\" \/>\n<link rel=\"canonical\" href=\"https:\/\/premiumline-cabling.com\/de\/product\/fully-loaded-adapter-plate\/\" \/>\n<meta property=\"og:locale\" content=\"de_DE\" \/>\n<meta property=\"og:type\" content=\"article\" \/>\n<meta property=\"og:title\" content=\"Premium-Line Vollst\u00e4ndig beladene Adapterplatte\" \/>\n<meta property=\"og:description\" content=\"Premium-Line bietet Ihnen ein voll ausgestattetes Adapterpanel f\u00fcr das LWL-Patchpanel mit einer ganzen Reihe von Glasfaseradaptertypen.\" \/>\n<meta property=\"og:url\" content=\"https:\/\/premiumline-cabling.com\/de\/product\/fully-loaded-adapter-plate\/\" \/>\n<meta property=\"og:site_name\" content=\"Premium-Line\" \/>\n<meta property=\"article:modified_time\" content=\"2022-06-10T06:48:14+00:00\" \/>\n<meta property=\"og:image\" content=\"https:\/\/premiumline-cabling.com\/wp-content\/uploads\/2019\/02\/img_PL_csm_local-area-network-242311082.jpg\" \/>\n\t<meta property=\"og:image:width\" content=\"283\" \/>\n\t<meta property=\"og:image:height\" content=\"220\" \/>\n\t<meta property=\"og:image:type\" content=\"image\/jpeg\" \/>\n<meta name=\"twitter:card\" content=\"summary_large_image\" \/>\n<meta name=\"twitter:label1\" content=\"Gesch\u00e4tzte Lesezeit\" \/>\n\t<meta name=\"twitter:data1\" content=\"2\u00a0Minuten\" \/>\n<script type=\"application\/ld+json\" class=\"yoast-schema-graph\">{\"@context\":\"https:\\\/\\\/schema.org\",\"@graph\":[{\"@type\":\"WebPage\",\"@id\":\"https:\\\/\\\/premiumline-cabling.com\\\/de\\\/product\\\/fully-loaded-adapter-plate\\\/\",\"url\":\"https:\\\/\\\/premiumline-cabling.com\\\/de\\\/product\\\/fully-loaded-adapter-plate\\\/\",\"name\":\"Premium-Line Vollst\u00e4ndig beladene Adapterplatte\",\"isPartOf\":{\"@id\":\"https:\\\/\\\/premiumline-cabling.com\\\/#website\"},\"primaryImageOfPage\":{\"@id\":\"https:\\\/\\\/premiumline-cabling.com\\\/de\\\/product\\\/fully-loaded-adapter-plate\\\/#primaryimage\"},\"image\":{\"@id\":\"https:\\\/\\\/premiumline-cabling.com\\\/de\\\/product\\\/fully-loaded-adapter-plate\\\/#primaryimage\"},\"thumbnailUrl\":\"https:\\\/\\\/premiumline-cabling.com\\\/wp-content\\\/uploads\\\/2019\\\/02\\\/img_PL_csm_local-area-network-242311082.jpg\",\"datePublished\":\"2019-02-03T13:13:30+00:00\",\"dateModified\":\"2022-06-10T06:48:14+00:00\",\"description\":\"Premium-Line bietet Ihnen ein voll ausgestattetes Adapterpanel f\u00fcr das LWL-Patchpanel mit einer ganzen Reihe von Glasfaseradaptertypen.\",\"breadcrumb\":{\"@id\":\"https:\\\/\\\/premiumline-cabling.com\\\/de\\\/product\\\/fully-loaded-adapter-plate\\\/#breadcrumb\"},\"inLanguage\":\"de\",\"potentialAction\":[{\"@type\":\"ReadAction\",\"target\":[\"https:\\\/\\\/premiumline-cabling.com\\\/de\\\/product\\\/fully-loaded-adapter-plate\\\/\"]}]},{\"@type\":\"ImageObject\",\"inLanguage\":\"de\",\"@id\":\"https:\\\/\\\/premiumline-cabling.com\\\/de\\\/product\\\/fully-loaded-adapter-plate\\\/#primaryimage\",\"url\":\"https:\\\/\\\/premiumline-cabling.com\\\/wp-content\\\/uploads\\\/2019\\\/02\\\/img_PL_csm_local-area-network-242311082.jpg\",\"contentUrl\":\"https:\\\/\\\/premiumline-cabling.com\\\/wp-content\\\/uploads\\\/2019\\\/02\\\/img_PL_csm_local-area-network-242311082.jpg\",\"width\":283,\"height\":220},{\"@type\":\"BreadcrumbList\",\"@id\":\"https:\\\/\\\/premiumline-cabling.com\\\/de\\\/product\\\/fully-loaded-adapter-plate\\\/#breadcrumb\",\"itemListElement\":[{\"@type\":\"ListItem\",\"position\":1,\"name\":\"\u0413\u043b\u0430\u0432\u043d\u0430\u044f \u0441\u0442\u0440\u0430\u043d\u0438\u0446\u0430\",\"item\":\"https:\\\/\\\/premiumline-cabling.com\\\/de\\\/\"},{\"@type\":\"ListItem\",\"position\":2,\"name\":\"Adapterplatte\"}]},{\"@type\":\"WebSite\",\"@id\":\"https:\\\/\\\/premiumline-cabling.com\\\/#website\",\"url\":\"https:\\\/\\\/premiumline-cabling.com\\\/\",\"name\":\"Premium-Line\",\"description\":\"Structured Cabling System\",\"publisher\":{\"@id\":\"https:\\\/\\\/premiumline-cabling.com\\\/#organization\"},\"potentialAction\":[{\"@type\":\"SearchAction\",\"target\":{\"@type\":\"EntryPoint\",\"urlTemplate\":\"https:\\\/\\\/premiumline-cabling.com\\\/?s={search_term_string}\"},\"query-input\":{\"@type\":\"PropertyValueSpecification\",\"valueRequired\":true,\"valueName\":\"search_term_string\"}}],\"inLanguage\":\"de\"},{\"@type\":\"Organization\",\"@id\":\"https:\\\/\\\/premiumline-cabling.com\\\/#organization\",\"name\":\"Premium-Line\",\"url\":\"https:\\\/\\\/premiumline-cabling.com\\\/\",\"logo\":{\"@type\":\"ImageObject\",\"inLanguage\":\"de\",\"@id\":\"https:\\\/\\\/premiumline-cabling.com\\\/#\\\/schema\\\/logo\\\/image\\\/\",\"url\":\"https:\\\/\\\/premiumline-cabling.com\\\/wp-content\\\/uploads\\\/2019\\\/04\\\/cropped-img_logo_site_Premium-Line.png\",\"contentUrl\":\"https:\\\/\\\/premiumline-cabling.com\\\/wp-content\\\/uploads\\\/2019\\\/04\\\/cropped-img_logo_site_Premium-Line.png\",\"width\":190,\"height\":62,\"caption\":\"Premium-Line\"},\"image\":{\"@id\":\"https:\\\/\\\/premiumline-cabling.com\\\/#\\\/schema\\\/logo\\\/image\\\/\"}}]}<\/script>\n<!-- \/ Yoast SEO plugin. -->","yoast_head_json":{"title":"Premium-Line Vollst\u00e4ndig beladene Adapterplatte","description":"Premium-Line bietet Ihnen ein voll ausgestattetes Adapterpanel f\u00fcr das LWL-Patchpanel mit einer ganzen Reihe von Glasfaseradaptertypen.","robots":{"index":"index","follow":"follow","max-snippet":"max-snippet:-1","max-image-preview":"max-image-preview:large","max-video-preview":"max-video-preview:-1"},"canonical":"https:\/\/premiumline-cabling.com\/de\/product\/fully-loaded-adapter-plate\/","og_locale":"de_DE","og_type":"article","og_title":"Premium-Line Vollst\u00e4ndig beladene Adapterplatte","og_description":"Premium-Line bietet Ihnen ein voll ausgestattetes Adapterpanel f\u00fcr das LWL-Patchpanel mit einer ganzen Reihe von Glasfaseradaptertypen.","og_url":"https:\/\/premiumline-cabling.com\/de\/product\/fully-loaded-adapter-plate\/","og_site_name":"Premium-Line","article_modified_time":"2022-06-10T06:48:14+00:00","og_image":[{"width":283,"height":220,"url":"https:\/\/premiumline-cabling.com\/wp-content\/uploads\/2019\/02\/img_PL_csm_local-area-network-242311082.jpg","type":"image\/jpeg"}],"twitter_card":"summary_large_image","twitter_misc":{"Gesch\u00e4tzte Lesezeit":"2\u00a0Minuten"},"schema":{"@context":"https:\/\/schema.org","@graph":[{"@type":"WebPage","@id":"https:\/\/premiumline-cabling.com\/de\/product\/fully-loaded-adapter-plate\/","url":"https:\/\/premiumline-cabling.com\/de\/product\/fully-loaded-adapter-plate\/","name":"Premium-Line Vollst\u00e4ndig beladene Adapterplatte","isPartOf":{"@id":"https:\/\/premiumline-cabling.com\/#website"},"primaryImageOfPage":{"@id":"https:\/\/premiumline-cabling.com\/de\/product\/fully-loaded-adapter-plate\/#primaryimage"},"image":{"@id":"https:\/\/premiumline-cabling.com\/de\/product\/fully-loaded-adapter-plate\/#primaryimage"},"thumbnailUrl":"https:\/\/premiumline-cabling.com\/wp-content\/uploads\/2019\/02\/img_PL_csm_local-area-network-242311082.jpg","datePublished":"2019-02-03T13:13:30+00:00","dateModified":"2022-06-10T06:48:14+00:00","description":"Premium-Line bietet Ihnen ein voll ausgestattetes Adapterpanel f\u00fcr das LWL-Patchpanel mit einer ganzen Reihe von Glasfaseradaptertypen.","breadcrumb":{"@id":"https:\/\/premiumline-cabling.com\/de\/product\/fully-loaded-adapter-plate\/#breadcrumb"},"inLanguage":"de","potentialAction":[{"@type":"ReadAction","target":["https:\/\/premiumline-cabling.com\/de\/product\/fully-loaded-adapter-plate\/"]}]},{"@type":"ImageObject","inLanguage":"de","@id":"https:\/\/premiumline-cabling.com\/de\/product\/fully-loaded-adapter-plate\/#primaryimage","url":"https:\/\/premiumline-cabling.com\/wp-content\/uploads\/2019\/02\/img_PL_csm_local-area-network-242311082.jpg","contentUrl":"https:\/\/premiumline-cabling.com\/wp-content\/uploads\/2019\/02\/img_PL_csm_local-area-network-242311082.jpg","width":283,"height":220},{"@type":"BreadcrumbList","@id":"https:\/\/premiumline-cabling.com\/de\/product\/fully-loaded-adapter-plate\/#breadcrumb","itemListElement":[{"@type":"ListItem","position":1,"name":"\u0413\u043b\u0430\u0432\u043d\u0430\u044f \u0441\u0442\u0440\u0430\u043d\u0438\u0446\u0430","item":"https:\/\/premiumline-cabling.com\/de\/"},{"@type":"ListItem","position":2,"name":"Adapterplatte"}]},{"@type":"WebSite","@id":"https:\/\/premiumline-cabling.com\/#website","url":"https:\/\/premiumline-cabling.com\/","name":"Premium-Line","description":"Structured Cabling System","publisher":{"@id":"https:\/\/premiumline-cabling.com\/#organization"},"potentialAction":[{"@type":"SearchAction","target":{"@type":"EntryPoint","urlTemplate":"https:\/\/premiumline-cabling.com\/?s={search_term_string}"},"query-input":{"@type":"PropertyValueSpecification","valueRequired":true,"valueName":"search_term_string"}}],"inLanguage":"de"},{"@type":"Organization","@id":"https:\/\/premiumline-cabling.com\/#organization","name":"Premium-Line","url":"https:\/\/premiumline-cabling.com\/","logo":{"@type":"ImageObject","inLanguage":"de","@id":"https:\/\/premiumline-cabling.com\/#\/schema\/logo\/image\/","url":"https:\/\/premiumline-cabling.com\/wp-content\/uploads\/2019\/04\/cropped-img_logo_site_Premium-Line.png","contentUrl":"https:\/\/premiumline-cabling.com\/wp-content\/uploads\/2019\/04\/cropped-img_logo_site_Premium-Line.png","width":190,"height":62,"caption":"Premium-Line"},"image":{"@id":"https:\/\/premiumline-cabling.com\/#\/schema\/logo\/image\/"}}]}},"_links":{"self":[{"href":"https:\/\/premiumline-cabling.com\/de\/wp-json\/wp\/v2\/product\/15382","targetHints":{"allow":["GET"]}}],"collection":[{"href":"https:\/\/premiumline-cabling.com\/de\/wp-json\/wp\/v2\/product"}],"about":[{"href":"https:\/\/premiumline-cabling.com\/de\/wp-json\/wp\/v2\/types\/product"}],"wp:featuredmedia":[{"embeddable":true,"href":"https:\/\/premiumline-cabling.com\/de\/wp-json\/wp\/v2\/media\/8111"}],"wp:attachment":[{"href":"https:\/\/premiumline-cabling.com\/de\/wp-json\/wp\/v2\/media?parent=15382"}],"wp:term":[{"taxonomy":"product_category","embeddable":true,"href":"https:\/\/premiumline-cabling.com\/de\/wp-json\/wp\/v2\/product_category?post=15382"}],"curies":[{"name":"wp","href":"https:\/\/api.w.org\/{rel}","templated":true}]}}