{"id":15376,"date":"2019-01-15T18:51:25","date_gmt":"2019-01-15T17:51:25","guid":{"rendered":"https:\/\/www.premiumline-cabling.com\/product\/fiber-optic-inline-type-splice-enclosure\/"},"modified":"2022-06-08T14:23:20","modified_gmt":"2022-06-08T13:23:20","slug":"fiber-optic-inline-type-splice-enclosure","status":"publish","type":"product","link":"https:\/\/premiumline-cabling.com\/de\/product\/fiber-optic-inline-type-splice-enclosure\/","title":{"rendered":"Inline Splei\u00dfgeh\u00e4use"},"content":{"rendered":"<div id=\"attachment_476\" style=\"width: 210px\" class=\"wp-caption alignright\"><noscript><img decoding=\"async\" aria-describedby=\"caption-attachment-476\" class=\"wp-image-476 size-full\" src=\"https:\/\/premiumline-cabling.com\/wp-content\/uploads\/2019\/01\/PL_img_csm_wide-area-network-542222402_4168581e75.jpg\" alt width=\"200\" height=\"118\"><\/noscript><img decoding=\"async\" aria-describedby=\"caption-attachment-476\" class=\"wp-image-476 size-full lazyload\" src=\"data:image\/svg+xml,%3Csvg%20xmlns%3D%22http%3A%2F%2Fwww.w3.org%2F2000%2Fsvg%22%20viewBox%3D%220%200%20200%20118%22%3E%3C%2Fsvg%3E\" alt width=\"200\" height=\"118\" data-src=\"https:\/\/premiumline-cabling.com\/wp-content\/uploads\/2019\/01\/PL_img_csm_wide-area-network-542222402_4168581e75.jpg\"><p id=\"caption-attachment-476\" class=\"wp-caption-text\">542222402<\/p><\/div>\n<p class=\"bodytext\">Das Glasfaser-Inline-Splei\u00dfgeh\u00e4use der Premium-Line Systems GmbH ist hermetisch abgedichtet und l\u00e4sst sich leicht montieren. Das Geh\u00e4use hat ein kompaktes und wasserdichtes Design, und bietet eine gute Sto\u00df- und Tieftemperaturbest\u00e4ndigkeit f\u00fcr breite Anwendungen.<br>\nBis zu. 8 * 24-Ader-Splei\u00dfkassetten unterst\u00fctzen bis zu 192 Adersplei\u00dfe im Inneren. Es sind keine Spezialwerkzeuge zum Befestigen oder Entladen der Kassetten erforderlich. Dieser Geh\u00e4usetyp ist f\u00fcr Luftkan\u00e4le und direkte Erdverlegung erh\u00e4ltlich.<\/p>\n<h3>EIGENSCHAFTEN:<\/h3>\n<ul>\n<li>Entspricht der Norm IEC 1073-1:1994 Zuverl\u00e4ssige mechanische Abdichtung gegen das Eindringen von Fl\u00fcssigkeit oder Dampf<\/li>\n<li>Einfach zu \u00f6ffnen und zu schlie\u00dfen<\/li>\n<li>6 Kabeleing\u00e4nge (3in, 3out) f\u00fcr Kabeldurchmesser von 23 mm(2), 20 mm(2), 16 mm(2) Splei\u00dfkassettenkapazit\u00e4t: 24 Adern<\/li>\n<li>Maximale Anzahl Splei\u00dfkassetten: 8 Abmessungen: bis zu 96 Adern, 450 \u00d7 216 \u00d7 110 mm; bis 192 Adern, 450 \u00d7 216 \u00d7 160 mm<\/li>\n<li>&nbsp;Geeignet f\u00fcr Fl\u00e4chen-, Kanal- und direkte Erdverlegung<\/li>\n<\/ul>\n<h3><span style=\"color: #a13737;\"><strong><u>F\u00fcr mehr Informationen klicken Sie auf das \u201e+\u201c<\/u><\/strong><\/span><\/h3>\n","protected":false},"featured_media":8035,"template":"","product_category":[310],"class_list":["post-15376","product","type-product","status-publish","has-post-thumbnail","hentry","product_category-wide-area-network"],"yoast_head":"<!-- This site is optimized with the Yoast SEO plugin v27.4 - https:\/\/yoast.com\/product\/yoast-seo-wordpress\/ -->\n<title>Premium-Line Inline Splei\u00dfgeh\u00e4use<\/title>\n<meta name=\"description\" content=\"Das Glasfaser-Inline-Splei\u00dfgeh\u00e4use der Premium-Line Systems GmbH ist hermetisch abgedichtet und l\u00e4sst sich leicht montieren.\" \/>\n<meta name=\"robots\" content=\"index, follow, max-snippet:-1, max-image-preview:large, max-video-preview:-1\" \/>\n<link rel=\"canonical\" href=\"https:\/\/premiumline-cabling.com\/de\/product\/fiber-optic-inline-type-splice-enclosure\/\" \/>\n<meta property=\"og:locale\" content=\"de_DE\" \/>\n<meta property=\"og:type\" content=\"article\" \/>\n<meta property=\"og:title\" content=\"Premium-Line Inline Splei\u00dfgeh\u00e4use\" \/>\n<meta property=\"og:description\" content=\"Das Glasfaser-Inline-Splei\u00dfgeh\u00e4use der Premium-Line Systems GmbH ist hermetisch abgedichtet und l\u00e4sst sich leicht montieren.\" \/>\n<meta property=\"og:url\" content=\"https:\/\/premiumline-cabling.com\/de\/product\/fiber-optic-inline-type-splice-enclosure\/\" \/>\n<meta property=\"og:site_name\" content=\"Premium-Line\" \/>\n<meta property=\"article:modified_time\" content=\"2022-06-08T13:23:20+00:00\" \/>\n<meta property=\"og:image\" content=\"https:\/\/premiumline-cabling.com\/wp-content\/uploads\/2019\/01\/img_Premium-Line_Inline-Type-Splice-Enclosure.jpg\" \/>\n\t<meta property=\"og:image:width\" content=\"430\" \/>\n\t<meta property=\"og:image:height\" content=\"220\" \/>\n\t<meta property=\"og:image:type\" content=\"image\/jpeg\" \/>\n<meta name=\"twitter:card\" content=\"summary_large_image\" \/>\n<meta name=\"twitter:label1\" content=\"Gesch\u00e4tzte Lesezeit\" \/>\n\t<meta name=\"twitter:data1\" content=\"1\u00a0Minute\" \/>\n<script type=\"application\/ld+json\" class=\"yoast-schema-graph\">{\"@context\":\"https:\\\/\\\/schema.org\",\"@graph\":[{\"@type\":\"WebPage\",\"@id\":\"https:\\\/\\\/premiumline-cabling.com\\\/de\\\/product\\\/fiber-optic-inline-type-splice-enclosure\\\/\",\"url\":\"https:\\\/\\\/premiumline-cabling.com\\\/de\\\/product\\\/fiber-optic-inline-type-splice-enclosure\\\/\",\"name\":\"Premium-Line Inline Splei\u00dfgeh\u00e4use\",\"isPartOf\":{\"@id\":\"https:\\\/\\\/premiumline-cabling.com\\\/#website\"},\"primaryImageOfPage\":{\"@id\":\"https:\\\/\\\/premiumline-cabling.com\\\/de\\\/product\\\/fiber-optic-inline-type-splice-enclosure\\\/#primaryimage\"},\"image\":{\"@id\":\"https:\\\/\\\/premiumline-cabling.com\\\/de\\\/product\\\/fiber-optic-inline-type-splice-enclosure\\\/#primaryimage\"},\"thumbnailUrl\":\"https:\\\/\\\/premiumline-cabling.com\\\/wp-content\\\/uploads\\\/2019\\\/01\\\/img_Premium-Line_Inline-Type-Splice-Enclosure.jpg\",\"datePublished\":\"2019-01-15T17:51:25+00:00\",\"dateModified\":\"2022-06-08T13:23:20+00:00\",\"description\":\"Das Glasfaser-Inline-Splei\u00dfgeh\u00e4use der Premium-Line Systems GmbH ist hermetisch abgedichtet und l\u00e4sst sich leicht montieren.\",\"breadcrumb\":{\"@id\":\"https:\\\/\\\/premiumline-cabling.com\\\/de\\\/product\\\/fiber-optic-inline-type-splice-enclosure\\\/#breadcrumb\"},\"inLanguage\":\"de\",\"potentialAction\":[{\"@type\":\"ReadAction\",\"target\":[\"https:\\\/\\\/premiumline-cabling.com\\\/de\\\/product\\\/fiber-optic-inline-type-splice-enclosure\\\/\"]}]},{\"@type\":\"ImageObject\",\"inLanguage\":\"de\",\"@id\":\"https:\\\/\\\/premiumline-cabling.com\\\/de\\\/product\\\/fiber-optic-inline-type-splice-enclosure\\\/#primaryimage\",\"url\":\"https:\\\/\\\/premiumline-cabling.com\\\/wp-content\\\/uploads\\\/2019\\\/01\\\/img_Premium-Line_Inline-Type-Splice-Enclosure.jpg\",\"contentUrl\":\"https:\\\/\\\/premiumline-cabling.com\\\/wp-content\\\/uploads\\\/2019\\\/01\\\/img_Premium-Line_Inline-Type-Splice-Enclosure.jpg\",\"width\":430,\"height\":220},{\"@type\":\"BreadcrumbList\",\"@id\":\"https:\\\/\\\/premiumline-cabling.com\\\/de\\\/product\\\/fiber-optic-inline-type-splice-enclosure\\\/#breadcrumb\",\"itemListElement\":[{\"@type\":\"ListItem\",\"position\":1,\"name\":\"\u0413\u043b\u0430\u0432\u043d\u0430\u044f \u0441\u0442\u0440\u0430\u043d\u0438\u0446\u0430\",\"item\":\"https:\\\/\\\/premiumline-cabling.com\\\/de\\\/\"},{\"@type\":\"ListItem\",\"position\":2,\"name\":\"Inline Splei\u00dfgeh\u00e4use\"}]},{\"@type\":\"WebSite\",\"@id\":\"https:\\\/\\\/premiumline-cabling.com\\\/#website\",\"url\":\"https:\\\/\\\/premiumline-cabling.com\\\/\",\"name\":\"Premium-Line\",\"description\":\"Structured Cabling System\",\"publisher\":{\"@id\":\"https:\\\/\\\/premiumline-cabling.com\\\/#organization\"},\"potentialAction\":[{\"@type\":\"SearchAction\",\"target\":{\"@type\":\"EntryPoint\",\"urlTemplate\":\"https:\\\/\\\/premiumline-cabling.com\\\/?s={search_term_string}\"},\"query-input\":{\"@type\":\"PropertyValueSpecification\",\"valueRequired\":true,\"valueName\":\"search_term_string\"}}],\"inLanguage\":\"de\"},{\"@type\":\"Organization\",\"@id\":\"https:\\\/\\\/premiumline-cabling.com\\\/#organization\",\"name\":\"Premium-Line\",\"url\":\"https:\\\/\\\/premiumline-cabling.com\\\/\",\"logo\":{\"@type\":\"ImageObject\",\"inLanguage\":\"de\",\"@id\":\"https:\\\/\\\/premiumline-cabling.com\\\/#\\\/schema\\\/logo\\\/image\\\/\",\"url\":\"https:\\\/\\\/premiumline-cabling.com\\\/wp-content\\\/uploads\\\/2019\\\/04\\\/cropped-img_logo_site_Premium-Line.png\",\"contentUrl\":\"https:\\\/\\\/premiumline-cabling.com\\\/wp-content\\\/uploads\\\/2019\\\/04\\\/cropped-img_logo_site_Premium-Line.png\",\"width\":190,\"height\":62,\"caption\":\"Premium-Line\"},\"image\":{\"@id\":\"https:\\\/\\\/premiumline-cabling.com\\\/#\\\/schema\\\/logo\\\/image\\\/\"}}]}<\/script>\n<!-- \/ Yoast SEO plugin. -->","yoast_head_json":{"title":"Premium-Line Inline Splei\u00dfgeh\u00e4use","description":"Das Glasfaser-Inline-Splei\u00dfgeh\u00e4use der Premium-Line Systems GmbH ist hermetisch abgedichtet und l\u00e4sst sich leicht montieren.","robots":{"index":"index","follow":"follow","max-snippet":"max-snippet:-1","max-image-preview":"max-image-preview:large","max-video-preview":"max-video-preview:-1"},"canonical":"https:\/\/premiumline-cabling.com\/de\/product\/fiber-optic-inline-type-splice-enclosure\/","og_locale":"de_DE","og_type":"article","og_title":"Premium-Line Inline Splei\u00dfgeh\u00e4use","og_description":"Das Glasfaser-Inline-Splei\u00dfgeh\u00e4use der Premium-Line Systems GmbH ist hermetisch abgedichtet und l\u00e4sst sich leicht montieren.","og_url":"https:\/\/premiumline-cabling.com\/de\/product\/fiber-optic-inline-type-splice-enclosure\/","og_site_name":"Premium-Line","article_modified_time":"2022-06-08T13:23:20+00:00","og_image":[{"width":430,"height":220,"url":"https:\/\/premiumline-cabling.com\/wp-content\/uploads\/2019\/01\/img_Premium-Line_Inline-Type-Splice-Enclosure.jpg","type":"image\/jpeg"}],"twitter_card":"summary_large_image","twitter_misc":{"Gesch\u00e4tzte Lesezeit":"1\u00a0Minute"},"schema":{"@context":"https:\/\/schema.org","@graph":[{"@type":"WebPage","@id":"https:\/\/premiumline-cabling.com\/de\/product\/fiber-optic-inline-type-splice-enclosure\/","url":"https:\/\/premiumline-cabling.com\/de\/product\/fiber-optic-inline-type-splice-enclosure\/","name":"Premium-Line Inline Splei\u00dfgeh\u00e4use","isPartOf":{"@id":"https:\/\/premiumline-cabling.com\/#website"},"primaryImageOfPage":{"@id":"https:\/\/premiumline-cabling.com\/de\/product\/fiber-optic-inline-type-splice-enclosure\/#primaryimage"},"image":{"@id":"https:\/\/premiumline-cabling.com\/de\/product\/fiber-optic-inline-type-splice-enclosure\/#primaryimage"},"thumbnailUrl":"https:\/\/premiumline-cabling.com\/wp-content\/uploads\/2019\/01\/img_Premium-Line_Inline-Type-Splice-Enclosure.jpg","datePublished":"2019-01-15T17:51:25+00:00","dateModified":"2022-06-08T13:23:20+00:00","description":"Das Glasfaser-Inline-Splei\u00dfgeh\u00e4use der Premium-Line Systems GmbH ist hermetisch abgedichtet und l\u00e4sst sich leicht montieren.","breadcrumb":{"@id":"https:\/\/premiumline-cabling.com\/de\/product\/fiber-optic-inline-type-splice-enclosure\/#breadcrumb"},"inLanguage":"de","potentialAction":[{"@type":"ReadAction","target":["https:\/\/premiumline-cabling.com\/de\/product\/fiber-optic-inline-type-splice-enclosure\/"]}]},{"@type":"ImageObject","inLanguage":"de","@id":"https:\/\/premiumline-cabling.com\/de\/product\/fiber-optic-inline-type-splice-enclosure\/#primaryimage","url":"https:\/\/premiumline-cabling.com\/wp-content\/uploads\/2019\/01\/img_Premium-Line_Inline-Type-Splice-Enclosure.jpg","contentUrl":"https:\/\/premiumline-cabling.com\/wp-content\/uploads\/2019\/01\/img_Premium-Line_Inline-Type-Splice-Enclosure.jpg","width":430,"height":220},{"@type":"BreadcrumbList","@id":"https:\/\/premiumline-cabling.com\/de\/product\/fiber-optic-inline-type-splice-enclosure\/#breadcrumb","itemListElement":[{"@type":"ListItem","position":1,"name":"\u0413\u043b\u0430\u0432\u043d\u0430\u044f \u0441\u0442\u0440\u0430\u043d\u0438\u0446\u0430","item":"https:\/\/premiumline-cabling.com\/de\/"},{"@type":"ListItem","position":2,"name":"Inline Splei\u00dfgeh\u00e4use"}]},{"@type":"WebSite","@id":"https:\/\/premiumline-cabling.com\/#website","url":"https:\/\/premiumline-cabling.com\/","name":"Premium-Line","description":"Structured Cabling System","publisher":{"@id":"https:\/\/premiumline-cabling.com\/#organization"},"potentialAction":[{"@type":"SearchAction","target":{"@type":"EntryPoint","urlTemplate":"https:\/\/premiumline-cabling.com\/?s={search_term_string}"},"query-input":{"@type":"PropertyValueSpecification","valueRequired":true,"valueName":"search_term_string"}}],"inLanguage":"de"},{"@type":"Organization","@id":"https:\/\/premiumline-cabling.com\/#organization","name":"Premium-Line","url":"https:\/\/premiumline-cabling.com\/","logo":{"@type":"ImageObject","inLanguage":"de","@id":"https:\/\/premiumline-cabling.com\/#\/schema\/logo\/image\/","url":"https:\/\/premiumline-cabling.com\/wp-content\/uploads\/2019\/04\/cropped-img_logo_site_Premium-Line.png","contentUrl":"https:\/\/premiumline-cabling.com\/wp-content\/uploads\/2019\/04\/cropped-img_logo_site_Premium-Line.png","width":190,"height":62,"caption":"Premium-Line"},"image":{"@id":"https:\/\/premiumline-cabling.com\/#\/schema\/logo\/image\/"}}]}},"_links":{"self":[{"href":"https:\/\/premiumline-cabling.com\/de\/wp-json\/wp\/v2\/product\/15376","targetHints":{"allow":["GET"]}}],"collection":[{"href":"https:\/\/premiumline-cabling.com\/de\/wp-json\/wp\/v2\/product"}],"about":[{"href":"https:\/\/premiumline-cabling.com\/de\/wp-json\/wp\/v2\/types\/product"}],"wp:featuredmedia":[{"embeddable":true,"href":"https:\/\/premiumline-cabling.com\/de\/wp-json\/wp\/v2\/media\/8035"}],"wp:attachment":[{"href":"https:\/\/premiumline-cabling.com\/de\/wp-json\/wp\/v2\/media?parent=15376"}],"wp:term":[{"taxonomy":"product_category","embeddable":true,"href":"https:\/\/premiumline-cabling.com\/de\/wp-json\/wp\/v2\/product_category?post=15376"}],"curies":[{"name":"wp","href":"https:\/\/api.w.org\/{rel}","templated":true}]}}