{"id":15356,"date":"2019-02-03T20:41:43","date_gmt":"2019-02-03T19:41:43","guid":{"rendered":"https:\/\/www.premiumline-cabling.com\/product\/fiber-optic-patch-cord\/"},"modified":"2022-06-10T08:10:41","modified_gmt":"2022-06-10T07:10:41","slug":"fiber-optic-patch-cord","status":"publish","type":"product","link":"https:\/\/premiumline-cabling.com\/de\/product\/fiber-optic-patch-cord\/","title":{"rendered":"Glasfaserpatchkabel MM"},"content":{"rendered":"<p><noscript><img decoding=\"async\" class=\"size-medium wp-image-627 alignright\" src=\"https:\/\/premiumline-cabling.com\/wp-content\/uploads\/2019\/02\/img_PL_Fiber-Optic-Patch-Cord-300x150.jpg\" alt width=\"300\" height=\"150\"><\/noscript><img decoding=\"async\" class=\"size-medium wp-image-627 alignright lazyload\" src=\"data:image\/svg+xml,%3Csvg%20xmlns%3D%22http%3A%2F%2Fwww.w3.org%2F2000%2Fsvg%22%20viewBox%3D%220%200%20300%20150%22%3E%3C%2Fsvg%3E\" alt width=\"300\" height=\"150\" data-src=\"https:\/\/premiumline-cabling.com\/wp-content\/uploads\/2019\/02\/img_PL_Fiber-Optic-Patch-Cord-300x150.jpg\"><\/p>\n<h3>EIGENSCHAFTEN:<\/h3>\n<ul>\n<li>entspricht TIA\/EIA-568-B.3 Standard<\/li>\n<li>ITU-T G.651 konform<\/li>\n<li>Stecker entsprechen IEC60874 und IEC61754<\/li>\n<li>Mechanische- und Umgebungstests nach IEC61300-2-1,2,4,5,6,17 und IEC61300-3-1,4,11 und IEC 60332 und IEC60754-1,2<\/li>\n<li>100%-ige Immunit\u00e4t gegen\u00fcber elektrischen Interferenzen<\/li>\n<li>RoHS konform<\/li>\n<\/ul>\n<h3>ANWENDUNGEN<\/h3>\n<ul>\n<li>Telekomnetzwerk, CATV, LAN &amp; WAN &amp; FTTH<\/li>\n<\/ul>\n<h3>GLASFASER KENNWERTE:<\/h3>\n<table>\n<tbody>\n<tr>\n<td colspan=\"5\" width=\"619\">Geometrische Kennwerte<\/td>\n<\/tr>\n<tr>\n<td colspan=\"3\" width=\"253\">Kerndurchmesser<\/td>\n<td width=\"167\">50\u00b12.5um<\/td>\n<td width=\"199\">62.5\u00b12.5um<\/td>\n<\/tr>\n<tr>\n<td colspan=\"3\" width=\"253\">Cladding Durchmesser<\/td>\n<td width=\"167\">125\u00b11.0um<\/td>\n<td width=\"199\">125\u00b11.0um<\/td>\n<\/tr>\n<tr>\n<td colspan=\"3\" width=\"253\">Kern\/Cladding Konzentrizit\u00e4tsfehler<\/td>\n<td width=\"167\">\u22641.5um<\/td>\n<td width=\"199\">\u22641.5um<\/td>\n<\/tr>\n<tr>\n<td colspan=\"3\" width=\"253\">Cladding nicht zirkular<\/td>\n<td width=\"167\">\u22641%<\/td>\n<td width=\"199\">\u22641%<\/td>\n<\/tr>\n<tr>\n<td colspan=\"3\" width=\"253\">Coating Durchmesser (uncolored)<\/td>\n<td width=\"167\">243\u00b17um<\/td>\n<td width=\"199\">243\u00b17um<\/td>\n<\/tr>\n<tr>\n<td colspan=\"3\" width=\"253\">Cladding\/Coating Konzentrizit\u00e4tsfehler<\/td>\n<td width=\"167\">\u226412um<\/td>\n<td width=\"199\">\u226412um<\/td>\n<\/tr>\n<tr>\n<td colspan=\"5\" width=\"619\">Mechanische Kennwerte<\/td>\n<\/tr>\n<tr>\n<td colspan=\"3\" width=\"253\">Proof test level<\/td>\n<td width=\"167\">\u22651%<\/td>\n<td width=\"199\">\u22651%<\/td>\n<\/tr>\n<tr>\n<td colspan=\"3\" width=\"253\">Faserzugfestigkeit<\/td>\n<td colspan=\"2\" width=\"366\">10m, Weibull lowest Probability Level: 2.76GpA (15%)<\/td>\n<\/tr>\n<tr>\n<td colspan=\"3\" width=\"253\">Dynamic Corrosion parameter<\/td>\n<td width=\"167\">\u226520nd<\/td>\n<td width=\"199\">\u226520nd<\/td>\n<\/tr>\n<tr>\n<td colspan=\"3\" width=\"253\">Curl Radius<\/td>\n<td width=\"167\">\u22654m<\/td>\n<td width=\"199\">\u22654m<\/td>\n<\/tr>\n<tr>\n<td rowspan=\"2\" width=\"136\">&nbsp;\n<p>Abisolierkraft<\/p><\/td>\n<td colspan=\"2\" width=\"117\">durchschnittlich<\/td>\n<td width=\"167\">1~5N<\/td>\n<td width=\"199\">1~5N<\/td>\n<\/tr>\n<tr>\n<td colspan=\"2\" width=\"117\">Spitzenwert<\/td>\n<td width=\"167\">1.3~8.9N<\/td>\n<td width=\"199\">1.3~8.9N<\/td>\n<\/tr>\n<tr>\n<td colspan=\"5\" width=\"619\">Umgebungskennwerte<\/td>\n<\/tr>\n<tr>\n<td colspan=\"2\" width=\"250\">Temperatur (-60\u2103 ~ +85\u2103)<\/td>\n<td colspan=\"3\" rowspan=\"4\" width=\"369\"><em>&nbsp;<\/em>\n<p>Eine zus\u00e4tzliche D\u00e4mpfung \u2264 0.2dB\/km ist erlaubt<\/p>\n<p>bei Wellenl\u00e4ngen von 850nm und 1300nm<\/p><\/td>\n<\/tr>\n<tr>\n<td colspan=\"2\" width=\"250\">Eintauchtest &nbsp;(23\u00b12\u2103, 30 Tage)<\/td>\n<\/tr>\n<tr>\n<td colspan=\"2\" width=\"250\">Feuchte- und Hitzetest Bedingungen\n<p>(85\u2103\u00b12\u2103, \u00fcber 85%rel.F., 30Tage )<\/p><\/td>\n<\/tr>\n<tr>\n<td colspan=\"2\" width=\"250\">Temperaturalterungstest\n<p>(85\u2103\u00b12\u2103, 30 Tage)<\/p><\/td>\n<\/tr>\n<\/tbody>\n<\/table>\n<h3>STECKVERBINDER-KENNWERTE UND KABELPERFORMANCE:<\/h3>\n<table>\n<tbody>\n<tr>\n<td colspan=\"2\" width=\"217\">Type<\/td>\n<td width=\"84\">FC<\/td>\n<td width=\"84\">ST<\/td>\n<td width=\"84\">SC<\/td>\n<td width=\"84\">LC<\/td>\n<\/tr>\n<tr>\n<td colspan=\"2\" width=\"217\">\u00d8 Steckerferrule<\/td>\n<td width=\"84\">2.5mm<\/td>\n<td width=\"84\">2.5mm<\/td>\n<td width=\"84\">2.5mm<\/td>\n<td width=\"84\">1.25mm<\/td>\n<\/tr>\n<tr>\n<td colspan=\"2\" width=\"217\">Einf\u00fcged\u00e4mpfung<\/td>\n<td width=\"84\">\u22640.3dB<\/td>\n<td width=\"84\">\u22640.3dB<\/td>\n<td width=\"84\">\u22640.3dB<\/td>\n<td width=\"84\">\u22640.3dB<\/td>\n<\/tr>\n<tr>\n<td rowspan=\"2\" width=\"90\">R\u00fcckflu\u00df-\n<p>d\u00e4mpfung<\/p><\/td>\n<td width=\"127\">PC<\/td>\n<td width=\"84\">\u226535dB<\/td>\n<td width=\"84\">\u226535dB<\/td>\n<td width=\"84\">\u226535dB<\/td>\n<td width=\"84\">\u226535dB<\/td>\n<\/tr>\n<tr>\n<td width=\"127\">UPC<\/td>\n<td width=\"84\">\u226540dB<\/td>\n<td width=\"84\">\u226540dB<\/td>\n<td width=\"84\">\u226540dB<\/td>\n<td width=\"84\">\u226540dB<\/td>\n<\/tr>\n<tr>\n<td colspan=\"2\" width=\"217\">Umgebungstemperatur<\/td>\n<td width=\"84\">-20\u00b0C~60\u00b0C<\/td>\n<td width=\"84\">-20\u00b0C~60\u00b0C<\/td>\n<td width=\"84\">-20\u00b0C~60\u00b0C<\/td>\n<td width=\"84\">-20\u00b0C~60\u00b0C<\/td>\n<\/tr>\n<tr>\n<td colspan=\"2\" width=\"217\">Ansteckverlust<\/td>\n<td width=\"84\">\u22640.1dB<\/td>\n<td width=\"84\">\u22640.1dB<\/td>\n<td width=\"84\">\u22640.1dB<\/td>\n<td width=\"84\">\u22640.1dB<\/td>\n<\/tr>\n<\/tbody>\n<\/table>\n<h3>PATCHKABEL KENNWERTE:<\/h3>\n<table>\n<tbody>\n<tr>\n<td width=\"289\">Mechanische Tests<\/td>\n<td width=\"299\">Zus\u00e4tzliche Verluste<\/td>\n<\/tr>\n<tr>\n<td width=\"289\">Steckzyklen: min.1000 Steckzyklen<\/td>\n<td width=\"299\">\u22640.1dB<\/td>\n<\/tr>\n<tr>\n<td width=\"289\">R\u00fcckhalteverm\u00f6gen:100N\u00d72, 120s<\/td>\n<td width=\"299\">\u22640.2dB<\/td>\n<\/tr>\n<tr>\n<td width=\"289\">Steckerzugfestigkeit: 40N\u00d72, 120s<\/td>\n<td width=\"299\">\u22640.1dB<\/td>\n<\/tr>\n<tr>\n<td width=\"289\">Schlagtest: 1.5m, 5 mal<\/td>\n<td width=\"299\">\u22640.2dB<\/td>\n<\/tr>\n<tr>\n<td width=\"289\">Vibration: 10-500Hz,1.5mm Amplitude<\/td>\n<td width=\"299\">\u22640.1dB<\/td>\n<\/tr>\n<tr>\n<td width=\"289\">Temperaturtest<\/td>\n<td width=\"299\">Zus\u00e4tzliche Verluste<\/td>\n<\/tr>\n<tr>\n<td width=\"289\">Kaltlagerung: -40\u2103, 96h<\/td>\n<td width=\"299\">\u22640.2dB<\/td>\n<\/tr>\n<tr>\n<td width=\"289\">Hei\u00dflagerung: +85\u2103, 96h<\/td>\n<td width=\"299\">\u22640.2dB<\/td>\n<\/tr>\n<tr>\n<td width=\"289\">Temperaturwechsel: -40\u2103~+85\u2103, 20 Wechsel<\/td>\n<td width=\"299\">\u22640.2dB<\/td>\n<\/tr>\n<tr>\n<td width=\"289\">Feuchtigkeit: +25\u2103~+65\u2103, 93%rel.F.,100h<\/td>\n<td width=\"299\">\u22640.2dB<\/td>\n<\/tr>\n<\/tbody>\n<\/table>\n<h3>BESTELLINFORMATION:<\/h3>\n<p>Art.Nr. &nbsp;&nbsp;&nbsp;&nbsp;&nbsp;&nbsp;&nbsp;&nbsp;&nbsp;&nbsp;&nbsp;&nbsp;&nbsp;&nbsp;21vwxyzzz<\/p>\n<p>Bezeichnung &nbsp;&nbsp;&nbsp;&nbsp;&nbsp;&nbsp;&nbsp;&nbsp;Premium Line Multimode Glasfaserpatchkabel<\/p>\n<table>\n<tbody>\n<tr>\n<td rowspan=\"2\" width=\"80\">FO MM\n<p>&nbsp;<\/p>\n<p>patch cord<\/p><\/td>\n<td rowspan=\"2\" width=\"132\">Transmission Mode\n<p>(v)<\/p><\/td>\n<td rowspan=\"2\" width=\"170\">Kabeltype\n<p>(w)<\/p><\/td>\n<td colspan=\"2\" width=\"170\">Steckertype<\/td>\n<td rowspan=\"2\" width=\"84\">L\u00e4nge\n<p>(zzz)<\/p><\/td>\n<\/tr>\n<tr>\n<td width=\"85\">A&nbsp; Seite (x)<\/td>\n<td width=\"85\">B&nbsp; Seite (y)<\/td>\n<\/tr>\n<tr>\n<td width=\"80\">21: UPC<\/td>\n<td width=\"132\">1: OM1 62.5\/125um\n<p>&nbsp;<\/p>\n<p>2: OM2 50\/125um<\/p>\n<p>&nbsp;<\/p>\n<p>4: OM3<\/p>\n<p>&nbsp;<\/p>\n<p>9: OM4<\/p><\/td>\n<td width=\"170\">1: simplex, PVC, 3.0mm\n<p>&nbsp;<\/p>\n<p>2: simplex, LSOH, 3.0mm<\/p>\n<p>&nbsp;<\/p>\n<p>3: simplex, PVC, 2.0mm<\/p>\n<p>&nbsp;<\/p>\n<p>4: simplex, LSOH, 2.0mm<\/p>\n<p>&nbsp;<\/p>\n<p>5: duplex, PVC, 3.0mm<\/p>\n<p>&nbsp;<\/p>\n<p>6: duplex, LSOH, 3.0mm<\/p>\n<p>&nbsp;<\/p>\n<p>7: duplex, PVC, 2.0mm<\/p>\n<p>&nbsp;<\/p>\n<p>8: duplex, LSOH, 2.0mm<\/p><\/td>\n<td width=\"85\">6: SC\/UPC\n<p>&nbsp;<\/p>\n<p>7: ST\/UPC<\/p>\n<p>&nbsp;<\/p>\n<p>8: FC\/UPC<\/p>\n<p>&nbsp;<\/p>\n<p>9: LC\/UPC<\/p><\/td>\n<td width=\"85\">6: SC\/UPC\n<p>&nbsp;<\/p>\n<p>7: ST\/UPC<\/p>\n<p>&nbsp;<\/p>\n<p>8: FC\/UPC<\/p>\n<p>&nbsp;<\/p>\n<p>9: LC\/UPC<\/p><\/td>\n<td width=\"84\">010: 1.0m\n<p>&nbsp;<\/p>\n<p>020: 2.0m<\/p>\n<p>&nbsp;<\/p>\n<p>030: 3.0m<\/p>\n<p>&nbsp;<\/p>\n<p>050: 5.0m<\/p>\n<p>&nbsp;<\/p>\n<p>070: 7.0m<\/p>\n<p>&nbsp;<\/p>\n<p>100: 10.0m<\/p>\n<p>&nbsp;<\/p>\n<p>900: 90.0m<\/p><\/td>\n<\/tr>\n<\/tbody>\n<\/table>\n<h4><\/h4>\n<h4>Um schnell eine Kostenanfrage zu erstellen, nutzen Sie unseren Online-Kalkulator:<\/h4>\n<ul>\n<li><a href=\"https:\/\/premiumline-cabling.com\/service_category\/sm-fo-patch-cord\/\">SM Glasfaserpatchkabel. Klick hier!<\/a><\/li>\n<li><a href=\"https:\/\/premiumline-cabling.com\/service_category\/mm-fo-patch-cord\/\">MM Glasfaserpatchkabel. Klick hier!<\/a><\/li>\n<\/ul>\n<h3><span style=\"color: #a13737;\"><strong><u>F\u00fcr mehr Informationen klicken Sie auf das \u201e+\u201c<\/u><\/strong><\/span><\/h3>\n","protected":false},"featured_media":8151,"template":"","product_category":[311],"class_list":["post-15356","product","type-product","status-publish","has-post-thumbnail","hentry","product_category-connectivity"],"yoast_head":"<!-- This site is optimized with the Yoast SEO plugin v27.4 - https:\/\/yoast.com\/product\/yoast-seo-wordpress\/ -->\n<title>Multimode Glasfaserpatchkabel<\/title>\n<meta name=\"description\" content=\"ITU-T G.651 konform, Stecker entsprechen IEC60874 und IEC61754, 100%-ige Immunit\u00e4t gegen\u00fcber elektrischen Interferenzen\" \/>\n<meta name=\"robots\" content=\"index, follow, max-snippet:-1, max-image-preview:large, max-video-preview:-1\" \/>\n<link rel=\"canonical\" href=\"https:\/\/premiumline-cabling.com\/de\/product\/fiber-optic-patch-cord\/\" \/>\n<meta property=\"og:locale\" content=\"de_DE\" \/>\n<meta property=\"og:type\" content=\"article\" \/>\n<meta property=\"og:title\" content=\"Multimode Glasfaserpatchkabel\" \/>\n<meta property=\"og:description\" content=\"ITU-T G.651 konform, Stecker entsprechen IEC60874 und IEC61754, 100%-ige Immunit\u00e4t gegen\u00fcber elektrischen Interferenzen\" \/>\n<meta property=\"og:url\" content=\"https:\/\/premiumline-cabling.com\/de\/product\/fiber-optic-patch-cord\/\" \/>\n<meta property=\"og:site_name\" content=\"Premium-Line\" \/>\n<meta property=\"article:modified_time\" content=\"2022-06-10T07:10:41+00:00\" \/>\n<meta property=\"og:image\" content=\"https:\/\/premiumline-cabling.com\/wp-content\/uploads\/2019\/02\/img_PL_Fiber-Optic-Patch-Cord.jpg\" \/>\n\t<meta property=\"og:image:width\" content=\"300\" \/>\n\t<meta property=\"og:image:height\" content=\"150\" \/>\n\t<meta property=\"og:image:type\" content=\"image\/jpeg\" \/>\n<meta name=\"twitter:card\" content=\"summary_large_image\" \/>\n<meta name=\"twitter:label1\" content=\"Gesch\u00e4tzte Lesezeit\" \/>\n\t<meta name=\"twitter:data1\" content=\"2\u00a0Minuten\" \/>\n<script type=\"application\/ld+json\" class=\"yoast-schema-graph\">{\"@context\":\"https:\\\/\\\/schema.org\",\"@graph\":[{\"@type\":\"WebPage\",\"@id\":\"https:\\\/\\\/premiumline-cabling.com\\\/de\\\/product\\\/fiber-optic-patch-cord\\\/\",\"url\":\"https:\\\/\\\/premiumline-cabling.com\\\/de\\\/product\\\/fiber-optic-patch-cord\\\/\",\"name\":\"Multimode Glasfaserpatchkabel\",\"isPartOf\":{\"@id\":\"https:\\\/\\\/premiumline-cabling.com\\\/#website\"},\"primaryImageOfPage\":{\"@id\":\"https:\\\/\\\/premiumline-cabling.com\\\/de\\\/product\\\/fiber-optic-patch-cord\\\/#primaryimage\"},\"image\":{\"@id\":\"https:\\\/\\\/premiumline-cabling.com\\\/de\\\/product\\\/fiber-optic-patch-cord\\\/#primaryimage\"},\"thumbnailUrl\":\"https:\\\/\\\/premiumline-cabling.com\\\/wp-content\\\/uploads\\\/2019\\\/02\\\/img_PL_Fiber-Optic-Patch-Cord.jpg\",\"datePublished\":\"2019-02-03T19:41:43+00:00\",\"dateModified\":\"2022-06-10T07:10:41+00:00\",\"description\":\"ITU-T G.651 konform, Stecker entsprechen IEC60874 und IEC61754, 100%-ige Immunit\u00e4t gegen\u00fcber elektrischen Interferenzen\",\"breadcrumb\":{\"@id\":\"https:\\\/\\\/premiumline-cabling.com\\\/de\\\/product\\\/fiber-optic-patch-cord\\\/#breadcrumb\"},\"inLanguage\":\"de\",\"potentialAction\":[{\"@type\":\"ReadAction\",\"target\":[\"https:\\\/\\\/premiumline-cabling.com\\\/de\\\/product\\\/fiber-optic-patch-cord\\\/\"]}]},{\"@type\":\"ImageObject\",\"inLanguage\":\"de\",\"@id\":\"https:\\\/\\\/premiumline-cabling.com\\\/de\\\/product\\\/fiber-optic-patch-cord\\\/#primaryimage\",\"url\":\"https:\\\/\\\/premiumline-cabling.com\\\/wp-content\\\/uploads\\\/2019\\\/02\\\/img_PL_Fiber-Optic-Patch-Cord.jpg\",\"contentUrl\":\"https:\\\/\\\/premiumline-cabling.com\\\/wp-content\\\/uploads\\\/2019\\\/02\\\/img_PL_Fiber-Optic-Patch-Cord.jpg\",\"width\":300,\"height\":150},{\"@type\":\"BreadcrumbList\",\"@id\":\"https:\\\/\\\/premiumline-cabling.com\\\/de\\\/product\\\/fiber-optic-patch-cord\\\/#breadcrumb\",\"itemListElement\":[{\"@type\":\"ListItem\",\"position\":1,\"name\":\"\u0413\u043b\u0430\u0432\u043d\u0430\u044f \u0441\u0442\u0440\u0430\u043d\u0438\u0446\u0430\",\"item\":\"https:\\\/\\\/premiumline-cabling.com\\\/de\\\/\"},{\"@type\":\"ListItem\",\"position\":2,\"name\":\"Glasfaserpatchkabel MM\"}]},{\"@type\":\"WebSite\",\"@id\":\"https:\\\/\\\/premiumline-cabling.com\\\/#website\",\"url\":\"https:\\\/\\\/premiumline-cabling.com\\\/\",\"name\":\"Premium-Line\",\"description\":\"Structured Cabling System\",\"publisher\":{\"@id\":\"https:\\\/\\\/premiumline-cabling.com\\\/#organization\"},\"potentialAction\":[{\"@type\":\"SearchAction\",\"target\":{\"@type\":\"EntryPoint\",\"urlTemplate\":\"https:\\\/\\\/premiumline-cabling.com\\\/?s={search_term_string}\"},\"query-input\":{\"@type\":\"PropertyValueSpecification\",\"valueRequired\":true,\"valueName\":\"search_term_string\"}}],\"inLanguage\":\"de\"},{\"@type\":\"Organization\",\"@id\":\"https:\\\/\\\/premiumline-cabling.com\\\/#organization\",\"name\":\"Premium-Line\",\"url\":\"https:\\\/\\\/premiumline-cabling.com\\\/\",\"logo\":{\"@type\":\"ImageObject\",\"inLanguage\":\"de\",\"@id\":\"https:\\\/\\\/premiumline-cabling.com\\\/#\\\/schema\\\/logo\\\/image\\\/\",\"url\":\"https:\\\/\\\/premiumline-cabling.com\\\/wp-content\\\/uploads\\\/2019\\\/04\\\/cropped-img_logo_site_Premium-Line.png\",\"contentUrl\":\"https:\\\/\\\/premiumline-cabling.com\\\/wp-content\\\/uploads\\\/2019\\\/04\\\/cropped-img_logo_site_Premium-Line.png\",\"width\":190,\"height\":62,\"caption\":\"Premium-Line\"},\"image\":{\"@id\":\"https:\\\/\\\/premiumline-cabling.com\\\/#\\\/schema\\\/logo\\\/image\\\/\"}}]}<\/script>\n<!-- \/ Yoast SEO plugin. -->","yoast_head_json":{"title":"Multimode Glasfaserpatchkabel","description":"ITU-T G.651 konform, Stecker entsprechen IEC60874 und IEC61754, 100%-ige Immunit\u00e4t gegen\u00fcber elektrischen Interferenzen","robots":{"index":"index","follow":"follow","max-snippet":"max-snippet:-1","max-image-preview":"max-image-preview:large","max-video-preview":"max-video-preview:-1"},"canonical":"https:\/\/premiumline-cabling.com\/de\/product\/fiber-optic-patch-cord\/","og_locale":"de_DE","og_type":"article","og_title":"Multimode Glasfaserpatchkabel","og_description":"ITU-T G.651 konform, Stecker entsprechen IEC60874 und IEC61754, 100%-ige Immunit\u00e4t gegen\u00fcber elektrischen Interferenzen","og_url":"https:\/\/premiumline-cabling.com\/de\/product\/fiber-optic-patch-cord\/","og_site_name":"Premium-Line","article_modified_time":"2022-06-10T07:10:41+00:00","og_image":[{"width":300,"height":150,"url":"https:\/\/premiumline-cabling.com\/wp-content\/uploads\/2019\/02\/img_PL_Fiber-Optic-Patch-Cord.jpg","type":"image\/jpeg"}],"twitter_card":"summary_large_image","twitter_misc":{"Gesch\u00e4tzte Lesezeit":"2\u00a0Minuten"},"schema":{"@context":"https:\/\/schema.org","@graph":[{"@type":"WebPage","@id":"https:\/\/premiumline-cabling.com\/de\/product\/fiber-optic-patch-cord\/","url":"https:\/\/premiumline-cabling.com\/de\/product\/fiber-optic-patch-cord\/","name":"Multimode Glasfaserpatchkabel","isPartOf":{"@id":"https:\/\/premiumline-cabling.com\/#website"},"primaryImageOfPage":{"@id":"https:\/\/premiumline-cabling.com\/de\/product\/fiber-optic-patch-cord\/#primaryimage"},"image":{"@id":"https:\/\/premiumline-cabling.com\/de\/product\/fiber-optic-patch-cord\/#primaryimage"},"thumbnailUrl":"https:\/\/premiumline-cabling.com\/wp-content\/uploads\/2019\/02\/img_PL_Fiber-Optic-Patch-Cord.jpg","datePublished":"2019-02-03T19:41:43+00:00","dateModified":"2022-06-10T07:10:41+00:00","description":"ITU-T G.651 konform, Stecker entsprechen IEC60874 und IEC61754, 100%-ige Immunit\u00e4t gegen\u00fcber elektrischen Interferenzen","breadcrumb":{"@id":"https:\/\/premiumline-cabling.com\/de\/product\/fiber-optic-patch-cord\/#breadcrumb"},"inLanguage":"de","potentialAction":[{"@type":"ReadAction","target":["https:\/\/premiumline-cabling.com\/de\/product\/fiber-optic-patch-cord\/"]}]},{"@type":"ImageObject","inLanguage":"de","@id":"https:\/\/premiumline-cabling.com\/de\/product\/fiber-optic-patch-cord\/#primaryimage","url":"https:\/\/premiumline-cabling.com\/wp-content\/uploads\/2019\/02\/img_PL_Fiber-Optic-Patch-Cord.jpg","contentUrl":"https:\/\/premiumline-cabling.com\/wp-content\/uploads\/2019\/02\/img_PL_Fiber-Optic-Patch-Cord.jpg","width":300,"height":150},{"@type":"BreadcrumbList","@id":"https:\/\/premiumline-cabling.com\/de\/product\/fiber-optic-patch-cord\/#breadcrumb","itemListElement":[{"@type":"ListItem","position":1,"name":"\u0413\u043b\u0430\u0432\u043d\u0430\u044f \u0441\u0442\u0440\u0430\u043d\u0438\u0446\u0430","item":"https:\/\/premiumline-cabling.com\/de\/"},{"@type":"ListItem","position":2,"name":"Glasfaserpatchkabel MM"}]},{"@type":"WebSite","@id":"https:\/\/premiumline-cabling.com\/#website","url":"https:\/\/premiumline-cabling.com\/","name":"Premium-Line","description":"Structured Cabling System","publisher":{"@id":"https:\/\/premiumline-cabling.com\/#organization"},"potentialAction":[{"@type":"SearchAction","target":{"@type":"EntryPoint","urlTemplate":"https:\/\/premiumline-cabling.com\/?s={search_term_string}"},"query-input":{"@type":"PropertyValueSpecification","valueRequired":true,"valueName":"search_term_string"}}],"inLanguage":"de"},{"@type":"Organization","@id":"https:\/\/premiumline-cabling.com\/#organization","name":"Premium-Line","url":"https:\/\/premiumline-cabling.com\/","logo":{"@type":"ImageObject","inLanguage":"de","@id":"https:\/\/premiumline-cabling.com\/#\/schema\/logo\/image\/","url":"https:\/\/premiumline-cabling.com\/wp-content\/uploads\/2019\/04\/cropped-img_logo_site_Premium-Line.png","contentUrl":"https:\/\/premiumline-cabling.com\/wp-content\/uploads\/2019\/04\/cropped-img_logo_site_Premium-Line.png","width":190,"height":62,"caption":"Premium-Line"},"image":{"@id":"https:\/\/premiumline-cabling.com\/#\/schema\/logo\/image\/"}}]}},"_links":{"self":[{"href":"https:\/\/premiumline-cabling.com\/de\/wp-json\/wp\/v2\/product\/15356","targetHints":{"allow":["GET"]}}],"collection":[{"href":"https:\/\/premiumline-cabling.com\/de\/wp-json\/wp\/v2\/product"}],"about":[{"href":"https:\/\/premiumline-cabling.com\/de\/wp-json\/wp\/v2\/types\/product"}],"wp:featuredmedia":[{"embeddable":true,"href":"https:\/\/premiumline-cabling.com\/de\/wp-json\/wp\/v2\/media\/8151"}],"wp:attachment":[{"href":"https:\/\/premiumline-cabling.com\/de\/wp-json\/wp\/v2\/media?parent=15356"}],"wp:term":[{"taxonomy":"product_category","embeddable":true,"href":"https:\/\/premiumline-cabling.com\/de\/wp-json\/wp\/v2\/product_category?post=15356"}],"curies":[{"name":"wp","href":"https:\/\/api.w.org\/{rel}","templated":true}]}}