{"id":15344,"date":"2019-02-03T15:02:47","date_gmt":"2019-02-03T14:02:47","guid":{"rendered":"https:\/\/www.premiumline-cabling.com\/product\/12-pack-pigtail\/"},"modified":"2022-06-06T18:03:46","modified_gmt":"2022-06-06T17:03:46","slug":"12-pack-pigtail","status":"publish","type":"product","link":"https:\/\/premiumline-cabling.com\/de\/product\/12-pack-pigtail\/","title":{"rendered":"Glasfaser 12 Faser pigtail"},"content":{"rendered":"<h3 class=\"bodytext\"><\/h3>\n<h3>EIGENSCHAFTEN:<a href=\"https:\/\/premiumline-cabling.com\/wp-content\/uploads\/2019\/02\/img_PL_12-Pack-Pigtail.jpg\"><noscript><img decoding=\"async\" class=\"alignright wp-image-624 size-medium\" src=\"https:\/\/premiumline-cabling.com\/wp-content\/uploads\/2019\/02\/img_PL_12-Pack-Pigtail-300x250.jpg\" alt width=\"300\" height=\"250\"><\/noscript><img decoding=\"async\" class=\"alignright wp-image-624 size-medium lazyload\" src=\"data:image\/svg+xml,%3Csvg%20xmlns%3D%22http%3A%2F%2Fwww.w3.org%2F2000%2Fsvg%22%20viewBox%3D%220%200%20300%20250%22%3E%3C%2Fsvg%3E\" alt width=\"300\" height=\"250\" data-src=\"https:\/\/premiumline-cabling.com\/wp-content\/uploads\/2019\/02\/img_PL_12-Pack-Pigtail-300x250.jpg\"><\/a><\/h3>\n<ul>\n<li>entspricht TIA\/EIA-568-B.3 und ISO\/IEC 11801 Spezifikationen f\u00fcr Einspeised\u00e4mpfung<\/li>\n<li>ITU-T G.651\/652D konform<\/li>\n<li>einfache Installation, einfache Identifikation<\/li>\n<li>geringe Einspeised\u00e4mpfung<\/li>\n<li>hohe R\u00fcckflussd\u00e4mpfung<\/li>\n<li>RoHS konform<\/li>\n<\/ul>\n<h3 class=\"bodytext\">ANWENDUNGEN:<\/h3>\n<ul>\n<li>Telekomnetzwerk<\/li>\n<li>CATV<\/li>\n<li>FTTH<\/li>\n<li>Endger\u00e4te<\/li>\n<li>Local Area Network<\/li>\n<li>Testequipment<\/li>\n<\/ul>\n<h3>TYPISCHE PERFORMANCE-WERTE:<\/h3>\n<table width=\"492\">\n<tbody>\n<tr>\n<td colspan=\"2\" width=\"144\">Steckertyp<\/td>\n<td colspan=\"2\" width=\"84\">ST<\/td>\n<td colspan=\"2\" width=\"84\">LC<\/td>\n<td colspan=\"2\" width=\"84\">SC<\/td>\n<td colspan=\"2\" width=\"96\">FC<\/td>\n<\/tr>\n<tr>\n<td colspan=\"2\" width=\"144\">Einf\u00fcged\u00e4mpfung<\/td>\n<td colspan=\"2\" width=\"84\">&lt;0.3dB<\/td>\n<td colspan=\"2\" width=\"84\">&lt;0.3dB<\/td>\n<td colspan=\"2\" width=\"84\">&lt;0.3dB<\/td>\n<td colspan=\"2\" width=\"96\">&lt;0.3dB<\/td>\n<\/tr>\n<tr>\n<td width=\"83\">UPC (SM\/MM)<\/td>\n<td colspan=\"2\" width=\"84\">&gt;50dB\n<p>&gt;40dB<\/p><\/td>\n<td colspan=\"2\" width=\"84\">&gt;50dB\n<p>&gt;40dB<\/p><\/td>\n<td colspan=\"2\" width=\"84\">&gt;50dB\n<p>&gt;40dB<\/p><\/td>\n<td colspan=\"2\" width=\"96\">&gt;50dB\n<p>&gt;40dB<\/p><\/td>\n<\/tr>\n<tr>\n<td colspan=\"2\" width=\"144\">Ansteckverluste\n<p>(1000 times)<\/p><\/td>\n<td colspan=\"2\" width=\"84\">&lt;0.1dB<\/td>\n<td colspan=\"2\" width=\"84\">&lt;0.1dB<\/td>\n<td colspan=\"2\" width=\"84\">&lt;0.1dB<\/td>\n<td colspan=\"2\" width=\"96\">&lt;0.1dB<\/td>\n<\/tr>\n<tr>\n<td colspan=\"2\" width=\"144\">Schlagfestigkeit\n<p>1.5mm drop, 8 times<\/p><\/td>\n<td colspan=\"2\" width=\"84\">&lt;0.1dB<\/td>\n<td colspan=\"2\" width=\"84\">&lt;0.1dB<\/td>\n<td colspan=\"2\" width=\"84\">&lt;0.1dB<\/td>\n<td colspan=\"2\" width=\"96\">&lt;0.1dB<\/td>\n<\/tr>\n<tr>\n<td colspan=\"2\" width=\"144\">Arbeitstemperatur<\/td>\n<td colspan=\"2\" width=\"84\">-40\u2103~80\u2103<\/td>\n<td colspan=\"2\" width=\"84\">-40\u2103~80\u2103<\/td>\n<td colspan=\"2\" width=\"84\">-40\u2103~80\u2103<\/td>\n<td colspan=\"2\" width=\"96\">-40\u2103~80\u2103<\/td>\n<\/tr>\n<\/tbody>\n<\/table>\n<h3>FARBCODE:<\/h3>\n<p><noscript><img decoding=\"async\" class=\"aligncenter wp-image-15346 size-full\" src=\"https:\/\/premiumline-cabling.com\/wp-content\/uploads\/2019\/02\/FO-Pigtail-fiber-code-de.jpg\" alt width=\"654\" height=\"91\" srcset=\"https:\/\/premiumline-cabling.com\/wp-content\/uploads\/2019\/02\/FO-Pigtail-fiber-code-de.jpg 654w, https:\/\/premiumline-cabling.com\/wp-content\/uploads\/2019\/02\/FO-Pigtail-fiber-code-de-300x42.jpg 300w\" sizes=\"(max-width: 654px) 100vw, 654px\"><\/noscript><img decoding=\"async\" class=\"aligncenter wp-image-15346 size-full lazyload\" src=\"data:image\/svg+xml,%3Csvg%20xmlns%3D%22http%3A%2F%2Fwww.w3.org%2F2000%2Fsvg%22%20viewBox%3D%220%200%20654%2091%22%3E%3C%2Fsvg%3E\" alt width=\"654\" height=\"91\" srcset=\"data:image\/svg+xml,%3Csvg%20xmlns%3D%22http%3A%2F%2Fwww.w3.org%2F2000%2Fsvg%22%20viewBox%3D%220%200%20654%2091%22%3E%3C%2Fsvg%3E 654w\" sizes=\"(max-width: 654px) 100vw, 654px\" data-srcset=\"https:\/\/premiumline-cabling.com\/wp-content\/uploads\/2019\/02\/FO-Pigtail-fiber-code-de.jpg 654w, https:\/\/premiumline-cabling.com\/wp-content\/uploads\/2019\/02\/FO-Pigtail-fiber-code-de-300x42.jpg 300w\" data-src=\"https:\/\/premiumline-cabling.com\/wp-content\/uploads\/2019\/02\/FO-Pigtail-fiber-code-de.jpg\"><\/p>\n<h3>BESTELLINFORMATION:<\/h3>\n<table>\n<tbody>\n<tr>\n<td width=\"132\">Art.Nr.<\/td>\n<td width=\"491\">22wxy3zzz<\/td>\n<\/tr>\n<tr>\n<td width=\"132\">Bezeichnung<\/td>\n<td width=\"491\">Premium-Line Glasfaser, 12 Faser pigtail, 900\u00b5m<\/td>\n<\/tr>\n<tr>\n<td width=\"132\">w, Mode<\/td>\n<td width=\"491\">1: 62.5\/125&nbsp;&nbsp; 2: 50\/125&nbsp;&nbsp;&nbsp; 3: 9\/125&nbsp;&nbsp;&nbsp;&nbsp; 4: OM3<\/td>\n<\/tr>\n<tr>\n<td width=\"132\">x, Mantel<\/td>\n<td width=\"491\">5: PVC&nbsp;&nbsp;&nbsp;&nbsp; 6: LSOH<\/td>\n<\/tr>\n<tr>\n<td width=\"132\">y, Steckertyp<\/td>\n<td width=\"491\">1: SC\/UPC&nbsp; 2: ST\/UPC&nbsp; 3: FC\/UPC&nbsp; 4: LC\/UPC&nbsp;&nbsp; &nbsp;6: SC\/APC&nbsp; 7: ST\/APC&nbsp; 8: FC\/APC&nbsp; 9: LC\/APC<\/td>\n<\/tr>\n<tr>\n<td width=\"132\">zzz, L\u00e4nge<\/td>\n<td width=\"491\">010: 1.0m &nbsp;&nbsp;&nbsp;100: 10m &nbsp;&nbsp;&nbsp;001: 100m<\/td>\n<\/tr>\n<\/tbody>\n<\/table>\n<h3><span style=\"color: #a13737;\"><strong><u>F\u00fcr mehr Informationen klicken Sie auf das \u201e+\u201c<\/u><\/strong><\/span><\/h3>\n","protected":false},"featured_media":8139,"template":"","product_category":[311],"class_list":["post-15344","product","type-product","status-publish","has-post-thumbnail","hentry","product_category-connectivity"],"yoast_head":"<!-- This site is optimized with the Yoast SEO plugin v27.4 - https:\/\/yoast.com\/product\/yoast-seo-wordpress\/ -->\n<title>Premium-Line Glasfaser, 12 Faser pigtail, 900\u00b5m<\/title>\n<meta name=\"description\" content=\"Einfache Installation, einfache Identifikation, geringe Einspeised\u00e4mpfung, hohe R\u00fcckflussd\u00e4mpfung, ITU-T G.651\/652D konform\" \/>\n<meta name=\"robots\" content=\"index, follow, max-snippet:-1, max-image-preview:large, max-video-preview:-1\" \/>\n<link rel=\"canonical\" href=\"https:\/\/premiumline-cabling.com\/de\/product\/12-pack-pigtail\/\" \/>\n<meta property=\"og:locale\" content=\"de_DE\" \/>\n<meta property=\"og:type\" content=\"article\" \/>\n<meta property=\"og:title\" content=\"Premium-Line Glasfaser, 12 Faser pigtail, 900\u00b5m\" \/>\n<meta property=\"og:description\" content=\"Einfache Installation, einfache Identifikation, geringe Einspeised\u00e4mpfung, hohe R\u00fcckflussd\u00e4mpfung, ITU-T G.651\/652D konform\" \/>\n<meta property=\"og:url\" content=\"https:\/\/premiumline-cabling.com\/de\/product\/12-pack-pigtail\/\" \/>\n<meta property=\"og:site_name\" content=\"Premium-Line\" \/>\n<meta property=\"article:modified_time\" content=\"2022-06-06T17:03:46+00:00\" \/>\n<meta property=\"og:image\" content=\"https:\/\/premiumline-cabling.com\/wp-content\/uploads\/2019\/02\/img_PL_12-Pack-Pigtail_1.jpg\" \/>\n\t<meta property=\"og:image:width\" content=\"283\" \/>\n\t<meta property=\"og:image:height\" content=\"220\" \/>\n\t<meta property=\"og:image:type\" content=\"image\/jpeg\" \/>\n<meta name=\"twitter:card\" content=\"summary_large_image\" \/>\n<meta name=\"twitter:label1\" content=\"Gesch\u00e4tzte Lesezeit\" \/>\n\t<meta name=\"twitter:data1\" content=\"2\u00a0Minuten\" \/>\n<script type=\"application\/ld+json\" class=\"yoast-schema-graph\">{\"@context\":\"https:\\\/\\\/schema.org\",\"@graph\":[{\"@type\":\"WebPage\",\"@id\":\"https:\\\/\\\/premiumline-cabling.com\\\/de\\\/product\\\/12-pack-pigtail\\\/\",\"url\":\"https:\\\/\\\/premiumline-cabling.com\\\/de\\\/product\\\/12-pack-pigtail\\\/\",\"name\":\"Premium-Line Glasfaser, 12 Faser pigtail, 900\u00b5m\",\"isPartOf\":{\"@id\":\"https:\\\/\\\/premiumline-cabling.com\\\/#website\"},\"primaryImageOfPage\":{\"@id\":\"https:\\\/\\\/premiumline-cabling.com\\\/de\\\/product\\\/12-pack-pigtail\\\/#primaryimage\"},\"image\":{\"@id\":\"https:\\\/\\\/premiumline-cabling.com\\\/de\\\/product\\\/12-pack-pigtail\\\/#primaryimage\"},\"thumbnailUrl\":\"https:\\\/\\\/premiumline-cabling.com\\\/wp-content\\\/uploads\\\/2019\\\/02\\\/img_PL_12-Pack-Pigtail_1.jpg\",\"datePublished\":\"2019-02-03T14:02:47+00:00\",\"dateModified\":\"2022-06-06T17:03:46+00:00\",\"description\":\"Einfache Installation, einfache Identifikation, geringe Einspeised\u00e4mpfung, hohe R\u00fcckflussd\u00e4mpfung, ITU-T G.651\\\/652D konform\",\"breadcrumb\":{\"@id\":\"https:\\\/\\\/premiumline-cabling.com\\\/de\\\/product\\\/12-pack-pigtail\\\/#breadcrumb\"},\"inLanguage\":\"de\",\"potentialAction\":[{\"@type\":\"ReadAction\",\"target\":[\"https:\\\/\\\/premiumline-cabling.com\\\/de\\\/product\\\/12-pack-pigtail\\\/\"]}]},{\"@type\":\"ImageObject\",\"inLanguage\":\"de\",\"@id\":\"https:\\\/\\\/premiumline-cabling.com\\\/de\\\/product\\\/12-pack-pigtail\\\/#primaryimage\",\"url\":\"https:\\\/\\\/premiumline-cabling.com\\\/wp-content\\\/uploads\\\/2019\\\/02\\\/img_PL_12-Pack-Pigtail_1.jpg\",\"contentUrl\":\"https:\\\/\\\/premiumline-cabling.com\\\/wp-content\\\/uploads\\\/2019\\\/02\\\/img_PL_12-Pack-Pigtail_1.jpg\",\"width\":283,\"height\":220},{\"@type\":\"BreadcrumbList\",\"@id\":\"https:\\\/\\\/premiumline-cabling.com\\\/de\\\/product\\\/12-pack-pigtail\\\/#breadcrumb\",\"itemListElement\":[{\"@type\":\"ListItem\",\"position\":1,\"name\":\"\u0413\u043b\u0430\u0432\u043d\u0430\u044f \u0441\u0442\u0440\u0430\u043d\u0438\u0446\u0430\",\"item\":\"https:\\\/\\\/premiumline-cabling.com\\\/de\\\/\"},{\"@type\":\"ListItem\",\"position\":2,\"name\":\"Glasfaser 12 Faser pigtail\"}]},{\"@type\":\"WebSite\",\"@id\":\"https:\\\/\\\/premiumline-cabling.com\\\/#website\",\"url\":\"https:\\\/\\\/premiumline-cabling.com\\\/\",\"name\":\"Premium-Line\",\"description\":\"Structured Cabling System\",\"publisher\":{\"@id\":\"https:\\\/\\\/premiumline-cabling.com\\\/#organization\"},\"potentialAction\":[{\"@type\":\"SearchAction\",\"target\":{\"@type\":\"EntryPoint\",\"urlTemplate\":\"https:\\\/\\\/premiumline-cabling.com\\\/?s={search_term_string}\"},\"query-input\":{\"@type\":\"PropertyValueSpecification\",\"valueRequired\":true,\"valueName\":\"search_term_string\"}}],\"inLanguage\":\"de\"},{\"@type\":\"Organization\",\"@id\":\"https:\\\/\\\/premiumline-cabling.com\\\/#organization\",\"name\":\"Premium-Line\",\"url\":\"https:\\\/\\\/premiumline-cabling.com\\\/\",\"logo\":{\"@type\":\"ImageObject\",\"inLanguage\":\"de\",\"@id\":\"https:\\\/\\\/premiumline-cabling.com\\\/#\\\/schema\\\/logo\\\/image\\\/\",\"url\":\"https:\\\/\\\/premiumline-cabling.com\\\/wp-content\\\/uploads\\\/2019\\\/04\\\/cropped-img_logo_site_Premium-Line.png\",\"contentUrl\":\"https:\\\/\\\/premiumline-cabling.com\\\/wp-content\\\/uploads\\\/2019\\\/04\\\/cropped-img_logo_site_Premium-Line.png\",\"width\":190,\"height\":62,\"caption\":\"Premium-Line\"},\"image\":{\"@id\":\"https:\\\/\\\/premiumline-cabling.com\\\/#\\\/schema\\\/logo\\\/image\\\/\"}}]}<\/script>\n<!-- \/ Yoast SEO plugin. -->","yoast_head_json":{"title":"Premium-Line Glasfaser, 12 Faser pigtail, 900\u00b5m","description":"Einfache Installation, einfache Identifikation, geringe Einspeised\u00e4mpfung, hohe R\u00fcckflussd\u00e4mpfung, ITU-T G.651\/652D konform","robots":{"index":"index","follow":"follow","max-snippet":"max-snippet:-1","max-image-preview":"max-image-preview:large","max-video-preview":"max-video-preview:-1"},"canonical":"https:\/\/premiumline-cabling.com\/de\/product\/12-pack-pigtail\/","og_locale":"de_DE","og_type":"article","og_title":"Premium-Line Glasfaser, 12 Faser pigtail, 900\u00b5m","og_description":"Einfache Installation, einfache Identifikation, geringe Einspeised\u00e4mpfung, hohe R\u00fcckflussd\u00e4mpfung, ITU-T G.651\/652D konform","og_url":"https:\/\/premiumline-cabling.com\/de\/product\/12-pack-pigtail\/","og_site_name":"Premium-Line","article_modified_time":"2022-06-06T17:03:46+00:00","og_image":[{"width":283,"height":220,"url":"https:\/\/premiumline-cabling.com\/wp-content\/uploads\/2019\/02\/img_PL_12-Pack-Pigtail_1.jpg","type":"image\/jpeg"}],"twitter_card":"summary_large_image","twitter_misc":{"Gesch\u00e4tzte Lesezeit":"2\u00a0Minuten"},"schema":{"@context":"https:\/\/schema.org","@graph":[{"@type":"WebPage","@id":"https:\/\/premiumline-cabling.com\/de\/product\/12-pack-pigtail\/","url":"https:\/\/premiumline-cabling.com\/de\/product\/12-pack-pigtail\/","name":"Premium-Line Glasfaser, 12 Faser pigtail, 900\u00b5m","isPartOf":{"@id":"https:\/\/premiumline-cabling.com\/#website"},"primaryImageOfPage":{"@id":"https:\/\/premiumline-cabling.com\/de\/product\/12-pack-pigtail\/#primaryimage"},"image":{"@id":"https:\/\/premiumline-cabling.com\/de\/product\/12-pack-pigtail\/#primaryimage"},"thumbnailUrl":"https:\/\/premiumline-cabling.com\/wp-content\/uploads\/2019\/02\/img_PL_12-Pack-Pigtail_1.jpg","datePublished":"2019-02-03T14:02:47+00:00","dateModified":"2022-06-06T17:03:46+00:00","description":"Einfache Installation, einfache Identifikation, geringe Einspeised\u00e4mpfung, hohe R\u00fcckflussd\u00e4mpfung, ITU-T G.651\/652D konform","breadcrumb":{"@id":"https:\/\/premiumline-cabling.com\/de\/product\/12-pack-pigtail\/#breadcrumb"},"inLanguage":"de","potentialAction":[{"@type":"ReadAction","target":["https:\/\/premiumline-cabling.com\/de\/product\/12-pack-pigtail\/"]}]},{"@type":"ImageObject","inLanguage":"de","@id":"https:\/\/premiumline-cabling.com\/de\/product\/12-pack-pigtail\/#primaryimage","url":"https:\/\/premiumline-cabling.com\/wp-content\/uploads\/2019\/02\/img_PL_12-Pack-Pigtail_1.jpg","contentUrl":"https:\/\/premiumline-cabling.com\/wp-content\/uploads\/2019\/02\/img_PL_12-Pack-Pigtail_1.jpg","width":283,"height":220},{"@type":"BreadcrumbList","@id":"https:\/\/premiumline-cabling.com\/de\/product\/12-pack-pigtail\/#breadcrumb","itemListElement":[{"@type":"ListItem","position":1,"name":"\u0413\u043b\u0430\u0432\u043d\u0430\u044f \u0441\u0442\u0440\u0430\u043d\u0438\u0446\u0430","item":"https:\/\/premiumline-cabling.com\/de\/"},{"@type":"ListItem","position":2,"name":"Glasfaser 12 Faser pigtail"}]},{"@type":"WebSite","@id":"https:\/\/premiumline-cabling.com\/#website","url":"https:\/\/premiumline-cabling.com\/","name":"Premium-Line","description":"Structured Cabling System","publisher":{"@id":"https:\/\/premiumline-cabling.com\/#organization"},"potentialAction":[{"@type":"SearchAction","target":{"@type":"EntryPoint","urlTemplate":"https:\/\/premiumline-cabling.com\/?s={search_term_string}"},"query-input":{"@type":"PropertyValueSpecification","valueRequired":true,"valueName":"search_term_string"}}],"inLanguage":"de"},{"@type":"Organization","@id":"https:\/\/premiumline-cabling.com\/#organization","name":"Premium-Line","url":"https:\/\/premiumline-cabling.com\/","logo":{"@type":"ImageObject","inLanguage":"de","@id":"https:\/\/premiumline-cabling.com\/#\/schema\/logo\/image\/","url":"https:\/\/premiumline-cabling.com\/wp-content\/uploads\/2019\/04\/cropped-img_logo_site_Premium-Line.png","contentUrl":"https:\/\/premiumline-cabling.com\/wp-content\/uploads\/2019\/04\/cropped-img_logo_site_Premium-Line.png","width":190,"height":62,"caption":"Premium-Line"},"image":{"@id":"https:\/\/premiumline-cabling.com\/#\/schema\/logo\/image\/"}}]}},"_links":{"self":[{"href":"https:\/\/premiumline-cabling.com\/de\/wp-json\/wp\/v2\/product\/15344","targetHints":{"allow":["GET"]}}],"collection":[{"href":"https:\/\/premiumline-cabling.com\/de\/wp-json\/wp\/v2\/product"}],"about":[{"href":"https:\/\/premiumline-cabling.com\/de\/wp-json\/wp\/v2\/types\/product"}],"wp:featuredmedia":[{"embeddable":true,"href":"https:\/\/premiumline-cabling.com\/de\/wp-json\/wp\/v2\/media\/8139"}],"wp:attachment":[{"href":"https:\/\/premiumline-cabling.com\/de\/wp-json\/wp\/v2\/media?parent=15344"}],"wp:term":[{"taxonomy":"product_category","embeddable":true,"href":"https:\/\/premiumline-cabling.com\/de\/wp-json\/wp\/v2\/product_category?post=15344"}],"curies":[{"name":"wp","href":"https:\/\/api.w.org\/{rel}","templated":true}]}}