{"id":15335,"date":"2022-02-08T08:04:10","date_gmt":"2022-02-08T07:04:10","guid":{"rendered":"https:\/\/www.premiumline-cabling.com\/product\/fiber-optic-pigtail-mm\/"},"modified":"2022-06-06T17:51:34","modified_gmt":"2022-06-06T16:51:34","slug":"fiber-optic-pigtail-mm","status":"publish","type":"product","link":"https:\/\/premiumline-cabling.com\/de\/product\/fiber-optic-pigtail-mm\/","title":{"rendered":"Glasfaser Pigtail MM"},"content":{"rendered":"<h3><noscript><img decoding=\"async\" class=\"size-medium wp-image-15337 alignright\" src=\"https:\/\/premiumline-cabling.com\/wp-content\/uploads\/2022\/02\/FO-Pigtail-MM-300x171.jpg\" alt width=\"300\" height=\"171\" srcset=\"https:\/\/premiumline-cabling.com\/wp-content\/uploads\/2022\/02\/FO-Pigtail-MM-300x171.jpg 300w, https:\/\/premiumline-cabling.com\/wp-content\/uploads\/2022\/02\/FO-Pigtail-MM-768x439.jpg 768w, https:\/\/premiumline-cabling.com\/wp-content\/uploads\/2022\/02\/FO-Pigtail-MM.jpg 800w\" sizes=\"(max-width: 300px) 100vw, 300px\"><\/noscript><img decoding=\"async\" class=\"size-medium wp-image-15337 alignright lazyload\" src=\"data:image\/svg+xml,%3Csvg%20xmlns%3D%22http%3A%2F%2Fwww.w3.org%2F2000%2Fsvg%22%20viewBox%3D%220%200%20300%20171%22%3E%3C%2Fsvg%3E\" alt width=\"300\" height=\"171\" srcset=\"data:image\/svg+xml,%3Csvg%20xmlns%3D%22http%3A%2F%2Fwww.w3.org%2F2000%2Fsvg%22%20viewBox%3D%220%200%20300%20171%22%3E%3C%2Fsvg%3E 300w\" sizes=\"(max-width: 300px) 100vw, 300px\" data-srcset=\"https:\/\/premiumline-cabling.com\/wp-content\/uploads\/2022\/02\/FO-Pigtail-MM-300x171.jpg 300w, https:\/\/premiumline-cabling.com\/wp-content\/uploads\/2022\/02\/FO-Pigtail-MM-768x439.jpg 768w, https:\/\/premiumline-cabling.com\/wp-content\/uploads\/2022\/02\/FO-Pigtail-MM.jpg 800w\" data-src=\"https:\/\/premiumline-cabling.com\/wp-content\/uploads\/2022\/02\/FO-Pigtail-MM-300x171.jpg\">EIGENSCHAFTEN:<\/h3>\n<ul>\n<li>entspricht der TIA\/EIA-568-B.3 und ISO\/IEC 11801 Spezifikationen f\u00fcr Einf\u00fcged\u00e4mpfung<\/li>\n<li>ITU-T G.651 konform<\/li>\n<li>100% Immunit\u00e4t gegen\u00fcber elektrischen Interferenzen<\/li>\n<li>ultra polierte Stecker<\/li>\n<li>geringe Einf\u00fcged\u00e4mpfung<\/li>\n<li>hohe R\u00fcckflu\u00dfd\u00e4mpfung<\/li>\n<li>OM1 62.5\/125um in Wei\u00df, OM2 50\/125um in Orange, OM3 in Aqua und OM4 in Violett, OM5 in Limettengr\u00fcn<\/li>\n<li>RoHS konform<\/li>\n<\/ul>\n<h3>ANWENDUNGEN:<\/h3>\n<ul>\n<li>Telekom-Netzwerk<\/li>\n<li>CATV<\/li>\n<li>FTTH<\/li>\n<li>Endger\u00e4te<\/li>\n<li>Local Area Network<\/li>\n<li>Testequipment<\/li>\n<\/ul>\n<h3>TYPISCHE PERFORMANCE-WERTE:<\/h3>\n<table width=\"588\">\n<tbody>\n<tr>\n<td width=\"144\">Steckertyp<\/td>\n<td width=\"84\">ST\/UPC<\/td>\n<td width=\"84\">LC\/UPC<\/td>\n<td width=\"84\">SC\/UPC<\/td>\n<td width=\"96\">FC\/UPC<\/td>\n<td width=\"96\">MTRJ\/UPC<\/td>\n<\/tr>\n<tr>\n<td width=\"144\">Einf\u00fcged\u00e4mpfung<\/td>\n<td width=\"84\">\u22640.3dB<\/td>\n<td width=\"84\">\u22640.3dB<\/td>\n<td width=\"84\">\u22640.3dB<\/td>\n<td width=\"96\">\u22640.3dB<\/td>\n<td width=\"96\">\u22640.3dB<\/td>\n<\/tr>\n<tr>\n<td width=\"144\">R\u00fcckflu\u00dfd\u00e4mpfung<\/td>\n<td width=\"84\">\u226540dB<\/td>\n<td width=\"84\">\u226540dB<\/td>\n<td width=\"84\">\u226540dB<\/td>\n<td width=\"96\">\u226540dB<\/td>\n<td width=\"96\">\u226540dB<\/td>\n<\/tr>\n<tr>\n<td width=\"144\">Steckverluste\n<p>(1000 times)<\/p><\/td>\n<td width=\"84\">&lt;0.1dB<\/td>\n<td width=\"84\">&lt;0.1dB<\/td>\n<td width=\"84\">&lt;0.1dB<\/td>\n<td width=\"96\">&lt;0.1dB<\/td>\n<td width=\"96\">&lt;0.1dB<\/td>\n<\/tr>\n<tr>\n<td width=\"144\">Schlagfestigkeit\n<p>(1.5mm drop, 8 times)<\/p><\/td>\n<td width=\"84\">&lt;0.1dB<\/td>\n<td width=\"84\">&lt;0.1dB<\/td>\n<td width=\"84\">&lt;0.1dB<\/td>\n<td width=\"96\">&lt;0.1dB<\/td>\n<td width=\"96\">&lt;0.1dB<\/td>\n<\/tr>\n<tr>\n<td width=\"144\">Arbeitstemperatur<\/td>\n<td width=\"84\">-20\u2103~60\u2103<\/td>\n<td width=\"84\">-20\u2103~60\u2103<\/td>\n<td width=\"84\">-20\u2103~60\u2103<\/td>\n<td width=\"96\">-20\u2103~60\u2103<\/td>\n<td width=\"96\">-20\u2103~60\u2103<\/td>\n<\/tr>\n<\/tbody>\n<\/table>\n<h3>BESTELLINFORMATION:<\/h3>\n<table>\n<tbody>\n<tr>\n<td width=\"132\">Art.Nr.<\/td>\n<td width=\"491\">22uxy3zzz<\/td>\n<\/tr>\n<tr>\n<td width=\"132\">Beschreibung<\/td>\n<td width=\"491\">Premium Line Glasfaser Pigtail, MM, 900\u00b5m, UPC-Schliff<\/td>\n<\/tr>\n<tr>\n<td width=\"132\">u, Mode<\/td>\n<td width=\"491\">1: OM1 62.5\/125&nbsp; &nbsp;2: OM2 50\/125um&nbsp; 4: OM3 50\/125um&nbsp;&nbsp; 9: OM4 50\/125um&nbsp; 8: OM5 50\/125um<\/td>\n<\/tr>\n<tr>\n<td width=\"132\">x, Durchmesser &amp; Mantel<\/td>\n<td width=\"491\">1: 0.9mm PVC&nbsp; &nbsp;3: 0.9mm LSOH<\/td>\n<\/tr>\n<tr>\n<td width=\"132\">y, Steckertyp<\/td>\n<td width=\"491\">1: SC&nbsp; 2: ST&nbsp; 3: FC&nbsp; 4: LC<\/td>\n<\/tr>\n<tr>\n<td width=\"132\">zzz, L\u00e4nge<\/td>\n<td width=\"491\">&nbsp;010: 1m&nbsp;&nbsp;&nbsp; 020: 2m&nbsp;&nbsp;&nbsp; 030: 3m<\/td>\n<\/tr>\n<\/tbody>\n<\/table>\n<h3><span style=\"color: #a13737;\"><strong><u>F\u00fcr mehr Informationen klicken Sie auf das \u201e+\u201c<\/u><\/strong><\/span><\/h3>\n<p>&nbsp;<\/p>\n","protected":false},"featured_media":7843,"template":"","product_category":[311],"class_list":["post-15335","product","type-product","status-publish","has-post-thumbnail","hentry","product_category-connectivity"],"yoast_head":"<!-- This site is optimized with the Yoast SEO plugin v27.2 - https:\/\/yoast.com\/product\/yoast-seo-wordpress\/ -->\n<title>Premium-Line Fiber Optic Pigtail<\/title>\n<meta name=\"description\" content=\"Fiber optic patch cords are suited for equipment jumper cable, cross connects, and work area connections. Read more!\" \/>\n<meta name=\"robots\" content=\"index, follow, max-snippet:-1, max-image-preview:large, max-video-preview:-1\" \/>\n<link rel=\"canonical\" href=\"https:\/\/premiumline-cabling.com\/de\/product\/fiber-optic-pigtail-mm\/\" \/>\n<meta property=\"og:locale\" content=\"de_DE\" \/>\n<meta property=\"og:type\" content=\"article\" \/>\n<meta property=\"og:title\" content=\"Premium-Line Fiber Optic Pigtail\" \/>\n<meta property=\"og:description\" content=\"Fiber optic patch cords are suited for equipment jumper cable, cross connects, and work area connections. Read more!\" \/>\n<meta property=\"og:url\" content=\"https:\/\/premiumline-cabling.com\/de\/product\/fiber-optic-pigtail-mm\/\" \/>\n<meta property=\"og:site_name\" content=\"Premium-Line\" \/>\n<meta property=\"article:modified_time\" content=\"2022-06-06T16:51:34+00:00\" \/>\n<meta property=\"og:image\" content=\"https:\/\/premiumline-cabling.com\/wp-content\/uploads\/2018\/12\/cabel.png\" \/>\n\t<meta property=\"og:image:width\" content=\"542\" \/>\n\t<meta property=\"og:image:height\" content=\"220\" \/>\n\t<meta property=\"og:image:type\" content=\"image\/png\" \/>\n<meta name=\"twitter:card\" content=\"summary_large_image\" \/>\n<meta name=\"twitter:label1\" content=\"Gesch\u00e4tzte Lesezeit\" \/>\n\t<meta name=\"twitter:data1\" content=\"1\u00a0Minute\" \/>\n<script type=\"application\/ld+json\" class=\"yoast-schema-graph\">{\"@context\":\"https:\/\/schema.org\",\"@graph\":[{\"@type\":\"WebPage\",\"@id\":\"https:\/\/premiumline-cabling.com\/de\/product\/fiber-optic-pigtail-mm\/\",\"url\":\"https:\/\/premiumline-cabling.com\/de\/product\/fiber-optic-pigtail-mm\/\",\"name\":\"Premium-Line Fiber Optic Pigtail\",\"isPartOf\":{\"@id\":\"https:\/\/premiumline-cabling.com\/#website\"},\"primaryImageOfPage\":{\"@id\":\"https:\/\/premiumline-cabling.com\/de\/product\/fiber-optic-pigtail-mm\/#primaryimage\"},\"image\":{\"@id\":\"https:\/\/premiumline-cabling.com\/de\/product\/fiber-optic-pigtail-mm\/#primaryimage\"},\"thumbnailUrl\":\"https:\/\/premiumline-cabling.com\/wp-content\/uploads\/2018\/12\/cabel.png\",\"datePublished\":\"2022-02-08T07:04:10+00:00\",\"dateModified\":\"2022-06-06T16:51:34+00:00\",\"description\":\"Fiber optic patch cords are suited for equipment jumper cable, cross connects, and work area connections. Read more!\",\"breadcrumb\":{\"@id\":\"https:\/\/premiumline-cabling.com\/de\/product\/fiber-optic-pigtail-mm\/#breadcrumb\"},\"inLanguage\":\"de\",\"potentialAction\":[{\"@type\":\"ReadAction\",\"target\":[\"https:\/\/premiumline-cabling.com\/de\/product\/fiber-optic-pigtail-mm\/\"]}]},{\"@type\":\"ImageObject\",\"inLanguage\":\"de\",\"@id\":\"https:\/\/premiumline-cabling.com\/de\/product\/fiber-optic-pigtail-mm\/#primaryimage\",\"url\":\"https:\/\/premiumline-cabling.com\/wp-content\/uploads\/2018\/12\/cabel.png\",\"contentUrl\":\"https:\/\/premiumline-cabling.com\/wp-content\/uploads\/2018\/12\/cabel.png\",\"width\":542,\"height\":220},{\"@type\":\"BreadcrumbList\",\"@id\":\"https:\/\/premiumline-cabling.com\/de\/product\/fiber-optic-pigtail-mm\/#breadcrumb\",\"itemListElement\":[{\"@type\":\"ListItem\",\"position\":1,\"name\":\"\u0413\u043b\u0430\u0432\u043d\u0430\u044f \u0441\u0442\u0440\u0430\u043d\u0438\u0446\u0430\",\"item\":\"https:\/\/premiumline-cabling.com\/de\/\"},{\"@type\":\"ListItem\",\"position\":2,\"name\":\"Glasfaser Pigtail MM\"}]},{\"@type\":\"WebSite\",\"@id\":\"https:\/\/premiumline-cabling.com\/#website\",\"url\":\"https:\/\/premiumline-cabling.com\/\",\"name\":\"Premium-Line\",\"description\":\"Structured Cabling System\",\"publisher\":{\"@id\":\"https:\/\/premiumline-cabling.com\/#organization\"},\"potentialAction\":[{\"@type\":\"SearchAction\",\"target\":{\"@type\":\"EntryPoint\",\"urlTemplate\":\"https:\/\/premiumline-cabling.com\/?s={search_term_string}\"},\"query-input\":{\"@type\":\"PropertyValueSpecification\",\"valueRequired\":true,\"valueName\":\"search_term_string\"}}],\"inLanguage\":\"de\"},{\"@type\":\"Organization\",\"@id\":\"https:\/\/premiumline-cabling.com\/#organization\",\"name\":\"Premium-Line\",\"url\":\"https:\/\/premiumline-cabling.com\/\",\"logo\":{\"@type\":\"ImageObject\",\"inLanguage\":\"de\",\"@id\":\"https:\/\/premiumline-cabling.com\/#\/schema\/logo\/image\/\",\"url\":\"https:\/\/premiumline-cabling.com\/wp-content\/uploads\/2019\/04\/cropped-img_logo_site_Premium-Line.png\",\"contentUrl\":\"https:\/\/premiumline-cabling.com\/wp-content\/uploads\/2019\/04\/cropped-img_logo_site_Premium-Line.png\",\"width\":190,\"height\":62,\"caption\":\"Premium-Line\"},\"image\":{\"@id\":\"https:\/\/premiumline-cabling.com\/#\/schema\/logo\/image\/\"}}]}<\/script>\n<!-- \/ Yoast SEO plugin. -->","yoast_head_json":{"title":"Premium-Line Fiber Optic Pigtail","description":"Fiber optic patch cords are suited for equipment jumper cable, cross connects, and work area connections. Read more!","robots":{"index":"index","follow":"follow","max-snippet":"max-snippet:-1","max-image-preview":"max-image-preview:large","max-video-preview":"max-video-preview:-1"},"canonical":"https:\/\/premiumline-cabling.com\/de\/product\/fiber-optic-pigtail-mm\/","og_locale":"de_DE","og_type":"article","og_title":"Premium-Line Fiber Optic Pigtail","og_description":"Fiber optic patch cords are suited for equipment jumper cable, cross connects, and work area connections. Read more!","og_url":"https:\/\/premiumline-cabling.com\/de\/product\/fiber-optic-pigtail-mm\/","og_site_name":"Premium-Line","article_modified_time":"2022-06-06T16:51:34+00:00","og_image":[{"width":542,"height":220,"url":"https:\/\/premiumline-cabling.com\/wp-content\/uploads\/2018\/12\/cabel.png","type":"image\/png"}],"twitter_card":"summary_large_image","twitter_misc":{"Gesch\u00e4tzte Lesezeit":"1\u00a0Minute"},"schema":{"@context":"https:\/\/schema.org","@graph":[{"@type":"WebPage","@id":"https:\/\/premiumline-cabling.com\/de\/product\/fiber-optic-pigtail-mm\/","url":"https:\/\/premiumline-cabling.com\/de\/product\/fiber-optic-pigtail-mm\/","name":"Premium-Line Fiber Optic Pigtail","isPartOf":{"@id":"https:\/\/premiumline-cabling.com\/#website"},"primaryImageOfPage":{"@id":"https:\/\/premiumline-cabling.com\/de\/product\/fiber-optic-pigtail-mm\/#primaryimage"},"image":{"@id":"https:\/\/premiumline-cabling.com\/de\/product\/fiber-optic-pigtail-mm\/#primaryimage"},"thumbnailUrl":"https:\/\/premiumline-cabling.com\/wp-content\/uploads\/2018\/12\/cabel.png","datePublished":"2022-02-08T07:04:10+00:00","dateModified":"2022-06-06T16:51:34+00:00","description":"Fiber optic patch cords are suited for equipment jumper cable, cross connects, and work area connections. Read more!","breadcrumb":{"@id":"https:\/\/premiumline-cabling.com\/de\/product\/fiber-optic-pigtail-mm\/#breadcrumb"},"inLanguage":"de","potentialAction":[{"@type":"ReadAction","target":["https:\/\/premiumline-cabling.com\/de\/product\/fiber-optic-pigtail-mm\/"]}]},{"@type":"ImageObject","inLanguage":"de","@id":"https:\/\/premiumline-cabling.com\/de\/product\/fiber-optic-pigtail-mm\/#primaryimage","url":"https:\/\/premiumline-cabling.com\/wp-content\/uploads\/2018\/12\/cabel.png","contentUrl":"https:\/\/premiumline-cabling.com\/wp-content\/uploads\/2018\/12\/cabel.png","width":542,"height":220},{"@type":"BreadcrumbList","@id":"https:\/\/premiumline-cabling.com\/de\/product\/fiber-optic-pigtail-mm\/#breadcrumb","itemListElement":[{"@type":"ListItem","position":1,"name":"\u0413\u043b\u0430\u0432\u043d\u0430\u044f \u0441\u0442\u0440\u0430\u043d\u0438\u0446\u0430","item":"https:\/\/premiumline-cabling.com\/de\/"},{"@type":"ListItem","position":2,"name":"Glasfaser Pigtail MM"}]},{"@type":"WebSite","@id":"https:\/\/premiumline-cabling.com\/#website","url":"https:\/\/premiumline-cabling.com\/","name":"Premium-Line","description":"Structured Cabling System","publisher":{"@id":"https:\/\/premiumline-cabling.com\/#organization"},"potentialAction":[{"@type":"SearchAction","target":{"@type":"EntryPoint","urlTemplate":"https:\/\/premiumline-cabling.com\/?s={search_term_string}"},"query-input":{"@type":"PropertyValueSpecification","valueRequired":true,"valueName":"search_term_string"}}],"inLanguage":"de"},{"@type":"Organization","@id":"https:\/\/premiumline-cabling.com\/#organization","name":"Premium-Line","url":"https:\/\/premiumline-cabling.com\/","logo":{"@type":"ImageObject","inLanguage":"de","@id":"https:\/\/premiumline-cabling.com\/#\/schema\/logo\/image\/","url":"https:\/\/premiumline-cabling.com\/wp-content\/uploads\/2019\/04\/cropped-img_logo_site_Premium-Line.png","contentUrl":"https:\/\/premiumline-cabling.com\/wp-content\/uploads\/2019\/04\/cropped-img_logo_site_Premium-Line.png","width":190,"height":62,"caption":"Premium-Line"},"image":{"@id":"https:\/\/premiumline-cabling.com\/#\/schema\/logo\/image\/"}}]}},"_links":{"self":[{"href":"https:\/\/premiumline-cabling.com\/de\/wp-json\/wp\/v2\/product\/15335","targetHints":{"allow":["GET"]}}],"collection":[{"href":"https:\/\/premiumline-cabling.com\/de\/wp-json\/wp\/v2\/product"}],"about":[{"href":"https:\/\/premiumline-cabling.com\/de\/wp-json\/wp\/v2\/types\/product"}],"wp:featuredmedia":[{"embeddable":true,"href":"https:\/\/premiumline-cabling.com\/de\/wp-json\/wp\/v2\/media\/7843"}],"wp:attachment":[{"href":"https:\/\/premiumline-cabling.com\/de\/wp-json\/wp\/v2\/media?parent=15335"}],"wp:term":[{"taxonomy":"product_category","embeddable":true,"href":"https:\/\/premiumline-cabling.com\/de\/wp-json\/wp\/v2\/product_category?post=15335"}],"curies":[{"name":"wp","href":"https:\/\/api.w.org\/{rel}","templated":true}]}}