{"id":15326,"date":"2019-02-03T14:55:58","date_gmt":"2019-02-03T13:55:58","guid":{"rendered":"https:\/\/www.premiumline-cabling.com\/product\/fiber-optic-pigtail\/"},"modified":"2022-06-06T17:40:17","modified_gmt":"2022-06-06T16:40:17","slug":"fiber-optic-pigtail","status":"publish","type":"product","link":"https:\/\/premiumline-cabling.com\/de\/product\/fiber-optic-pigtail\/","title":{"rendered":"Glasfaser Pigtail SM"},"content":{"rendered":"<h3>EIGENSCHAFTEN:<noscript><img decoding=\"async\" class=\"size-medium wp-image-15328 alignright\" src=\"https:\/\/premiumline-cabling.com\/wp-content\/uploads\/2019\/02\/FO-Pigtail-SM-300x165.jpg\" alt width=\"300\" height=\"165\" srcset=\"https:\/\/premiumline-cabling.com\/wp-content\/uploads\/2019\/02\/FO-Pigtail-SM-300x165.jpg 300w, https:\/\/premiumline-cabling.com\/wp-content\/uploads\/2019\/02\/FO-Pigtail-SM.jpg 675w\" sizes=\"(max-width: 300px) 100vw, 300px\"><\/noscript><img decoding=\"async\" class=\"size-medium wp-image-15328 alignright lazyload\" src=\"data:image\/svg+xml,%3Csvg%20xmlns%3D%22http%3A%2F%2Fwww.w3.org%2F2000%2Fsvg%22%20viewBox%3D%220%200%20300%20165%22%3E%3C%2Fsvg%3E\" alt width=\"300\" height=\"165\" srcset=\"data:image\/svg+xml,%3Csvg%20xmlns%3D%22http%3A%2F%2Fwww.w3.org%2F2000%2Fsvg%22%20viewBox%3D%220%200%20300%20165%22%3E%3C%2Fsvg%3E 300w\" sizes=\"(max-width: 300px) 100vw, 300px\" data-srcset=\"https:\/\/premiumline-cabling.com\/wp-content\/uploads\/2019\/02\/FO-Pigtail-SM-300x165.jpg 300w, https:\/\/premiumline-cabling.com\/wp-content\/uploads\/2019\/02\/FO-Pigtail-SM.jpg 675w\" data-src=\"https:\/\/premiumline-cabling.com\/wp-content\/uploads\/2019\/02\/FO-Pigtail-SM-300x165.jpg\"><\/h3>\n<ul>\n<li>entspricht der TIA\/EIA-568-B.3 und ISO\/IEC 11801 Spezifikationen f\u00fcr Einspeised\u00e4mpfung<br>\nund R\u00fcckflu\u00dfd\u00e4mpfung<\/li>\n<li>beeinflussungsstabil in der optischen Performance<\/li>\n<li>100% Immunit\u00e4t gegen\u00fcber elektrischen Interferenzen<\/li>\n<li>RoHS konform<\/li>\n<\/ul>\n<h3>ANWENDUNGEN:<\/h3>\n<ul>\n<li>Telekom-Netzwerk<\/li>\n<li>CATV<\/li>\n<li>FTTH<\/li>\n<li>Endger\u00e4te<\/li>\n<li>Local Area Network<\/li>\n<li>Testequipment<\/li>\n<\/ul>\n<h3>TYPISCHE PERFORMANCE-WERTE:<\/h3>\n<table width=\"588\">\n<tbody>\n<tr>\n<td colspan=\"2\" width=\"144\">Steckertyp<\/td>\n<td colspan=\"2\" width=\"84\">ST<\/td>\n<td colspan=\"2\" width=\"84\">LC<\/td>\n<td colspan=\"2\" width=\"84\">SC<\/td>\n<td colspan=\"2\" width=\"96\">FC<\/td>\n<td colspan=\"2\" width=\"96\">MTRJ<\/td>\n<\/tr>\n<tr>\n<td colspan=\"2\" width=\"144\">Einf\u00fcged\u00e4mpfung<\/td>\n<td colspan=\"2\" width=\"84\">\u22640.3dB<\/td>\n<td colspan=\"2\" width=\"84\">\u22640.3dB<\/td>\n<td colspan=\"2\" width=\"84\">\u22640.3dB<\/td>\n<td colspan=\"2\" width=\"96\">\u22640.3dB<\/td>\n<td colspan=\"2\" width=\"96\">\u22640.3dB<\/td>\n<\/tr>\n<tr>\n<td width=\"68\">PC<\/td>\n<td colspan=\"2\" width=\"84\">\u226540dB<\/td>\n<td colspan=\"2\" width=\"84\">\u226540dB<\/td>\n<td colspan=\"2\" width=\"84\">\u226540dB<\/td>\n<td colspan=\"2\" width=\"96\">\u226540dB<\/td>\n<td colspan=\"2\" width=\"96\">\u226540dB<\/td>\n<\/tr>\n<tr>\n<td width=\"68\">UPC<\/td>\n<td colspan=\"2\" width=\"84\">\u226550dB<\/td>\n<td colspan=\"2\" width=\"84\">\u226550dB<\/td>\n<td colspan=\"2\" width=\"84\">\u226550dB<\/td>\n<td colspan=\"2\" width=\"96\">\u226550dB<\/td>\n<td colspan=\"2\" width=\"96\">\u226550dB<\/td>\n<\/tr>\n<tr>\n<td width=\"68\">APC<\/td>\n<td colspan=\"2\" width=\"84\">\u226560dB<\/td>\n<td colspan=\"2\" width=\"84\">\u226560dB<\/td>\n<td colspan=\"2\" width=\"84\">\u226560dB<\/td>\n<td colspan=\"2\" width=\"96\">\u226560dB<\/td>\n<td colspan=\"2\" width=\"96\">\u226560dB<\/td>\n<\/tr>\n<tr>\n<td colspan=\"2\" width=\"144\">Steckverluste\n<p>(1000 Zyklen)<\/p><\/td>\n<td colspan=\"2\" width=\"84\">&lt;0.1dB<\/td>\n<td colspan=\"2\" width=\"84\">&lt;0.1dB<\/td>\n<td colspan=\"2\" width=\"84\">&lt;0.1dB<\/td>\n<td colspan=\"2\" width=\"96\">&lt;0.1dB<\/td>\n<td colspan=\"2\" width=\"96\">&lt;0.1dB<\/td>\n<\/tr>\n<tr>\n<td colspan=\"2\" width=\"144\">Schlagfestigkeit\n<p>1.5mm drop, 8 Zyklen<\/p><\/td>\n<td colspan=\"2\" width=\"84\">&lt;0.1dB<\/td>\n<td colspan=\"2\" width=\"84\">&lt;0.1dB<\/td>\n<td colspan=\"2\" width=\"84\">&lt;0.1dB<\/td>\n<td colspan=\"2\" width=\"96\">&lt;0.1dB<\/td>\n<td colspan=\"2\" width=\"96\">&lt;0.1dB<\/td>\n<\/tr>\n<tr>\n<td colspan=\"2\" width=\"144\">Arbeitstemperatur<\/td>\n<td colspan=\"2\" width=\"84\">-20\u2103~60\u2103<\/td>\n<td colspan=\"2\" width=\"84\">-20\u2103~60\u2103<\/td>\n<td colspan=\"2\" width=\"84\">-20\u2103~60\u2103<\/td>\n<td colspan=\"2\" width=\"96\">-20\u2103~60\u2103<\/td>\n<td colspan=\"2\" width=\"96\">-20\u2103~60\u2103<\/td>\n<\/tr>\n<\/tbody>\n<\/table>\n<h3>BESTELLINFORMATION:<\/h3>\n<table>\n<tbody>\n<tr>\n<td width=\"132\">Art.Nr.<\/td>\n<td width=\"491\">22vwxyzzz<\/td>\n<\/tr>\n<tr>\n<td width=\"132\">Beschreibung<\/td>\n<td width=\"491\">Premium Line Glasfaser pigtail, SM 9\/125um, simplex<\/td>\n<\/tr>\n<tr>\n<td width=\"132\">v, mode<\/td>\n<td width=\"491\">3: G652D&nbsp; &nbsp;&nbsp;6: G657A2<\/td>\n<\/tr>\n<tr>\n<td width=\"132\">w, Durchmesser &amp; Mantel<\/td>\n<td width=\"491\">1: 0.9mm PVC&nbsp; &nbsp;3: 0.9mm LSOH<\/td>\n<\/tr>\n<tr>\n<td width=\"132\">x, Steckertyp<\/td>\n<td width=\"491\">1: SC&nbsp; 2: ST&nbsp; 3: FC&nbsp; 4: LC<\/td>\n<\/tr>\n<tr>\n<td width=\"132\">y, mode<\/td>\n<td width=\"491\">3: UPC&nbsp; 5: APC<\/td>\n<\/tr>\n<tr>\n<td width=\"132\">zzz, L\u00e4nge<\/td>\n<td width=\"491\">010: 1M&nbsp;&nbsp;&nbsp;&nbsp;&nbsp; 020: 2M&nbsp;&nbsp;&nbsp;&nbsp; 030: 3M<\/td>\n<\/tr>\n<\/tbody>\n<\/table>\n<p>Andere L\u00e4ngen sind auf Anfrage verf\u00fcgbar.<\/p>\n<h3><span style=\"color: #a13737;\"><strong><u>F\u00fcr mehr Informationen klicken Sie auf das \u201e+\u201c<\/u><\/strong><\/span><\/h3>\n","protected":false},"featured_media":7843,"template":"","product_category":[311],"class_list":["post-15326","product","type-product","status-publish","has-post-thumbnail","hentry","product_category-connectivity"],"yoast_head":"<!-- This site is optimized with the Yoast SEO plugin v27.3 - https:\/\/yoast.com\/product\/yoast-seo-wordpress\/ -->\n<title>Premium-Line Fiber Optic Pigtail<\/title>\n<meta name=\"description\" content=\"Fiber optic patch cords are suited for equipment jumper cable, cross connects, and work area connections. Read more!\" \/>\n<meta name=\"robots\" content=\"index, follow, max-snippet:-1, max-image-preview:large, max-video-preview:-1\" \/>\n<link rel=\"canonical\" href=\"https:\/\/premiumline-cabling.com\/de\/product\/fiber-optic-pigtail\/\" \/>\n<meta property=\"og:locale\" content=\"de_DE\" \/>\n<meta property=\"og:type\" content=\"article\" \/>\n<meta property=\"og:title\" content=\"Premium-Line Fiber Optic Pigtail\" \/>\n<meta property=\"og:description\" content=\"Fiber optic patch cords are suited for equipment jumper cable, cross connects, and work area connections. Read more!\" \/>\n<meta property=\"og:url\" content=\"https:\/\/premiumline-cabling.com\/de\/product\/fiber-optic-pigtail\/\" \/>\n<meta property=\"og:site_name\" content=\"Premium-Line\" \/>\n<meta property=\"article:modified_time\" content=\"2022-06-06T16:40:17+00:00\" \/>\n<meta property=\"og:image\" content=\"https:\/\/premiumline-cabling.com\/wp-content\/uploads\/2018\/12\/cabel.png\" \/>\n\t<meta property=\"og:image:width\" content=\"542\" \/>\n\t<meta property=\"og:image:height\" content=\"220\" \/>\n\t<meta property=\"og:image:type\" content=\"image\/png\" \/>\n<meta name=\"twitter:card\" content=\"summary_large_image\" \/>\n<meta name=\"twitter:label1\" content=\"Gesch\u00e4tzte Lesezeit\" \/>\n\t<meta name=\"twitter:data1\" content=\"1\u00a0Minute\" \/>\n<script type=\"application\/ld+json\" class=\"yoast-schema-graph\">{\"@context\":\"https:\\\/\\\/schema.org\",\"@graph\":[{\"@type\":\"WebPage\",\"@id\":\"https:\\\/\\\/premiumline-cabling.com\\\/de\\\/product\\\/fiber-optic-pigtail\\\/\",\"url\":\"https:\\\/\\\/premiumline-cabling.com\\\/de\\\/product\\\/fiber-optic-pigtail\\\/\",\"name\":\"Premium-Line Fiber Optic Pigtail\",\"isPartOf\":{\"@id\":\"https:\\\/\\\/premiumline-cabling.com\\\/#website\"},\"primaryImageOfPage\":{\"@id\":\"https:\\\/\\\/premiumline-cabling.com\\\/de\\\/product\\\/fiber-optic-pigtail\\\/#primaryimage\"},\"image\":{\"@id\":\"https:\\\/\\\/premiumline-cabling.com\\\/de\\\/product\\\/fiber-optic-pigtail\\\/#primaryimage\"},\"thumbnailUrl\":\"https:\\\/\\\/premiumline-cabling.com\\\/wp-content\\\/uploads\\\/2018\\\/12\\\/cabel.png\",\"datePublished\":\"2019-02-03T13:55:58+00:00\",\"dateModified\":\"2022-06-06T16:40:17+00:00\",\"description\":\"Fiber optic patch cords are suited for equipment jumper cable, cross connects, and work area connections. Read more!\",\"breadcrumb\":{\"@id\":\"https:\\\/\\\/premiumline-cabling.com\\\/de\\\/product\\\/fiber-optic-pigtail\\\/#breadcrumb\"},\"inLanguage\":\"de\",\"potentialAction\":[{\"@type\":\"ReadAction\",\"target\":[\"https:\\\/\\\/premiumline-cabling.com\\\/de\\\/product\\\/fiber-optic-pigtail\\\/\"]}]},{\"@type\":\"ImageObject\",\"inLanguage\":\"de\",\"@id\":\"https:\\\/\\\/premiumline-cabling.com\\\/de\\\/product\\\/fiber-optic-pigtail\\\/#primaryimage\",\"url\":\"https:\\\/\\\/premiumline-cabling.com\\\/wp-content\\\/uploads\\\/2018\\\/12\\\/cabel.png\",\"contentUrl\":\"https:\\\/\\\/premiumline-cabling.com\\\/wp-content\\\/uploads\\\/2018\\\/12\\\/cabel.png\",\"width\":542,\"height\":220},{\"@type\":\"BreadcrumbList\",\"@id\":\"https:\\\/\\\/premiumline-cabling.com\\\/de\\\/product\\\/fiber-optic-pigtail\\\/#breadcrumb\",\"itemListElement\":[{\"@type\":\"ListItem\",\"position\":1,\"name\":\"\u0413\u043b\u0430\u0432\u043d\u0430\u044f \u0441\u0442\u0440\u0430\u043d\u0438\u0446\u0430\",\"item\":\"https:\\\/\\\/premiumline-cabling.com\\\/de\\\/\"},{\"@type\":\"ListItem\",\"position\":2,\"name\":\"Glasfaser Pigtail SM\"}]},{\"@type\":\"WebSite\",\"@id\":\"https:\\\/\\\/premiumline-cabling.com\\\/#website\",\"url\":\"https:\\\/\\\/premiumline-cabling.com\\\/\",\"name\":\"Premium-Line\",\"description\":\"Structured Cabling System\",\"publisher\":{\"@id\":\"https:\\\/\\\/premiumline-cabling.com\\\/#organization\"},\"potentialAction\":[{\"@type\":\"SearchAction\",\"target\":{\"@type\":\"EntryPoint\",\"urlTemplate\":\"https:\\\/\\\/premiumline-cabling.com\\\/?s={search_term_string}\"},\"query-input\":{\"@type\":\"PropertyValueSpecification\",\"valueRequired\":true,\"valueName\":\"search_term_string\"}}],\"inLanguage\":\"de\"},{\"@type\":\"Organization\",\"@id\":\"https:\\\/\\\/premiumline-cabling.com\\\/#organization\",\"name\":\"Premium-Line\",\"url\":\"https:\\\/\\\/premiumline-cabling.com\\\/\",\"logo\":{\"@type\":\"ImageObject\",\"inLanguage\":\"de\",\"@id\":\"https:\\\/\\\/premiumline-cabling.com\\\/#\\\/schema\\\/logo\\\/image\\\/\",\"url\":\"https:\\\/\\\/premiumline-cabling.com\\\/wp-content\\\/uploads\\\/2019\\\/04\\\/cropped-img_logo_site_Premium-Line.png\",\"contentUrl\":\"https:\\\/\\\/premiumline-cabling.com\\\/wp-content\\\/uploads\\\/2019\\\/04\\\/cropped-img_logo_site_Premium-Line.png\",\"width\":190,\"height\":62,\"caption\":\"Premium-Line\"},\"image\":{\"@id\":\"https:\\\/\\\/premiumline-cabling.com\\\/#\\\/schema\\\/logo\\\/image\\\/\"}}]}<\/script>\n<!-- \/ Yoast SEO plugin. -->","yoast_head_json":{"title":"Premium-Line Fiber Optic Pigtail","description":"Fiber optic patch cords are suited for equipment jumper cable, cross connects, and work area connections. Read more!","robots":{"index":"index","follow":"follow","max-snippet":"max-snippet:-1","max-image-preview":"max-image-preview:large","max-video-preview":"max-video-preview:-1"},"canonical":"https:\/\/premiumline-cabling.com\/de\/product\/fiber-optic-pigtail\/","og_locale":"de_DE","og_type":"article","og_title":"Premium-Line Fiber Optic Pigtail","og_description":"Fiber optic patch cords are suited for equipment jumper cable, cross connects, and work area connections. Read more!","og_url":"https:\/\/premiumline-cabling.com\/de\/product\/fiber-optic-pigtail\/","og_site_name":"Premium-Line","article_modified_time":"2022-06-06T16:40:17+00:00","og_image":[{"width":542,"height":220,"url":"https:\/\/premiumline-cabling.com\/wp-content\/uploads\/2018\/12\/cabel.png","type":"image\/png"}],"twitter_card":"summary_large_image","twitter_misc":{"Gesch\u00e4tzte Lesezeit":"1\u00a0Minute"},"schema":{"@context":"https:\/\/schema.org","@graph":[{"@type":"WebPage","@id":"https:\/\/premiumline-cabling.com\/de\/product\/fiber-optic-pigtail\/","url":"https:\/\/premiumline-cabling.com\/de\/product\/fiber-optic-pigtail\/","name":"Premium-Line Fiber Optic Pigtail","isPartOf":{"@id":"https:\/\/premiumline-cabling.com\/#website"},"primaryImageOfPage":{"@id":"https:\/\/premiumline-cabling.com\/de\/product\/fiber-optic-pigtail\/#primaryimage"},"image":{"@id":"https:\/\/premiumline-cabling.com\/de\/product\/fiber-optic-pigtail\/#primaryimage"},"thumbnailUrl":"https:\/\/premiumline-cabling.com\/wp-content\/uploads\/2018\/12\/cabel.png","datePublished":"2019-02-03T13:55:58+00:00","dateModified":"2022-06-06T16:40:17+00:00","description":"Fiber optic patch cords are suited for equipment jumper cable, cross connects, and work area connections. Read more!","breadcrumb":{"@id":"https:\/\/premiumline-cabling.com\/de\/product\/fiber-optic-pigtail\/#breadcrumb"},"inLanguage":"de","potentialAction":[{"@type":"ReadAction","target":["https:\/\/premiumline-cabling.com\/de\/product\/fiber-optic-pigtail\/"]}]},{"@type":"ImageObject","inLanguage":"de","@id":"https:\/\/premiumline-cabling.com\/de\/product\/fiber-optic-pigtail\/#primaryimage","url":"https:\/\/premiumline-cabling.com\/wp-content\/uploads\/2018\/12\/cabel.png","contentUrl":"https:\/\/premiumline-cabling.com\/wp-content\/uploads\/2018\/12\/cabel.png","width":542,"height":220},{"@type":"BreadcrumbList","@id":"https:\/\/premiumline-cabling.com\/de\/product\/fiber-optic-pigtail\/#breadcrumb","itemListElement":[{"@type":"ListItem","position":1,"name":"\u0413\u043b\u0430\u0432\u043d\u0430\u044f \u0441\u0442\u0440\u0430\u043d\u0438\u0446\u0430","item":"https:\/\/premiumline-cabling.com\/de\/"},{"@type":"ListItem","position":2,"name":"Glasfaser Pigtail SM"}]},{"@type":"WebSite","@id":"https:\/\/premiumline-cabling.com\/#website","url":"https:\/\/premiumline-cabling.com\/","name":"Premium-Line","description":"Structured Cabling System","publisher":{"@id":"https:\/\/premiumline-cabling.com\/#organization"},"potentialAction":[{"@type":"SearchAction","target":{"@type":"EntryPoint","urlTemplate":"https:\/\/premiumline-cabling.com\/?s={search_term_string}"},"query-input":{"@type":"PropertyValueSpecification","valueRequired":true,"valueName":"search_term_string"}}],"inLanguage":"de"},{"@type":"Organization","@id":"https:\/\/premiumline-cabling.com\/#organization","name":"Premium-Line","url":"https:\/\/premiumline-cabling.com\/","logo":{"@type":"ImageObject","inLanguage":"de","@id":"https:\/\/premiumline-cabling.com\/#\/schema\/logo\/image\/","url":"https:\/\/premiumline-cabling.com\/wp-content\/uploads\/2019\/04\/cropped-img_logo_site_Premium-Line.png","contentUrl":"https:\/\/premiumline-cabling.com\/wp-content\/uploads\/2019\/04\/cropped-img_logo_site_Premium-Line.png","width":190,"height":62,"caption":"Premium-Line"},"image":{"@id":"https:\/\/premiumline-cabling.com\/#\/schema\/logo\/image\/"}}]}},"_links":{"self":[{"href":"https:\/\/premiumline-cabling.com\/de\/wp-json\/wp\/v2\/product\/15326","targetHints":{"allow":["GET"]}}],"collection":[{"href":"https:\/\/premiumline-cabling.com\/de\/wp-json\/wp\/v2\/product"}],"about":[{"href":"https:\/\/premiumline-cabling.com\/de\/wp-json\/wp\/v2\/types\/product"}],"wp:featuredmedia":[{"embeddable":true,"href":"https:\/\/premiumline-cabling.com\/de\/wp-json\/wp\/v2\/media\/7843"}],"wp:attachment":[{"href":"https:\/\/premiumline-cabling.com\/de\/wp-json\/wp\/v2\/media?parent=15326"}],"wp:term":[{"taxonomy":"product_category","embeddable":true,"href":"https:\/\/premiumline-cabling.com\/de\/wp-json\/wp\/v2\/product_category?post=15326"}],"curies":[{"name":"wp","href":"https:\/\/api.w.org\/{rel}","templated":true}]}}