{"id":15318,"date":"2019-02-03T14:23:44","date_gmt":"2019-02-03T13:23:44","guid":{"rendered":"https:\/\/www.premiumline-cabling.com\/product\/19-rack-mounted-odf\/"},"modified":"2022-06-10T08:07:49","modified_gmt":"2022-06-10T07:07:49","slug":"19-rack-mounted-odf","status":"publish","type":"product","link":"https:\/\/premiumline-cabling.com\/de\/product\/19-rack-mounted-odf\/","title":{"rendered":"19\u201c-Rack Optic Distribution Frame"},"content":{"rendered":"<p>&nbsp;<\/p>\n<p>Premium-Line optischer Rack-Verteilerrahmen \u2013 ODF eignet sich f\u00fcr die Installation in 19-Zoll-Serverschr\u00e4nken. Dieses ODF ist f\u00fcr maximal 96 Adern erh\u00e4ltlich, die innen mit SC- oder FC-Anschl\u00fcssen und Adaptern abgeschlossen sind, oder f\u00fcr 192 Adern f\u00fcr LC-Duplex-Adapter.<\/p>\n<p>Das Stack-Design mit zwei Simplex-Adaptern erleichtert die Paarkopplungsverteilung im klassischen Glasfasernetzbetrieb. Die Frontt\u00fcr ist w\u00e4hrend der Installation abnehmbar und l\u00e4sst sich leicht mit zwei Kunststoffschlie\u00dff\u00e4chern verschlie\u00dfen.<\/p>\n<p>F\u00fcr die Kabelaufbewahrung, -verwaltung und den zuk\u00fcnftigen Einsatz sind die vordere Adapterplatte und die Splei\u00dfposition drehbar. Dies erleichtert die Innenarbeiten.<\/p>\n<h3><a href=\"https:\/\/premiumline-cabling.com\/wp-content\/uploads\/2019\/02\/img_PL_19-Rack-Mounted-ODF.jpg\"><noscript><img decoding=\"async\" class=\"wp-image-609 size-medium alignright\" src=\"https:\/\/premiumline-cabling.com\/wp-content\/uploads\/2019\/02\/img_PL_19-Rack-Mounted-ODF-300x160.jpg\" alt width=\"300\" height=\"160\"><\/noscript><img decoding=\"async\" class=\"wp-image-609 size-medium alignright lazyload\" src=\"data:image\/svg+xml,%3Csvg%20xmlns%3D%22http%3A%2F%2Fwww.w3.org%2F2000%2Fsvg%22%20viewBox%3D%220%200%20300%20160%22%3E%3C%2Fsvg%3E\" alt width=\"300\" height=\"160\" data-src=\"https:\/\/premiumline-cabling.com\/wp-content\/uploads\/2019\/02\/img_PL_19-Rack-Mounted-ODF-300x160.jpg\"><\/a>EIGENSCHAFTEN:<\/h3>\n<ul>\n<li>Passend f\u00fcr 19\u201c-Schrankeinbau<\/li>\n<li>Beidseitiger Kabelzugang f\u00fcr einfaches umrangieren<\/li>\n<li>Adapterpanel und Splei\u00dfkassette k\u00f6nnen nach vorne ausgeschwenkt werden<\/li>\n<li>Zahlreiche Kabelmanagementringe (Klettverschlu\u00df) sorgen auf der Vorder- und R\u00fcckseite f\u00fcr die sichere Verlegung der Kabel<\/li>\n<li>Erh\u00e4ltlich f\u00fcr SC-simplex, LC-duplex und FC-Adapter, spezielle ST-Adapter (p\/n 231x41y00)<\/li>\n<li>Rahmenmaterial: SPCC 1.0mm kaltgewalzter Stahl, Schwenkrahmen: 1.5mm<\/li>\n<li>Demontierbare Frontklappe<\/li>\n<li>Beinhaltet: 4 Stk M6 Schrauben f\u00fcr die Geh\u00e4usemontage, 8x Schrauben f\u00fcr die Rackwinkelbefestigung<\/li>\n<\/ul>\n<h3>ANWENDUNGEN:<\/h3>\n<ul>\n<li>Telekommunikation<\/li>\n<li>Lokale Netzwerke<\/li>\n<li>FTTH, CATV<\/li>\n<li>Datenzentren<\/li>\n<li>Terminierung, Schutz und Management von Glasfaserkabel<\/li>\n<\/ul>\n<h3>ZEICHNUNG:<\/h3>\n<p><noscript><img decoding=\"async\" class=\"aligncenter wp-image-13860 size-large\" src=\"https:\/\/premiumline-cabling.com\/wp-content\/uploads\/2019\/02\/odf-2U-1024x825.jpg\" alt width=\"1024\" height=\"825\" srcset=\"https:\/\/premiumline-cabling.com\/wp-content\/uploads\/2019\/02\/odf-2U-1024x825.jpg 1024w, https:\/\/premiumline-cabling.com\/wp-content\/uploads\/2019\/02\/odf-2U-300x242.jpg 300w, https:\/\/premiumline-cabling.com\/wp-content\/uploads\/2019\/02\/odf-2U-768x619.jpg 768w, https:\/\/premiumline-cabling.com\/wp-content\/uploads\/2019\/02\/odf-2U-1536x1237.jpg 1536w, https:\/\/premiumline-cabling.com\/wp-content\/uploads\/2019\/02\/odf-2U.jpg 1562w\" sizes=\"(max-width: 1024px) 100vw, 1024px\"><\/noscript><img decoding=\"async\" class=\"aligncenter wp-image-13860 size-large lazyload\" src=\"data:image\/svg+xml,%3Csvg%20xmlns%3D%22http%3A%2F%2Fwww.w3.org%2F2000%2Fsvg%22%20viewBox%3D%220%200%201024%20825%22%3E%3C%2Fsvg%3E\" alt width=\"1024\" height=\"825\" srcset=\"data:image\/svg+xml,%3Csvg%20xmlns%3D%22http%3A%2F%2Fwww.w3.org%2F2000%2Fsvg%22%20viewBox%3D%220%200%201024%20825%22%3E%3C%2Fsvg%3E 1024w\" sizes=\"(max-width: 1024px) 100vw, 1024px\" data-srcset=\"https:\/\/premiumline-cabling.com\/wp-content\/uploads\/2019\/02\/odf-2U-1024x825.jpg 1024w, https:\/\/premiumline-cabling.com\/wp-content\/uploads\/2019\/02\/odf-2U-300x242.jpg 300w, https:\/\/premiumline-cabling.com\/wp-content\/uploads\/2019\/02\/odf-2U-768x619.jpg 768w, https:\/\/premiumline-cabling.com\/wp-content\/uploads\/2019\/02\/odf-2U-1536x1237.jpg 1536w, https:\/\/premiumline-cabling.com\/wp-content\/uploads\/2019\/02\/odf-2U.jpg 1562w\" data-src=\"https:\/\/premiumline-cabling.com\/wp-content\/uploads\/2019\/02\/odf-2U-1024x825.jpg\"><\/p>\n<h3>AUSF\u00dcHRUNGEN:<\/h3>\n<table width=\"539\">\n<tbody>\n<tr>\n<td width=\"85\"><strong>H\u00f6he<\/strong><\/td>\n<td width=\"227\"><strong>SC\/FC<\/strong>\n<p>(=Simplex-Ports\/Faseranzahl)<\/p><\/td>\n<td width=\"227\"><strong>LC<\/strong>\n<p>(=Duplex-Ports\/Faseranzahl)<\/p><\/td>\n<\/tr>\n<tr>\n<td width=\"85\">1U<\/td>\n<td width=\"227\">24<\/td>\n<td width=\"227\">24\/48<\/td>\n<\/tr>\n<tr>\n<td width=\"85\">2U<\/td>\n<td width=\"227\">48<\/td>\n<td width=\"227\">48\/96<\/td>\n<\/tr>\n<tr>\n<td width=\"85\">3U<\/td>\n<td width=\"227\">72<\/td>\n<td width=\"227\">72\/144<\/td>\n<\/tr>\n<tr>\n<td width=\"85\">4U<\/td>\n<td width=\"227\">96<\/td>\n<td width=\"227\">96\/192<\/td>\n<\/tr>\n<\/tbody>\n<\/table>\n<h3>BESTELLINFORMATION:<\/h3>\n<table>\n<tbody>\n<tr>\n<td width=\"141\">Art.Nr.<\/td>\n<td width=\"482\">2450xyzz5<\/td>\n<\/tr>\n<tr>\n<td width=\"141\">Bezeichnung<\/td>\n<td width=\"482\">Premium-Line 19\u201c-Rack Optic Distribution Frame, grau<\/td>\n<\/tr>\n<tr>\n<td width=\"141\">x, \u0410dapter<\/td>\n<td width=\"482\">0: ohne&nbsp; 1: MM vollbest\u00fcckt&nbsp; 2: SM vollbest\u00fcckt &nbsp;4: APC vollbest\u00fcckt<\/td>\n<\/tr>\n<tr>\n<td width=\"141\">y, Adaptertype<\/td>\n<td width=\"482\">1: SC&nbsp;&nbsp;&nbsp; 2: ST&nbsp;&nbsp;&nbsp; 3: FC&nbsp;&nbsp;&nbsp;&nbsp; 4: LC duplex<\/td>\n<\/tr>\n<tr>\n<td width=\"141\">zz, Portanzahl<\/td>\n<td width=\"482\">24: 24 Ports: &nbsp;48: 48 Ports&nbsp; 72: 72 Ports&nbsp; 96: 96 Ports<\/td>\n<\/tr>\n<\/tbody>\n<\/table>\n<p><strong><em><a href=\"https:\/\/premiumline-cabling.com\/wp-content\/uploads\/2021\/08\/Drawing41.tif\"><noscript><img decoding=\"async\" class=\"alignright size-full wp-image-7725\" src=\"https:\/\/premiumline-cabling.com\/wp-content\/uploads\/2021\/08\/Drawing41.tif\" alt><\/noscript><img decoding=\"async\" class=\"alignright size-full wp-image-7725 lazyload\" src=\"data:image\/gif;base64,R0lGODlhAQABAIAAAAAAAP\/\/\/yH5BAEAAAAALAAAAAABAAEAAAIBRAA7\" alt data-src=\"https:\/\/premiumline-cabling.com\/wp-content\/uploads\/2021\/08\/Drawing41.tif\"><\/a> <\/em><\/strong><\/p>\n<p><strong><em><noscript><img decoding=\"async\" class=\"alignnone wp-image-13865\" src=\"https:\/\/premiumline-cabling.com\/wp-content\/uploads\/2019\/02\/ODF-Drawing4-1024x215.jpg\" alt width=\"500\" height=\"105\" srcset=\"https:\/\/premiumline-cabling.com\/wp-content\/uploads\/2019\/02\/ODF-Drawing4-1024x215.jpg 1024w, https:\/\/premiumline-cabling.com\/wp-content\/uploads\/2019\/02\/ODF-Drawing4-300x63.jpg 300w, https:\/\/premiumline-cabling.com\/wp-content\/uploads\/2019\/02\/ODF-Drawing4-768x161.jpg 768w, https:\/\/premiumline-cabling.com\/wp-content\/uploads\/2019\/02\/ODF-Drawing4.jpg 1151w\" sizes=\"(max-width: 500px) 100vw, 500px\"><\/noscript><img decoding=\"async\" class=\"alignnone wp-image-13865 lazyload\" src=\"data:image\/svg+xml,%3Csvg%20xmlns%3D%22http%3A%2F%2Fwww.w3.org%2F2000%2Fsvg%22%20viewBox%3D%220%200%20500%20105%22%3E%3C%2Fsvg%3E\" alt width=\"500\" height=\"105\" srcset=\"data:image\/svg+xml,%3Csvg%20xmlns%3D%22http%3A%2F%2Fwww.w3.org%2F2000%2Fsvg%22%20viewBox%3D%220%200%20500%20105%22%3E%3C%2Fsvg%3E 500w\" sizes=\"(max-width: 500px) 100vw, 500px\" data-srcset=\"https:\/\/premiumline-cabling.com\/wp-content\/uploads\/2019\/02\/ODF-Drawing4-1024x215.jpg 1024w, https:\/\/premiumline-cabling.com\/wp-content\/uploads\/2019\/02\/ODF-Drawing4-300x63.jpg 300w, https:\/\/premiumline-cabling.com\/wp-content\/uploads\/2019\/02\/ODF-Drawing4-768x161.jpg 768w, https:\/\/premiumline-cabling.com\/wp-content\/uploads\/2019\/02\/ODF-Drawing4.jpg 1151w\" data-src=\"https:\/\/premiumline-cabling.com\/wp-content\/uploads\/2019\/02\/ODF-Drawing4-1024x215.jpg\"><\/em><\/strong><strong><em><a href=\"https:\/\/premiumline-cabling.com\/de\/service_category\/visio-stencils\/\"><noscript><img decoding=\"async\" class=\"alignright wp-image-15305 size-medium\" src=\"https:\/\/premiumline-cabling.com\/wp-content\/uploads\/2019\/02\/img_Premium-Line_Visio_Sapes_de-300x157.jpg\" alt width=\"300\" height=\"157\" srcset=\"https:\/\/premiumline-cabling.com\/wp-content\/uploads\/2019\/02\/img_Premium-Line_Visio_Sapes_de-300x157.jpg 300w, https:\/\/premiumline-cabling.com\/wp-content\/uploads\/2019\/02\/img_Premium-Line_Visio_Sapes_de-768x401.jpg 768w, https:\/\/premiumline-cabling.com\/wp-content\/uploads\/2019\/02\/img_Premium-Line_Visio_Sapes_de.jpg 860w\" sizes=\"(max-width: 300px) 100vw, 300px\"><\/noscript><img decoding=\"async\" class=\"alignright wp-image-15305 size-medium lazyload\" src=\"data:image\/svg+xml,%3Csvg%20xmlns%3D%22http%3A%2F%2Fwww.w3.org%2F2000%2Fsvg%22%20viewBox%3D%220%200%20300%20157%22%3E%3C%2Fsvg%3E\" alt width=\"300\" height=\"157\" srcset=\"data:image\/svg+xml,%3Csvg%20xmlns%3D%22http%3A%2F%2Fwww.w3.org%2F2000%2Fsvg%22%20viewBox%3D%220%200%20300%20157%22%3E%3C%2Fsvg%3E 300w\" sizes=\"(max-width: 300px) 100vw, 300px\" data-srcset=\"https:\/\/premiumline-cabling.com\/wp-content\/uploads\/2019\/02\/img_Premium-Line_Visio_Sapes_de-300x157.jpg 300w, https:\/\/premiumline-cabling.com\/wp-content\/uploads\/2019\/02\/img_Premium-Line_Visio_Sapes_de-768x401.jpg 768w, https:\/\/premiumline-cabling.com\/wp-content\/uploads\/2019\/02\/img_Premium-Line_Visio_Sapes_de.jpg 860w\" data-src=\"https:\/\/premiumline-cabling.com\/wp-content\/uploads\/2019\/02\/img_Premium-Line_Visio_Sapes_de-300x157.jpg\"><\/a><\/em><\/strong><\/p>\n","protected":false},"featured_media":8123,"template":"","product_category":[],"class_list":["post-15318","product","type-product","status-publish","has-post-thumbnail","hentry"],"yoast_head":"<!-- This site is optimized with the Yoast SEO plugin v27.2 - https:\/\/yoast.com\/product\/yoast-seo-wordpress\/ -->\n<title>Premium-Line 19\u201c-Rack Optic Distribution Frame, grau<\/title>\n<meta name=\"description\" content=\"\uf06c Erh\u00e4ltlich f\u00fcr SC-simplex, LC-duplex und FC-Adapter, spezielle ST-Adapter (p\/n 231x41y00), SPCC 1.0mm kaltgewalzter Stahl\" \/>\n<meta name=\"robots\" content=\"index, follow, max-snippet:-1, max-image-preview:large, max-video-preview:-1\" \/>\n<link rel=\"canonical\" href=\"https:\/\/premiumline-cabling.com\/de\/product\/19-rack-mounted-odf\/\" \/>\n<meta property=\"og:locale\" content=\"de_DE\" \/>\n<meta property=\"og:type\" content=\"article\" \/>\n<meta property=\"og:title\" content=\"Premium-Line 19\u201c-Rack Optic Distribution Frame, grau\" \/>\n<meta property=\"og:description\" content=\"\uf06c Erh\u00e4ltlich f\u00fcr SC-simplex, LC-duplex und FC-Adapter, spezielle ST-Adapter (p\/n 231x41y00), SPCC 1.0mm kaltgewalzter Stahl\" \/>\n<meta property=\"og:url\" content=\"https:\/\/premiumline-cabling.com\/de\/product\/19-rack-mounted-odf\/\" \/>\n<meta property=\"og:site_name\" content=\"Premium-Line\" \/>\n<meta property=\"article:modified_time\" content=\"2022-06-10T07:07:49+00:00\" \/>\n<meta property=\"og:image\" content=\"https:\/\/premiumline-cabling.com\/wp-content\/uploads\/2019\/02\/img_PL_19-Rack-Mounted-ODF.jpg\" \/>\n\t<meta property=\"og:image:width\" content=\"300\" \/>\n\t<meta property=\"og:image:height\" content=\"160\" \/>\n\t<meta property=\"og:image:type\" content=\"image\/jpeg\" \/>\n<meta name=\"twitter:card\" content=\"summary_large_image\" \/>\n<meta name=\"twitter:label1\" content=\"Gesch\u00e4tzte Lesezeit\" \/>\n\t<meta name=\"twitter:data1\" content=\"3\u00a0Minuten\" \/>\n<script type=\"application\/ld+json\" class=\"yoast-schema-graph\">{\"@context\":\"https:\/\/schema.org\",\"@graph\":[{\"@type\":\"WebPage\",\"@id\":\"https:\/\/premiumline-cabling.com\/de\/product\/19-rack-mounted-odf\/\",\"url\":\"https:\/\/premiumline-cabling.com\/de\/product\/19-rack-mounted-odf\/\",\"name\":\"Premium-Line 19\u201c-Rack Optic Distribution Frame, grau\",\"isPartOf\":{\"@id\":\"https:\/\/premiumline-cabling.com\/#website\"},\"primaryImageOfPage\":{\"@id\":\"https:\/\/premiumline-cabling.com\/de\/product\/19-rack-mounted-odf\/#primaryimage\"},\"image\":{\"@id\":\"https:\/\/premiumline-cabling.com\/de\/product\/19-rack-mounted-odf\/#primaryimage\"},\"thumbnailUrl\":\"https:\/\/premiumline-cabling.com\/wp-content\/uploads\/2019\/02\/img_PL_19-Rack-Mounted-ODF.jpg\",\"datePublished\":\"2019-02-03T13:23:44+00:00\",\"dateModified\":\"2022-06-10T07:07:49+00:00\",\"description\":\"\uf06c Erh\u00e4ltlich f\u00fcr SC-simplex, LC-duplex und FC-Adapter, spezielle ST-Adapter (p\/n 231x41y00), SPCC 1.0mm kaltgewalzter Stahl\",\"breadcrumb\":{\"@id\":\"https:\/\/premiumline-cabling.com\/de\/product\/19-rack-mounted-odf\/#breadcrumb\"},\"inLanguage\":\"de\",\"potentialAction\":[{\"@type\":\"ReadAction\",\"target\":[\"https:\/\/premiumline-cabling.com\/de\/product\/19-rack-mounted-odf\/\"]}]},{\"@type\":\"ImageObject\",\"inLanguage\":\"de\",\"@id\":\"https:\/\/premiumline-cabling.com\/de\/product\/19-rack-mounted-odf\/#primaryimage\",\"url\":\"https:\/\/premiumline-cabling.com\/wp-content\/uploads\/2019\/02\/img_PL_19-Rack-Mounted-ODF.jpg\",\"contentUrl\":\"https:\/\/premiumline-cabling.com\/wp-content\/uploads\/2019\/02\/img_PL_19-Rack-Mounted-ODF.jpg\",\"width\":300,\"height\":160},{\"@type\":\"BreadcrumbList\",\"@id\":\"https:\/\/premiumline-cabling.com\/de\/product\/19-rack-mounted-odf\/#breadcrumb\",\"itemListElement\":[{\"@type\":\"ListItem\",\"position\":1,\"name\":\"\u0413\u043b\u0430\u0432\u043d\u0430\u044f \u0441\u0442\u0440\u0430\u043d\u0438\u0446\u0430\",\"item\":\"https:\/\/premiumline-cabling.com\/de\/\"},{\"@type\":\"ListItem\",\"position\":2,\"name\":\"19\u201c-Rack Optic Distribution Frame\"}]},{\"@type\":\"WebSite\",\"@id\":\"https:\/\/premiumline-cabling.com\/#website\",\"url\":\"https:\/\/premiumline-cabling.com\/\",\"name\":\"Premium-Line\",\"description\":\"Structured Cabling System\",\"publisher\":{\"@id\":\"https:\/\/premiumline-cabling.com\/#organization\"},\"potentialAction\":[{\"@type\":\"SearchAction\",\"target\":{\"@type\":\"EntryPoint\",\"urlTemplate\":\"https:\/\/premiumline-cabling.com\/?s={search_term_string}\"},\"query-input\":{\"@type\":\"PropertyValueSpecification\",\"valueRequired\":true,\"valueName\":\"search_term_string\"}}],\"inLanguage\":\"de\"},{\"@type\":\"Organization\",\"@id\":\"https:\/\/premiumline-cabling.com\/#organization\",\"name\":\"Premium-Line\",\"url\":\"https:\/\/premiumline-cabling.com\/\",\"logo\":{\"@type\":\"ImageObject\",\"inLanguage\":\"de\",\"@id\":\"https:\/\/premiumline-cabling.com\/#\/schema\/logo\/image\/\",\"url\":\"https:\/\/premiumline-cabling.com\/wp-content\/uploads\/2019\/04\/cropped-img_logo_site_Premium-Line.png\",\"contentUrl\":\"https:\/\/premiumline-cabling.com\/wp-content\/uploads\/2019\/04\/cropped-img_logo_site_Premium-Line.png\",\"width\":190,\"height\":62,\"caption\":\"Premium-Line\"},\"image\":{\"@id\":\"https:\/\/premiumline-cabling.com\/#\/schema\/logo\/image\/\"}}]}<\/script>\n<!-- \/ Yoast SEO plugin. -->","yoast_head_json":{"title":"Premium-Line 19\u201c-Rack Optic Distribution Frame, grau","description":"\uf06c Erh\u00e4ltlich f\u00fcr SC-simplex, LC-duplex und FC-Adapter, spezielle ST-Adapter (p\/n 231x41y00), SPCC 1.0mm kaltgewalzter Stahl","robots":{"index":"index","follow":"follow","max-snippet":"max-snippet:-1","max-image-preview":"max-image-preview:large","max-video-preview":"max-video-preview:-1"},"canonical":"https:\/\/premiumline-cabling.com\/de\/product\/19-rack-mounted-odf\/","og_locale":"de_DE","og_type":"article","og_title":"Premium-Line 19\u201c-Rack Optic Distribution Frame, grau","og_description":"\uf06c Erh\u00e4ltlich f\u00fcr SC-simplex, LC-duplex und FC-Adapter, spezielle ST-Adapter (p\/n 231x41y00), SPCC 1.0mm kaltgewalzter Stahl","og_url":"https:\/\/premiumline-cabling.com\/de\/product\/19-rack-mounted-odf\/","og_site_name":"Premium-Line","article_modified_time":"2022-06-10T07:07:49+00:00","og_image":[{"width":300,"height":160,"url":"https:\/\/premiumline-cabling.com\/wp-content\/uploads\/2019\/02\/img_PL_19-Rack-Mounted-ODF.jpg","type":"image\/jpeg"}],"twitter_card":"summary_large_image","twitter_misc":{"Gesch\u00e4tzte Lesezeit":"3\u00a0Minuten"},"schema":{"@context":"https:\/\/schema.org","@graph":[{"@type":"WebPage","@id":"https:\/\/premiumline-cabling.com\/de\/product\/19-rack-mounted-odf\/","url":"https:\/\/premiumline-cabling.com\/de\/product\/19-rack-mounted-odf\/","name":"Premium-Line 19\u201c-Rack Optic Distribution Frame, grau","isPartOf":{"@id":"https:\/\/premiumline-cabling.com\/#website"},"primaryImageOfPage":{"@id":"https:\/\/premiumline-cabling.com\/de\/product\/19-rack-mounted-odf\/#primaryimage"},"image":{"@id":"https:\/\/premiumline-cabling.com\/de\/product\/19-rack-mounted-odf\/#primaryimage"},"thumbnailUrl":"https:\/\/premiumline-cabling.com\/wp-content\/uploads\/2019\/02\/img_PL_19-Rack-Mounted-ODF.jpg","datePublished":"2019-02-03T13:23:44+00:00","dateModified":"2022-06-10T07:07:49+00:00","description":"\uf06c Erh\u00e4ltlich f\u00fcr SC-simplex, LC-duplex und FC-Adapter, spezielle ST-Adapter (p\/n 231x41y00), SPCC 1.0mm kaltgewalzter Stahl","breadcrumb":{"@id":"https:\/\/premiumline-cabling.com\/de\/product\/19-rack-mounted-odf\/#breadcrumb"},"inLanguage":"de","potentialAction":[{"@type":"ReadAction","target":["https:\/\/premiumline-cabling.com\/de\/product\/19-rack-mounted-odf\/"]}]},{"@type":"ImageObject","inLanguage":"de","@id":"https:\/\/premiumline-cabling.com\/de\/product\/19-rack-mounted-odf\/#primaryimage","url":"https:\/\/premiumline-cabling.com\/wp-content\/uploads\/2019\/02\/img_PL_19-Rack-Mounted-ODF.jpg","contentUrl":"https:\/\/premiumline-cabling.com\/wp-content\/uploads\/2019\/02\/img_PL_19-Rack-Mounted-ODF.jpg","width":300,"height":160},{"@type":"BreadcrumbList","@id":"https:\/\/premiumline-cabling.com\/de\/product\/19-rack-mounted-odf\/#breadcrumb","itemListElement":[{"@type":"ListItem","position":1,"name":"\u0413\u043b\u0430\u0432\u043d\u0430\u044f \u0441\u0442\u0440\u0430\u043d\u0438\u0446\u0430","item":"https:\/\/premiumline-cabling.com\/de\/"},{"@type":"ListItem","position":2,"name":"19\u201c-Rack Optic Distribution Frame"}]},{"@type":"WebSite","@id":"https:\/\/premiumline-cabling.com\/#website","url":"https:\/\/premiumline-cabling.com\/","name":"Premium-Line","description":"Structured Cabling System","publisher":{"@id":"https:\/\/premiumline-cabling.com\/#organization"},"potentialAction":[{"@type":"SearchAction","target":{"@type":"EntryPoint","urlTemplate":"https:\/\/premiumline-cabling.com\/?s={search_term_string}"},"query-input":{"@type":"PropertyValueSpecification","valueRequired":true,"valueName":"search_term_string"}}],"inLanguage":"de"},{"@type":"Organization","@id":"https:\/\/premiumline-cabling.com\/#organization","name":"Premium-Line","url":"https:\/\/premiumline-cabling.com\/","logo":{"@type":"ImageObject","inLanguage":"de","@id":"https:\/\/premiumline-cabling.com\/#\/schema\/logo\/image\/","url":"https:\/\/premiumline-cabling.com\/wp-content\/uploads\/2019\/04\/cropped-img_logo_site_Premium-Line.png","contentUrl":"https:\/\/premiumline-cabling.com\/wp-content\/uploads\/2019\/04\/cropped-img_logo_site_Premium-Line.png","width":190,"height":62,"caption":"Premium-Line"},"image":{"@id":"https:\/\/premiumline-cabling.com\/#\/schema\/logo\/image\/"}}]}},"_links":{"self":[{"href":"https:\/\/premiumline-cabling.com\/de\/wp-json\/wp\/v2\/product\/15318","targetHints":{"allow":["GET"]}}],"collection":[{"href":"https:\/\/premiumline-cabling.com\/de\/wp-json\/wp\/v2\/product"}],"about":[{"href":"https:\/\/premiumline-cabling.com\/de\/wp-json\/wp\/v2\/types\/product"}],"wp:featuredmedia":[{"embeddable":true,"href":"https:\/\/premiumline-cabling.com\/de\/wp-json\/wp\/v2\/media\/8123"}],"wp:attachment":[{"href":"https:\/\/premiumline-cabling.com\/de\/wp-json\/wp\/v2\/media?parent=15318"}],"wp:term":[{"taxonomy":"product_category","embeddable":true,"href":"https:\/\/premiumline-cabling.com\/de\/wp-json\/wp\/v2\/product_category?post=15318"}],"curies":[{"name":"wp","href":"https:\/\/api.w.org\/{rel}","templated":true}]}}