{"id":15302,"date":"2019-02-03T14:06:15","date_gmt":"2019-02-03T13:06:15","guid":{"rendered":"https:\/\/www.premiumline-cabling.com\/product\/19-fiber-optic-patch-panel\/"},"modified":"2022-07-08T09:23:35","modified_gmt":"2022-07-08T08:23:35","slug":"19-fiber-optic-patch-panel","status":"publish","type":"product","link":"https:\/\/premiumline-cabling.com\/de\/product\/19-fiber-optic-patch-panel\/","title":{"rendered":"19\u201d Glasfaser Patchpanel"},"content":{"rendered":"<h3><\/h3>\n<p>Das Premium-Line 19-Zoll-Glasfaser-Patchpanel Rackmontage ist sowohl zum Patchen als auch zum Splei\u00dfen konzipiert und akzeptiert eine ganze Reihe von Adaptern, einschlie\u00dflich SC-, ST-, FC- und LC-Adapter. 2 * Die r\u00fcckw\u00e4rtigen Kabeleinf\u00fchrungen nehmen Kabel mit einem Durchmesser von weniger als 10 mm auf. Im Inneren gestapelte und f\u00fcr 36 Adern (f\u00fcr LC) erh\u00e4ltliche Splei\u00dfkassetten und Kabelspulen mit 35 mm Biegeradius garantieren die Faserspeicherung aller Modi im Inneren. Individuelle Frontadapterplatte sind mittels Schrauben zu befestigen, einfach zu montieren und auszutauschen. Der Metallrahmen besteht aus kaltgewalztem Stahl\/1,6 mm mit 1U-Fertigh\u00f6he.<\/p>\n<h3><a href=\"https:\/\/premiumline-cabling.com\/wp-content\/uploads\/2019\/02\/PL_imh_csm_local-area-network-241100002_d8d914dec5.jpg\"><noscript><img decoding=\"async\" class=\"wp-image-600 size-medium alignright\" src=\"https:\/\/premiumline-cabling.com\/wp-content\/uploads\/2019\/02\/PL_imh_csm_local-area-network-241100002_d8d914dec5-300x198.jpg\" alt width=\"300\" height=\"198\" srcset=\"https:\/\/premiumline-cabling.com\/wp-content\/uploads\/2019\/02\/PL_imh_csm_local-area-network-241100002_d8d914dec5-300x198.jpg 300w, https:\/\/premiumline-cabling.com\/wp-content\/uploads\/2019\/02\/PL_imh_csm_local-area-network-241100002_d8d914dec5-768x507.jpg 768w, https:\/\/premiumline-cabling.com\/wp-content\/uploads\/2019\/02\/PL_imh_csm_local-area-network-241100002_d8d914dec5.jpg 800w\" sizes=\"(max-width: 300px) 100vw, 300px\"><\/noscript><img decoding=\"async\" class=\"wp-image-600 size-medium alignright lazyload\" src=\"data:image\/svg+xml,%3Csvg%20xmlns%3D%22http%3A%2F%2Fwww.w3.org%2F2000%2Fsvg%22%20viewBox%3D%220%200%20300%20198%22%3E%3C%2Fsvg%3E\" alt width=\"300\" height=\"198\" srcset=\"data:image\/svg+xml,%3Csvg%20xmlns%3D%22http%3A%2F%2Fwww.w3.org%2F2000%2Fsvg%22%20viewBox%3D%220%200%20300%20198%22%3E%3C%2Fsvg%3E 300w\" sizes=\"(max-width: 300px) 100vw, 300px\" data-srcset=\"https:\/\/premiumline-cabling.com\/wp-content\/uploads\/2019\/02\/PL_imh_csm_local-area-network-241100002_d8d914dec5-300x198.jpg 300w, https:\/\/premiumline-cabling.com\/wp-content\/uploads\/2019\/02\/PL_imh_csm_local-area-network-241100002_d8d914dec5-768x507.jpg 768w, https:\/\/premiumline-cabling.com\/wp-content\/uploads\/2019\/02\/PL_imh_csm_local-area-network-241100002_d8d914dec5.jpg 800w\" data-src=\"https:\/\/premiumline-cabling.com\/wp-content\/uploads\/2019\/02\/PL_imh_csm_local-area-network-241100002_d8d914dec5-300x198.jpg\"><\/a>EIGENSCHAFTEN:<\/h3>\n<ul>\n<li>Modulares Design und eine breite Auswahl an Zubeh\u00f6r erlaubt die Konfektionierung des Patchpaneles wie Sie es ben\u00f6tigen<\/li>\n<li>Drei Adapterslots k\u00f6nnen mit SC, ST, LC oder FC-(D-Flansch)-Adapterplatten best\u00fcckt werden.<br>\nJede Adapterplatte umfa\u00dft 4,6 oder 8 -Ports (siehe Zubeh\u00f6rliste): leer oder voll best\u00fcckt<\/li>\n<li>Splei\u00dfkassetten k\u00f6nnen eingebaut werden (siehe Zubeh\u00f6rliste)<\/li>\n<li>Justierbare Position der Splei\u00dfkassette<\/li>\n<li>Pa\u00dft in alle Standard 19\u201c-Schr\u00e4nke<\/li>\n<li>H\u00f6he1U, -Portzahl: 4-24 -Ports<\/li>\n<li>Die Ausziehlade kann um 25\u00b0 nach unten geneigt werden<\/li>\n<li>Material des Leergeh\u00e4uses und Module: 1.6mm kaltgewalzter Stahl<\/li>\n<li>Material der (optionalen) Splei\u00dfkassette: ABS<\/li>\n<li>TIA\/EIA 568-B.3 konform<\/li>\n<li>RoHS konform<\/li>\n<\/ul>\n<h3>ANWENDUNGEN:<br>\n<noscript><img decoding=\"async\" class=\"size-medium wp-image-14757 alignright\" src=\"https:\/\/premiumline-cabling.com\/wp-content\/uploads\/2019\/02\/FO-Panel_p-300x208.jpg\" alt width=\"300\" height=\"208\" srcset=\"https:\/\/premiumline-cabling.com\/wp-content\/uploads\/2019\/02\/FO-Panel_p-300x208.jpg 300w, https:\/\/premiumline-cabling.com\/wp-content\/uploads\/2019\/02\/FO-Panel_p-768x533.jpg 768w, https:\/\/premiumline-cabling.com\/wp-content\/uploads\/2019\/02\/FO-Panel_p.jpg 1024w\" sizes=\"(max-width: 300px) 100vw, 300px\"><\/noscript><img decoding=\"async\" class=\"size-medium wp-image-14757 alignright lazyload\" src=\"data:image\/svg+xml,%3Csvg%20xmlns%3D%22http%3A%2F%2Fwww.w3.org%2F2000%2Fsvg%22%20viewBox%3D%220%200%20300%20208%22%3E%3C%2Fsvg%3E\" alt width=\"300\" height=\"208\" srcset=\"data:image\/svg+xml,%3Csvg%20xmlns%3D%22http%3A%2F%2Fwww.w3.org%2F2000%2Fsvg%22%20viewBox%3D%220%200%20300%20208%22%3E%3C%2Fsvg%3E 300w\" sizes=\"(max-width: 300px) 100vw, 300px\" data-srcset=\"https:\/\/premiumline-cabling.com\/wp-content\/uploads\/2019\/02\/FO-Panel_p-300x208.jpg 300w, https:\/\/premiumline-cabling.com\/wp-content\/uploads\/2019\/02\/FO-Panel_p-768x533.jpg 768w, https:\/\/premiumline-cabling.com\/wp-content\/uploads\/2019\/02\/FO-Panel_p.jpg 1024w\" data-src=\"https:\/\/premiumline-cabling.com\/wp-content\/uploads\/2019\/02\/FO-Panel_p-300x208.jpg\"><\/h3>\n<ul>\n<li>Telekommunikation<\/li>\n<li>Lokale Netzwerke<\/li>\n<li>FTTH, CATV<\/li>\n<li>Bietet Schutz, Kabelmanagement, Verbindung und Terminierung in Einem<\/li>\n<\/ul>\n<h3>ZEICHNUNG:<\/h3>\n<p><noscript><img decoding=\"async\" class=\"aligncenter wp-image-14745 size-full\" src=\"https:\/\/premiumline-cabling.com\/wp-content\/uploads\/2019\/02\/FO-Panel_d_1.jpg\" alt width=\"557\" height=\"279\" srcset=\"https:\/\/premiumline-cabling.com\/wp-content\/uploads\/2019\/02\/FO-Panel_d_1.jpg 557w, https:\/\/premiumline-cabling.com\/wp-content\/uploads\/2019\/02\/FO-Panel_d_1-300x150.jpg 300w\" sizes=\"(max-width: 557px) 100vw, 557px\"><\/noscript><img decoding=\"async\" class=\"aligncenter wp-image-14745 size-full lazyload\" src=\"data:image\/svg+xml,%3Csvg%20xmlns%3D%22http%3A%2F%2Fwww.w3.org%2F2000%2Fsvg%22%20viewBox%3D%220%200%20557%20279%22%3E%3C%2Fsvg%3E\" alt width=\"557\" height=\"279\" srcset=\"data:image\/svg+xml,%3Csvg%20xmlns%3D%22http%3A%2F%2Fwww.w3.org%2F2000%2Fsvg%22%20viewBox%3D%220%200%20557%20279%22%3E%3C%2Fsvg%3E 557w\" sizes=\"(max-width: 557px) 100vw, 557px\" data-srcset=\"https:\/\/premiumline-cabling.com\/wp-content\/uploads\/2019\/02\/FO-Panel_d_1.jpg 557w, https:\/\/premiumline-cabling.com\/wp-content\/uploads\/2019\/02\/FO-Panel_d_1-300x150.jpg 300w\" data-src=\"https:\/\/premiumline-cabling.com\/wp-content\/uploads\/2019\/02\/FO-Panel_d_1.jpg\"><\/p>\n<p><noscript><img decoding=\"async\" class=\"aligncenter wp-image-14751 size-full\" src=\"https:\/\/premiumline-cabling.com\/wp-content\/uploads\/2019\/02\/FO-Panel_d_2.jpg\" alt width=\"910\" height=\"403\" srcset=\"https:\/\/premiumline-cabling.com\/wp-content\/uploads\/2019\/02\/FO-Panel_d_2.jpg 910w, https:\/\/premiumline-cabling.com\/wp-content\/uploads\/2019\/02\/FO-Panel_d_2-300x133.jpg 300w, https:\/\/premiumline-cabling.com\/wp-content\/uploads\/2019\/02\/FO-Panel_d_2-768x340.jpg 768w\" sizes=\"(max-width: 910px) 100vw, 910px\"><\/noscript><img decoding=\"async\" class=\"aligncenter wp-image-14751 size-full lazyload\" src=\"data:image\/svg+xml,%3Csvg%20xmlns%3D%22http%3A%2F%2Fwww.w3.org%2F2000%2Fsvg%22%20viewBox%3D%220%200%20910%20403%22%3E%3C%2Fsvg%3E\" alt width=\"910\" height=\"403\" srcset=\"data:image\/svg+xml,%3Csvg%20xmlns%3D%22http%3A%2F%2Fwww.w3.org%2F2000%2Fsvg%22%20viewBox%3D%220%200%20910%20403%22%3E%3C%2Fsvg%3E 910w\" sizes=\"(max-width: 910px) 100vw, 910px\" data-srcset=\"https:\/\/premiumline-cabling.com\/wp-content\/uploads\/2019\/02\/FO-Panel_d_2.jpg 910w, https:\/\/premiumline-cabling.com\/wp-content\/uploads\/2019\/02\/FO-Panel_d_2-300x133.jpg 300w, https:\/\/premiumline-cabling.com\/wp-content\/uploads\/2019\/02\/FO-Panel_d_2-768x340.jpg 768w\" data-src=\"https:\/\/premiumline-cabling.com\/wp-content\/uploads\/2019\/02\/FO-Panel_d_2.jpg\"><\/p>\n<h3>BESTELLINFORMATION:<\/h3>\n<table>\n<tbody>\n<tr>\n<td width=\"141\">Art. Nr.<\/td>\n<td width=\"482\">241100002<\/td>\n<\/tr>\n<tr>\n<td width=\"141\">Bezeichnung<\/td>\n<td width=\"482\">Premium Line 19\u201c Glasfaser Patchpanel, Leergeh\u00e4use, schwarz<\/td>\n<\/tr>\n<tr>\n<td width=\"141\">Verpackung<\/td>\n<td width=\"482\">1 Stk\/Box, 5 Stk\/Karton<\/td>\n<\/tr>\n<tr>\n<td width=\"141\">Kartongr\u00f6\u00dfe<\/td>\n<td width=\"482\">55x28x30cm&nbsp;&nbsp;&nbsp; Gewicht: netto 14.5kg&nbsp;&nbsp; brutto 16.7kg<\/td>\n<\/tr>\n<\/tbody>\n<\/table>\n<p><a href=\"https:\/\/premiumline-cabling.com\/service_category\/fiber-optic-patch-panel-calculator\/\">Um schnell eine Kostenanfrage zu erstellen, nutzen Sie unseren Online-Kalkulator!<\/a><\/p>\n<h4><span style=\"color: #a13737;\"><strong><u>F\u00fcr mehr Informationen klicken Sie auf das \u201e+\u201c<\/u><\/strong><\/span><\/h4>\n<p><a href=\"https:\/\/premiumline-cabling.com\/de\/service_category\/visio-stencils\/\"><noscript><img decoding=\"async\" class=\"alignleft wp-image-14788\" src=\"https:\/\/premiumline-cabling.com\/wp-content\/uploads\/2019\/02\/visio_FO_panel-1024x210.jpg\" alt width=\"512\" height=\"105\" srcset=\"https:\/\/premiumline-cabling.com\/wp-content\/uploads\/2019\/02\/visio_FO_panel-1024x210.jpg 1024w, https:\/\/premiumline-cabling.com\/wp-content\/uploads\/2019\/02\/visio_FO_panel-300x62.jpg 300w, https:\/\/premiumline-cabling.com\/wp-content\/uploads\/2019\/02\/visio_FO_panel-768x158.jpg 768w, https:\/\/premiumline-cabling.com\/wp-content\/uploads\/2019\/02\/visio_FO_panel-1536x315.jpg 1536w, https:\/\/premiumline-cabling.com\/wp-content\/uploads\/2019\/02\/visio_FO_panel-2048x421.jpg 2048w\" sizes=\"(max-width: 512px) 100vw, 512px\"><\/noscript><img decoding=\"async\" class=\"alignleft wp-image-14788 lazyload\" src=\"data:image\/svg+xml,%3Csvg%20xmlns%3D%22http%3A%2F%2Fwww.w3.org%2F2000%2Fsvg%22%20viewBox%3D%220%200%20512%20105%22%3E%3C%2Fsvg%3E\" alt width=\"512\" height=\"105\" srcset=\"data:image\/svg+xml,%3Csvg%20xmlns%3D%22http%3A%2F%2Fwww.w3.org%2F2000%2Fsvg%22%20viewBox%3D%220%200%20512%20105%22%3E%3C%2Fsvg%3E 512w\" sizes=\"(max-width: 512px) 100vw, 512px\" data-srcset=\"https:\/\/premiumline-cabling.com\/wp-content\/uploads\/2019\/02\/visio_FO_panel-1024x210.jpg 1024w, https:\/\/premiumline-cabling.com\/wp-content\/uploads\/2019\/02\/visio_FO_panel-300x62.jpg 300w, https:\/\/premiumline-cabling.com\/wp-content\/uploads\/2019\/02\/visio_FO_panel-768x158.jpg 768w, https:\/\/premiumline-cabling.com\/wp-content\/uploads\/2019\/02\/visio_FO_panel-1536x315.jpg 1536w, https:\/\/premiumline-cabling.com\/wp-content\/uploads\/2019\/02\/visio_FO_panel-2048x421.jpg 2048w\" data-src=\"https:\/\/premiumline-cabling.com\/wp-content\/uploads\/2019\/02\/visio_FO_panel-1024x210.jpg\"><\/a><\/p>\n<p><a href=\"https:\/\/premiumline-cabling.com\/de\/service_category\/visio-stencils\/\"><noscript><img decoding=\"async\" class=\"alignright wp-image-15305\" src=\"https:\/\/premiumline-cabling.com\/wp-content\/uploads\/2019\/02\/img_Premium-Line_Visio_Sapes_de-300x157.jpg\" alt width=\"180\" height=\"94\" srcset=\"https:\/\/premiumline-cabling.com\/wp-content\/uploads\/2019\/02\/img_Premium-Line_Visio_Sapes_de-300x157.jpg 300w, https:\/\/premiumline-cabling.com\/wp-content\/uploads\/2019\/02\/img_Premium-Line_Visio_Sapes_de-768x401.jpg 768w, https:\/\/premiumline-cabling.com\/wp-content\/uploads\/2019\/02\/img_Premium-Line_Visio_Sapes_de.jpg 860w\" sizes=\"(max-width: 180px) 100vw, 180px\"><\/noscript><img decoding=\"async\" class=\"alignright wp-image-15305 lazyload\" src=\"data:image\/svg+xml,%3Csvg%20xmlns%3D%22http%3A%2F%2Fwww.w3.org%2F2000%2Fsvg%22%20viewBox%3D%220%200%20180%2094%22%3E%3C%2Fsvg%3E\" alt width=\"180\" height=\"94\" srcset=\"data:image\/svg+xml,%3Csvg%20xmlns%3D%22http%3A%2F%2Fwww.w3.org%2F2000%2Fsvg%22%20viewBox%3D%220%200%20180%2094%22%3E%3C%2Fsvg%3E 180w\" sizes=\"(max-width: 180px) 100vw, 180px\" data-srcset=\"https:\/\/premiumline-cabling.com\/wp-content\/uploads\/2019\/02\/img_Premium-Line_Visio_Sapes_de-300x157.jpg 300w, https:\/\/premiumline-cabling.com\/wp-content\/uploads\/2019\/02\/img_Premium-Line_Visio_Sapes_de-768x401.jpg 768w, https:\/\/premiumline-cabling.com\/wp-content\/uploads\/2019\/02\/img_Premium-Line_Visio_Sapes_de.jpg 860w\" data-src=\"https:\/\/premiumline-cabling.com\/wp-content\/uploads\/2019\/02\/img_Premium-Line_Visio_Sapes_de-300x157.jpg\"><\/a><\/p>\n<p>&nbsp;<\/p>\n","protected":false},"featured_media":8103,"template":"","product_category":[],"class_list":["post-15302","product","type-product","status-publish","has-post-thumbnail","hentry"],"yoast_head":"<!-- This site is optimized with the Yoast SEO plugin v27.4 - https:\/\/yoast.com\/product\/yoast-seo-wordpress\/ -->\n<title>Premium-Line 19\u201d Glasfaser Patchpanel, Leergeh\u00e4use, schwarz<\/title>\n<meta name=\"description\" content=\"\uf06c Modulares Design und eine breite Auswahl an Zubeh\u00f6r erlaubt die Konfektionierung des Patchpaneles wie Sie es ben\u00f6tigen.\" \/>\n<meta name=\"robots\" content=\"index, follow, max-snippet:-1, max-image-preview:large, max-video-preview:-1\" \/>\n<link rel=\"canonical\" href=\"https:\/\/premiumline-cabling.com\/de\/product\/19-fiber-optic-patch-panel\/\" \/>\n<meta property=\"og:locale\" content=\"de_DE\" \/>\n<meta property=\"og:type\" content=\"article\" \/>\n<meta property=\"og:title\" content=\"Premium-Line 19\u201d Glasfaser Patchpanel, Leergeh\u00e4use, schwarz\" \/>\n<meta property=\"og:description\" content=\"\uf06c Modulares Design und eine breite Auswahl an Zubeh\u00f6r erlaubt die Konfektionierung des Patchpaneles wie Sie es ben\u00f6tigen.\" \/>\n<meta property=\"og:url\" content=\"https:\/\/premiumline-cabling.com\/de\/product\/19-fiber-optic-patch-panel\/\" \/>\n<meta property=\"og:site_name\" content=\"Premium-Line\" \/>\n<meta property=\"article:modified_time\" content=\"2022-07-08T08:23:35+00:00\" \/>\n<meta property=\"og:image\" content=\"https:\/\/premiumline-cabling.com\/wp-content\/uploads\/2019\/02\/PL_imh_csm_local-area-network-241100002.jpg\" \/>\n\t<meta property=\"og:image:width\" content=\"283\" \/>\n\t<meta property=\"og:image:height\" content=\"220\" \/>\n\t<meta property=\"og:image:type\" content=\"image\/jpeg\" \/>\n<meta name=\"twitter:card\" content=\"summary_large_image\" \/>\n<meta name=\"twitter:label1\" content=\"Gesch\u00e4tzte Lesezeit\" \/>\n\t<meta name=\"twitter:data1\" content=\"3\u00a0Minuten\" \/>\n<script type=\"application\/ld+json\" class=\"yoast-schema-graph\">{\"@context\":\"https:\\\/\\\/schema.org\",\"@graph\":[{\"@type\":\"WebPage\",\"@id\":\"https:\\\/\\\/premiumline-cabling.com\\\/de\\\/product\\\/19-fiber-optic-patch-panel\\\/\",\"url\":\"https:\\\/\\\/premiumline-cabling.com\\\/de\\\/product\\\/19-fiber-optic-patch-panel\\\/\",\"name\":\"Premium-Line 19\u201d Glasfaser Patchpanel, Leergeh\u00e4use, schwarz\",\"isPartOf\":{\"@id\":\"https:\\\/\\\/premiumline-cabling.com\\\/#website\"},\"primaryImageOfPage\":{\"@id\":\"https:\\\/\\\/premiumline-cabling.com\\\/de\\\/product\\\/19-fiber-optic-patch-panel\\\/#primaryimage\"},\"image\":{\"@id\":\"https:\\\/\\\/premiumline-cabling.com\\\/de\\\/product\\\/19-fiber-optic-patch-panel\\\/#primaryimage\"},\"thumbnailUrl\":\"https:\\\/\\\/premiumline-cabling.com\\\/wp-content\\\/uploads\\\/2019\\\/02\\\/PL_imh_csm_local-area-network-241100002.jpg\",\"datePublished\":\"2019-02-03T13:06:15+00:00\",\"dateModified\":\"2022-07-08T08:23:35+00:00\",\"description\":\"\uf06c Modulares Design und eine breite Auswahl an Zubeh\u00f6r erlaubt die Konfektionierung des Patchpaneles wie Sie es ben\u00f6tigen.\",\"breadcrumb\":{\"@id\":\"https:\\\/\\\/premiumline-cabling.com\\\/de\\\/product\\\/19-fiber-optic-patch-panel\\\/#breadcrumb\"},\"inLanguage\":\"de\",\"potentialAction\":[{\"@type\":\"ReadAction\",\"target\":[\"https:\\\/\\\/premiumline-cabling.com\\\/de\\\/product\\\/19-fiber-optic-patch-panel\\\/\"]}]},{\"@type\":\"ImageObject\",\"inLanguage\":\"de\",\"@id\":\"https:\\\/\\\/premiumline-cabling.com\\\/de\\\/product\\\/19-fiber-optic-patch-panel\\\/#primaryimage\",\"url\":\"https:\\\/\\\/premiumline-cabling.com\\\/wp-content\\\/uploads\\\/2019\\\/02\\\/PL_imh_csm_local-area-network-241100002.jpg\",\"contentUrl\":\"https:\\\/\\\/premiumline-cabling.com\\\/wp-content\\\/uploads\\\/2019\\\/02\\\/PL_imh_csm_local-area-network-241100002.jpg\",\"width\":283,\"height\":220},{\"@type\":\"BreadcrumbList\",\"@id\":\"https:\\\/\\\/premiumline-cabling.com\\\/de\\\/product\\\/19-fiber-optic-patch-panel\\\/#breadcrumb\",\"itemListElement\":[{\"@type\":\"ListItem\",\"position\":1,\"name\":\"\u0413\u043b\u0430\u0432\u043d\u0430\u044f \u0441\u0442\u0440\u0430\u043d\u0438\u0446\u0430\",\"item\":\"https:\\\/\\\/premiumline-cabling.com\\\/de\\\/\"},{\"@type\":\"ListItem\",\"position\":2,\"name\":\"19\u201d Glasfaser Patchpanel\"}]},{\"@type\":\"WebSite\",\"@id\":\"https:\\\/\\\/premiumline-cabling.com\\\/#website\",\"url\":\"https:\\\/\\\/premiumline-cabling.com\\\/\",\"name\":\"Premium-Line\",\"description\":\"Structured Cabling System\",\"publisher\":{\"@id\":\"https:\\\/\\\/premiumline-cabling.com\\\/#organization\"},\"potentialAction\":[{\"@type\":\"SearchAction\",\"target\":{\"@type\":\"EntryPoint\",\"urlTemplate\":\"https:\\\/\\\/premiumline-cabling.com\\\/?s={search_term_string}\"},\"query-input\":{\"@type\":\"PropertyValueSpecification\",\"valueRequired\":true,\"valueName\":\"search_term_string\"}}],\"inLanguage\":\"de\"},{\"@type\":\"Organization\",\"@id\":\"https:\\\/\\\/premiumline-cabling.com\\\/#organization\",\"name\":\"Premium-Line\",\"url\":\"https:\\\/\\\/premiumline-cabling.com\\\/\",\"logo\":{\"@type\":\"ImageObject\",\"inLanguage\":\"de\",\"@id\":\"https:\\\/\\\/premiumline-cabling.com\\\/#\\\/schema\\\/logo\\\/image\\\/\",\"url\":\"https:\\\/\\\/premiumline-cabling.com\\\/wp-content\\\/uploads\\\/2019\\\/04\\\/cropped-img_logo_site_Premium-Line.png\",\"contentUrl\":\"https:\\\/\\\/premiumline-cabling.com\\\/wp-content\\\/uploads\\\/2019\\\/04\\\/cropped-img_logo_site_Premium-Line.png\",\"width\":190,\"height\":62,\"caption\":\"Premium-Line\"},\"image\":{\"@id\":\"https:\\\/\\\/premiumline-cabling.com\\\/#\\\/schema\\\/logo\\\/image\\\/\"}}]}<\/script>\n<!-- \/ Yoast SEO plugin. -->","yoast_head_json":{"title":"Premium-Line 19\u201d Glasfaser Patchpanel, Leergeh\u00e4use, schwarz","description":"\uf06c Modulares Design und eine breite Auswahl an Zubeh\u00f6r erlaubt die Konfektionierung des Patchpaneles wie Sie es ben\u00f6tigen.","robots":{"index":"index","follow":"follow","max-snippet":"max-snippet:-1","max-image-preview":"max-image-preview:large","max-video-preview":"max-video-preview:-1"},"canonical":"https:\/\/premiumline-cabling.com\/de\/product\/19-fiber-optic-patch-panel\/","og_locale":"de_DE","og_type":"article","og_title":"Premium-Line 19\u201d Glasfaser Patchpanel, Leergeh\u00e4use, schwarz","og_description":"\uf06c Modulares Design und eine breite Auswahl an Zubeh\u00f6r erlaubt die Konfektionierung des Patchpaneles wie Sie es ben\u00f6tigen.","og_url":"https:\/\/premiumline-cabling.com\/de\/product\/19-fiber-optic-patch-panel\/","og_site_name":"Premium-Line","article_modified_time":"2022-07-08T08:23:35+00:00","og_image":[{"width":283,"height":220,"url":"https:\/\/premiumline-cabling.com\/wp-content\/uploads\/2019\/02\/PL_imh_csm_local-area-network-241100002.jpg","type":"image\/jpeg"}],"twitter_card":"summary_large_image","twitter_misc":{"Gesch\u00e4tzte Lesezeit":"3\u00a0Minuten"},"schema":{"@context":"https:\/\/schema.org","@graph":[{"@type":"WebPage","@id":"https:\/\/premiumline-cabling.com\/de\/product\/19-fiber-optic-patch-panel\/","url":"https:\/\/premiumline-cabling.com\/de\/product\/19-fiber-optic-patch-panel\/","name":"Premium-Line 19\u201d Glasfaser Patchpanel, Leergeh\u00e4use, schwarz","isPartOf":{"@id":"https:\/\/premiumline-cabling.com\/#website"},"primaryImageOfPage":{"@id":"https:\/\/premiumline-cabling.com\/de\/product\/19-fiber-optic-patch-panel\/#primaryimage"},"image":{"@id":"https:\/\/premiumline-cabling.com\/de\/product\/19-fiber-optic-patch-panel\/#primaryimage"},"thumbnailUrl":"https:\/\/premiumline-cabling.com\/wp-content\/uploads\/2019\/02\/PL_imh_csm_local-area-network-241100002.jpg","datePublished":"2019-02-03T13:06:15+00:00","dateModified":"2022-07-08T08:23:35+00:00","description":"\uf06c Modulares Design und eine breite Auswahl an Zubeh\u00f6r erlaubt die Konfektionierung des Patchpaneles wie Sie es ben\u00f6tigen.","breadcrumb":{"@id":"https:\/\/premiumline-cabling.com\/de\/product\/19-fiber-optic-patch-panel\/#breadcrumb"},"inLanguage":"de","potentialAction":[{"@type":"ReadAction","target":["https:\/\/premiumline-cabling.com\/de\/product\/19-fiber-optic-patch-panel\/"]}]},{"@type":"ImageObject","inLanguage":"de","@id":"https:\/\/premiumline-cabling.com\/de\/product\/19-fiber-optic-patch-panel\/#primaryimage","url":"https:\/\/premiumline-cabling.com\/wp-content\/uploads\/2019\/02\/PL_imh_csm_local-area-network-241100002.jpg","contentUrl":"https:\/\/premiumline-cabling.com\/wp-content\/uploads\/2019\/02\/PL_imh_csm_local-area-network-241100002.jpg","width":283,"height":220},{"@type":"BreadcrumbList","@id":"https:\/\/premiumline-cabling.com\/de\/product\/19-fiber-optic-patch-panel\/#breadcrumb","itemListElement":[{"@type":"ListItem","position":1,"name":"\u0413\u043b\u0430\u0432\u043d\u0430\u044f \u0441\u0442\u0440\u0430\u043d\u0438\u0446\u0430","item":"https:\/\/premiumline-cabling.com\/de\/"},{"@type":"ListItem","position":2,"name":"19\u201d Glasfaser Patchpanel"}]},{"@type":"WebSite","@id":"https:\/\/premiumline-cabling.com\/#website","url":"https:\/\/premiumline-cabling.com\/","name":"Premium-Line","description":"Structured Cabling System","publisher":{"@id":"https:\/\/premiumline-cabling.com\/#organization"},"potentialAction":[{"@type":"SearchAction","target":{"@type":"EntryPoint","urlTemplate":"https:\/\/premiumline-cabling.com\/?s={search_term_string}"},"query-input":{"@type":"PropertyValueSpecification","valueRequired":true,"valueName":"search_term_string"}}],"inLanguage":"de"},{"@type":"Organization","@id":"https:\/\/premiumline-cabling.com\/#organization","name":"Premium-Line","url":"https:\/\/premiumline-cabling.com\/","logo":{"@type":"ImageObject","inLanguage":"de","@id":"https:\/\/premiumline-cabling.com\/#\/schema\/logo\/image\/","url":"https:\/\/premiumline-cabling.com\/wp-content\/uploads\/2019\/04\/cropped-img_logo_site_Premium-Line.png","contentUrl":"https:\/\/premiumline-cabling.com\/wp-content\/uploads\/2019\/04\/cropped-img_logo_site_Premium-Line.png","width":190,"height":62,"caption":"Premium-Line"},"image":{"@id":"https:\/\/premiumline-cabling.com\/#\/schema\/logo\/image\/"}}]}},"_links":{"self":[{"href":"https:\/\/premiumline-cabling.com\/de\/wp-json\/wp\/v2\/product\/15302","targetHints":{"allow":["GET"]}}],"collection":[{"href":"https:\/\/premiumline-cabling.com\/de\/wp-json\/wp\/v2\/product"}],"about":[{"href":"https:\/\/premiumline-cabling.com\/de\/wp-json\/wp\/v2\/types\/product"}],"wp:featuredmedia":[{"embeddable":true,"href":"https:\/\/premiumline-cabling.com\/de\/wp-json\/wp\/v2\/media\/8103"}],"wp:attachment":[{"href":"https:\/\/premiumline-cabling.com\/de\/wp-json\/wp\/v2\/media?parent=15302"}],"wp:term":[{"taxonomy":"product_category","embeddable":true,"href":"https:\/\/premiumline-cabling.com\/de\/wp-json\/wp\/v2\/product_category?post=15302"}],"curies":[{"name":"wp","href":"https:\/\/api.w.org\/{rel}","templated":true}]}}