{"id":15291,"date":"2019-02-03T14:33:51","date_gmt":"2019-02-03T13:33:51","guid":{"rendered":"https:\/\/www.premiumline-cabling.com\/product\/wall-mount-box\/"},"modified":"2022-06-03T17:27:17","modified_gmt":"2022-06-03T16:27:17","slug":"wall-mount-box","status":"publish","type":"product","link":"https:\/\/premiumline-cabling.com\/de\/product\/wall-mount-box\/","title":{"rendered":"Glasfaser Wandgeh\u00e4use 48-Port"},"content":{"rendered":"<h2>Glasfaser Wandgeh\u00e4use, 24-Port<\/h2>\n<p>Das Premium Line Wandgeh\u00e4use wird f\u00fcr die direkte Terminierung der Glasfaserkabel verwendet. Die Kabeleinf\u00fchrungen befinden sich hinten an der Wandseite. Dadurch werden die Kabel zus\u00e4tzlich gesch\u00fctzt. Die Box hat zwei getrennte Bereiche: einer f\u00fcr das Splei\u00dfen, der andere f\u00fcr die Steckverbindungen<\/p>\n<h3>EIGENSCHAFTEN:<\/h3>\n<ul>\n<li><a href=\"https:\/\/premiumline-cabling.com\/wp-content\/uploads\/2019\/02\/img_PL_Wall-Mount-Box.jpg\"><noscript><img decoding=\"async\" class=\"wp-image-612 size-medium alignright\" src=\"https:\/\/premiumline-cabling.com\/wp-content\/uploads\/2019\/02\/img_PL_Wall-Mount-Box-300x187.jpg\" alt width=\"300\" height=\"187\"><\/noscript><img decoding=\"async\" class=\"wp-image-612 size-medium alignright lazyload\" src=\"data:image\/svg+xml,%3Csvg%20xmlns%3D%22http%3A%2F%2Fwww.w3.org%2F2000%2Fsvg%22%20viewBox%3D%220%200%20300%20187%22%3E%3C%2Fsvg%3E\" alt width=\"300\" height=\"187\" data-src=\"https:\/\/premiumline-cabling.com\/wp-content\/uploads\/2019\/02\/img_PL_Wall-Mount-Box-300x187.jpg\"><\/a>Das Geh\u00e4use ist verst\u00e4rkt. Es ist dadurch solide und langlebig<\/li>\n<li>Versperrbare Frontt\u00fcre<\/li>\n<li>Geeignet f\u00fcr SC\/ST\/FC Simplex, LC Duplex<\/li>\n<li>Abmessungen: 455*405*120mm<\/li>\n<li>Die innenliegenden Adapterb\u00e4nke k\u00f6nnen SC-, ST-, FC- und LC-Adapter aufnehmen<\/li>\n<li>Justierbare Position der Splei\u00dfkassette<\/li>\n<li>RoHS konform<\/li>\n<\/ul>\n<table width=\"321\">\n<tbody>\n<tr>\n<td width=\"167\">\n<p style=\"text-align: left;\"><strong>SC\/<\/strong><strong>ST\/FC <\/strong>(Simplex)<\/p>\n<\/td>\n<td width=\"155\"><strong>LC<\/strong> (Duplex)<\/td>\n<\/tr>\n<tr>\n<td width=\"167\">48<\/td>\n<td width=\"155\">96<\/td>\n<\/tr>\n<\/tbody>\n<\/table>\n<h3>EIGENSCHAFTEN:<\/h3>\n<ul>\n<li>perfekte und zuverl\u00e4ssige Abdichtung<\/li>\n<li>splei\u00dfen, lagern und verteilen<\/li>\n<li>einfache Handhabung<\/li>\n<li>zuverl\u00e4ssige Erdung und Schutz<\/li>\n<li>garantierte Einhaltung der Biegeradien<\/li>\n<li>Einfache Installation und Wartung<\/li>\n<\/ul>\n<h3>ANWENDUNGEN:<\/h3>\n<ul>\n<li>F\u00fcr Glasfasersplei\u00dfung, Schutz und Verteilung<\/li>\n<li>Nur f\u00fcr Innenr\u00e4ume zu verwenden<\/li>\n<\/ul>\n<h3>BESTELLINFORMATION:<\/h3>\n<table>\n<tbody>\n<tr>\n<td width=\"160\">Art.Nr.<\/td>\n<td width=\"463\">2510xy480<\/td>\n<\/tr>\n<tr>\n<td width=\"160\">Beschreibung<\/td>\n<td width=\"463\">Premium-Line Glasfaser Wandgeh\u00e4use, 48-Port, ohne Adapter<\/td>\n<\/tr>\n<tr>\n<td width=\"160\">x: Adapterpanel<\/td>\n<td width=\"463\">1: simplex&nbsp; 2: duplex (nur LC)<\/td>\n<\/tr>\n<tr>\n<td width=\"160\">y: Adaptertyp<\/td>\n<td width=\"463\">1: SC&nbsp;&nbsp;&nbsp; 2: ST&nbsp;&nbsp;&nbsp; 3: FC&nbsp;&nbsp;&nbsp; 4: LC (duplex)<\/td>\n<\/tr>\n<tr>\n<td width=\"160\">Verpackung:<\/td>\n<td width=\"463\">1 Stk\/Box, 4 Stk\/KartonKartongr\u00f6\u00dfe: 55x45x49cm&nbsp;&nbsp;&nbsp; Gewicht: netto 24kg&nbsp;&nbsp; brutto 25kg<\/td>\n<\/tr>\n<\/tbody>\n<\/table>\n<p>&nbsp;<\/p>\n<table>\n<tbody>\n<tr>\n<td width=\"154\"><strong>Art.Nr.<\/strong><\/td>\n<td width=\"385\"><strong>Beschreibung<\/strong><\/td>\n<\/tr>\n<tr>\n<td width=\"154\">251011480<\/td>\n<td width=\"385\">Wandgeh\u00e4use f\u00fcr 48 Fasern, SC (simplex), ohne Adapter<\/td>\n<\/tr>\n<tr>\n<td width=\"154\">251012480<\/td>\n<td width=\"385\">Wandgeh\u00e4use f\u00fcr 48 Fasern, ST (simplex), ohne Adapter<\/td>\n<\/tr>\n<tr>\n<td width=\"154\">251013480<\/td>\n<td width=\"385\">Wandgeh\u00e4use f\u00fcr 48 Fasern, FC (simplex), ohne Adapter<\/td>\n<\/tr>\n<tr>\n<td width=\"154\">251024480<\/td>\n<td width=\"385\">Wandgeh\u00e4use f\u00fcr 96 Fasern, LC (duplex), ohne Adapter<\/td>\n<\/tr>\n<\/tbody>\n<\/table>\n<p>&nbsp;<\/p>\n","protected":false},"featured_media":8131,"template":"","product_category":[106],"class_list":["post-15291","product","type-product","status-publish","has-post-thumbnail","hentry","product_category-local-area-network"],"yoast_head":"<!-- This site is optimized with the Yoast SEO plugin v27.4 - https:\/\/yoast.com\/product\/yoast-seo-wordpress\/ -->\n<title>Premium-Line Glasfaser Wandgeh\u00e4use, 48-Port, ohne Adapter<\/title>\n<meta name=\"description\" content=\"Wandgeh\u00e4use wird f\u00fcr die direkte Terminierung der Glasfaserkabel verwendet. Die Kabeleinf\u00fchrungen befinden sich hinten an der Wandseite.\" \/>\n<meta name=\"robots\" content=\"index, follow, max-snippet:-1, max-image-preview:large, max-video-preview:-1\" \/>\n<link rel=\"canonical\" href=\"https:\/\/premiumline-cabling.com\/de\/product\/wall-mount-box\/\" \/>\n<meta property=\"og:locale\" content=\"de_DE\" \/>\n<meta property=\"og:type\" content=\"article\" \/>\n<meta property=\"og:title\" content=\"Premium-Line Glasfaser Wandgeh\u00e4use, 48-Port, ohne Adapter\" \/>\n<meta property=\"og:description\" content=\"Wandgeh\u00e4use wird f\u00fcr die direkte Terminierung der Glasfaserkabel verwendet. Die Kabeleinf\u00fchrungen befinden sich hinten an der Wandseite.\" \/>\n<meta property=\"og:url\" content=\"https:\/\/premiumline-cabling.com\/de\/product\/wall-mount-box\/\" \/>\n<meta property=\"og:site_name\" content=\"Premium-Line\" \/>\n<meta property=\"article:modified_time\" content=\"2022-06-03T16:27:17+00:00\" \/>\n<meta property=\"og:image\" content=\"https:\/\/premiumline-cabling.com\/wp-content\/uploads\/2019\/02\/img_PL_Wall-Mount-Box_1.jpg\" \/>\n\t<meta property=\"og:image:width\" content=\"283\" \/>\n\t<meta property=\"og:image:height\" content=\"220\" \/>\n\t<meta property=\"og:image:type\" content=\"image\/jpeg\" \/>\n<meta name=\"twitter:card\" content=\"summary_large_image\" \/>\n<meta name=\"twitter:label1\" content=\"Gesch\u00e4tzte Lesezeit\" \/>\n\t<meta name=\"twitter:data1\" content=\"2\u00a0Minuten\" \/>\n<script type=\"application\/ld+json\" class=\"yoast-schema-graph\">{\"@context\":\"https:\\\/\\\/schema.org\",\"@graph\":[{\"@type\":\"WebPage\",\"@id\":\"https:\\\/\\\/premiumline-cabling.com\\\/de\\\/product\\\/wall-mount-box\\\/\",\"url\":\"https:\\\/\\\/premiumline-cabling.com\\\/de\\\/product\\\/wall-mount-box\\\/\",\"name\":\"Premium-Line Glasfaser Wandgeh\u00e4use, 48-Port, ohne Adapter\",\"isPartOf\":{\"@id\":\"https:\\\/\\\/premiumline-cabling.com\\\/#website\"},\"primaryImageOfPage\":{\"@id\":\"https:\\\/\\\/premiumline-cabling.com\\\/de\\\/product\\\/wall-mount-box\\\/#primaryimage\"},\"image\":{\"@id\":\"https:\\\/\\\/premiumline-cabling.com\\\/de\\\/product\\\/wall-mount-box\\\/#primaryimage\"},\"thumbnailUrl\":\"https:\\\/\\\/premiumline-cabling.com\\\/wp-content\\\/uploads\\\/2019\\\/02\\\/img_PL_Wall-Mount-Box_1.jpg\",\"datePublished\":\"2019-02-03T13:33:51+00:00\",\"dateModified\":\"2022-06-03T16:27:17+00:00\",\"description\":\"Wandgeh\u00e4use wird f\u00fcr die direkte Terminierung der Glasfaserkabel verwendet. Die Kabeleinf\u00fchrungen befinden sich hinten an der Wandseite.\",\"breadcrumb\":{\"@id\":\"https:\\\/\\\/premiumline-cabling.com\\\/de\\\/product\\\/wall-mount-box\\\/#breadcrumb\"},\"inLanguage\":\"de\",\"potentialAction\":[{\"@type\":\"ReadAction\",\"target\":[\"https:\\\/\\\/premiumline-cabling.com\\\/de\\\/product\\\/wall-mount-box\\\/\"]}]},{\"@type\":\"ImageObject\",\"inLanguage\":\"de\",\"@id\":\"https:\\\/\\\/premiumline-cabling.com\\\/de\\\/product\\\/wall-mount-box\\\/#primaryimage\",\"url\":\"https:\\\/\\\/premiumline-cabling.com\\\/wp-content\\\/uploads\\\/2019\\\/02\\\/img_PL_Wall-Mount-Box_1.jpg\",\"contentUrl\":\"https:\\\/\\\/premiumline-cabling.com\\\/wp-content\\\/uploads\\\/2019\\\/02\\\/img_PL_Wall-Mount-Box_1.jpg\",\"width\":283,\"height\":220},{\"@type\":\"BreadcrumbList\",\"@id\":\"https:\\\/\\\/premiumline-cabling.com\\\/de\\\/product\\\/wall-mount-box\\\/#breadcrumb\",\"itemListElement\":[{\"@type\":\"ListItem\",\"position\":1,\"name\":\"\u0413\u043b\u0430\u0432\u043d\u0430\u044f \u0441\u0442\u0440\u0430\u043d\u0438\u0446\u0430\",\"item\":\"https:\\\/\\\/premiumline-cabling.com\\\/de\\\/\"},{\"@type\":\"ListItem\",\"position\":2,\"name\":\"Glasfaser Wandgeh\u00e4use 48-Port\"}]},{\"@type\":\"WebSite\",\"@id\":\"https:\\\/\\\/premiumline-cabling.com\\\/#website\",\"url\":\"https:\\\/\\\/premiumline-cabling.com\\\/\",\"name\":\"Premium-Line\",\"description\":\"Structured Cabling System\",\"publisher\":{\"@id\":\"https:\\\/\\\/premiumline-cabling.com\\\/#organization\"},\"potentialAction\":[{\"@type\":\"SearchAction\",\"target\":{\"@type\":\"EntryPoint\",\"urlTemplate\":\"https:\\\/\\\/premiumline-cabling.com\\\/?s={search_term_string}\"},\"query-input\":{\"@type\":\"PropertyValueSpecification\",\"valueRequired\":true,\"valueName\":\"search_term_string\"}}],\"inLanguage\":\"de\"},{\"@type\":\"Organization\",\"@id\":\"https:\\\/\\\/premiumline-cabling.com\\\/#organization\",\"name\":\"Premium-Line\",\"url\":\"https:\\\/\\\/premiumline-cabling.com\\\/\",\"logo\":{\"@type\":\"ImageObject\",\"inLanguage\":\"de\",\"@id\":\"https:\\\/\\\/premiumline-cabling.com\\\/#\\\/schema\\\/logo\\\/image\\\/\",\"url\":\"https:\\\/\\\/premiumline-cabling.com\\\/wp-content\\\/uploads\\\/2019\\\/04\\\/cropped-img_logo_site_Premium-Line.png\",\"contentUrl\":\"https:\\\/\\\/premiumline-cabling.com\\\/wp-content\\\/uploads\\\/2019\\\/04\\\/cropped-img_logo_site_Premium-Line.png\",\"width\":190,\"height\":62,\"caption\":\"Premium-Line\"},\"image\":{\"@id\":\"https:\\\/\\\/premiumline-cabling.com\\\/#\\\/schema\\\/logo\\\/image\\\/\"}}]}<\/script>\n<!-- \/ Yoast SEO plugin. -->","yoast_head_json":{"title":"Premium-Line Glasfaser Wandgeh\u00e4use, 48-Port, ohne Adapter","description":"Wandgeh\u00e4use wird f\u00fcr die direkte Terminierung der Glasfaserkabel verwendet. Die Kabeleinf\u00fchrungen befinden sich hinten an der Wandseite.","robots":{"index":"index","follow":"follow","max-snippet":"max-snippet:-1","max-image-preview":"max-image-preview:large","max-video-preview":"max-video-preview:-1"},"canonical":"https:\/\/premiumline-cabling.com\/de\/product\/wall-mount-box\/","og_locale":"de_DE","og_type":"article","og_title":"Premium-Line Glasfaser Wandgeh\u00e4use, 48-Port, ohne Adapter","og_description":"Wandgeh\u00e4use wird f\u00fcr die direkte Terminierung der Glasfaserkabel verwendet. Die Kabeleinf\u00fchrungen befinden sich hinten an der Wandseite.","og_url":"https:\/\/premiumline-cabling.com\/de\/product\/wall-mount-box\/","og_site_name":"Premium-Line","article_modified_time":"2022-06-03T16:27:17+00:00","og_image":[{"width":283,"height":220,"url":"https:\/\/premiumline-cabling.com\/wp-content\/uploads\/2019\/02\/img_PL_Wall-Mount-Box_1.jpg","type":"image\/jpeg"}],"twitter_card":"summary_large_image","twitter_misc":{"Gesch\u00e4tzte Lesezeit":"2\u00a0Minuten"},"schema":{"@context":"https:\/\/schema.org","@graph":[{"@type":"WebPage","@id":"https:\/\/premiumline-cabling.com\/de\/product\/wall-mount-box\/","url":"https:\/\/premiumline-cabling.com\/de\/product\/wall-mount-box\/","name":"Premium-Line Glasfaser Wandgeh\u00e4use, 48-Port, ohne Adapter","isPartOf":{"@id":"https:\/\/premiumline-cabling.com\/#website"},"primaryImageOfPage":{"@id":"https:\/\/premiumline-cabling.com\/de\/product\/wall-mount-box\/#primaryimage"},"image":{"@id":"https:\/\/premiumline-cabling.com\/de\/product\/wall-mount-box\/#primaryimage"},"thumbnailUrl":"https:\/\/premiumline-cabling.com\/wp-content\/uploads\/2019\/02\/img_PL_Wall-Mount-Box_1.jpg","datePublished":"2019-02-03T13:33:51+00:00","dateModified":"2022-06-03T16:27:17+00:00","description":"Wandgeh\u00e4use wird f\u00fcr die direkte Terminierung der Glasfaserkabel verwendet. Die Kabeleinf\u00fchrungen befinden sich hinten an der Wandseite.","breadcrumb":{"@id":"https:\/\/premiumline-cabling.com\/de\/product\/wall-mount-box\/#breadcrumb"},"inLanguage":"de","potentialAction":[{"@type":"ReadAction","target":["https:\/\/premiumline-cabling.com\/de\/product\/wall-mount-box\/"]}]},{"@type":"ImageObject","inLanguage":"de","@id":"https:\/\/premiumline-cabling.com\/de\/product\/wall-mount-box\/#primaryimage","url":"https:\/\/premiumline-cabling.com\/wp-content\/uploads\/2019\/02\/img_PL_Wall-Mount-Box_1.jpg","contentUrl":"https:\/\/premiumline-cabling.com\/wp-content\/uploads\/2019\/02\/img_PL_Wall-Mount-Box_1.jpg","width":283,"height":220},{"@type":"BreadcrumbList","@id":"https:\/\/premiumline-cabling.com\/de\/product\/wall-mount-box\/#breadcrumb","itemListElement":[{"@type":"ListItem","position":1,"name":"\u0413\u043b\u0430\u0432\u043d\u0430\u044f \u0441\u0442\u0440\u0430\u043d\u0438\u0446\u0430","item":"https:\/\/premiumline-cabling.com\/de\/"},{"@type":"ListItem","position":2,"name":"Glasfaser Wandgeh\u00e4use 48-Port"}]},{"@type":"WebSite","@id":"https:\/\/premiumline-cabling.com\/#website","url":"https:\/\/premiumline-cabling.com\/","name":"Premium-Line","description":"Structured Cabling System","publisher":{"@id":"https:\/\/premiumline-cabling.com\/#organization"},"potentialAction":[{"@type":"SearchAction","target":{"@type":"EntryPoint","urlTemplate":"https:\/\/premiumline-cabling.com\/?s={search_term_string}"},"query-input":{"@type":"PropertyValueSpecification","valueRequired":true,"valueName":"search_term_string"}}],"inLanguage":"de"},{"@type":"Organization","@id":"https:\/\/premiumline-cabling.com\/#organization","name":"Premium-Line","url":"https:\/\/premiumline-cabling.com\/","logo":{"@type":"ImageObject","inLanguage":"de","@id":"https:\/\/premiumline-cabling.com\/#\/schema\/logo\/image\/","url":"https:\/\/premiumline-cabling.com\/wp-content\/uploads\/2019\/04\/cropped-img_logo_site_Premium-Line.png","contentUrl":"https:\/\/premiumline-cabling.com\/wp-content\/uploads\/2019\/04\/cropped-img_logo_site_Premium-Line.png","width":190,"height":62,"caption":"Premium-Line"},"image":{"@id":"https:\/\/premiumline-cabling.com\/#\/schema\/logo\/image\/"}}]}},"_links":{"self":[{"href":"https:\/\/premiumline-cabling.com\/de\/wp-json\/wp\/v2\/product\/15291","targetHints":{"allow":["GET"]}}],"collection":[{"href":"https:\/\/premiumline-cabling.com\/de\/wp-json\/wp\/v2\/product"}],"about":[{"href":"https:\/\/premiumline-cabling.com\/de\/wp-json\/wp\/v2\/types\/product"}],"wp:featuredmedia":[{"embeddable":true,"href":"https:\/\/premiumline-cabling.com\/de\/wp-json\/wp\/v2\/media\/8131"}],"wp:attachment":[{"href":"https:\/\/premiumline-cabling.com\/de\/wp-json\/wp\/v2\/media?parent=15291"}],"wp:term":[{"taxonomy":"product_category","embeddable":true,"href":"https:\/\/premiumline-cabling.com\/de\/wp-json\/wp\/v2\/product_category?post=15291"}],"curies":[{"name":"wp","href":"https:\/\/api.w.org\/{rel}","templated":true}]}}