{"id":15186,"date":"2019-01-15T18:48:32","date_gmt":"2019-01-15T17:48:32","guid":{"rendered":"https:\/\/www.premiumline-cabling.com\/product\/outdoor-steel-armored-double-sheath-multi-tube-fiber-optic-cable\/"},"modified":"2022-05-31T10:55:37","modified_gmt":"2022-05-31T09:55:37","slug":"outdoor-steel-armored-double-sheath-multi-tube-fiber-optic-cable","status":"publish","type":"product","link":"https:\/\/premiumline-cabling.com\/de\/product\/outdoor-steel-armored-double-sheath-multi-tube-fiber-optic-cable\/","title":{"rendered":"Au\u00dfenglasfaserkabel Doppelmantel"},"content":{"rendered":"<p>&nbsp;<\/p>\n<h2>Glasfaserkabel SM \/ MM, Multitube mit zentraler Stahlseele metallischer Zwischenmantel<\/h2>\n<h3>BESCHREIBUNG:<a href=\"https:\/\/premiumline-cabling.com\/wp-content\/uploads\/2019\/01\/PL_img_csm_wide-area-network-266223004_83abad400c.jpg\"><noscript><img decoding=\"async\" class=\"alignright wp-image-472 size-medium\" src=\"https:\/\/premiumline-cabling.com\/wp-content\/uploads\/2019\/01\/PL_img_csm_wide-area-network-266223004_83abad400c-300x168.jpg\" alt width=\"300\" height=\"168\" srcset=\"https:\/\/premiumline-cabling.com\/wp-content\/uploads\/2019\/01\/PL_img_csm_wide-area-network-266223004_83abad400c-300x168.jpg 300w, https:\/\/premiumline-cabling.com\/wp-content\/uploads\/2019\/01\/PL_img_csm_wide-area-network-266223004_83abad400c-768x431.jpg 768w, https:\/\/premiumline-cabling.com\/wp-content\/uploads\/2019\/01\/PL_img_csm_wide-area-network-266223004_83abad400c-430x240.jpg 430w, https:\/\/premiumline-cabling.com\/wp-content\/uploads\/2019\/01\/PL_img_csm_wide-area-network-266223004_83abad400c-382x214.jpg 382w, https:\/\/premiumline-cabling.com\/wp-content\/uploads\/2019\/01\/PL_img_csm_wide-area-network-266223004_83abad400c.jpg 800w\" sizes=\"(max-width: 300px) 100vw, 300px\"><\/noscript><img decoding=\"async\" class=\"alignright wp-image-472 size-medium lazyload\" src=\"data:image\/svg+xml,%3Csvg%20xmlns%3D%22http%3A%2F%2Fwww.w3.org%2F2000%2Fsvg%22%20viewBox%3D%220%200%20300%20168%22%3E%3C%2Fsvg%3E\" alt width=\"300\" height=\"168\" srcset=\"data:image\/svg+xml,%3Csvg%20xmlns%3D%22http%3A%2F%2Fwww.w3.org%2F2000%2Fsvg%22%20viewBox%3D%220%200%20300%20168%22%3E%3C%2Fsvg%3E 300w\" sizes=\"(max-width: 300px) 100vw, 300px\" data-srcset=\"https:\/\/premiumline-cabling.com\/wp-content\/uploads\/2019\/01\/PL_img_csm_wide-area-network-266223004_83abad400c-300x168.jpg 300w, https:\/\/premiumline-cabling.com\/wp-content\/uploads\/2019\/01\/PL_img_csm_wide-area-network-266223004_83abad400c-768x431.jpg 768w, https:\/\/premiumline-cabling.com\/wp-content\/uploads\/2019\/01\/PL_img_csm_wide-area-network-266223004_83abad400c-430x240.jpg 430w, https:\/\/premiumline-cabling.com\/wp-content\/uploads\/2019\/01\/PL_img_csm_wide-area-network-266223004_83abad400c-382x214.jpg 382w, https:\/\/premiumline-cabling.com\/wp-content\/uploads\/2019\/01\/PL_img_csm_wide-area-network-266223004_83abad400c.jpg 800w\" data-src=\"https:\/\/premiumline-cabling.com\/wp-content\/uploads\/2019\/01\/PL_img_csm_wide-area-network-266223004_83abad400c-300x168.jpg\"><\/a><\/h3>\n<p>Die 250um-Fasern sind in einem Loose-Tube aus High-Modulus-Plastik eingelassen. Die Tubes sind mit einem wasserbest\u00e4ndigen Thixotropic-Gel gef\u00fcllt. Eine Stahlseele (je nach Adernzahl mit umliegendem Polyethylen) liegt als St\u00fctzelement in der Mitte des Kabels und wirkt als metallischer Tr\u00e4ger. Die Tubes sind um das St\u00fctzelement zu einem kompakten Kern verseilt. Ein Aluminium-Polyethylen-Laminat (APL) liegt um den Kabelkern. Zus\u00e4tzlich bildet eine d\u00fcnne Schicht aus Polyethylen (PE) einen inneren Mantel. Ein umliegender metallischer Mantel verhindert eine Besch\u00e4digung des Kabels. Zwischen dem inneren Mantel und dem Metallschutz ist ein wasserblockendes Material eingebracht. Den Au\u00dfenmantel bildet eine Schicht aus schwarzem Polyethylen (PE) oder LSOH-Material.<\/p>\n<h3>EIGENSCHAFTEN:<\/h3>\n<ul>\n<li>Gute mechanische und thermische Eigenschaften<\/li>\n<li>Eine spezielle F\u00fcllung sichert den Schutz der Adern<\/li>\n<li>Schlagfest und flexible<\/li>\n<li>Das kompakte Design sch\u00fctzt die Loos-Tubes<\/li>\n<\/ul>\n<h3>\u00dcBEREINSTIMMUNGEN MIT:<\/h3>\n<ul>\n<li>ITU-T G651D \/ ITU-T G652D<\/li>\n<li>ANSI\/TIA 568-C.3, EIA\/TIA 492<\/li>\n<li>IEC-60793, IEC-60794, IEC-60332-1<\/li>\n<li>RoHS konform<\/li>\n<\/ul>\n<h3>ANWENDUNGEN:<\/h3>\n<ul>\n<li>Geeignet f\u00fcr die Erdverlegung, Freih\u00e4ngend oder Schachtverlegung<\/li>\n<li>Aussenverlegung<\/li>\n<\/ul>\n<h3>ZEICHNUNG:<\/h3>\n<p><noscript><img decoding=\"async\" class=\"aligncenter wp-image-15188 size-large\" src=\"https:\/\/premiumline-cabling.com\/wp-content\/uploads\/2019\/01\/2662_FO_cable-1024x361.jpg\" alt width=\"1024\" height=\"361\" srcset=\"https:\/\/premiumline-cabling.com\/wp-content\/uploads\/2019\/01\/2662_FO_cable-1024x361.jpg 1024w, https:\/\/premiumline-cabling.com\/wp-content\/uploads\/2019\/01\/2662_FO_cable-300x106.jpg 300w, https:\/\/premiumline-cabling.com\/wp-content\/uploads\/2019\/01\/2662_FO_cable-768x270.jpg 768w, https:\/\/premiumline-cabling.com\/wp-content\/uploads\/2019\/01\/2662_FO_cable-1536x541.jpg 1536w, https:\/\/premiumline-cabling.com\/wp-content\/uploads\/2019\/01\/2662_FO_cable.jpg 1866w\" sizes=\"(max-width: 1024px) 100vw, 1024px\"><\/noscript><img decoding=\"async\" class=\"aligncenter wp-image-15188 size-large lazyload\" src=\"data:image\/svg+xml,%3Csvg%20xmlns%3D%22http%3A%2F%2Fwww.w3.org%2F2000%2Fsvg%22%20viewBox%3D%220%200%201024%20361%22%3E%3C%2Fsvg%3E\" alt width=\"1024\" height=\"361\" srcset=\"data:image\/svg+xml,%3Csvg%20xmlns%3D%22http%3A%2F%2Fwww.w3.org%2F2000%2Fsvg%22%20viewBox%3D%220%200%201024%20361%22%3E%3C%2Fsvg%3E 1024w\" sizes=\"(max-width: 1024px) 100vw, 1024px\" data-srcset=\"https:\/\/premiumline-cabling.com\/wp-content\/uploads\/2019\/01\/2662_FO_cable-1024x361.jpg 1024w, https:\/\/premiumline-cabling.com\/wp-content\/uploads\/2019\/01\/2662_FO_cable-300x106.jpg 300w, https:\/\/premiumline-cabling.com\/wp-content\/uploads\/2019\/01\/2662_FO_cable-768x270.jpg 768w, https:\/\/premiumline-cabling.com\/wp-content\/uploads\/2019\/01\/2662_FO_cable-1536x541.jpg 1536w, https:\/\/premiumline-cabling.com\/wp-content\/uploads\/2019\/01\/2662_FO_cable.jpg 1866w\" data-src=\"https:\/\/premiumline-cabling.com\/wp-content\/uploads\/2019\/01\/2662_FO_cable-1024x361.jpg\"><\/p>\n<h3>BESTELLINFORMATION:<\/h3>\n<p>Art.Nr.&nbsp; &nbsp; &nbsp; &nbsp; &nbsp; &nbsp; &nbsp; &nbsp; &nbsp; &nbsp; &nbsp;2662xyzzz<\/p>\n<p>Bezeichnung&nbsp; &nbsp; &nbsp; &nbsp; &nbsp; &nbsp;Premium Line Au\u00dfenglasfaserkabel, Doppelmantel, Multitube, Metallgesch\u00fctzt, Stahlseele<\/p>\n<p>x &nbsp;Mode&nbsp; &nbsp; &nbsp; &nbsp; &nbsp; &nbsp; &nbsp; &nbsp; &nbsp; &nbsp; 1: MM 62.5\/125&nbsp; 2: SM 9\/125&nbsp; 3: MM 50\/125&nbsp; 4: MM\/OM3&nbsp; 9: MM\/OM4<\/p>\n<p>y&nbsp; Au\u00dfenmantel&nbsp;&nbsp;&nbsp;&nbsp;&nbsp; 2: LSOH&nbsp;&nbsp; 3: PE<\/p>\n<p>zzz &nbsp;Faseranzahl &nbsp;&nbsp;&nbsp;&nbsp;002 \/ 004 \/ 006 \/ 008\/ 012 \/ 024 \/ 036 \/ 048 \/ 072 \/ 096 \/ 144<\/p>\n<p>&nbsp;<\/p>\n<h3><span style=\"color: #a13737;\"><strong><u>F\u00fcr mehr Informationen klicken Sie auf das \u201e+\u201c<\/u><\/strong><\/span><\/h3>\n","protected":false},"featured_media":8027,"template":"","product_category":[310],"class_list":["post-15186","product","type-product","status-publish","has-post-thumbnail","hentry","product_category-wide-area-network"],"yoast_head":"<!-- This site is optimized with the Yoast SEO plugin v27.2 - https:\/\/yoast.com\/product\/yoast-seo-wordpress\/ -->\n<title>CableAu\u00dfenglasfaserkabel, Doppelmantel, Metallgesch\u00fctzt, Stahlseele<\/title>\n<meta name=\"description\" content=\"Zwischen dem inneren Mantel und dem Metallschutz ist ein wasserblockendes Material eingebracht. Den Au\u00dfenmantel bildet eine Schicht aus schwarzem PE oder LSOH\" \/>\n<meta name=\"robots\" content=\"index, follow, max-snippet:-1, max-image-preview:large, max-video-preview:-1\" \/>\n<link rel=\"canonical\" href=\"https:\/\/premiumline-cabling.com\/de\/product\/outdoor-steel-armored-double-sheath-multi-tube-fiber-optic-cable\/\" \/>\n<meta property=\"og:locale\" content=\"de_DE\" \/>\n<meta property=\"og:type\" content=\"article\" \/>\n<meta property=\"og:title\" content=\"CableAu\u00dfenglasfaserkabel, Doppelmantel, Metallgesch\u00fctzt, Stahlseele\" \/>\n<meta property=\"og:description\" content=\"Zwischen dem inneren Mantel und dem Metallschutz ist ein wasserblockendes Material eingebracht. Den Au\u00dfenmantel bildet eine Schicht aus schwarzem PE oder LSOH\" \/>\n<meta property=\"og:url\" content=\"https:\/\/premiumline-cabling.com\/de\/product\/outdoor-steel-armored-double-sheath-multi-tube-fiber-optic-cable\/\" \/>\n<meta property=\"og:site_name\" content=\"Premium-Line\" \/>\n<meta property=\"article:modified_time\" content=\"2022-05-31T09:55:37+00:00\" \/>\n<meta property=\"og:image\" content=\"https:\/\/premiumline-cabling.com\/wp-content\/uploads\/2019\/01\/img_Premium-Line_Double-Sheath-Multi-Tube.jpg\" \/>\n\t<meta property=\"og:image:width\" content=\"430\" \/>\n\t<meta property=\"og:image:height\" content=\"220\" \/>\n\t<meta property=\"og:image:type\" content=\"image\/jpeg\" \/>\n<meta name=\"twitter:card\" content=\"summary_large_image\" \/>\n<meta name=\"twitter:label1\" content=\"Gesch\u00e4tzte Lesezeit\" \/>\n\t<meta name=\"twitter:data1\" content=\"1\u00a0Minute\" \/>\n<script type=\"application\/ld+json\" class=\"yoast-schema-graph\">{\"@context\":\"https:\/\/schema.org\",\"@graph\":[{\"@type\":\"WebPage\",\"@id\":\"https:\/\/premiumline-cabling.com\/de\/product\/outdoor-steel-armored-double-sheath-multi-tube-fiber-optic-cable\/\",\"url\":\"https:\/\/premiumline-cabling.com\/de\/product\/outdoor-steel-armored-double-sheath-multi-tube-fiber-optic-cable\/\",\"name\":\"CableAu\u00dfenglasfaserkabel, Doppelmantel, Metallgesch\u00fctzt, Stahlseele\",\"isPartOf\":{\"@id\":\"https:\/\/premiumline-cabling.com\/#website\"},\"primaryImageOfPage\":{\"@id\":\"https:\/\/premiumline-cabling.com\/de\/product\/outdoor-steel-armored-double-sheath-multi-tube-fiber-optic-cable\/#primaryimage\"},\"image\":{\"@id\":\"https:\/\/premiumline-cabling.com\/de\/product\/outdoor-steel-armored-double-sheath-multi-tube-fiber-optic-cable\/#primaryimage\"},\"thumbnailUrl\":\"https:\/\/premiumline-cabling.com\/wp-content\/uploads\/2019\/01\/img_Premium-Line_Double-Sheath-Multi-Tube.jpg\",\"datePublished\":\"2019-01-15T17:48:32+00:00\",\"dateModified\":\"2022-05-31T09:55:37+00:00\",\"description\":\"Zwischen dem inneren Mantel und dem Metallschutz ist ein wasserblockendes Material eingebracht. Den Au\u00dfenmantel bildet eine Schicht aus schwarzem PE oder LSOH\",\"breadcrumb\":{\"@id\":\"https:\/\/premiumline-cabling.com\/de\/product\/outdoor-steel-armored-double-sheath-multi-tube-fiber-optic-cable\/#breadcrumb\"},\"inLanguage\":\"de\",\"potentialAction\":[{\"@type\":\"ReadAction\",\"target\":[\"https:\/\/premiumline-cabling.com\/de\/product\/outdoor-steel-armored-double-sheath-multi-tube-fiber-optic-cable\/\"]}]},{\"@type\":\"ImageObject\",\"inLanguage\":\"de\",\"@id\":\"https:\/\/premiumline-cabling.com\/de\/product\/outdoor-steel-armored-double-sheath-multi-tube-fiber-optic-cable\/#primaryimage\",\"url\":\"https:\/\/premiumline-cabling.com\/wp-content\/uploads\/2019\/01\/img_Premium-Line_Double-Sheath-Multi-Tube.jpg\",\"contentUrl\":\"https:\/\/premiumline-cabling.com\/wp-content\/uploads\/2019\/01\/img_Premium-Line_Double-Sheath-Multi-Tube.jpg\",\"width\":430,\"height\":220},{\"@type\":\"BreadcrumbList\",\"@id\":\"https:\/\/premiumline-cabling.com\/de\/product\/outdoor-steel-armored-double-sheath-multi-tube-fiber-optic-cable\/#breadcrumb\",\"itemListElement\":[{\"@type\":\"ListItem\",\"position\":1,\"name\":\"\u0413\u043b\u0430\u0432\u043d\u0430\u044f \u0441\u0442\u0440\u0430\u043d\u0438\u0446\u0430\",\"item\":\"https:\/\/premiumline-cabling.com\/de\/\"},{\"@type\":\"ListItem\",\"position\":2,\"name\":\"Au\u00dfenglasfaserkabel Doppelmantel\"}]},{\"@type\":\"WebSite\",\"@id\":\"https:\/\/premiumline-cabling.com\/#website\",\"url\":\"https:\/\/premiumline-cabling.com\/\",\"name\":\"Premium-Line\",\"description\":\"Structured Cabling System\",\"publisher\":{\"@id\":\"https:\/\/premiumline-cabling.com\/#organization\"},\"potentialAction\":[{\"@type\":\"SearchAction\",\"target\":{\"@type\":\"EntryPoint\",\"urlTemplate\":\"https:\/\/premiumline-cabling.com\/?s={search_term_string}\"},\"query-input\":{\"@type\":\"PropertyValueSpecification\",\"valueRequired\":true,\"valueName\":\"search_term_string\"}}],\"inLanguage\":\"de\"},{\"@type\":\"Organization\",\"@id\":\"https:\/\/premiumline-cabling.com\/#organization\",\"name\":\"Premium-Line\",\"url\":\"https:\/\/premiumline-cabling.com\/\",\"logo\":{\"@type\":\"ImageObject\",\"inLanguage\":\"de\",\"@id\":\"https:\/\/premiumline-cabling.com\/#\/schema\/logo\/image\/\",\"url\":\"https:\/\/premiumline-cabling.com\/wp-content\/uploads\/2019\/04\/cropped-img_logo_site_Premium-Line.png\",\"contentUrl\":\"https:\/\/premiumline-cabling.com\/wp-content\/uploads\/2019\/04\/cropped-img_logo_site_Premium-Line.png\",\"width\":190,\"height\":62,\"caption\":\"Premium-Line\"},\"image\":{\"@id\":\"https:\/\/premiumline-cabling.com\/#\/schema\/logo\/image\/\"}}]}<\/script>\n<!-- \/ Yoast SEO plugin. -->","yoast_head_json":{"title":"CableAu\u00dfenglasfaserkabel, Doppelmantel, Metallgesch\u00fctzt, Stahlseele","description":"Zwischen dem inneren Mantel und dem Metallschutz ist ein wasserblockendes Material eingebracht. Den Au\u00dfenmantel bildet eine Schicht aus schwarzem PE oder LSOH","robots":{"index":"index","follow":"follow","max-snippet":"max-snippet:-1","max-image-preview":"max-image-preview:large","max-video-preview":"max-video-preview:-1"},"canonical":"https:\/\/premiumline-cabling.com\/de\/product\/outdoor-steel-armored-double-sheath-multi-tube-fiber-optic-cable\/","og_locale":"de_DE","og_type":"article","og_title":"CableAu\u00dfenglasfaserkabel, Doppelmantel, Metallgesch\u00fctzt, Stahlseele","og_description":"Zwischen dem inneren Mantel und dem Metallschutz ist ein wasserblockendes Material eingebracht. Den Au\u00dfenmantel bildet eine Schicht aus schwarzem PE oder LSOH","og_url":"https:\/\/premiumline-cabling.com\/de\/product\/outdoor-steel-armored-double-sheath-multi-tube-fiber-optic-cable\/","og_site_name":"Premium-Line","article_modified_time":"2022-05-31T09:55:37+00:00","og_image":[{"width":430,"height":220,"url":"https:\/\/premiumline-cabling.com\/wp-content\/uploads\/2019\/01\/img_Premium-Line_Double-Sheath-Multi-Tube.jpg","type":"image\/jpeg"}],"twitter_card":"summary_large_image","twitter_misc":{"Gesch\u00e4tzte Lesezeit":"1\u00a0Minute"},"schema":{"@context":"https:\/\/schema.org","@graph":[{"@type":"WebPage","@id":"https:\/\/premiumline-cabling.com\/de\/product\/outdoor-steel-armored-double-sheath-multi-tube-fiber-optic-cable\/","url":"https:\/\/premiumline-cabling.com\/de\/product\/outdoor-steel-armored-double-sheath-multi-tube-fiber-optic-cable\/","name":"CableAu\u00dfenglasfaserkabel, Doppelmantel, Metallgesch\u00fctzt, Stahlseele","isPartOf":{"@id":"https:\/\/premiumline-cabling.com\/#website"},"primaryImageOfPage":{"@id":"https:\/\/premiumline-cabling.com\/de\/product\/outdoor-steel-armored-double-sheath-multi-tube-fiber-optic-cable\/#primaryimage"},"image":{"@id":"https:\/\/premiumline-cabling.com\/de\/product\/outdoor-steel-armored-double-sheath-multi-tube-fiber-optic-cable\/#primaryimage"},"thumbnailUrl":"https:\/\/premiumline-cabling.com\/wp-content\/uploads\/2019\/01\/img_Premium-Line_Double-Sheath-Multi-Tube.jpg","datePublished":"2019-01-15T17:48:32+00:00","dateModified":"2022-05-31T09:55:37+00:00","description":"Zwischen dem inneren Mantel und dem Metallschutz ist ein wasserblockendes Material eingebracht. Den Au\u00dfenmantel bildet eine Schicht aus schwarzem PE oder LSOH","breadcrumb":{"@id":"https:\/\/premiumline-cabling.com\/de\/product\/outdoor-steel-armored-double-sheath-multi-tube-fiber-optic-cable\/#breadcrumb"},"inLanguage":"de","potentialAction":[{"@type":"ReadAction","target":["https:\/\/premiumline-cabling.com\/de\/product\/outdoor-steel-armored-double-sheath-multi-tube-fiber-optic-cable\/"]}]},{"@type":"ImageObject","inLanguage":"de","@id":"https:\/\/premiumline-cabling.com\/de\/product\/outdoor-steel-armored-double-sheath-multi-tube-fiber-optic-cable\/#primaryimage","url":"https:\/\/premiumline-cabling.com\/wp-content\/uploads\/2019\/01\/img_Premium-Line_Double-Sheath-Multi-Tube.jpg","contentUrl":"https:\/\/premiumline-cabling.com\/wp-content\/uploads\/2019\/01\/img_Premium-Line_Double-Sheath-Multi-Tube.jpg","width":430,"height":220},{"@type":"BreadcrumbList","@id":"https:\/\/premiumline-cabling.com\/de\/product\/outdoor-steel-armored-double-sheath-multi-tube-fiber-optic-cable\/#breadcrumb","itemListElement":[{"@type":"ListItem","position":1,"name":"\u0413\u043b\u0430\u0432\u043d\u0430\u044f \u0441\u0442\u0440\u0430\u043d\u0438\u0446\u0430","item":"https:\/\/premiumline-cabling.com\/de\/"},{"@type":"ListItem","position":2,"name":"Au\u00dfenglasfaserkabel Doppelmantel"}]},{"@type":"WebSite","@id":"https:\/\/premiumline-cabling.com\/#website","url":"https:\/\/premiumline-cabling.com\/","name":"Premium-Line","description":"Structured Cabling System","publisher":{"@id":"https:\/\/premiumline-cabling.com\/#organization"},"potentialAction":[{"@type":"SearchAction","target":{"@type":"EntryPoint","urlTemplate":"https:\/\/premiumline-cabling.com\/?s={search_term_string}"},"query-input":{"@type":"PropertyValueSpecification","valueRequired":true,"valueName":"search_term_string"}}],"inLanguage":"de"},{"@type":"Organization","@id":"https:\/\/premiumline-cabling.com\/#organization","name":"Premium-Line","url":"https:\/\/premiumline-cabling.com\/","logo":{"@type":"ImageObject","inLanguage":"de","@id":"https:\/\/premiumline-cabling.com\/#\/schema\/logo\/image\/","url":"https:\/\/premiumline-cabling.com\/wp-content\/uploads\/2019\/04\/cropped-img_logo_site_Premium-Line.png","contentUrl":"https:\/\/premiumline-cabling.com\/wp-content\/uploads\/2019\/04\/cropped-img_logo_site_Premium-Line.png","width":190,"height":62,"caption":"Premium-Line"},"image":{"@id":"https:\/\/premiumline-cabling.com\/#\/schema\/logo\/image\/"}}]}},"_links":{"self":[{"href":"https:\/\/premiumline-cabling.com\/de\/wp-json\/wp\/v2\/product\/15186","targetHints":{"allow":["GET"]}}],"collection":[{"href":"https:\/\/premiumline-cabling.com\/de\/wp-json\/wp\/v2\/product"}],"about":[{"href":"https:\/\/premiumline-cabling.com\/de\/wp-json\/wp\/v2\/types\/product"}],"wp:featuredmedia":[{"embeddable":true,"href":"https:\/\/premiumline-cabling.com\/de\/wp-json\/wp\/v2\/media\/8027"}],"wp:attachment":[{"href":"https:\/\/premiumline-cabling.com\/de\/wp-json\/wp\/v2\/media?parent=15186"}],"wp:term":[{"taxonomy":"product_category","embeddable":true,"href":"https:\/\/premiumline-cabling.com\/de\/wp-json\/wp\/v2\/product_category?post=15186"}],"curies":[{"name":"wp","href":"https:\/\/api.w.org\/{rel}","templated":true}]}}