{"id":15158,"date":"2019-01-15T18:34:06","date_gmt":"2019-01-15T17:34:06","guid":{"rendered":"https:\/\/www.premiumline-cabling.com\/product\/multimode-optic-fiber\/"},"modified":"2022-05-30T14:38:23","modified_gmt":"2022-05-30T13:38:23","slug":"multimode-optic-fiber","status":"publish","type":"product","link":"https:\/\/premiumline-cabling.com\/de\/product\/multimode-optic-fiber\/","title":{"rendered":"Multimode"},"content":{"rendered":"<p>Multimode-Glasfaser wird normalerweise f\u00fcr die Kommunikation \u00fcber kurze Entfernungen eingesetzt, also f\u00fcr Netzwerke in Geb\u00e4uden oder auf Firmengel\u00e4nden. Typische Multimode-Verbindungen haben Datenraten von 10 Mbit\/s bis 10 Gbit\/s \u00fcber Verbindungsl\u00e4ngen von bis zu 600 Metern (2000 Fu\u00df). Multimode-Fasern haben einen gro\u00dfen Kerndurchmesser, der die Ausbreitung mehrerer Lichtmoden erm\u00f6glicht und die maximale L\u00e4nge einer \u00dcbertragungsverbindung aufgrund der modalen Dispersion begrenzt.<\/p>\n<h3><span style=\"color: #a13737;\"><strong><u>F\u00fcr mehr Informationen klicken Sie auf das \u201e+\u201c<\/u><\/strong><\/span><\/h3>\n","protected":false},"featured_media":9646,"template":"","product_category":[312],"class_list":["post-15158","product","type-product","status-publish","has-post-thumbnail","hentry","product_category-fiber-optics"],"yoast_head":"<!-- This site is optimized with the Yoast SEO plugin v27.2 - https:\/\/yoast.com\/product\/yoast-seo-wordpress\/ -->\n<title>Premium-Line Multimode-Glasfaser<\/title>\n<meta name=\"description\" content=\"Multimode-Glasfaser wird normalerweise f\u00fcr die Kommunikation \u00fcber kurze Entfernungen eingesetzt, also f\u00fcr Netzwerke in Geb\u00e4uden oder auf Firmengel\u00e4nden.\" \/>\n<meta name=\"robots\" content=\"index, follow, max-snippet:-1, max-image-preview:large, max-video-preview:-1\" \/>\n<link rel=\"canonical\" href=\"https:\/\/premiumline-cabling.com\/de\/product\/multimode-optic-fiber\/\" \/>\n<meta property=\"og:locale\" content=\"de_DE\" \/>\n<meta property=\"og:type\" content=\"article\" \/>\n<meta property=\"og:title\" content=\"Premium-Line Multimode-Glasfaser\" \/>\n<meta property=\"og:description\" content=\"Multimode-Glasfaser wird normalerweise f\u00fcr die Kommunikation \u00fcber kurze Entfernungen eingesetzt, also f\u00fcr Netzwerke in Geb\u00e4uden oder auf Firmengel\u00e4nden.\" \/>\n<meta property=\"og:url\" content=\"https:\/\/premiumline-cabling.com\/de\/product\/multimode-optic-fiber\/\" \/>\n<meta property=\"og:site_name\" content=\"Premium-Line\" \/>\n<meta property=\"article:modified_time\" content=\"2022-05-30T13:38:23+00:00\" \/>\n<meta property=\"og:image\" content=\"https:\/\/premiumline-cabling.com\/wp-content\/uploads\/2019\/05\/FO-Trunk-cable-MPO_2.jpg\" \/>\n\t<meta property=\"og:image:width\" content=\"800\" \/>\n\t<meta property=\"og:image:height\" content=\"800\" \/>\n\t<meta property=\"og:image:type\" content=\"image\/jpeg\" \/>\n<meta name=\"twitter:card\" content=\"summary_large_image\" \/>\n<script type=\"application\/ld+json\" class=\"yoast-schema-graph\">{\"@context\":\"https:\/\/schema.org\",\"@graph\":[{\"@type\":\"WebPage\",\"@id\":\"https:\/\/premiumline-cabling.com\/de\/product\/multimode-optic-fiber\/\",\"url\":\"https:\/\/premiumline-cabling.com\/de\/product\/multimode-optic-fiber\/\",\"name\":\"Premium-Line Multimode-Glasfaser\",\"isPartOf\":{\"@id\":\"https:\/\/premiumline-cabling.com\/#website\"},\"primaryImageOfPage\":{\"@id\":\"https:\/\/premiumline-cabling.com\/de\/product\/multimode-optic-fiber\/#primaryimage\"},\"image\":{\"@id\":\"https:\/\/premiumline-cabling.com\/de\/product\/multimode-optic-fiber\/#primaryimage\"},\"thumbnailUrl\":\"https:\/\/premiumline-cabling.com\/wp-content\/uploads\/2019\/05\/FO-Trunk-cable-MPO_2.jpg\",\"datePublished\":\"2019-01-15T17:34:06+00:00\",\"dateModified\":\"2022-05-30T13:38:23+00:00\",\"description\":\"Multimode-Glasfaser wird normalerweise f\u00fcr die Kommunikation \u00fcber kurze Entfernungen eingesetzt, also f\u00fcr Netzwerke in Geb\u00e4uden oder auf Firmengel\u00e4nden.\",\"breadcrumb\":{\"@id\":\"https:\/\/premiumline-cabling.com\/de\/product\/multimode-optic-fiber\/#breadcrumb\"},\"inLanguage\":\"de\",\"potentialAction\":[{\"@type\":\"ReadAction\",\"target\":[\"https:\/\/premiumline-cabling.com\/de\/product\/multimode-optic-fiber\/\"]}]},{\"@type\":\"ImageObject\",\"inLanguage\":\"de\",\"@id\":\"https:\/\/premiumline-cabling.com\/de\/product\/multimode-optic-fiber\/#primaryimage\",\"url\":\"https:\/\/premiumline-cabling.com\/wp-content\/uploads\/2019\/05\/FO-Trunk-cable-MPO_2.jpg\",\"contentUrl\":\"https:\/\/premiumline-cabling.com\/wp-content\/uploads\/2019\/05\/FO-Trunk-cable-MPO_2.jpg\",\"width\":800,\"height\":800},{\"@type\":\"BreadcrumbList\",\"@id\":\"https:\/\/premiumline-cabling.com\/de\/product\/multimode-optic-fiber\/#breadcrumb\",\"itemListElement\":[{\"@type\":\"ListItem\",\"position\":1,\"name\":\"\u0413\u043b\u0430\u0432\u043d\u0430\u044f \u0441\u0442\u0440\u0430\u043d\u0438\u0446\u0430\",\"item\":\"https:\/\/premiumline-cabling.com\/de\/\"},{\"@type\":\"ListItem\",\"position\":2,\"name\":\"Multimode\"}]},{\"@type\":\"WebSite\",\"@id\":\"https:\/\/premiumline-cabling.com\/#website\",\"url\":\"https:\/\/premiumline-cabling.com\/\",\"name\":\"Premium-Line\",\"description\":\"Structured Cabling System\",\"publisher\":{\"@id\":\"https:\/\/premiumline-cabling.com\/#organization\"},\"potentialAction\":[{\"@type\":\"SearchAction\",\"target\":{\"@type\":\"EntryPoint\",\"urlTemplate\":\"https:\/\/premiumline-cabling.com\/?s={search_term_string}\"},\"query-input\":{\"@type\":\"PropertyValueSpecification\",\"valueRequired\":true,\"valueName\":\"search_term_string\"}}],\"inLanguage\":\"de\"},{\"@type\":\"Organization\",\"@id\":\"https:\/\/premiumline-cabling.com\/#organization\",\"name\":\"Premium-Line\",\"url\":\"https:\/\/premiumline-cabling.com\/\",\"logo\":{\"@type\":\"ImageObject\",\"inLanguage\":\"de\",\"@id\":\"https:\/\/premiumline-cabling.com\/#\/schema\/logo\/image\/\",\"url\":\"https:\/\/premiumline-cabling.com\/wp-content\/uploads\/2019\/04\/cropped-img_logo_site_Premium-Line.png\",\"contentUrl\":\"https:\/\/premiumline-cabling.com\/wp-content\/uploads\/2019\/04\/cropped-img_logo_site_Premium-Line.png\",\"width\":190,\"height\":62,\"caption\":\"Premium-Line\"},\"image\":{\"@id\":\"https:\/\/premiumline-cabling.com\/#\/schema\/logo\/image\/\"}}]}<\/script>\n<!-- \/ Yoast SEO plugin. -->","yoast_head_json":{"title":"Premium-Line Multimode-Glasfaser","description":"Multimode-Glasfaser wird normalerweise f\u00fcr die Kommunikation \u00fcber kurze Entfernungen eingesetzt, also f\u00fcr Netzwerke in Geb\u00e4uden oder auf Firmengel\u00e4nden.","robots":{"index":"index","follow":"follow","max-snippet":"max-snippet:-1","max-image-preview":"max-image-preview:large","max-video-preview":"max-video-preview:-1"},"canonical":"https:\/\/premiumline-cabling.com\/de\/product\/multimode-optic-fiber\/","og_locale":"de_DE","og_type":"article","og_title":"Premium-Line Multimode-Glasfaser","og_description":"Multimode-Glasfaser wird normalerweise f\u00fcr die Kommunikation \u00fcber kurze Entfernungen eingesetzt, also f\u00fcr Netzwerke in Geb\u00e4uden oder auf Firmengel\u00e4nden.","og_url":"https:\/\/premiumline-cabling.com\/de\/product\/multimode-optic-fiber\/","og_site_name":"Premium-Line","article_modified_time":"2022-05-30T13:38:23+00:00","og_image":[{"width":800,"height":800,"url":"https:\/\/premiumline-cabling.com\/wp-content\/uploads\/2019\/05\/FO-Trunk-cable-MPO_2.jpg","type":"image\/jpeg"}],"twitter_card":"summary_large_image","schema":{"@context":"https:\/\/schema.org","@graph":[{"@type":"WebPage","@id":"https:\/\/premiumline-cabling.com\/de\/product\/multimode-optic-fiber\/","url":"https:\/\/premiumline-cabling.com\/de\/product\/multimode-optic-fiber\/","name":"Premium-Line Multimode-Glasfaser","isPartOf":{"@id":"https:\/\/premiumline-cabling.com\/#website"},"primaryImageOfPage":{"@id":"https:\/\/premiumline-cabling.com\/de\/product\/multimode-optic-fiber\/#primaryimage"},"image":{"@id":"https:\/\/premiumline-cabling.com\/de\/product\/multimode-optic-fiber\/#primaryimage"},"thumbnailUrl":"https:\/\/premiumline-cabling.com\/wp-content\/uploads\/2019\/05\/FO-Trunk-cable-MPO_2.jpg","datePublished":"2019-01-15T17:34:06+00:00","dateModified":"2022-05-30T13:38:23+00:00","description":"Multimode-Glasfaser wird normalerweise f\u00fcr die Kommunikation \u00fcber kurze Entfernungen eingesetzt, also f\u00fcr Netzwerke in Geb\u00e4uden oder auf Firmengel\u00e4nden.","breadcrumb":{"@id":"https:\/\/premiumline-cabling.com\/de\/product\/multimode-optic-fiber\/#breadcrumb"},"inLanguage":"de","potentialAction":[{"@type":"ReadAction","target":["https:\/\/premiumline-cabling.com\/de\/product\/multimode-optic-fiber\/"]}]},{"@type":"ImageObject","inLanguage":"de","@id":"https:\/\/premiumline-cabling.com\/de\/product\/multimode-optic-fiber\/#primaryimage","url":"https:\/\/premiumline-cabling.com\/wp-content\/uploads\/2019\/05\/FO-Trunk-cable-MPO_2.jpg","contentUrl":"https:\/\/premiumline-cabling.com\/wp-content\/uploads\/2019\/05\/FO-Trunk-cable-MPO_2.jpg","width":800,"height":800},{"@type":"BreadcrumbList","@id":"https:\/\/premiumline-cabling.com\/de\/product\/multimode-optic-fiber\/#breadcrumb","itemListElement":[{"@type":"ListItem","position":1,"name":"\u0413\u043b\u0430\u0432\u043d\u0430\u044f \u0441\u0442\u0440\u0430\u043d\u0438\u0446\u0430","item":"https:\/\/premiumline-cabling.com\/de\/"},{"@type":"ListItem","position":2,"name":"Multimode"}]},{"@type":"WebSite","@id":"https:\/\/premiumline-cabling.com\/#website","url":"https:\/\/premiumline-cabling.com\/","name":"Premium-Line","description":"Structured Cabling System","publisher":{"@id":"https:\/\/premiumline-cabling.com\/#organization"},"potentialAction":[{"@type":"SearchAction","target":{"@type":"EntryPoint","urlTemplate":"https:\/\/premiumline-cabling.com\/?s={search_term_string}"},"query-input":{"@type":"PropertyValueSpecification","valueRequired":true,"valueName":"search_term_string"}}],"inLanguage":"de"},{"@type":"Organization","@id":"https:\/\/premiumline-cabling.com\/#organization","name":"Premium-Line","url":"https:\/\/premiumline-cabling.com\/","logo":{"@type":"ImageObject","inLanguage":"de","@id":"https:\/\/premiumline-cabling.com\/#\/schema\/logo\/image\/","url":"https:\/\/premiumline-cabling.com\/wp-content\/uploads\/2019\/04\/cropped-img_logo_site_Premium-Line.png","contentUrl":"https:\/\/premiumline-cabling.com\/wp-content\/uploads\/2019\/04\/cropped-img_logo_site_Premium-Line.png","width":190,"height":62,"caption":"Premium-Line"},"image":{"@id":"https:\/\/premiumline-cabling.com\/#\/schema\/logo\/image\/"}}]}},"_links":{"self":[{"href":"https:\/\/premiumline-cabling.com\/de\/wp-json\/wp\/v2\/product\/15158","targetHints":{"allow":["GET"]}}],"collection":[{"href":"https:\/\/premiumline-cabling.com\/de\/wp-json\/wp\/v2\/product"}],"about":[{"href":"https:\/\/premiumline-cabling.com\/de\/wp-json\/wp\/v2\/types\/product"}],"wp:featuredmedia":[{"embeddable":true,"href":"https:\/\/premiumline-cabling.com\/de\/wp-json\/wp\/v2\/media\/9646"}],"wp:attachment":[{"href":"https:\/\/premiumline-cabling.com\/de\/wp-json\/wp\/v2\/media?parent=15158"}],"wp:term":[{"taxonomy":"product_category","embeddable":true,"href":"https:\/\/premiumline-cabling.com\/de\/wp-json\/wp\/v2\/product_category?post=15158"}],"curies":[{"name":"wp","href":"https:\/\/api.w.org\/{rel}","templated":true}]}}