{"id":15057,"date":"2019-01-15T18:45:54","date_gmt":"2019-01-15T17:45:54","guid":{"rendered":"https:\/\/www.premiumline-cabling.com\/product\/outdoor-parallel-steel-wires-steel-armored-uni-tube\/"},"modified":"2025-06-13T09:48:40","modified_gmt":"2025-06-13T08:48:40","slug":"outdoor-parallel-steel-wires-steel-armored-uni-tube","status":"publish","type":"product","link":"https:\/\/premiumline-cabling.com\/de\/product\/outdoor-parallel-steel-wires-steel-armored-uni-tube\/","title":{"rendered":"Au\u00dfenglasfaserkabel Stahldraht"},"content":{"rendered":"<p><a href=\"https:\/\/premiumline-cabling.com\/wp-content\/uploads\/2019\/01\/PL_img_csm_wide-area-network-267123004_63294ccf5f.jpg\"><noscript><img decoding=\"async\" class=\"alignright wp-image-469\" src=\"https:\/\/premiumline-cabling.com\/wp-content\/uploads\/2019\/01\/PL_img_csm_wide-area-network-267123004_63294ccf5f.jpg\" alt width=\"400\" height=\"203\" srcset=\"https:\/\/premiumline-cabling.com\/wp-content\/uploads\/2019\/01\/PL_img_csm_wide-area-network-267123004_63294ccf5f.jpg 800w, https:\/\/premiumline-cabling.com\/wp-content\/uploads\/2019\/01\/PL_img_csm_wide-area-network-267123004_63294ccf5f-300x152.jpg 300w, https:\/\/premiumline-cabling.com\/wp-content\/uploads\/2019\/01\/PL_img_csm_wide-area-network-267123004_63294ccf5f-768x390.jpg 768w\" sizes=\"(max-width: 400px) 100vw, 400px\"><\/noscript><img decoding=\"async\" class=\"alignright wp-image-469 lazyload\" src=\"data:image\/svg+xml,%3Csvg%20xmlns%3D%22http%3A%2F%2Fwww.w3.org%2F2000%2Fsvg%22%20viewBox%3D%220%200%20400%20203%22%3E%3C%2Fsvg%3E\" alt width=\"400\" height=\"203\" srcset=\"data:image\/svg+xml,%3Csvg%20xmlns%3D%22http%3A%2F%2Fwww.w3.org%2F2000%2Fsvg%22%20viewBox%3D%220%200%20400%20203%22%3E%3C%2Fsvg%3E 400w\" sizes=\"(max-width: 400px) 100vw, 400px\" data-srcset=\"https:\/\/premiumline-cabling.com\/wp-content\/uploads\/2019\/01\/PL_img_csm_wide-area-network-267123004_63294ccf5f.jpg 800w, https:\/\/premiumline-cabling.com\/wp-content\/uploads\/2019\/01\/PL_img_csm_wide-area-network-267123004_63294ccf5f-300x152.jpg 300w, https:\/\/premiumline-cabling.com\/wp-content\/uploads\/2019\/01\/PL_img_csm_wide-area-network-267123004_63294ccf5f-768x390.jpg 768w\" data-src=\"https:\/\/premiumline-cabling.com\/wp-content\/uploads\/2019\/01\/PL_img_csm_wide-area-network-267123004_63294ccf5f.jpg\"><\/a><\/p>\n<h3>BESCHREIBUNG:<\/h3>\n<p>Die 250um-Fasern sind in einem Loose-Tube aus High-Modulus-Plastik eingelassen. Die Tubes sind mit einem wasserbest\u00e4ndigen Thixotropic-Gel gef\u00fcllt. Dar\u00fcber gewickelt ist ein gewelltes Stahlband. Zwischen diesem und dem Loose-Tube ist ein wasserblockierendes Material eingelassen. Zwei parallele Stahldr\u00e4hte befinden sich seitlich des Stahlbandes. Den Au\u00dfenmantel bildet eine Schicht aus schwarzem Polyethylen (PE) oder LSOH-Material.<\/p>\n<h3>EIGENSCHAFTEN:<\/h3>\n<ul>\n<li>Gute mechanische und thermische Eigenschaften<\/li>\n<li>Hochzugfestes, Hydrolysebest\u00e4ndiges Kabel<\/li>\n<li>Eine spezielle F\u00fcllung sichert den Schutz der Adern<\/li>\n<li>Schlagfest und flexible<\/li>\n<li>Das Stahlband verbessert die Feuchtigkeitsbest\u00e4ndigkeit<\/li>\n<li>Zwei parallele Stahldr\u00e4hte erh\u00f6hen die Zugfestigkeit<\/li>\n<li>Geringer Durchmesser und wenig Gewicht f\u00fcr eine einfachere Installation<\/li>\n<\/ul>\n<h3>\u00dcBEREINSTIMMUNGEN MIT:<\/h3>\n<ul>\n<li>ITU-T G651 \/ G652D<\/li>\n<li>ANSI\/TIA 568-C.3<\/li>\n<li>IEC-794<\/li>\n<li>RoHS konform<\/li>\n<\/ul>\n<h3>ANWENDUNGEN:<\/h3>\n<p>Geeignet f\u00fcr die Erdverlegung, Freih\u00e4ngend oder Schachtverlegung<\/p>\n<h3>ZEICHNUNG:<\/h3>\n<h3><noscript><img decoding=\"async\" class=\"aligncenter wp-image-15044 size-full\" src=\"https:\/\/premiumline-cabling.com\/wp-content\/uploads\/2019\/01\/2671_FO_cable.jpg\" alt width=\"697\" height=\"389\" srcset=\"https:\/\/premiumline-cabling.com\/wp-content\/uploads\/2019\/01\/2671_FO_cable.jpg 697w, https:\/\/premiumline-cabling.com\/wp-content\/uploads\/2019\/01\/2671_FO_cable-300x167.jpg 300w, https:\/\/premiumline-cabling.com\/wp-content\/uploads\/2019\/01\/2671_FO_cable-430x240.jpg 430w, https:\/\/premiumline-cabling.com\/wp-content\/uploads\/2019\/01\/2671_FO_cable-382x214.jpg 382w\" sizes=\"(max-width: 697px) 100vw, 697px\"><\/noscript><img decoding=\"async\" class=\"aligncenter wp-image-15044 size-full lazyload\" src=\"data:image\/svg+xml,%3Csvg%20xmlns%3D%22http%3A%2F%2Fwww.w3.org%2F2000%2Fsvg%22%20viewBox%3D%220%200%20697%20389%22%3E%3C%2Fsvg%3E\" alt width=\"697\" height=\"389\" srcset=\"data:image\/svg+xml,%3Csvg%20xmlns%3D%22http%3A%2F%2Fwww.w3.org%2F2000%2Fsvg%22%20viewBox%3D%220%200%20697%20389%22%3E%3C%2Fsvg%3E 697w\" sizes=\"(max-width: 697px) 100vw, 697px\" data-srcset=\"https:\/\/premiumline-cabling.com\/wp-content\/uploads\/2019\/01\/2671_FO_cable.jpg 697w, https:\/\/premiumline-cabling.com\/wp-content\/uploads\/2019\/01\/2671_FO_cable-300x167.jpg 300w, https:\/\/premiumline-cabling.com\/wp-content\/uploads\/2019\/01\/2671_FO_cable-430x240.jpg 430w, https:\/\/premiumline-cabling.com\/wp-content\/uploads\/2019\/01\/2671_FO_cable-382x214.jpg 382w\" data-src=\"https:\/\/premiumline-cabling.com\/wp-content\/uploads\/2019\/01\/2671_FO_cable.jpg\"><\/h3>\n<p>BESTELLINFORMATION:<\/p>\n<table>\n<tbody>\n<tr>\n<td width=\"151\">Art.Nr.<\/td>\n<td width=\"472\">2671xyzzz<\/td>\n<\/tr>\n<tr>\n<td width=\"151\">Beschreibung<\/td>\n<td width=\"472\">Premium Line Au\u00dfenglasfaserkabel, Unitube, 2 par. Stahldr\u00e4hte, Stahlmantel<\/td>\n<\/tr>\n<tr>\n<td width=\"151\">x&nbsp; Mode<\/td>\n<td width=\"472\">1: MM 62.5\/125&nbsp; 2: SM 9\/125&nbsp; 3: MM 50\/125&nbsp; 4: MM\/OM3&nbsp; 9: MM\/OM4<\/td>\n<\/tr>\n<tr>\n<td width=\"151\">y&nbsp; Au\u00dfenmantel<\/td>\n<td width=\"472\">2: LSOH&nbsp;&nbsp; 3: PE<\/td>\n<\/tr>\n<tr>\n<td width=\"151\">xxx, Faseranzahl<\/td>\n<td width=\"472\">002 \/ 004 \/ 006 \/ 012 \/ 016 \/ 024<\/td>\n<\/tr>\n<\/tbody>\n<\/table>\n<h3><span style=\"color: #a13737;\"><strong><u>F\u00fcr mehr Informationen klicken Sie auf das \u201e+\u201c<\/u><\/strong><\/span><\/h3>\n","protected":false},"featured_media":8023,"template":"","product_category":[310],"class_list":["post-15057","product","type-product","status-publish","has-post-thumbnail","hentry","product_category-wide-area-network"],"yoast_head":"<!-- This site is optimized with the Yoast SEO plugin v27.4 - https:\/\/yoast.com\/product\/yoast-seo-wordpress\/ -->\n<title>Au\u00dfenglasfaserkabel, Unitube, 2 par. Stahldr\u00e4hte, Stahlmantel<\/title>\n<meta name=\"description\" content=\"Die 250um-Fasern sind in einem Loose-Tube aus High-Modulus-Plastik eingelassen. Die Tubes sind mit einem wasserbest\u00e4ndigen Thixotropic-Gel gef\u00fcllt.\" \/>\n<meta name=\"robots\" content=\"index, follow, max-snippet:-1, max-image-preview:large, max-video-preview:-1\" \/>\n<link rel=\"canonical\" href=\"https:\/\/premiumline-cabling.com\/de\/product\/outdoor-parallel-steel-wires-steel-armored-uni-tube\/\" \/>\n<meta property=\"og:locale\" content=\"de_DE\" \/>\n<meta property=\"og:type\" content=\"article\" \/>\n<meta property=\"og:title\" content=\"Au\u00dfenglasfaserkabel, Unitube, 2 par. Stahldr\u00e4hte, Stahlmantel\" \/>\n<meta property=\"og:description\" content=\"Die 250um-Fasern sind in einem Loose-Tube aus High-Modulus-Plastik eingelassen. Die Tubes sind mit einem wasserbest\u00e4ndigen Thixotropic-Gel gef\u00fcllt.\" \/>\n<meta property=\"og:url\" content=\"https:\/\/premiumline-cabling.com\/de\/product\/outdoor-parallel-steel-wires-steel-armored-uni-tube\/\" \/>\n<meta property=\"og:site_name\" content=\"Premium-Line\" \/>\n<meta property=\"article:modified_time\" content=\"2025-06-13T08:48:40+00:00\" \/>\n<meta property=\"og:image\" content=\"https:\/\/premiumline-cabling.com\/wp-content\/uploads\/2019\/01\/img_Premium-Line_Armored-Uni-tube-Fiber-Optic-Cable.jpg\" \/>\n\t<meta property=\"og:image:width\" content=\"430\" \/>\n\t<meta property=\"og:image:height\" content=\"220\" \/>\n\t<meta property=\"og:image:type\" content=\"image\/jpeg\" \/>\n<meta name=\"twitter:card\" content=\"summary_large_image\" \/>\n<meta name=\"twitter:label1\" content=\"Gesch\u00e4tzte Lesezeit\" \/>\n\t<meta name=\"twitter:data1\" content=\"2\u00a0Minuten\" \/>\n<script type=\"application\/ld+json\" class=\"yoast-schema-graph\">{\"@context\":\"https:\\\/\\\/schema.org\",\"@graph\":[{\"@type\":\"WebPage\",\"@id\":\"https:\\\/\\\/premiumline-cabling.com\\\/de\\\/product\\\/outdoor-parallel-steel-wires-steel-armored-uni-tube\\\/\",\"url\":\"https:\\\/\\\/premiumline-cabling.com\\\/de\\\/product\\\/outdoor-parallel-steel-wires-steel-armored-uni-tube\\\/\",\"name\":\"Au\u00dfenglasfaserkabel, Unitube, 2 par. Stahldr\u00e4hte, Stahlmantel\",\"isPartOf\":{\"@id\":\"https:\\\/\\\/premiumline-cabling.com\\\/#website\"},\"primaryImageOfPage\":{\"@id\":\"https:\\\/\\\/premiumline-cabling.com\\\/de\\\/product\\\/outdoor-parallel-steel-wires-steel-armored-uni-tube\\\/#primaryimage\"},\"image\":{\"@id\":\"https:\\\/\\\/premiumline-cabling.com\\\/de\\\/product\\\/outdoor-parallel-steel-wires-steel-armored-uni-tube\\\/#primaryimage\"},\"thumbnailUrl\":\"https:\\\/\\\/premiumline-cabling.com\\\/wp-content\\\/uploads\\\/2019\\\/01\\\/img_Premium-Line_Armored-Uni-tube-Fiber-Optic-Cable.jpg\",\"datePublished\":\"2019-01-15T17:45:54+00:00\",\"dateModified\":\"2025-06-13T08:48:40+00:00\",\"description\":\"Die 250um-Fasern sind in einem Loose-Tube aus High-Modulus-Plastik eingelassen. Die Tubes sind mit einem wasserbest\u00e4ndigen Thixotropic-Gel gef\u00fcllt.\",\"breadcrumb\":{\"@id\":\"https:\\\/\\\/premiumline-cabling.com\\\/de\\\/product\\\/outdoor-parallel-steel-wires-steel-armored-uni-tube\\\/#breadcrumb\"},\"inLanguage\":\"de\",\"potentialAction\":[{\"@type\":\"ReadAction\",\"target\":[\"https:\\\/\\\/premiumline-cabling.com\\\/de\\\/product\\\/outdoor-parallel-steel-wires-steel-armored-uni-tube\\\/\"]}]},{\"@type\":\"ImageObject\",\"inLanguage\":\"de\",\"@id\":\"https:\\\/\\\/premiumline-cabling.com\\\/de\\\/product\\\/outdoor-parallel-steel-wires-steel-armored-uni-tube\\\/#primaryimage\",\"url\":\"https:\\\/\\\/premiumline-cabling.com\\\/wp-content\\\/uploads\\\/2019\\\/01\\\/img_Premium-Line_Armored-Uni-tube-Fiber-Optic-Cable.jpg\",\"contentUrl\":\"https:\\\/\\\/premiumline-cabling.com\\\/wp-content\\\/uploads\\\/2019\\\/01\\\/img_Premium-Line_Armored-Uni-tube-Fiber-Optic-Cable.jpg\",\"width\":430,\"height\":220},{\"@type\":\"BreadcrumbList\",\"@id\":\"https:\\\/\\\/premiumline-cabling.com\\\/de\\\/product\\\/outdoor-parallel-steel-wires-steel-armored-uni-tube\\\/#breadcrumb\",\"itemListElement\":[{\"@type\":\"ListItem\",\"position\":1,\"name\":\"\u0413\u043b\u0430\u0432\u043d\u0430\u044f \u0441\u0442\u0440\u0430\u043d\u0438\u0446\u0430\",\"item\":\"https:\\\/\\\/premiumline-cabling.com\\\/de\\\/\"},{\"@type\":\"ListItem\",\"position\":2,\"name\":\"Au\u00dfenglasfaserkabel Stahldraht\"}]},{\"@type\":\"WebSite\",\"@id\":\"https:\\\/\\\/premiumline-cabling.com\\\/#website\",\"url\":\"https:\\\/\\\/premiumline-cabling.com\\\/\",\"name\":\"Premium-Line\",\"description\":\"Structured Cabling System\",\"publisher\":{\"@id\":\"https:\\\/\\\/premiumline-cabling.com\\\/#organization\"},\"potentialAction\":[{\"@type\":\"SearchAction\",\"target\":{\"@type\":\"EntryPoint\",\"urlTemplate\":\"https:\\\/\\\/premiumline-cabling.com\\\/?s={search_term_string}\"},\"query-input\":{\"@type\":\"PropertyValueSpecification\",\"valueRequired\":true,\"valueName\":\"search_term_string\"}}],\"inLanguage\":\"de\"},{\"@type\":\"Organization\",\"@id\":\"https:\\\/\\\/premiumline-cabling.com\\\/#organization\",\"name\":\"Premium-Line\",\"url\":\"https:\\\/\\\/premiumline-cabling.com\\\/\",\"logo\":{\"@type\":\"ImageObject\",\"inLanguage\":\"de\",\"@id\":\"https:\\\/\\\/premiumline-cabling.com\\\/#\\\/schema\\\/logo\\\/image\\\/\",\"url\":\"https:\\\/\\\/premiumline-cabling.com\\\/wp-content\\\/uploads\\\/2019\\\/04\\\/cropped-img_logo_site_Premium-Line.png\",\"contentUrl\":\"https:\\\/\\\/premiumline-cabling.com\\\/wp-content\\\/uploads\\\/2019\\\/04\\\/cropped-img_logo_site_Premium-Line.png\",\"width\":190,\"height\":62,\"caption\":\"Premium-Line\"},\"image\":{\"@id\":\"https:\\\/\\\/premiumline-cabling.com\\\/#\\\/schema\\\/logo\\\/image\\\/\"}}]}<\/script>\n<!-- \/ Yoast SEO plugin. -->","yoast_head_json":{"title":"Au\u00dfenglasfaserkabel, Unitube, 2 par. Stahldr\u00e4hte, Stahlmantel","description":"Die 250um-Fasern sind in einem Loose-Tube aus High-Modulus-Plastik eingelassen. Die Tubes sind mit einem wasserbest\u00e4ndigen Thixotropic-Gel gef\u00fcllt.","robots":{"index":"index","follow":"follow","max-snippet":"max-snippet:-1","max-image-preview":"max-image-preview:large","max-video-preview":"max-video-preview:-1"},"canonical":"https:\/\/premiumline-cabling.com\/de\/product\/outdoor-parallel-steel-wires-steel-armored-uni-tube\/","og_locale":"de_DE","og_type":"article","og_title":"Au\u00dfenglasfaserkabel, Unitube, 2 par. Stahldr\u00e4hte, Stahlmantel","og_description":"Die 250um-Fasern sind in einem Loose-Tube aus High-Modulus-Plastik eingelassen. Die Tubes sind mit einem wasserbest\u00e4ndigen Thixotropic-Gel gef\u00fcllt.","og_url":"https:\/\/premiumline-cabling.com\/de\/product\/outdoor-parallel-steel-wires-steel-armored-uni-tube\/","og_site_name":"Premium-Line","article_modified_time":"2025-06-13T08:48:40+00:00","og_image":[{"width":430,"height":220,"url":"https:\/\/premiumline-cabling.com\/wp-content\/uploads\/2019\/01\/img_Premium-Line_Armored-Uni-tube-Fiber-Optic-Cable.jpg","type":"image\/jpeg"}],"twitter_card":"summary_large_image","twitter_misc":{"Gesch\u00e4tzte Lesezeit":"2\u00a0Minuten"},"schema":{"@context":"https:\/\/schema.org","@graph":[{"@type":"WebPage","@id":"https:\/\/premiumline-cabling.com\/de\/product\/outdoor-parallel-steel-wires-steel-armored-uni-tube\/","url":"https:\/\/premiumline-cabling.com\/de\/product\/outdoor-parallel-steel-wires-steel-armored-uni-tube\/","name":"Au\u00dfenglasfaserkabel, Unitube, 2 par. Stahldr\u00e4hte, Stahlmantel","isPartOf":{"@id":"https:\/\/premiumline-cabling.com\/#website"},"primaryImageOfPage":{"@id":"https:\/\/premiumline-cabling.com\/de\/product\/outdoor-parallel-steel-wires-steel-armored-uni-tube\/#primaryimage"},"image":{"@id":"https:\/\/premiumline-cabling.com\/de\/product\/outdoor-parallel-steel-wires-steel-armored-uni-tube\/#primaryimage"},"thumbnailUrl":"https:\/\/premiumline-cabling.com\/wp-content\/uploads\/2019\/01\/img_Premium-Line_Armored-Uni-tube-Fiber-Optic-Cable.jpg","datePublished":"2019-01-15T17:45:54+00:00","dateModified":"2025-06-13T08:48:40+00:00","description":"Die 250um-Fasern sind in einem Loose-Tube aus High-Modulus-Plastik eingelassen. Die Tubes sind mit einem wasserbest\u00e4ndigen Thixotropic-Gel gef\u00fcllt.","breadcrumb":{"@id":"https:\/\/premiumline-cabling.com\/de\/product\/outdoor-parallel-steel-wires-steel-armored-uni-tube\/#breadcrumb"},"inLanguage":"de","potentialAction":[{"@type":"ReadAction","target":["https:\/\/premiumline-cabling.com\/de\/product\/outdoor-parallel-steel-wires-steel-armored-uni-tube\/"]}]},{"@type":"ImageObject","inLanguage":"de","@id":"https:\/\/premiumline-cabling.com\/de\/product\/outdoor-parallel-steel-wires-steel-armored-uni-tube\/#primaryimage","url":"https:\/\/premiumline-cabling.com\/wp-content\/uploads\/2019\/01\/img_Premium-Line_Armored-Uni-tube-Fiber-Optic-Cable.jpg","contentUrl":"https:\/\/premiumline-cabling.com\/wp-content\/uploads\/2019\/01\/img_Premium-Line_Armored-Uni-tube-Fiber-Optic-Cable.jpg","width":430,"height":220},{"@type":"BreadcrumbList","@id":"https:\/\/premiumline-cabling.com\/de\/product\/outdoor-parallel-steel-wires-steel-armored-uni-tube\/#breadcrumb","itemListElement":[{"@type":"ListItem","position":1,"name":"\u0413\u043b\u0430\u0432\u043d\u0430\u044f \u0441\u0442\u0440\u0430\u043d\u0438\u0446\u0430","item":"https:\/\/premiumline-cabling.com\/de\/"},{"@type":"ListItem","position":2,"name":"Au\u00dfenglasfaserkabel Stahldraht"}]},{"@type":"WebSite","@id":"https:\/\/premiumline-cabling.com\/#website","url":"https:\/\/premiumline-cabling.com\/","name":"Premium-Line","description":"Structured Cabling System","publisher":{"@id":"https:\/\/premiumline-cabling.com\/#organization"},"potentialAction":[{"@type":"SearchAction","target":{"@type":"EntryPoint","urlTemplate":"https:\/\/premiumline-cabling.com\/?s={search_term_string}"},"query-input":{"@type":"PropertyValueSpecification","valueRequired":true,"valueName":"search_term_string"}}],"inLanguage":"de"},{"@type":"Organization","@id":"https:\/\/premiumline-cabling.com\/#organization","name":"Premium-Line","url":"https:\/\/premiumline-cabling.com\/","logo":{"@type":"ImageObject","inLanguage":"de","@id":"https:\/\/premiumline-cabling.com\/#\/schema\/logo\/image\/","url":"https:\/\/premiumline-cabling.com\/wp-content\/uploads\/2019\/04\/cropped-img_logo_site_Premium-Line.png","contentUrl":"https:\/\/premiumline-cabling.com\/wp-content\/uploads\/2019\/04\/cropped-img_logo_site_Premium-Line.png","width":190,"height":62,"caption":"Premium-Line"},"image":{"@id":"https:\/\/premiumline-cabling.com\/#\/schema\/logo\/image\/"}}]}},"_links":{"self":[{"href":"https:\/\/premiumline-cabling.com\/de\/wp-json\/wp\/v2\/product\/15057","targetHints":{"allow":["GET"]}}],"collection":[{"href":"https:\/\/premiumline-cabling.com\/de\/wp-json\/wp\/v2\/product"}],"about":[{"href":"https:\/\/premiumline-cabling.com\/de\/wp-json\/wp\/v2\/types\/product"}],"wp:featuredmedia":[{"embeddable":true,"href":"https:\/\/premiumline-cabling.com\/de\/wp-json\/wp\/v2\/media\/8023"}],"wp:attachment":[{"href":"https:\/\/premiumline-cabling.com\/de\/wp-json\/wp\/v2\/media?parent=15057"}],"wp:term":[{"taxonomy":"product_category","embeddable":true,"href":"https:\/\/premiumline-cabling.com\/de\/wp-json\/wp\/v2\/product_category?post=15057"}],"curies":[{"name":"wp","href":"https:\/\/api.w.org\/{rel}","templated":true}]}}