{"id":15042,"date":"2019-01-15T18:39:32","date_gmt":"2019-01-15T17:39:32","guid":{"rendered":"https:\/\/www.premiumline-cabling.com\/product\/adds-fiber-optic-cable\/"},"modified":"2022-05-20T07:21:18","modified_gmt":"2022-05-20T06:21:18","slug":"adds-fiber-optic-cable","status":"publish","type":"product","link":"https:\/\/premiumline-cabling.com\/de\/product\/adds-fiber-optic-cable\/","title":{"rendered":"ADSS, 9\/125um G652D"},"content":{"rendered":"<h3>BESCHREIBUNG:<\/h3>\n<p><noscript><img decoding=\"async\" class=\"size-full wp-image-465 alignright\" src=\"https:\/\/premiumline-cabling.com\/wp-content\/uploads\/2019\/01\/PL_img_csm_fiber-optic-cable-260223012_edfbc3f3e3.jpg\" alt width=\"252\" height=\"140\"><\/noscript><img decoding=\"async\" class=\"size-full wp-image-465 alignright lazyload\" src=\"data:image\/svg+xml,%3Csvg%20xmlns%3D%22http%3A%2F%2Fwww.w3.org%2F2000%2Fsvg%22%20viewBox%3D%220%200%20252%20140%22%3E%3C%2Fsvg%3E\" alt width=\"252\" height=\"140\" data-src=\"https:\/\/premiumline-cabling.com\/wp-content\/uploads\/2019\/01\/PL_img_csm_fiber-optic-cable-260223012_edfbc3f3e3.jpg\"><\/p>\n<p class=\"bodytext\">Bei diesem ADSS (=All Dielectric Self-Supporting)-Kabel sind die 250um-Fasern in einem Loose-Tube aus High-Modulus-Plastik eingelassen. Die Tubes sind mit einem wasserbest\u00e4ndigen Gelgemisch gef\u00fcllt. Ein Fiber Reinforced Plastic (FRP) liegt als St\u00fctzelement in der Mitte des Kabels und wirkt als nichtmetallischer Tr\u00e4ger. Die Tubes sind um das St\u00fctzelement zu einem kompakten Kern verseilt. Ein Polyesterband umwickelt diesen Kern. Zus\u00e4tzlich bildet eine d\u00fcnne Schicht aus Polyethylen (PE) einen inneren Mantel. Entlang des inneren Mantels befindet sich eine Lage aus Aramidfasern, die in L\u00e4ngsrichtung des Kabels wirken. Den Au\u00dfenmantel bildet wieder eine Lage Polyethylen (PE).<br>\nDieses Kabel ist ausgelegt f\u00fcr eine freih\u00e4ngende L\u00e4nge von 100m.<\/p>\n<h3>EIGENSCHAFTEN:<\/h3>\n<ul>\n<li>Passend f\u00fcr alle Arten von freitragenden Kabel<\/li>\n<li>Schneller Einsatz<\/li>\n<li>Erh\u00e4ltlich f\u00fcr kurze, mittlere und lange Entfernungen<\/li>\n<\/ul>\n<h3>\u00dcBEREINSTIMMUNGEN MIT:<\/h3>\n<ul>\n<li>ITU-T G652D<\/li>\n<li>ANSI\/TIA 568-C.3<\/li>\n<li>IEC-794<\/li>\n<li>IEEE P1222<\/li>\n<li>RoHS konform<\/li>\n<\/ul>\n<h3>ANWENDUNGEN:<\/h3>\n<p>Freitragende Installation an bestehenden Stromleitungen f\u00fcr gro\u00dfe Entfernungen<\/p>\n<h3>BESTELLINFORMATION:<\/h3>\n<table>\n<tbody>\n<tr>\n<td width=\"151\">Art.Nr.<\/td>\n<td width=\"472\">260223yyy<\/td>\n<\/tr>\n<tr>\n<td width=\"151\">Beschreibung<\/td>\n<td width=\"472\">Premium Line Au\u00dfenglasfaserkabel ADSS, multitube mit zentralem FRP, SM, PE, SPAN 100<\/td>\n<\/tr>\n<tr>\n<td width=\"151\">xxx, Faseranzahl<\/td>\n<td width=\"472\">006 \/ 008 \/ 012 \/ 016 \/ 024 \/ 036 \/ 048 \/ 072 \/ 096 \/ 144<\/td>\n<\/tr>\n<\/tbody>\n<\/table>\n<h3><span style=\"color: #a13737;\"><strong><u>F\u00fcr mehr Informationen klicken Sie auf das \u201e+\u201c<\/u><\/strong><\/span><\/h3>\n","protected":false},"featured_media":8047,"template":"","product_category":[310],"class_list":["post-15042","product","type-product","status-publish","has-post-thumbnail","hentry","product_category-wide-area-network"],"yoast_head":"<!-- This site is optimized with the Yoast SEO plugin v27.4 - https:\/\/yoast.com\/product\/yoast-seo-wordpress\/ -->\n<title>Premium-Line ADSS Fiber Optic Cable, 9\/125um G652D<\/title>\n<meta name=\"description\" content=\"Bei diesem ADSS (=All Dielectric Self-Supporting)-Kabel sind die 250um-Fasern in einem Loose-Tube aus High-Modulus-Plastik eingelassen.\" \/>\n<meta name=\"robots\" content=\"index, follow, max-snippet:-1, max-image-preview:large, max-video-preview:-1\" \/>\n<link rel=\"canonical\" href=\"https:\/\/premiumline-cabling.com\/de\/product\/adds-fiber-optic-cable\/\" \/>\n<meta property=\"og:locale\" content=\"de_DE\" \/>\n<meta property=\"og:type\" content=\"article\" \/>\n<meta property=\"og:title\" content=\"Premium-Line ADSS Fiber Optic Cable, 9\/125um G652D\" \/>\n<meta property=\"og:description\" content=\"Bei diesem ADSS (=All Dielectric Self-Supporting)-Kabel sind die 250um-Fasern in einem Loose-Tube aus High-Modulus-Plastik eingelassen.\" \/>\n<meta property=\"og:url\" content=\"https:\/\/premiumline-cabling.com\/de\/product\/adds-fiber-optic-cable\/\" \/>\n<meta property=\"og:site_name\" content=\"Premium-Line\" \/>\n<meta property=\"article:modified_time\" content=\"2022-05-20T06:21:18+00:00\" \/>\n<meta property=\"og:image\" content=\"https:\/\/premiumline-cabling.com\/wp-content\/uploads\/2019\/01\/PL_img_ADSS_Fiber.jpg\" \/>\n\t<meta property=\"og:image:width\" content=\"283\" \/>\n\t<meta property=\"og:image:height\" content=\"220\" \/>\n\t<meta property=\"og:image:type\" content=\"image\/jpeg\" \/>\n<meta name=\"twitter:card\" content=\"summary_large_image\" \/>\n<meta name=\"twitter:label1\" content=\"Gesch\u00e4tzte Lesezeit\" \/>\n\t<meta name=\"twitter:data1\" content=\"1\u00a0Minute\" \/>\n<script type=\"application\/ld+json\" class=\"yoast-schema-graph\">{\"@context\":\"https:\\\/\\\/schema.org\",\"@graph\":[{\"@type\":\"WebPage\",\"@id\":\"https:\\\/\\\/premiumline-cabling.com\\\/de\\\/product\\\/adds-fiber-optic-cable\\\/\",\"url\":\"https:\\\/\\\/premiumline-cabling.com\\\/de\\\/product\\\/adds-fiber-optic-cable\\\/\",\"name\":\"Premium-Line ADSS Fiber Optic Cable, 9\\\/125um G652D\",\"isPartOf\":{\"@id\":\"https:\\\/\\\/premiumline-cabling.com\\\/#website\"},\"primaryImageOfPage\":{\"@id\":\"https:\\\/\\\/premiumline-cabling.com\\\/de\\\/product\\\/adds-fiber-optic-cable\\\/#primaryimage\"},\"image\":{\"@id\":\"https:\\\/\\\/premiumline-cabling.com\\\/de\\\/product\\\/adds-fiber-optic-cable\\\/#primaryimage\"},\"thumbnailUrl\":\"https:\\\/\\\/premiumline-cabling.com\\\/wp-content\\\/uploads\\\/2019\\\/01\\\/PL_img_ADSS_Fiber.jpg\",\"datePublished\":\"2019-01-15T17:39:32+00:00\",\"dateModified\":\"2022-05-20T06:21:18+00:00\",\"description\":\"Bei diesem ADSS (=All Dielectric Self-Supporting)-Kabel sind die 250um-Fasern in einem Loose-Tube aus High-Modulus-Plastik eingelassen.\",\"breadcrumb\":{\"@id\":\"https:\\\/\\\/premiumline-cabling.com\\\/de\\\/product\\\/adds-fiber-optic-cable\\\/#breadcrumb\"},\"inLanguage\":\"de\",\"potentialAction\":[{\"@type\":\"ReadAction\",\"target\":[\"https:\\\/\\\/premiumline-cabling.com\\\/de\\\/product\\\/adds-fiber-optic-cable\\\/\"]}]},{\"@type\":\"ImageObject\",\"inLanguage\":\"de\",\"@id\":\"https:\\\/\\\/premiumline-cabling.com\\\/de\\\/product\\\/adds-fiber-optic-cable\\\/#primaryimage\",\"url\":\"https:\\\/\\\/premiumline-cabling.com\\\/wp-content\\\/uploads\\\/2019\\\/01\\\/PL_img_ADSS_Fiber.jpg\",\"contentUrl\":\"https:\\\/\\\/premiumline-cabling.com\\\/wp-content\\\/uploads\\\/2019\\\/01\\\/PL_img_ADSS_Fiber.jpg\",\"width\":283,\"height\":220},{\"@type\":\"BreadcrumbList\",\"@id\":\"https:\\\/\\\/premiumline-cabling.com\\\/de\\\/product\\\/adds-fiber-optic-cable\\\/#breadcrumb\",\"itemListElement\":[{\"@type\":\"ListItem\",\"position\":1,\"name\":\"\u0413\u043b\u0430\u0432\u043d\u0430\u044f \u0441\u0442\u0440\u0430\u043d\u0438\u0446\u0430\",\"item\":\"https:\\\/\\\/premiumline-cabling.com\\\/de\\\/\"},{\"@type\":\"ListItem\",\"position\":2,\"name\":\"ADSS, 9\\\/125um G652D\"}]},{\"@type\":\"WebSite\",\"@id\":\"https:\\\/\\\/premiumline-cabling.com\\\/#website\",\"url\":\"https:\\\/\\\/premiumline-cabling.com\\\/\",\"name\":\"Premium-Line\",\"description\":\"Structured Cabling System\",\"publisher\":{\"@id\":\"https:\\\/\\\/premiumline-cabling.com\\\/#organization\"},\"potentialAction\":[{\"@type\":\"SearchAction\",\"target\":{\"@type\":\"EntryPoint\",\"urlTemplate\":\"https:\\\/\\\/premiumline-cabling.com\\\/?s={search_term_string}\"},\"query-input\":{\"@type\":\"PropertyValueSpecification\",\"valueRequired\":true,\"valueName\":\"search_term_string\"}}],\"inLanguage\":\"de\"},{\"@type\":\"Organization\",\"@id\":\"https:\\\/\\\/premiumline-cabling.com\\\/#organization\",\"name\":\"Premium-Line\",\"url\":\"https:\\\/\\\/premiumline-cabling.com\\\/\",\"logo\":{\"@type\":\"ImageObject\",\"inLanguage\":\"de\",\"@id\":\"https:\\\/\\\/premiumline-cabling.com\\\/#\\\/schema\\\/logo\\\/image\\\/\",\"url\":\"https:\\\/\\\/premiumline-cabling.com\\\/wp-content\\\/uploads\\\/2019\\\/04\\\/cropped-img_logo_site_Premium-Line.png\",\"contentUrl\":\"https:\\\/\\\/premiumline-cabling.com\\\/wp-content\\\/uploads\\\/2019\\\/04\\\/cropped-img_logo_site_Premium-Line.png\",\"width\":190,\"height\":62,\"caption\":\"Premium-Line\"},\"image\":{\"@id\":\"https:\\\/\\\/premiumline-cabling.com\\\/#\\\/schema\\\/logo\\\/image\\\/\"}}]}<\/script>\n<!-- \/ Yoast SEO plugin. -->","yoast_head_json":{"title":"Premium-Line ADSS Fiber Optic Cable, 9\/125um G652D","description":"Bei diesem ADSS (=All Dielectric Self-Supporting)-Kabel sind die 250um-Fasern in einem Loose-Tube aus High-Modulus-Plastik eingelassen.","robots":{"index":"index","follow":"follow","max-snippet":"max-snippet:-1","max-image-preview":"max-image-preview:large","max-video-preview":"max-video-preview:-1"},"canonical":"https:\/\/premiumline-cabling.com\/de\/product\/adds-fiber-optic-cable\/","og_locale":"de_DE","og_type":"article","og_title":"Premium-Line ADSS Fiber Optic Cable, 9\/125um G652D","og_description":"Bei diesem ADSS (=All Dielectric Self-Supporting)-Kabel sind die 250um-Fasern in einem Loose-Tube aus High-Modulus-Plastik eingelassen.","og_url":"https:\/\/premiumline-cabling.com\/de\/product\/adds-fiber-optic-cable\/","og_site_name":"Premium-Line","article_modified_time":"2022-05-20T06:21:18+00:00","og_image":[{"width":283,"height":220,"url":"https:\/\/premiumline-cabling.com\/wp-content\/uploads\/2019\/01\/PL_img_ADSS_Fiber.jpg","type":"image\/jpeg"}],"twitter_card":"summary_large_image","twitter_misc":{"Gesch\u00e4tzte Lesezeit":"1\u00a0Minute"},"schema":{"@context":"https:\/\/schema.org","@graph":[{"@type":"WebPage","@id":"https:\/\/premiumline-cabling.com\/de\/product\/adds-fiber-optic-cable\/","url":"https:\/\/premiumline-cabling.com\/de\/product\/adds-fiber-optic-cable\/","name":"Premium-Line ADSS Fiber Optic Cable, 9\/125um G652D","isPartOf":{"@id":"https:\/\/premiumline-cabling.com\/#website"},"primaryImageOfPage":{"@id":"https:\/\/premiumline-cabling.com\/de\/product\/adds-fiber-optic-cable\/#primaryimage"},"image":{"@id":"https:\/\/premiumline-cabling.com\/de\/product\/adds-fiber-optic-cable\/#primaryimage"},"thumbnailUrl":"https:\/\/premiumline-cabling.com\/wp-content\/uploads\/2019\/01\/PL_img_ADSS_Fiber.jpg","datePublished":"2019-01-15T17:39:32+00:00","dateModified":"2022-05-20T06:21:18+00:00","description":"Bei diesem ADSS (=All Dielectric Self-Supporting)-Kabel sind die 250um-Fasern in einem Loose-Tube aus High-Modulus-Plastik eingelassen.","breadcrumb":{"@id":"https:\/\/premiumline-cabling.com\/de\/product\/adds-fiber-optic-cable\/#breadcrumb"},"inLanguage":"de","potentialAction":[{"@type":"ReadAction","target":["https:\/\/premiumline-cabling.com\/de\/product\/adds-fiber-optic-cable\/"]}]},{"@type":"ImageObject","inLanguage":"de","@id":"https:\/\/premiumline-cabling.com\/de\/product\/adds-fiber-optic-cable\/#primaryimage","url":"https:\/\/premiumline-cabling.com\/wp-content\/uploads\/2019\/01\/PL_img_ADSS_Fiber.jpg","contentUrl":"https:\/\/premiumline-cabling.com\/wp-content\/uploads\/2019\/01\/PL_img_ADSS_Fiber.jpg","width":283,"height":220},{"@type":"BreadcrumbList","@id":"https:\/\/premiumline-cabling.com\/de\/product\/adds-fiber-optic-cable\/#breadcrumb","itemListElement":[{"@type":"ListItem","position":1,"name":"\u0413\u043b\u0430\u0432\u043d\u0430\u044f \u0441\u0442\u0440\u0430\u043d\u0438\u0446\u0430","item":"https:\/\/premiumline-cabling.com\/de\/"},{"@type":"ListItem","position":2,"name":"ADSS, 9\/125um G652D"}]},{"@type":"WebSite","@id":"https:\/\/premiumline-cabling.com\/#website","url":"https:\/\/premiumline-cabling.com\/","name":"Premium-Line","description":"Structured Cabling System","publisher":{"@id":"https:\/\/premiumline-cabling.com\/#organization"},"potentialAction":[{"@type":"SearchAction","target":{"@type":"EntryPoint","urlTemplate":"https:\/\/premiumline-cabling.com\/?s={search_term_string}"},"query-input":{"@type":"PropertyValueSpecification","valueRequired":true,"valueName":"search_term_string"}}],"inLanguage":"de"},{"@type":"Organization","@id":"https:\/\/premiumline-cabling.com\/#organization","name":"Premium-Line","url":"https:\/\/premiumline-cabling.com\/","logo":{"@type":"ImageObject","inLanguage":"de","@id":"https:\/\/premiumline-cabling.com\/#\/schema\/logo\/image\/","url":"https:\/\/premiumline-cabling.com\/wp-content\/uploads\/2019\/04\/cropped-img_logo_site_Premium-Line.png","contentUrl":"https:\/\/premiumline-cabling.com\/wp-content\/uploads\/2019\/04\/cropped-img_logo_site_Premium-Line.png","width":190,"height":62,"caption":"Premium-Line"},"image":{"@id":"https:\/\/premiumline-cabling.com\/#\/schema\/logo\/image\/"}}]}},"_links":{"self":[{"href":"https:\/\/premiumline-cabling.com\/de\/wp-json\/wp\/v2\/product\/15042","targetHints":{"allow":["GET"]}}],"collection":[{"href":"https:\/\/premiumline-cabling.com\/de\/wp-json\/wp\/v2\/product"}],"about":[{"href":"https:\/\/premiumline-cabling.com\/de\/wp-json\/wp\/v2\/types\/product"}],"wp:featuredmedia":[{"embeddable":true,"href":"https:\/\/premiumline-cabling.com\/de\/wp-json\/wp\/v2\/media\/8047"}],"wp:attachment":[{"href":"https:\/\/premiumline-cabling.com\/de\/wp-json\/wp\/v2\/media?parent=15042"}],"wp:term":[{"taxonomy":"product_category","embeddable":true,"href":"https:\/\/premiumline-cabling.com\/de\/wp-json\/wp\/v2\/product_category?post=15042"}],"curies":[{"name":"wp","href":"https:\/\/api.w.org\/{rel}","templated":true}]}}