{"id":14990,"date":"2019-05-07T16:01:25","date_gmt":"2019-05-07T15:01:25","guid":{"rendered":"https:\/\/www.premiumline-cabling.com\/product\/field-assembly-connector\/"},"modified":"2022-05-17T07:58:32","modified_gmt":"2022-05-17T06:58:32","slug":"field-assembly-connector","status":"publish","type":"product","link":"https:\/\/premiumline-cabling.com\/de\/product\/field-assembly-connector\/","title":{"rendered":"Glasfaserstecker  MM \/ SM , LC \/ SC werkzeuglos"},"content":{"rendered":"<p>Feldkonfektionierbare Stecker sind sehr einfach zu verarbeiten und wiederverschlie\u00dfbar. Die Faser kann m\u00fchelos durch eine Verriegelung wieder entfernt werden. Der feldkonfektionierbare Stecker besteht nur aus zwei Teilen und einer T\u00fclle. Haupteinsatzgebiet ist die Verwendung in FTTH-Netzwerken.<\/p>\n<p><noscript><img decoding=\"async\" class=\"aligncenter wp-image-2114 size-full\" src=\"https:\/\/premiumline-cabling.com\/wp-content\/uploads\/2019\/05\/FO-field-assembly_1.jpg\" alt width=\"549\" height=\"134\" srcset=\"https:\/\/premiumline-cabling.com\/wp-content\/uploads\/2019\/05\/FO-field-assembly_1.jpg 549w, https:\/\/premiumline-cabling.com\/wp-content\/uploads\/2019\/05\/FO-field-assembly_1-300x73.jpg 300w\" sizes=\"(max-width: 549px) 100vw, 549px\"><\/noscript><img decoding=\"async\" class=\"aligncenter wp-image-2114 size-full lazyload\" src=\"data:image\/svg+xml,%3Csvg%20xmlns%3D%22http%3A%2F%2Fwww.w3.org%2F2000%2Fsvg%22%20viewBox%3D%220%200%20549%20134%22%3E%3C%2Fsvg%3E\" alt width=\"549\" height=\"134\" srcset=\"data:image\/svg+xml,%3Csvg%20xmlns%3D%22http%3A%2F%2Fwww.w3.org%2F2000%2Fsvg%22%20viewBox%3D%220%200%20549%20134%22%3E%3C%2Fsvg%3E 549w\" sizes=\"(max-width: 549px) 100vw, 549px\" data-srcset=\"https:\/\/premiumline-cabling.com\/wp-content\/uploads\/2019\/05\/FO-field-assembly_1.jpg 549w, https:\/\/premiumline-cabling.com\/wp-content\/uploads\/2019\/05\/FO-field-assembly_1-300x73.jpg 300w\" data-src=\"https:\/\/premiumline-cabling.com\/wp-content\/uploads\/2019\/05\/FO-field-assembly_1.jpg\"><\/p>\n<h3>EIGENSCHAFTEN:<\/h3>\n<ul>\n<li>Kein Spezialwerkzeug erforderlich<\/li>\n<li>Kann 10x ge\u00f6ffnet werden<\/li>\n<li>Geeignet f\u00fcr verschiedene Kabel (\u00f8 250-900um, 1.6&#215;2.0mm, 2.0&#215;3.0mm, 3.0mm)<\/li>\n<li>Konform mit GR-326-CORE<\/li>\n<\/ul>\n<h3>ANWENDUNGEN:<\/h3>\n<ul>\n<li>FTTH Enduser Terminierung<\/li>\n<li>Patchpanele<\/li>\n<li>Zur schnellen Reparatur in Glasfasernetzwerken<\/li>\n<\/ul>\n<h3>KENNWERTE:<\/h3>\n<table>\n<tbody>\n<tr>\n<td width=\"156\">Faserschliff<\/td>\n<td width=\"482\">UPC-Schliff\uff0cAPC-Schliff<\/td>\n<\/tr>\n<tr>\n<td width=\"156\">Verwendete Faser<\/td>\n<td width=\"482\">\u00d8 250-900\u03bcm\uff0c1.6&#215;2.0\uff0c2.0&#215;3.0\uff0c\u00d83.0mm (SM\uff0cMM50\uff0cMM62.5, MM10G)<\/td>\n<\/tr>\n<tr>\n<td width=\"156\">Einf\u00fcged\u00e4mpfung<\/td>\n<td width=\"482\">Typ. \u22640.3 dB \/ max. \u22640.5 dB<\/td>\n<\/tr>\n<tr>\n<td width=\"156\">R\u00fcckflussd\u00e4mpfung<\/td>\n<td width=\"482\">&gt;45dB (SM Faser SPC-Schliff)\n<p>&nbsp;<\/p>\n<p>&gt;50dB (SM Faser APC-Schliff, in Verbindung mit Flat-Cleaver)<\/p>\n<p>&nbsp;<\/p>\n<p>&gt;65dB (SM Faser APC-Schliff, in Verbindung mit Flat Cleaver)<\/p><\/td>\n<\/tr>\n<tr>\n<td width=\"156\">Einsatztemperatur Temperature<\/td>\n<td width=\"482\">-40\u00b0C bis +85\u00b0C<\/td>\n<\/tr>\n<tr>\n<td width=\"156\">Zugtest<\/td>\n<td width=\"482\">&lt;0.2dB\uff0c4N Last (0.125 Faser)\n<p>&lt; 0.2dB, 40N Last (2x3mm\uff0c\u00d8 3.0mm)<\/p><\/td>\n<\/tr>\n<tr>\n<td width=\"156\">Schlagfestigkeit<\/td>\n<td width=\"482\">&lt; 0.2dB\uff0c1.5m\uff0c10 Wiederholungen<\/td>\n<\/tr>\n<tr>\n<td width=\"156\">Dauertest<\/td>\n<td width=\"482\">&lt; 0.2dB\uff0c200 Steckwiederholungen<\/td>\n<\/tr>\n<tr>\n<td width=\"156\">Vibrationstest<\/td>\n<td width=\"482\">&lt; 0.2dB\uff0c3 Axen &nbsp;2Std\/Axe\uff0c1.5mm(Peak-Peak), 10-55Hz)<\/td>\n<\/tr>\n<tr>\n<td width=\"156\">Thermischer Zyklus<\/td>\n<td width=\"482\">&lt; 0.2dB\uff0c-40 bis +75 \u00b0C\uff0c21 mal f\u00fcr 168 Std. (3.0mm Kabel)<\/td>\n<\/tr>\n<tr>\n<td width=\"156\">Feuchtigkeitstest<\/td>\n<td width=\"482\">&lt; 0.2dB\uff0c90 bis 95% rel.Feuchte, Temp 75\u00b0C f\u00fcr 168 Std.<\/td>\n<\/tr>\n<\/tbody>\n<\/table>\n<h3>BESTELLINFORMATION:<\/h3>\n<table>\n<tbody>\n<tr>\n<td width=\"157\">Art. Nr.<\/td>\n<td width=\"505\">236x20yzw<\/td>\n<\/tr>\n<tr>\n<td width=\"157\">Bezeichnung<\/td>\n<td width=\"505\">Premium-Line Feldkonfektionierbare Glasfaserstecker<\/td>\n<\/tr>\n<tr>\n<td width=\"157\">x, mode<\/td>\n<td width=\"505\">1:MM &nbsp;&nbsp;2:SM<\/td>\n<\/tr>\n<tr>\n<td width=\"157\">y, Stecker<\/td>\n<td width=\"505\">1:SC\/APC&nbsp;&nbsp; 4:LC\/APC&nbsp;&nbsp;&nbsp; 6:SC\/UPC&nbsp;&nbsp; 9:LC\/UPC<\/td>\n<\/tr>\n<tr>\n<td width=\"157\">z, Durchmesser<\/td>\n<td width=\"505\">3: 0.9mm(nur f\u00fcr LC) &nbsp;&nbsp;4: 2.0mm(nur f\u00fcr SC)&nbsp;&nbsp; 5: 3.0mm(nur f\u00fcr SC)<\/td>\n<\/tr>\n<tr>\n<td width=\"157\">w, Farbe<\/td>\n<td width=\"505\">1: beige&nbsp;&nbsp; 4: blau&nbsp;&nbsp; 6: gr\u00fcn<\/td>\n<\/tr>\n<tr>\n<td width=\"157\">Verpackung<\/td>\n<td width=\"505\">1 Stk\/PE-Sack&nbsp;&nbsp; &nbsp;50 Stk\/Box&nbsp;&nbsp; &nbsp;500 Stk\/Karton\n<p>Kartongr\u00f6\u00dfe: 53.8&#215;35.2x27cm<\/p><\/td>\n<\/tr>\n<\/tbody>\n<\/table>\n<h4>Beispiel:<\/h4>\n<table style=\"width: 679px;\" width=\"790\">\n<tbody>\n<tr>\n<td style=\"width: 93px;\" width=\"90\">236220156<\/td>\n<td style=\"width: 586px;\" width=\"700\">Premium Line Feldkonfektionierbare Glasfaserstecker,SC\/APC,SM,gr\u00fcn,\uff082.0\/3.0mm\uff09<\/td>\n<\/tr>\n<tr>\n<td style=\"width: 93px;\">236220654<\/td>\n<td style=\"width: 586px;\">Premium Line Feldkonfektionierbare Glasfaserstecker,SC\/UPC,SM,blau,\uff082.0\/3.0mm\uff09<\/td>\n<\/tr>\n<tr>\n<td style=\"width: 93px;\">236120651<\/td>\n<td style=\"width: 586px;\">Premium Line Feldkonfektionierbare Glasfaserstecker,SC\/UPC,MM,beige,\uff082.0\/3.0mm\uff09<\/td>\n<\/tr>\n<tr>\n<td style=\"width: 93px;\"><\/td>\n<td style=\"width: 586px;\"><\/td>\n<\/tr>\n<tr>\n<td style=\"width: 93px;\">236220436<\/td>\n<td style=\"width: 586px;\">Premium Line Feldkonfektionierbare Glasfaserstecker,LC\/APC,SM,gr\u00fcn,\uff080.9mm\uff09<\/td>\n<\/tr>\n<tr>\n<td style=\"width: 93px;\">236220934<\/td>\n<td style=\"width: 586px;\">Premium Line Feldkonfektionierbare Glasfaserstecker,LC\/UPC,SM,blau,\uff080.9mm\uff09<\/td>\n<\/tr>\n<tr>\n<td style=\"width: 93px;\">236120931<\/td>\n<td style=\"width: 586px;\">Premium Line Feldkonfektionierbare Glasfaserstecker,LC\/UPC,MM,beige,\uff080.9mm\uff09<\/td>\n<\/tr>\n<\/tbody>\n<\/table>\n<p>&nbsp;<\/p>\n","protected":false},"featured_media":9678,"template":"","product_category":[105],"class_list":["post-14990","product","type-product","status-publish","has-post-thumbnail","hentry","product_category-fttx"],"yoast_head":"<!-- This site is optimized with the Yoast SEO plugin v27.4 - https:\/\/yoast.com\/product\/yoast-seo-wordpress\/ -->\n<title>Premium-Line Feldkonfektionierbare Glasfaserstecker<\/title>\n<meta name=\"description\" content=\"Feldkonfektionierbare Stecker sind sehr einfach zu verarbeiten und wiederverschlie\u00dfbar. Die Faser kann m\u00fchelos durch eine Verriegelung wieder entfernt werden\" \/>\n<meta name=\"robots\" content=\"index, follow, max-snippet:-1, max-image-preview:large, max-video-preview:-1\" \/>\n<link rel=\"canonical\" href=\"https:\/\/premiumline-cabling.com\/de\/product\/field-assembly-connector\/\" \/>\n<meta property=\"og:locale\" content=\"de_DE\" \/>\n<meta property=\"og:type\" content=\"article\" \/>\n<meta property=\"og:title\" content=\"Premium-Line Feldkonfektionierbare Glasfaserstecker\" \/>\n<meta property=\"og:description\" content=\"Feldkonfektionierbare Stecker sind sehr einfach zu verarbeiten und wiederverschlie\u00dfbar. Die Faser kann m\u00fchelos durch eine Verriegelung wieder entfernt werden\" \/>\n<meta property=\"og:url\" content=\"https:\/\/premiumline-cabling.com\/de\/product\/field-assembly-connector\/\" \/>\n<meta property=\"og:site_name\" content=\"Premium-Line\" \/>\n<meta property=\"article:modified_time\" content=\"2022-05-17T06:58:32+00:00\" \/>\n<meta property=\"og:image\" content=\"https:\/\/premiumline-cabling.com\/wp-content\/uploads\/2019\/05\/FO-field-assembly_2.jpg\" \/>\n\t<meta property=\"og:image:width\" content=\"337\" \/>\n\t<meta property=\"og:image:height\" content=\"173\" \/>\n\t<meta property=\"og:image:type\" content=\"image\/jpeg\" \/>\n<meta name=\"twitter:card\" content=\"summary_large_image\" \/>\n<meta name=\"twitter:label1\" content=\"Gesch\u00e4tzte Lesezeit\" \/>\n\t<meta name=\"twitter:data1\" content=\"2\u00a0Minuten\" \/>\n<script type=\"application\/ld+json\" class=\"yoast-schema-graph\">{\"@context\":\"https:\\\/\\\/schema.org\",\"@graph\":[{\"@type\":\"WebPage\",\"@id\":\"https:\\\/\\\/premiumline-cabling.com\\\/de\\\/product\\\/field-assembly-connector\\\/\",\"url\":\"https:\\\/\\\/premiumline-cabling.com\\\/de\\\/product\\\/field-assembly-connector\\\/\",\"name\":\"Premium-Line Feldkonfektionierbare Glasfaserstecker\",\"isPartOf\":{\"@id\":\"https:\\\/\\\/premiumline-cabling.com\\\/#website\"},\"primaryImageOfPage\":{\"@id\":\"https:\\\/\\\/premiumline-cabling.com\\\/de\\\/product\\\/field-assembly-connector\\\/#primaryimage\"},\"image\":{\"@id\":\"https:\\\/\\\/premiumline-cabling.com\\\/de\\\/product\\\/field-assembly-connector\\\/#primaryimage\"},\"thumbnailUrl\":\"https:\\\/\\\/premiumline-cabling.com\\\/wp-content\\\/uploads\\\/2019\\\/05\\\/FO-field-assembly_2.jpg\",\"datePublished\":\"2019-05-07T15:01:25+00:00\",\"dateModified\":\"2022-05-17T06:58:32+00:00\",\"description\":\"Feldkonfektionierbare Stecker sind sehr einfach zu verarbeiten und wiederverschlie\u00dfbar. Die Faser kann m\u00fchelos durch eine Verriegelung wieder entfernt werden\",\"breadcrumb\":{\"@id\":\"https:\\\/\\\/premiumline-cabling.com\\\/de\\\/product\\\/field-assembly-connector\\\/#breadcrumb\"},\"inLanguage\":\"de\",\"potentialAction\":[{\"@type\":\"ReadAction\",\"target\":[\"https:\\\/\\\/premiumline-cabling.com\\\/de\\\/product\\\/field-assembly-connector\\\/\"]}]},{\"@type\":\"ImageObject\",\"inLanguage\":\"de\",\"@id\":\"https:\\\/\\\/premiumline-cabling.com\\\/de\\\/product\\\/field-assembly-connector\\\/#primaryimage\",\"url\":\"https:\\\/\\\/premiumline-cabling.com\\\/wp-content\\\/uploads\\\/2019\\\/05\\\/FO-field-assembly_2.jpg\",\"contentUrl\":\"https:\\\/\\\/premiumline-cabling.com\\\/wp-content\\\/uploads\\\/2019\\\/05\\\/FO-field-assembly_2.jpg\",\"width\":337,\"height\":173},{\"@type\":\"BreadcrumbList\",\"@id\":\"https:\\\/\\\/premiumline-cabling.com\\\/de\\\/product\\\/field-assembly-connector\\\/#breadcrumb\",\"itemListElement\":[{\"@type\":\"ListItem\",\"position\":1,\"name\":\"\u0413\u043b\u0430\u0432\u043d\u0430\u044f \u0441\u0442\u0440\u0430\u043d\u0438\u0446\u0430\",\"item\":\"https:\\\/\\\/premiumline-cabling.com\\\/de\\\/\"},{\"@type\":\"ListItem\",\"position\":2,\"name\":\"Glasfaserstecker MM \\\/ SM , LC \\\/ SC werkzeuglos\"}]},{\"@type\":\"WebSite\",\"@id\":\"https:\\\/\\\/premiumline-cabling.com\\\/#website\",\"url\":\"https:\\\/\\\/premiumline-cabling.com\\\/\",\"name\":\"Premium-Line\",\"description\":\"Structured Cabling System\",\"publisher\":{\"@id\":\"https:\\\/\\\/premiumline-cabling.com\\\/#organization\"},\"potentialAction\":[{\"@type\":\"SearchAction\",\"target\":{\"@type\":\"EntryPoint\",\"urlTemplate\":\"https:\\\/\\\/premiumline-cabling.com\\\/?s={search_term_string}\"},\"query-input\":{\"@type\":\"PropertyValueSpecification\",\"valueRequired\":true,\"valueName\":\"search_term_string\"}}],\"inLanguage\":\"de\"},{\"@type\":\"Organization\",\"@id\":\"https:\\\/\\\/premiumline-cabling.com\\\/#organization\",\"name\":\"Premium-Line\",\"url\":\"https:\\\/\\\/premiumline-cabling.com\\\/\",\"logo\":{\"@type\":\"ImageObject\",\"inLanguage\":\"de\",\"@id\":\"https:\\\/\\\/premiumline-cabling.com\\\/#\\\/schema\\\/logo\\\/image\\\/\",\"url\":\"https:\\\/\\\/premiumline-cabling.com\\\/wp-content\\\/uploads\\\/2019\\\/04\\\/cropped-img_logo_site_Premium-Line.png\",\"contentUrl\":\"https:\\\/\\\/premiumline-cabling.com\\\/wp-content\\\/uploads\\\/2019\\\/04\\\/cropped-img_logo_site_Premium-Line.png\",\"width\":190,\"height\":62,\"caption\":\"Premium-Line\"},\"image\":{\"@id\":\"https:\\\/\\\/premiumline-cabling.com\\\/#\\\/schema\\\/logo\\\/image\\\/\"}}]}<\/script>\n<!-- \/ Yoast SEO plugin. -->","yoast_head_json":{"title":"Premium-Line Feldkonfektionierbare Glasfaserstecker","description":"Feldkonfektionierbare Stecker sind sehr einfach zu verarbeiten und wiederverschlie\u00dfbar. Die Faser kann m\u00fchelos durch eine Verriegelung wieder entfernt werden","robots":{"index":"index","follow":"follow","max-snippet":"max-snippet:-1","max-image-preview":"max-image-preview:large","max-video-preview":"max-video-preview:-1"},"canonical":"https:\/\/premiumline-cabling.com\/de\/product\/field-assembly-connector\/","og_locale":"de_DE","og_type":"article","og_title":"Premium-Line Feldkonfektionierbare Glasfaserstecker","og_description":"Feldkonfektionierbare Stecker sind sehr einfach zu verarbeiten und wiederverschlie\u00dfbar. Die Faser kann m\u00fchelos durch eine Verriegelung wieder entfernt werden","og_url":"https:\/\/premiumline-cabling.com\/de\/product\/field-assembly-connector\/","og_site_name":"Premium-Line","article_modified_time":"2022-05-17T06:58:32+00:00","og_image":[{"width":337,"height":173,"url":"https:\/\/premiumline-cabling.com\/wp-content\/uploads\/2019\/05\/FO-field-assembly_2.jpg","type":"image\/jpeg"}],"twitter_card":"summary_large_image","twitter_misc":{"Gesch\u00e4tzte Lesezeit":"2\u00a0Minuten"},"schema":{"@context":"https:\/\/schema.org","@graph":[{"@type":"WebPage","@id":"https:\/\/premiumline-cabling.com\/de\/product\/field-assembly-connector\/","url":"https:\/\/premiumline-cabling.com\/de\/product\/field-assembly-connector\/","name":"Premium-Line Feldkonfektionierbare Glasfaserstecker","isPartOf":{"@id":"https:\/\/premiumline-cabling.com\/#website"},"primaryImageOfPage":{"@id":"https:\/\/premiumline-cabling.com\/de\/product\/field-assembly-connector\/#primaryimage"},"image":{"@id":"https:\/\/premiumline-cabling.com\/de\/product\/field-assembly-connector\/#primaryimage"},"thumbnailUrl":"https:\/\/premiumline-cabling.com\/wp-content\/uploads\/2019\/05\/FO-field-assembly_2.jpg","datePublished":"2019-05-07T15:01:25+00:00","dateModified":"2022-05-17T06:58:32+00:00","description":"Feldkonfektionierbare Stecker sind sehr einfach zu verarbeiten und wiederverschlie\u00dfbar. Die Faser kann m\u00fchelos durch eine Verriegelung wieder entfernt werden","breadcrumb":{"@id":"https:\/\/premiumline-cabling.com\/de\/product\/field-assembly-connector\/#breadcrumb"},"inLanguage":"de","potentialAction":[{"@type":"ReadAction","target":["https:\/\/premiumline-cabling.com\/de\/product\/field-assembly-connector\/"]}]},{"@type":"ImageObject","inLanguage":"de","@id":"https:\/\/premiumline-cabling.com\/de\/product\/field-assembly-connector\/#primaryimage","url":"https:\/\/premiumline-cabling.com\/wp-content\/uploads\/2019\/05\/FO-field-assembly_2.jpg","contentUrl":"https:\/\/premiumline-cabling.com\/wp-content\/uploads\/2019\/05\/FO-field-assembly_2.jpg","width":337,"height":173},{"@type":"BreadcrumbList","@id":"https:\/\/premiumline-cabling.com\/de\/product\/field-assembly-connector\/#breadcrumb","itemListElement":[{"@type":"ListItem","position":1,"name":"\u0413\u043b\u0430\u0432\u043d\u0430\u044f \u0441\u0442\u0440\u0430\u043d\u0438\u0446\u0430","item":"https:\/\/premiumline-cabling.com\/de\/"},{"@type":"ListItem","position":2,"name":"Glasfaserstecker MM \/ SM , LC \/ SC werkzeuglos"}]},{"@type":"WebSite","@id":"https:\/\/premiumline-cabling.com\/#website","url":"https:\/\/premiumline-cabling.com\/","name":"Premium-Line","description":"Structured Cabling System","publisher":{"@id":"https:\/\/premiumline-cabling.com\/#organization"},"potentialAction":[{"@type":"SearchAction","target":{"@type":"EntryPoint","urlTemplate":"https:\/\/premiumline-cabling.com\/?s={search_term_string}"},"query-input":{"@type":"PropertyValueSpecification","valueRequired":true,"valueName":"search_term_string"}}],"inLanguage":"de"},{"@type":"Organization","@id":"https:\/\/premiumline-cabling.com\/#organization","name":"Premium-Line","url":"https:\/\/premiumline-cabling.com\/","logo":{"@type":"ImageObject","inLanguage":"de","@id":"https:\/\/premiumline-cabling.com\/#\/schema\/logo\/image\/","url":"https:\/\/premiumline-cabling.com\/wp-content\/uploads\/2019\/04\/cropped-img_logo_site_Premium-Line.png","contentUrl":"https:\/\/premiumline-cabling.com\/wp-content\/uploads\/2019\/04\/cropped-img_logo_site_Premium-Line.png","width":190,"height":62,"caption":"Premium-Line"},"image":{"@id":"https:\/\/premiumline-cabling.com\/#\/schema\/logo\/image\/"}}]}},"_links":{"self":[{"href":"https:\/\/premiumline-cabling.com\/de\/wp-json\/wp\/v2\/product\/14990","targetHints":{"allow":["GET"]}}],"collection":[{"href":"https:\/\/premiumline-cabling.com\/de\/wp-json\/wp\/v2\/product"}],"about":[{"href":"https:\/\/premiumline-cabling.com\/de\/wp-json\/wp\/v2\/types\/product"}],"wp:featuredmedia":[{"embeddable":true,"href":"https:\/\/premiumline-cabling.com\/de\/wp-json\/wp\/v2\/media\/9678"}],"wp:attachment":[{"href":"https:\/\/premiumline-cabling.com\/de\/wp-json\/wp\/v2\/media?parent=14990"}],"wp:term":[{"taxonomy":"product_category","embeddable":true,"href":"https:\/\/premiumline-cabling.com\/de\/wp-json\/wp\/v2\/product_category?post=14990"}],"curies":[{"name":"wp","href":"https:\/\/api.w.org\/{rel}","templated":true}]}}