{"id":14964,"date":"2019-04-29T19:33:46","date_gmt":"2019-04-29T18:33:46","guid":{"rendered":"https:\/\/www.premiumline-cabling.com\/product\/plc-splitter-module-abs-type\/"},"modified":"2022-05-17T07:17:38","modified_gmt":"2022-05-17T06:17:38","slug":"plc-splitter-module-abs-type","status":"publish","type":"product","link":"https:\/\/premiumline-cabling.com\/de\/product\/plc-splitter-module-abs-type\/","title":{"rendered":"PLC Splitter Modul ABS Ausf\u00fchrung"},"content":{"rendered":"<h3><a href=\"https:\/\/premiumline-cabling.com\/wp-content\/uploads\/2019\/04\/PL_img_PLC-Splitter-Module.jpg\"><noscript><img decoding=\"async\" class=\"alignright wp-image-2023\" src=\"https:\/\/premiumline-cabling.com\/wp-content\/uploads\/2019\/04\/PL_img_PLC-Splitter-Module-300x222.jpg\" alt width=\"300\" height=\"222\" srcset=\"https:\/\/premiumline-cabling.com\/wp-content\/uploads\/2019\/04\/PL_img_PLC-Splitter-Module-300x222.jpg 300w, https:\/\/premiumline-cabling.com\/wp-content\/uploads\/2019\/04\/PL_img_PLC-Splitter-Module-768x569.jpg 768w, https:\/\/premiumline-cabling.com\/wp-content\/uploads\/2019\/04\/PL_img_PLC-Splitter-Module-1024x759.jpg 1024w, https:\/\/premiumline-cabling.com\/wp-content\/uploads\/2019\/04\/PL_img_PLC-Splitter-Module.jpg 1111w\" sizes=\"(max-width: 300px) 100vw, 300px\"><\/noscript><img decoding=\"async\" class=\"alignright wp-image-2023 lazyload\" src=\"data:image\/svg+xml,%3Csvg%20xmlns%3D%22http%3A%2F%2Fwww.w3.org%2F2000%2Fsvg%22%20viewBox%3D%220%200%20300%20222%22%3E%3C%2Fsvg%3E\" alt width=\"300\" height=\"222\" srcset=\"data:image\/svg+xml,%3Csvg%20xmlns%3D%22http%3A%2F%2Fwww.w3.org%2F2000%2Fsvg%22%20viewBox%3D%220%200%20300%20222%22%3E%3C%2Fsvg%3E 300w\" sizes=\"(max-width: 300px) 100vw, 300px\" data-srcset=\"https:\/\/premiumline-cabling.com\/wp-content\/uploads\/2019\/04\/PL_img_PLC-Splitter-Module-300x222.jpg 300w, https:\/\/premiumline-cabling.com\/wp-content\/uploads\/2019\/04\/PL_img_PLC-Splitter-Module-768x569.jpg 768w, https:\/\/premiumline-cabling.com\/wp-content\/uploads\/2019\/04\/PL_img_PLC-Splitter-Module-1024x759.jpg 1024w, https:\/\/premiumline-cabling.com\/wp-content\/uploads\/2019\/04\/PL_img_PLC-Splitter-Module.jpg 1111w\" data-src=\"https:\/\/premiumline-cabling.com\/wp-content\/uploads\/2019\/04\/PL_img_PLC-Splitter-Module-300x222.jpg\"><\/a><\/h3>\n<h2>Premium-Line PLC Splitter Modul ABS Ausf\u00fchrung<\/h2>\n<h3>EIGENSCHAFTEN:<\/h3>\n<ul>\n<li>Gerinste Verlu\u00dfte und geringe Ungleichheit<\/li>\n<li>Ausgezeichnete Channel-zu-Channel \u00dcbertragung<\/li>\n<li>Geringe PDL<\/li>\n<li>Hohe Kostenersparnis<\/li>\n<li>Hohe Umgebungs- und mechanische Stabilit\u00e4t<\/li>\n<\/ul>\n<h3>SPEZIFIKATIONEN:<\/h3>\n<table width=\"662\">\n<tbody>\n<tr>\n<td width=\"287\"><strong>Type<\/strong><\/td>\n<td width=\"57\"><strong>1 x 2<\/strong><\/td>\n<td width=\"66\"><strong>1 x 4<\/strong><\/td>\n<td width=\"57\"><strong>1 x 8<\/strong><\/td>\n<td width=\"66\"><strong>1 x 16<\/strong><\/td>\n<td width=\"66\"><strong>1 x 32<\/strong><\/td>\n<td colspan=\"2\" width=\"63\"><strong>1 x 64<\/strong><\/td>\n<\/tr>\n<tr>\n<td width=\"287\">Wellenl\u00e4nge (nm)<\/td>\n<td colspan=\"6\" width=\"369\">1260 \u2013 1650 nm<\/td>\n<td width=\"6\">&nbsp;<\/td>\n<\/tr>\n<tr>\n<td width=\"287\">Einf\u00fcged\u00e4mpfung (dB)<\/td>\n<td width=\"57\">&nbsp;<\/td>\n<td width=\"66\">&nbsp;<\/td>\n<td width=\"57\">&nbsp;<\/td>\n<td width=\"66\">&nbsp;<\/td>\n<td width=\"66\">&nbsp;<\/td>\n<td colspan=\"2\" width=\"63\">&nbsp;<\/td>\n<\/tr>\n<tr>\n<td width=\"287\">Ungleichheit (dB)<\/td>\n<td width=\"57\">&nbsp;<\/td>\n<td width=\"66\">&nbsp;<\/td>\n<td width=\"57\">&nbsp;<\/td>\n<td width=\"66\">&nbsp;<\/td>\n<td width=\"66\">&nbsp;<\/td>\n<td colspan=\"2\" width=\"63\">&nbsp;<\/td>\n<\/tr>\n<tr>\n<td width=\"287\"><strong>Type<\/strong><\/td>\n<td width=\"57\"><strong>2 x 2<\/strong><\/td>\n<td width=\"66\"><strong>2 x 4<\/strong><\/td>\n<td width=\"57\"><strong>2 x 8<\/strong><\/td>\n<td width=\"66\"><strong>2 x 16<\/strong><\/td>\n<td width=\"66\"><strong>2 x 32<\/strong><\/td>\n<td colspan=\"2\" width=\"63\"><strong>2 x 64<\/strong><\/td>\n<\/tr>\n<tr>\n<td width=\"287\">Wellenl\u00e4nge (nm)<\/td>\n<td colspan=\"6\" width=\"369\">1260 \u2013 1650 nm<\/td>\n<td width=\"6\">&nbsp;<\/td>\n<\/tr>\n<tr>\n<td width=\"287\">Einf\u00fcged\u00e4mpfung (dB)<\/td>\n<td width=\"57\">\u22644.5<\/td>\n<td width=\"66\">\u22647.6<\/td>\n<td width=\"57\">\u226411<\/td>\n<td width=\"66\">\u226414.8<\/td>\n<td width=\"66\">\u226417.9<\/td>\n<td colspan=\"2\" width=\"63\">\u226422.1<\/td>\n<\/tr>\n<tr>\n<td width=\"287\">Ungleichheit (dB)<\/td>\n<td width=\"57\">\u22640.8<\/td>\n<td width=\"66\">\u22641.0<\/td>\n<td width=\"57\">\u22641.2<\/td>\n<td width=\"66\">\u22641.5<\/td>\n<td width=\"66\">\u22641.8<\/td>\n<td colspan=\"2\" width=\"63\">\u22642.2<\/td>\n<\/tr>\n<tr>\n<td width=\"287\">Polarisationsbedingte D\u00e4mpfung (dB)<\/td>\n<td colspan=\"3\" width=\"180\">\u22640.2<\/td>\n<td colspan=\"4\" width=\"196\">\u22640.3<\/td>\n<\/tr>\n<tr>\n<td width=\"287\">R\u00fcckflu\u00dfd\u00e4mpfung (dB)<\/td>\n<td colspan=\"7\" width=\"375\">\u226550<\/td>\n<\/tr>\n<tr>\n<td width=\"287\">Directivity (dB)<\/td>\n<td colspan=\"7\" width=\"375\">\u226555<\/td>\n<\/tr>\n<tr>\n<td width=\"287\">Fasertype<\/td>\n<td colspan=\"7\" width=\"375\">ITU G657A1 oder Kundenspezifisch<\/td>\n<\/tr>\n<tr>\n<td width=\"287\">Pigtailtype<\/td>\n<td colspan=\"7\" width=\"375\">2.0mm Loose Tube<\/td>\n<\/tr>\n<tr>\n<td width=\"287\">Markierung<\/td>\n<td colspan=\"7\" width=\"375\">Eingang: gelb (nummeriert)<\/td>\n<\/tr>\n<tr>\n<td width=\"287\">Verpackungsabmessungen (mm)<\/td>\n<td width=\"57\">90*20*10<\/td>\n<td colspan=\"2\" width=\"123\">100*80*10<\/td>\n<td colspan=\"4\" width=\"196\">120*80*18<\/td>\n<\/tr>\n<tr>\n<td width=\"287\">Einsatztemperatur (\u00b0C)<\/td>\n<td colspan=\"7\" width=\"375\">-40 bis +85<\/td>\n<\/tr>\n<tr>\n<td width=\"287\">Lagertemperatur (\u00b0C)<\/td>\n<td colspan=\"7\" width=\"375\">-40 bis +85<\/td>\n<\/tr>\n<\/tbody>\n<\/table>\n<h3>ANWENDUNGEN:<\/h3>\n<ul>\n<li>LWL-\u00dcbertragungssysteme<\/li>\n<li>LWL-Sensoren<\/li>\n<li>CATV-Systeme<\/li>\n<li>LAN- und WLAN-Systeme<\/li>\n<\/ul>\n<h3>BESTELLINFORMATION:<\/h3>\n<table style=\"height: 344px;\" width=\"756\">\n<tbody>\n<tr style=\"height: 40px;\">\n<td style=\"width: 177px; height: 31px;\">Art. Nr.:<\/td>\n<td style=\"width: 545px; height: 31px;\" colspan=\"8\">25xxxyyyz<\/td>\n<\/tr>\n<tr style=\"height: 31px;\">\n<td style=\"width: 177px; height: 19px;\">Bezeichnung<\/td>\n<td style=\"width: 545px; height: 19px;\" colspan=\"8\">Premium-Line PLC-Splittermodul, 2.0mm Loos-Tube, G657A1, ABS<\/td>\n<\/tr>\n<tr style=\"height: 45px;\">\n<td style=\"width: 177px; height: 31px;\" rowspan=\"2\">xxx: Eingang&amp;Ausgang\n<p>&nbsp;<\/p><\/td>\n<td style=\"width: 70px; height: 21px;\">102: 1&#215;2,<\/td>\n<td style=\"width: 100px; height: 21px;\" colspan=\"2\">104: 1&#215;4,<\/td>\n<td style=\"width: 97px; height: 21px;\">108: 1&#215;8,<\/td>\n<td style=\"width: 89px; height: 21px;\" colspan=\"2\">116: 1&#215;16,<\/td>\n<td style=\"width: 89px; height: 21px;\">132: 1&#215;32,<\/td>\n<td style=\"width: 100px; height: 21px;\">164: 1&#215;64<\/td>\n<\/tr>\n<tr style=\"height: 43px;\">\n<td style=\"width: 70px; height: 10px;\">202: 2&#215;2,<\/td>\n<td style=\"width: 100px; height: 10px;\" colspan=\"2\">204: 2&#215;4,<\/td>\n<td style=\"width: 97px; height: 10px;\">208: 2&#215;8,<\/td>\n<td style=\"width: 89px; height: 10px;\" colspan=\"2\">216: 2&#215;16,<\/td>\n<td style=\"width: 89px; height: 10px;\">232: 2&#215;32,<\/td>\n<td style=\"width: 100px; height: 10px;\">264: 2&#215;64<\/td>\n<\/tr>\n<tr style=\"height: 22px;\">\n<td style=\"width: 177px; height: 22px;\">yyy: L\u00e4nge<\/td>\n<td style=\"width: 545px; height: 22px;\" colspan=\"8\">010:1m&nbsp;&nbsp;&nbsp;&nbsp;&nbsp; 020:2m<\/td>\n<\/tr>\n<tr style=\"height: 42px;\">\n<td style=\"width: 177px; height: 21px;\" rowspan=\"3\">z: Stecker<\/td>\n<td style=\"width: 545px; height: 21px;\" colspan=\"8\">0: ohne Stecker<\/td>\n<\/tr>\n<tr style=\"height: 34px;\">\n<td style=\"width: 120px; height: 10px;\" colspan=\"2\">1:SC\/APC,<\/td>\n<td style=\"width: 191px; height: 10px;\" colspan=\"3\">2:FC\/APC,<\/td>\n<td style=\"width: 234px; height: 10px;\" colspan=\"3\">4: LC\/APC,<\/td>\n<\/tr>\n<tr style=\"height: 32px;\">\n<td style=\"width: 120px; height: 10px;\" colspan=\"2\">6:SC\/UPC,<\/td>\n<td style=\"width: 191px; height: 10px;\" colspan=\"3\">8:FC\/UPC,<\/td>\n<td style=\"width: 234px; height: 10px;\" colspan=\"3\">9: LC\/UPC<\/td>\n<\/tr>\n<\/tbody>\n<\/table>\n<p>&nbsp;<\/p>\n","protected":false},"featured_media":9514,"template":"","product_category":[105],"class_list":["post-14964","product","type-product","status-publish","has-post-thumbnail","hentry","product_category-fttx"],"yoast_head":"<!-- This site is optimized with the Yoast SEO plugin v27.2 - https:\/\/yoast.com\/product\/yoast-seo-wordpress\/ -->\n<title>PLC Splitter ModulABS Ausf\u00fchrung | Premium-Line<\/title>\n<meta name=\"description\" content=\"Gerinste Verlu\u00dfte und geringe Ungleichheit, Ausgezeichnete Channel-zu-Channel \u00dcbertragung, geringe PDL, Hohe Kostenersparnis\" \/>\n<meta name=\"robots\" content=\"index, follow, max-snippet:-1, max-image-preview:large, max-video-preview:-1\" \/>\n<link rel=\"canonical\" href=\"https:\/\/premiumline-cabling.com\/de\/product\/plc-splitter-module-abs-type\/\" \/>\n<meta property=\"og:locale\" content=\"de_DE\" \/>\n<meta property=\"og:type\" content=\"article\" \/>\n<meta property=\"og:title\" content=\"PLC Splitter ModulABS Ausf\u00fchrung | Premium-Line\" \/>\n<meta property=\"og:description\" content=\"Gerinste Verlu\u00dfte und geringe Ungleichheit, Ausgezeichnete Channel-zu-Channel \u00dcbertragung, geringe PDL, Hohe Kostenersparnis\" \/>\n<meta property=\"og:url\" content=\"https:\/\/premiumline-cabling.com\/de\/product\/plc-splitter-module-abs-type\/\" \/>\n<meta property=\"og:site_name\" content=\"Premium-Line\" \/>\n<meta property=\"article:modified_time\" content=\"2022-05-17T06:17:38+00:00\" \/>\n<meta property=\"og:image\" content=\"https:\/\/premiumline-cabling.com\/wp-content\/uploads\/2019\/04\/img_PL_PLC-Splitter-Module.jpg\" \/>\n\t<meta property=\"og:image:width\" content=\"401\" \/>\n\t<meta property=\"og:image:height\" content=\"299\" \/>\n\t<meta property=\"og:image:type\" content=\"image\/jpeg\" \/>\n<meta name=\"twitter:card\" content=\"summary_large_image\" \/>\n<meta name=\"twitter:label1\" content=\"Gesch\u00e4tzte Lesezeit\" \/>\n\t<meta name=\"twitter:data1\" content=\"2\u00a0Minuten\" \/>\n<script type=\"application\/ld+json\" class=\"yoast-schema-graph\">{\"@context\":\"https:\/\/schema.org\",\"@graph\":[{\"@type\":\"WebPage\",\"@id\":\"https:\/\/premiumline-cabling.com\/de\/product\/plc-splitter-module-abs-type\/\",\"url\":\"https:\/\/premiumline-cabling.com\/de\/product\/plc-splitter-module-abs-type\/\",\"name\":\"PLC Splitter ModulABS Ausf\u00fchrung | Premium-Line\",\"isPartOf\":{\"@id\":\"https:\/\/premiumline-cabling.com\/#website\"},\"primaryImageOfPage\":{\"@id\":\"https:\/\/premiumline-cabling.com\/de\/product\/plc-splitter-module-abs-type\/#primaryimage\"},\"image\":{\"@id\":\"https:\/\/premiumline-cabling.com\/de\/product\/plc-splitter-module-abs-type\/#primaryimage\"},\"thumbnailUrl\":\"https:\/\/premiumline-cabling.com\/wp-content\/uploads\/2019\/04\/img_PL_PLC-Splitter-Module.jpg\",\"datePublished\":\"2019-04-29T18:33:46+00:00\",\"dateModified\":\"2022-05-17T06:17:38+00:00\",\"description\":\"Gerinste Verlu\u00dfte und geringe Ungleichheit, Ausgezeichnete Channel-zu-Channel \u00dcbertragung, geringe PDL, Hohe Kostenersparnis\",\"breadcrumb\":{\"@id\":\"https:\/\/premiumline-cabling.com\/de\/product\/plc-splitter-module-abs-type\/#breadcrumb\"},\"inLanguage\":\"de\",\"potentialAction\":[{\"@type\":\"ReadAction\",\"target\":[\"https:\/\/premiumline-cabling.com\/de\/product\/plc-splitter-module-abs-type\/\"]}]},{\"@type\":\"ImageObject\",\"inLanguage\":\"de\",\"@id\":\"https:\/\/premiumline-cabling.com\/de\/product\/plc-splitter-module-abs-type\/#primaryimage\",\"url\":\"https:\/\/premiumline-cabling.com\/wp-content\/uploads\/2019\/04\/img_PL_PLC-Splitter-Module.jpg\",\"contentUrl\":\"https:\/\/premiumline-cabling.com\/wp-content\/uploads\/2019\/04\/img_PL_PLC-Splitter-Module.jpg\",\"width\":401,\"height\":299},{\"@type\":\"BreadcrumbList\",\"@id\":\"https:\/\/premiumline-cabling.com\/de\/product\/plc-splitter-module-abs-type\/#breadcrumb\",\"itemListElement\":[{\"@type\":\"ListItem\",\"position\":1,\"name\":\"\u0413\u043b\u0430\u0432\u043d\u0430\u044f \u0441\u0442\u0440\u0430\u043d\u0438\u0446\u0430\",\"item\":\"https:\/\/premiumline-cabling.com\/de\/\"},{\"@type\":\"ListItem\",\"position\":2,\"name\":\"PLC Splitter Modul ABS Ausf\u00fchrung\"}]},{\"@type\":\"WebSite\",\"@id\":\"https:\/\/premiumline-cabling.com\/#website\",\"url\":\"https:\/\/premiumline-cabling.com\/\",\"name\":\"Premium-Line\",\"description\":\"Structured Cabling System\",\"publisher\":{\"@id\":\"https:\/\/premiumline-cabling.com\/#organization\"},\"potentialAction\":[{\"@type\":\"SearchAction\",\"target\":{\"@type\":\"EntryPoint\",\"urlTemplate\":\"https:\/\/premiumline-cabling.com\/?s={search_term_string}\"},\"query-input\":{\"@type\":\"PropertyValueSpecification\",\"valueRequired\":true,\"valueName\":\"search_term_string\"}}],\"inLanguage\":\"de\"},{\"@type\":\"Organization\",\"@id\":\"https:\/\/premiumline-cabling.com\/#organization\",\"name\":\"Premium-Line\",\"url\":\"https:\/\/premiumline-cabling.com\/\",\"logo\":{\"@type\":\"ImageObject\",\"inLanguage\":\"de\",\"@id\":\"https:\/\/premiumline-cabling.com\/#\/schema\/logo\/image\/\",\"url\":\"https:\/\/premiumline-cabling.com\/wp-content\/uploads\/2019\/04\/cropped-img_logo_site_Premium-Line.png\",\"contentUrl\":\"https:\/\/premiumline-cabling.com\/wp-content\/uploads\/2019\/04\/cropped-img_logo_site_Premium-Line.png\",\"width\":190,\"height\":62,\"caption\":\"Premium-Line\"},\"image\":{\"@id\":\"https:\/\/premiumline-cabling.com\/#\/schema\/logo\/image\/\"}}]}<\/script>\n<!-- \/ Yoast SEO plugin. -->","yoast_head_json":{"title":"PLC Splitter ModulABS Ausf\u00fchrung | Premium-Line","description":"Gerinste Verlu\u00dfte und geringe Ungleichheit, Ausgezeichnete Channel-zu-Channel \u00dcbertragung, geringe PDL, Hohe Kostenersparnis","robots":{"index":"index","follow":"follow","max-snippet":"max-snippet:-1","max-image-preview":"max-image-preview:large","max-video-preview":"max-video-preview:-1"},"canonical":"https:\/\/premiumline-cabling.com\/de\/product\/plc-splitter-module-abs-type\/","og_locale":"de_DE","og_type":"article","og_title":"PLC Splitter ModulABS Ausf\u00fchrung | Premium-Line","og_description":"Gerinste Verlu\u00dfte und geringe Ungleichheit, Ausgezeichnete Channel-zu-Channel \u00dcbertragung, geringe PDL, Hohe Kostenersparnis","og_url":"https:\/\/premiumline-cabling.com\/de\/product\/plc-splitter-module-abs-type\/","og_site_name":"Premium-Line","article_modified_time":"2022-05-17T06:17:38+00:00","og_image":[{"width":401,"height":299,"url":"https:\/\/premiumline-cabling.com\/wp-content\/uploads\/2019\/04\/img_PL_PLC-Splitter-Module.jpg","type":"image\/jpeg"}],"twitter_card":"summary_large_image","twitter_misc":{"Gesch\u00e4tzte Lesezeit":"2\u00a0Minuten"},"schema":{"@context":"https:\/\/schema.org","@graph":[{"@type":"WebPage","@id":"https:\/\/premiumline-cabling.com\/de\/product\/plc-splitter-module-abs-type\/","url":"https:\/\/premiumline-cabling.com\/de\/product\/plc-splitter-module-abs-type\/","name":"PLC Splitter ModulABS Ausf\u00fchrung | Premium-Line","isPartOf":{"@id":"https:\/\/premiumline-cabling.com\/#website"},"primaryImageOfPage":{"@id":"https:\/\/premiumline-cabling.com\/de\/product\/plc-splitter-module-abs-type\/#primaryimage"},"image":{"@id":"https:\/\/premiumline-cabling.com\/de\/product\/plc-splitter-module-abs-type\/#primaryimage"},"thumbnailUrl":"https:\/\/premiumline-cabling.com\/wp-content\/uploads\/2019\/04\/img_PL_PLC-Splitter-Module.jpg","datePublished":"2019-04-29T18:33:46+00:00","dateModified":"2022-05-17T06:17:38+00:00","description":"Gerinste Verlu\u00dfte und geringe Ungleichheit, Ausgezeichnete Channel-zu-Channel \u00dcbertragung, geringe PDL, Hohe Kostenersparnis","breadcrumb":{"@id":"https:\/\/premiumline-cabling.com\/de\/product\/plc-splitter-module-abs-type\/#breadcrumb"},"inLanguage":"de","potentialAction":[{"@type":"ReadAction","target":["https:\/\/premiumline-cabling.com\/de\/product\/plc-splitter-module-abs-type\/"]}]},{"@type":"ImageObject","inLanguage":"de","@id":"https:\/\/premiumline-cabling.com\/de\/product\/plc-splitter-module-abs-type\/#primaryimage","url":"https:\/\/premiumline-cabling.com\/wp-content\/uploads\/2019\/04\/img_PL_PLC-Splitter-Module.jpg","contentUrl":"https:\/\/premiumline-cabling.com\/wp-content\/uploads\/2019\/04\/img_PL_PLC-Splitter-Module.jpg","width":401,"height":299},{"@type":"BreadcrumbList","@id":"https:\/\/premiumline-cabling.com\/de\/product\/plc-splitter-module-abs-type\/#breadcrumb","itemListElement":[{"@type":"ListItem","position":1,"name":"\u0413\u043b\u0430\u0432\u043d\u0430\u044f \u0441\u0442\u0440\u0430\u043d\u0438\u0446\u0430","item":"https:\/\/premiumline-cabling.com\/de\/"},{"@type":"ListItem","position":2,"name":"PLC Splitter Modul ABS Ausf\u00fchrung"}]},{"@type":"WebSite","@id":"https:\/\/premiumline-cabling.com\/#website","url":"https:\/\/premiumline-cabling.com\/","name":"Premium-Line","description":"Structured Cabling System","publisher":{"@id":"https:\/\/premiumline-cabling.com\/#organization"},"potentialAction":[{"@type":"SearchAction","target":{"@type":"EntryPoint","urlTemplate":"https:\/\/premiumline-cabling.com\/?s={search_term_string}"},"query-input":{"@type":"PropertyValueSpecification","valueRequired":true,"valueName":"search_term_string"}}],"inLanguage":"de"},{"@type":"Organization","@id":"https:\/\/premiumline-cabling.com\/#organization","name":"Premium-Line","url":"https:\/\/premiumline-cabling.com\/","logo":{"@type":"ImageObject","inLanguage":"de","@id":"https:\/\/premiumline-cabling.com\/#\/schema\/logo\/image\/","url":"https:\/\/premiumline-cabling.com\/wp-content\/uploads\/2019\/04\/cropped-img_logo_site_Premium-Line.png","contentUrl":"https:\/\/premiumline-cabling.com\/wp-content\/uploads\/2019\/04\/cropped-img_logo_site_Premium-Line.png","width":190,"height":62,"caption":"Premium-Line"},"image":{"@id":"https:\/\/premiumline-cabling.com\/#\/schema\/logo\/image\/"}}]}},"_links":{"self":[{"href":"https:\/\/premiumline-cabling.com\/de\/wp-json\/wp\/v2\/product\/14964","targetHints":{"allow":["GET"]}}],"collection":[{"href":"https:\/\/premiumline-cabling.com\/de\/wp-json\/wp\/v2\/product"}],"about":[{"href":"https:\/\/premiumline-cabling.com\/de\/wp-json\/wp\/v2\/types\/product"}],"wp:featuredmedia":[{"embeddable":true,"href":"https:\/\/premiumline-cabling.com\/de\/wp-json\/wp\/v2\/media\/9514"}],"wp:attachment":[{"href":"https:\/\/premiumline-cabling.com\/de\/wp-json\/wp\/v2\/media?parent=14964"}],"wp:term":[{"taxonomy":"product_category","embeddable":true,"href":"https:\/\/premiumline-cabling.com\/de\/wp-json\/wp\/v2\/product_category?post=14964"}],"curies":[{"name":"wp","href":"https:\/\/api.w.org\/{rel}","templated":true}]}}