{"id":14927,"date":"2019-05-03T17:57:00","date_gmt":"2019-05-03T16:57:00","guid":{"rendered":"https:\/\/www.premiumline-cabling.com\/product\/fttx-distribution-cable-dry-core\/"},"modified":"2022-05-16T14:51:48","modified_gmt":"2022-05-16T13:51:48","slug":"fttx-distribution-cable-dry-core","status":"publish","type":"product","link":"https:\/\/premiumline-cabling.com\/de\/product\/fttx-distribution-cable-dry-core\/","title":{"rendered":"FTTX Au\u00dfenglasfaserkabel"},"content":{"rendered":"<h2>Premium-Line FTTH-Au\u00dfenglasfaserkabel SM, Loose Tube, Dry Core<\/h2>\n<p>Die 250um-Fasern liegen in einem Loose Tube aus PBT-Material. Die Tubes sind mit einem wasserresistenten Thixotrophic-Gel gef\u00fcllt. Ein Fiber Reinforced Plastic (FRP) liegt als St\u00fctzelement in der Mitte des Kabels und wirkt als nichtmetallischer Tr\u00e4ger. Die Tubes sind um das St\u00fctzelement zu einem kompakten Kern verseilt. Der Kabel besitzt zus\u00e4tzlich eine Lage aus wasserabweisendem Gewebe und -Band. Den Au\u00dfenmantel bildet eine Schicht aus PE oder LSOH.<\/p>\n<p><noscript><img decoding=\"async\" class=\"size-full wp-image-2057 aligncenter\" src=\"https:\/\/premiumline-cabling.com\/wp-content\/uploads\/2019\/05\/FTTX-Dist-Cable-1.jpg\" alt width=\"625\" height=\"187\" srcset=\"https:\/\/premiumline-cabling.com\/wp-content\/uploads\/2019\/05\/FTTX-Dist-Cable-1.jpg 625w, https:\/\/premiumline-cabling.com\/wp-content\/uploads\/2019\/05\/FTTX-Dist-Cable-1-300x90.jpg 300w\" sizes=\"(max-width: 625px) 100vw, 625px\"><\/noscript><img decoding=\"async\" class=\"size-full wp-image-2057 aligncenter lazyload\" src=\"data:image\/svg+xml,%3Csvg%20xmlns%3D%22http%3A%2F%2Fwww.w3.org%2F2000%2Fsvg%22%20viewBox%3D%220%200%20625%20187%22%3E%3C%2Fsvg%3E\" alt width=\"625\" height=\"187\" srcset=\"data:image\/svg+xml,%3Csvg%20xmlns%3D%22http%3A%2F%2Fwww.w3.org%2F2000%2Fsvg%22%20viewBox%3D%220%200%20625%20187%22%3E%3C%2Fsvg%3E 625w\" sizes=\"(max-width: 625px) 100vw, 625px\" data-srcset=\"https:\/\/premiumline-cabling.com\/wp-content\/uploads\/2019\/05\/FTTX-Dist-Cable-1.jpg 625w, https:\/\/premiumline-cabling.com\/wp-content\/uploads\/2019\/05\/FTTX-Dist-Cable-1-300x90.jpg 300w\" data-src=\"https:\/\/premiumline-cabling.com\/wp-content\/uploads\/2019\/05\/FTTX-Dist-Cable-1.jpg\"><\/p>\n<h3>EIGENSCHAFTEN:<\/h3>\n<ul>\n<li>Gute Flexibilit\u00e4t und unempfindliche Biegebeanspruchung<\/li>\n<li>Zweifacher Wasserschutz, exzellente Wasserbest\u00e4ndigkeit<\/li>\n<\/ul>\n<h3>\u00dcBEREINSTIMMUNGEN MIT:<\/h3>\n<ul>\n<li>ITU-T G652 D\/ G657A2<\/li>\n<li>ANSI\/TIA 568-D.3<\/li>\n<li>IEC-60794<\/li>\n<li>RoHS<\/li>\n<\/ul>\n<h3>ANWENDUNGEN:<\/h3>\n<ul>\n<li>Ideales FTTH Zugangs-Backbonekabel, spezielles Faserdesign f\u00fcr einfache Verteilung<\/li>\n<li>Passend f\u00fcr Au\u00dfenanwendungen, Freitragend oder Schachtinstallation<\/li>\n<li>Alle Netzwerktechniken wie FDDI, ATM oder Ethernet<\/li>\n<li>LSOH Flammhemmender Mantel f\u00fcr Backbones, IEC60332-1 konform, IEC60332-3.C auf Anfrage<\/li>\n<\/ul>\n<h3>BESTELLINFORMATION:<\/h3>\n<table>\n<tbody>\n<tr>\n<td width=\"132\">Art.Nr.<\/td>\n<td width=\"491\">2642xyzzz2<\/td>\n<\/tr>\n<tr>\n<td width=\"132\">Bezeichnung<\/td>\n<td width=\"491\">Premium Line FTTH-Au\u00dfenkabel \u201eDry Core\u201c Verteilerkabel, Multitube, Nichtmetallisches St\u00fctzelement mit zentralem FRP-Element, SM<\/td>\n<\/tr>\n<tr>\n<td width=\"132\">x, mode<\/td>\n<td width=\"491\">2: SM 9\/125&nbsp;&nbsp; 6: SM 9\/125 G657A2<\/td>\n<\/tr>\n<tr>\n<td width=\"132\">y, Au\u00dfenmantel<\/td>\n<td width=\"491\">2: LSOH&nbsp;&nbsp;&nbsp;&nbsp;&nbsp; 3: PE<\/td>\n<\/tr>\n<tr>\n<td width=\"132\">zzz, Faseranzahl<\/td>\n<td width=\"491\">004\/ 006\/ 008\/ 012\/ 024\/ 036\/ 048\/ 072\/ 096<\/td>\n<\/tr>\n<\/tbody>\n<\/table>\n","protected":false},"featured_media":9598,"template":"","product_category":[105],"class_list":["post-14927","product","type-product","status-publish","has-post-thumbnail","hentry","product_category-fttx"],"yoast_head":"<!-- This site is optimized with the Yoast SEO plugin v27.4 - https:\/\/yoast.com\/product\/yoast-seo-wordpress\/ -->\n<title>Premium-Line FTTH-Au\u00dfenglasfaserkabel SM, Loose Tube, Dry Core<\/title>\n<meta name=\"description\" content=\"Die 250um-Fasern liegen in einem Loose Tube aus PBT-Material. Die Tubes sind mit einem wasserresistenten Thixotrophic-Gel gef\u00fcllt.\" \/>\n<meta name=\"robots\" content=\"index, follow, max-snippet:-1, max-image-preview:large, max-video-preview:-1\" \/>\n<link rel=\"canonical\" href=\"https:\/\/premiumline-cabling.com\/de\/product\/fttx-distribution-cable-dry-core\/\" \/>\n<meta property=\"og:locale\" content=\"de_DE\" \/>\n<meta property=\"og:type\" content=\"article\" \/>\n<meta property=\"og:title\" content=\"Premium-Line FTTH-Au\u00dfenglasfaserkabel SM, Loose Tube, Dry Core\" \/>\n<meta property=\"og:description\" content=\"Die 250um-Fasern liegen in einem Loose Tube aus PBT-Material. Die Tubes sind mit einem wasserresistenten Thixotrophic-Gel gef\u00fcllt.\" \/>\n<meta property=\"og:url\" content=\"https:\/\/premiumline-cabling.com\/de\/product\/fttx-distribution-cable-dry-core\/\" \/>\n<meta property=\"og:site_name\" content=\"Premium-Line\" \/>\n<meta property=\"article:modified_time\" content=\"2022-05-16T13:51:48+00:00\" \/>\n<meta property=\"og:image\" content=\"https:\/\/premiumline-cabling.com\/wp-content\/uploads\/2019\/05\/FTTX-Dist-Cable-2.jpg\" \/>\n\t<meta property=\"og:image:width\" content=\"232\" \/>\n\t<meta property=\"og:image:height\" content=\"234\" \/>\n\t<meta property=\"og:image:type\" content=\"image\/jpeg\" \/>\n<meta name=\"twitter:card\" content=\"summary_large_image\" \/>\n<meta name=\"twitter:label1\" content=\"Gesch\u00e4tzte Lesezeit\" \/>\n\t<meta name=\"twitter:data1\" content=\"2\u00a0Minuten\" \/>\n<script type=\"application\/ld+json\" class=\"yoast-schema-graph\">{\"@context\":\"https:\\\/\\\/schema.org\",\"@graph\":[{\"@type\":\"WebPage\",\"@id\":\"https:\\\/\\\/premiumline-cabling.com\\\/de\\\/product\\\/fttx-distribution-cable-dry-core\\\/\",\"url\":\"https:\\\/\\\/premiumline-cabling.com\\\/de\\\/product\\\/fttx-distribution-cable-dry-core\\\/\",\"name\":\"Premium-Line FTTH-Au\u00dfenglasfaserkabel SM, Loose Tube, Dry Core\",\"isPartOf\":{\"@id\":\"https:\\\/\\\/premiumline-cabling.com\\\/#website\"},\"primaryImageOfPage\":{\"@id\":\"https:\\\/\\\/premiumline-cabling.com\\\/de\\\/product\\\/fttx-distribution-cable-dry-core\\\/#primaryimage\"},\"image\":{\"@id\":\"https:\\\/\\\/premiumline-cabling.com\\\/de\\\/product\\\/fttx-distribution-cable-dry-core\\\/#primaryimage\"},\"thumbnailUrl\":\"https:\\\/\\\/premiumline-cabling.com\\\/wp-content\\\/uploads\\\/2019\\\/05\\\/FTTX-Dist-Cable-2.jpg\",\"datePublished\":\"2019-05-03T16:57:00+00:00\",\"dateModified\":\"2022-05-16T13:51:48+00:00\",\"description\":\"Die 250um-Fasern liegen in einem Loose Tube aus PBT-Material. Die Tubes sind mit einem wasserresistenten Thixotrophic-Gel gef\u00fcllt.\",\"breadcrumb\":{\"@id\":\"https:\\\/\\\/premiumline-cabling.com\\\/de\\\/product\\\/fttx-distribution-cable-dry-core\\\/#breadcrumb\"},\"inLanguage\":\"de\",\"potentialAction\":[{\"@type\":\"ReadAction\",\"target\":[\"https:\\\/\\\/premiumline-cabling.com\\\/de\\\/product\\\/fttx-distribution-cable-dry-core\\\/\"]}]},{\"@type\":\"ImageObject\",\"inLanguage\":\"de\",\"@id\":\"https:\\\/\\\/premiumline-cabling.com\\\/de\\\/product\\\/fttx-distribution-cable-dry-core\\\/#primaryimage\",\"url\":\"https:\\\/\\\/premiumline-cabling.com\\\/wp-content\\\/uploads\\\/2019\\\/05\\\/FTTX-Dist-Cable-2.jpg\",\"contentUrl\":\"https:\\\/\\\/premiumline-cabling.com\\\/wp-content\\\/uploads\\\/2019\\\/05\\\/FTTX-Dist-Cable-2.jpg\",\"width\":232,\"height\":234},{\"@type\":\"BreadcrumbList\",\"@id\":\"https:\\\/\\\/premiumline-cabling.com\\\/de\\\/product\\\/fttx-distribution-cable-dry-core\\\/#breadcrumb\",\"itemListElement\":[{\"@type\":\"ListItem\",\"position\":1,\"name\":\"\u0413\u043b\u0430\u0432\u043d\u0430\u044f \u0441\u0442\u0440\u0430\u043d\u0438\u0446\u0430\",\"item\":\"https:\\\/\\\/premiumline-cabling.com\\\/de\\\/\"},{\"@type\":\"ListItem\",\"position\":2,\"name\":\"FTTX Au\u00dfenglasfaserkabel\"}]},{\"@type\":\"WebSite\",\"@id\":\"https:\\\/\\\/premiumline-cabling.com\\\/#website\",\"url\":\"https:\\\/\\\/premiumline-cabling.com\\\/\",\"name\":\"Premium-Line\",\"description\":\"Structured Cabling System\",\"publisher\":{\"@id\":\"https:\\\/\\\/premiumline-cabling.com\\\/#organization\"},\"potentialAction\":[{\"@type\":\"SearchAction\",\"target\":{\"@type\":\"EntryPoint\",\"urlTemplate\":\"https:\\\/\\\/premiumline-cabling.com\\\/?s={search_term_string}\"},\"query-input\":{\"@type\":\"PropertyValueSpecification\",\"valueRequired\":true,\"valueName\":\"search_term_string\"}}],\"inLanguage\":\"de\"},{\"@type\":\"Organization\",\"@id\":\"https:\\\/\\\/premiumline-cabling.com\\\/#organization\",\"name\":\"Premium-Line\",\"url\":\"https:\\\/\\\/premiumline-cabling.com\\\/\",\"logo\":{\"@type\":\"ImageObject\",\"inLanguage\":\"de\",\"@id\":\"https:\\\/\\\/premiumline-cabling.com\\\/#\\\/schema\\\/logo\\\/image\\\/\",\"url\":\"https:\\\/\\\/premiumline-cabling.com\\\/wp-content\\\/uploads\\\/2019\\\/04\\\/cropped-img_logo_site_Premium-Line.png\",\"contentUrl\":\"https:\\\/\\\/premiumline-cabling.com\\\/wp-content\\\/uploads\\\/2019\\\/04\\\/cropped-img_logo_site_Premium-Line.png\",\"width\":190,\"height\":62,\"caption\":\"Premium-Line\"},\"image\":{\"@id\":\"https:\\\/\\\/premiumline-cabling.com\\\/#\\\/schema\\\/logo\\\/image\\\/\"}}]}<\/script>\n<!-- \/ Yoast SEO plugin. -->","yoast_head_json":{"title":"Premium-Line FTTH-Au\u00dfenglasfaserkabel SM, Loose Tube, Dry Core","description":"Die 250um-Fasern liegen in einem Loose Tube aus PBT-Material. Die Tubes sind mit einem wasserresistenten Thixotrophic-Gel gef\u00fcllt.","robots":{"index":"index","follow":"follow","max-snippet":"max-snippet:-1","max-image-preview":"max-image-preview:large","max-video-preview":"max-video-preview:-1"},"canonical":"https:\/\/premiumline-cabling.com\/de\/product\/fttx-distribution-cable-dry-core\/","og_locale":"de_DE","og_type":"article","og_title":"Premium-Line FTTH-Au\u00dfenglasfaserkabel SM, Loose Tube, Dry Core","og_description":"Die 250um-Fasern liegen in einem Loose Tube aus PBT-Material. Die Tubes sind mit einem wasserresistenten Thixotrophic-Gel gef\u00fcllt.","og_url":"https:\/\/premiumline-cabling.com\/de\/product\/fttx-distribution-cable-dry-core\/","og_site_name":"Premium-Line","article_modified_time":"2022-05-16T13:51:48+00:00","og_image":[{"width":232,"height":234,"url":"https:\/\/premiumline-cabling.com\/wp-content\/uploads\/2019\/05\/FTTX-Dist-Cable-2.jpg","type":"image\/jpeg"}],"twitter_card":"summary_large_image","twitter_misc":{"Gesch\u00e4tzte Lesezeit":"2\u00a0Minuten"},"schema":{"@context":"https:\/\/schema.org","@graph":[{"@type":"WebPage","@id":"https:\/\/premiumline-cabling.com\/de\/product\/fttx-distribution-cable-dry-core\/","url":"https:\/\/premiumline-cabling.com\/de\/product\/fttx-distribution-cable-dry-core\/","name":"Premium-Line FTTH-Au\u00dfenglasfaserkabel SM, Loose Tube, Dry Core","isPartOf":{"@id":"https:\/\/premiumline-cabling.com\/#website"},"primaryImageOfPage":{"@id":"https:\/\/premiumline-cabling.com\/de\/product\/fttx-distribution-cable-dry-core\/#primaryimage"},"image":{"@id":"https:\/\/premiumline-cabling.com\/de\/product\/fttx-distribution-cable-dry-core\/#primaryimage"},"thumbnailUrl":"https:\/\/premiumline-cabling.com\/wp-content\/uploads\/2019\/05\/FTTX-Dist-Cable-2.jpg","datePublished":"2019-05-03T16:57:00+00:00","dateModified":"2022-05-16T13:51:48+00:00","description":"Die 250um-Fasern liegen in einem Loose Tube aus PBT-Material. Die Tubes sind mit einem wasserresistenten Thixotrophic-Gel gef\u00fcllt.","breadcrumb":{"@id":"https:\/\/premiumline-cabling.com\/de\/product\/fttx-distribution-cable-dry-core\/#breadcrumb"},"inLanguage":"de","potentialAction":[{"@type":"ReadAction","target":["https:\/\/premiumline-cabling.com\/de\/product\/fttx-distribution-cable-dry-core\/"]}]},{"@type":"ImageObject","inLanguage":"de","@id":"https:\/\/premiumline-cabling.com\/de\/product\/fttx-distribution-cable-dry-core\/#primaryimage","url":"https:\/\/premiumline-cabling.com\/wp-content\/uploads\/2019\/05\/FTTX-Dist-Cable-2.jpg","contentUrl":"https:\/\/premiumline-cabling.com\/wp-content\/uploads\/2019\/05\/FTTX-Dist-Cable-2.jpg","width":232,"height":234},{"@type":"BreadcrumbList","@id":"https:\/\/premiumline-cabling.com\/de\/product\/fttx-distribution-cable-dry-core\/#breadcrumb","itemListElement":[{"@type":"ListItem","position":1,"name":"\u0413\u043b\u0430\u0432\u043d\u0430\u044f \u0441\u0442\u0440\u0430\u043d\u0438\u0446\u0430","item":"https:\/\/premiumline-cabling.com\/de\/"},{"@type":"ListItem","position":2,"name":"FTTX Au\u00dfenglasfaserkabel"}]},{"@type":"WebSite","@id":"https:\/\/premiumline-cabling.com\/#website","url":"https:\/\/premiumline-cabling.com\/","name":"Premium-Line","description":"Structured Cabling System","publisher":{"@id":"https:\/\/premiumline-cabling.com\/#organization"},"potentialAction":[{"@type":"SearchAction","target":{"@type":"EntryPoint","urlTemplate":"https:\/\/premiumline-cabling.com\/?s={search_term_string}"},"query-input":{"@type":"PropertyValueSpecification","valueRequired":true,"valueName":"search_term_string"}}],"inLanguage":"de"},{"@type":"Organization","@id":"https:\/\/premiumline-cabling.com\/#organization","name":"Premium-Line","url":"https:\/\/premiumline-cabling.com\/","logo":{"@type":"ImageObject","inLanguage":"de","@id":"https:\/\/premiumline-cabling.com\/#\/schema\/logo\/image\/","url":"https:\/\/premiumline-cabling.com\/wp-content\/uploads\/2019\/04\/cropped-img_logo_site_Premium-Line.png","contentUrl":"https:\/\/premiumline-cabling.com\/wp-content\/uploads\/2019\/04\/cropped-img_logo_site_Premium-Line.png","width":190,"height":62,"caption":"Premium-Line"},"image":{"@id":"https:\/\/premiumline-cabling.com\/#\/schema\/logo\/image\/"}}]}},"_links":{"self":[{"href":"https:\/\/premiumline-cabling.com\/de\/wp-json\/wp\/v2\/product\/14927","targetHints":{"allow":["GET"]}}],"collection":[{"href":"https:\/\/premiumline-cabling.com\/de\/wp-json\/wp\/v2\/product"}],"about":[{"href":"https:\/\/premiumline-cabling.com\/de\/wp-json\/wp\/v2\/types\/product"}],"wp:featuredmedia":[{"embeddable":true,"href":"https:\/\/premiumline-cabling.com\/de\/wp-json\/wp\/v2\/media\/9598"}],"wp:attachment":[{"href":"https:\/\/premiumline-cabling.com\/de\/wp-json\/wp\/v2\/media?parent=14927"}],"wp:term":[{"taxonomy":"product_category","embeddable":true,"href":"https:\/\/premiumline-cabling.com\/de\/wp-json\/wp\/v2\/product_category?post=14927"}],"curies":[{"name":"wp","href":"https:\/\/api.w.org\/{rel}","templated":true}]}}