{"id":14924,"date":"2022-02-09T11:17:03","date_gmt":"2022-02-09T10:17:03","guid":{"rendered":"https:\/\/www.premiumline-cabling.com\/product\/fttx-aerial-flat-cable\/"},"modified":"2022-05-16T14:37:40","modified_gmt":"2022-05-16T13:37:40","slug":"fttx-aerial-flat-cable","status":"publish","type":"product","link":"https:\/\/premiumline-cabling.com\/de\/product\/fttx-aerial-flat-cable\/","title":{"rendered":"FTTX Glasfaserkabel Outdoor"},"content":{"rendered":"<h2>FTTH-Glasfaserkabel, Flachkabel SM\/MM, Dropkabel mit Stahldrahttr\u00e4ger, LSOH<\/h2>\n<h3>BESCHREIBUNG:<br>\n<noscript><img decoding=\"async\" class=\"size-medium wp-image-13645 alignright\" src=\"https:\/\/premiumline-cabling.com\/wp-content\/uploads\/2022\/02\/FTTx_aeral_drop_flat_d-300x174.jpg\" alt width=\"300\" height=\"174\" srcset=\"https:\/\/premiumline-cabling.com\/wp-content\/uploads\/2022\/02\/FTTx_aeral_drop_flat_d-300x174.jpg 300w, https:\/\/premiumline-cabling.com\/wp-content\/uploads\/2022\/02\/FTTx_aeral_drop_flat_d.jpg 461w\" sizes=\"(max-width: 300px) 100vw, 300px\"><\/noscript><img decoding=\"async\" class=\"size-medium wp-image-13645 alignright lazyload\" src=\"data:image\/svg+xml,%3Csvg%20xmlns%3D%22http%3A%2F%2Fwww.w3.org%2F2000%2Fsvg%22%20viewBox%3D%220%200%20300%20174%22%3E%3C%2Fsvg%3E\" alt width=\"300\" height=\"174\" srcset=\"data:image\/svg+xml,%3Csvg%20xmlns%3D%22http%3A%2F%2Fwww.w3.org%2F2000%2Fsvg%22%20viewBox%3D%220%200%20300%20174%22%3E%3C%2Fsvg%3E 300w\" sizes=\"(max-width: 300px) 100vw, 300px\" data-srcset=\"https:\/\/premiumline-cabling.com\/wp-content\/uploads\/2022\/02\/FTTx_aeral_drop_flat_d-300x174.jpg 300w, https:\/\/premiumline-cabling.com\/wp-content\/uploads\/2022\/02\/FTTx_aeral_drop_flat_d.jpg 461w\" data-src=\"https:\/\/premiumline-cabling.com\/wp-content\/uploads\/2022\/02\/FTTx_aeral_drop_flat_d-300x174.jpg\"><\/h3>\n<p>Dieses Flachkabel mit 1, 2 oder 4 Fasern im klassischen Drop-Flat-Design unterst\u00fctzt High-Speed- und Breitband Kommunikation. Das massive (oder je nach Adernzahl) aus Litzen verdrillte Tragseil ist bestens geeignet f\u00fcr Au\u00dfenanwendungen. Im Inneren befinden sich zwei parallele FRP-Zugelemente, die die Fasern sch\u00fctzen. Das Kabel besitzt einen LSOH Mantel.<\/p>\n<h3>EIGENSCHAFTEN:<\/h3>\n<ul>\n<li>Kompakt und leicht, einfach zu trennen und zu splei\u00dfen<\/li>\n<li>Freitragende Konstruktion ist ideal f\u00fcr gr\u00f6\u00dfere Entfernungen<\/li>\n<li>Erm\u00f6glicht kleine Biegeradien, ideal f\u00fcr PON-Netzwerke (Passive Optical Networks)<\/li>\n<li>Geeignet f\u00fcr die Kabelverteilung<\/li>\n<\/ul>\n<h3>\u00dcBEREINSTIMMUNGEN MIT:<\/h3>\n<ul>\n<li>ITU-T G652D\/G657A2; ANSI\/TIA 568-C.3; IEC-60332-1<\/li>\n<\/ul>\n<h3>ANWENDUNGEN:<\/h3>\n<ul>\n<li>FTTx-Systeme bei Au\u00dfenverkabelungen<\/li>\n<\/ul>\n<h3>AUFBAU UND UMGEBUNGSWERTE:<\/h3>\n<table>\n<tbody>\n<tr>\n<td width=\"203\">Tr\u00e4ger<\/td>\n<td width=\"104\">Material<\/td>\n<td width=\"219\">Stahldraht, 1mm<\/td>\n<\/tr>\n<tr>\n<td rowspan=\"2\" width=\"203\">Zugelement<\/td>\n<td width=\"104\">Material<\/td>\n<td width=\"219\">FRP<\/td>\n<\/tr>\n<tr>\n<td width=\"104\">Durchmesser<\/td>\n<td width=\"219\">0.5mm<\/td>\n<\/tr>\n<tr>\n<td width=\"203\">Mantel<\/td>\n<td width=\"104\">Material<\/td>\n<td width=\"219\">LSOH \/ schwarz<\/td>\n<\/tr>\n<tr>\n<td width=\"203\">Betriebstemperatur<\/td>\n<td colspan=\"2\" width=\"323\">-20\u00b0C bis +60\u00b0C<\/td>\n<\/tr>\n<tr>\n<td width=\"203\">Lager \/ Transporttemperatur<\/td>\n<td colspan=\"2\" width=\"323\">-20\u00b0C bis +60\u00b0C<\/td>\n<\/tr>\n<tr>\n<td width=\"203\">Installationstemperatur<\/td>\n<td colspan=\"2\" width=\"323\">-10\u00b0C bis +60\u00b0C<\/td>\n<\/tr>\n<\/tbody>\n<\/table>\n<h3>MECHANISCHE KENNWERTE:<\/h3>\n<table>\n<tbody>\n<tr>\n<td rowspan=\"3\" width=\"52\">&nbsp;\n<p>Faser-zahl<\/p><\/td>\n<td rowspan=\"3\" width=\"76\">&nbsp;\n<p>\u00d8 Au\u00dfen<\/p>\n<p>(mm)<\/p><\/td>\n<td rowspan=\"3\" width=\"66\">&nbsp;\n<p>Gewicht<\/p>\n<p>(kg\/km)<\/p><\/td>\n<td colspan=\"2\" width=\"152\">Schlagfestigkeit<\/td>\n<td colspan=\"2\" width=\"146\">Zugfestigkeit<\/td>\n<td colspan=\"2\" width=\"155\">Biegeradius<\/td>\n<\/tr>\n<tr>\n<td rowspan=\"2\" width=\"79\">Kurzzeit\n<p>(N\/10cm)<\/p><\/td>\n<td rowspan=\"2\" width=\"73\">Langzeit\n<p>(N\/10cm)<\/p><\/td>\n<td rowspan=\"2\" width=\"73\">Kurzzeit\n<p>(N)<\/p><\/td>\n<td rowspan=\"2\" width=\"73\">Langkeit\n<p>(N)<\/p><\/td>\n<td width=\"73\">Statisch\n<p>(mm)<\/p><\/td>\n<td width=\"82\">Dynamisch\n<p>(mm)<\/p><\/td>\n<\/tr>\n<tr>\n<td colspan=\"2\" width=\"155\">G652D \/ G657A2<\/td>\n<\/tr>\n<tr>\n<td width=\"52\">1<\/td>\n<td width=\"76\">2.0&#215;5.3<\/td>\n<td width=\"66\">25<\/td>\n<td width=\"79\">2000<\/td>\n<td width=\"73\">1000<\/td>\n<td width=\"73\">300<\/td>\n<td width=\"73\">100<\/td>\n<td width=\"73\">30<\/td>\n<td width=\"82\">60<\/td>\n<\/tr>\n<tr>\n<td width=\"52\">2<\/td>\n<td width=\"76\">2.0&#215;5.3<\/td>\n<td width=\"66\">25<\/td>\n<td width=\"79\">2000<\/td>\n<td width=\"73\">1000<\/td>\n<td width=\"73\">300<\/td>\n<td width=\"73\">100<\/td>\n<td width=\"73\">30<\/td>\n<td width=\"82\">60<\/td>\n<\/tr>\n<tr>\n<td width=\"52\">4<\/td>\n<td width=\"76\">2.0&#215;5.7<\/td>\n<td width=\"66\">25<\/td>\n<td width=\"79\">2000<\/td>\n<td width=\"73\">1000<\/td>\n<td width=\"73\">300<\/td>\n<td width=\"73\">100<\/td>\n<td width=\"73\">30<\/td>\n<td width=\"82\">60<\/td>\n<\/tr>\n<\/tbody>\n<\/table>\n<h3>FASERFARBCODE:<\/h3>\n<table width=\"548\">\n<tbody>\n<tr>\n<td width=\"110\"><strong>Fasernumber<\/strong><\/td>\n<td width=\"110\"><strong>1<\/strong><\/td>\n<td width=\"110\"><strong>2<\/strong><\/td>\n<td width=\"110\"><strong>3<\/strong><\/td>\n<td width=\"110\"><strong>4<\/strong><\/td>\n<\/tr>\n<tr>\n<td width=\"110\"><strong>Farbe<\/strong><\/td>\n<td bgcolor=\"#0000FF\" width=\"110\"><strong>Blau<\/strong><\/td>\n<td bgcolor=\"#FFA500\" width=\"110\"><strong>Orange<\/strong><\/td>\n<td bgcolor=\"#008000\" width=\"110\"><strong>Grun<\/strong><\/td>\n<td bgcolor=\"#6F4E37\" width=\"110\"><strong>Broun<\/strong><\/td>\n<\/tr>\n<\/tbody>\n<\/table>\n<h3>BESTELLINFORMATION:<\/h3>\n<table>\n<tbody>\n<tr>\n<td width=\"132\">Art. Nr.<\/td>\n<td width=\"491\">2684x2yyy<\/td>\n<\/tr>\n<tr>\n<td width=\"132\">Bezeichnung<\/td>\n<td width=\"491\">Premium Line Glasfaserkabel FTTH, Outdoor Drop-Flat-Kabel, Stahlseil, 2x FRP-Zugelemente, schwarz, LSOH<\/td>\n<\/tr>\n<tr>\n<td width=\"132\">x, mode<\/td>\n<td width=\"491\">1: MM 62.5\/125 2: SM 9\/125 3: MM 50\/125 4: MM\/OM3<br>\n6: SM 9\/125 G657A2<\/td>\n<\/tr>\n<tr>\n<td width=\"132\">yyy, Faseranzahl<\/td>\n<td width=\"491\">001 \/ 002 \/ 004<\/td>\n<\/tr>\n<\/tbody>\n<\/table>\n<h3><span style=\"color: #a13737;\"><strong><u>Open more information (click on the &#8220;+&#8221; sign below)<\/u><\/strong><\/span><\/h3>\n","protected":false},"featured_media":13642,"template":"","product_category":[105],"class_list":["post-14924","product","type-product","status-publish","has-post-thumbnail","hentry","product_category-fttx"],"yoast_head":"<!-- This site is optimized with the Yoast SEO plugin v27.3 - https:\/\/yoast.com\/product\/yoast-seo-wordpress\/ -->\n<title>Premium-Line FTTH-Glasfaserkabel, Dropkabel mit Stahldrahttr\u00e4ger<\/title>\n<meta name=\"description\" content=\"Dieses Flachkabel mit 1, 2 oder 4 Fasern im klassischen Drop-Flat-Design unterst\u00fctzt High-Speed- und Breitband Kommunikation.\" \/>\n<meta name=\"robots\" content=\"index, follow, max-snippet:-1, max-image-preview:large, max-video-preview:-1\" \/>\n<link rel=\"canonical\" href=\"https:\/\/premiumline-cabling.com\/de\/product\/fttx-aerial-flat-cable\/\" \/>\n<meta property=\"og:locale\" content=\"de_DE\" \/>\n<meta property=\"og:type\" content=\"article\" \/>\n<meta property=\"og:title\" content=\"Premium-Line FTTH-Glasfaserkabel, Dropkabel mit Stahldrahttr\u00e4ger\" \/>\n<meta property=\"og:description\" content=\"Dieses Flachkabel mit 1, 2 oder 4 Fasern im klassischen Drop-Flat-Design unterst\u00fctzt High-Speed- und Breitband Kommunikation.\" \/>\n<meta property=\"og:url\" content=\"https:\/\/premiumline-cabling.com\/de\/product\/fttx-aerial-flat-cable\/\" \/>\n<meta property=\"og:site_name\" content=\"Premium-Line\" \/>\n<meta property=\"article:modified_time\" content=\"2022-05-16T13:37:40+00:00\" \/>\n<meta property=\"og:image\" content=\"https:\/\/premiumline-cabling.com\/wp-content\/uploads\/2022\/02\/FTTx_aeral_drop_flat.jpg\" \/>\n\t<meta property=\"og:image:width\" content=\"509\" \/>\n\t<meta property=\"og:image:height\" content=\"534\" \/>\n\t<meta property=\"og:image:type\" content=\"image\/jpeg\" \/>\n<meta name=\"twitter:card\" content=\"summary_large_image\" \/>\n<meta name=\"twitter:label1\" content=\"Gesch\u00e4tzte Lesezeit\" \/>\n\t<meta name=\"twitter:data1\" content=\"2\u00a0Minuten\" \/>\n<script type=\"application\/ld+json\" class=\"yoast-schema-graph\">{\"@context\":\"https:\\\/\\\/schema.org\",\"@graph\":[{\"@type\":\"WebPage\",\"@id\":\"https:\\\/\\\/premiumline-cabling.com\\\/de\\\/product\\\/fttx-aerial-flat-cable\\\/\",\"url\":\"https:\\\/\\\/premiumline-cabling.com\\\/de\\\/product\\\/fttx-aerial-flat-cable\\\/\",\"name\":\"Premium-Line FTTH-Glasfaserkabel, Dropkabel mit Stahldrahttr\u00e4ger\",\"isPartOf\":{\"@id\":\"https:\\\/\\\/premiumline-cabling.com\\\/#website\"},\"primaryImageOfPage\":{\"@id\":\"https:\\\/\\\/premiumline-cabling.com\\\/de\\\/product\\\/fttx-aerial-flat-cable\\\/#primaryimage\"},\"image\":{\"@id\":\"https:\\\/\\\/premiumline-cabling.com\\\/de\\\/product\\\/fttx-aerial-flat-cable\\\/#primaryimage\"},\"thumbnailUrl\":\"https:\\\/\\\/premiumline-cabling.com\\\/wp-content\\\/uploads\\\/2022\\\/02\\\/FTTx_aeral_drop_flat.jpg\",\"datePublished\":\"2022-02-09T10:17:03+00:00\",\"dateModified\":\"2022-05-16T13:37:40+00:00\",\"description\":\"Dieses Flachkabel mit 1, 2 oder 4 Fasern im klassischen Drop-Flat-Design unterst\u00fctzt High-Speed- und Breitband Kommunikation.\",\"breadcrumb\":{\"@id\":\"https:\\\/\\\/premiumline-cabling.com\\\/de\\\/product\\\/fttx-aerial-flat-cable\\\/#breadcrumb\"},\"inLanguage\":\"de\",\"potentialAction\":[{\"@type\":\"ReadAction\",\"target\":[\"https:\\\/\\\/premiumline-cabling.com\\\/de\\\/product\\\/fttx-aerial-flat-cable\\\/\"]}]},{\"@type\":\"ImageObject\",\"inLanguage\":\"de\",\"@id\":\"https:\\\/\\\/premiumline-cabling.com\\\/de\\\/product\\\/fttx-aerial-flat-cable\\\/#primaryimage\",\"url\":\"https:\\\/\\\/premiumline-cabling.com\\\/wp-content\\\/uploads\\\/2022\\\/02\\\/FTTx_aeral_drop_flat.jpg\",\"contentUrl\":\"https:\\\/\\\/premiumline-cabling.com\\\/wp-content\\\/uploads\\\/2022\\\/02\\\/FTTx_aeral_drop_flat.jpg\",\"width\":509,\"height\":534},{\"@type\":\"BreadcrumbList\",\"@id\":\"https:\\\/\\\/premiumline-cabling.com\\\/de\\\/product\\\/fttx-aerial-flat-cable\\\/#breadcrumb\",\"itemListElement\":[{\"@type\":\"ListItem\",\"position\":1,\"name\":\"\u0413\u043b\u0430\u0432\u043d\u0430\u044f \u0441\u0442\u0440\u0430\u043d\u0438\u0446\u0430\",\"item\":\"https:\\\/\\\/premiumline-cabling.com\\\/de\\\/\"},{\"@type\":\"ListItem\",\"position\":2,\"name\":\"FTTX Glasfaserkabel Outdoor\"}]},{\"@type\":\"WebSite\",\"@id\":\"https:\\\/\\\/premiumline-cabling.com\\\/#website\",\"url\":\"https:\\\/\\\/premiumline-cabling.com\\\/\",\"name\":\"Premium-Line\",\"description\":\"Structured Cabling System\",\"publisher\":{\"@id\":\"https:\\\/\\\/premiumline-cabling.com\\\/#organization\"},\"potentialAction\":[{\"@type\":\"SearchAction\",\"target\":{\"@type\":\"EntryPoint\",\"urlTemplate\":\"https:\\\/\\\/premiumline-cabling.com\\\/?s={search_term_string}\"},\"query-input\":{\"@type\":\"PropertyValueSpecification\",\"valueRequired\":true,\"valueName\":\"search_term_string\"}}],\"inLanguage\":\"de\"},{\"@type\":\"Organization\",\"@id\":\"https:\\\/\\\/premiumline-cabling.com\\\/#organization\",\"name\":\"Premium-Line\",\"url\":\"https:\\\/\\\/premiumline-cabling.com\\\/\",\"logo\":{\"@type\":\"ImageObject\",\"inLanguage\":\"de\",\"@id\":\"https:\\\/\\\/premiumline-cabling.com\\\/#\\\/schema\\\/logo\\\/image\\\/\",\"url\":\"https:\\\/\\\/premiumline-cabling.com\\\/wp-content\\\/uploads\\\/2019\\\/04\\\/cropped-img_logo_site_Premium-Line.png\",\"contentUrl\":\"https:\\\/\\\/premiumline-cabling.com\\\/wp-content\\\/uploads\\\/2019\\\/04\\\/cropped-img_logo_site_Premium-Line.png\",\"width\":190,\"height\":62,\"caption\":\"Premium-Line\"},\"image\":{\"@id\":\"https:\\\/\\\/premiumline-cabling.com\\\/#\\\/schema\\\/logo\\\/image\\\/\"}}]}<\/script>\n<!-- \/ Yoast SEO plugin. -->","yoast_head_json":{"title":"Premium-Line FTTH-Glasfaserkabel, Dropkabel mit Stahldrahttr\u00e4ger","description":"Dieses Flachkabel mit 1, 2 oder 4 Fasern im klassischen Drop-Flat-Design unterst\u00fctzt High-Speed- und Breitband Kommunikation.","robots":{"index":"index","follow":"follow","max-snippet":"max-snippet:-1","max-image-preview":"max-image-preview:large","max-video-preview":"max-video-preview:-1"},"canonical":"https:\/\/premiumline-cabling.com\/de\/product\/fttx-aerial-flat-cable\/","og_locale":"de_DE","og_type":"article","og_title":"Premium-Line FTTH-Glasfaserkabel, Dropkabel mit Stahldrahttr\u00e4ger","og_description":"Dieses Flachkabel mit 1, 2 oder 4 Fasern im klassischen Drop-Flat-Design unterst\u00fctzt High-Speed- und Breitband Kommunikation.","og_url":"https:\/\/premiumline-cabling.com\/de\/product\/fttx-aerial-flat-cable\/","og_site_name":"Premium-Line","article_modified_time":"2022-05-16T13:37:40+00:00","og_image":[{"width":509,"height":534,"url":"https:\/\/premiumline-cabling.com\/wp-content\/uploads\/2022\/02\/FTTx_aeral_drop_flat.jpg","type":"image\/jpeg"}],"twitter_card":"summary_large_image","twitter_misc":{"Gesch\u00e4tzte Lesezeit":"2\u00a0Minuten"},"schema":{"@context":"https:\/\/schema.org","@graph":[{"@type":"WebPage","@id":"https:\/\/premiumline-cabling.com\/de\/product\/fttx-aerial-flat-cable\/","url":"https:\/\/premiumline-cabling.com\/de\/product\/fttx-aerial-flat-cable\/","name":"Premium-Line FTTH-Glasfaserkabel, Dropkabel mit Stahldrahttr\u00e4ger","isPartOf":{"@id":"https:\/\/premiumline-cabling.com\/#website"},"primaryImageOfPage":{"@id":"https:\/\/premiumline-cabling.com\/de\/product\/fttx-aerial-flat-cable\/#primaryimage"},"image":{"@id":"https:\/\/premiumline-cabling.com\/de\/product\/fttx-aerial-flat-cable\/#primaryimage"},"thumbnailUrl":"https:\/\/premiumline-cabling.com\/wp-content\/uploads\/2022\/02\/FTTx_aeral_drop_flat.jpg","datePublished":"2022-02-09T10:17:03+00:00","dateModified":"2022-05-16T13:37:40+00:00","description":"Dieses Flachkabel mit 1, 2 oder 4 Fasern im klassischen Drop-Flat-Design unterst\u00fctzt High-Speed- und Breitband Kommunikation.","breadcrumb":{"@id":"https:\/\/premiumline-cabling.com\/de\/product\/fttx-aerial-flat-cable\/#breadcrumb"},"inLanguage":"de","potentialAction":[{"@type":"ReadAction","target":["https:\/\/premiumline-cabling.com\/de\/product\/fttx-aerial-flat-cable\/"]}]},{"@type":"ImageObject","inLanguage":"de","@id":"https:\/\/premiumline-cabling.com\/de\/product\/fttx-aerial-flat-cable\/#primaryimage","url":"https:\/\/premiumline-cabling.com\/wp-content\/uploads\/2022\/02\/FTTx_aeral_drop_flat.jpg","contentUrl":"https:\/\/premiumline-cabling.com\/wp-content\/uploads\/2022\/02\/FTTx_aeral_drop_flat.jpg","width":509,"height":534},{"@type":"BreadcrumbList","@id":"https:\/\/premiumline-cabling.com\/de\/product\/fttx-aerial-flat-cable\/#breadcrumb","itemListElement":[{"@type":"ListItem","position":1,"name":"\u0413\u043b\u0430\u0432\u043d\u0430\u044f \u0441\u0442\u0440\u0430\u043d\u0438\u0446\u0430","item":"https:\/\/premiumline-cabling.com\/de\/"},{"@type":"ListItem","position":2,"name":"FTTX Glasfaserkabel Outdoor"}]},{"@type":"WebSite","@id":"https:\/\/premiumline-cabling.com\/#website","url":"https:\/\/premiumline-cabling.com\/","name":"Premium-Line","description":"Structured Cabling System","publisher":{"@id":"https:\/\/premiumline-cabling.com\/#organization"},"potentialAction":[{"@type":"SearchAction","target":{"@type":"EntryPoint","urlTemplate":"https:\/\/premiumline-cabling.com\/?s={search_term_string}"},"query-input":{"@type":"PropertyValueSpecification","valueRequired":true,"valueName":"search_term_string"}}],"inLanguage":"de"},{"@type":"Organization","@id":"https:\/\/premiumline-cabling.com\/#organization","name":"Premium-Line","url":"https:\/\/premiumline-cabling.com\/","logo":{"@type":"ImageObject","inLanguage":"de","@id":"https:\/\/premiumline-cabling.com\/#\/schema\/logo\/image\/","url":"https:\/\/premiumline-cabling.com\/wp-content\/uploads\/2019\/04\/cropped-img_logo_site_Premium-Line.png","contentUrl":"https:\/\/premiumline-cabling.com\/wp-content\/uploads\/2019\/04\/cropped-img_logo_site_Premium-Line.png","width":190,"height":62,"caption":"Premium-Line"},"image":{"@id":"https:\/\/premiumline-cabling.com\/#\/schema\/logo\/image\/"}}]}},"_links":{"self":[{"href":"https:\/\/premiumline-cabling.com\/de\/wp-json\/wp\/v2\/product\/14924","targetHints":{"allow":["GET"]}}],"collection":[{"href":"https:\/\/premiumline-cabling.com\/de\/wp-json\/wp\/v2\/product"}],"about":[{"href":"https:\/\/premiumline-cabling.com\/de\/wp-json\/wp\/v2\/types\/product"}],"wp:featuredmedia":[{"embeddable":true,"href":"https:\/\/premiumline-cabling.com\/de\/wp-json\/wp\/v2\/media\/13642"}],"wp:attachment":[{"href":"https:\/\/premiumline-cabling.com\/de\/wp-json\/wp\/v2\/media?parent=14924"}],"wp:term":[{"taxonomy":"product_category","embeddable":true,"href":"https:\/\/premiumline-cabling.com\/de\/wp-json\/wp\/v2\/product_category?post=14924"}],"curies":[{"name":"wp","href":"https:\/\/api.w.org\/{rel}","templated":true}]}}