{"id":14921,"date":"2019-02-02T19:39:28","date_gmt":"2019-02-02T18:39:28","guid":{"rendered":"https:\/\/www.premiumline-cabling.com\/product\/pl-ftth-cable\/"},"modified":"2022-05-16T14:23:06","modified_gmt":"2022-05-16T13:23:06","slug":"pl-ftth-cable","status":"publish","type":"product","link":"https:\/\/premiumline-cabling.com\/de\/product\/pl-ftth-cable\/","title":{"rendered":"FTTX Glasfaserkabel"},"content":{"rendered":"<h2>Glasfaserkabel, Flachkabel mit zwei FRP Zugfasern, LSOH<\/h2>\n<h3>BESCHREIBUNG:<br>\n<noscript><img decoding=\"async\" class=\"alignright size-medium wp-image-13629\" src=\"https:\/\/premiumline-cabling.com\/wp-content\/uploads\/2019\/02\/FTTx_drop_flat-300x149.jpg\" alt width=\"300\" height=\"149\" srcset=\"https:\/\/premiumline-cabling.com\/wp-content\/uploads\/2019\/02\/FTTx_drop_flat-300x149.jpg 300w, https:\/\/premiumline-cabling.com\/wp-content\/uploads\/2019\/02\/FTTx_drop_flat.jpg 610w\" sizes=\"(max-width: 300px) 100vw, 300px\"><\/noscript><img decoding=\"async\" class=\"alignright size-medium wp-image-13629 lazyload\" src=\"data:image\/svg+xml,%3Csvg%20xmlns%3D%22http%3A%2F%2Fwww.w3.org%2F2000%2Fsvg%22%20viewBox%3D%220%200%20300%20149%22%3E%3C%2Fsvg%3E\" alt width=\"300\" height=\"149\" srcset=\"data:image\/svg+xml,%3Csvg%20xmlns%3D%22http%3A%2F%2Fwww.w3.org%2F2000%2Fsvg%22%20viewBox%3D%220%200%20300%20149%22%3E%3C%2Fsvg%3E 300w\" sizes=\"(max-width: 300px) 100vw, 300px\" data-srcset=\"https:\/\/premiumline-cabling.com\/wp-content\/uploads\/2019\/02\/FTTx_drop_flat-300x149.jpg 300w, https:\/\/premiumline-cabling.com\/wp-content\/uploads\/2019\/02\/FTTx_drop_flat.jpg 610w\" data-src=\"https:\/\/premiumline-cabling.com\/wp-content\/uploads\/2019\/02\/FTTx_drop_flat-300x149.jpg\"><\/h3>\n<p>Dieses Flachkabel mit 1, 2 oder 4 Fasern (farblich gekennzeichnet) bietet eine einmalige L\u00f6sung f\u00fcr kleinere Faserzahlen, die in FTTH-Netzwerken verwendet werden. Zwei parallele FRP-Zugelemente sch\u00fctzen die optischen Fasern. Das Kabel besitzt einen LSZH Mantel.<\/p>\n<h3>EIGENSCHAFTEN:<\/h3>\n<ul>\n<li>Kompakt und leicht, einfach zu trennen und zu splei\u00dfen<\/li>\n<li>Erm\u00f6glicht kleine Biegeradien, ideal f\u00fcr PON-Netzwerke (Passive Optical Networks)<\/li>\n<li>Geeignet f\u00fcr die Kabelverteilung<\/li>\n<\/ul>\n<h3>\u00dcBEREINSTIMMUNGEN MIT:<\/h3>\n<ul>\n<li>ITU-T G652D\/G657A1\/G657A2\/G651; ANSI\/TIA 568-C.3; IEC-60332; RoHS<\/li>\n<\/ul>\n<h3>ANWENDUNGEN:<\/h3>\n<ul>\n<li>FTTx-Systeme bei Innenverkabelungen<\/li>\n<\/ul>\n<h3>Drawing:<\/h3>\n<p><noscript><img decoding=\"async\" class=\"size-medium wp-image-13634 aligncenter\" src=\"https:\/\/premiumline-cabling.com\/wp-content\/uploads\/2019\/02\/FTTx_drop_flat_d-300x161.jpg\" alt width=\"300\" height=\"161\" srcset=\"https:\/\/premiumline-cabling.com\/wp-content\/uploads\/2019\/02\/FTTx_drop_flat_d-300x161.jpg 300w, https:\/\/premiumline-cabling.com\/wp-content\/uploads\/2019\/02\/FTTx_drop_flat_d.jpg 422w\" sizes=\"(max-width: 300px) 100vw, 300px\"><\/noscript><img decoding=\"async\" class=\"size-medium wp-image-13634 aligncenter lazyload\" src=\"data:image\/svg+xml,%3Csvg%20xmlns%3D%22http%3A%2F%2Fwww.w3.org%2F2000%2Fsvg%22%20viewBox%3D%220%200%20300%20161%22%3E%3C%2Fsvg%3E\" alt width=\"300\" height=\"161\" srcset=\"data:image\/svg+xml,%3Csvg%20xmlns%3D%22http%3A%2F%2Fwww.w3.org%2F2000%2Fsvg%22%20viewBox%3D%220%200%20300%20161%22%3E%3C%2Fsvg%3E 300w\" sizes=\"(max-width: 300px) 100vw, 300px\" data-srcset=\"https:\/\/premiumline-cabling.com\/wp-content\/uploads\/2019\/02\/FTTx_drop_flat_d-300x161.jpg 300w, https:\/\/premiumline-cabling.com\/wp-content\/uploads\/2019\/02\/FTTx_drop_flat_d.jpg 422w\" data-src=\"https:\/\/premiumline-cabling.com\/wp-content\/uploads\/2019\/02\/FTTx_drop_flat_d-300x161.jpg\"><\/p>\n<h3>AUFBAU UND UMGEBUNGSWERTE:<\/h3>\n<table>\n<tbody>\n<tr>\n<td rowspan=\"2\" width=\"203\">Zugelement<\/td>\n<td width=\"107\">Material<\/td>\n<td width=\"219\">FRP<\/td>\n<\/tr>\n<tr>\n<td width=\"107\">Durchmesser<\/td>\n<td width=\"219\">0.5mm<\/td>\n<\/tr>\n<tr>\n<td width=\"203\">Mantel<\/td>\n<td width=\"107\">Material<\/td>\n<td width=\"219\">LSOH \/ schwarz<\/td>\n<\/tr>\n<tr>\n<td width=\"203\">Betriebstemperatur<\/td>\n<td colspan=\"2\" width=\"326\">-20\u00b0C bis +60\u00b0C<\/td>\n<\/tr>\n<tr>\n<td width=\"203\">Lager \/ Transporttemperatur<\/td>\n<td colspan=\"2\" width=\"326\">-20\u00b0C bis +60\u00b0C<\/td>\n<\/tr>\n<tr>\n<td width=\"203\">Installationstemperatur<\/td>\n<td colspan=\"2\" width=\"326\">-5\u00b0C bis +50\u00b0C<\/td>\n<\/tr>\n<\/tbody>\n<\/table>\n<h3>MECHANISCHE KENNWERTE:<\/h3>\n<table>\n<tbody>\n<tr>\n<td rowspan=\"3\" width=\"52\">&nbsp;\n<p>Faser-zahl<\/p><\/td>\n<td rowspan=\"3\" width=\"85\">&nbsp;\n<p>\u00d8 Au\u00dfen<\/p>\n<p>(mm)<\/p><\/td>\n<td rowspan=\"3\" width=\"66\">&nbsp;\n<p>Gewicht<\/p>\n<p>(kg\/km)<\/p><\/td>\n<td colspan=\"2\" width=\"151\">Schlagfestigkeit<\/td>\n<td colspan=\"2\" width=\"132\">Zugfestigkeit<\/td>\n<td colspan=\"2\" width=\"151\">Biegeradius<\/td>\n<\/tr>\n<tr>\n<td rowspan=\"2\" width=\"76\">Kurzzeit\n<p>(N\/10cm)<\/p><\/td>\n<td rowspan=\"2\" width=\"76\">Langzeit\n<p>(N\/10cm)<\/p><\/td>\n<td rowspan=\"2\" width=\"66\">Kurzzeit\n<p>(N)<\/p><\/td>\n<td rowspan=\"2\" width=\"66\">Langkeit\n<p>(N)<\/p><\/td>\n<td width=\"66\">Statisch\n<p>(mm)<\/p><\/td>\n<td width=\"85\">Dynamisch\n<p>(mm)<\/p><\/td>\n<\/tr>\n<tr>\n<td colspan=\"2\" width=\"151\">G652D \/ G657A2<\/td>\n<\/tr>\n<tr>\n<td width=\"52\">1<\/td>\n<td width=\"85\">2.0&#215;3.0\u00b10.1<\/td>\n<td width=\"66\">8.5<\/td>\n<td width=\"76\">1000<\/td>\n<td width=\"76\">500<\/td>\n<td width=\"66\">80<\/td>\n<td width=\"66\">40<\/td>\n<td width=\"66\">15<\/td>\n<td width=\"85\">30<\/td>\n<\/tr>\n<tr>\n<td width=\"52\">2<\/td>\n<td width=\"85\">2.0&#215;3.0\u00b10.1<\/td>\n<td width=\"66\">8.5<\/td>\n<td width=\"76\">1000<\/td>\n<td width=\"76\">500<\/td>\n<td width=\"66\">80<\/td>\n<td width=\"66\">40<\/td>\n<td width=\"66\">15<\/td>\n<td width=\"85\">30<\/td>\n<\/tr>\n<tr>\n<td width=\"52\">4<\/td>\n<td width=\"85\">2.0&#215;4.0\u00b10.2<\/td>\n<td width=\"66\">10.0<\/td>\n<td width=\"76\">1000<\/td>\n<td width=\"76\">500<\/td>\n<td width=\"66\">80<\/td>\n<td width=\"66\">40<\/td>\n<td width=\"66\">15<\/td>\n<td width=\"85\">30<\/td>\n<\/tr>\n<\/tbody>\n<\/table>\n<h3>FASERFARBCODE:<\/h3>\n<table width=\"548\">\n<tbody>\n<tr>\n<td width=\"110\"><strong>Fasernumber<\/strong><\/td>\n<td width=\"110\"><strong>1<\/strong><\/td>\n<td width=\"110\"><strong>2<\/strong><\/td>\n<td width=\"110\"><strong>3<\/strong><\/td>\n<td width=\"110\"><strong>4<\/strong><\/td>\n<\/tr>\n<tr>\n<td width=\"110\"><strong>Farbe<\/strong><\/td>\n<td bgcolor=\"#0000FF\" width=\"110\"><span style=\"color: #ffffff;\"><strong>Blau<\/strong><\/span><\/td>\n<td bgcolor=\"#FFA500\" width=\"110\"><span style=\"color: #ffffff;\"><strong>Orange<\/strong><\/span><\/td>\n<td bgcolor=\"#008000\" width=\"110\"><span style=\"color: #ffffff;\"><strong>Grun<\/strong><\/span><\/td>\n<td bgcolor=\"#6F4E37\" width=\"110\"><span style=\"color: #ffffff;\"><strong>Broun<\/strong><\/span><\/td>\n<\/tr>\n<\/tbody>\n<\/table>\n<h3>BESTELLINFORMATION:<\/h3>\n<table>\n<tbody>\n<tr>\n<td width=\"132\">Art. Nr.<\/td>\n<td width=\"491\">2614x2yyy<\/td>\n<\/tr>\n<tr>\n<td width=\"132\">Bezeichnung<\/td>\n<td width=\"491\">Premium Line Glasfaserkabel FTTH, Flachkabel, 2x FRP-Zugelemente, LSZH<\/td>\n<\/tr>\n<tr>\n<td width=\"132\">x, mode<\/td>\n<td width=\"491\">0: SM 9\/125 G657A1&nbsp;&nbsp; 1: MM 62.5\/125&nbsp; &nbsp;2: SM 9\/125&nbsp; 3: MM 50\/125 &nbsp;&nbsp;4: MM\/OM3 &nbsp;6: SM 9\/125 G657A2&nbsp;&nbsp; 9: MM\/OM4<\/td>\n<\/tr>\n<tr>\n<td width=\"132\">yyy, Faseranzahl<\/td>\n<td width=\"491\">001 \/ 002 \/ 004<\/td>\n<\/tr>\n<\/tbody>\n<\/table>\n<h3><span style=\"color: #a13737;\"><strong><u>Open more information (click on the &#8220;+&#8221; sign below)<\/u><\/strong><\/span><\/h3>\n","protected":false},"featured_media":9606,"template":"","product_category":[105],"class_list":["post-14921","product","type-product","status-publish","has-post-thumbnail","hentry","product_category-fttx"],"yoast_head":"<!-- This site is optimized with the Yoast SEO plugin v27.2 - https:\/\/yoast.com\/product\/yoast-seo-wordpress\/ -->\n<title>Premium-Line FTTX Glasfaserkabel, Flachkabel mit zwei FRP Zugfasern<\/title>\n<meta name=\"description\" content=\"Dieses Flachkabel mit 1, 2 oder 4 Fasern (farblich gekennzeichnet) bietet eine einmalige L\u00f6sung f\u00fcr kleinere Faserzahlen\" \/>\n<meta name=\"robots\" content=\"index, follow, max-snippet:-1, max-image-preview:large, max-video-preview:-1\" \/>\n<link rel=\"canonical\" href=\"https:\/\/premiumline-cabling.com\/de\/product\/pl-ftth-cable\/\" \/>\n<meta property=\"og:locale\" content=\"de_DE\" \/>\n<meta property=\"og:type\" content=\"article\" \/>\n<meta property=\"og:title\" content=\"Premium-Line FTTX Glasfaserkabel, Flachkabel mit zwei FRP Zugfasern\" \/>\n<meta property=\"og:description\" content=\"Dieses Flachkabel mit 1, 2 oder 4 Fasern (farblich gekennzeichnet) bietet eine einmalige L\u00f6sung f\u00fcr kleinere Faserzahlen\" \/>\n<meta property=\"og:url\" content=\"https:\/\/premiumline-cabling.com\/de\/product\/pl-ftth-cable\/\" \/>\n<meta property=\"og:site_name\" content=\"Premium-Line\" \/>\n<meta property=\"article:modified_time\" content=\"2022-05-16T13:23:06+00:00\" \/>\n<meta property=\"og:image\" content=\"https:\/\/premiumline-cabling.com\/wp-content\/uploads\/2019\/02\/FTTX-Flat-Cable-2.jpg\" \/>\n\t<meta property=\"og:image:width\" content=\"248\" \/>\n\t<meta property=\"og:image:height\" content=\"243\" \/>\n\t<meta property=\"og:image:type\" content=\"image\/jpeg\" \/>\n<meta name=\"twitter:card\" content=\"summary_large_image\" \/>\n<meta name=\"twitter:label1\" content=\"Gesch\u00e4tzte Lesezeit\" \/>\n\t<meta name=\"twitter:data1\" content=\"2\u00a0Minuten\" \/>\n<script type=\"application\/ld+json\" class=\"yoast-schema-graph\">{\"@context\":\"https:\/\/schema.org\",\"@graph\":[{\"@type\":\"WebPage\",\"@id\":\"https:\/\/premiumline-cabling.com\/de\/product\/pl-ftth-cable\/\",\"url\":\"https:\/\/premiumline-cabling.com\/de\/product\/pl-ftth-cable\/\",\"name\":\"Premium-Line FTTX Glasfaserkabel, Flachkabel mit zwei FRP Zugfasern\",\"isPartOf\":{\"@id\":\"https:\/\/premiumline-cabling.com\/#website\"},\"primaryImageOfPage\":{\"@id\":\"https:\/\/premiumline-cabling.com\/de\/product\/pl-ftth-cable\/#primaryimage\"},\"image\":{\"@id\":\"https:\/\/premiumline-cabling.com\/de\/product\/pl-ftth-cable\/#primaryimage\"},\"thumbnailUrl\":\"https:\/\/premiumline-cabling.com\/wp-content\/uploads\/2019\/02\/FTTX-Flat-Cable-2.jpg\",\"datePublished\":\"2019-02-02T18:39:28+00:00\",\"dateModified\":\"2022-05-16T13:23:06+00:00\",\"description\":\"Dieses Flachkabel mit 1, 2 oder 4 Fasern (farblich gekennzeichnet) bietet eine einmalige L\u00f6sung f\u00fcr kleinere Faserzahlen\",\"breadcrumb\":{\"@id\":\"https:\/\/premiumline-cabling.com\/de\/product\/pl-ftth-cable\/#breadcrumb\"},\"inLanguage\":\"de\",\"potentialAction\":[{\"@type\":\"ReadAction\",\"target\":[\"https:\/\/premiumline-cabling.com\/de\/product\/pl-ftth-cable\/\"]}]},{\"@type\":\"ImageObject\",\"inLanguage\":\"de\",\"@id\":\"https:\/\/premiumline-cabling.com\/de\/product\/pl-ftth-cable\/#primaryimage\",\"url\":\"https:\/\/premiumline-cabling.com\/wp-content\/uploads\/2019\/02\/FTTX-Flat-Cable-2.jpg\",\"contentUrl\":\"https:\/\/premiumline-cabling.com\/wp-content\/uploads\/2019\/02\/FTTX-Flat-Cable-2.jpg\",\"width\":248,\"height\":243},{\"@type\":\"BreadcrumbList\",\"@id\":\"https:\/\/premiumline-cabling.com\/de\/product\/pl-ftth-cable\/#breadcrumb\",\"itemListElement\":[{\"@type\":\"ListItem\",\"position\":1,\"name\":\"\u0413\u043b\u0430\u0432\u043d\u0430\u044f \u0441\u0442\u0440\u0430\u043d\u0438\u0446\u0430\",\"item\":\"https:\/\/premiumline-cabling.com\/de\/\"},{\"@type\":\"ListItem\",\"position\":2,\"name\":\"FTTX Glasfaserkabel\"}]},{\"@type\":\"WebSite\",\"@id\":\"https:\/\/premiumline-cabling.com\/#website\",\"url\":\"https:\/\/premiumline-cabling.com\/\",\"name\":\"Premium-Line\",\"description\":\"Structured Cabling System\",\"publisher\":{\"@id\":\"https:\/\/premiumline-cabling.com\/#organization\"},\"potentialAction\":[{\"@type\":\"SearchAction\",\"target\":{\"@type\":\"EntryPoint\",\"urlTemplate\":\"https:\/\/premiumline-cabling.com\/?s={search_term_string}\"},\"query-input\":{\"@type\":\"PropertyValueSpecification\",\"valueRequired\":true,\"valueName\":\"search_term_string\"}}],\"inLanguage\":\"de\"},{\"@type\":\"Organization\",\"@id\":\"https:\/\/premiumline-cabling.com\/#organization\",\"name\":\"Premium-Line\",\"url\":\"https:\/\/premiumline-cabling.com\/\",\"logo\":{\"@type\":\"ImageObject\",\"inLanguage\":\"de\",\"@id\":\"https:\/\/premiumline-cabling.com\/#\/schema\/logo\/image\/\",\"url\":\"https:\/\/premiumline-cabling.com\/wp-content\/uploads\/2019\/04\/cropped-img_logo_site_Premium-Line.png\",\"contentUrl\":\"https:\/\/premiumline-cabling.com\/wp-content\/uploads\/2019\/04\/cropped-img_logo_site_Premium-Line.png\",\"width\":190,\"height\":62,\"caption\":\"Premium-Line\"},\"image\":{\"@id\":\"https:\/\/premiumline-cabling.com\/#\/schema\/logo\/image\/\"}}]}<\/script>\n<!-- \/ Yoast SEO plugin. -->","yoast_head_json":{"title":"Premium-Line FTTX Glasfaserkabel, Flachkabel mit zwei FRP Zugfasern","description":"Dieses Flachkabel mit 1, 2 oder 4 Fasern (farblich gekennzeichnet) bietet eine einmalige L\u00f6sung f\u00fcr kleinere Faserzahlen","robots":{"index":"index","follow":"follow","max-snippet":"max-snippet:-1","max-image-preview":"max-image-preview:large","max-video-preview":"max-video-preview:-1"},"canonical":"https:\/\/premiumline-cabling.com\/de\/product\/pl-ftth-cable\/","og_locale":"de_DE","og_type":"article","og_title":"Premium-Line FTTX Glasfaserkabel, Flachkabel mit zwei FRP Zugfasern","og_description":"Dieses Flachkabel mit 1, 2 oder 4 Fasern (farblich gekennzeichnet) bietet eine einmalige L\u00f6sung f\u00fcr kleinere Faserzahlen","og_url":"https:\/\/premiumline-cabling.com\/de\/product\/pl-ftth-cable\/","og_site_name":"Premium-Line","article_modified_time":"2022-05-16T13:23:06+00:00","og_image":[{"width":248,"height":243,"url":"https:\/\/premiumline-cabling.com\/wp-content\/uploads\/2019\/02\/FTTX-Flat-Cable-2.jpg","type":"image\/jpeg"}],"twitter_card":"summary_large_image","twitter_misc":{"Gesch\u00e4tzte Lesezeit":"2\u00a0Minuten"},"schema":{"@context":"https:\/\/schema.org","@graph":[{"@type":"WebPage","@id":"https:\/\/premiumline-cabling.com\/de\/product\/pl-ftth-cable\/","url":"https:\/\/premiumline-cabling.com\/de\/product\/pl-ftth-cable\/","name":"Premium-Line FTTX Glasfaserkabel, Flachkabel mit zwei FRP Zugfasern","isPartOf":{"@id":"https:\/\/premiumline-cabling.com\/#website"},"primaryImageOfPage":{"@id":"https:\/\/premiumline-cabling.com\/de\/product\/pl-ftth-cable\/#primaryimage"},"image":{"@id":"https:\/\/premiumline-cabling.com\/de\/product\/pl-ftth-cable\/#primaryimage"},"thumbnailUrl":"https:\/\/premiumline-cabling.com\/wp-content\/uploads\/2019\/02\/FTTX-Flat-Cable-2.jpg","datePublished":"2019-02-02T18:39:28+00:00","dateModified":"2022-05-16T13:23:06+00:00","description":"Dieses Flachkabel mit 1, 2 oder 4 Fasern (farblich gekennzeichnet) bietet eine einmalige L\u00f6sung f\u00fcr kleinere Faserzahlen","breadcrumb":{"@id":"https:\/\/premiumline-cabling.com\/de\/product\/pl-ftth-cable\/#breadcrumb"},"inLanguage":"de","potentialAction":[{"@type":"ReadAction","target":["https:\/\/premiumline-cabling.com\/de\/product\/pl-ftth-cable\/"]}]},{"@type":"ImageObject","inLanguage":"de","@id":"https:\/\/premiumline-cabling.com\/de\/product\/pl-ftth-cable\/#primaryimage","url":"https:\/\/premiumline-cabling.com\/wp-content\/uploads\/2019\/02\/FTTX-Flat-Cable-2.jpg","contentUrl":"https:\/\/premiumline-cabling.com\/wp-content\/uploads\/2019\/02\/FTTX-Flat-Cable-2.jpg","width":248,"height":243},{"@type":"BreadcrumbList","@id":"https:\/\/premiumline-cabling.com\/de\/product\/pl-ftth-cable\/#breadcrumb","itemListElement":[{"@type":"ListItem","position":1,"name":"\u0413\u043b\u0430\u0432\u043d\u0430\u044f \u0441\u0442\u0440\u0430\u043d\u0438\u0446\u0430","item":"https:\/\/premiumline-cabling.com\/de\/"},{"@type":"ListItem","position":2,"name":"FTTX Glasfaserkabel"}]},{"@type":"WebSite","@id":"https:\/\/premiumline-cabling.com\/#website","url":"https:\/\/premiumline-cabling.com\/","name":"Premium-Line","description":"Structured Cabling System","publisher":{"@id":"https:\/\/premiumline-cabling.com\/#organization"},"potentialAction":[{"@type":"SearchAction","target":{"@type":"EntryPoint","urlTemplate":"https:\/\/premiumline-cabling.com\/?s={search_term_string}"},"query-input":{"@type":"PropertyValueSpecification","valueRequired":true,"valueName":"search_term_string"}}],"inLanguage":"de"},{"@type":"Organization","@id":"https:\/\/premiumline-cabling.com\/#organization","name":"Premium-Line","url":"https:\/\/premiumline-cabling.com\/","logo":{"@type":"ImageObject","inLanguage":"de","@id":"https:\/\/premiumline-cabling.com\/#\/schema\/logo\/image\/","url":"https:\/\/premiumline-cabling.com\/wp-content\/uploads\/2019\/04\/cropped-img_logo_site_Premium-Line.png","contentUrl":"https:\/\/premiumline-cabling.com\/wp-content\/uploads\/2019\/04\/cropped-img_logo_site_Premium-Line.png","width":190,"height":62,"caption":"Premium-Line"},"image":{"@id":"https:\/\/premiumline-cabling.com\/#\/schema\/logo\/image\/"}}]}},"_links":{"self":[{"href":"https:\/\/premiumline-cabling.com\/de\/wp-json\/wp\/v2\/product\/14921","targetHints":{"allow":["GET"]}}],"collection":[{"href":"https:\/\/premiumline-cabling.com\/de\/wp-json\/wp\/v2\/product"}],"about":[{"href":"https:\/\/premiumline-cabling.com\/de\/wp-json\/wp\/v2\/types\/product"}],"wp:featuredmedia":[{"embeddable":true,"href":"https:\/\/premiumline-cabling.com\/de\/wp-json\/wp\/v2\/media\/9606"}],"wp:attachment":[{"href":"https:\/\/premiumline-cabling.com\/de\/wp-json\/wp\/v2\/media?parent=14921"}],"wp:term":[{"taxonomy":"product_category","embeddable":true,"href":"https:\/\/premiumline-cabling.com\/de\/wp-json\/wp\/v2\/product_category?post=14921"}],"curies":[{"name":"wp","href":"https:\/\/api.w.org\/{rel}","templated":true}]}}