{"id":14912,"date":"2019-05-01T17:56:08","date_gmt":"2019-05-01T16:56:08","guid":{"rendered":"https:\/\/www.premiumline-cabling.com\/product\/ftth-distribution-box\/"},"modified":"2022-05-19T13:22:48","modified_gmt":"2022-05-19T12:22:48","slug":"ftth-distribution-box","status":"publish","type":"product","link":"https:\/\/premiumline-cabling.com\/de\/product\/ftth-distribution-box\/","title":{"rendered":"FTTX Verteilerbox"},"content":{"rendered":"<h2>FTTX <strong>Verteilerbox<\/strong> &#8211; 4, 8, 16, 24, 36 or 48 ports<\/h2>\n<p>Die Glasfaserl\u00f6sungen f\u00fcr Ein- und Mehrfamilienh\u00e4user sowie die Energieversorgungsinstallation, erfordern r kompaktes Design, einfache Installation und Bedienung sowie witterungsbest\u00e4ndige Eigenschaften.<br>\n<noscript><img decoding=\"async\" class=\"aligncenter wp-image-7349 size-large\" src=\"https:\/\/premiumline-cabling.com\/wp-content\/uploads\/2019\/05\/FTTx-boxes-1024x258.jpg\" alt width=\"1024\" height=\"258\" srcset=\"https:\/\/premiumline-cabling.com\/wp-content\/uploads\/2019\/05\/FTTx-boxes-1024x258.jpg 1024w, https:\/\/premiumline-cabling.com\/wp-content\/uploads\/2019\/05\/FTTx-boxes-300x76.jpg 300w, https:\/\/premiumline-cabling.com\/wp-content\/uploads\/2019\/05\/FTTx-boxes-768x193.jpg 768w, https:\/\/premiumline-cabling.com\/wp-content\/uploads\/2019\/05\/FTTx-boxes-1536x387.jpg 1536w, https:\/\/premiumline-cabling.com\/wp-content\/uploads\/2019\/05\/FTTx-boxes-2048x516.jpg 2048w\" sizes=\"(max-width: 1024px) 100vw, 1024px\"><\/noscript><img decoding=\"async\" class=\"aligncenter wp-image-7349 size-large lazyload\" src=\"data:image\/svg+xml,%3Csvg%20xmlns%3D%22http%3A%2F%2Fwww.w3.org%2F2000%2Fsvg%22%20viewBox%3D%220%200%201024%20258%22%3E%3C%2Fsvg%3E\" alt width=\"1024\" height=\"258\" srcset=\"data:image\/svg+xml,%3Csvg%20xmlns%3D%22http%3A%2F%2Fwww.w3.org%2F2000%2Fsvg%22%20viewBox%3D%220%200%201024%20258%22%3E%3C%2Fsvg%3E 1024w\" sizes=\"(max-width: 1024px) 100vw, 1024px\" data-srcset=\"https:\/\/premiumline-cabling.com\/wp-content\/uploads\/2019\/05\/FTTx-boxes-1024x258.jpg 1024w, https:\/\/premiumline-cabling.com\/wp-content\/uploads\/2019\/05\/FTTx-boxes-300x76.jpg 300w, https:\/\/premiumline-cabling.com\/wp-content\/uploads\/2019\/05\/FTTx-boxes-768x193.jpg 768w, https:\/\/premiumline-cabling.com\/wp-content\/uploads\/2019\/05\/FTTx-boxes-1536x387.jpg 1536w, https:\/\/premiumline-cabling.com\/wp-content\/uploads\/2019\/05\/FTTx-boxes-2048x516.jpg 2048w\" data-src=\"https:\/\/premiumline-cabling.com\/wp-content\/uploads\/2019\/05\/FTTx-boxes-1024x258.jpg\">Die Premium-Line FTTH-Verteilerbox wurde speziell f\u00fcr Mehrzweckanwendungen in FTTH-Projekten entwickelt. Das Dual-Layer-Design unterst\u00fctzt die direkte Terminierung und FTTH-Verteilungen \u00fcber einen eingebauten Mini-Splitter. Erh\u00e4ltlich f\u00fcr 1:2- bis 2:32-Verteilungen mit Premium- Leitung FTTH-Verteilerkabel. Der speziell entwickelte Kabelausgang passt zu FTTH-Drop-Flachkabeln und garantiert die IP-Einstufung vor und nach dem Betrieb. 4ports, 8ports, 16ports, 24ports, 36ports und 48ports sind optional.<\/p>\n<h3>EIGENSCHAFTEN:<\/h3>\n<ul>\n<li>Industry Standard User Interface, be made of high impact plasticWall mounting design<\/li>\n<li>Material: Geh\u00e4use aus ABS, Innenteil aus PC<\/li>\n<li>UV- und Wassergesch\u00fctztes Design f\u00fcr Au\u00dfen- und Innenanwendungen<\/li>\n<li>Einfache Installation<\/li>\n<li>Geeignet zur Wandmontage<\/li>\n<li>SC-simplex- oder LC-duplex-Adaptern<\/li>\n<li>IP55 gesch\u00fctzt<\/li>\n<li>RoHS konform<\/li>\n<\/ul>\n<h3>ANWENDUNGEN:<\/h3>\n<ul>\n<li>\u00dcblicherweise bei FTTH Netzwerken<\/li>\n<li>Telekommunikationsnetzwerken<\/li>\n<li>LAN und CATV<\/li>\n<\/ul>\n<h3>UMGEBUNGSBEDINGUNGEN:<\/h3>\n<ul>\n<li>Betriebstemperatur: -40\u00b0C bis +60\u00b0C<\/li>\n<li>Feuchtigkeit: 93% bei 40\u00b0C<\/li>\n<li>Luftdruck: 62kPa \u2013 101kPa<\/li>\n<\/ul>\n<h3><span style=\"color: #a13737;\"><strong><u>F\u00fcr mehr Informationen klicken Sie auf das \u201e+\u201c<\/u><\/strong><\/span><\/h3>\n","protected":false},"featured_media":9570,"template":"","product_category":[105],"class_list":["post-14912","product","type-product","status-publish","has-post-thumbnail","hentry","product_category-fttx"],"yoast_head":"<!-- This site is optimized with the Yoast SEO plugin v27.2 - https:\/\/yoast.com\/product\/yoast-seo-wordpress\/ -->\n<title>FTTX Verteilerbox 4, 8, 16, 24, 36 or 48 ports - Premium-Line<\/title>\n<meta name=\"description\" content=\"Industrieller Standard, hergestellt aus schlagfestem Kunststoff, ABS-Material sorgt f\u00fcr hohe Festigkeit bei geringem Gewicht, Einfache Installation.\" \/>\n<meta name=\"robots\" content=\"index, follow, max-snippet:-1, max-image-preview:large, max-video-preview:-1\" \/>\n<link rel=\"canonical\" href=\"https:\/\/premiumline-cabling.com\/de\/product\/ftth-distribution-box\/\" \/>\n<meta property=\"og:locale\" content=\"de_DE\" \/>\n<meta property=\"og:type\" content=\"article\" \/>\n<meta property=\"og:title\" content=\"FTTX Verteilerbox 4, 8, 16, 24, 36 or 48 ports - Premium-Line\" \/>\n<meta property=\"og:description\" content=\"Industrieller Standard, hergestellt aus schlagfestem Kunststoff, ABS-Material sorgt f\u00fcr hohe Festigkeit bei geringem Gewicht, Einfache Installation.\" \/>\n<meta property=\"og:url\" content=\"https:\/\/premiumline-cabling.com\/de\/product\/ftth-distribution-box\/\" \/>\n<meta property=\"og:site_name\" content=\"Premium-Line\" \/>\n<meta property=\"article:modified_time\" content=\"2022-05-19T12:22:48+00:00\" \/>\n<meta property=\"og:image\" content=\"https:\/\/premiumline-cabling.com\/wp-content\/uploads\/2019\/05\/FTTX-Distribution-Box-4_g.jpg\" \/>\n\t<meta property=\"og:image:width\" content=\"361\" \/>\n\t<meta property=\"og:image:height\" content=\"317\" \/>\n\t<meta property=\"og:image:type\" content=\"image\/jpeg\" \/>\n<meta name=\"twitter:card\" content=\"summary_large_image\" \/>\n<meta name=\"twitter:label1\" content=\"Gesch\u00e4tzte Lesezeit\" \/>\n\t<meta name=\"twitter:data1\" content=\"1\u00a0Minute\" \/>\n<script type=\"application\/ld+json\" class=\"yoast-schema-graph\">{\"@context\":\"https:\/\/schema.org\",\"@graph\":[{\"@type\":\"WebPage\",\"@id\":\"https:\/\/premiumline-cabling.com\/de\/product\/ftth-distribution-box\/\",\"url\":\"https:\/\/premiumline-cabling.com\/de\/product\/ftth-distribution-box\/\",\"name\":\"FTTX Verteilerbox 4, 8, 16, 24, 36 or 48 ports - Premium-Line\",\"isPartOf\":{\"@id\":\"https:\/\/premiumline-cabling.com\/#website\"},\"primaryImageOfPage\":{\"@id\":\"https:\/\/premiumline-cabling.com\/de\/product\/ftth-distribution-box\/#primaryimage\"},\"image\":{\"@id\":\"https:\/\/premiumline-cabling.com\/de\/product\/ftth-distribution-box\/#primaryimage\"},\"thumbnailUrl\":\"https:\/\/premiumline-cabling.com\/wp-content\/uploads\/2019\/05\/FTTX-Distribution-Box-4_g.jpg\",\"datePublished\":\"2019-05-01T16:56:08+00:00\",\"dateModified\":\"2022-05-19T12:22:48+00:00\",\"description\":\"Industrieller Standard, hergestellt aus schlagfestem Kunststoff, ABS-Material sorgt f\u00fcr hohe Festigkeit bei geringem Gewicht, Einfache Installation.\",\"breadcrumb\":{\"@id\":\"https:\/\/premiumline-cabling.com\/de\/product\/ftth-distribution-box\/#breadcrumb\"},\"inLanguage\":\"de\",\"potentialAction\":[{\"@type\":\"ReadAction\",\"target\":[\"https:\/\/premiumline-cabling.com\/de\/product\/ftth-distribution-box\/\"]}]},{\"@type\":\"ImageObject\",\"inLanguage\":\"de\",\"@id\":\"https:\/\/premiumline-cabling.com\/de\/product\/ftth-distribution-box\/#primaryimage\",\"url\":\"https:\/\/premiumline-cabling.com\/wp-content\/uploads\/2019\/05\/FTTX-Distribution-Box-4_g.jpg\",\"contentUrl\":\"https:\/\/premiumline-cabling.com\/wp-content\/uploads\/2019\/05\/FTTX-Distribution-Box-4_g.jpg\",\"width\":361,\"height\":317},{\"@type\":\"BreadcrumbList\",\"@id\":\"https:\/\/premiumline-cabling.com\/de\/product\/ftth-distribution-box\/#breadcrumb\",\"itemListElement\":[{\"@type\":\"ListItem\",\"position\":1,\"name\":\"\u0413\u043b\u0430\u0432\u043d\u0430\u044f \u0441\u0442\u0440\u0430\u043d\u0438\u0446\u0430\",\"item\":\"https:\/\/premiumline-cabling.com\/de\/\"},{\"@type\":\"ListItem\",\"position\":2,\"name\":\"FTTX Verteilerbox\"}]},{\"@type\":\"WebSite\",\"@id\":\"https:\/\/premiumline-cabling.com\/#website\",\"url\":\"https:\/\/premiumline-cabling.com\/\",\"name\":\"Premium-Line\",\"description\":\"Structured Cabling System\",\"publisher\":{\"@id\":\"https:\/\/premiumline-cabling.com\/#organization\"},\"potentialAction\":[{\"@type\":\"SearchAction\",\"target\":{\"@type\":\"EntryPoint\",\"urlTemplate\":\"https:\/\/premiumline-cabling.com\/?s={search_term_string}\"},\"query-input\":{\"@type\":\"PropertyValueSpecification\",\"valueRequired\":true,\"valueName\":\"search_term_string\"}}],\"inLanguage\":\"de\"},{\"@type\":\"Organization\",\"@id\":\"https:\/\/premiumline-cabling.com\/#organization\",\"name\":\"Premium-Line\",\"url\":\"https:\/\/premiumline-cabling.com\/\",\"logo\":{\"@type\":\"ImageObject\",\"inLanguage\":\"de\",\"@id\":\"https:\/\/premiumline-cabling.com\/#\/schema\/logo\/image\/\",\"url\":\"https:\/\/premiumline-cabling.com\/wp-content\/uploads\/2019\/04\/cropped-img_logo_site_Premium-Line.png\",\"contentUrl\":\"https:\/\/premiumline-cabling.com\/wp-content\/uploads\/2019\/04\/cropped-img_logo_site_Premium-Line.png\",\"width\":190,\"height\":62,\"caption\":\"Premium-Line\"},\"image\":{\"@id\":\"https:\/\/premiumline-cabling.com\/#\/schema\/logo\/image\/\"}}]}<\/script>\n<!-- \/ Yoast SEO plugin. -->","yoast_head_json":{"title":"FTTX Verteilerbox 4, 8, 16, 24, 36 or 48 ports - Premium-Line","description":"Industrieller Standard, hergestellt aus schlagfestem Kunststoff, ABS-Material sorgt f\u00fcr hohe Festigkeit bei geringem Gewicht, Einfache Installation.","robots":{"index":"index","follow":"follow","max-snippet":"max-snippet:-1","max-image-preview":"max-image-preview:large","max-video-preview":"max-video-preview:-1"},"canonical":"https:\/\/premiumline-cabling.com\/de\/product\/ftth-distribution-box\/","og_locale":"de_DE","og_type":"article","og_title":"FTTX Verteilerbox 4, 8, 16, 24, 36 or 48 ports - Premium-Line","og_description":"Industrieller Standard, hergestellt aus schlagfestem Kunststoff, ABS-Material sorgt f\u00fcr hohe Festigkeit bei geringem Gewicht, Einfache Installation.","og_url":"https:\/\/premiumline-cabling.com\/de\/product\/ftth-distribution-box\/","og_site_name":"Premium-Line","article_modified_time":"2022-05-19T12:22:48+00:00","og_image":[{"width":361,"height":317,"url":"https:\/\/premiumline-cabling.com\/wp-content\/uploads\/2019\/05\/FTTX-Distribution-Box-4_g.jpg","type":"image\/jpeg"}],"twitter_card":"summary_large_image","twitter_misc":{"Gesch\u00e4tzte Lesezeit":"1\u00a0Minute"},"schema":{"@context":"https:\/\/schema.org","@graph":[{"@type":"WebPage","@id":"https:\/\/premiumline-cabling.com\/de\/product\/ftth-distribution-box\/","url":"https:\/\/premiumline-cabling.com\/de\/product\/ftth-distribution-box\/","name":"FTTX Verteilerbox 4, 8, 16, 24, 36 or 48 ports - Premium-Line","isPartOf":{"@id":"https:\/\/premiumline-cabling.com\/#website"},"primaryImageOfPage":{"@id":"https:\/\/premiumline-cabling.com\/de\/product\/ftth-distribution-box\/#primaryimage"},"image":{"@id":"https:\/\/premiumline-cabling.com\/de\/product\/ftth-distribution-box\/#primaryimage"},"thumbnailUrl":"https:\/\/premiumline-cabling.com\/wp-content\/uploads\/2019\/05\/FTTX-Distribution-Box-4_g.jpg","datePublished":"2019-05-01T16:56:08+00:00","dateModified":"2022-05-19T12:22:48+00:00","description":"Industrieller Standard, hergestellt aus schlagfestem Kunststoff, ABS-Material sorgt f\u00fcr hohe Festigkeit bei geringem Gewicht, Einfache Installation.","breadcrumb":{"@id":"https:\/\/premiumline-cabling.com\/de\/product\/ftth-distribution-box\/#breadcrumb"},"inLanguage":"de","potentialAction":[{"@type":"ReadAction","target":["https:\/\/premiumline-cabling.com\/de\/product\/ftth-distribution-box\/"]}]},{"@type":"ImageObject","inLanguage":"de","@id":"https:\/\/premiumline-cabling.com\/de\/product\/ftth-distribution-box\/#primaryimage","url":"https:\/\/premiumline-cabling.com\/wp-content\/uploads\/2019\/05\/FTTX-Distribution-Box-4_g.jpg","contentUrl":"https:\/\/premiumline-cabling.com\/wp-content\/uploads\/2019\/05\/FTTX-Distribution-Box-4_g.jpg","width":361,"height":317},{"@type":"BreadcrumbList","@id":"https:\/\/premiumline-cabling.com\/de\/product\/ftth-distribution-box\/#breadcrumb","itemListElement":[{"@type":"ListItem","position":1,"name":"\u0413\u043b\u0430\u0432\u043d\u0430\u044f \u0441\u0442\u0440\u0430\u043d\u0438\u0446\u0430","item":"https:\/\/premiumline-cabling.com\/de\/"},{"@type":"ListItem","position":2,"name":"FTTX Verteilerbox"}]},{"@type":"WebSite","@id":"https:\/\/premiumline-cabling.com\/#website","url":"https:\/\/premiumline-cabling.com\/","name":"Premium-Line","description":"Structured Cabling System","publisher":{"@id":"https:\/\/premiumline-cabling.com\/#organization"},"potentialAction":[{"@type":"SearchAction","target":{"@type":"EntryPoint","urlTemplate":"https:\/\/premiumline-cabling.com\/?s={search_term_string}"},"query-input":{"@type":"PropertyValueSpecification","valueRequired":true,"valueName":"search_term_string"}}],"inLanguage":"de"},{"@type":"Organization","@id":"https:\/\/premiumline-cabling.com\/#organization","name":"Premium-Line","url":"https:\/\/premiumline-cabling.com\/","logo":{"@type":"ImageObject","inLanguage":"de","@id":"https:\/\/premiumline-cabling.com\/#\/schema\/logo\/image\/","url":"https:\/\/premiumline-cabling.com\/wp-content\/uploads\/2019\/04\/cropped-img_logo_site_Premium-Line.png","contentUrl":"https:\/\/premiumline-cabling.com\/wp-content\/uploads\/2019\/04\/cropped-img_logo_site_Premium-Line.png","width":190,"height":62,"caption":"Premium-Line"},"image":{"@id":"https:\/\/premiumline-cabling.com\/#\/schema\/logo\/image\/"}}]}},"_links":{"self":[{"href":"https:\/\/premiumline-cabling.com\/de\/wp-json\/wp\/v2\/product\/14912","targetHints":{"allow":["GET"]}}],"collection":[{"href":"https:\/\/premiumline-cabling.com\/de\/wp-json\/wp\/v2\/product"}],"about":[{"href":"https:\/\/premiumline-cabling.com\/de\/wp-json\/wp\/v2\/types\/product"}],"wp:featuredmedia":[{"embeddable":true,"href":"https:\/\/premiumline-cabling.com\/de\/wp-json\/wp\/v2\/media\/9570"}],"wp:attachment":[{"href":"https:\/\/premiumline-cabling.com\/de\/wp-json\/wp\/v2\/media?parent=14912"}],"wp:term":[{"taxonomy":"product_category","embeddable":true,"href":"https:\/\/premiumline-cabling.com\/de\/wp-json\/wp\/v2\/product_category?post=14912"}],"curies":[{"name":"wp","href":"https:\/\/api.w.org\/{rel}","templated":true}]}}