{"id":13894,"date":"2022-03-28T15:37:56","date_gmt":"2022-03-28T14:37:56","guid":{"rendered":"https:\/\/www.premiumline-cabling.com\/?post_type=product&#038;p=13894"},"modified":"2022-03-30T14:42:41","modified_gmt":"2022-03-30T13:42:41","slug":"cat-6a-180-kj-geschirmt","status":"publish","type":"product","link":"https:\/\/premiumline-cabling.com\/de\/product\/cat-6a-180-kj-geschirmt\/","title":{"rendered":"Cat. 6A KJ mit Farbcodierung"},"content":{"rendered":"<h2 id=\"ui-id-1\" class=\"t3ddy-accordion-header ui-accordion-header ui-state-default ui-accordion-icons ui-state-focus ui-corner-all\" tabindex=\"0\" role=\"tab\" aria-controls=\"c1345\" aria-selected=\"false\" aria-expanded=\"false\">Category 6A 180\u00b0 geschirmter Druckguss-Keystone mit Farbcodierung<\/h2>\n<h3>EIGENSCHAFTEN:<\/h3>\n<ul>\n<li>Konform zu TIA\/EIA-568C.2, ISO\/IEC 11801 und EN 50173-1 Class E<sub>A<\/sub> Spezifikationen<\/li>\n<li>Druckguss-Design f\u00fcr optimalen EMI-Schutz<\/li>\n<li>slim size ist ideal f\u00fcr Anwendungen, wo Platz ben\u00f6tigt wird<\/li>\n<li>garantiert echte ISO\/IEC 11801 und EN 50173 Short Link Performance<\/li>\n<li>Consolidation Cord geeignet, zuverl\u00e4ssig f\u00fcr End-to-End L\u00f6sungen und High-Traffic-Anwendungen<\/li>\n<li>pro Karton ist eine Schere inkludiert f\u00fcr den sauberen Schnitt und Kurzschlu\u00dffreiheit<\/li>\n<li>RoHS konform<\/li>\n<\/ul>\n<h4><noscript><img decoding=\"async\" class=\"aligncenter wp-image-13898 size-large\" src=\"https:\/\/premiumline-cabling.com\/wp-content\/uploads\/2022\/03\/KJ-6a_s_col-1024x494.jpg\" alt width=\"1024\" height=\"494\" srcset=\"https:\/\/premiumline-cabling.com\/wp-content\/uploads\/2022\/03\/KJ-6a_s_col-1024x494.jpg 1024w, https:\/\/premiumline-cabling.com\/wp-content\/uploads\/2022\/03\/KJ-6a_s_col-300x145.jpg 300w, https:\/\/premiumline-cabling.com\/wp-content\/uploads\/2022\/03\/KJ-6a_s_col-768x371.jpg 768w, https:\/\/premiumline-cabling.com\/wp-content\/uploads\/2022\/03\/KJ-6a_s_col-1536x742.jpg 1536w, https:\/\/premiumline-cabling.com\/wp-content\/uploads\/2022\/03\/KJ-6a_s_col.jpg 1630w\" sizes=\"(max-width: 1024px) 100vw, 1024px\"><\/noscript><img decoding=\"async\" class=\"aligncenter wp-image-13898 size-large lazyload\" src=\"data:image\/svg+xml,%3Csvg%20xmlns%3D%22http%3A%2F%2Fwww.w3.org%2F2000%2Fsvg%22%20viewBox%3D%220%200%201024%20494%22%3E%3C%2Fsvg%3E\" alt width=\"1024\" height=\"494\" srcset=\"data:image\/svg+xml,%3Csvg%20xmlns%3D%22http%3A%2F%2Fwww.w3.org%2F2000%2Fsvg%22%20viewBox%3D%220%200%201024%20494%22%3E%3C%2Fsvg%3E 1024w\" sizes=\"(max-width: 1024px) 100vw, 1024px\" data-srcset=\"https:\/\/premiumline-cabling.com\/wp-content\/uploads\/2022\/03\/KJ-6a_s_col-1024x494.jpg 1024w, https:\/\/premiumline-cabling.com\/wp-content\/uploads\/2022\/03\/KJ-6a_s_col-300x145.jpg 300w, https:\/\/premiumline-cabling.com\/wp-content\/uploads\/2022\/03\/KJ-6a_s_col-768x371.jpg 768w, https:\/\/premiumline-cabling.com\/wp-content\/uploads\/2022\/03\/KJ-6a_s_col-1536x742.jpg 1536w, https:\/\/premiumline-cabling.com\/wp-content\/uploads\/2022\/03\/KJ-6a_s_col.jpg 1630w\" data-src=\"https:\/\/premiumline-cabling.com\/wp-content\/uploads\/2022\/03\/KJ-6a_s_col-1024x494.jpg\"><\/h4>\n<h3>ANWENDUNG:<\/h3>\n<ul>\n<li>10GBASE-T Ethernet<\/li>\n<li>1000BASE-TX Gigabit Ethernet<\/li>\n<li>1000BASE-T Gigabit Ethernet<\/li>\n<li>100BASE-TX Fast Ethernet<\/li>\n<li>10BASE-T Ethernet<\/li>\n<li>Sprache, Video und andere Anwendungen<\/li>\n<\/ul>\n<h3>KENNDATEN:<\/h3>\n<table width=\"690\">\n<tbody>\n<tr>\n<td width=\"249\">Durchschlagfestigkeit\n<p>Stromst\u00e4rke<\/p>\n<p>Isolationswiderstand<\/p>\n<p>Kontaktwiderstand<\/p>\n<p>Temperaturbereich<\/p>\n<p>Feuchtigkeit<\/p>\n<p>zul\u00e4ssige Leiter<\/p>\n<p>Material<\/p>\n<p>&nbsp;<\/p>\n<p>Steckerkontakte<\/p>\n<p>&nbsp;<\/p>\n<p>&nbsp;<\/p>\n<p>IDC Kontakte<\/p><\/td>\n<td width=\"426\">1000V RMS f\u00fcr 1 Minute\n<p>max. 1.5 Amp<\/p>\n<p>min. 10M\u03a9<\/p>\n<p>2m\u03a9 pro Kontakt<\/p>\n<p>-10\u00b0C bis +60\u00b0C<\/p>\n<p>10%~90%; nicht kondensierend<\/p>\n<p>22AWG ~ 26AWG Isolierdraht<\/p>\n<p>Innenteil: PC<\/p>\n<p>Au\u00dfenteil: Zink Druckguss<\/p>\n<p>Phosphor-Bronze, 50\u03bc Zoll vergoldet \u00fcber Nickelkontakt im Steckbereich<\/p>\n<p>Lebensdauer: mindestens 750 Steckzyklen<\/p>\n<p>100\u03bc Zoll vernickelt \u00fcber Phosphor-Bronze<\/p>\n<p>Lebensdauer: mindestens 250 Terminierungen<\/p><\/td>\n<\/tr>\n<\/tbody>\n<\/table>\n<h3>BESTELLINFORMATION:<\/h3>\n<table>\n<tbody>\n<tr>\n<td width=\"141\">Art.Nr.<\/td>\n<td width=\"454\">1098240\u00d73<\/td>\n<\/tr>\n<tr>\n<td width=\"141\">Beschreibung<\/td>\n<td width=\"454\">Category 6A 180\u00b0 geschirmter Druckguss-Keystone mit Farbcodierung<\/td>\n<\/tr>\n<tr>\n<td width=\"141\">x, Farbe<\/td>\n<td width=\"454\">0: hellgr\u00fcn &nbsp;3: rot &nbsp;4: blau&nbsp; 5: grau &nbsp;6: gr\u00fcn&nbsp; 7: orange &nbsp;8: gelb&nbsp; 9: violett<\/td>\n<\/tr>\n<tr>\n<td width=\"141\">Verpackung<\/td>\n<td width=\"454\">1Stk\/PE Sack, 50Stk\/Box, 500Stk\/Karton<\/td>\n<\/tr>\n<tr>\n<td width=\"141\">Karton<\/td>\n<td width=\"454\">57*35*22 cm&nbsp; Gewicht N.W. 14.7 KG &nbsp;G.W. 15.7KG<\/td>\n<\/tr>\n<\/tbody>\n<\/table>\n<p>Sehen Sie sich dieses Video an, um mehr zu erfahren:<\/p>\n<p>&nbsp;<\/p>\n<p><iframe title=\"Cat.6A 180 \u00b0 Shielded Die-casting Keystone Jackwith color coding\" width=\"500\" height=\"281\" src=\"https:\/\/www.youtube.com\/embed\/uwGUmAO0bn4?feature=oembed\" frameborder=\"0\" allow=\"accelerometer; autoplay; clipboard-write; encrypted-media; gyroscope; picture-in-picture; web-share\" referrerpolicy=\"strict-origin-when-cross-origin\" allowfullscreen><\/iframe><\/p>\n","protected":false},"featured_media":13903,"template":"","product_category":[73],"class_list":["post-13894","product","type-product","status-publish","has-post-thumbnail","hentry","product_category-shielded-keystone-jack-de"],"yoast_head":"<!-- This site is optimized with the Yoast SEO plugin v27.4 - https:\/\/yoast.com\/product\/yoast-seo-wordpress\/ -->\n<title>Premium-Line Keystone Jack, Druckguss, geschirmt Category 6A<\/title>\n<meta name=\"description\" content=\"Konform zu TIA\/EIA-568C.2, ISO\/IEC 11801, ISO\/IEC 60603-7-51 und EN 50173-1 Class EA SpezifikationenDruckguss-Design f\u00fcr optimalen EMI-Schutz\" \/>\n<meta name=\"robots\" content=\"index, follow, max-snippet:-1, max-image-preview:large, max-video-preview:-1\" \/>\n<link rel=\"canonical\" href=\"https:\/\/premiumline-cabling.com\/de\/product\/cat-6a-180-kj-geschirmt\/\" \/>\n<meta property=\"og:locale\" content=\"de_DE\" \/>\n<meta property=\"og:type\" content=\"article\" \/>\n<meta property=\"og:title\" content=\"Premium-Line Keystone Jack, Druckguss, geschirmt Category 6A\" \/>\n<meta property=\"og:description\" content=\"Konform zu TIA\/EIA-568C.2, ISO\/IEC 11801, ISO\/IEC 60603-7-51 und EN 50173-1 Class EA SpezifikationenDruckguss-Design f\u00fcr optimalen EMI-Schutz\" \/>\n<meta property=\"og:url\" content=\"https:\/\/premiumline-cabling.com\/de\/product\/cat-6a-180-kj-geschirmt\/\" \/>\n<meta property=\"og:site_name\" content=\"Premium-Line\" \/>\n<meta property=\"article:modified_time\" content=\"2022-03-30T13:42:41+00:00\" \/>\n<meta property=\"og:image\" content=\"https:\/\/premiumline-cabling.com\/wp-content\/uploads\/2022\/03\/img_PL_Cat.6A-180-Shielded-Die-casting-Keystone-Jack-with-color-coding_FB-1.jpg\" \/>\n\t<meta property=\"og:image:width\" content=\"1200\" \/>\n\t<meta property=\"og:image:height\" content=\"627\" \/>\n\t<meta property=\"og:image:type\" content=\"image\/jpeg\" \/>\n<meta name=\"twitter:card\" content=\"summary_large_image\" \/>\n<meta name=\"twitter:label1\" content=\"Gesch\u00e4tzte Lesezeit\" \/>\n\t<meta name=\"twitter:data1\" content=\"2\u00a0Minuten\" \/>\n<script type=\"application\/ld+json\" class=\"yoast-schema-graph\">{\"@context\":\"https:\\\/\\\/schema.org\",\"@graph\":[{\"@type\":\"WebPage\",\"@id\":\"https:\\\/\\\/premiumline-cabling.com\\\/de\\\/product\\\/cat-6a-180-kj-geschirmt\\\/\",\"url\":\"https:\\\/\\\/premiumline-cabling.com\\\/de\\\/product\\\/cat-6a-180-kj-geschirmt\\\/\",\"name\":\"Premium-Line Keystone Jack, Druckguss, geschirmt Category 6A\",\"isPartOf\":{\"@id\":\"https:\\\/\\\/premiumline-cabling.com\\\/#website\"},\"primaryImageOfPage\":{\"@id\":\"https:\\\/\\\/premiumline-cabling.com\\\/de\\\/product\\\/cat-6a-180-kj-geschirmt\\\/#primaryimage\"},\"image\":{\"@id\":\"https:\\\/\\\/premiumline-cabling.com\\\/de\\\/product\\\/cat-6a-180-kj-geschirmt\\\/#primaryimage\"},\"thumbnailUrl\":\"https:\\\/\\\/premiumline-cabling.com\\\/wp-content\\\/uploads\\\/2022\\\/03\\\/KJ-6a_s_col_s-e1648478862660.jpg\",\"datePublished\":\"2022-03-28T14:37:56+00:00\",\"dateModified\":\"2022-03-30T13:42:41+00:00\",\"description\":\"Konform zu TIA\\\/EIA-568C.2, ISO\\\/IEC 11801, ISO\\\/IEC 60603-7-51 und EN 50173-1 Class EA SpezifikationenDruckguss-Design f\u00fcr optimalen EMI-Schutz\",\"breadcrumb\":{\"@id\":\"https:\\\/\\\/premiumline-cabling.com\\\/de\\\/product\\\/cat-6a-180-kj-geschirmt\\\/#breadcrumb\"},\"inLanguage\":\"de\",\"potentialAction\":[{\"@type\":\"ReadAction\",\"target\":[\"https:\\\/\\\/premiumline-cabling.com\\\/de\\\/product\\\/cat-6a-180-kj-geschirmt\\\/\"]}]},{\"@type\":\"ImageObject\",\"inLanguage\":\"de\",\"@id\":\"https:\\\/\\\/premiumline-cabling.com\\\/de\\\/product\\\/cat-6a-180-kj-geschirmt\\\/#primaryimage\",\"url\":\"https:\\\/\\\/premiumline-cabling.com\\\/wp-content\\\/uploads\\\/2022\\\/03\\\/KJ-6a_s_col_s-e1648478862660.jpg\",\"contentUrl\":\"https:\\\/\\\/premiumline-cabling.com\\\/wp-content\\\/uploads\\\/2022\\\/03\\\/KJ-6a_s_col_s-e1648478862660.jpg\",\"width\":570,\"height\":526},{\"@type\":\"BreadcrumbList\",\"@id\":\"https:\\\/\\\/premiumline-cabling.com\\\/de\\\/product\\\/cat-6a-180-kj-geschirmt\\\/#breadcrumb\",\"itemListElement\":[{\"@type\":\"ListItem\",\"position\":1,\"name\":\"\u0413\u043b\u0430\u0432\u043d\u0430\u044f \u0441\u0442\u0440\u0430\u043d\u0438\u0446\u0430\",\"item\":\"https:\\\/\\\/premiumline-cabling.com\\\/de\\\/\"},{\"@type\":\"ListItem\",\"position\":2,\"name\":\"Cat. 6A KJ mit Farbcodierung\"}]},{\"@type\":\"WebSite\",\"@id\":\"https:\\\/\\\/premiumline-cabling.com\\\/#website\",\"url\":\"https:\\\/\\\/premiumline-cabling.com\\\/\",\"name\":\"Premium-Line\",\"description\":\"Structured Cabling System\",\"publisher\":{\"@id\":\"https:\\\/\\\/premiumline-cabling.com\\\/#organization\"},\"potentialAction\":[{\"@type\":\"SearchAction\",\"target\":{\"@type\":\"EntryPoint\",\"urlTemplate\":\"https:\\\/\\\/premiumline-cabling.com\\\/?s={search_term_string}\"},\"query-input\":{\"@type\":\"PropertyValueSpecification\",\"valueRequired\":true,\"valueName\":\"search_term_string\"}}],\"inLanguage\":\"de\"},{\"@type\":\"Organization\",\"@id\":\"https:\\\/\\\/premiumline-cabling.com\\\/#organization\",\"name\":\"Premium-Line\",\"url\":\"https:\\\/\\\/premiumline-cabling.com\\\/\",\"logo\":{\"@type\":\"ImageObject\",\"inLanguage\":\"de\",\"@id\":\"https:\\\/\\\/premiumline-cabling.com\\\/#\\\/schema\\\/logo\\\/image\\\/\",\"url\":\"https:\\\/\\\/premiumline-cabling.com\\\/wp-content\\\/uploads\\\/2019\\\/04\\\/cropped-img_logo_site_Premium-Line.png\",\"contentUrl\":\"https:\\\/\\\/premiumline-cabling.com\\\/wp-content\\\/uploads\\\/2019\\\/04\\\/cropped-img_logo_site_Premium-Line.png\",\"width\":190,\"height\":62,\"caption\":\"Premium-Line\"},\"image\":{\"@id\":\"https:\\\/\\\/premiumline-cabling.com\\\/#\\\/schema\\\/logo\\\/image\\\/\"}}]}<\/script>\n<!-- \/ Yoast SEO plugin. -->","yoast_head_json":{"title":"Premium-Line Keystone Jack, Druckguss, geschirmt Category 6A","description":"Konform zu TIA\/EIA-568C.2, ISO\/IEC 11801, ISO\/IEC 60603-7-51 und EN 50173-1 Class EA SpezifikationenDruckguss-Design f\u00fcr optimalen EMI-Schutz","robots":{"index":"index","follow":"follow","max-snippet":"max-snippet:-1","max-image-preview":"max-image-preview:large","max-video-preview":"max-video-preview:-1"},"canonical":"https:\/\/premiumline-cabling.com\/de\/product\/cat-6a-180-kj-geschirmt\/","og_locale":"de_DE","og_type":"article","og_title":"Premium-Line Keystone Jack, Druckguss, geschirmt Category 6A","og_description":"Konform zu TIA\/EIA-568C.2, ISO\/IEC 11801, ISO\/IEC 60603-7-51 und EN 50173-1 Class EA SpezifikationenDruckguss-Design f\u00fcr optimalen EMI-Schutz","og_url":"https:\/\/premiumline-cabling.com\/de\/product\/cat-6a-180-kj-geschirmt\/","og_site_name":"Premium-Line","article_modified_time":"2022-03-30T13:42:41+00:00","og_image":[{"width":1200,"height":627,"url":"https:\/\/premiumline-cabling.com\/wp-content\/uploads\/2022\/03\/img_PL_Cat.6A-180-Shielded-Die-casting-Keystone-Jack-with-color-coding_FB-1.jpg","type":"image\/jpeg"}],"twitter_card":"summary_large_image","twitter_misc":{"Gesch\u00e4tzte Lesezeit":"2\u00a0Minuten"},"schema":{"@context":"https:\/\/schema.org","@graph":[{"@type":"WebPage","@id":"https:\/\/premiumline-cabling.com\/de\/product\/cat-6a-180-kj-geschirmt\/","url":"https:\/\/premiumline-cabling.com\/de\/product\/cat-6a-180-kj-geschirmt\/","name":"Premium-Line Keystone Jack, Druckguss, geschirmt Category 6A","isPartOf":{"@id":"https:\/\/premiumline-cabling.com\/#website"},"primaryImageOfPage":{"@id":"https:\/\/premiumline-cabling.com\/de\/product\/cat-6a-180-kj-geschirmt\/#primaryimage"},"image":{"@id":"https:\/\/premiumline-cabling.com\/de\/product\/cat-6a-180-kj-geschirmt\/#primaryimage"},"thumbnailUrl":"https:\/\/premiumline-cabling.com\/wp-content\/uploads\/2022\/03\/KJ-6a_s_col_s-e1648478862660.jpg","datePublished":"2022-03-28T14:37:56+00:00","dateModified":"2022-03-30T13:42:41+00:00","description":"Konform zu TIA\/EIA-568C.2, ISO\/IEC 11801, ISO\/IEC 60603-7-51 und EN 50173-1 Class EA SpezifikationenDruckguss-Design f\u00fcr optimalen EMI-Schutz","breadcrumb":{"@id":"https:\/\/premiumline-cabling.com\/de\/product\/cat-6a-180-kj-geschirmt\/#breadcrumb"},"inLanguage":"de","potentialAction":[{"@type":"ReadAction","target":["https:\/\/premiumline-cabling.com\/de\/product\/cat-6a-180-kj-geschirmt\/"]}]},{"@type":"ImageObject","inLanguage":"de","@id":"https:\/\/premiumline-cabling.com\/de\/product\/cat-6a-180-kj-geschirmt\/#primaryimage","url":"https:\/\/premiumline-cabling.com\/wp-content\/uploads\/2022\/03\/KJ-6a_s_col_s-e1648478862660.jpg","contentUrl":"https:\/\/premiumline-cabling.com\/wp-content\/uploads\/2022\/03\/KJ-6a_s_col_s-e1648478862660.jpg","width":570,"height":526},{"@type":"BreadcrumbList","@id":"https:\/\/premiumline-cabling.com\/de\/product\/cat-6a-180-kj-geschirmt\/#breadcrumb","itemListElement":[{"@type":"ListItem","position":1,"name":"\u0413\u043b\u0430\u0432\u043d\u0430\u044f \u0441\u0442\u0440\u0430\u043d\u0438\u0446\u0430","item":"https:\/\/premiumline-cabling.com\/de\/"},{"@type":"ListItem","position":2,"name":"Cat. 6A KJ mit Farbcodierung"}]},{"@type":"WebSite","@id":"https:\/\/premiumline-cabling.com\/#website","url":"https:\/\/premiumline-cabling.com\/","name":"Premium-Line","description":"Structured Cabling System","publisher":{"@id":"https:\/\/premiumline-cabling.com\/#organization"},"potentialAction":[{"@type":"SearchAction","target":{"@type":"EntryPoint","urlTemplate":"https:\/\/premiumline-cabling.com\/?s={search_term_string}"},"query-input":{"@type":"PropertyValueSpecification","valueRequired":true,"valueName":"search_term_string"}}],"inLanguage":"de"},{"@type":"Organization","@id":"https:\/\/premiumline-cabling.com\/#organization","name":"Premium-Line","url":"https:\/\/premiumline-cabling.com\/","logo":{"@type":"ImageObject","inLanguage":"de","@id":"https:\/\/premiumline-cabling.com\/#\/schema\/logo\/image\/","url":"https:\/\/premiumline-cabling.com\/wp-content\/uploads\/2019\/04\/cropped-img_logo_site_Premium-Line.png","contentUrl":"https:\/\/premiumline-cabling.com\/wp-content\/uploads\/2019\/04\/cropped-img_logo_site_Premium-Line.png","width":190,"height":62,"caption":"Premium-Line"},"image":{"@id":"https:\/\/premiumline-cabling.com\/#\/schema\/logo\/image\/"}}]}},"_links":{"self":[{"href":"https:\/\/premiumline-cabling.com\/de\/wp-json\/wp\/v2\/product\/13894","targetHints":{"allow":["GET"]}}],"collection":[{"href":"https:\/\/premiumline-cabling.com\/de\/wp-json\/wp\/v2\/product"}],"about":[{"href":"https:\/\/premiumline-cabling.com\/de\/wp-json\/wp\/v2\/types\/product"}],"wp:featuredmedia":[{"embeddable":true,"href":"https:\/\/premiumline-cabling.com\/de\/wp-json\/wp\/v2\/media\/13903"}],"wp:attachment":[{"href":"https:\/\/premiumline-cabling.com\/de\/wp-json\/wp\/v2\/media?parent=13894"}],"wp:term":[{"taxonomy":"product_category","embeddable":true,"href":"https:\/\/premiumline-cabling.com\/de\/wp-json\/wp\/v2\/product_category?post=13894"}],"curies":[{"name":"wp","href":"https:\/\/api.w.org\/{rel}","templated":true}]}}