{"id":2779,"date":"2019-04-01T14:20:40","date_gmt":"2019-04-01T13:20:40","guid":{"rendered":"https:\/\/www.premiumline-cabling.com\/?page_id=2779"},"modified":"2019-11-01T12:13:57","modified_gmt":"2019-11-01T09:13:57","slug":"abonnieren","status":"publish","type":"page","link":"https:\/\/premiumline-cabling.com\/de\/abonnieren\/","title":{"rendered":"Newsletter Abonnieren"},"content":{"rendered":"\n<div class=\"wpcf7 no-js\" id=\"wpcf7-f1460-o1\" lang=\"ru-RU\" dir=\"ltr\" data-wpcf7-id=\"1460\">\n<div class=\"screen-reader-response\"><p role=\"status\" aria-live=\"polite\" aria-atomic=\"true\"><\/p> <ul><\/ul><\/div>\n<form action=\"\/de\/wp-json\/wp\/v2\/pages\/2779#wpcf7-f1460-o1\" method=\"post\" class=\"wpcf7-form init\" aria-label=\"\u041a\u043e\u043d\u0442\u0430\u043a\u0442\u043d\u0430\u044f \u0444\u043e\u0440\u043c\u0430\" novalidate=\"novalidate\" data-status=\"init\">\n<fieldset class=\"hidden-fields-container\"><input type=\"hidden\" name=\"_wpcf7\" value=\"1460\" \/><input type=\"hidden\" name=\"_wpcf7_version\" value=\"6.1.5\" \/><input type=\"hidden\" name=\"_wpcf7_locale\" value=\"ru_RU\" \/><input type=\"hidden\" name=\"_wpcf7_unit_tag\" value=\"wpcf7-f1460-o1\" \/><input type=\"hidden\" name=\"_wpcf7_container_post\" value=\"0\" \/><input type=\"hidden\" name=\"_wpcf7_posted_data_hash\" value=\"\" \/><input type=\"hidden\" name=\"_wpcf7_recaptcha_response\" value=\"\" \/>\n<\/fieldset>\n<p class=\"big\">Newsletter Abonnieren\n<\/p>\n<p class=\"red\">Falls Sie regelm\u00e4\u00dfig \u00fcber unsere Neuigkeiten informiert werden m\u00f6chten, tragen Sie bitte hier Ihre Email-Adresse ein.\n<\/p>\n<div class=\"wrap-input\">\n\t<p><span class=\"wpcf7-form-control-wrap\" data-name=\"your-email\"><input size=\"40\" maxlength=\"400\" class=\"wpcf7-form-control wpcf7-email wpcf7-validates-as-required wpcf7-text wpcf7-validates-as-email form-control\" id=\"email\" aria-required=\"true\" aria-invalid=\"false\" value=\"\" type=\"email\" name=\"your-email\" \/><\/span><input class=\"wpcf7-form-control wpcf7-submit has-spinner submit\" type=\"submit\" value=\"Senden\" \/>\n\t<\/p>\n<\/div>\n<p class=\"small\">\n<\/p>\n<p class=\"small\">Ihre Daten werden nicht an Dritte weitergegeben (Datenschutzerkl\u00e4rung). Der Versand unserer Newsletter findet in regelm\u00e4\u00dfigen Abst\u00e4nden statt, jedoch in keiner erh\u00f6hten Anzahl. Sie k\u00f6nnen die Zustimmung jederzeit widerrufen.\n<\/p><div class=\"wpcf7-response-output\" aria-hidden=\"true\"><\/div>\n<\/form>\n<\/div>\n\n","protected":false},"excerpt":{"rendered":"","protected":false},"author":1,"featured_media":3665,"parent":0,"menu_order":0,"comment_status":"closed","ping_status":"closed","template":"","meta":{"footnotes":""},"class_list":["post-2779","page","type-page","status-publish","has-post-thumbnail","hentry"],"yoast_head":"<!-- This site is optimized with the Yoast SEO plugin v27.4 - https:\/\/yoast.com\/product\/yoast-seo-wordpress\/ -->\n<title>Newsletter Abonnieren - Premium-Line<\/title>\n<meta name=\"robots\" content=\"index, follow, max-snippet:-1, max-image-preview:large, max-video-preview:-1\" \/>\n<link rel=\"canonical\" href=\"https:\/\/premiumline-cabling.com\/de\/abonnieren\/\" \/>\n<meta property=\"og:locale\" content=\"de_DE\" \/>\n<meta property=\"og:type\" content=\"article\" \/>\n<meta property=\"og:title\" content=\"Newsletter Abonnieren - Premium-Line\" \/>\n<meta property=\"og:url\" content=\"https:\/\/premiumline-cabling.com\/de\/abonnieren\/\" \/>\n<meta property=\"og:site_name\" content=\"Premium-Line\" \/>\n<meta property=\"article:modified_time\" content=\"2019-11-01T09:13:57+00:00\" \/>\n<meta property=\"og:image\" content=\"https:\/\/premiumline-cabling.com\/wp-content\/uploads\/2019\/11\/newsletter_de.jpg\" \/>\n\t<meta property=\"og:image:width\" content=\"397\" \/>\n\t<meta property=\"og:image:height\" content=\"265\" \/>\n\t<meta property=\"og:image:type\" content=\"image\/jpeg\" \/>\n<meta name=\"twitter:card\" content=\"summary_large_image\" \/>\n<script type=\"application\/ld+json\" class=\"yoast-schema-graph\">{\"@context\":\"https:\\\/\\\/schema.org\",\"@graph\":[{\"@type\":\"WebPage\",\"@id\":\"https:\\\/\\\/premiumline-cabling.com\\\/de\\\/abonnieren\\\/\",\"url\":\"https:\\\/\\\/premiumline-cabling.com\\\/de\\\/abonnieren\\\/\",\"name\":\"Newsletter Abonnieren - Premium-Line\",\"isPartOf\":{\"@id\":\"https:\\\/\\\/premiumline-cabling.com\\\/#website\"},\"primaryImageOfPage\":{\"@id\":\"https:\\\/\\\/premiumline-cabling.com\\\/de\\\/abonnieren\\\/#primaryimage\"},\"image\":{\"@id\":\"https:\\\/\\\/premiumline-cabling.com\\\/de\\\/abonnieren\\\/#primaryimage\"},\"thumbnailUrl\":\"https:\\\/\\\/premiumline-cabling.com\\\/wp-content\\\/uploads\\\/2019\\\/11\\\/newsletter_de.jpg\",\"datePublished\":\"2019-04-01T13:20:40+00:00\",\"dateModified\":\"2019-11-01T09:13:57+00:00\",\"breadcrumb\":{\"@id\":\"https:\\\/\\\/premiumline-cabling.com\\\/de\\\/abonnieren\\\/#breadcrumb\"},\"inLanguage\":\"de\",\"potentialAction\":[{\"@type\":\"ReadAction\",\"target\":[\"https:\\\/\\\/premiumline-cabling.com\\\/de\\\/abonnieren\\\/\"]}]},{\"@type\":\"ImageObject\",\"inLanguage\":\"de\",\"@id\":\"https:\\\/\\\/premiumline-cabling.com\\\/de\\\/abonnieren\\\/#primaryimage\",\"url\":\"https:\\\/\\\/premiumline-cabling.com\\\/wp-content\\\/uploads\\\/2019\\\/11\\\/newsletter_de.jpg\",\"contentUrl\":\"https:\\\/\\\/premiumline-cabling.com\\\/wp-content\\\/uploads\\\/2019\\\/11\\\/newsletter_de.jpg\",\"width\":397,\"height\":265},{\"@type\":\"BreadcrumbList\",\"@id\":\"https:\\\/\\\/premiumline-cabling.com\\\/de\\\/abonnieren\\\/#breadcrumb\",\"itemListElement\":[{\"@type\":\"ListItem\",\"position\":1,\"name\":\"\u0413\u043b\u0430\u0432\u043d\u0430\u044f \u0441\u0442\u0440\u0430\u043d\u0438\u0446\u0430\",\"item\":\"https:\\\/\\\/premiumline-cabling.com\\\/de\\\/\"},{\"@type\":\"ListItem\",\"position\":2,\"name\":\"Newsletter Abonnieren\"}]},{\"@type\":\"WebSite\",\"@id\":\"https:\\\/\\\/premiumline-cabling.com\\\/#website\",\"url\":\"https:\\\/\\\/premiumline-cabling.com\\\/\",\"name\":\"Premium-Line\",\"description\":\"Structured Cabling System\",\"publisher\":{\"@id\":\"https:\\\/\\\/premiumline-cabling.com\\\/#organization\"},\"potentialAction\":[{\"@type\":\"SearchAction\",\"target\":{\"@type\":\"EntryPoint\",\"urlTemplate\":\"https:\\\/\\\/premiumline-cabling.com\\\/?s={search_term_string}\"},\"query-input\":{\"@type\":\"PropertyValueSpecification\",\"valueRequired\":true,\"valueName\":\"search_term_string\"}}],\"inLanguage\":\"de\"},{\"@type\":\"Organization\",\"@id\":\"https:\\\/\\\/premiumline-cabling.com\\\/#organization\",\"name\":\"Premium-Line\",\"url\":\"https:\\\/\\\/premiumline-cabling.com\\\/\",\"logo\":{\"@type\":\"ImageObject\",\"inLanguage\":\"de\",\"@id\":\"https:\\\/\\\/premiumline-cabling.com\\\/#\\\/schema\\\/logo\\\/image\\\/\",\"url\":\"https:\\\/\\\/premiumline-cabling.com\\\/wp-content\\\/uploads\\\/2019\\\/04\\\/cropped-img_logo_site_Premium-Line.png\",\"contentUrl\":\"https:\\\/\\\/premiumline-cabling.com\\\/wp-content\\\/uploads\\\/2019\\\/04\\\/cropped-img_logo_site_Premium-Line.png\",\"width\":190,\"height\":62,\"caption\":\"Premium-Line\"},\"image\":{\"@id\":\"https:\\\/\\\/premiumline-cabling.com\\\/#\\\/schema\\\/logo\\\/image\\\/\"}}]}<\/script>\n<!-- \/ Yoast SEO plugin. -->","yoast_head_json":{"title":"Newsletter Abonnieren - Premium-Line","robots":{"index":"index","follow":"follow","max-snippet":"max-snippet:-1","max-image-preview":"max-image-preview:large","max-video-preview":"max-video-preview:-1"},"canonical":"https:\/\/premiumline-cabling.com\/de\/abonnieren\/","og_locale":"de_DE","og_type":"article","og_title":"Newsletter Abonnieren - Premium-Line","og_url":"https:\/\/premiumline-cabling.com\/de\/abonnieren\/","og_site_name":"Premium-Line","article_modified_time":"2019-11-01T09:13:57+00:00","og_image":[{"width":397,"height":265,"url":"https:\/\/premiumline-cabling.com\/wp-content\/uploads\/2019\/11\/newsletter_de.jpg","type":"image\/jpeg"}],"twitter_card":"summary_large_image","schema":{"@context":"https:\/\/schema.org","@graph":[{"@type":"WebPage","@id":"https:\/\/premiumline-cabling.com\/de\/abonnieren\/","url":"https:\/\/premiumline-cabling.com\/de\/abonnieren\/","name":"Newsletter Abonnieren - Premium-Line","isPartOf":{"@id":"https:\/\/premiumline-cabling.com\/#website"},"primaryImageOfPage":{"@id":"https:\/\/premiumline-cabling.com\/de\/abonnieren\/#primaryimage"},"image":{"@id":"https:\/\/premiumline-cabling.com\/de\/abonnieren\/#primaryimage"},"thumbnailUrl":"https:\/\/premiumline-cabling.com\/wp-content\/uploads\/2019\/11\/newsletter_de.jpg","datePublished":"2019-04-01T13:20:40+00:00","dateModified":"2019-11-01T09:13:57+00:00","breadcrumb":{"@id":"https:\/\/premiumline-cabling.com\/de\/abonnieren\/#breadcrumb"},"inLanguage":"de","potentialAction":[{"@type":"ReadAction","target":["https:\/\/premiumline-cabling.com\/de\/abonnieren\/"]}]},{"@type":"ImageObject","inLanguage":"de","@id":"https:\/\/premiumline-cabling.com\/de\/abonnieren\/#primaryimage","url":"https:\/\/premiumline-cabling.com\/wp-content\/uploads\/2019\/11\/newsletter_de.jpg","contentUrl":"https:\/\/premiumline-cabling.com\/wp-content\/uploads\/2019\/11\/newsletter_de.jpg","width":397,"height":265},{"@type":"BreadcrumbList","@id":"https:\/\/premiumline-cabling.com\/de\/abonnieren\/#breadcrumb","itemListElement":[{"@type":"ListItem","position":1,"name":"\u0413\u043b\u0430\u0432\u043d\u0430\u044f \u0441\u0442\u0440\u0430\u043d\u0438\u0446\u0430","item":"https:\/\/premiumline-cabling.com\/de\/"},{"@type":"ListItem","position":2,"name":"Newsletter Abonnieren"}]},{"@type":"WebSite","@id":"https:\/\/premiumline-cabling.com\/#website","url":"https:\/\/premiumline-cabling.com\/","name":"Premium-Line","description":"Structured Cabling System","publisher":{"@id":"https:\/\/premiumline-cabling.com\/#organization"},"potentialAction":[{"@type":"SearchAction","target":{"@type":"EntryPoint","urlTemplate":"https:\/\/premiumline-cabling.com\/?s={search_term_string}"},"query-input":{"@type":"PropertyValueSpecification","valueRequired":true,"valueName":"search_term_string"}}],"inLanguage":"de"},{"@type":"Organization","@id":"https:\/\/premiumline-cabling.com\/#organization","name":"Premium-Line","url":"https:\/\/premiumline-cabling.com\/","logo":{"@type":"ImageObject","inLanguage":"de","@id":"https:\/\/premiumline-cabling.com\/#\/schema\/logo\/image\/","url":"https:\/\/premiumline-cabling.com\/wp-content\/uploads\/2019\/04\/cropped-img_logo_site_Premium-Line.png","contentUrl":"https:\/\/premiumline-cabling.com\/wp-content\/uploads\/2019\/04\/cropped-img_logo_site_Premium-Line.png","width":190,"height":62,"caption":"Premium-Line"},"image":{"@id":"https:\/\/premiumline-cabling.com\/#\/schema\/logo\/image\/"}}]}},"_links":{"self":[{"href":"https:\/\/premiumline-cabling.com\/de\/wp-json\/wp\/v2\/pages\/2779","targetHints":{"allow":["GET"]}}],"collection":[{"href":"https:\/\/premiumline-cabling.com\/de\/wp-json\/wp\/v2\/pages"}],"about":[{"href":"https:\/\/premiumline-cabling.com\/de\/wp-json\/wp\/v2\/types\/page"}],"author":[{"embeddable":true,"href":"https:\/\/premiumline-cabling.com\/de\/wp-json\/wp\/v2\/users\/1"}],"replies":[{"embeddable":true,"href":"https:\/\/premiumline-cabling.com\/de\/wp-json\/wp\/v2\/comments?post=2779"}],"version-history":[{"count":2,"href":"https:\/\/premiumline-cabling.com\/de\/wp-json\/wp\/v2\/pages\/2779\/revisions"}],"predecessor-version":[{"id":2785,"href":"https:\/\/premiumline-cabling.com\/de\/wp-json\/wp\/v2\/pages\/2779\/revisions\/2785"}],"wp:featuredmedia":[{"embeddable":true,"href":"https:\/\/premiumline-cabling.com\/de\/wp-json\/wp\/v2\/media\/3665"}],"wp:attachment":[{"href":"https:\/\/premiumline-cabling.com\/de\/wp-json\/wp\/v2\/media?parent=2779"}],"curies":[{"name":"wp","href":"https:\/\/api.w.org\/{rel}","templated":true}]}}