{"id":1502,"date":"2018-12-29T05:00:59","date_gmt":"2018-12-29T02:00:59","guid":{"rendered":"https:\/\/www.premiumline-cabling.com\/company\/"},"modified":"2023-07-03T18:43:09","modified_gmt":"2023-07-03T17:43:09","slug":"company","status":"publish","type":"page","link":"https:\/\/premiumline-cabling.com\/de\/company\/","title":{"rendered":"Unternehmen"},"content":{"rendered":"<p>Die Premium-Line Systems GmbH ist Teil einer internationalen Unternehmensgruppe mit mehr als 20 Jahren Erfahrung im Bereich der Datennetzwerktechnik.<\/p>\n<p>Das Premium-Line-System umfasst als Systeml\u00f6sung das gesamte Produktportfolio der Netzwerkinfrastruktur im Kupfer- und Glasfaserbereich.<\/p>\n<p>Dank der Innovationskraft unserer Entwickler erweitern wir unser Sortiment kontinuierlich mit Produktneuheiten und gew\u00e4hren dabei immer den h\u00f6chstm\u00f6glichen Standard.<\/p>\n<p>Unsere erfahrenen Spezialisten betreuen unsere Partner weltweit bei allen spezifischen Anfragen und unterst\u00fctzen diese in jeder Projektphase mit fundierten Kenntnissen und individuellen L\u00f6sungen.<\/p>\n<p>Weltweite Vertriebspartner, regelm\u00e4\u00dfige Fortbildungsma\u00dfnahmen f\u00fcr unsere Kunden, Messebeteiligungen sowie 25-Jahres-Garantien f\u00fcr Systeml\u00f6sungen gew\u00e4hrleisten einen \u201cRund-um-Service\u201d f\u00fcr unsere Kunden.<\/p>\n","protected":false},"excerpt":{"rendered":"<p>Die Premium-Line Systems GmbH ist Teil einer internationalen Unternehmensgruppe mit mehr als 20 Jahren Erfahrung im Bereich der Datennetzwerktechnik. Das Premium-Line-System umfasst als Systeml\u00f6sung das gesamte Produktportfolio der Netzwerkinfrastruktur im&#8230;<\/p>\n","protected":false},"author":1,"featured_media":0,"parent":0,"menu_order":0,"comment_status":"closed","ping_status":"closed","template":"","meta":{"footnotes":""},"class_list":["post-1502","page","type-page","status-publish","hentry"],"yoast_head":"<!-- This site is optimized with the Yoast SEO plugin v27.3 - https:\/\/yoast.com\/product\/yoast-seo-wordpress\/ -->\n<title>Unternehmen - Premium-Line<\/title>\n<meta name=\"robots\" content=\"index, follow, max-snippet:-1, max-image-preview:large, max-video-preview:-1\" \/>\n<link rel=\"canonical\" href=\"https:\/\/premiumline-cabling.com\/de\/company\/\" \/>\n<meta property=\"og:locale\" content=\"de_DE\" \/>\n<meta property=\"og:type\" content=\"article\" \/>\n<meta property=\"og:title\" content=\"Unternehmen - Premium-Line\" \/>\n<meta property=\"og:description\" content=\"Die Premium-Line Systems GmbH ist Teil einer internationalen Unternehmensgruppe mit mehr als 20 Jahren Erfahrung im Bereich der Datennetzwerktechnik. Das Premium-Line-System umfasst als Systeml\u00f6sung das gesamte Produktportfolio der Netzwerkinfrastruktur im...\" \/>\n<meta property=\"og:url\" content=\"https:\/\/premiumline-cabling.com\/de\/company\/\" \/>\n<meta property=\"og:site_name\" content=\"Premium-Line\" \/>\n<meta property=\"article:modified_time\" content=\"2023-07-03T17:43:09+00:00\" \/>\n<meta name=\"twitter:card\" content=\"summary_large_image\" \/>\n<meta name=\"twitter:label1\" content=\"Gesch\u00e4tzte Lesezeit\" \/>\n\t<meta name=\"twitter:data1\" content=\"1\u00a0Minute\" \/>\n<script type=\"application\/ld+json\" class=\"yoast-schema-graph\">{\"@context\":\"https:\\\/\\\/schema.org\",\"@graph\":[{\"@type\":\"WebPage\",\"@id\":\"https:\\\/\\\/premiumline-cabling.com\\\/de\\\/company\\\/\",\"url\":\"https:\\\/\\\/premiumline-cabling.com\\\/de\\\/company\\\/\",\"name\":\"Unternehmen - Premium-Line\",\"isPartOf\":{\"@id\":\"https:\\\/\\\/premiumline-cabling.com\\\/#website\"},\"datePublished\":\"2018-12-29T02:00:59+00:00\",\"dateModified\":\"2023-07-03T17:43:09+00:00\",\"breadcrumb\":{\"@id\":\"https:\\\/\\\/premiumline-cabling.com\\\/de\\\/company\\\/#breadcrumb\"},\"inLanguage\":\"de\",\"potentialAction\":[{\"@type\":\"ReadAction\",\"target\":[\"https:\\\/\\\/premiumline-cabling.com\\\/de\\\/company\\\/\"]}]},{\"@type\":\"BreadcrumbList\",\"@id\":\"https:\\\/\\\/premiumline-cabling.com\\\/de\\\/company\\\/#breadcrumb\",\"itemListElement\":[{\"@type\":\"ListItem\",\"position\":1,\"name\":\"\u0413\u043b\u0430\u0432\u043d\u0430\u044f \u0441\u0442\u0440\u0430\u043d\u0438\u0446\u0430\",\"item\":\"https:\\\/\\\/premiumline-cabling.com\\\/de\\\/\"},{\"@type\":\"ListItem\",\"position\":2,\"name\":\"Unternehmen\"}]},{\"@type\":\"WebSite\",\"@id\":\"https:\\\/\\\/premiumline-cabling.com\\\/#website\",\"url\":\"https:\\\/\\\/premiumline-cabling.com\\\/\",\"name\":\"Premium-Line\",\"description\":\"Structured Cabling System\",\"publisher\":{\"@id\":\"https:\\\/\\\/premiumline-cabling.com\\\/#organization\"},\"potentialAction\":[{\"@type\":\"SearchAction\",\"target\":{\"@type\":\"EntryPoint\",\"urlTemplate\":\"https:\\\/\\\/premiumline-cabling.com\\\/?s={search_term_string}\"},\"query-input\":{\"@type\":\"PropertyValueSpecification\",\"valueRequired\":true,\"valueName\":\"search_term_string\"}}],\"inLanguage\":\"de\"},{\"@type\":\"Organization\",\"@id\":\"https:\\\/\\\/premiumline-cabling.com\\\/#organization\",\"name\":\"Premium-Line\",\"url\":\"https:\\\/\\\/premiumline-cabling.com\\\/\",\"logo\":{\"@type\":\"ImageObject\",\"inLanguage\":\"de\",\"@id\":\"https:\\\/\\\/premiumline-cabling.com\\\/#\\\/schema\\\/logo\\\/image\\\/\",\"url\":\"https:\\\/\\\/premiumline-cabling.com\\\/wp-content\\\/uploads\\\/2019\\\/04\\\/cropped-img_logo_site_Premium-Line.png\",\"contentUrl\":\"https:\\\/\\\/premiumline-cabling.com\\\/wp-content\\\/uploads\\\/2019\\\/04\\\/cropped-img_logo_site_Premium-Line.png\",\"width\":190,\"height\":62,\"caption\":\"Premium-Line\"},\"image\":{\"@id\":\"https:\\\/\\\/premiumline-cabling.com\\\/#\\\/schema\\\/logo\\\/image\\\/\"}}]}<\/script>\n<!-- \/ Yoast SEO plugin. -->","yoast_head_json":{"title":"Unternehmen - Premium-Line","robots":{"index":"index","follow":"follow","max-snippet":"max-snippet:-1","max-image-preview":"max-image-preview:large","max-video-preview":"max-video-preview:-1"},"canonical":"https:\/\/premiumline-cabling.com\/de\/company\/","og_locale":"de_DE","og_type":"article","og_title":"Unternehmen - Premium-Line","og_description":"Die Premium-Line Systems GmbH ist Teil einer internationalen Unternehmensgruppe mit mehr als 20 Jahren Erfahrung im Bereich der Datennetzwerktechnik. Das Premium-Line-System umfasst als Systeml\u00f6sung das gesamte Produktportfolio der Netzwerkinfrastruktur im...","og_url":"https:\/\/premiumline-cabling.com\/de\/company\/","og_site_name":"Premium-Line","article_modified_time":"2023-07-03T17:43:09+00:00","twitter_card":"summary_large_image","twitter_misc":{"Gesch\u00e4tzte Lesezeit":"1\u00a0Minute"},"schema":{"@context":"https:\/\/schema.org","@graph":[{"@type":"WebPage","@id":"https:\/\/premiumline-cabling.com\/de\/company\/","url":"https:\/\/premiumline-cabling.com\/de\/company\/","name":"Unternehmen - Premium-Line","isPartOf":{"@id":"https:\/\/premiumline-cabling.com\/#website"},"datePublished":"2018-12-29T02:00:59+00:00","dateModified":"2023-07-03T17:43:09+00:00","breadcrumb":{"@id":"https:\/\/premiumline-cabling.com\/de\/company\/#breadcrumb"},"inLanguage":"de","potentialAction":[{"@type":"ReadAction","target":["https:\/\/premiumline-cabling.com\/de\/company\/"]}]},{"@type":"BreadcrumbList","@id":"https:\/\/premiumline-cabling.com\/de\/company\/#breadcrumb","itemListElement":[{"@type":"ListItem","position":1,"name":"\u0413\u043b\u0430\u0432\u043d\u0430\u044f \u0441\u0442\u0440\u0430\u043d\u0438\u0446\u0430","item":"https:\/\/premiumline-cabling.com\/de\/"},{"@type":"ListItem","position":2,"name":"Unternehmen"}]},{"@type":"WebSite","@id":"https:\/\/premiumline-cabling.com\/#website","url":"https:\/\/premiumline-cabling.com\/","name":"Premium-Line","description":"Structured Cabling System","publisher":{"@id":"https:\/\/premiumline-cabling.com\/#organization"},"potentialAction":[{"@type":"SearchAction","target":{"@type":"EntryPoint","urlTemplate":"https:\/\/premiumline-cabling.com\/?s={search_term_string}"},"query-input":{"@type":"PropertyValueSpecification","valueRequired":true,"valueName":"search_term_string"}}],"inLanguage":"de"},{"@type":"Organization","@id":"https:\/\/premiumline-cabling.com\/#organization","name":"Premium-Line","url":"https:\/\/premiumline-cabling.com\/","logo":{"@type":"ImageObject","inLanguage":"de","@id":"https:\/\/premiumline-cabling.com\/#\/schema\/logo\/image\/","url":"https:\/\/premiumline-cabling.com\/wp-content\/uploads\/2019\/04\/cropped-img_logo_site_Premium-Line.png","contentUrl":"https:\/\/premiumline-cabling.com\/wp-content\/uploads\/2019\/04\/cropped-img_logo_site_Premium-Line.png","width":190,"height":62,"caption":"Premium-Line"},"image":{"@id":"https:\/\/premiumline-cabling.com\/#\/schema\/logo\/image\/"}}]}},"_links":{"self":[{"href":"https:\/\/premiumline-cabling.com\/de\/wp-json\/wp\/v2\/pages\/1502","targetHints":{"allow":["GET"]}}],"collection":[{"href":"https:\/\/premiumline-cabling.com\/de\/wp-json\/wp\/v2\/pages"}],"about":[{"href":"https:\/\/premiumline-cabling.com\/de\/wp-json\/wp\/v2\/types\/page"}],"author":[{"embeddable":true,"href":"https:\/\/premiumline-cabling.com\/de\/wp-json\/wp\/v2\/users\/1"}],"replies":[{"embeddable":true,"href":"https:\/\/premiumline-cabling.com\/de\/wp-json\/wp\/v2\/comments?post=1502"}],"version-history":[{"count":4,"href":"https:\/\/premiumline-cabling.com\/de\/wp-json\/wp\/v2\/pages\/1502\/revisions"}],"predecessor-version":[{"id":18600,"href":"https:\/\/premiumline-cabling.com\/de\/wp-json\/wp\/v2\/pages\/1502\/revisions\/18600"}],"wp:attachment":[{"href":"https:\/\/premiumline-cabling.com\/de\/wp-json\/wp\/v2\/media?parent=1502"}],"curies":[{"name":"wp","href":"https:\/\/api.w.org\/{rel}","templated":true}]}}