{"id":1457,"date":"2019-02-25T12:16:23","date_gmt":"2019-02-25T09:16:23","guid":{"rendered":"https:\/\/www.premiumline-cabling.com\/become-a-partner\/"},"modified":"2019-08-01T11:16:04","modified_gmt":"2019-08-01T08:16:04","slug":"become-a-partner","status":"publish","type":"page","link":"https:\/\/premiumline-cabling.com\/de\/become-a-partner\/","title":{"rendered":"Werden Sie unser Partner"},"content":{"rendered":"<p>Als Partner der Premium-Line Systems GmbH haben Sie Zugriff auf unser gesamtes Portfolio und k\u00f6nnen die Vorteile einer zertifizierten Komplettl\u00f6sung gezielt nutzen.<\/p>\n<p>Wir unterst\u00fctzen Sie in allen Projektphasen und unsere 25-Jahres-Garantie bietet Ihnen und Ihrem Kunden die Sicherheit einer langfristigen L\u00f6sung.<\/p>\n<p>&nbsp;<\/p>\n<h2>Haben wir Ihr Interesse geweckt?<\/h2>\n<p>M\u00f6chten Sie Premium-Line Partner werden und von unserer jahrelangen Erfahrung auf dem Gebiet der Netzwerktechnik profitieren?<\/p>\n<p>Dann f\u00fcllen Sie bitte untenstehendes Formular aus. Wir werden uns schnellstm\u00f6glichst bei Ihnen melden.<\/p>\n<div class=\"contacts\">\n<div class=\"wpcf7 no-js\" id=\"wpcf7-f1458-o1\" lang=\"ru-RU\" dir=\"ltr\" data-wpcf7-id=\"1458\">\n<div class=\"screen-reader-response\"><p role=\"status\" aria-live=\"polite\" aria-atomic=\"true\"><\/p> <ul><\/ul><\/div>\n<form action=\"\/de\/wp-json\/wp\/v2\/pages\/1457#wpcf7-f1458-o1\" method=\"post\" class=\"wpcf7-form init\" aria-label=\"\u041a\u043e\u043d\u0442\u0430\u043a\u0442\u043d\u0430\u044f \u0444\u043e\u0440\u043c\u0430\" novalidate=\"novalidate\" data-status=\"init\">\n<fieldset class=\"hidden-fields-container\"><input type=\"hidden\" name=\"_wpcf7\" value=\"1458\" \/><input type=\"hidden\" name=\"_wpcf7_version\" value=\"6.1.5\" \/><input type=\"hidden\" name=\"_wpcf7_locale\" value=\"ru_RU\" \/><input type=\"hidden\" name=\"_wpcf7_unit_tag\" value=\"wpcf7-f1458-o1\" \/><input type=\"hidden\" name=\"_wpcf7_container_post\" value=\"0\" \/><input type=\"hidden\" name=\"_wpcf7_posted_data_hash\" value=\"\" \/><input type=\"hidden\" name=\"_wpcf7_recaptcha_response\" value=\"\" \/>\n<\/fieldset>\n<div class=\"wrap-input\">\n\t<p><label><span class=\"title\">Firma<\/span><span class=\"wpcf7-form-control-wrap\" data-name=\"text-72\"><input size=\"40\" maxlength=\"400\" class=\"wpcf7-form-control wpcf7-text\" aria-invalid=\"false\" value=\"\" type=\"text\" name=\"text-72\" \/><\/span><\/label><br \/>\n<label><span class=\"title\">Telefonnummer<\/span><span class=\"wpcf7-form-control-wrap\" data-name=\"tel-186\"><input size=\"40\" maxlength=\"400\" class=\"wpcf7-form-control wpcf7-tel wpcf7-text wpcf7-validates-as-tel\" aria-invalid=\"false\" value=\"\" type=\"tel\" name=\"tel-186\" \/><\/span><\/label>\n\t<\/p>\n<\/div>\n<div class=\"wrap-input\">\n\t<p><label><span class=\"title\">Vollst\u00e4ndiger Name*<\/span><span class=\"wpcf7-form-control-wrap\" data-name=\"text-73\"><input size=\"40\" maxlength=\"400\" class=\"wpcf7-form-control wpcf7-text wpcf7-validates-as-required\" aria-required=\"true\" aria-invalid=\"false\" value=\"\" type=\"text\" name=\"text-73\" \/><\/span><\/label><br \/>\n<label><span class=\"title\">Stadt<\/span><span class=\"wpcf7-form-control-wrap\" data-name=\"text-74\"><input size=\"40\" maxlength=\"400\" class=\"wpcf7-form-control wpcf7-text\" aria-invalid=\"false\" value=\"\" type=\"text\" name=\"text-74\" \/><\/span><\/label>\n\t<\/p>\n<\/div>\n<div class=\"wrap-input\">\n\t<p><label><span class=\"title\">email-Adresse*<\/span><span class=\"wpcf7-form-control-wrap\" data-name=\"your-email\"><input size=\"40\" maxlength=\"400\" class=\"wpcf7-form-control wpcf7-email wpcf7-validates-as-required wpcf7-text wpcf7-validates-as-email\" aria-required=\"true\" aria-invalid=\"false\" value=\"\" type=\"email\" name=\"your-email\" \/><\/span><\/label><br \/>\n<label><span class=\"title\">Land*<\/span><span class=\"wpcf7-form-control-wrap\" data-name=\"text-75\"><input size=\"40\" maxlength=\"400\" class=\"wpcf7-form-control wpcf7-text wpcf7-validates-as-required\" aria-required=\"true\" aria-invalid=\"false\" value=\"\" type=\"text\" name=\"text-75\" \/><\/span><\/label>\n\t<\/p>\n<\/div>\n<div class=\"wrap-input submit\">\n\t<p><input class=\"wpcf7-form-control wpcf7-submit has-spinner submit\" type=\"submit\" value=\"\u00dcBERMITTELN\" \/>\n\t<\/p>\n<\/div><div class=\"wpcf7-response-output\" aria-hidden=\"true\"><\/div>\n<\/form>\n<\/div>\n<\/div>\n","protected":false},"excerpt":{"rendered":"<p>Als Partner der Premium-Line Systems GmbH haben Sie Zugriff auf unser gesamtes Portfolio und k\u00f6nnen die Vorteile einer zertifizierten Komplettl\u00f6sung gezielt nutzen. Wir unterst\u00fctzen Sie in allen Projektphasen und unsere&#8230;<\/p>\n","protected":false},"author":1,"featured_media":0,"parent":0,"menu_order":0,"comment_status":"closed","ping_status":"closed","template":"","meta":{"footnotes":""},"class_list":["post-1457","page","type-page","status-publish","hentry"],"yoast_head":"<!-- This site is optimized with the Yoast SEO plugin v27.4 - https:\/\/yoast.com\/product\/yoast-seo-wordpress\/ -->\n<title>Werden Sie unser Partner - Premium-Line<\/title>\n<meta name=\"robots\" content=\"index, follow, max-snippet:-1, max-image-preview:large, max-video-preview:-1\" \/>\n<link rel=\"canonical\" href=\"https:\/\/premiumline-cabling.com\/de\/become-a-partner\/\" \/>\n<meta property=\"og:locale\" content=\"de_DE\" \/>\n<meta property=\"og:type\" content=\"article\" \/>\n<meta property=\"og:title\" content=\"Werden Sie unser Partner - Premium-Line\" \/>\n<meta property=\"og:description\" content=\"Als Partner der Premium-Line Systems GmbH haben Sie Zugriff auf unser gesamtes Portfolio und k\u00f6nnen die Vorteile einer zertifizierten Komplettl\u00f6sung gezielt nutzen. Wir unterst\u00fctzen Sie in allen Projektphasen und unsere...\" \/>\n<meta property=\"og:url\" content=\"https:\/\/premiumline-cabling.com\/de\/become-a-partner\/\" \/>\n<meta property=\"og:site_name\" content=\"Premium-Line\" \/>\n<meta property=\"article:modified_time\" content=\"2019-08-01T08:16:04+00:00\" \/>\n<meta name=\"twitter:card\" content=\"summary_large_image\" \/>\n<script type=\"application\/ld+json\" class=\"yoast-schema-graph\">{\"@context\":\"https:\\\/\\\/schema.org\",\"@graph\":[{\"@type\":\"WebPage\",\"@id\":\"https:\\\/\\\/premiumline-cabling.com\\\/de\\\/become-a-partner\\\/\",\"url\":\"https:\\\/\\\/premiumline-cabling.com\\\/de\\\/become-a-partner\\\/\",\"name\":\"Werden Sie unser Partner - Premium-Line\",\"isPartOf\":{\"@id\":\"https:\\\/\\\/premiumline-cabling.com\\\/#website\"},\"datePublished\":\"2019-02-25T09:16:23+00:00\",\"dateModified\":\"2019-08-01T08:16:04+00:00\",\"breadcrumb\":{\"@id\":\"https:\\\/\\\/premiumline-cabling.com\\\/de\\\/become-a-partner\\\/#breadcrumb\"},\"inLanguage\":\"de\",\"potentialAction\":[{\"@type\":\"ReadAction\",\"target\":[\"https:\\\/\\\/premiumline-cabling.com\\\/de\\\/become-a-partner\\\/\"]}]},{\"@type\":\"BreadcrumbList\",\"@id\":\"https:\\\/\\\/premiumline-cabling.com\\\/de\\\/become-a-partner\\\/#breadcrumb\",\"itemListElement\":[{\"@type\":\"ListItem\",\"position\":1,\"name\":\"\u0413\u043b\u0430\u0432\u043d\u0430\u044f \u0441\u0442\u0440\u0430\u043d\u0438\u0446\u0430\",\"item\":\"https:\\\/\\\/premiumline-cabling.com\\\/de\\\/\"},{\"@type\":\"ListItem\",\"position\":2,\"name\":\"Werden Sie unser Partner\"}]},{\"@type\":\"WebSite\",\"@id\":\"https:\\\/\\\/premiumline-cabling.com\\\/#website\",\"url\":\"https:\\\/\\\/premiumline-cabling.com\\\/\",\"name\":\"Premium-Line\",\"description\":\"Structured Cabling System\",\"publisher\":{\"@id\":\"https:\\\/\\\/premiumline-cabling.com\\\/#organization\"},\"potentialAction\":[{\"@type\":\"SearchAction\",\"target\":{\"@type\":\"EntryPoint\",\"urlTemplate\":\"https:\\\/\\\/premiumline-cabling.com\\\/?s={search_term_string}\"},\"query-input\":{\"@type\":\"PropertyValueSpecification\",\"valueRequired\":true,\"valueName\":\"search_term_string\"}}],\"inLanguage\":\"de\"},{\"@type\":\"Organization\",\"@id\":\"https:\\\/\\\/premiumline-cabling.com\\\/#organization\",\"name\":\"Premium-Line\",\"url\":\"https:\\\/\\\/premiumline-cabling.com\\\/\",\"logo\":{\"@type\":\"ImageObject\",\"inLanguage\":\"de\",\"@id\":\"https:\\\/\\\/premiumline-cabling.com\\\/#\\\/schema\\\/logo\\\/image\\\/\",\"url\":\"https:\\\/\\\/premiumline-cabling.com\\\/wp-content\\\/uploads\\\/2019\\\/04\\\/cropped-img_logo_site_Premium-Line.png\",\"contentUrl\":\"https:\\\/\\\/premiumline-cabling.com\\\/wp-content\\\/uploads\\\/2019\\\/04\\\/cropped-img_logo_site_Premium-Line.png\",\"width\":190,\"height\":62,\"caption\":\"Premium-Line\"},\"image\":{\"@id\":\"https:\\\/\\\/premiumline-cabling.com\\\/#\\\/schema\\\/logo\\\/image\\\/\"}}]}<\/script>\n<!-- \/ Yoast SEO plugin. -->","yoast_head_json":{"title":"Werden Sie unser Partner - Premium-Line","robots":{"index":"index","follow":"follow","max-snippet":"max-snippet:-1","max-image-preview":"max-image-preview:large","max-video-preview":"max-video-preview:-1"},"canonical":"https:\/\/premiumline-cabling.com\/de\/become-a-partner\/","og_locale":"de_DE","og_type":"article","og_title":"Werden Sie unser Partner - Premium-Line","og_description":"Als Partner der Premium-Line Systems GmbH haben Sie Zugriff auf unser gesamtes Portfolio und k\u00f6nnen die Vorteile einer zertifizierten Komplettl\u00f6sung gezielt nutzen. Wir unterst\u00fctzen Sie in allen Projektphasen und unsere...","og_url":"https:\/\/premiumline-cabling.com\/de\/become-a-partner\/","og_site_name":"Premium-Line","article_modified_time":"2019-08-01T08:16:04+00:00","twitter_card":"summary_large_image","schema":{"@context":"https:\/\/schema.org","@graph":[{"@type":"WebPage","@id":"https:\/\/premiumline-cabling.com\/de\/become-a-partner\/","url":"https:\/\/premiumline-cabling.com\/de\/become-a-partner\/","name":"Werden Sie unser Partner - Premium-Line","isPartOf":{"@id":"https:\/\/premiumline-cabling.com\/#website"},"datePublished":"2019-02-25T09:16:23+00:00","dateModified":"2019-08-01T08:16:04+00:00","breadcrumb":{"@id":"https:\/\/premiumline-cabling.com\/de\/become-a-partner\/#breadcrumb"},"inLanguage":"de","potentialAction":[{"@type":"ReadAction","target":["https:\/\/premiumline-cabling.com\/de\/become-a-partner\/"]}]},{"@type":"BreadcrumbList","@id":"https:\/\/premiumline-cabling.com\/de\/become-a-partner\/#breadcrumb","itemListElement":[{"@type":"ListItem","position":1,"name":"\u0413\u043b\u0430\u0432\u043d\u0430\u044f \u0441\u0442\u0440\u0430\u043d\u0438\u0446\u0430","item":"https:\/\/premiumline-cabling.com\/de\/"},{"@type":"ListItem","position":2,"name":"Werden Sie unser Partner"}]},{"@type":"WebSite","@id":"https:\/\/premiumline-cabling.com\/#website","url":"https:\/\/premiumline-cabling.com\/","name":"Premium-Line","description":"Structured Cabling System","publisher":{"@id":"https:\/\/premiumline-cabling.com\/#organization"},"potentialAction":[{"@type":"SearchAction","target":{"@type":"EntryPoint","urlTemplate":"https:\/\/premiumline-cabling.com\/?s={search_term_string}"},"query-input":{"@type":"PropertyValueSpecification","valueRequired":true,"valueName":"search_term_string"}}],"inLanguage":"de"},{"@type":"Organization","@id":"https:\/\/premiumline-cabling.com\/#organization","name":"Premium-Line","url":"https:\/\/premiumline-cabling.com\/","logo":{"@type":"ImageObject","inLanguage":"de","@id":"https:\/\/premiumline-cabling.com\/#\/schema\/logo\/image\/","url":"https:\/\/premiumline-cabling.com\/wp-content\/uploads\/2019\/04\/cropped-img_logo_site_Premium-Line.png","contentUrl":"https:\/\/premiumline-cabling.com\/wp-content\/uploads\/2019\/04\/cropped-img_logo_site_Premium-Line.png","width":190,"height":62,"caption":"Premium-Line"},"image":{"@id":"https:\/\/premiumline-cabling.com\/#\/schema\/logo\/image\/"}}]}},"_links":{"self":[{"href":"https:\/\/premiumline-cabling.com\/de\/wp-json\/wp\/v2\/pages\/1457","targetHints":{"allow":["GET"]}}],"collection":[{"href":"https:\/\/premiumline-cabling.com\/de\/wp-json\/wp\/v2\/pages"}],"about":[{"href":"https:\/\/premiumline-cabling.com\/de\/wp-json\/wp\/v2\/types\/page"}],"author":[{"embeddable":true,"href":"https:\/\/premiumline-cabling.com\/de\/wp-json\/wp\/v2\/users\/1"}],"replies":[{"embeddable":true,"href":"https:\/\/premiumline-cabling.com\/de\/wp-json\/wp\/v2\/comments?post=1457"}],"version-history":[{"count":3,"href":"https:\/\/premiumline-cabling.com\/de\/wp-json\/wp\/v2\/pages\/1457\/revisions"}],"predecessor-version":[{"id":2803,"href":"https:\/\/premiumline-cabling.com\/de\/wp-json\/wp\/v2\/pages\/1457\/revisions\/2803"}],"wp:attachment":[{"href":"https:\/\/premiumline-cabling.com\/de\/wp-json\/wp\/v2\/media?parent=1457"}],"curies":[{"name":"wp","href":"https:\/\/api.w.org\/{rel}","templated":true}]}}